{"id":15585,"date":"2024-11-21T08:27:53","date_gmt":"2024-11-21T08:27:53","guid":{"rendered":"https:\/\/staging.bioswing.ee\/toode\/bioswing-propriomed-100\/"},"modified":"2024-11-28T12:15:22","modified_gmt":"2024-11-28T12:15:22","slug":"bioswing-propriomed-100","status":"publish","type":"product","link":"https:\/\/staging.bioswing.ee\/fr\/toode\/bioswing-propriomed-100\/","title":{"rendered":"BIOSWING\u00ae Propriomed\u00ae 100"},"content":{"rendered":"","protected":false},"excerpt":{"rendered":"<p>Le <strong>BIOSWING Propriomed<sup>\u00ae<\/sup> 100 <\/strong>(gris) est le b\u00e2ton oscillant sp\u00e9cial de 100 cm con\u00e7u pour la r\u00e9\u00e9ducation de la main, du coude, de l\u2019\u00e9paule, de la colonne cervicale et des enfants. Le b\u00e2ton l\u00e9ger, con\u00e7u pour de faibles amplitudes d\u2019oscillation, dispose d\u2019un spectre de fr\u00e9quences de 4,8 \u00e0 6,0 Hz, avec un r\u00e9gulateur de fr\u00e9quence de chaque c\u00f4t\u00e9 et trois fils \u00e0 ressort torsad\u00e9s pour un amortissement respectueux des articulations. <\/p>\n<ul>\n<li>Poign\u00e9e: Aluminium noir<\/li>\n<li>Fils oscillants: Argent, acier \u00e0 ressort raffin\u00e9 plusieurs fois<\/li>\n<li>Longueur du fil oscillant: 100 cm<\/li>\n<li>Embouts\/R\u00e9gulateur de fr\u00e9quence: Noir PU<\/li>\n<li>Livr\u00e9 dans un tube de protection vissable avec instructions<\/li>\n<\/ul>\n","protected":false},"featured_media":14320,"template":"","meta":[],"product_brand":[],"product_cat":[841],"product_tag":[],"class_list":{"0":"post-15585","1":"product","2":"type-product","3":"status-publish","4":"has-post-thumbnail","6":"product_cat-propriomed-fr","8":"first","9":"instock","10":"taxable","11":"shipping-taxable","12":"purchasable","13":"product-type-simple"},"yoast_head":"<!-- This site is optimized with the Yoast SEO plugin v27.1.1 - https:\/\/yoast.com\/product\/yoast-seo-wordpress\/ -->\n<title>BIOSWING\u00ae Propriomed\u00ae 100 - BIOSWING<\/title>\n<meta name=\"robots\" content=\"noindex, follow, max-snippet:-1, max-image-preview:large, max-video-preview:-1\" \/>\n<meta property=\"og:locale\" content=\"fr_FR\" \/>\n<meta property=\"og:type\" content=\"article\" \/>\n<meta property=\"og:title\" content=\"BIOSWING\u00ae Propriomed\u00ae 100 - BIOSWING\" \/>\n<meta property=\"og:description\" content=\"Le BIOSWING Propriomed\u00ae 100 (gris) est le b\u00e2ton oscillant sp\u00e9cial de 100 cm con\u00e7u pour la r\u00e9\u00e9ducation de la main, du coude, de l\u2019\u00e9paule, de la colonne cervicale et des enfants. Le b\u00e2ton l\u00e9ger, con\u00e7u pour de faibles amplitudes d\u2019oscillation, dispose d\u2019un spectre de fr\u00e9quences de 4,8 \u00e0 6,0 Hz, avec un r\u00e9gulateur de fr\u00e9quence de chaque c\u00f4t\u00e9 et trois fils \u00e0 ressort torsad\u00e9s pour un amortissement respectueux des articulations.   Poign\u00e9e: Aluminium noir  Fils oscillants: Argent, acier \u00e0 ressort raffin\u00e9 plusieurs fois  Longueur du fil oscillant: 100 cm  Embouts\/R\u00e9gulateur de fr\u00e9quence: Noir PU  Livr\u00e9 dans un tube de protection vissable avec instructions\" \/>\n<meta property=\"og:url\" content=\"https:\/\/staging.bioswing.ee\/fr\/toode\/bioswing-propriomed-100\/\" \/>\n<meta property=\"og:site_name\" content=\"BIOSWING\" \/>\n<meta property=\"article:modified_time\" content=\"2024-11-28T12:15:22+00:00\" \/>\n<meta property=\"og:image\" content=\"https:\/\/bioswing.ee\/wp-content\/uploads\/2024\/11\/propriomed100.jpg\" \/>\n\t<meta property=\"og:image:width\" content=\"1500\" \/>\n\t<meta property=\"og:image:height\" content=\"2000\" \/>\n\t<meta property=\"og:image:type\" content=\"image\/jpeg\" \/>\n<meta name=\"twitter:card\" content=\"summary_large_image\" \/>\n<script type=\"application\/ld+json\" class=\"yoast-schema-graph\">{\"@context\":\"https:\/\/schema.org\",\"@graph\":[{\"@type\":\"WebPage\",\"@id\":\"https:\/\/staging.bioswing.ee\/fr\/toode\/bioswing-propriomed-100\/\",\"url\":\"https:\/\/staging.bioswing.ee\/fr\/toode\/bioswing-propriomed-100\/\",\"name\":\"BIOSWING\u00ae Propriomed\u00ae 100 - BIOSWING\",\"isPartOf\":{\"@id\":\"https:\/\/staging.bioswing.ee\/fr\/#website\"},\"primaryImageOfPage\":{\"@id\":\"https:\/\/staging.bioswing.ee\/fr\/toode\/bioswing-propriomed-100\/#primaryimage\"},\"image\":{\"@id\":\"https:\/\/staging.bioswing.ee\/fr\/toode\/bioswing-propriomed-100\/#primaryimage\"},\"thumbnailUrl\":\"https:\/\/staging.bioswing.ee\/wp-content\/uploads\/2024\/11\/propriomed100.jpg\",\"datePublished\":\"2024-11-21T08:27:53+00:00\",\"dateModified\":\"2024-11-28T12:15:22+00:00\",\"breadcrumb\":{\"@id\":\"https:\/\/staging.bioswing.ee\/fr\/toode\/bioswing-propriomed-100\/#breadcrumb\"},\"inLanguage\":\"fr-FR\",\"potentialAction\":[{\"@type\":\"ReadAction\",\"target\":[\"https:\/\/staging.bioswing.ee\/fr\/toode\/bioswing-propriomed-100\/\"]}]},{\"@type\":\"ImageObject\",\"inLanguage\":\"fr-FR\",\"@id\":\"https:\/\/staging.bioswing.ee\/fr\/toode\/bioswing-propriomed-100\/#primaryimage\",\"url\":\"https:\/\/staging.bioswing.ee\/wp-content\/uploads\/2024\/11\/propriomed100.jpg\",\"contentUrl\":\"https:\/\/staging.bioswing.ee\/wp-content\/uploads\/2024\/11\/propriomed100.jpg\",\"width\":1500,\"height\":2000,\"caption\":\"BIOSWING\u00ae Propriomed\u00ae 100\"},{\"@type\":\"BreadcrumbList\",\"@id\":\"https:\/\/staging.bioswing.ee\/fr\/toode\/bioswing-propriomed-100\/#breadcrumb\",\"itemListElement\":[{\"@type\":\"ListItem\",\"position\":1,\"name\":\"Home\",\"item\":\"https:\/\/bioswing.ee\/fr\/\"},{\"@type\":\"ListItem\",\"position\":2,\"name\":\"BOUTIQUE\",\"item\":\"https:\/\/bioswing.ee\/fr\/shop\/\"},{\"@type\":\"ListItem\",\"position\":3,\"name\":\"BIOSWING\u00ae Propriomed\u00ae 100\"}]},{\"@type\":\"WebSite\",\"@id\":\"https:\/\/staging.bioswing.ee\/fr\/#website\",\"url\":\"https:\/\/staging.bioswing.ee\/fr\/\",\"name\":\"BIOSWING\",\"description\":\"Smart solutions for healthy sitting\",\"publisher\":{\"@id\":\"https:\/\/staging.bioswing.ee\/fr\/#organization\"},\"potentialAction\":[{\"@type\":\"SearchAction\",\"target\":{\"@type\":\"EntryPoint\",\"urlTemplate\":\"https:\/\/staging.bioswing.ee\/fr\/?s={search_term_string}\"},\"query-input\":{\"@type\":\"PropertyValueSpecification\",\"valueRequired\":true,\"valueName\":\"search_term_string\"}}],\"inLanguage\":\"fr-FR\"},{\"@type\":\"Organization\",\"@id\":\"https:\/\/staging.bioswing.ee\/fr\/#organization\",\"name\":\"BIOSWING\",\"url\":\"https:\/\/staging.bioswing.ee\/fr\/\",\"logo\":{\"@type\":\"ImageObject\",\"inLanguage\":\"fr-FR\",\"@id\":\"https:\/\/staging.bioswing.ee\/fr\/#\/schema\/logo\/image\/\",\"url\":\"https:\/\/staging.bioswing.ee\/wp-content\/uploads\/2023\/04\/logo_web.png\",\"contentUrl\":\"https:\/\/staging.bioswing.ee\/wp-content\/uploads\/2023\/04\/logo_web.png\",\"width\":140,\"height\":122,\"caption\":\"BIOSWING\"},\"image\":{\"@id\":\"https:\/\/staging.bioswing.ee\/fr\/#\/schema\/logo\/image\/\"}}]}<\/script>\n<!-- \/ Yoast SEO plugin. -->","yoast_head_json":{"title":"BIOSWING\u00ae Propriomed\u00ae 100 - BIOSWING","robots":{"index":"noindex","follow":"follow","max-snippet":"max-snippet:-1","max-image-preview":"max-image-preview:large","max-video-preview":"max-video-preview:-1"},"og_locale":"fr_FR","og_type":"article","og_title":"BIOSWING\u00ae Propriomed\u00ae 100 - BIOSWING","og_description":"Le BIOSWING Propriomed\u00ae 100 (gris) est le b\u00e2ton oscillant sp\u00e9cial de 100 cm con\u00e7u pour la r\u00e9\u00e9ducation de la main, du coude, de l\u2019\u00e9paule, de la colonne cervicale et des enfants. Le b\u00e2ton l\u00e9ger, con\u00e7u pour de faibles amplitudes d\u2019oscillation, dispose d\u2019un spectre de fr\u00e9quences de 4,8 \u00e0 6,0 Hz, avec un r\u00e9gulateur de fr\u00e9quence de chaque c\u00f4t\u00e9 et trois fils \u00e0 ressort torsad\u00e9s pour un amortissement respectueux des articulations.   Poign\u00e9e: Aluminium noir  Fils oscillants: Argent, acier \u00e0 ressort raffin\u00e9 plusieurs fois  Longueur du fil oscillant: 100 cm  Embouts\/R\u00e9gulateur de fr\u00e9quence: Noir PU  Livr\u00e9 dans un tube de protection vissable avec instructions","og_url":"https:\/\/staging.bioswing.ee\/fr\/toode\/bioswing-propriomed-100\/","og_site_name":"BIOSWING","article_modified_time":"2024-11-28T12:15:22+00:00","og_image":[{"width":1500,"height":2000,"url":"https:\/\/bioswing.ee\/wp-content\/uploads\/2024\/11\/propriomed100.jpg","type":"image\/jpeg"}],"twitter_card":"summary_large_image","schema":{"@context":"https:\/\/schema.org","@graph":[{"@type":"WebPage","@id":"https:\/\/staging.bioswing.ee\/fr\/toode\/bioswing-propriomed-100\/","url":"https:\/\/staging.bioswing.ee\/fr\/toode\/bioswing-propriomed-100\/","name":"BIOSWING\u00ae Propriomed\u00ae 100 - BIOSWING","isPartOf":{"@id":"https:\/\/staging.bioswing.ee\/fr\/#website"},"primaryImageOfPage":{"@id":"https:\/\/staging.bioswing.ee\/fr\/toode\/bioswing-propriomed-100\/#primaryimage"},"image":{"@id":"https:\/\/staging.bioswing.ee\/fr\/toode\/bioswing-propriomed-100\/#primaryimage"},"thumbnailUrl":"https:\/\/staging.bioswing.ee\/wp-content\/uploads\/2024\/11\/propriomed100.jpg","datePublished":"2024-11-21T08:27:53+00:00","dateModified":"2024-11-28T12:15:22+00:00","breadcrumb":{"@id":"https:\/\/staging.bioswing.ee\/fr\/toode\/bioswing-propriomed-100\/#breadcrumb"},"inLanguage":"fr-FR","potentialAction":[{"@type":"ReadAction","target":["https:\/\/staging.bioswing.ee\/fr\/toode\/bioswing-propriomed-100\/"]}]},{"@type":"ImageObject","inLanguage":"fr-FR","@id":"https:\/\/staging.bioswing.ee\/fr\/toode\/bioswing-propriomed-100\/#primaryimage","url":"https:\/\/staging.bioswing.ee\/wp-content\/uploads\/2024\/11\/propriomed100.jpg","contentUrl":"https:\/\/staging.bioswing.ee\/wp-content\/uploads\/2024\/11\/propriomed100.jpg","width":1500,"height":2000,"caption":"BIOSWING\u00ae Propriomed\u00ae 100"},{"@type":"BreadcrumbList","@id":"https:\/\/staging.bioswing.ee\/fr\/toode\/bioswing-propriomed-100\/#breadcrumb","itemListElement":[{"@type":"ListItem","position":1,"name":"Home","item":"https:\/\/bioswing.ee\/fr\/"},{"@type":"ListItem","position":2,"name":"BOUTIQUE","item":"https:\/\/bioswing.ee\/fr\/shop\/"},{"@type":"ListItem","position":3,"name":"BIOSWING\u00ae Propriomed\u00ae 100"}]},{"@type":"WebSite","@id":"https:\/\/staging.bioswing.ee\/fr\/#website","url":"https:\/\/staging.bioswing.ee\/fr\/","name":"BIOSWING","description":"Smart solutions for healthy sitting","publisher":{"@id":"https:\/\/staging.bioswing.ee\/fr\/#organization"},"potentialAction":[{"@type":"SearchAction","target":{"@type":"EntryPoint","urlTemplate":"https:\/\/staging.bioswing.ee\/fr\/?s={search_term_string}"},"query-input":{"@type":"PropertyValueSpecification","valueRequired":true,"valueName":"search_term_string"}}],"inLanguage":"fr-FR"},{"@type":"Organization","@id":"https:\/\/staging.bioswing.ee\/fr\/#organization","name":"BIOSWING","url":"https:\/\/staging.bioswing.ee\/fr\/","logo":{"@type":"ImageObject","inLanguage":"fr-FR","@id":"https:\/\/staging.bioswing.ee\/fr\/#\/schema\/logo\/image\/","url":"https:\/\/staging.bioswing.ee\/wp-content\/uploads\/2023\/04\/logo_web.png","contentUrl":"https:\/\/staging.bioswing.ee\/wp-content\/uploads\/2023\/04\/logo_web.png","width":140,"height":122,"caption":"BIOSWING"},"image":{"@id":"https:\/\/staging.bioswing.ee\/fr\/#\/schema\/logo\/image\/"}}]}},"_links":{"self":[{"href":"https:\/\/staging.bioswing.ee\/fr\/wp-json\/wp\/v2\/product\/15585","targetHints":{"allow":["GET"]}}],"collection":[{"href":"https:\/\/staging.bioswing.ee\/fr\/wp-json\/wp\/v2\/product"}],"about":[{"href":"https:\/\/staging.bioswing.ee\/fr\/wp-json\/wp\/v2\/types\/product"}],"wp:featuredmedia":[{"embeddable":true,"href":"https:\/\/staging.bioswing.ee\/fr\/wp-json\/wp\/v2\/media\/14320"}],"wp:attachment":[{"href":"https:\/\/staging.bioswing.ee\/fr\/wp-json\/wp\/v2\/media?parent=15585"}],"wp:term":[{"taxonomy":"product_brand","embeddable":true,"href":"https:\/\/staging.bioswing.ee\/fr\/wp-json\/wp\/v2\/product_brand?post=15585"},{"taxonomy":"product_cat","embeddable":true,"href":"https:\/\/staging.bioswing.ee\/fr\/wp-json\/wp\/v2\/product_cat?post=15585"},{"taxonomy":"product_tag","embeddable":true,"href":"https:\/\/staging.bioswing.ee\/fr\/wp-json\/wp\/v2\/product_tag?post=15585"}],"curies":[{"name":"wp","href":"https:\/\/api.w.org\/{rel}","templated":true}]}}