{"id":18901,"date":"2024-12-02T09:13:45","date_gmt":"2024-12-02T09:13:45","guid":{"rendered":"https:\/\/staging.bioswing.ee\/toode\/bioswing-golf-performer-3-0\/"},"modified":"2024-12-05T10:10:49","modified_gmt":"2024-12-05T10:10:49","slug":"bioswing-golf-performer-3-0","status":"publish","type":"product","link":"https:\/\/staging.bioswing.ee\/fr\/toode\/bioswing-golf-performer-3-0\/","title":{"rendered":"BIOSWING\u00ae Golf Performer 3.0"},"content":{"rendered":"<div><iframe title=\"YouTube video player\" src=\"https:\/\/www.youtube.com\/embed\/VqFnX6sJnwY?si=Bfao19Eqq8l6ZFmY\" width=\"100%\" height=\"500\" frameborder=\"0\" allowfullscreen=\"allowfullscreen\"><\/iframe><\/div>\n<p><strong>Le m\u00e9canisme oscillant<\/strong><br \/>est le c\u0153ur du Golfperformer\u00ae de BIOSWING. Celui-ci repose de mani\u00e8re dynamique sur la surface debout et dispose de deux circuits oscillants commutables individuellement et d\u2019un circuit interm\u00e9diaire. Les circuits oscillants peuvent \u00e9galement \u00eatre compl\u00e8tement verrouill\u00e9s.<\/p>\n<p><strong>La surface debout<\/strong><br \/>du Golfperformer\u00ae de BIOSWING est recouverte d\u2019un tapis de golf de haute qualit\u00e9 en gazon artificiel de nylon. Il peut \u00eatre utilis\u00e9 avec toutes les chaussures de golf habituelles \u00e0 crampons souples et en plastique. L\u2019angle d\u2019inclinaison de la plateforme peut \u00eatre r\u00e9gl\u00e9 en deux \u00e9tapes jusqu\u2019\u00e0 7,5 \u00b0 dans les quatre axes directionnels afin de permettre un entra\u00eenement optimal de la position en pente aussi bien avec la plateforme fixe qu\u2019avec la plateforme qui oscille librement.<\/p>\n<p><strong>La base de d\u00e9part<\/strong><br \/>est \u00e9quip\u00e9e d\u2019un tapis de fairway de haute qualit\u00e9 qui, en cas de coups gras, freine le club sans augmenter ses vibrations. 5 supports pour tees \u00e0 vis sont encastr\u00e9s dans le tapis. La hauteur de la base de d\u00e9part est r\u00e9glable en continu. Une sous-\u00e9l\u00e9vation et une sur\u00e9l\u00e9vation sont possibles. La distance par rapport \u00e0 la base de d\u00e9part est \u00e9galement r\u00e9glable. Ainsi, les joueurs tr\u00e8s petits ou tr\u00e8s grands peuvent trouver leur configuration optimale, m\u00eame avec des fers courts ou des drivers longs. Le grand panier \u00e0 balles est coupl\u00e9 directement au tapis de fairway et permet de tirer la balle vers le haut avec le club. A c\u00f4t\u00e9 du panier \u00e0 balles se trouve un support pour ranger jusqu\u2019\u00e0 quatre tees.<\/p>\n<p><strong>La sous-construction<\/strong><br \/>supporte le Golfperformer\u00ae de BIOSWING et dispose de pneus \u00e0 air. Cela permet de d\u00e9placer le Golfperformer par la poign\u00e9e fixe dans la driving range.<br \/>Les deux pieds r\u00e9glables derri\u00e8re les pneus permettent \u00e9galement de ranger le Golfperformer \u00e0 la verticale contre un mur.           <\/p>\n","protected":false},"excerpt":{"rendered":"<p>Le Golfperformer\u00ae de BIOSWING est le dispositif d\u2019entra\u00eenement sensori-moteur qui permet d\u2019entra\u00eener des mouvements sp\u00e9cifiques du golf, qu\u2019ils soient longs ou courts, y compris sur des pentes avec un apport sensoriel accru.<br \/>Le Golfperformer est bas\u00e9 sur le Posturomed\u00ae de BIOSWING. Le Posturomed\u00ae de BIOSWING a \u00e9t\u00e9 commercialis\u00e9 en 1995. C\u2019est le premier et jusqu\u2019\u00e0 pr\u00e9sent le seul appareil de th\u00e9rapie sensori-motrice \u00e0 oscillations instables et amorties. Son d\u00e9veloppement a d\u00e9but\u00e9 \u00e0 la fin des ann\u00e9es 1980 en \u00e9troite collaboration entre le fondateur de l\u2019entreprise, Eduard Haider, et des kin\u00e9sith\u00e9rapeutes et sp\u00e9cialistes, aussi bien praticiens que scientifiques.   <\/p>\n","protected":false},"featured_media":18847,"template":"","meta":[],"product_brand":[],"product_cat":[926],"product_tag":[],"class_list":{"0":"post-18901","1":"product","2":"type-product","3":"status-publish","4":"has-post-thumbnail","6":"product_cat-golf-performer-fr","8":"first","9":"instock","10":"taxable","11":"shipping-taxable","12":"purchasable","13":"product-type-simple"},"yoast_head":"<!-- This site is optimized with the Yoast SEO plugin v27.1.1 - https:\/\/yoast.com\/product\/yoast-seo-wordpress\/ -->\n<title>BIOSWING\u00ae Golf Performer 3.0 - BIOSWING<\/title>\n<meta name=\"robots\" content=\"noindex, follow, max-snippet:-1, max-image-preview:large, max-video-preview:-1\" \/>\n<meta property=\"og:locale\" content=\"fr_FR\" \/>\n<meta property=\"og:type\" content=\"article\" \/>\n<meta property=\"og:title\" content=\"BIOSWING\u00ae Golf Performer 3.0 - BIOSWING\" \/>\n<meta property=\"og:description\" content=\"Le Golfperformer\u00ae de BIOSWING est le dispositif d\u2019entra\u00eenement sensori-moteur qui permet d\u2019entra\u00eener des mouvements sp\u00e9cifiques du golf, qu\u2019ils soient longs ou courts, y compris sur des pentes avec un apport sensoriel accru.Le Golfperformer est bas\u00e9 sur le Posturomed\u00ae de BIOSWING. Le Posturomed\u00ae de BIOSWING a \u00e9t\u00e9 commercialis\u00e9 en 1995. C\u2019est le premier et jusqu\u2019\u00e0 pr\u00e9sent le seul appareil de th\u00e9rapie sensori-motrice \u00e0 oscillations instables et amorties. Son d\u00e9veloppement a d\u00e9but\u00e9 \u00e0 la fin des ann\u00e9es 1980 en \u00e9troite collaboration entre le fondateur de l\u2019entreprise, Eduard Haider, et des kin\u00e9sith\u00e9rapeutes et sp\u00e9cialistes, aussi bien praticiens que scientifiques.\" \/>\n<meta property=\"og:url\" content=\"https:\/\/staging.bioswing.ee\/fr\/toode\/bioswing-golf-performer-3-0\/\" \/>\n<meta property=\"og:site_name\" content=\"BIOSWING\" \/>\n<meta property=\"article:modified_time\" content=\"2024-12-05T10:10:49+00:00\" \/>\n<meta property=\"og:image\" content=\"https:\/\/bioswing.ee\/wp-content\/uploads\/2024\/12\/jon_taylor_perfomer_bearbeitet.jpg\" \/>\n\t<meta property=\"og:image:width\" content=\"1500\" \/>\n\t<meta property=\"og:image:height\" content=\"2000\" \/>\n\t<meta property=\"og:image:type\" content=\"image\/jpeg\" \/>\n<meta name=\"twitter:card\" content=\"summary_large_image\" \/>\n<meta name=\"twitter:label1\" content=\"Dur\u00e9e de lecture estim\u00e9e\" \/>\n\t<meta name=\"twitter:data1\" content=\"2 minutes\" \/>\n<script type=\"application\/ld+json\" class=\"yoast-schema-graph\">{\"@context\":\"https:\/\/schema.org\",\"@graph\":[{\"@type\":\"WebPage\",\"@id\":\"https:\/\/staging.bioswing.ee\/fr\/toode\/bioswing-golf-performer-3-0\/\",\"url\":\"https:\/\/staging.bioswing.ee\/fr\/toode\/bioswing-golf-performer-3-0\/\",\"name\":\"BIOSWING\u00ae Golf Performer 3.0 - BIOSWING\",\"isPartOf\":{\"@id\":\"https:\/\/staging.bioswing.ee\/fr\/#website\"},\"primaryImageOfPage\":{\"@id\":\"https:\/\/staging.bioswing.ee\/fr\/toode\/bioswing-golf-performer-3-0\/#primaryimage\"},\"image\":{\"@id\":\"https:\/\/staging.bioswing.ee\/fr\/toode\/bioswing-golf-performer-3-0\/#primaryimage\"},\"thumbnailUrl\":\"https:\/\/staging.bioswing.ee\/wp-content\/uploads\/2024\/12\/jon_taylor_perfomer_bearbeitet.jpg\",\"datePublished\":\"2024-12-02T09:13:45+00:00\",\"dateModified\":\"2024-12-05T10:10:49+00:00\",\"breadcrumb\":{\"@id\":\"https:\/\/staging.bioswing.ee\/fr\/toode\/bioswing-golf-performer-3-0\/#breadcrumb\"},\"inLanguage\":\"fr-FR\",\"potentialAction\":[{\"@type\":\"ReadAction\",\"target\":[\"https:\/\/staging.bioswing.ee\/fr\/toode\/bioswing-golf-performer-3-0\/\"]}]},{\"@type\":\"ImageObject\",\"inLanguage\":\"fr-FR\",\"@id\":\"https:\/\/staging.bioswing.ee\/fr\/toode\/bioswing-golf-performer-3-0\/#primaryimage\",\"url\":\"https:\/\/staging.bioswing.ee\/wp-content\/uploads\/2024\/12\/jon_taylor_perfomer_bearbeitet.jpg\",\"contentUrl\":\"https:\/\/staging.bioswing.ee\/wp-content\/uploads\/2024\/12\/jon_taylor_perfomer_bearbeitet.jpg\",\"width\":1500,\"height\":2000,\"caption\":\"BIOSWING\u00ae Golf Performer\"},{\"@type\":\"BreadcrumbList\",\"@id\":\"https:\/\/staging.bioswing.ee\/fr\/toode\/bioswing-golf-performer-3-0\/#breadcrumb\",\"itemListElement\":[{\"@type\":\"ListItem\",\"position\":1,\"name\":\"Home\",\"item\":\"https:\/\/bioswing.ee\/fr\/\"},{\"@type\":\"ListItem\",\"position\":2,\"name\":\"BOUTIQUE\",\"item\":\"https:\/\/bioswing.ee\/fr\/shop\/\"},{\"@type\":\"ListItem\",\"position\":3,\"name\":\"BIOSWING\u00ae Golf Performer 3.0\"}]},{\"@type\":\"WebSite\",\"@id\":\"https:\/\/staging.bioswing.ee\/fr\/#website\",\"url\":\"https:\/\/staging.bioswing.ee\/fr\/\",\"name\":\"BIOSWING\",\"description\":\"Smart solutions for healthy sitting\",\"publisher\":{\"@id\":\"https:\/\/staging.bioswing.ee\/fr\/#organization\"},\"potentialAction\":[{\"@type\":\"SearchAction\",\"target\":{\"@type\":\"EntryPoint\",\"urlTemplate\":\"https:\/\/staging.bioswing.ee\/fr\/?s={search_term_string}\"},\"query-input\":{\"@type\":\"PropertyValueSpecification\",\"valueRequired\":true,\"valueName\":\"search_term_string\"}}],\"inLanguage\":\"fr-FR\"},{\"@type\":\"Organization\",\"@id\":\"https:\/\/staging.bioswing.ee\/fr\/#organization\",\"name\":\"BIOSWING\",\"url\":\"https:\/\/staging.bioswing.ee\/fr\/\",\"logo\":{\"@type\":\"ImageObject\",\"inLanguage\":\"fr-FR\",\"@id\":\"https:\/\/staging.bioswing.ee\/fr\/#\/schema\/logo\/image\/\",\"url\":\"https:\/\/staging.bioswing.ee\/wp-content\/uploads\/2023\/04\/logo_web.png\",\"contentUrl\":\"https:\/\/staging.bioswing.ee\/wp-content\/uploads\/2023\/04\/logo_web.png\",\"width\":140,\"height\":122,\"caption\":\"BIOSWING\"},\"image\":{\"@id\":\"https:\/\/staging.bioswing.ee\/fr\/#\/schema\/logo\/image\/\"}}]}<\/script>\n<!-- \/ Yoast SEO plugin. -->","yoast_head_json":{"title":"BIOSWING\u00ae Golf Performer 3.0 - BIOSWING","robots":{"index":"noindex","follow":"follow","max-snippet":"max-snippet:-1","max-image-preview":"max-image-preview:large","max-video-preview":"max-video-preview:-1"},"og_locale":"fr_FR","og_type":"article","og_title":"BIOSWING\u00ae Golf Performer 3.0 - BIOSWING","og_description":"Le Golfperformer\u00ae de BIOSWING est le dispositif d\u2019entra\u00eenement sensori-moteur qui permet d\u2019entra\u00eener des mouvements sp\u00e9cifiques du golf, qu\u2019ils soient longs ou courts, y compris sur des pentes avec un apport sensoriel accru.Le Golfperformer est bas\u00e9 sur le Posturomed\u00ae de BIOSWING. Le Posturomed\u00ae de BIOSWING a \u00e9t\u00e9 commercialis\u00e9 en 1995. C\u2019est le premier et jusqu\u2019\u00e0 pr\u00e9sent le seul appareil de th\u00e9rapie sensori-motrice \u00e0 oscillations instables et amorties. Son d\u00e9veloppement a d\u00e9but\u00e9 \u00e0 la fin des ann\u00e9es 1980 en \u00e9troite collaboration entre le fondateur de l\u2019entreprise, Eduard Haider, et des kin\u00e9sith\u00e9rapeutes et sp\u00e9cialistes, aussi bien praticiens que scientifiques.","og_url":"https:\/\/staging.bioswing.ee\/fr\/toode\/bioswing-golf-performer-3-0\/","og_site_name":"BIOSWING","article_modified_time":"2024-12-05T10:10:49+00:00","og_image":[{"width":1500,"height":2000,"url":"https:\/\/bioswing.ee\/wp-content\/uploads\/2024\/12\/jon_taylor_perfomer_bearbeitet.jpg","type":"image\/jpeg"}],"twitter_card":"summary_large_image","twitter_misc":{"Dur\u00e9e de lecture estim\u00e9e":"2 minutes"},"schema":{"@context":"https:\/\/schema.org","@graph":[{"@type":"WebPage","@id":"https:\/\/staging.bioswing.ee\/fr\/toode\/bioswing-golf-performer-3-0\/","url":"https:\/\/staging.bioswing.ee\/fr\/toode\/bioswing-golf-performer-3-0\/","name":"BIOSWING\u00ae Golf Performer 3.0 - BIOSWING","isPartOf":{"@id":"https:\/\/staging.bioswing.ee\/fr\/#website"},"primaryImageOfPage":{"@id":"https:\/\/staging.bioswing.ee\/fr\/toode\/bioswing-golf-performer-3-0\/#primaryimage"},"image":{"@id":"https:\/\/staging.bioswing.ee\/fr\/toode\/bioswing-golf-performer-3-0\/#primaryimage"},"thumbnailUrl":"https:\/\/staging.bioswing.ee\/wp-content\/uploads\/2024\/12\/jon_taylor_perfomer_bearbeitet.jpg","datePublished":"2024-12-02T09:13:45+00:00","dateModified":"2024-12-05T10:10:49+00:00","breadcrumb":{"@id":"https:\/\/staging.bioswing.ee\/fr\/toode\/bioswing-golf-performer-3-0\/#breadcrumb"},"inLanguage":"fr-FR","potentialAction":[{"@type":"ReadAction","target":["https:\/\/staging.bioswing.ee\/fr\/toode\/bioswing-golf-performer-3-0\/"]}]},{"@type":"ImageObject","inLanguage":"fr-FR","@id":"https:\/\/staging.bioswing.ee\/fr\/toode\/bioswing-golf-performer-3-0\/#primaryimage","url":"https:\/\/staging.bioswing.ee\/wp-content\/uploads\/2024\/12\/jon_taylor_perfomer_bearbeitet.jpg","contentUrl":"https:\/\/staging.bioswing.ee\/wp-content\/uploads\/2024\/12\/jon_taylor_perfomer_bearbeitet.jpg","width":1500,"height":2000,"caption":"BIOSWING\u00ae Golf Performer"},{"@type":"BreadcrumbList","@id":"https:\/\/staging.bioswing.ee\/fr\/toode\/bioswing-golf-performer-3-0\/#breadcrumb","itemListElement":[{"@type":"ListItem","position":1,"name":"Home","item":"https:\/\/bioswing.ee\/fr\/"},{"@type":"ListItem","position":2,"name":"BOUTIQUE","item":"https:\/\/bioswing.ee\/fr\/shop\/"},{"@type":"ListItem","position":3,"name":"BIOSWING\u00ae Golf Performer 3.0"}]},{"@type":"WebSite","@id":"https:\/\/staging.bioswing.ee\/fr\/#website","url":"https:\/\/staging.bioswing.ee\/fr\/","name":"BIOSWING","description":"Smart solutions for healthy sitting","publisher":{"@id":"https:\/\/staging.bioswing.ee\/fr\/#organization"},"potentialAction":[{"@type":"SearchAction","target":{"@type":"EntryPoint","urlTemplate":"https:\/\/staging.bioswing.ee\/fr\/?s={search_term_string}"},"query-input":{"@type":"PropertyValueSpecification","valueRequired":true,"valueName":"search_term_string"}}],"inLanguage":"fr-FR"},{"@type":"Organization","@id":"https:\/\/staging.bioswing.ee\/fr\/#organization","name":"BIOSWING","url":"https:\/\/staging.bioswing.ee\/fr\/","logo":{"@type":"ImageObject","inLanguage":"fr-FR","@id":"https:\/\/staging.bioswing.ee\/fr\/#\/schema\/logo\/image\/","url":"https:\/\/staging.bioswing.ee\/wp-content\/uploads\/2023\/04\/logo_web.png","contentUrl":"https:\/\/staging.bioswing.ee\/wp-content\/uploads\/2023\/04\/logo_web.png","width":140,"height":122,"caption":"BIOSWING"},"image":{"@id":"https:\/\/staging.bioswing.ee\/fr\/#\/schema\/logo\/image\/"}}]}},"_links":{"self":[{"href":"https:\/\/staging.bioswing.ee\/fr\/wp-json\/wp\/v2\/product\/18901","targetHints":{"allow":["GET"]}}],"collection":[{"href":"https:\/\/staging.bioswing.ee\/fr\/wp-json\/wp\/v2\/product"}],"about":[{"href":"https:\/\/staging.bioswing.ee\/fr\/wp-json\/wp\/v2\/types\/product"}],"wp:featuredmedia":[{"embeddable":true,"href":"https:\/\/staging.bioswing.ee\/fr\/wp-json\/wp\/v2\/media\/18847"}],"wp:attachment":[{"href":"https:\/\/staging.bioswing.ee\/fr\/wp-json\/wp\/v2\/media?parent=18901"}],"wp:term":[{"taxonomy":"product_brand","embeddable":true,"href":"https:\/\/staging.bioswing.ee\/fr\/wp-json\/wp\/v2\/product_brand?post=18901"},{"taxonomy":"product_cat","embeddable":true,"href":"https:\/\/staging.bioswing.ee\/fr\/wp-json\/wp\/v2\/product_cat?post=18901"},{"taxonomy":"product_tag","embeddable":true,"href":"https:\/\/staging.bioswing.ee\/fr\/wp-json\/wp\/v2\/product_tag?post=18901"}],"curies":[{"name":"wp","href":"https:\/\/api.w.org\/{rel}","templated":true}]}}