{"id":20029,"date":"2024-12-03T11:34:12","date_gmt":"2024-12-03T11:34:12","guid":{"rendered":"https:\/\/staging.bioswing.ee\/toode\/bioswing-balancecoach-iq\/"},"modified":"2024-12-10T10:59:23","modified_gmt":"2024-12-10T10:59:23","slug":"bioswing-balancecoach-iq","status":"publish","type":"product","link":"https:\/\/staging.bioswing.ee\/fr\/toode\/bioswing-balancecoach-iq\/","title":{"rendered":"BIOSWING BalanceCoach iQ"},"content":{"rendered":"<p>Le syst\u00e8me est livr\u00e9 complet et est facile et rapide \u00e0 installer. La plaque de mesure de r\u00e9partition de la pression est plac\u00e9e sur le Posturomed\u00ae 202, d\u00e9j\u00e0 enti\u00e8rement mont\u00e9, et connect\u00e9e au support.  <strong>Composants :<\/strong><\/p>\n<ul>\n<li>Support<\/li>\n<li>\u00c9cran 32 pouces<\/li>\n<li>Cam\u00e9ra 3D<\/li>\n<li>Ordinateur int\u00e9gr\u00e9 haute performance<\/li>\n<li>Plaque de mesure<\/li>\n<li>Posturomed\u00ae<\/li>\n<\/ul>\n<p> Les r\u00e9sultats des mesures peuvent \u00eatre export\u00e9s via un code QR.<br \/>Gr\u00e2ce \u00e0 l\u2019application<strong> BALANCECOACH iQ<\/strong>, les progr\u00e8s de l\u2019entra\u00eenement peuvent \u00eatre enregistr\u00e9s et document\u00e9s.<br \/>La plaque de mesure de r\u00e9partition de la pression zebris\u00ae est sp\u00e9cialement adapt\u00e9e au Posturomed\u00ae. Elle est clairement divis\u00e9e en une zone centrale d\u2019entra\u00eenement et des zones de navigation \u00e0 droite et \u00e0 gauche.    <strong>Caract\u00e9ristiques techniques :<\/strong><\/p>\n<ul>\n<li><strong>Dimensions :<\/strong> 60 x 60 x 1,6 cm<\/li>\n<li><strong>Nombre de capteurs :<\/strong> 672<\/li>\n<li><strong>Fr\u00e9quence d&rsquo;\u00e9chantillonnage :<\/strong> 100 Hz<\/li>\n<li><strong>Principe de mesure : <\/strong>Capteurs de pression capacitatifs<\/li>\n<li><strong>Connexion :<\/strong> USB<\/li>\n<\/ul>\n<p> Le dispositif d\u2019entra\u00eenement Posturomed\u00ae poss\u00e8de une surface d\u2019entra\u00eenement oscillante dans toutes les directions horizontales, r\u00e9glable sur trois niveaux (fixe et deux amplitudes de balancement).<br \/>La plaque de mesure de r\u00e9partition de la pression est pos\u00e9e sur le Posturomed\u00ae enti\u00e8rement mont\u00e9 et connect\u00e9e au support. Il suffit de s\u2019assurer que le support est orient\u00e9 vers l\u2019avant, \u00e0 une distance de 1,5 m\u00e8tre. Sur le support presque enti\u00e8rement \u00e9quip\u00e9, il ne reste qu\u2019\u00e0 fixer les panneaux et \u00e0 suspendre l\u2019\u00e9cran \u2013 c\u2019est pr\u00eat !<br \/><strong>Espace requis :<\/strong> Environ 2,50 x 1,00 m\u00e8tre   <\/p>\n","protected":false},"excerpt":{"rendered":"<p>Depuis 1995, le BIOSWING Posturomed\u00ae est le garant de vos succ\u00e8s en pr\u00e9vention sensorimotrice et en entra\u00eenement. \u00c0 l\u2019occasion de son 25e anniversaire, nous introduisons un nouveau coach pour accompagner le Posturomed\u00ae : le <strong>BIOSWING BalanceCoach iQ<\/strong> !<br \/><strong>Le BIOSWING BalanceCoach iQ<\/strong> est un syst\u00e8me d\u2019entra\u00eenement intelligent pilot\u00e9 par logiciel, dot\u00e9 d\u2019un entra\u00eeneur virtuel int\u00e9gr\u00e9.<br \/>La qualit\u00e9 des mouvements de l\u2019utilisateur sur le Posturomed\u00ae est surveill\u00e9e par des capteurs de pression sp\u00e9ciaux int\u00e9gr\u00e9s \u00e0 la plaque d\u2019entra\u00eenement, et affich\u00e9e graphiquement en temps r\u00e9el sous forme de \u00ab centre de pression \u00bb (COP). \u00c0 l\u2019aide d\u2019une cam\u00e9ra, l\u2019utilisateur se voit sur l\u2019\u00e9cran plac\u00e9 devant lui et re\u00e7oit un retour visuel imm\u00e9diat sur l\u2019ex\u00e9cution de ses exercices. En outre, l\u2019utilisateur voit son entra\u00eeneur virtuel, qui lui montre les exercices \u00e0 effectuer en temps r\u00e9el. Chaque exercice de coordination est adapt\u00e9 individuellement au niveau de l\u2019utilisateur, garantissant ainsi un d\u00e9fi d\u2019entra\u00eenement optimal.<br \/>Ainsi, le BalanceCoach iQ est le coach de coordination id\u00e9al pour vos centres de sant\u00e9, pr\u00e9vention, fitness, sport et bien-\u00eatre.       <iframe width=\"100%\" height=\"315\" src=\"https:\/\/www.youtube.com\/embed\/s86k6aLgLfA?si=y-lqt7T4qBL3w59i\" title=\"YouTube video player\" frameborder=\"0\" allow=\"accelerometer; autoplay; clipboard-write; encrypted-media; gyroscope; picture-in-picture; web-share\" referrerpolicy=\"strict-origin-when-cross-origin\" allowfullscreen=\"\"><\/iframe><\/p>\n<p><iframe width=\"100%\" height=\"315\" src=\"https:\/\/www.youtube.com\/embed\/csY_Mt0uEZM?si=2nhhzGhK8-J4Bx1T\" title=\"YouTube video player\" frameborder=\"0\" allow=\"accelerometer; autoplay; clipboard-write; encrypted-media; gyroscope; picture-in-picture; web-share\" referrerpolicy=\"strict-origin-when-cross-origin\" allowfullscreen=\"\"><\/iframe><\/p>\n","protected":false},"featured_media":19531,"template":"","meta":[],"product_brand":[],"product_cat":[1017],"product_tag":[],"class_list":{"0":"post-20029","1":"product","2":"type-product","3":"status-publish","4":"has-post-thumbnail","6":"product_cat-balancecoach-fr","8":"first","9":"instock","10":"taxable","11":"shipping-taxable","12":"purchasable","13":"product-type-simple"},"yoast_head":"<!-- This site is optimized with the Yoast SEO plugin v27.1.1 - https:\/\/yoast.com\/product\/yoast-seo-wordpress\/ -->\n<title>BIOSWING BalanceCoach iQ - BIOSWING<\/title>\n<meta name=\"robots\" content=\"noindex, follow, max-snippet:-1, max-image-preview:large, max-video-preview:-1\" \/>\n<meta property=\"og:locale\" content=\"fr_FR\" \/>\n<meta property=\"og:type\" content=\"article\" \/>\n<meta property=\"og:title\" content=\"BIOSWING BalanceCoach iQ - BIOSWING\" \/>\n<meta property=\"og:description\" content=\"Depuis 1995, le BIOSWING Posturomed\u00ae est le garant de vos succ\u00e8s en pr\u00e9vention sensorimotrice et en entra\u00eenement. \u00c0 l\u2019occasion de son 25e anniversaire, nous introduisons un nouveau coach pour accompagner le Posturomed\u00ae : le BIOSWING BalanceCoach iQ !Le BIOSWING BalanceCoach iQ est un syst\u00e8me d\u2019entra\u00eenement intelligent pilot\u00e9 par logiciel, dot\u00e9 d\u2019un entra\u00eeneur virtuel int\u00e9gr\u00e9.La qualit\u00e9 des mouvements de l\u2019utilisateur sur le Posturomed\u00ae est surveill\u00e9e par des capteurs de pression sp\u00e9ciaux int\u00e9gr\u00e9s \u00e0 la plaque d\u2019entra\u00eenement, et affich\u00e9e graphiquement en temps r\u00e9el sous forme de \u00ab centre de pression \u00bb (COP). \u00c0 l\u2019aide d\u2019une cam\u00e9ra, l\u2019utilisateur se voit sur l\u2019\u00e9cran plac\u00e9 devant lui et re\u00e7oit un retour visuel imm\u00e9diat sur l\u2019ex\u00e9cution de ses exercices. En outre, l\u2019utilisateur voit son entra\u00eeneur virtuel, qui lui montre les exercices \u00e0 effectuer en temps r\u00e9el. Chaque exercice de coordination est adapt\u00e9 individuellement au niveau de l\u2019utilisateur, garantissant ainsi un d\u00e9fi d\u2019entra\u00eenement optimal.Ainsi, le BalanceCoach iQ est le coach de coordination id\u00e9al pour vos centres de sant\u00e9, pr\u00e9vention, fitness, sport et bien-\u00eatre.\" \/>\n<meta property=\"og:url\" content=\"https:\/\/staging.bioswing.ee\/fr\/toode\/bioswing-balancecoach-iq\/\" \/>\n<meta property=\"og:site_name\" content=\"BIOSWING\" \/>\n<meta property=\"article:modified_time\" content=\"2024-12-10T10:59:23+00:00\" \/>\n<meta property=\"og:image\" content=\"https:\/\/bioswing.ee\/wp-content\/uploads\/2024\/12\/BalanceCoach_iQ.jpg\" \/>\n\t<meta property=\"og:image:width\" content=\"900\" \/>\n\t<meta property=\"og:image:height\" content=\"1200\" \/>\n\t<meta property=\"og:image:type\" content=\"image\/jpeg\" \/>\n<meta name=\"twitter:card\" content=\"summary_large_image\" \/>\n<meta name=\"twitter:label1\" content=\"Dur\u00e9e de lecture estim\u00e9e\" \/>\n\t<meta name=\"twitter:data1\" content=\"2 minutes\" \/>\n<script type=\"application\/ld+json\" class=\"yoast-schema-graph\">{\"@context\":\"https:\/\/schema.org\",\"@graph\":[{\"@type\":\"WebPage\",\"@id\":\"https:\/\/staging.bioswing.ee\/fr\/toode\/bioswing-balancecoach-iq\/\",\"url\":\"https:\/\/staging.bioswing.ee\/fr\/toode\/bioswing-balancecoach-iq\/\",\"name\":\"BIOSWING BalanceCoach iQ - BIOSWING\",\"isPartOf\":{\"@id\":\"https:\/\/staging.bioswing.ee\/fr\/#website\"},\"primaryImageOfPage\":{\"@id\":\"https:\/\/staging.bioswing.ee\/fr\/toode\/bioswing-balancecoach-iq\/#primaryimage\"},\"image\":{\"@id\":\"https:\/\/staging.bioswing.ee\/fr\/toode\/bioswing-balancecoach-iq\/#primaryimage\"},\"thumbnailUrl\":\"https:\/\/staging.bioswing.ee\/wp-content\/uploads\/2024\/12\/BalanceCoach_iQ.jpg\",\"datePublished\":\"2024-12-03T11:34:12+00:00\",\"dateModified\":\"2024-12-10T10:59:23+00:00\",\"breadcrumb\":{\"@id\":\"https:\/\/staging.bioswing.ee\/fr\/toode\/bioswing-balancecoach-iq\/#breadcrumb\"},\"inLanguage\":\"fr-FR\",\"potentialAction\":[{\"@type\":\"ReadAction\",\"target\":[\"https:\/\/staging.bioswing.ee\/fr\/toode\/bioswing-balancecoach-iq\/\"]}]},{\"@type\":\"ImageObject\",\"inLanguage\":\"fr-FR\",\"@id\":\"https:\/\/staging.bioswing.ee\/fr\/toode\/bioswing-balancecoach-iq\/#primaryimage\",\"url\":\"https:\/\/staging.bioswing.ee\/wp-content\/uploads\/2024\/12\/BalanceCoach_iQ.jpg\",\"contentUrl\":\"https:\/\/staging.bioswing.ee\/wp-content\/uploads\/2024\/12\/BalanceCoach_iQ.jpg\",\"width\":900,\"height\":1200,\"caption\":\"BIOSWING BalanceCoach iQ\"},{\"@type\":\"BreadcrumbList\",\"@id\":\"https:\/\/staging.bioswing.ee\/fr\/toode\/bioswing-balancecoach-iq\/#breadcrumb\",\"itemListElement\":[{\"@type\":\"ListItem\",\"position\":1,\"name\":\"Home\",\"item\":\"https:\/\/bioswing.ee\/fr\/\"},{\"@type\":\"ListItem\",\"position\":2,\"name\":\"BOUTIQUE\",\"item\":\"https:\/\/bioswing.ee\/fr\/shop\/\"},{\"@type\":\"ListItem\",\"position\":3,\"name\":\"BIOSWING BalanceCoach iQ\"}]},{\"@type\":\"WebSite\",\"@id\":\"https:\/\/staging.bioswing.ee\/fr\/#website\",\"url\":\"https:\/\/staging.bioswing.ee\/fr\/\",\"name\":\"BIOSWING\",\"description\":\"Smart solutions for healthy sitting\",\"publisher\":{\"@id\":\"https:\/\/staging.bioswing.ee\/fr\/#organization\"},\"potentialAction\":[{\"@type\":\"SearchAction\",\"target\":{\"@type\":\"EntryPoint\",\"urlTemplate\":\"https:\/\/staging.bioswing.ee\/fr\/?s={search_term_string}\"},\"query-input\":{\"@type\":\"PropertyValueSpecification\",\"valueRequired\":true,\"valueName\":\"search_term_string\"}}],\"inLanguage\":\"fr-FR\"},{\"@type\":\"Organization\",\"@id\":\"https:\/\/staging.bioswing.ee\/fr\/#organization\",\"name\":\"BIOSWING\",\"url\":\"https:\/\/staging.bioswing.ee\/fr\/\",\"logo\":{\"@type\":\"ImageObject\",\"inLanguage\":\"fr-FR\",\"@id\":\"https:\/\/staging.bioswing.ee\/fr\/#\/schema\/logo\/image\/\",\"url\":\"https:\/\/staging.bioswing.ee\/wp-content\/uploads\/2023\/04\/logo_web.png\",\"contentUrl\":\"https:\/\/staging.bioswing.ee\/wp-content\/uploads\/2023\/04\/logo_web.png\",\"width\":140,\"height\":122,\"caption\":\"BIOSWING\"},\"image\":{\"@id\":\"https:\/\/staging.bioswing.ee\/fr\/#\/schema\/logo\/image\/\"}}]}<\/script>\n<!-- \/ Yoast SEO plugin. -->","yoast_head_json":{"title":"BIOSWING BalanceCoach iQ - BIOSWING","robots":{"index":"noindex","follow":"follow","max-snippet":"max-snippet:-1","max-image-preview":"max-image-preview:large","max-video-preview":"max-video-preview:-1"},"og_locale":"fr_FR","og_type":"article","og_title":"BIOSWING BalanceCoach iQ - BIOSWING","og_description":"Depuis 1995, le BIOSWING Posturomed\u00ae est le garant de vos succ\u00e8s en pr\u00e9vention sensorimotrice et en entra\u00eenement. \u00c0 l\u2019occasion de son 25e anniversaire, nous introduisons un nouveau coach pour accompagner le Posturomed\u00ae : le BIOSWING BalanceCoach iQ !Le BIOSWING BalanceCoach iQ est un syst\u00e8me d\u2019entra\u00eenement intelligent pilot\u00e9 par logiciel, dot\u00e9 d\u2019un entra\u00eeneur virtuel int\u00e9gr\u00e9.La qualit\u00e9 des mouvements de l\u2019utilisateur sur le Posturomed\u00ae est surveill\u00e9e par des capteurs de pression sp\u00e9ciaux int\u00e9gr\u00e9s \u00e0 la plaque d\u2019entra\u00eenement, et affich\u00e9e graphiquement en temps r\u00e9el sous forme de \u00ab centre de pression \u00bb (COP). \u00c0 l\u2019aide d\u2019une cam\u00e9ra, l\u2019utilisateur se voit sur l\u2019\u00e9cran plac\u00e9 devant lui et re\u00e7oit un retour visuel imm\u00e9diat sur l\u2019ex\u00e9cution de ses exercices. En outre, l\u2019utilisateur voit son entra\u00eeneur virtuel, qui lui montre les exercices \u00e0 effectuer en temps r\u00e9el. Chaque exercice de coordination est adapt\u00e9 individuellement au niveau de l\u2019utilisateur, garantissant ainsi un d\u00e9fi d\u2019entra\u00eenement optimal.Ainsi, le BalanceCoach iQ est le coach de coordination id\u00e9al pour vos centres de sant\u00e9, pr\u00e9vention, fitness, sport et bien-\u00eatre.","og_url":"https:\/\/staging.bioswing.ee\/fr\/toode\/bioswing-balancecoach-iq\/","og_site_name":"BIOSWING","article_modified_time":"2024-12-10T10:59:23+00:00","og_image":[{"width":900,"height":1200,"url":"https:\/\/bioswing.ee\/wp-content\/uploads\/2024\/12\/BalanceCoach_iQ.jpg","type":"image\/jpeg"}],"twitter_card":"summary_large_image","twitter_misc":{"Dur\u00e9e de lecture estim\u00e9e":"2 minutes"},"schema":{"@context":"https:\/\/schema.org","@graph":[{"@type":"WebPage","@id":"https:\/\/staging.bioswing.ee\/fr\/toode\/bioswing-balancecoach-iq\/","url":"https:\/\/staging.bioswing.ee\/fr\/toode\/bioswing-balancecoach-iq\/","name":"BIOSWING BalanceCoach iQ - BIOSWING","isPartOf":{"@id":"https:\/\/staging.bioswing.ee\/fr\/#website"},"primaryImageOfPage":{"@id":"https:\/\/staging.bioswing.ee\/fr\/toode\/bioswing-balancecoach-iq\/#primaryimage"},"image":{"@id":"https:\/\/staging.bioswing.ee\/fr\/toode\/bioswing-balancecoach-iq\/#primaryimage"},"thumbnailUrl":"https:\/\/staging.bioswing.ee\/wp-content\/uploads\/2024\/12\/BalanceCoach_iQ.jpg","datePublished":"2024-12-03T11:34:12+00:00","dateModified":"2024-12-10T10:59:23+00:00","breadcrumb":{"@id":"https:\/\/staging.bioswing.ee\/fr\/toode\/bioswing-balancecoach-iq\/#breadcrumb"},"inLanguage":"fr-FR","potentialAction":[{"@type":"ReadAction","target":["https:\/\/staging.bioswing.ee\/fr\/toode\/bioswing-balancecoach-iq\/"]}]},{"@type":"ImageObject","inLanguage":"fr-FR","@id":"https:\/\/staging.bioswing.ee\/fr\/toode\/bioswing-balancecoach-iq\/#primaryimage","url":"https:\/\/staging.bioswing.ee\/wp-content\/uploads\/2024\/12\/BalanceCoach_iQ.jpg","contentUrl":"https:\/\/staging.bioswing.ee\/wp-content\/uploads\/2024\/12\/BalanceCoach_iQ.jpg","width":900,"height":1200,"caption":"BIOSWING BalanceCoach iQ"},{"@type":"BreadcrumbList","@id":"https:\/\/staging.bioswing.ee\/fr\/toode\/bioswing-balancecoach-iq\/#breadcrumb","itemListElement":[{"@type":"ListItem","position":1,"name":"Home","item":"https:\/\/bioswing.ee\/fr\/"},{"@type":"ListItem","position":2,"name":"BOUTIQUE","item":"https:\/\/bioswing.ee\/fr\/shop\/"},{"@type":"ListItem","position":3,"name":"BIOSWING BalanceCoach iQ"}]},{"@type":"WebSite","@id":"https:\/\/staging.bioswing.ee\/fr\/#website","url":"https:\/\/staging.bioswing.ee\/fr\/","name":"BIOSWING","description":"Smart solutions for healthy sitting","publisher":{"@id":"https:\/\/staging.bioswing.ee\/fr\/#organization"},"potentialAction":[{"@type":"SearchAction","target":{"@type":"EntryPoint","urlTemplate":"https:\/\/staging.bioswing.ee\/fr\/?s={search_term_string}"},"query-input":{"@type":"PropertyValueSpecification","valueRequired":true,"valueName":"search_term_string"}}],"inLanguage":"fr-FR"},{"@type":"Organization","@id":"https:\/\/staging.bioswing.ee\/fr\/#organization","name":"BIOSWING","url":"https:\/\/staging.bioswing.ee\/fr\/","logo":{"@type":"ImageObject","inLanguage":"fr-FR","@id":"https:\/\/staging.bioswing.ee\/fr\/#\/schema\/logo\/image\/","url":"https:\/\/staging.bioswing.ee\/wp-content\/uploads\/2023\/04\/logo_web.png","contentUrl":"https:\/\/staging.bioswing.ee\/wp-content\/uploads\/2023\/04\/logo_web.png","width":140,"height":122,"caption":"BIOSWING"},"image":{"@id":"https:\/\/staging.bioswing.ee\/fr\/#\/schema\/logo\/image\/"}}]}},"_links":{"self":[{"href":"https:\/\/staging.bioswing.ee\/fr\/wp-json\/wp\/v2\/product\/20029","targetHints":{"allow":["GET"]}}],"collection":[{"href":"https:\/\/staging.bioswing.ee\/fr\/wp-json\/wp\/v2\/product"}],"about":[{"href":"https:\/\/staging.bioswing.ee\/fr\/wp-json\/wp\/v2\/types\/product"}],"wp:featuredmedia":[{"embeddable":true,"href":"https:\/\/staging.bioswing.ee\/fr\/wp-json\/wp\/v2\/media\/19531"}],"wp:attachment":[{"href":"https:\/\/staging.bioswing.ee\/fr\/wp-json\/wp\/v2\/media?parent=20029"}],"wp:term":[{"taxonomy":"product_brand","embeddable":true,"href":"https:\/\/staging.bioswing.ee\/fr\/wp-json\/wp\/v2\/product_brand?post=20029"},{"taxonomy":"product_cat","embeddable":true,"href":"https:\/\/staging.bioswing.ee\/fr\/wp-json\/wp\/v2\/product_cat?post=20029"},{"taxonomy":"product_tag","embeddable":true,"href":"https:\/\/staging.bioswing.ee\/fr\/wp-json\/wp\/v2\/product_tag?post=20029"}],"curies":[{"name":"wp","href":"https:\/\/api.w.org\/{rel}","templated":true}]}}