{"id":31837,"date":"2025-09-25T12:44:53","date_gmt":"2025-09-25T12:44:53","guid":{"rendered":"https:\/\/staging.bioswing.ee\/toode\/oneup-easy-with-back-support\/"},"modified":"2025-09-25T13:29:18","modified_gmt":"2025-09-25T13:29:18","slug":"oneup-easy-with-back-support","status":"publish","type":"product","link":"https:\/\/staging.bioswing.ee\/fr\/toode\/oneup-easy-with-back-support\/","title":{"rendered":"oneUP EASY avec soutien dorsal"},"content":{"rendered":"<p><strong>BIOSWING oneUP EASY<\/strong><\/p>\n<ul>\n<li>Solution assis-debout ergonomique et orthop\u00e9diquement efficace pour bureau, t\u00e9l\u00e9travail et cabinet<\/li>\n<li>M\u00e9canisme de si\u00e8ge 3D int\u00e9gr\u00e9 et adaptatif<\/li>\n<li>Si\u00e8ge-selle<\/li>\n<li>Soutien dorsal r\u00e9glable individuellement<\/li>\n<li>M\u00e9canisme d\u2019\u00e9quilibre du bassin (en option avec suppl\u00e9ment)<\/li>\n<li>Rev\u00eatement en tissu : Felicity noir<\/li>\n<li>\u00c9galement disponible avec rev\u00eatement en similicuir m\u00e9dical<\/li>\n<li>Pi\u00e8tement : plastique<\/li>\n<li>Roulettes \u00f8 60 mm<\/li>\n<\/ul>\n<p><iframe title=\"YouTube video player\" src=\"https:\/\/www.youtube.com\/embed\/qK7H8w5w384?si=Agl9WEqG2YR7YQtd\" width=\"100%\" height=\"450\" frameborder=\"0\" allowfullscreen=\"allowfullscreen\"><\/iframe><\/p>\n","protected":false},"excerpt":{"rendered":"<h2>\u00ab Up and down \u2013 and turn around \u00bb est la devise de oneUP.<\/h2>\n<p>Avez-vous d\u00e9j\u00e0 test\u00e9 les multiples possibilit\u00e9s d&rsquo;une table r\u00e9glable en hauteur ?<\/p>\n<p>Toute position entre la position debout et la position assise sur\u00e9lev\u00e9e offre une grande vari\u00e9t\u00e9 de positions du corps. L&rsquo;objectif principal est le suivant : <strong>plus vous changez de position souvent, mieux c&rsquo;est pour votre corps et votre esprit<\/strong>. Notre appareil de soutien locomoteur est programm\u00e9 pour bouger aussi bien en position debout qu&rsquo;en position assise. <\/p>\n<h2>BIOSWING oneUP est un v\u00e9ritable multitalent.<\/h2>\n<p>Il s&rsquo;agit d&rsquo;une <strong>solution intelligente pour tous ceux qui souhaitent combiner la position assise et la position debout<\/strong>, et constitue le point de d\u00e9part id\u00e9al pour un large choix de positions assises et d&rsquo;utilisations, ainsi que pour une assise tr\u00e8s mobile gr\u00e2ce au syst\u00e8me d&rsquo;assise 3D int\u00e9gr\u00e9.<\/p>\n<p>Que vous soyez dans un <strong>salon d&rsquo;a\u00e9roport, dans un bureau \u00e0 domicile, dans un cabinet de physioth\u00e9rapie ou dans un bureau<\/strong>, oneUP vous maintient toujours en forme.<\/p>\n","protected":false},"featured_media":31404,"template":"","meta":[],"product_brand":[],"product_cat":[305],"product_tag":[],"class_list":{"0":"post-31837","1":"product","2":"type-product","3":"status-publish","4":"has-post-thumbnail","6":"product_cat-bureau-et-bureau-a-domicile","8":"first","9":"instock","10":"sale","11":"taxable","12":"shipping-taxable","13":"purchasable","14":"product-type-variable","15":"has-default-attributes"},"yoast_head":"<!-- This site is optimized with the Yoast SEO plugin v27.1.1 - https:\/\/yoast.com\/product\/yoast-seo-wordpress\/ -->\n<title>oneUP EASY avec soutien dorsal - BIOSWING<\/title>\n<meta name=\"robots\" content=\"noindex, follow, max-snippet:-1, max-image-preview:large, max-video-preview:-1\" \/>\n<meta property=\"og:locale\" content=\"fr_FR\" \/>\n<meta property=\"og:type\" content=\"article\" \/>\n<meta property=\"og:title\" content=\"oneUP EASY avec soutien dorsal - BIOSWING\" \/>\n<meta property=\"og:description\" content=\"\u00ab Up and down \u2013 and turn around \u00bb est la devise de oneUP. Avez-vous d\u00e9j\u00e0 test\u00e9 les multiples possibilit\u00e9s d&#039;une table r\u00e9glable en hauteur ? Toute position entre la position debout et la position assise sur\u00e9lev\u00e9e offre une grande vari\u00e9t\u00e9 de positions du corps. L&#039;objectif principal est le suivant : plus vous changez de position souvent, mieux c&#039;est pour votre corps et votre esprit. Notre appareil de soutien locomoteur est programm\u00e9 pour bouger aussi bien en position debout qu&#039;en position assise. BIOSWING oneUP est un v\u00e9ritable multitalent. Il s&#039;agit d&#039;une solution intelligente pour tous ceux qui souhaitent combiner la position assise et la position debout, et constitue le point de d\u00e9part id\u00e9al pour un large choix de positions assises et d&#039;utilisations, ainsi que pour une assise tr\u00e8s mobile gr\u00e2ce au syst\u00e8me d&#039;assise 3D int\u00e9gr\u00e9. Que vous soyez dans un salon d&#039;a\u00e9roport, dans un bureau \u00e0 domicile, dans un cabinet de physioth\u00e9rapie ou dans un bureau, oneUP vous maintient toujours en forme.\" \/>\n<meta property=\"og:url\" content=\"https:\/\/staging.bioswing.ee\/fr\/toode\/oneup-easy-with-back-support\/\" \/>\n<meta property=\"og:site_name\" content=\"BIOSWING\" \/>\n<meta property=\"article:modified_time\" content=\"2025-09-25T13:29:18+00:00\" \/>\n<meta property=\"og:image\" content=\"https:\/\/bioswing.ee\/wp-content\/uploads\/2025\/09\/oneUp_EASY_RS07-min.jpg\" \/>\n\t<meta property=\"og:image:width\" content=\"1874\" \/>\n\t<meta property=\"og:image:height\" content=\"2500\" \/>\n\t<meta property=\"og:image:type\" content=\"image\/jpeg\" \/>\n<meta name=\"twitter:card\" content=\"summary_large_image\" \/>\n<script type=\"application\/ld+json\" class=\"yoast-schema-graph\">{\"@context\":\"https:\/\/schema.org\",\"@graph\":[{\"@type\":\"WebPage\",\"@id\":\"https:\/\/staging.bioswing.ee\/fr\/toode\/oneup-easy-with-back-support\/\",\"url\":\"https:\/\/staging.bioswing.ee\/fr\/toode\/oneup-easy-with-back-support\/\",\"name\":\"oneUP EASY avec soutien dorsal - BIOSWING\",\"isPartOf\":{\"@id\":\"https:\/\/staging.bioswing.ee\/fr\/#website\"},\"primaryImageOfPage\":{\"@id\":\"https:\/\/staging.bioswing.ee\/fr\/toode\/oneup-easy-with-back-support\/#primaryimage\"},\"image\":{\"@id\":\"https:\/\/staging.bioswing.ee\/fr\/toode\/oneup-easy-with-back-support\/#primaryimage\"},\"thumbnailUrl\":\"https:\/\/staging.bioswing.ee\/wp-content\/uploads\/2025\/09\/oneUp_EASY_RS07-min.jpg\",\"datePublished\":\"2025-09-25T12:44:53+00:00\",\"dateModified\":\"2025-09-25T13:29:18+00:00\",\"breadcrumb\":{\"@id\":\"https:\/\/staging.bioswing.ee\/fr\/toode\/oneup-easy-with-back-support\/#breadcrumb\"},\"inLanguage\":\"fr-FR\",\"potentialAction\":[{\"@type\":\"ReadAction\",\"target\":[\"https:\/\/staging.bioswing.ee\/fr\/toode\/oneup-easy-with-back-support\/\"]}]},{\"@type\":\"ImageObject\",\"inLanguage\":\"fr-FR\",\"@id\":\"https:\/\/staging.bioswing.ee\/fr\/toode\/oneup-easy-with-back-support\/#primaryimage\",\"url\":\"https:\/\/staging.bioswing.ee\/wp-content\/uploads\/2025\/09\/oneUp_EASY_RS07-min.jpg\",\"contentUrl\":\"https:\/\/staging.bioswing.ee\/wp-content\/uploads\/2025\/09\/oneUp_EASY_RS07-min.jpg\",\"width\":1874,\"height\":2500,\"caption\":\"oneUP EASY with back support\"},{\"@type\":\"BreadcrumbList\",\"@id\":\"https:\/\/staging.bioswing.ee\/fr\/toode\/oneup-easy-with-back-support\/#breadcrumb\",\"itemListElement\":[{\"@type\":\"ListItem\",\"position\":1,\"name\":\"Home\",\"item\":\"https:\/\/bioswing.ee\/fr\/\"},{\"@type\":\"ListItem\",\"position\":2,\"name\":\"BOUTIQUE\",\"item\":\"https:\/\/bioswing.ee\/fr\/shop\/\"},{\"@type\":\"ListItem\",\"position\":3,\"name\":\"oneUP EASY avec soutien dorsal\"}]},{\"@type\":\"WebSite\",\"@id\":\"https:\/\/staging.bioswing.ee\/fr\/#website\",\"url\":\"https:\/\/staging.bioswing.ee\/fr\/\",\"name\":\"BIOSWING\",\"description\":\"Smart solutions for healthy sitting\",\"publisher\":{\"@id\":\"https:\/\/staging.bioswing.ee\/fr\/#organization\"},\"potentialAction\":[{\"@type\":\"SearchAction\",\"target\":{\"@type\":\"EntryPoint\",\"urlTemplate\":\"https:\/\/staging.bioswing.ee\/fr\/?s={search_term_string}\"},\"query-input\":{\"@type\":\"PropertyValueSpecification\",\"valueRequired\":true,\"valueName\":\"search_term_string\"}}],\"inLanguage\":\"fr-FR\"},{\"@type\":\"Organization\",\"@id\":\"https:\/\/staging.bioswing.ee\/fr\/#organization\",\"name\":\"BIOSWING\",\"url\":\"https:\/\/staging.bioswing.ee\/fr\/\",\"logo\":{\"@type\":\"ImageObject\",\"inLanguage\":\"fr-FR\",\"@id\":\"https:\/\/staging.bioswing.ee\/fr\/#\/schema\/logo\/image\/\",\"url\":\"https:\/\/staging.bioswing.ee\/wp-content\/uploads\/2023\/04\/logo_web.png\",\"contentUrl\":\"https:\/\/staging.bioswing.ee\/wp-content\/uploads\/2023\/04\/logo_web.png\",\"width\":140,\"height\":122,\"caption\":\"BIOSWING\"},\"image\":{\"@id\":\"https:\/\/staging.bioswing.ee\/fr\/#\/schema\/logo\/image\/\"}}]}<\/script>\n<!-- \/ Yoast SEO plugin. -->","yoast_head_json":{"title":"oneUP EASY avec soutien dorsal - BIOSWING","robots":{"index":"noindex","follow":"follow","max-snippet":"max-snippet:-1","max-image-preview":"max-image-preview:large","max-video-preview":"max-video-preview:-1"},"og_locale":"fr_FR","og_type":"article","og_title":"oneUP EASY avec soutien dorsal - BIOSWING","og_description":"\u00ab Up and down \u2013 and turn around \u00bb est la devise de oneUP. Avez-vous d\u00e9j\u00e0 test\u00e9 les multiples possibilit\u00e9s d'une table r\u00e9glable en hauteur ? Toute position entre la position debout et la position assise sur\u00e9lev\u00e9e offre une grande vari\u00e9t\u00e9 de positions du corps. L'objectif principal est le suivant : plus vous changez de position souvent, mieux c'est pour votre corps et votre esprit. Notre appareil de soutien locomoteur est programm\u00e9 pour bouger aussi bien en position debout qu'en position assise. BIOSWING oneUP est un v\u00e9ritable multitalent. Il s'agit d'une solution intelligente pour tous ceux qui souhaitent combiner la position assise et la position debout, et constitue le point de d\u00e9part id\u00e9al pour un large choix de positions assises et d'utilisations, ainsi que pour une assise tr\u00e8s mobile gr\u00e2ce au syst\u00e8me d'assise 3D int\u00e9gr\u00e9. Que vous soyez dans un salon d'a\u00e9roport, dans un bureau \u00e0 domicile, dans un cabinet de physioth\u00e9rapie ou dans un bureau, oneUP vous maintient toujours en forme.","og_url":"https:\/\/staging.bioswing.ee\/fr\/toode\/oneup-easy-with-back-support\/","og_site_name":"BIOSWING","article_modified_time":"2025-09-25T13:29:18+00:00","og_image":[{"width":1874,"height":2500,"url":"https:\/\/bioswing.ee\/wp-content\/uploads\/2025\/09\/oneUp_EASY_RS07-min.jpg","type":"image\/jpeg"}],"twitter_card":"summary_large_image","schema":{"@context":"https:\/\/schema.org","@graph":[{"@type":"WebPage","@id":"https:\/\/staging.bioswing.ee\/fr\/toode\/oneup-easy-with-back-support\/","url":"https:\/\/staging.bioswing.ee\/fr\/toode\/oneup-easy-with-back-support\/","name":"oneUP EASY avec soutien dorsal - BIOSWING","isPartOf":{"@id":"https:\/\/staging.bioswing.ee\/fr\/#website"},"primaryImageOfPage":{"@id":"https:\/\/staging.bioswing.ee\/fr\/toode\/oneup-easy-with-back-support\/#primaryimage"},"image":{"@id":"https:\/\/staging.bioswing.ee\/fr\/toode\/oneup-easy-with-back-support\/#primaryimage"},"thumbnailUrl":"https:\/\/staging.bioswing.ee\/wp-content\/uploads\/2025\/09\/oneUp_EASY_RS07-min.jpg","datePublished":"2025-09-25T12:44:53+00:00","dateModified":"2025-09-25T13:29:18+00:00","breadcrumb":{"@id":"https:\/\/staging.bioswing.ee\/fr\/toode\/oneup-easy-with-back-support\/#breadcrumb"},"inLanguage":"fr-FR","potentialAction":[{"@type":"ReadAction","target":["https:\/\/staging.bioswing.ee\/fr\/toode\/oneup-easy-with-back-support\/"]}]},{"@type":"ImageObject","inLanguage":"fr-FR","@id":"https:\/\/staging.bioswing.ee\/fr\/toode\/oneup-easy-with-back-support\/#primaryimage","url":"https:\/\/staging.bioswing.ee\/wp-content\/uploads\/2025\/09\/oneUp_EASY_RS07-min.jpg","contentUrl":"https:\/\/staging.bioswing.ee\/wp-content\/uploads\/2025\/09\/oneUp_EASY_RS07-min.jpg","width":1874,"height":2500,"caption":"oneUP EASY with back support"},{"@type":"BreadcrumbList","@id":"https:\/\/staging.bioswing.ee\/fr\/toode\/oneup-easy-with-back-support\/#breadcrumb","itemListElement":[{"@type":"ListItem","position":1,"name":"Home","item":"https:\/\/bioswing.ee\/fr\/"},{"@type":"ListItem","position":2,"name":"BOUTIQUE","item":"https:\/\/bioswing.ee\/fr\/shop\/"},{"@type":"ListItem","position":3,"name":"oneUP EASY avec soutien dorsal"}]},{"@type":"WebSite","@id":"https:\/\/staging.bioswing.ee\/fr\/#website","url":"https:\/\/staging.bioswing.ee\/fr\/","name":"BIOSWING","description":"Smart solutions for healthy sitting","publisher":{"@id":"https:\/\/staging.bioswing.ee\/fr\/#organization"},"potentialAction":[{"@type":"SearchAction","target":{"@type":"EntryPoint","urlTemplate":"https:\/\/staging.bioswing.ee\/fr\/?s={search_term_string}"},"query-input":{"@type":"PropertyValueSpecification","valueRequired":true,"valueName":"search_term_string"}}],"inLanguage":"fr-FR"},{"@type":"Organization","@id":"https:\/\/staging.bioswing.ee\/fr\/#organization","name":"BIOSWING","url":"https:\/\/staging.bioswing.ee\/fr\/","logo":{"@type":"ImageObject","inLanguage":"fr-FR","@id":"https:\/\/staging.bioswing.ee\/fr\/#\/schema\/logo\/image\/","url":"https:\/\/staging.bioswing.ee\/wp-content\/uploads\/2023\/04\/logo_web.png","contentUrl":"https:\/\/staging.bioswing.ee\/wp-content\/uploads\/2023\/04\/logo_web.png","width":140,"height":122,"caption":"BIOSWING"},"image":{"@id":"https:\/\/staging.bioswing.ee\/fr\/#\/schema\/logo\/image\/"}}]}},"_links":{"self":[{"href":"https:\/\/staging.bioswing.ee\/fr\/wp-json\/wp\/v2\/product\/31837","targetHints":{"allow":["GET"]}}],"collection":[{"href":"https:\/\/staging.bioswing.ee\/fr\/wp-json\/wp\/v2\/product"}],"about":[{"href":"https:\/\/staging.bioswing.ee\/fr\/wp-json\/wp\/v2\/types\/product"}],"wp:featuredmedia":[{"embeddable":true,"href":"https:\/\/staging.bioswing.ee\/fr\/wp-json\/wp\/v2\/media\/31404"}],"wp:attachment":[{"href":"https:\/\/staging.bioswing.ee\/fr\/wp-json\/wp\/v2\/media?parent=31837"}],"wp:term":[{"taxonomy":"product_brand","embeddable":true,"href":"https:\/\/staging.bioswing.ee\/fr\/wp-json\/wp\/v2\/product_brand?post=31837"},{"taxonomy":"product_cat","embeddable":true,"href":"https:\/\/staging.bioswing.ee\/fr\/wp-json\/wp\/v2\/product_cat?post=31837"},{"taxonomy":"product_tag","embeddable":true,"href":"https:\/\/staging.bioswing.ee\/fr\/wp-json\/wp\/v2\/product_tag?post=31837"}],"curies":[{"name":"wp","href":"https:\/\/api.w.org\/{rel}","templated":true}]}}