{"id":4482,"date":"2023-04-13T12:36:39","date_gmt":"2023-04-13T12:36:39","guid":{"rendered":"https:\/\/staging.bioswing.ee\/toode\/bioswing-560-iq-detensor\/"},"modified":"2023-08-24T13:29:14","modified_gmt":"2023-08-24T13:29:14","slug":"560-iq-detensor","status":"publish","type":"product","link":"https:\/\/staging.bioswing.ee\/fr\/toode\/560-iq-detensor\/","title":{"rendered":"BIOSWING 560 iQ DETENSOR"},"content":{"rendered":"<h3>BIOSWING 560 iQ DETENSOR<\/h3>\n<ul>\n<li>Chaise pivotante de bureau, ergonomique, avec effet orthop\u00e9dique<\/li>\n<li>M\u00e9canisme de si\u00e8ge 3D int\u00e9gr\u00e9 et adaptatif<\/li>\n<li>M\u00e9canisme synchrone avec r\u00e9glage individuel du poids (avec r\u00e9glage pr\u00e9cis)<\/li>\n<li>Accoudoirs 3D pour un r\u00e9glage multifonctionnel afin de s\u2019adapter \u00e0 diff\u00e9rentes positions de travail<\/li>\n<li>R\u00e9glage individuel de l\u2019inclinaison du si\u00e8ge gr\u00e2ce au ressort \u00e0 gaz, r\u00e9glable en continu<\/li>\n<li>Stabilisateur pelvien additionnel<\/li>\n<li>Profondeur d\u2019assise r\u00e9glable en fonction de la longueur des jambes<\/li>\n<li>Dossier r\u00e9glable en hauteur avec un soutien lombaire \u00e0 courbure qui est r\u00e9glable individuellement<\/li>\n<li>Support de nuque 3D avec r\u00e9glage continu en hauteur, en profondeur, et en inclinaison<\/li>\n<li>Hauteur du dossier : 60 cm<\/li>\n<li>Rev\u00eatement en tissu : Step, diff\u00e9rentes couleurs<\/li>\n<li>Pi\u00e8tement en \u00e9toile : Aluminium, brillant<\/li>\n<\/ul>\n<p><iframe width=\"100%\" height=\"450\" src=\"https:\/\/www.youtube.com\/embed\/K0Ht8x3OJnU\" title=\"YouTube video player\" frameborder=\"0\" allow=\"accelerometer; autoplay; clipboard-write; encrypted-media; gyroscope; picture-in-picture; web-share\" allowfullscreen=\"\"><\/iframe><\/p>\n<p><iframe width=\"100%\" height=\"450\" src=\"https:\/\/www.youtube.com\/embed\/RdAkGYfQRU0?si=iZjPFPN7BfNfVNQH\" title=\"YouTube video player\" frameborder=\"0\" allow=\"accelerometer; autoplay; clipboard-write; encrypted-media; gyroscope; picture-in-picture; web-share\" allowfullscreen=\"\"><\/iframe><\/p>\n","protected":false},"excerpt":{"rendered":"<h4>Si votre si\u00e8ge de bureau peut \u00eatre ajust\u00e9 plus pr\u00e9cis\u00e9ment \u00e0 votre morphologie, vous resterez en meilleure sant\u00e9 et plus motiv\u00e9 durant les p\u00e9riodes d\u2019assise prolong\u00e9es.<\/h4>\n<p>Il est important que votre chaise <strong>tienne compte de votre anatomie individuelle<\/strong> et offre suffisamment d&rsquo;options pour modifications et r\u00e9glages.<\/p>\n<p>Les options principales sont pr\u00e9sent\u00e9es ci-dessous.<\/p>\n<h4>Une chaise de bureau BIOSWING de la s\u00e9rie 5 offre un maximum de mouvements.<\/h4>\n<p>Gr\u00e2ce aux technologies int\u00e9gr\u00e9es, la s\u00e9rie 5 r\u00e9pond non seulement \u00e0 chaque mouvement de l&rsquo;utilisateur, mais s&rsquo;adapte \u00e9galement \u00e0 chaque posture adopt\u00e9e au cours d&rsquo;une longue journ\u00e9e. Car apr\u00e8s tout : <strong>la meilleure posture est toujours la suivante<\/strong>.<\/p>\n<p>Les mouvements actifs combin\u00e9s \u00e0 une posture droite sont bons pour la colonne vert\u00e9brale. Gr\u00e2ce au <strong>r\u00e9glage individuel de l&rsquo;inclinaison du si\u00e8ge<\/strong>, vous pouvez parfaitement adapter l\u2019inclinaison de n\u2019importe quel mod\u00e8le de la s\u00e9rie 5 \u00e0 vos besoins afin que <strong>votre colonne vert\u00e9brale garde sa forme naturelle en S<\/strong> gr\u00e2ce \u00e0 votre alignement pelvien.<\/p>\n<p><img decoding=\"async\" class=\"alignnone wp-image-916\" src=\"https:\/\/staging.bioswing.ee\/wp-content\/uploads\/2023\/04\/pdf.png\" alt=\"pdf\" width=\"19\" height=\"20\"> <a href=\"https:\/\/staging.bioswing.ee\/wp-content\/uploads\/2023\/04\/produktblatt_560_v02_EN.pdf\" target=\"_blank\" rel=\"noopener\">T\u00e9l\u00e9charger la fiche produit (PDF)<\/a><\/p>\n","protected":false},"featured_media":4489,"template":"","meta":[],"product_brand":[],"product_cat":[305,304],"product_tag":[],"class_list":{"0":"post-4482","1":"product","2":"type-product","3":"status-publish","4":"has-post-thumbnail","6":"product_cat-bureau-et-bureau-a-domicile","7":"product_cat-gestion","9":"first","10":"instock","11":"sale","12":"taxable","13":"shipping-taxable","14":"purchasable","15":"product-type-variable","16":"has-default-attributes"},"yoast_head":"<!-- This site is optimized with the Yoast SEO plugin v27.1.1 - https:\/\/yoast.com\/product\/yoast-seo-wordpress\/ -->\n<title>BIOSWING 560 iQ DETENSOR - BIOSWING<\/title>\n<meta name=\"robots\" content=\"noindex, follow, max-snippet:-1, max-image-preview:large, max-video-preview:-1\" \/>\n<meta property=\"og:locale\" content=\"fr_FR\" \/>\n<meta property=\"og:type\" content=\"article\" \/>\n<meta property=\"og:title\" content=\"BIOSWING 560 iQ DETENSOR - BIOSWING\" \/>\n<meta property=\"og:description\" content=\"Si votre si\u00e8ge de bureau peut \u00eatre ajust\u00e9 plus pr\u00e9cis\u00e9ment \u00e0 votre morphologie, vous resterez en meilleure sant\u00e9 et plus motiv\u00e9 durant les p\u00e9riodes d\u2019assise prolong\u00e9es. Il est important que votre chaise tienne compte de votre anatomie individuelle et offre suffisamment d&#039;options pour modifications et r\u00e9glages. Les options principales sont pr\u00e9sent\u00e9es ci-dessous. Une chaise de bureau BIOSWING de la s\u00e9rie 5 offre un maximum de mouvements. Gr\u00e2ce aux technologies int\u00e9gr\u00e9es, la s\u00e9rie 5 r\u00e9pond non seulement \u00e0 chaque mouvement de l&#039;utilisateur, mais s&#039;adapte \u00e9galement \u00e0 chaque posture adopt\u00e9e au cours d&#039;une longue journ\u00e9e. Car apr\u00e8s tout : la meilleure posture est toujours la suivante. Les mouvements actifs combin\u00e9s \u00e0 une posture droite sont bons pour la colonne vert\u00e9brale. Gr\u00e2ce au r\u00e9glage individuel de l&#039;inclinaison du si\u00e8ge, vous pouvez parfaitement adapter l\u2019inclinaison de n\u2019importe quel mod\u00e8le de la s\u00e9rie 5 \u00e0 vos besoins afin que votre colonne vert\u00e9brale garde sa forme naturelle en S gr\u00e2ce \u00e0 votre alignement pelvien.  T\u00e9l\u00e9charger la fiche produit (PDF)\" \/>\n<meta property=\"og:url\" content=\"https:\/\/staging.bioswing.ee\/fr\/toode\/560-iq-detensor\/\" \/>\n<meta property=\"og:site_name\" content=\"BIOSWING\" \/>\n<meta property=\"article:modified_time\" content=\"2023-08-24T13:29:14+00:00\" \/>\n<meta property=\"og:image\" content=\"https:\/\/bioswing.ee\/wp-content\/uploads\/2023\/04\/560_IQ_Detensor.jpg\" \/>\n\t<meta property=\"og:image:width\" content=\"1874\" \/>\n\t<meta property=\"og:image:height\" content=\"2500\" \/>\n\t<meta property=\"og:image:type\" content=\"image\/jpeg\" \/>\n<meta name=\"twitter:card\" content=\"summary_large_image\" \/>\n<meta name=\"twitter:label1\" content=\"Dur\u00e9e de lecture estim\u00e9e\" \/>\n\t<meta name=\"twitter:data1\" content=\"1 minute\" \/>\n<script type=\"application\/ld+json\" class=\"yoast-schema-graph\">{\"@context\":\"https:\/\/schema.org\",\"@graph\":[{\"@type\":\"WebPage\",\"@id\":\"https:\/\/staging.bioswing.ee\/fr\/toode\/560-iq-detensor\/\",\"url\":\"https:\/\/staging.bioswing.ee\/fr\/toode\/560-iq-detensor\/\",\"name\":\"BIOSWING 560 iQ DETENSOR - BIOSWING\",\"isPartOf\":{\"@id\":\"https:\/\/staging.bioswing.ee\/fr\/#website\"},\"primaryImageOfPage\":{\"@id\":\"https:\/\/staging.bioswing.ee\/fr\/toode\/560-iq-detensor\/#primaryimage\"},\"image\":{\"@id\":\"https:\/\/staging.bioswing.ee\/fr\/toode\/560-iq-detensor\/#primaryimage\"},\"thumbnailUrl\":\"https:\/\/staging.bioswing.ee\/wp-content\/uploads\/2023\/04\/560_IQ_Detensor.jpg\",\"datePublished\":\"2023-04-13T12:36:39+00:00\",\"dateModified\":\"2023-08-24T13:29:14+00:00\",\"breadcrumb\":{\"@id\":\"https:\/\/staging.bioswing.ee\/fr\/toode\/560-iq-detensor\/#breadcrumb\"},\"inLanguage\":\"fr-FR\",\"potentialAction\":[{\"@type\":\"ReadAction\",\"target\":[\"https:\/\/staging.bioswing.ee\/fr\/toode\/560-iq-detensor\/\"]}]},{\"@type\":\"ImageObject\",\"inLanguage\":\"fr-FR\",\"@id\":\"https:\/\/staging.bioswing.ee\/fr\/toode\/560-iq-detensor\/#primaryimage\",\"url\":\"https:\/\/staging.bioswing.ee\/wp-content\/uploads\/2023\/04\/560_IQ_Detensor.jpg\",\"contentUrl\":\"https:\/\/staging.bioswing.ee\/wp-content\/uploads\/2023\/04\/560_IQ_Detensor.jpg\",\"width\":1874,\"height\":2500},{\"@type\":\"BreadcrumbList\",\"@id\":\"https:\/\/staging.bioswing.ee\/fr\/toode\/560-iq-detensor\/#breadcrumb\",\"itemListElement\":[{\"@type\":\"ListItem\",\"position\":1,\"name\":\"Home\",\"item\":\"https:\/\/bioswing.ee\/fr\/\"},{\"@type\":\"ListItem\",\"position\":2,\"name\":\"BOUTIQUE\",\"item\":\"https:\/\/bioswing.ee\/fr\/shop\/\"},{\"@type\":\"ListItem\",\"position\":3,\"name\":\"BIOSWING 560 iQ DETENSOR\"}]},{\"@type\":\"WebSite\",\"@id\":\"https:\/\/staging.bioswing.ee\/fr\/#website\",\"url\":\"https:\/\/staging.bioswing.ee\/fr\/\",\"name\":\"BIOSWING\",\"description\":\"Smart solutions for healthy sitting\",\"publisher\":{\"@id\":\"https:\/\/staging.bioswing.ee\/fr\/#organization\"},\"potentialAction\":[{\"@type\":\"SearchAction\",\"target\":{\"@type\":\"EntryPoint\",\"urlTemplate\":\"https:\/\/staging.bioswing.ee\/fr\/?s={search_term_string}\"},\"query-input\":{\"@type\":\"PropertyValueSpecification\",\"valueRequired\":true,\"valueName\":\"search_term_string\"}}],\"inLanguage\":\"fr-FR\"},{\"@type\":\"Organization\",\"@id\":\"https:\/\/staging.bioswing.ee\/fr\/#organization\",\"name\":\"BIOSWING\",\"url\":\"https:\/\/staging.bioswing.ee\/fr\/\",\"logo\":{\"@type\":\"ImageObject\",\"inLanguage\":\"fr-FR\",\"@id\":\"https:\/\/staging.bioswing.ee\/fr\/#\/schema\/logo\/image\/\",\"url\":\"https:\/\/staging.bioswing.ee\/wp-content\/uploads\/2023\/04\/logo_web.png\",\"contentUrl\":\"https:\/\/staging.bioswing.ee\/wp-content\/uploads\/2023\/04\/logo_web.png\",\"width\":140,\"height\":122,\"caption\":\"BIOSWING\"},\"image\":{\"@id\":\"https:\/\/staging.bioswing.ee\/fr\/#\/schema\/logo\/image\/\"}}]}<\/script>\n<!-- \/ Yoast SEO plugin. -->","yoast_head_json":{"title":"BIOSWING 560 iQ DETENSOR - BIOSWING","robots":{"index":"noindex","follow":"follow","max-snippet":"max-snippet:-1","max-image-preview":"max-image-preview:large","max-video-preview":"max-video-preview:-1"},"og_locale":"fr_FR","og_type":"article","og_title":"BIOSWING 560 iQ DETENSOR - BIOSWING","og_description":"Si votre si\u00e8ge de bureau peut \u00eatre ajust\u00e9 plus pr\u00e9cis\u00e9ment \u00e0 votre morphologie, vous resterez en meilleure sant\u00e9 et plus motiv\u00e9 durant les p\u00e9riodes d\u2019assise prolong\u00e9es. Il est important que votre chaise tienne compte de votre anatomie individuelle et offre suffisamment d'options pour modifications et r\u00e9glages. Les options principales sont pr\u00e9sent\u00e9es ci-dessous. Une chaise de bureau BIOSWING de la s\u00e9rie 5 offre un maximum de mouvements. Gr\u00e2ce aux technologies int\u00e9gr\u00e9es, la s\u00e9rie 5 r\u00e9pond non seulement \u00e0 chaque mouvement de l'utilisateur, mais s'adapte \u00e9galement \u00e0 chaque posture adopt\u00e9e au cours d'une longue journ\u00e9e. Car apr\u00e8s tout : la meilleure posture est toujours la suivante. Les mouvements actifs combin\u00e9s \u00e0 une posture droite sont bons pour la colonne vert\u00e9brale. Gr\u00e2ce au r\u00e9glage individuel de l'inclinaison du si\u00e8ge, vous pouvez parfaitement adapter l\u2019inclinaison de n\u2019importe quel mod\u00e8le de la s\u00e9rie 5 \u00e0 vos besoins afin que votre colonne vert\u00e9brale garde sa forme naturelle en S gr\u00e2ce \u00e0 votre alignement pelvien.  T\u00e9l\u00e9charger la fiche produit (PDF)","og_url":"https:\/\/staging.bioswing.ee\/fr\/toode\/560-iq-detensor\/","og_site_name":"BIOSWING","article_modified_time":"2023-08-24T13:29:14+00:00","og_image":[{"width":1874,"height":2500,"url":"https:\/\/bioswing.ee\/wp-content\/uploads\/2023\/04\/560_IQ_Detensor.jpg","type":"image\/jpeg"}],"twitter_card":"summary_large_image","twitter_misc":{"Dur\u00e9e de lecture estim\u00e9e":"1 minute"},"schema":{"@context":"https:\/\/schema.org","@graph":[{"@type":"WebPage","@id":"https:\/\/staging.bioswing.ee\/fr\/toode\/560-iq-detensor\/","url":"https:\/\/staging.bioswing.ee\/fr\/toode\/560-iq-detensor\/","name":"BIOSWING 560 iQ DETENSOR - BIOSWING","isPartOf":{"@id":"https:\/\/staging.bioswing.ee\/fr\/#website"},"primaryImageOfPage":{"@id":"https:\/\/staging.bioswing.ee\/fr\/toode\/560-iq-detensor\/#primaryimage"},"image":{"@id":"https:\/\/staging.bioswing.ee\/fr\/toode\/560-iq-detensor\/#primaryimage"},"thumbnailUrl":"https:\/\/staging.bioswing.ee\/wp-content\/uploads\/2023\/04\/560_IQ_Detensor.jpg","datePublished":"2023-04-13T12:36:39+00:00","dateModified":"2023-08-24T13:29:14+00:00","breadcrumb":{"@id":"https:\/\/staging.bioswing.ee\/fr\/toode\/560-iq-detensor\/#breadcrumb"},"inLanguage":"fr-FR","potentialAction":[{"@type":"ReadAction","target":["https:\/\/staging.bioswing.ee\/fr\/toode\/560-iq-detensor\/"]}]},{"@type":"ImageObject","inLanguage":"fr-FR","@id":"https:\/\/staging.bioswing.ee\/fr\/toode\/560-iq-detensor\/#primaryimage","url":"https:\/\/staging.bioswing.ee\/wp-content\/uploads\/2023\/04\/560_IQ_Detensor.jpg","contentUrl":"https:\/\/staging.bioswing.ee\/wp-content\/uploads\/2023\/04\/560_IQ_Detensor.jpg","width":1874,"height":2500},{"@type":"BreadcrumbList","@id":"https:\/\/staging.bioswing.ee\/fr\/toode\/560-iq-detensor\/#breadcrumb","itemListElement":[{"@type":"ListItem","position":1,"name":"Home","item":"https:\/\/bioswing.ee\/fr\/"},{"@type":"ListItem","position":2,"name":"BOUTIQUE","item":"https:\/\/bioswing.ee\/fr\/shop\/"},{"@type":"ListItem","position":3,"name":"BIOSWING 560 iQ DETENSOR"}]},{"@type":"WebSite","@id":"https:\/\/staging.bioswing.ee\/fr\/#website","url":"https:\/\/staging.bioswing.ee\/fr\/","name":"BIOSWING","description":"Smart solutions for healthy sitting","publisher":{"@id":"https:\/\/staging.bioswing.ee\/fr\/#organization"},"potentialAction":[{"@type":"SearchAction","target":{"@type":"EntryPoint","urlTemplate":"https:\/\/staging.bioswing.ee\/fr\/?s={search_term_string}"},"query-input":{"@type":"PropertyValueSpecification","valueRequired":true,"valueName":"search_term_string"}}],"inLanguage":"fr-FR"},{"@type":"Organization","@id":"https:\/\/staging.bioswing.ee\/fr\/#organization","name":"BIOSWING","url":"https:\/\/staging.bioswing.ee\/fr\/","logo":{"@type":"ImageObject","inLanguage":"fr-FR","@id":"https:\/\/staging.bioswing.ee\/fr\/#\/schema\/logo\/image\/","url":"https:\/\/staging.bioswing.ee\/wp-content\/uploads\/2023\/04\/logo_web.png","contentUrl":"https:\/\/staging.bioswing.ee\/wp-content\/uploads\/2023\/04\/logo_web.png","width":140,"height":122,"caption":"BIOSWING"},"image":{"@id":"https:\/\/staging.bioswing.ee\/fr\/#\/schema\/logo\/image\/"}}]}},"_links":{"self":[{"href":"https:\/\/staging.bioswing.ee\/fr\/wp-json\/wp\/v2\/product\/4482","targetHints":{"allow":["GET"]}}],"collection":[{"href":"https:\/\/staging.bioswing.ee\/fr\/wp-json\/wp\/v2\/product"}],"about":[{"href":"https:\/\/staging.bioswing.ee\/fr\/wp-json\/wp\/v2\/types\/product"}],"wp:featuredmedia":[{"embeddable":true,"href":"https:\/\/staging.bioswing.ee\/fr\/wp-json\/wp\/v2\/media\/4489"}],"wp:attachment":[{"href":"https:\/\/staging.bioswing.ee\/fr\/wp-json\/wp\/v2\/media?parent=4482"}],"wp:term":[{"taxonomy":"product_brand","embeddable":true,"href":"https:\/\/staging.bioswing.ee\/fr\/wp-json\/wp\/v2\/product_brand?post=4482"},{"taxonomy":"product_cat","embeddable":true,"href":"https:\/\/staging.bioswing.ee\/fr\/wp-json\/wp\/v2\/product_cat?post=4482"},{"taxonomy":"product_tag","embeddable":true,"href":"https:\/\/staging.bioswing.ee\/fr\/wp-json\/wp\/v2\/product_tag?post=4482"}],"curies":[{"name":"wp","href":"https:\/\/api.w.org\/{rel}","templated":true}]}}