{"id":4497,"date":"2023-04-13T13:22:21","date_gmt":"2023-04-13T13:22:21","guid":{"rendered":"https:\/\/staging.bioswing.ee\/toode\/bioswing-660-iq\/"},"modified":"2024-12-05T12:10:01","modified_gmt":"2024-12-05T12:10:01","slug":"660-iq","status":"publish","type":"product","link":"https:\/\/staging.bioswing.ee\/fr\/toode\/660-iq\/","title":{"rendered":"BIOSWING 660 iQ"},"content":{"rendered":"<h3>BIOSWING 660 iQ<\/h3>\n<ul>\n<li>Chaise pivotante de bureau, ergonomique, avec effet orthop\u00e9dique<\/li>\n<li>M\u00e9canisme de si\u00e8ge 3D int\u00e9gr\u00e9 et adaptatif<\/li>\n<li>M\u00e9canisme synchrone avec r\u00e9glage automatique du poids (avec r\u00e9glage pr\u00e9cis)<\/li>\n<li>Accoudoirs 3D pour un r\u00e9glage multifonctionnel afin de s\u2019adapter \u00e0 diff\u00e9rentes positions de travail<\/li>\n<li>R\u00e9glage individuel de l\u2019inclinaison du si\u00e8ge gr\u00e2ce au ressort \u00e0 gaz, r\u00e9glable en continu<\/li>\n<li>Stabilisateur pelvien additionnel<\/li>\n<li>Profondeur d\u2019assise r\u00e9glable en fonction de la longueur des jambes<\/li>\n<li>Dossier r\u00e9glable en hauteur avec un soutien lombaire \u00e0 courbure qui est r\u00e9glable individuellement<\/li>\n<li>Support de nuque 3D avec r\u00e9glage continu en hauteur, en profondeur, et en inclinaison<\/li>\n<li>Hauteur du dossier : 60 cm<\/li>\n<li>Rev\u00eatement en tissu : Step, diff\u00e9rentes couleurs<\/li>\n<li>Pi\u00e8tement en \u00e9toile : Aluminium, brillant<\/li>\n<\/ul>\n<p><iframe title=\"YouTube video player\" src=\"https:\/\/www.youtube.com\/embed\/HZcjV5Wtxhk\" width=\"100%\" height=\"450\" frameborder=\"0\" allowfullscreen=\"allowfullscreen\"><\/iframe><\/p>\n<p><iframe title=\"YouTube video player\" src=\"https:\/\/www.youtube.com\/embed\/qK7H8w5w384?si=Agl9WEqG2YR7YQtd\" width=\"100%\" height=\"450\" frameborder=\"0\" allowfullscreen=\"allowfullscreen\"><\/iframe><\/p>\n","protected":false},"excerpt":{"rendered":"<h4>Si vous devez \u00eatre au sommet de vos performances au quotidien, il vous faut une chaise de bureau avec plus d\u2019avantages : BIOSWING, l\u2019amplificateur de performances.<\/h4>\n<p>Sur ce site, vous d\u00e9couvrirez comment cette technologie peut vous aider \u00e0 <strong>augmenter vos performances<\/strong>.<br \/>\nIl est important que votre chaise <strong>tienne compte de l\u2019anatomie individuelle<\/strong> et offre des options parfaites pour modifications et r\u00e9glages.<\/p>\n<h4>La chaise de bureau BIOSWING de la s\u00e9rie 6 offre un maximum de mouvement additionnel.<\/h4>\n<p>Gr\u00e2ce aux m\u00e9canismes int\u00e9gr\u00e9s sophistiqu\u00e9s, la s\u00e9rie 6 r\u00e9pond non seulement \u00e0 chacune de vos impulsions de mouvement, mais s&rsquo;adapte \u00e9galement avec une souplesse impressionante \u00e0 chaque posture que vous adoptez au cours d&rsquo;une longue journ\u00e9e.<\/p>\n<p>Le mouvement actif et le changement r\u00e9gulier de posture sont bons pour votre colonne vert\u00e9brale. Gr\u00e2ce au <strong>r\u00e9glage individuel de l&rsquo;inclinaison du si\u00e8ge<\/strong> et au <strong>stabilisateur pelvien<\/strong> avec un contact extr\u00eamement mou, vous pouvez facilement et correctement aligner votre bassin et, en m\u00eame temps, positionner votre colonne vert\u00e9brale en <strong>forme naturelle en S<\/strong>. Cela active un potentiel suppl\u00e9mentaire pour le corps et l\u2019esprit.<\/p>\n<p>Passer des heures \u00e0 travailler devant un ordinateur provoque de la fatigue.<br \/>\nNous devons garder notre t\u00eate, qui p\u00e8se environ cinq kilos, constamment fix\u00e9e dans une seule position, ce qui sollicite excessivement les muscles du cou et provoque des tensions douloureuses.<br \/>\nLe soulagement est procur\u00e9 par <strong>un support de nuque avec r\u00e9glage 3D<\/strong> permettant de <strong>br\u00e8ves phases intermittentes de relaxation<\/strong>, ce qui vous permet de <strong>d\u00e9tendre vos muscles sollicit\u00e9s<\/strong>. <\/p>\n<p><strong>La hauteur du dossier du BIOSWING 660 iQ est de 60 cm<\/strong> (la hauteur du dossier du BIOSWING 670 iQ est de 70 cm).<\/p>\n<p><img decoding=\"async\" class=\"alignnone wp-image-916\" src=\"https:\/\/staging.bioswing.ee\/wp-content\/uploads\/2023\/04\/pdf.png\" alt=\"pdf\" width=\"19\" height=\"20\"> <a href=\"https:\/\/staging.bioswing.ee\/wp-content\/uploads\/2023\/04\/produktblatt_660_v05_EN.pdf\" target=\"_blank\" rel=\"noopener\">T\u00e9l\u00e9charger la fiche produit (PDF)<\/a><\/p>\n","protected":false},"featured_media":4558,"template":"","meta":[],"product_brand":[],"product_cat":[304],"product_tag":[],"class_list":{"0":"post-4497","1":"product","2":"type-product","3":"status-publish","4":"has-post-thumbnail","6":"product_cat-gestion","8":"first","9":"instock","10":"sale","11":"taxable","12":"shipping-taxable","13":"purchasable","14":"product-type-variable","15":"has-default-attributes"},"yoast_head":"<!-- This site is optimized with the Yoast SEO plugin v27.1.1 - https:\/\/yoast.com\/product\/yoast-seo-wordpress\/ -->\n<title>BIOSWING 660 iQ - BIOSWING<\/title>\n<meta name=\"robots\" content=\"noindex, follow, max-snippet:-1, max-image-preview:large, max-video-preview:-1\" \/>\n<meta property=\"og:locale\" content=\"fr_FR\" \/>\n<meta property=\"og:type\" content=\"article\" \/>\n<meta property=\"og:title\" content=\"BIOSWING 660 iQ - BIOSWING\" \/>\n<meta property=\"og:description\" content=\"Si vous devez \u00eatre au sommet de vos performances au quotidien, il vous faut une chaise de bureau avec plus d\u2019avantages : BIOSWING, l\u2019amplificateur de performances. Sur ce site, vous d\u00e9couvrirez comment cette technologie peut vous aider \u00e0 augmenter vos performances. Il est important que votre chaise tienne compte de l\u2019anatomie individuelle et offre des options parfaites pour modifications et r\u00e9glages.  La chaise de bureau BIOSWING de la s\u00e9rie 6 offre un maximum de mouvement additionnel. Gr\u00e2ce aux m\u00e9canismes int\u00e9gr\u00e9s sophistiqu\u00e9s, la s\u00e9rie 6 r\u00e9pond non seulement \u00e0 chacune de vos impulsions de mouvement, mais s&#039;adapte \u00e9galement avec une souplesse impressionante \u00e0 chaque posture que vous adoptez au cours d&#039;une longue journ\u00e9e. Le mouvement actif et le changement r\u00e9gulier de posture sont bons pour votre colonne vert\u00e9brale. Gr\u00e2ce au r\u00e9glage individuel de l&#039;inclinaison du si\u00e8ge et au stabilisateur pelvien avec un contact extr\u00eamement mou, vous pouvez facilement et correctement aligner votre bassin et, en m\u00eame temps, positionner votre colonne vert\u00e9brale en forme naturelle en S. Cela active un potentiel suppl\u00e9mentaire pour le corps et l\u2019esprit. Passer des heures \u00e0 travailler devant un ordinateur provoque de la fatigue. Nous devons garder notre t\u00eate, qui p\u00e8se environ cinq kilos, constamment fix\u00e9e dans une seule position, ce qui sollicite excessivement les muscles du cou et provoque des tensions douloureuses. Le soulagement est procur\u00e9 par un support de nuque avec r\u00e9glage 3D permettant de br\u00e8ves phases intermittentes de relaxation, ce qui vous permet de d\u00e9tendre vos muscles sollicit\u00e9s.   La hauteur du dossier du BIOSWING 660 iQ est de 60 cm (la hauteur du dossier du BIOSWING 670 iQ est de 70 cm).  T\u00e9l\u00e9charger la fiche produit (PDF)\" \/>\n<meta property=\"og:url\" content=\"https:\/\/staging.bioswing.ee\/fr\/toode\/660-iq\/\" \/>\n<meta property=\"og:site_name\" content=\"BIOSWING\" \/>\n<meta property=\"article:modified_time\" content=\"2024-12-05T12:10:01+00:00\" \/>\n<meta property=\"og:image\" content=\"https:\/\/bioswing.ee\/wp-content\/uploads\/2023\/04\/660_IQ.jpg\" \/>\n\t<meta property=\"og:image:width\" content=\"1874\" \/>\n\t<meta property=\"og:image:height\" content=\"2500\" \/>\n\t<meta property=\"og:image:type\" content=\"image\/jpeg\" \/>\n<meta name=\"twitter:card\" content=\"summary_large_image\" \/>\n<meta name=\"twitter:label1\" content=\"Dur\u00e9e de lecture estim\u00e9e\" \/>\n\t<meta name=\"twitter:data1\" content=\"1 minute\" \/>\n<script type=\"application\/ld+json\" class=\"yoast-schema-graph\">{\"@context\":\"https:\/\/schema.org\",\"@graph\":[{\"@type\":\"WebPage\",\"@id\":\"https:\/\/staging.bioswing.ee\/fr\/toode\/660-iq\/\",\"url\":\"https:\/\/staging.bioswing.ee\/fr\/toode\/660-iq\/\",\"name\":\"BIOSWING 660 iQ - BIOSWING\",\"isPartOf\":{\"@id\":\"https:\/\/staging.bioswing.ee\/fr\/#website\"},\"primaryImageOfPage\":{\"@id\":\"https:\/\/staging.bioswing.ee\/fr\/toode\/660-iq\/#primaryimage\"},\"image\":{\"@id\":\"https:\/\/staging.bioswing.ee\/fr\/toode\/660-iq\/#primaryimage\"},\"thumbnailUrl\":\"https:\/\/staging.bioswing.ee\/wp-content\/uploads\/2023\/04\/660_IQ.jpg\",\"datePublished\":\"2023-04-13T13:22:21+00:00\",\"dateModified\":\"2024-12-05T12:10:01+00:00\",\"breadcrumb\":{\"@id\":\"https:\/\/staging.bioswing.ee\/fr\/toode\/660-iq\/#breadcrumb\"},\"inLanguage\":\"fr-FR\",\"potentialAction\":[{\"@type\":\"ReadAction\",\"target\":[\"https:\/\/staging.bioswing.ee\/fr\/toode\/660-iq\/\"]}]},{\"@type\":\"ImageObject\",\"inLanguage\":\"fr-FR\",\"@id\":\"https:\/\/staging.bioswing.ee\/fr\/toode\/660-iq\/#primaryimage\",\"url\":\"https:\/\/staging.bioswing.ee\/wp-content\/uploads\/2023\/04\/660_IQ.jpg\",\"contentUrl\":\"https:\/\/staging.bioswing.ee\/wp-content\/uploads\/2023\/04\/660_IQ.jpg\",\"width\":1874,\"height\":2500},{\"@type\":\"BreadcrumbList\",\"@id\":\"https:\/\/staging.bioswing.ee\/fr\/toode\/660-iq\/#breadcrumb\",\"itemListElement\":[{\"@type\":\"ListItem\",\"position\":1,\"name\":\"Home\",\"item\":\"https:\/\/bioswing.ee\/fr\/\"},{\"@type\":\"ListItem\",\"position\":2,\"name\":\"BOUTIQUE\",\"item\":\"https:\/\/bioswing.ee\/fr\/shop\/\"},{\"@type\":\"ListItem\",\"position\":3,\"name\":\"BIOSWING 660 iQ\"}]},{\"@type\":\"WebSite\",\"@id\":\"https:\/\/staging.bioswing.ee\/fr\/#website\",\"url\":\"https:\/\/staging.bioswing.ee\/fr\/\",\"name\":\"BIOSWING\",\"description\":\"Smart solutions for healthy sitting\",\"publisher\":{\"@id\":\"https:\/\/staging.bioswing.ee\/fr\/#organization\"},\"potentialAction\":[{\"@type\":\"SearchAction\",\"target\":{\"@type\":\"EntryPoint\",\"urlTemplate\":\"https:\/\/staging.bioswing.ee\/fr\/?s={search_term_string}\"},\"query-input\":{\"@type\":\"PropertyValueSpecification\",\"valueRequired\":true,\"valueName\":\"search_term_string\"}}],\"inLanguage\":\"fr-FR\"},{\"@type\":\"Organization\",\"@id\":\"https:\/\/staging.bioswing.ee\/fr\/#organization\",\"name\":\"BIOSWING\",\"url\":\"https:\/\/staging.bioswing.ee\/fr\/\",\"logo\":{\"@type\":\"ImageObject\",\"inLanguage\":\"fr-FR\",\"@id\":\"https:\/\/staging.bioswing.ee\/fr\/#\/schema\/logo\/image\/\",\"url\":\"https:\/\/staging.bioswing.ee\/wp-content\/uploads\/2023\/04\/logo_web.png\",\"contentUrl\":\"https:\/\/staging.bioswing.ee\/wp-content\/uploads\/2023\/04\/logo_web.png\",\"width\":140,\"height\":122,\"caption\":\"BIOSWING\"},\"image\":{\"@id\":\"https:\/\/staging.bioswing.ee\/fr\/#\/schema\/logo\/image\/\"}}]}<\/script>\n<!-- \/ Yoast SEO plugin. -->","yoast_head_json":{"title":"BIOSWING 660 iQ - BIOSWING","robots":{"index":"noindex","follow":"follow","max-snippet":"max-snippet:-1","max-image-preview":"max-image-preview:large","max-video-preview":"max-video-preview:-1"},"og_locale":"fr_FR","og_type":"article","og_title":"BIOSWING 660 iQ - BIOSWING","og_description":"Si vous devez \u00eatre au sommet de vos performances au quotidien, il vous faut une chaise de bureau avec plus d\u2019avantages : BIOSWING, l\u2019amplificateur de performances. Sur ce site, vous d\u00e9couvrirez comment cette technologie peut vous aider \u00e0 augmenter vos performances. Il est important que votre chaise tienne compte de l\u2019anatomie individuelle et offre des options parfaites pour modifications et r\u00e9glages.  La chaise de bureau BIOSWING de la s\u00e9rie 6 offre un maximum de mouvement additionnel. Gr\u00e2ce aux m\u00e9canismes int\u00e9gr\u00e9s sophistiqu\u00e9s, la s\u00e9rie 6 r\u00e9pond non seulement \u00e0 chacune de vos impulsions de mouvement, mais s'adapte \u00e9galement avec une souplesse impressionante \u00e0 chaque posture que vous adoptez au cours d'une longue journ\u00e9e. Le mouvement actif et le changement r\u00e9gulier de posture sont bons pour votre colonne vert\u00e9brale. Gr\u00e2ce au r\u00e9glage individuel de l'inclinaison du si\u00e8ge et au stabilisateur pelvien avec un contact extr\u00eamement mou, vous pouvez facilement et correctement aligner votre bassin et, en m\u00eame temps, positionner votre colonne vert\u00e9brale en forme naturelle en S. Cela active un potentiel suppl\u00e9mentaire pour le corps et l\u2019esprit. Passer des heures \u00e0 travailler devant un ordinateur provoque de la fatigue. Nous devons garder notre t\u00eate, qui p\u00e8se environ cinq kilos, constamment fix\u00e9e dans une seule position, ce qui sollicite excessivement les muscles du cou et provoque des tensions douloureuses. Le soulagement est procur\u00e9 par un support de nuque avec r\u00e9glage 3D permettant de br\u00e8ves phases intermittentes de relaxation, ce qui vous permet de d\u00e9tendre vos muscles sollicit\u00e9s.   La hauteur du dossier du BIOSWING 660 iQ est de 60 cm (la hauteur du dossier du BIOSWING 670 iQ est de 70 cm).  T\u00e9l\u00e9charger la fiche produit (PDF)","og_url":"https:\/\/staging.bioswing.ee\/fr\/toode\/660-iq\/","og_site_name":"BIOSWING","article_modified_time":"2024-12-05T12:10:01+00:00","og_image":[{"width":1874,"height":2500,"url":"https:\/\/bioswing.ee\/wp-content\/uploads\/2023\/04\/660_IQ.jpg","type":"image\/jpeg"}],"twitter_card":"summary_large_image","twitter_misc":{"Dur\u00e9e de lecture estim\u00e9e":"1 minute"},"schema":{"@context":"https:\/\/schema.org","@graph":[{"@type":"WebPage","@id":"https:\/\/staging.bioswing.ee\/fr\/toode\/660-iq\/","url":"https:\/\/staging.bioswing.ee\/fr\/toode\/660-iq\/","name":"BIOSWING 660 iQ - BIOSWING","isPartOf":{"@id":"https:\/\/staging.bioswing.ee\/fr\/#website"},"primaryImageOfPage":{"@id":"https:\/\/staging.bioswing.ee\/fr\/toode\/660-iq\/#primaryimage"},"image":{"@id":"https:\/\/staging.bioswing.ee\/fr\/toode\/660-iq\/#primaryimage"},"thumbnailUrl":"https:\/\/staging.bioswing.ee\/wp-content\/uploads\/2023\/04\/660_IQ.jpg","datePublished":"2023-04-13T13:22:21+00:00","dateModified":"2024-12-05T12:10:01+00:00","breadcrumb":{"@id":"https:\/\/staging.bioswing.ee\/fr\/toode\/660-iq\/#breadcrumb"},"inLanguage":"fr-FR","potentialAction":[{"@type":"ReadAction","target":["https:\/\/staging.bioswing.ee\/fr\/toode\/660-iq\/"]}]},{"@type":"ImageObject","inLanguage":"fr-FR","@id":"https:\/\/staging.bioswing.ee\/fr\/toode\/660-iq\/#primaryimage","url":"https:\/\/staging.bioswing.ee\/wp-content\/uploads\/2023\/04\/660_IQ.jpg","contentUrl":"https:\/\/staging.bioswing.ee\/wp-content\/uploads\/2023\/04\/660_IQ.jpg","width":1874,"height":2500},{"@type":"BreadcrumbList","@id":"https:\/\/staging.bioswing.ee\/fr\/toode\/660-iq\/#breadcrumb","itemListElement":[{"@type":"ListItem","position":1,"name":"Home","item":"https:\/\/bioswing.ee\/fr\/"},{"@type":"ListItem","position":2,"name":"BOUTIQUE","item":"https:\/\/bioswing.ee\/fr\/shop\/"},{"@type":"ListItem","position":3,"name":"BIOSWING 660 iQ"}]},{"@type":"WebSite","@id":"https:\/\/staging.bioswing.ee\/fr\/#website","url":"https:\/\/staging.bioswing.ee\/fr\/","name":"BIOSWING","description":"Smart solutions for healthy sitting","publisher":{"@id":"https:\/\/staging.bioswing.ee\/fr\/#organization"},"potentialAction":[{"@type":"SearchAction","target":{"@type":"EntryPoint","urlTemplate":"https:\/\/staging.bioswing.ee\/fr\/?s={search_term_string}"},"query-input":{"@type":"PropertyValueSpecification","valueRequired":true,"valueName":"search_term_string"}}],"inLanguage":"fr-FR"},{"@type":"Organization","@id":"https:\/\/staging.bioswing.ee\/fr\/#organization","name":"BIOSWING","url":"https:\/\/staging.bioswing.ee\/fr\/","logo":{"@type":"ImageObject","inLanguage":"fr-FR","@id":"https:\/\/staging.bioswing.ee\/fr\/#\/schema\/logo\/image\/","url":"https:\/\/staging.bioswing.ee\/wp-content\/uploads\/2023\/04\/logo_web.png","contentUrl":"https:\/\/staging.bioswing.ee\/wp-content\/uploads\/2023\/04\/logo_web.png","width":140,"height":122,"caption":"BIOSWING"},"image":{"@id":"https:\/\/staging.bioswing.ee\/fr\/#\/schema\/logo\/image\/"}}]}},"_links":{"self":[{"href":"https:\/\/staging.bioswing.ee\/fr\/wp-json\/wp\/v2\/product\/4497","targetHints":{"allow":["GET"]}}],"collection":[{"href":"https:\/\/staging.bioswing.ee\/fr\/wp-json\/wp\/v2\/product"}],"about":[{"href":"https:\/\/staging.bioswing.ee\/fr\/wp-json\/wp\/v2\/types\/product"}],"wp:featuredmedia":[{"embeddable":true,"href":"https:\/\/staging.bioswing.ee\/fr\/wp-json\/wp\/v2\/media\/4558"}],"wp:attachment":[{"href":"https:\/\/staging.bioswing.ee\/fr\/wp-json\/wp\/v2\/media?parent=4497"}],"wp:term":[{"taxonomy":"product_brand","embeddable":true,"href":"https:\/\/staging.bioswing.ee\/fr\/wp-json\/wp\/v2\/product_brand?post=4497"},{"taxonomy":"product_cat","embeddable":true,"href":"https:\/\/staging.bioswing.ee\/fr\/wp-json\/wp\/v2\/product_cat?post=4497"},{"taxonomy":"product_tag","embeddable":true,"href":"https:\/\/staging.bioswing.ee\/fr\/wp-json\/wp\/v2\/product_tag?post=4497"}],"curies":[{"name":"wp","href":"https:\/\/api.w.org\/{rel}","templated":true}]}}