{"id":4637,"date":"2023-04-14T11:41:18","date_gmt":"2023-04-14T11:41:18","guid":{"rendered":"https:\/\/staging.bioswing.ee\/toode\/bioswing-780-iq\/"},"modified":"2023-08-24T13:29:22","modified_gmt":"2023-08-24T13:29:22","slug":"780-iq","status":"publish","type":"product","link":"https:\/\/staging.bioswing.ee\/fr\/toode\/780-iq\/","title":{"rendered":"BIOSWING 780 iQ"},"content":{"rendered":"<h3>BIOSWING 780 iQ<\/h3>\n<ul>\n<li>Chaise pivotante de bureau, ergonomique, avec effet orthop\u00e9dique<\/li>\n<li>M\u00e9canisme de si\u00e8ge 3D int\u00e9gr\u00e9 et adaptatif<\/li>\n<li>M\u00e9canisme synchrone avec r\u00e9glage individuel du poids<\/li>\n<li>Accoudoirs en cuir avec r\u00e9glage individuel en hauteur<\/li>\n<li>R\u00e9glage individuel de l\u2019inclinaison du si\u00e8ge gr\u00e2ce au ressort \u00e0 gaz, r\u00e9glable en continu<\/li>\n<li>Stabilisateur pelvien additionnel<\/li>\n<li>Profondeur d\u2019assise r\u00e9glable en fonction de la longueur des jambes<\/li>\n<li>Dossier avec support de nuque int\u00e9gr\u00e9 r\u00e9glable en hauteur avec un soutien lombaire \u00e0 courbure qui est r\u00e9glable individuellement et en hauteur<\/li>\n<li>Hauteur du dossier : 80 cm<\/li>\n<li>Th\u00e8mes : Cuir de vachette en diff\u00e9rentes couleurs<\/li>\n<li>Pi\u00e8tement en \u00e9toile : Aluminium, brillant<\/li>\n<li>Roulettes : chrom\u00e9es<\/li>\n<\/ul>\n<p><iframe width=\"100%\" height=\"450\" src=\"https:\/\/www.youtube.com\/embed\/WkNjcHLZfsA\" title=\"YouTube video player\" frameborder=\"0\" allow=\"accelerometer; autoplay; clipboard-write; encrypted-media; gyroscope; picture-in-picture; web-share\" allowfullscreen=\"\"><\/iframe><\/p>\n<p><iframe width=\"100%\" height=\"450\" src=\"https:\/\/www.youtube.com\/embed\/RdAkGYfQRU0?si=iZjPFPN7BfNfVNQH\" title=\"YouTube video player\" frameborder=\"0\" allow=\"accelerometer; autoplay; clipboard-write; encrypted-media; gyroscope; picture-in-picture; web-share\" allowfullscreen=\"\"><\/iframe><\/p>\n","protected":false},"excerpt":{"rendered":"<h4>Si vous devez \u00eatre au sommet de vos performances au quotidien, il vous faut une chaise de bureau avec plus d\u2019avantages : BIOSWING, l\u2019amplificateur de performances.<\/h4>\n<p>Sur ce site, vous d\u00e9couvrirez comment cette technologie peut vous aider \u00e0 <strong>augmenter vos performances<\/strong>.<\/p>\n<p>Il est important que votre chaise <strong>tienne compte de l\u2019anatomie individuelle<\/strong> et offre des options parfaites pour modifications et r\u00e9glages.<\/p>\n<h4>Le BIOSWING de la s\u00e9rie 7 offre un maximum de confort et de luxe. Cela sans n\u00e9gliger les aspects sanitaires tels que la promotion de mouvements cibl\u00e9s en position assise et l\u2019ergonomie.<\/h4>\n<p>Cette s\u00e9rie, comme toutes les autres, s\u2019adapte avec une parfaite harmonie \u00e0 chaque posture adopt\u00e9e au cours d\u2019une longue journ\u00e9e et offre toute une multitude des caract\u00e9ristiques uniques pour une d\u00e9tente suppl\u00e9mentaire.<\/p>\n<p>Le mouvement actif et le changement r\u00e9gulier de posture sont bons pour votre colonne vert\u00e9brale. Gr\u00e2ce au <strong>r\u00e9glage individuel de l&rsquo;inclinaison du si\u00e8ge<\/strong> et au <strong>stabilisateur pelvien<\/strong> avec un contact extr\u00eamement mou, vous pouvez facilement et correctement aligner votre bassin et, en m\u00eame temps, positionner votre colonne vert\u00e9brale en <strong>forme naturelle en S<\/strong>.<\/p>\n<h4>Le BIOSWING de la s\u00e9rie 7 offre un maximum de confort et de luxe. Cela sans n\u00e9gliger les aspects sanitaires tels que la promotion de mouvements cibl\u00e9s en position assise et l\u2019ergonomie.<\/h4>\n<p>Cette s\u00e9rie, comme toutes les autres, s\u2019adapte avec une parfaite harmonie \u00e0 chaque posture adopt\u00e9e au cours d\u2019une longue journ\u00e9e et offre toute une multitude des caract\u00e9ristiques uniques pour une d\u00e9tente suppl\u00e9mentaire.<\/p>\n<p><img decoding=\"async\" class=\"alignnone wp-image-916\" src=\"https:\/\/staging.bioswing.ee\/wp-content\/uploads\/2023\/04\/pdf.png\" alt=\"pdf\" width=\"19\" height=\"20\"> <a href=\"https:\/\/staging.bioswing.ee\/wp-content\/uploads\/2023\/04\/produktblatt_780_v02_EN.pdf\" target=\"_blank\" rel=\"noopener\">T\u00e9l\u00e9charger la fiche produit (PDF)<\/a><\/p>\n","protected":false},"featured_media":4646,"template":"","meta":[],"product_brand":[],"product_cat":[304],"product_tag":[],"class_list":{"0":"post-4637","1":"product","2":"type-product","3":"status-publish","4":"has-post-thumbnail","6":"product_cat-gestion","8":"first","9":"instock","10":"taxable","11":"shipping-taxable","12":"product-type-simple"},"yoast_head":"<!-- This site is optimized with the Yoast SEO plugin v27.1.1 - https:\/\/yoast.com\/product\/yoast-seo-wordpress\/ -->\n<title>BIOSWING 780 iQ - BIOSWING<\/title>\n<meta name=\"robots\" content=\"noindex, follow, max-snippet:-1, max-image-preview:large, max-video-preview:-1\" \/>\n<meta property=\"og:locale\" content=\"fr_FR\" \/>\n<meta property=\"og:type\" content=\"article\" \/>\n<meta property=\"og:title\" content=\"BIOSWING 780 iQ - BIOSWING\" \/>\n<meta property=\"og:description\" content=\"Si vous devez \u00eatre au sommet de vos performances au quotidien, il vous faut une chaise de bureau avec plus d\u2019avantages : BIOSWING, l\u2019amplificateur de performances. Sur ce site, vous d\u00e9couvrirez comment cette technologie peut vous aider \u00e0 augmenter vos performances. Il est important que votre chaise tienne compte de l\u2019anatomie individuelle et offre des options parfaites pour modifications et r\u00e9glages. Le BIOSWING de la s\u00e9rie 7 offre un maximum de confort et de luxe. Cela sans n\u00e9gliger les aspects sanitaires tels que la promotion de mouvements cibl\u00e9s en position assise et l\u2019ergonomie. Cette s\u00e9rie, comme toutes les autres, s\u2019adapte avec une parfaite harmonie \u00e0 chaque posture adopt\u00e9e au cours d\u2019une longue journ\u00e9e et offre toute une multitude des caract\u00e9ristiques uniques pour une d\u00e9tente suppl\u00e9mentaire. Le mouvement actif et le changement r\u00e9gulier de posture sont bons pour votre colonne vert\u00e9brale. Gr\u00e2ce au r\u00e9glage individuel de l&#039;inclinaison du si\u00e8ge et au stabilisateur pelvien avec un contact extr\u00eamement mou, vous pouvez facilement et correctement aligner votre bassin et, en m\u00eame temps, positionner votre colonne vert\u00e9brale en forme naturelle en S. Le BIOSWING de la s\u00e9rie 7 offre un maximum de confort et de luxe. Cela sans n\u00e9gliger les aspects sanitaires tels que la promotion de mouvements cibl\u00e9s en position assise et l\u2019ergonomie. Cette s\u00e9rie, comme toutes les autres, s\u2019adapte avec une parfaite harmonie \u00e0 chaque posture adopt\u00e9e au cours d\u2019une longue journ\u00e9e et offre toute une multitude des caract\u00e9ristiques uniques pour une d\u00e9tente suppl\u00e9mentaire.  T\u00e9l\u00e9charger la fiche produit (PDF)\" \/>\n<meta property=\"og:url\" content=\"https:\/\/staging.bioswing.ee\/fr\/toode\/780-iq\/\" \/>\n<meta property=\"og:site_name\" content=\"BIOSWING\" \/>\n<meta property=\"article:modified_time\" content=\"2023-08-24T13:29:22+00:00\" \/>\n<meta property=\"og:image\" content=\"https:\/\/bioswing.ee\/wp-content\/uploads\/2023\/04\/780_IQ.jpg\" \/>\n\t<meta property=\"og:image:width\" content=\"1874\" \/>\n\t<meta property=\"og:image:height\" content=\"2500\" \/>\n\t<meta property=\"og:image:type\" content=\"image\/jpeg\" \/>\n<meta name=\"twitter:card\" content=\"summary_large_image\" \/>\n<meta name=\"twitter:label1\" content=\"Dur\u00e9e de lecture estim\u00e9e\" \/>\n\t<meta name=\"twitter:data1\" content=\"1 minute\" \/>\n<script type=\"application\/ld+json\" class=\"yoast-schema-graph\">{\"@context\":\"https:\/\/schema.org\",\"@graph\":[{\"@type\":\"WebPage\",\"@id\":\"https:\/\/staging.bioswing.ee\/fr\/toode\/780-iq\/\",\"url\":\"https:\/\/staging.bioswing.ee\/fr\/toode\/780-iq\/\",\"name\":\"BIOSWING 780 iQ - BIOSWING\",\"isPartOf\":{\"@id\":\"https:\/\/staging.bioswing.ee\/fr\/#website\"},\"primaryImageOfPage\":{\"@id\":\"https:\/\/staging.bioswing.ee\/fr\/toode\/780-iq\/#primaryimage\"},\"image\":{\"@id\":\"https:\/\/staging.bioswing.ee\/fr\/toode\/780-iq\/#primaryimage\"},\"thumbnailUrl\":\"https:\/\/staging.bioswing.ee\/wp-content\/uploads\/2023\/04\/780_IQ.jpg\",\"datePublished\":\"2023-04-14T11:41:18+00:00\",\"dateModified\":\"2023-08-24T13:29:22+00:00\",\"breadcrumb\":{\"@id\":\"https:\/\/staging.bioswing.ee\/fr\/toode\/780-iq\/#breadcrumb\"},\"inLanguage\":\"fr-FR\",\"potentialAction\":[{\"@type\":\"ReadAction\",\"target\":[\"https:\/\/staging.bioswing.ee\/fr\/toode\/780-iq\/\"]}]},{\"@type\":\"ImageObject\",\"inLanguage\":\"fr-FR\",\"@id\":\"https:\/\/staging.bioswing.ee\/fr\/toode\/780-iq\/#primaryimage\",\"url\":\"https:\/\/staging.bioswing.ee\/wp-content\/uploads\/2023\/04\/780_IQ.jpg\",\"contentUrl\":\"https:\/\/staging.bioswing.ee\/wp-content\/uploads\/2023\/04\/780_IQ.jpg\",\"width\":1874,\"height\":2500},{\"@type\":\"BreadcrumbList\",\"@id\":\"https:\/\/staging.bioswing.ee\/fr\/toode\/780-iq\/#breadcrumb\",\"itemListElement\":[{\"@type\":\"ListItem\",\"position\":1,\"name\":\"Home\",\"item\":\"https:\/\/bioswing.ee\/fr\/\"},{\"@type\":\"ListItem\",\"position\":2,\"name\":\"BOUTIQUE\",\"item\":\"https:\/\/bioswing.ee\/fr\/shop\/\"},{\"@type\":\"ListItem\",\"position\":3,\"name\":\"BIOSWING 780 iQ\"}]},{\"@type\":\"WebSite\",\"@id\":\"https:\/\/staging.bioswing.ee\/fr\/#website\",\"url\":\"https:\/\/staging.bioswing.ee\/fr\/\",\"name\":\"BIOSWING\",\"description\":\"Smart solutions for healthy sitting\",\"publisher\":{\"@id\":\"https:\/\/staging.bioswing.ee\/fr\/#organization\"},\"potentialAction\":[{\"@type\":\"SearchAction\",\"target\":{\"@type\":\"EntryPoint\",\"urlTemplate\":\"https:\/\/staging.bioswing.ee\/fr\/?s={search_term_string}\"},\"query-input\":{\"@type\":\"PropertyValueSpecification\",\"valueRequired\":true,\"valueName\":\"search_term_string\"}}],\"inLanguage\":\"fr-FR\"},{\"@type\":\"Organization\",\"@id\":\"https:\/\/staging.bioswing.ee\/fr\/#organization\",\"name\":\"BIOSWING\",\"url\":\"https:\/\/staging.bioswing.ee\/fr\/\",\"logo\":{\"@type\":\"ImageObject\",\"inLanguage\":\"fr-FR\",\"@id\":\"https:\/\/staging.bioswing.ee\/fr\/#\/schema\/logo\/image\/\",\"url\":\"https:\/\/staging.bioswing.ee\/wp-content\/uploads\/2023\/04\/logo_web.png\",\"contentUrl\":\"https:\/\/staging.bioswing.ee\/wp-content\/uploads\/2023\/04\/logo_web.png\",\"width\":140,\"height\":122,\"caption\":\"BIOSWING\"},\"image\":{\"@id\":\"https:\/\/staging.bioswing.ee\/fr\/#\/schema\/logo\/image\/\"}}]}<\/script>\n<!-- \/ Yoast SEO plugin. -->","yoast_head_json":{"title":"BIOSWING 780 iQ - BIOSWING","robots":{"index":"noindex","follow":"follow","max-snippet":"max-snippet:-1","max-image-preview":"max-image-preview:large","max-video-preview":"max-video-preview:-1"},"og_locale":"fr_FR","og_type":"article","og_title":"BIOSWING 780 iQ - BIOSWING","og_description":"Si vous devez \u00eatre au sommet de vos performances au quotidien, il vous faut une chaise de bureau avec plus d\u2019avantages : BIOSWING, l\u2019amplificateur de performances. Sur ce site, vous d\u00e9couvrirez comment cette technologie peut vous aider \u00e0 augmenter vos performances. Il est important que votre chaise tienne compte de l\u2019anatomie individuelle et offre des options parfaites pour modifications et r\u00e9glages. Le BIOSWING de la s\u00e9rie 7 offre un maximum de confort et de luxe. Cela sans n\u00e9gliger les aspects sanitaires tels que la promotion de mouvements cibl\u00e9s en position assise et l\u2019ergonomie. Cette s\u00e9rie, comme toutes les autres, s\u2019adapte avec une parfaite harmonie \u00e0 chaque posture adopt\u00e9e au cours d\u2019une longue journ\u00e9e et offre toute une multitude des caract\u00e9ristiques uniques pour une d\u00e9tente suppl\u00e9mentaire. Le mouvement actif et le changement r\u00e9gulier de posture sont bons pour votre colonne vert\u00e9brale. Gr\u00e2ce au r\u00e9glage individuel de l'inclinaison du si\u00e8ge et au stabilisateur pelvien avec un contact extr\u00eamement mou, vous pouvez facilement et correctement aligner votre bassin et, en m\u00eame temps, positionner votre colonne vert\u00e9brale en forme naturelle en S. Le BIOSWING de la s\u00e9rie 7 offre un maximum de confort et de luxe. Cela sans n\u00e9gliger les aspects sanitaires tels que la promotion de mouvements cibl\u00e9s en position assise et l\u2019ergonomie. Cette s\u00e9rie, comme toutes les autres, s\u2019adapte avec une parfaite harmonie \u00e0 chaque posture adopt\u00e9e au cours d\u2019une longue journ\u00e9e et offre toute une multitude des caract\u00e9ristiques uniques pour une d\u00e9tente suppl\u00e9mentaire.  T\u00e9l\u00e9charger la fiche produit (PDF)","og_url":"https:\/\/staging.bioswing.ee\/fr\/toode\/780-iq\/","og_site_name":"BIOSWING","article_modified_time":"2023-08-24T13:29:22+00:00","og_image":[{"width":1874,"height":2500,"url":"https:\/\/bioswing.ee\/wp-content\/uploads\/2023\/04\/780_IQ.jpg","type":"image\/jpeg"}],"twitter_card":"summary_large_image","twitter_misc":{"Dur\u00e9e de lecture estim\u00e9e":"1 minute"},"schema":{"@context":"https:\/\/schema.org","@graph":[{"@type":"WebPage","@id":"https:\/\/staging.bioswing.ee\/fr\/toode\/780-iq\/","url":"https:\/\/staging.bioswing.ee\/fr\/toode\/780-iq\/","name":"BIOSWING 780 iQ - BIOSWING","isPartOf":{"@id":"https:\/\/staging.bioswing.ee\/fr\/#website"},"primaryImageOfPage":{"@id":"https:\/\/staging.bioswing.ee\/fr\/toode\/780-iq\/#primaryimage"},"image":{"@id":"https:\/\/staging.bioswing.ee\/fr\/toode\/780-iq\/#primaryimage"},"thumbnailUrl":"https:\/\/staging.bioswing.ee\/wp-content\/uploads\/2023\/04\/780_IQ.jpg","datePublished":"2023-04-14T11:41:18+00:00","dateModified":"2023-08-24T13:29:22+00:00","breadcrumb":{"@id":"https:\/\/staging.bioswing.ee\/fr\/toode\/780-iq\/#breadcrumb"},"inLanguage":"fr-FR","potentialAction":[{"@type":"ReadAction","target":["https:\/\/staging.bioswing.ee\/fr\/toode\/780-iq\/"]}]},{"@type":"ImageObject","inLanguage":"fr-FR","@id":"https:\/\/staging.bioswing.ee\/fr\/toode\/780-iq\/#primaryimage","url":"https:\/\/staging.bioswing.ee\/wp-content\/uploads\/2023\/04\/780_IQ.jpg","contentUrl":"https:\/\/staging.bioswing.ee\/wp-content\/uploads\/2023\/04\/780_IQ.jpg","width":1874,"height":2500},{"@type":"BreadcrumbList","@id":"https:\/\/staging.bioswing.ee\/fr\/toode\/780-iq\/#breadcrumb","itemListElement":[{"@type":"ListItem","position":1,"name":"Home","item":"https:\/\/bioswing.ee\/fr\/"},{"@type":"ListItem","position":2,"name":"BOUTIQUE","item":"https:\/\/bioswing.ee\/fr\/shop\/"},{"@type":"ListItem","position":3,"name":"BIOSWING 780 iQ"}]},{"@type":"WebSite","@id":"https:\/\/staging.bioswing.ee\/fr\/#website","url":"https:\/\/staging.bioswing.ee\/fr\/","name":"BIOSWING","description":"Smart solutions for healthy sitting","publisher":{"@id":"https:\/\/staging.bioswing.ee\/fr\/#organization"},"potentialAction":[{"@type":"SearchAction","target":{"@type":"EntryPoint","urlTemplate":"https:\/\/staging.bioswing.ee\/fr\/?s={search_term_string}"},"query-input":{"@type":"PropertyValueSpecification","valueRequired":true,"valueName":"search_term_string"}}],"inLanguage":"fr-FR"},{"@type":"Organization","@id":"https:\/\/staging.bioswing.ee\/fr\/#organization","name":"BIOSWING","url":"https:\/\/staging.bioswing.ee\/fr\/","logo":{"@type":"ImageObject","inLanguage":"fr-FR","@id":"https:\/\/staging.bioswing.ee\/fr\/#\/schema\/logo\/image\/","url":"https:\/\/staging.bioswing.ee\/wp-content\/uploads\/2023\/04\/logo_web.png","contentUrl":"https:\/\/staging.bioswing.ee\/wp-content\/uploads\/2023\/04\/logo_web.png","width":140,"height":122,"caption":"BIOSWING"},"image":{"@id":"https:\/\/staging.bioswing.ee\/fr\/#\/schema\/logo\/image\/"}}]}},"_links":{"self":[{"href":"https:\/\/staging.bioswing.ee\/fr\/wp-json\/wp\/v2\/product\/4637","targetHints":{"allow":["GET"]}}],"collection":[{"href":"https:\/\/staging.bioswing.ee\/fr\/wp-json\/wp\/v2\/product"}],"about":[{"href":"https:\/\/staging.bioswing.ee\/fr\/wp-json\/wp\/v2\/types\/product"}],"wp:featuredmedia":[{"embeddable":true,"href":"https:\/\/staging.bioswing.ee\/fr\/wp-json\/wp\/v2\/media\/4646"}],"wp:attachment":[{"href":"https:\/\/staging.bioswing.ee\/fr\/wp-json\/wp\/v2\/media?parent=4637"}],"wp:term":[{"taxonomy":"product_brand","embeddable":true,"href":"https:\/\/staging.bioswing.ee\/fr\/wp-json\/wp\/v2\/product_brand?post=4637"},{"taxonomy":"product_cat","embeddable":true,"href":"https:\/\/staging.bioswing.ee\/fr\/wp-json\/wp\/v2\/product_cat?post=4637"},{"taxonomy":"product_tag","embeddable":true,"href":"https:\/\/staging.bioswing.ee\/fr\/wp-json\/wp\/v2\/product_tag?post=4637"}],"curies":[{"name":"wp","href":"https:\/\/api.w.org\/{rel}","templated":true}]}}