{"id":4700,"date":"2023-04-13T11:45:56","date_gmt":"2023-04-13T11:45:56","guid":{"rendered":"https:\/\/staging.bioswing.ee\/toode\/bioswing-360-iq\/"},"modified":"2023-08-24T13:12:56","modified_gmt":"2023-08-24T13:12:56","slug":"360-iq","status":"publish","type":"product","link":"https:\/\/staging.bioswing.ee\/fr\/toode\/360-iq\/","title":{"rendered":"BIOSWING 360 iQ"},"content":{"rendered":"<h3>BIOSWING 360 iQ<\/h3>\n<ul>\n<li>Chaise pivotante de bureau, ergonomique, avec effet orthop\u00e9dique<\/li>\n<li>M\u00e9canisme de si\u00e8ge 3D int\u00e9gr\u00e9 et adaptatif<\/li>\n<li>M\u00e9canisme synchrone avec r\u00e9glage automatique du poids (avec r\u00e9glage pr\u00e9cis)<\/li>\n<li>R\u00e9glage individuel de l\u2019inclinaison du si\u00e8ge au moyen d\u2019un stabilisateur pelvien ou d\u2019un ressort \u00e0 gaz<\/li>\n<li>Profondeur d\u2019assise r\u00e9glable en fonction de la longueur des jambes<\/li>\n<li>Accoudoirs avec r\u00e9glage individuel en hauteur<\/li>\n<li>Dossier r\u00e9glable en hauteur avec un soutien lombaire \u00e0 courbure qui est r\u00e9glable individuellement<\/li>\n<li>Hauteur du dossier : 60 cm<\/li>\n<li>Rev\u00eatement en tissu : X-treme FR noir<\/li>\n<li>Pi\u00e8tement en \u00e9toile : Plastique, noir<\/li>\n<li>\u2022 Roulettes doubles de haute qualit\u00e9, souples<\/li>\n<\/ul>\n<p><iframe width=\"100%\" height=\"450\" src=\"https:\/\/www.youtube.com\/embed\/nxXvBXxMZ50\" title=\"YouTube video player\" frameborder=\"0\" allow=\"accelerometer; autoplay; clipboard-write; encrypted-media; gyroscope; picture-in-picture; web-share\" allowfullscreen=\"\"><\/iframe><\/p>\n<p><iframe width=\"100%\" height=\"450\" src=\"https:\/\/www.youtube.com\/embed\/RdAkGYfQRU0?si=iZjPFPN7BfNfVNQH\" title=\"YouTube video player\" frameborder=\"0\" allow=\"accelerometer; autoplay; clipboard-write; encrypted-media; gyroscope; picture-in-picture; web-share\" allowfullscreen=\"\"><\/iframe><\/p>\n","protected":false},"excerpt":{"rendered":"<h4>Si votre si\u00e8ge de bureau peut \u00eatre ajust\u00e9 plus pr\u00e9cis\u00e9ment \u00e0 votre morphologie, vous resterez en meilleure sant\u00e9 et plus motiv\u00e9 durant les p\u00e9riodes d\u2019assise prolong\u00e9es.<\/h4>\n<p>Il est important que votre chaise <strong>tienne compte de votre anatomie individuelle<\/strong> et offre suffisamment d&rsquo;options pour modifications et r\u00e9glages.<\/p>\n<p>Les options principales sont pr\u00e9sent\u00e9es ci-dessous.<\/p>\n<h4>La chaise de bureau BIOSWING de la s\u00e9rie 3 offre un maximum de mouvement.<\/h4>\n<p>Gr\u00e2ce \u00e0 l\u2019int\u00e9gration des diverses m\u00e9canismes, la s\u00e9rie 3 r\u00e9pond non seulement \u00e0 chaque mouvement de l&rsquo;utilisateur, mais s&rsquo;adapte \u00e9galement avec une parfaite harmonie \u00e0 chaque posture adopt\u00e9e au cours d&rsquo;une longue journ\u00e9e. Apr\u00e8s tout : <strong>la meilleure posture est toujours la suivante<\/strong>.<\/p>\n<p>Si votre travail implique beaucoup de travail avec un clavier et une souris, vous devez vous assurer que <strong>les muscles de vos \u00e9paules<\/strong> soient <strong>r\u00e9guli\u00e8rement d\u00e9tendus.<\/strong> <strong>Les accoudoirs<\/strong> <strong>r\u00e9glables individuellement<\/strong> vous assurent un soutien pr\u00e9cieux \u00e0 cet \u00e9gard La s\u00e9rie 3 est disponible en diff\u00e9rentes versions que nos nombreux experts en ergonomie peuvent vous pr\u00e9senter dans quelques 150 soci\u00e9t\u00e9s de conseil en Allemagne, en Autriche et en Suisse.<\/p>\n<p><img decoding=\"async\" class=\"alignnone wp-image-916\" src=\"https:\/\/staging.bioswing.ee\/wp-content\/uploads\/2023\/04\/pdf.png\" alt=\"pdf\" width=\"19\" height=\"20\"> <a href=\"https:\/\/staging.bioswing.ee\/wp-content\/uploads\/2023\/04\/produktblatt_360_v04_EN.pdf\" target=\"_blank\" rel=\"noopener\">T\u00e9l\u00e9charger la fiche produit (PDF)<\/a><\/p>\n","protected":false},"featured_media":4711,"template":"","meta":[],"product_brand":[],"product_cat":[305],"product_tag":[],"class_list":{"0":"post-4700","1":"product","2":"type-product","3":"status-publish","4":"has-post-thumbnail","6":"product_cat-bureau-et-bureau-a-domicile","8":"first","9":"instock","10":"sale","11":"taxable","12":"shipping-taxable","13":"purchasable","14":"product-type-variable","15":"has-default-attributes"},"yoast_head":"<!-- This site is optimized with the Yoast SEO plugin v27.1.1 - https:\/\/yoast.com\/product\/yoast-seo-wordpress\/ -->\n<title>BIOSWING 360 iQ - BIOSWING<\/title>\n<meta name=\"robots\" content=\"noindex, follow, max-snippet:-1, max-image-preview:large, max-video-preview:-1\" \/>\n<meta property=\"og:locale\" content=\"fr_FR\" \/>\n<meta property=\"og:type\" content=\"article\" \/>\n<meta property=\"og:title\" content=\"BIOSWING 360 iQ - BIOSWING\" \/>\n<meta property=\"og:description\" content=\"Si votre si\u00e8ge de bureau peut \u00eatre ajust\u00e9 plus pr\u00e9cis\u00e9ment \u00e0 votre morphologie, vous resterez en meilleure sant\u00e9 et plus motiv\u00e9 durant les p\u00e9riodes d\u2019assise prolong\u00e9es. Il est important que votre chaise tienne compte de votre anatomie individuelle et offre suffisamment d&#039;options pour modifications et r\u00e9glages. Les options principales sont pr\u00e9sent\u00e9es ci-dessous. La chaise de bureau BIOSWING de la s\u00e9rie 3 offre un maximum de mouvement. Gr\u00e2ce \u00e0 l\u2019int\u00e9gration des diverses m\u00e9canismes, la s\u00e9rie 3 r\u00e9pond non seulement \u00e0 chaque mouvement de l&#039;utilisateur, mais s&#039;adapte \u00e9galement avec une parfaite harmonie \u00e0 chaque posture adopt\u00e9e au cours d&#039;une longue journ\u00e9e. Apr\u00e8s tout : la meilleure posture est toujours la suivante. Si votre travail implique beaucoup de travail avec un clavier et une souris, vous devez vous assurer que les muscles de vos \u00e9paules soient r\u00e9guli\u00e8rement d\u00e9tendus. Les accoudoirs r\u00e9glables individuellement vous assurent un soutien pr\u00e9cieux \u00e0 cet \u00e9gard La s\u00e9rie 3 est disponible en diff\u00e9rentes versions que nos nombreux experts en ergonomie peuvent vous pr\u00e9senter dans quelques 150 soci\u00e9t\u00e9s de conseil en Allemagne, en Autriche et en Suisse.  T\u00e9l\u00e9charger la fiche produit (PDF)\" \/>\n<meta property=\"og:url\" content=\"https:\/\/staging.bioswing.ee\/fr\/toode\/360-iq\/\" \/>\n<meta property=\"og:site_name\" content=\"BIOSWING\" \/>\n<meta property=\"article:modified_time\" content=\"2023-08-24T13:12:56+00:00\" \/>\n<meta property=\"og:image\" content=\"https:\/\/bioswing.ee\/wp-content\/uploads\/2023\/04\/360_IQ_Nackenstuetze.jpg\" \/>\n\t<meta property=\"og:image:width\" content=\"1874\" \/>\n\t<meta property=\"og:image:height\" content=\"2500\" \/>\n\t<meta property=\"og:image:type\" content=\"image\/jpeg\" \/>\n<meta name=\"twitter:card\" content=\"summary_large_image\" \/>\n<meta name=\"twitter:label1\" content=\"Dur\u00e9e de lecture estim\u00e9e\" \/>\n\t<meta name=\"twitter:data1\" content=\"1 minute\" \/>\n<script type=\"application\/ld+json\" class=\"yoast-schema-graph\">{\"@context\":\"https:\/\/schema.org\",\"@graph\":[{\"@type\":\"WebPage\",\"@id\":\"https:\/\/staging.bioswing.ee\/fr\/toode\/360-iq\/\",\"url\":\"https:\/\/staging.bioswing.ee\/fr\/toode\/360-iq\/\",\"name\":\"BIOSWING 360 iQ - BIOSWING\",\"isPartOf\":{\"@id\":\"https:\/\/staging.bioswing.ee\/fr\/#website\"},\"primaryImageOfPage\":{\"@id\":\"https:\/\/staging.bioswing.ee\/fr\/toode\/360-iq\/#primaryimage\"},\"image\":{\"@id\":\"https:\/\/staging.bioswing.ee\/fr\/toode\/360-iq\/#primaryimage\"},\"thumbnailUrl\":\"https:\/\/staging.bioswing.ee\/wp-content\/uploads\/2023\/04\/360_IQ_Nackenstuetze.jpg\",\"datePublished\":\"2023-04-13T11:45:56+00:00\",\"dateModified\":\"2023-08-24T13:12:56+00:00\",\"breadcrumb\":{\"@id\":\"https:\/\/staging.bioswing.ee\/fr\/toode\/360-iq\/#breadcrumb\"},\"inLanguage\":\"fr-FR\",\"potentialAction\":[{\"@type\":\"ReadAction\",\"target\":[\"https:\/\/staging.bioswing.ee\/fr\/toode\/360-iq\/\"]}]},{\"@type\":\"ImageObject\",\"inLanguage\":\"fr-FR\",\"@id\":\"https:\/\/staging.bioswing.ee\/fr\/toode\/360-iq\/#primaryimage\",\"url\":\"https:\/\/staging.bioswing.ee\/wp-content\/uploads\/2023\/04\/360_IQ_Nackenstuetze.jpg\",\"contentUrl\":\"https:\/\/staging.bioswing.ee\/wp-content\/uploads\/2023\/04\/360_IQ_Nackenstuetze.jpg\",\"width\":1874,\"height\":2500},{\"@type\":\"BreadcrumbList\",\"@id\":\"https:\/\/staging.bioswing.ee\/fr\/toode\/360-iq\/#breadcrumb\",\"itemListElement\":[{\"@type\":\"ListItem\",\"position\":1,\"name\":\"Home\",\"item\":\"https:\/\/bioswing.ee\/fr\/\"},{\"@type\":\"ListItem\",\"position\":2,\"name\":\"BOUTIQUE\",\"item\":\"https:\/\/bioswing.ee\/fr\/shop\/\"},{\"@type\":\"ListItem\",\"position\":3,\"name\":\"BIOSWING 360 iQ\"}]},{\"@type\":\"WebSite\",\"@id\":\"https:\/\/staging.bioswing.ee\/fr\/#website\",\"url\":\"https:\/\/staging.bioswing.ee\/fr\/\",\"name\":\"BIOSWING\",\"description\":\"Smart solutions for healthy sitting\",\"publisher\":{\"@id\":\"https:\/\/staging.bioswing.ee\/fr\/#organization\"},\"potentialAction\":[{\"@type\":\"SearchAction\",\"target\":{\"@type\":\"EntryPoint\",\"urlTemplate\":\"https:\/\/staging.bioswing.ee\/fr\/?s={search_term_string}\"},\"query-input\":{\"@type\":\"PropertyValueSpecification\",\"valueRequired\":true,\"valueName\":\"search_term_string\"}}],\"inLanguage\":\"fr-FR\"},{\"@type\":\"Organization\",\"@id\":\"https:\/\/staging.bioswing.ee\/fr\/#organization\",\"name\":\"BIOSWING\",\"url\":\"https:\/\/staging.bioswing.ee\/fr\/\",\"logo\":{\"@type\":\"ImageObject\",\"inLanguage\":\"fr-FR\",\"@id\":\"https:\/\/staging.bioswing.ee\/fr\/#\/schema\/logo\/image\/\",\"url\":\"https:\/\/staging.bioswing.ee\/wp-content\/uploads\/2023\/04\/logo_web.png\",\"contentUrl\":\"https:\/\/staging.bioswing.ee\/wp-content\/uploads\/2023\/04\/logo_web.png\",\"width\":140,\"height\":122,\"caption\":\"BIOSWING\"},\"image\":{\"@id\":\"https:\/\/staging.bioswing.ee\/fr\/#\/schema\/logo\/image\/\"}}]}<\/script>\n<!-- \/ Yoast SEO plugin. -->","yoast_head_json":{"title":"BIOSWING 360 iQ - BIOSWING","robots":{"index":"noindex","follow":"follow","max-snippet":"max-snippet:-1","max-image-preview":"max-image-preview:large","max-video-preview":"max-video-preview:-1"},"og_locale":"fr_FR","og_type":"article","og_title":"BIOSWING 360 iQ - BIOSWING","og_description":"Si votre si\u00e8ge de bureau peut \u00eatre ajust\u00e9 plus pr\u00e9cis\u00e9ment \u00e0 votre morphologie, vous resterez en meilleure sant\u00e9 et plus motiv\u00e9 durant les p\u00e9riodes d\u2019assise prolong\u00e9es. Il est important que votre chaise tienne compte de votre anatomie individuelle et offre suffisamment d'options pour modifications et r\u00e9glages. Les options principales sont pr\u00e9sent\u00e9es ci-dessous. La chaise de bureau BIOSWING de la s\u00e9rie 3 offre un maximum de mouvement. Gr\u00e2ce \u00e0 l\u2019int\u00e9gration des diverses m\u00e9canismes, la s\u00e9rie 3 r\u00e9pond non seulement \u00e0 chaque mouvement de l'utilisateur, mais s'adapte \u00e9galement avec une parfaite harmonie \u00e0 chaque posture adopt\u00e9e au cours d'une longue journ\u00e9e. Apr\u00e8s tout : la meilleure posture est toujours la suivante. Si votre travail implique beaucoup de travail avec un clavier et une souris, vous devez vous assurer que les muscles de vos \u00e9paules soient r\u00e9guli\u00e8rement d\u00e9tendus. Les accoudoirs r\u00e9glables individuellement vous assurent un soutien pr\u00e9cieux \u00e0 cet \u00e9gard La s\u00e9rie 3 est disponible en diff\u00e9rentes versions que nos nombreux experts en ergonomie peuvent vous pr\u00e9senter dans quelques 150 soci\u00e9t\u00e9s de conseil en Allemagne, en Autriche et en Suisse.  T\u00e9l\u00e9charger la fiche produit (PDF)","og_url":"https:\/\/staging.bioswing.ee\/fr\/toode\/360-iq\/","og_site_name":"BIOSWING","article_modified_time":"2023-08-24T13:12:56+00:00","og_image":[{"width":1874,"height":2500,"url":"https:\/\/bioswing.ee\/wp-content\/uploads\/2023\/04\/360_IQ_Nackenstuetze.jpg","type":"image\/jpeg"}],"twitter_card":"summary_large_image","twitter_misc":{"Dur\u00e9e de lecture estim\u00e9e":"1 minute"},"schema":{"@context":"https:\/\/schema.org","@graph":[{"@type":"WebPage","@id":"https:\/\/staging.bioswing.ee\/fr\/toode\/360-iq\/","url":"https:\/\/staging.bioswing.ee\/fr\/toode\/360-iq\/","name":"BIOSWING 360 iQ - BIOSWING","isPartOf":{"@id":"https:\/\/staging.bioswing.ee\/fr\/#website"},"primaryImageOfPage":{"@id":"https:\/\/staging.bioswing.ee\/fr\/toode\/360-iq\/#primaryimage"},"image":{"@id":"https:\/\/staging.bioswing.ee\/fr\/toode\/360-iq\/#primaryimage"},"thumbnailUrl":"https:\/\/staging.bioswing.ee\/wp-content\/uploads\/2023\/04\/360_IQ_Nackenstuetze.jpg","datePublished":"2023-04-13T11:45:56+00:00","dateModified":"2023-08-24T13:12:56+00:00","breadcrumb":{"@id":"https:\/\/staging.bioswing.ee\/fr\/toode\/360-iq\/#breadcrumb"},"inLanguage":"fr-FR","potentialAction":[{"@type":"ReadAction","target":["https:\/\/staging.bioswing.ee\/fr\/toode\/360-iq\/"]}]},{"@type":"ImageObject","inLanguage":"fr-FR","@id":"https:\/\/staging.bioswing.ee\/fr\/toode\/360-iq\/#primaryimage","url":"https:\/\/staging.bioswing.ee\/wp-content\/uploads\/2023\/04\/360_IQ_Nackenstuetze.jpg","contentUrl":"https:\/\/staging.bioswing.ee\/wp-content\/uploads\/2023\/04\/360_IQ_Nackenstuetze.jpg","width":1874,"height":2500},{"@type":"BreadcrumbList","@id":"https:\/\/staging.bioswing.ee\/fr\/toode\/360-iq\/#breadcrumb","itemListElement":[{"@type":"ListItem","position":1,"name":"Home","item":"https:\/\/bioswing.ee\/fr\/"},{"@type":"ListItem","position":2,"name":"BOUTIQUE","item":"https:\/\/bioswing.ee\/fr\/shop\/"},{"@type":"ListItem","position":3,"name":"BIOSWING 360 iQ"}]},{"@type":"WebSite","@id":"https:\/\/staging.bioswing.ee\/fr\/#website","url":"https:\/\/staging.bioswing.ee\/fr\/","name":"BIOSWING","description":"Smart solutions for healthy sitting","publisher":{"@id":"https:\/\/staging.bioswing.ee\/fr\/#organization"},"potentialAction":[{"@type":"SearchAction","target":{"@type":"EntryPoint","urlTemplate":"https:\/\/staging.bioswing.ee\/fr\/?s={search_term_string}"},"query-input":{"@type":"PropertyValueSpecification","valueRequired":true,"valueName":"search_term_string"}}],"inLanguage":"fr-FR"},{"@type":"Organization","@id":"https:\/\/staging.bioswing.ee\/fr\/#organization","name":"BIOSWING","url":"https:\/\/staging.bioswing.ee\/fr\/","logo":{"@type":"ImageObject","inLanguage":"fr-FR","@id":"https:\/\/staging.bioswing.ee\/fr\/#\/schema\/logo\/image\/","url":"https:\/\/staging.bioswing.ee\/wp-content\/uploads\/2023\/04\/logo_web.png","contentUrl":"https:\/\/staging.bioswing.ee\/wp-content\/uploads\/2023\/04\/logo_web.png","width":140,"height":122,"caption":"BIOSWING"},"image":{"@id":"https:\/\/staging.bioswing.ee\/fr\/#\/schema\/logo\/image\/"}}]}},"_links":{"self":[{"href":"https:\/\/staging.bioswing.ee\/fr\/wp-json\/wp\/v2\/product\/4700","targetHints":{"allow":["GET"]}}],"collection":[{"href":"https:\/\/staging.bioswing.ee\/fr\/wp-json\/wp\/v2\/product"}],"about":[{"href":"https:\/\/staging.bioswing.ee\/fr\/wp-json\/wp\/v2\/types\/product"}],"wp:featuredmedia":[{"embeddable":true,"href":"https:\/\/staging.bioswing.ee\/fr\/wp-json\/wp\/v2\/media\/4711"}],"wp:attachment":[{"href":"https:\/\/staging.bioswing.ee\/fr\/wp-json\/wp\/v2\/media?parent=4700"}],"wp:term":[{"taxonomy":"product_brand","embeddable":true,"href":"https:\/\/staging.bioswing.ee\/fr\/wp-json\/wp\/v2\/product_brand?post=4700"},{"taxonomy":"product_cat","embeddable":true,"href":"https:\/\/staging.bioswing.ee\/fr\/wp-json\/wp\/v2\/product_cat?post=4700"},{"taxonomy":"product_tag","embeddable":true,"href":"https:\/\/staging.bioswing.ee\/fr\/wp-json\/wp\/v2\/product_tag?post=4700"}],"curies":[{"name":"wp","href":"https:\/\/api.w.org\/{rel}","templated":true}]}}