{"id":4731,"date":"2023-04-13T11:16:49","date_gmt":"2023-04-13T11:16:49","guid":{"rendered":"https:\/\/staging.bioswing.ee\/toode\/bioswing-boogie-switch\/"},"modified":"2023-08-24T12:55:55","modified_gmt":"2023-08-24T12:55:55","slug":"boogie-switch","status":"publish","type":"product","link":"https:\/\/staging.bioswing.ee\/fr\/toode\/boogie-switch\/","title":{"rendered":"BIOSWING Boogie Switch"},"content":{"rendered":"<h4>BIOSWING Boogie<\/h4>\n<ul>\n<li>Tabouret ergonomique \u00e0 effet orthop\u00e9dique pour le cabinet et le bureau<\/li>\n<li>M\u00e9canisme de si\u00e8ge 3D int\u00e9gr\u00e9 et adaptatif<\/li>\n<li>Si\u00e8ge plat<\/li>\n<li>Support de dos ergonomique avec accoudoirs int\u00e9gr\u00e9s<\/li>\n<li>M\u00e9canisme de stabilisation pelvienne pour le positionnement physiologique du bassin<\/li>\n<li>Rev\u00eatement en tissu : X-treme FR noir<\/li>\n<li>Pi\u00e8tement en \u00e9toile : Aluminium, brillant<\/li>\n<li>Roulettes de \u00f860 mm, avec logement chrom\u00e9<\/li>\n<\/ul>\n<p><iframe title=\"YouTube video player\" src=\"https:\/\/www.youtube.com\/embed\/N2VSN7bLghI\" width=\"100%\" height=\"450\" frameborder=\"0\" allowfullscreen=\"allowfullscreen\"><\/iframe><\/p>\n<p><iframe width=\"100%\" height=\"450\" src=\"https:\/\/www.youtube.com\/embed\/qK7H8w5w384?si=Agl9WEqG2YR7YQtd\" title=\"YouTube video player\" frameborder=\"0\" allow=\"accelerometer; autoplay; clipboard-write; encrypted-media; gyroscope; picture-in-picture; web-share\" allowfullscreen=\"\"><\/iframe><\/p>\n","protected":false},"excerpt":{"rendered":"<p>B\u00e9n\u00e9ficiez-vous de tous les avantages potentiels de l\u2019utilisation d\u2019un bureau r\u00e9glable en hauteur ?<\/p>\n<p>Chaque posture que vous adoptez entre la position debout et la position assise sur\u00e9lev\u00e9e vous permet de profiter des avantages d\u2019une vari\u00e9t\u00e9 de postures. Cela veut dire que le changement fr\u00e9quent de la posture est bon pour votre corps et esprit. En effet, notre syst\u00e8me musculo-squelettique est programm\u00e9 pour effectuer des mouvements, tant au niveau <strong>micro<\/strong> qu\u2019au niveau <strong>macro<\/strong>.<\/p>\n<p>BIOSWING Boogie est une vraie <strong>vedette polyvalente.<\/strong> Gr\u00e2ce \u00e0 la conception des diff\u00e9rents si\u00e8ges et des supports de bassin ou de dos, il s\u2019agit d\u2019une base parfaite pour une assise ergonomique pour toutes sortes d&rsquo;applications \u2013 et avec son m\u00e9canisme de si\u00e8ge 3D int\u00e9gr\u00e9, il assure une libert\u00e9 importante des mouvements.<\/p>\n<p>Pour <strong>le cabinet m\u00e9dical, la physioth\u00e9rapie ou le bureau<\/strong> : le Boogie fait toujours bonne impression.<\/p>\n<p>Le BIOSWING est disponible en plusieurs hauteurs d\u2019assise, avec et sans repose-pieds, et m\u00eame pour les zones o\u00f9 un travail st\u00e9rile est effectu\u00e9, avec lib\u00e9ration des pieds.<\/p>\n<p>Nous proposons un rev\u00eatement en tissu sp\u00e9cial adapt\u00e9 \u00e0 chaque domaine d\u2019application, permettant le nettoyage et la d\u00e9sinfection conform\u00e9ment \u00e0 la r\u00e9glementation en vigueur.<\/p>\n<p>Si vous pr\u00e9f\u00e9rez vous tenir debout, vous pouvez utiliser votre Boogie principalement dans les positions sup\u00e9rieures comme soutien pour se tenir debout et pour vous asseoir de temps en temps. Vous pouvez utiliser le repose-pieds en option pour soutenir vos pieds de temps en temps lorsque vous \u00eates assis.<\/p>\n<p>Id\u00e9al \u00e9galement pour les solutions de comptoir pour un contact avec le client sur un pied d\u2019\u00e9galit\u00e9.<\/p>\n","protected":false},"featured_media":4732,"template":"","meta":[],"product_brand":[],"product_cat":[305],"product_tag":[],"class_list":{"0":"post-4731","1":"product","2":"type-product","3":"status-publish","4":"has-post-thumbnail","6":"product_cat-bureau-et-bureau-a-domicile","8":"first","9":"instock","10":"sale","11":"taxable","12":"shipping-taxable","13":"purchasable","14":"product-type-variable","15":"has-default-attributes"},"yoast_head":"<!-- This site is optimized with the Yoast SEO plugin v27.1.1 - https:\/\/yoast.com\/product\/yoast-seo-wordpress\/ -->\n<title>BIOSWING Boogie Switch - BIOSWING<\/title>\n<meta name=\"robots\" content=\"noindex, follow, max-snippet:-1, max-image-preview:large, max-video-preview:-1\" \/>\n<meta property=\"og:locale\" content=\"fr_FR\" \/>\n<meta property=\"og:type\" content=\"article\" \/>\n<meta property=\"og:title\" content=\"BIOSWING Boogie Switch - BIOSWING\" \/>\n<meta property=\"og:description\" content=\"B\u00e9n\u00e9ficiez-vous de tous les avantages potentiels de l\u2019utilisation d\u2019un bureau r\u00e9glable en hauteur ? Chaque posture que vous adoptez entre la position debout et la position assise sur\u00e9lev\u00e9e vous permet de profiter des avantages d\u2019une vari\u00e9t\u00e9 de postures. Cela veut dire que le changement fr\u00e9quent de la posture est bon pour votre corps et esprit. En effet, notre syst\u00e8me musculo-squelettique est programm\u00e9 pour effectuer des mouvements, tant au niveau micro qu\u2019au niveau macro. BIOSWING Boogie est une vraie vedette polyvalente. Gr\u00e2ce \u00e0 la conception des diff\u00e9rents si\u00e8ges et des supports de bassin ou de dos, il s\u2019agit d\u2019une base parfaite pour une assise ergonomique pour toutes sortes d&#039;applications \u2013 et avec son m\u00e9canisme de si\u00e8ge 3D int\u00e9gr\u00e9, il assure une libert\u00e9 importante des mouvements. Pour le cabinet m\u00e9dical, la physioth\u00e9rapie ou le bureau : le Boogie fait toujours bonne impression. Le BIOSWING est disponible en plusieurs hauteurs d\u2019assise, avec et sans repose-pieds, et m\u00eame pour les zones o\u00f9 un travail st\u00e9rile est effectu\u00e9, avec lib\u00e9ration des pieds. Nous proposons un rev\u00eatement en tissu sp\u00e9cial adapt\u00e9 \u00e0 chaque domaine d\u2019application, permettant le nettoyage et la d\u00e9sinfection conform\u00e9ment \u00e0 la r\u00e9glementation en vigueur. Si vous pr\u00e9f\u00e9rez vous tenir debout, vous pouvez utiliser votre Boogie principalement dans les positions sup\u00e9rieures comme soutien pour se tenir debout et pour vous asseoir de temps en temps. Vous pouvez utiliser le repose-pieds en option pour soutenir vos pieds de temps en temps lorsque vous \u00eates assis. Id\u00e9al \u00e9galement pour les solutions de comptoir pour un contact avec le client sur un pied d\u2019\u00e9galit\u00e9.\" \/>\n<meta property=\"og:url\" content=\"https:\/\/staging.bioswing.ee\/fr\/toode\/boogie-switch\/\" \/>\n<meta property=\"og:site_name\" content=\"BIOSWING\" \/>\n<meta property=\"article:modified_time\" content=\"2023-08-24T12:55:55+00:00\" \/>\n<meta property=\"og:image\" content=\"https:\/\/bioswing.ee\/wp-content\/uploads\/2023\/04\/Boogie_Switch.jpg\" \/>\n\t<meta property=\"og:image:width\" content=\"1874\" \/>\n\t<meta property=\"og:image:height\" content=\"2500\" \/>\n\t<meta property=\"og:image:type\" content=\"image\/jpeg\" \/>\n<meta name=\"twitter:card\" content=\"summary_large_image\" \/>\n<script type=\"application\/ld+json\" class=\"yoast-schema-graph\">{\"@context\":\"https:\/\/schema.org\",\"@graph\":[{\"@type\":\"WebPage\",\"@id\":\"https:\/\/staging.bioswing.ee\/fr\/toode\/boogie-switch\/\",\"url\":\"https:\/\/staging.bioswing.ee\/fr\/toode\/boogie-switch\/\",\"name\":\"BIOSWING Boogie Switch - BIOSWING\",\"isPartOf\":{\"@id\":\"https:\/\/staging.bioswing.ee\/fr\/#website\"},\"primaryImageOfPage\":{\"@id\":\"https:\/\/staging.bioswing.ee\/fr\/toode\/boogie-switch\/#primaryimage\"},\"image\":{\"@id\":\"https:\/\/staging.bioswing.ee\/fr\/toode\/boogie-switch\/#primaryimage\"},\"thumbnailUrl\":\"https:\/\/staging.bioswing.ee\/wp-content\/uploads\/2023\/04\/Boogie_Switch.jpg\",\"datePublished\":\"2023-04-13T11:16:49+00:00\",\"dateModified\":\"2023-08-24T12:55:55+00:00\",\"breadcrumb\":{\"@id\":\"https:\/\/staging.bioswing.ee\/fr\/toode\/boogie-switch\/#breadcrumb\"},\"inLanguage\":\"fr-FR\",\"potentialAction\":[{\"@type\":\"ReadAction\",\"target\":[\"https:\/\/staging.bioswing.ee\/fr\/toode\/boogie-switch\/\"]}]},{\"@type\":\"ImageObject\",\"inLanguage\":\"fr-FR\",\"@id\":\"https:\/\/staging.bioswing.ee\/fr\/toode\/boogie-switch\/#primaryimage\",\"url\":\"https:\/\/staging.bioswing.ee\/wp-content\/uploads\/2023\/04\/Boogie_Switch.jpg\",\"contentUrl\":\"https:\/\/staging.bioswing.ee\/wp-content\/uploads\/2023\/04\/Boogie_Switch.jpg\",\"width\":1874,\"height\":2500},{\"@type\":\"BreadcrumbList\",\"@id\":\"https:\/\/staging.bioswing.ee\/fr\/toode\/boogie-switch\/#breadcrumb\",\"itemListElement\":[{\"@type\":\"ListItem\",\"position\":1,\"name\":\"Home\",\"item\":\"https:\/\/bioswing.ee\/fr\/\"},{\"@type\":\"ListItem\",\"position\":2,\"name\":\"BOUTIQUE\",\"item\":\"https:\/\/bioswing.ee\/fr\/shop\/\"},{\"@type\":\"ListItem\",\"position\":3,\"name\":\"BIOSWING Boogie Switch\"}]},{\"@type\":\"WebSite\",\"@id\":\"https:\/\/staging.bioswing.ee\/fr\/#website\",\"url\":\"https:\/\/staging.bioswing.ee\/fr\/\",\"name\":\"BIOSWING\",\"description\":\"Smart solutions for healthy sitting\",\"publisher\":{\"@id\":\"https:\/\/staging.bioswing.ee\/fr\/#organization\"},\"potentialAction\":[{\"@type\":\"SearchAction\",\"target\":{\"@type\":\"EntryPoint\",\"urlTemplate\":\"https:\/\/staging.bioswing.ee\/fr\/?s={search_term_string}\"},\"query-input\":{\"@type\":\"PropertyValueSpecification\",\"valueRequired\":true,\"valueName\":\"search_term_string\"}}],\"inLanguage\":\"fr-FR\"},{\"@type\":\"Organization\",\"@id\":\"https:\/\/staging.bioswing.ee\/fr\/#organization\",\"name\":\"BIOSWING\",\"url\":\"https:\/\/staging.bioswing.ee\/fr\/\",\"logo\":{\"@type\":\"ImageObject\",\"inLanguage\":\"fr-FR\",\"@id\":\"https:\/\/staging.bioswing.ee\/fr\/#\/schema\/logo\/image\/\",\"url\":\"https:\/\/staging.bioswing.ee\/wp-content\/uploads\/2023\/04\/logo_web.png\",\"contentUrl\":\"https:\/\/staging.bioswing.ee\/wp-content\/uploads\/2023\/04\/logo_web.png\",\"width\":140,\"height\":122,\"caption\":\"BIOSWING\"},\"image\":{\"@id\":\"https:\/\/staging.bioswing.ee\/fr\/#\/schema\/logo\/image\/\"}}]}<\/script>\n<!-- \/ Yoast SEO plugin. -->","yoast_head_json":{"title":"BIOSWING Boogie Switch - BIOSWING","robots":{"index":"noindex","follow":"follow","max-snippet":"max-snippet:-1","max-image-preview":"max-image-preview:large","max-video-preview":"max-video-preview:-1"},"og_locale":"fr_FR","og_type":"article","og_title":"BIOSWING Boogie Switch - BIOSWING","og_description":"B\u00e9n\u00e9ficiez-vous de tous les avantages potentiels de l\u2019utilisation d\u2019un bureau r\u00e9glable en hauteur ? Chaque posture que vous adoptez entre la position debout et la position assise sur\u00e9lev\u00e9e vous permet de profiter des avantages d\u2019une vari\u00e9t\u00e9 de postures. Cela veut dire que le changement fr\u00e9quent de la posture est bon pour votre corps et esprit. En effet, notre syst\u00e8me musculo-squelettique est programm\u00e9 pour effectuer des mouvements, tant au niveau micro qu\u2019au niveau macro. BIOSWING Boogie est une vraie vedette polyvalente. Gr\u00e2ce \u00e0 la conception des diff\u00e9rents si\u00e8ges et des supports de bassin ou de dos, il s\u2019agit d\u2019une base parfaite pour une assise ergonomique pour toutes sortes d'applications \u2013 et avec son m\u00e9canisme de si\u00e8ge 3D int\u00e9gr\u00e9, il assure une libert\u00e9 importante des mouvements. Pour le cabinet m\u00e9dical, la physioth\u00e9rapie ou le bureau : le Boogie fait toujours bonne impression. Le BIOSWING est disponible en plusieurs hauteurs d\u2019assise, avec et sans repose-pieds, et m\u00eame pour les zones o\u00f9 un travail st\u00e9rile est effectu\u00e9, avec lib\u00e9ration des pieds. Nous proposons un rev\u00eatement en tissu sp\u00e9cial adapt\u00e9 \u00e0 chaque domaine d\u2019application, permettant le nettoyage et la d\u00e9sinfection conform\u00e9ment \u00e0 la r\u00e9glementation en vigueur. Si vous pr\u00e9f\u00e9rez vous tenir debout, vous pouvez utiliser votre Boogie principalement dans les positions sup\u00e9rieures comme soutien pour se tenir debout et pour vous asseoir de temps en temps. Vous pouvez utiliser le repose-pieds en option pour soutenir vos pieds de temps en temps lorsque vous \u00eates assis. Id\u00e9al \u00e9galement pour les solutions de comptoir pour un contact avec le client sur un pied d\u2019\u00e9galit\u00e9.","og_url":"https:\/\/staging.bioswing.ee\/fr\/toode\/boogie-switch\/","og_site_name":"BIOSWING","article_modified_time":"2023-08-24T12:55:55+00:00","og_image":[{"width":1874,"height":2500,"url":"https:\/\/bioswing.ee\/wp-content\/uploads\/2023\/04\/Boogie_Switch.jpg","type":"image\/jpeg"}],"twitter_card":"summary_large_image","schema":{"@context":"https:\/\/schema.org","@graph":[{"@type":"WebPage","@id":"https:\/\/staging.bioswing.ee\/fr\/toode\/boogie-switch\/","url":"https:\/\/staging.bioswing.ee\/fr\/toode\/boogie-switch\/","name":"BIOSWING Boogie Switch - BIOSWING","isPartOf":{"@id":"https:\/\/staging.bioswing.ee\/fr\/#website"},"primaryImageOfPage":{"@id":"https:\/\/staging.bioswing.ee\/fr\/toode\/boogie-switch\/#primaryimage"},"image":{"@id":"https:\/\/staging.bioswing.ee\/fr\/toode\/boogie-switch\/#primaryimage"},"thumbnailUrl":"https:\/\/staging.bioswing.ee\/wp-content\/uploads\/2023\/04\/Boogie_Switch.jpg","datePublished":"2023-04-13T11:16:49+00:00","dateModified":"2023-08-24T12:55:55+00:00","breadcrumb":{"@id":"https:\/\/staging.bioswing.ee\/fr\/toode\/boogie-switch\/#breadcrumb"},"inLanguage":"fr-FR","potentialAction":[{"@type":"ReadAction","target":["https:\/\/staging.bioswing.ee\/fr\/toode\/boogie-switch\/"]}]},{"@type":"ImageObject","inLanguage":"fr-FR","@id":"https:\/\/staging.bioswing.ee\/fr\/toode\/boogie-switch\/#primaryimage","url":"https:\/\/staging.bioswing.ee\/wp-content\/uploads\/2023\/04\/Boogie_Switch.jpg","contentUrl":"https:\/\/staging.bioswing.ee\/wp-content\/uploads\/2023\/04\/Boogie_Switch.jpg","width":1874,"height":2500},{"@type":"BreadcrumbList","@id":"https:\/\/staging.bioswing.ee\/fr\/toode\/boogie-switch\/#breadcrumb","itemListElement":[{"@type":"ListItem","position":1,"name":"Home","item":"https:\/\/bioswing.ee\/fr\/"},{"@type":"ListItem","position":2,"name":"BOUTIQUE","item":"https:\/\/bioswing.ee\/fr\/shop\/"},{"@type":"ListItem","position":3,"name":"BIOSWING Boogie Switch"}]},{"@type":"WebSite","@id":"https:\/\/staging.bioswing.ee\/fr\/#website","url":"https:\/\/staging.bioswing.ee\/fr\/","name":"BIOSWING","description":"Smart solutions for healthy sitting","publisher":{"@id":"https:\/\/staging.bioswing.ee\/fr\/#organization"},"potentialAction":[{"@type":"SearchAction","target":{"@type":"EntryPoint","urlTemplate":"https:\/\/staging.bioswing.ee\/fr\/?s={search_term_string}"},"query-input":{"@type":"PropertyValueSpecification","valueRequired":true,"valueName":"search_term_string"}}],"inLanguage":"fr-FR"},{"@type":"Organization","@id":"https:\/\/staging.bioswing.ee\/fr\/#organization","name":"BIOSWING","url":"https:\/\/staging.bioswing.ee\/fr\/","logo":{"@type":"ImageObject","inLanguage":"fr-FR","@id":"https:\/\/staging.bioswing.ee\/fr\/#\/schema\/logo\/image\/","url":"https:\/\/staging.bioswing.ee\/wp-content\/uploads\/2023\/04\/logo_web.png","contentUrl":"https:\/\/staging.bioswing.ee\/wp-content\/uploads\/2023\/04\/logo_web.png","width":140,"height":122,"caption":"BIOSWING"},"image":{"@id":"https:\/\/staging.bioswing.ee\/fr\/#\/schema\/logo\/image\/"}}]}},"_links":{"self":[{"href":"https:\/\/staging.bioswing.ee\/fr\/wp-json\/wp\/v2\/product\/4731","targetHints":{"allow":["GET"]}}],"collection":[{"href":"https:\/\/staging.bioswing.ee\/fr\/wp-json\/wp\/v2\/product"}],"about":[{"href":"https:\/\/staging.bioswing.ee\/fr\/wp-json\/wp\/v2\/types\/product"}],"wp:featuredmedia":[{"embeddable":true,"href":"https:\/\/staging.bioswing.ee\/fr\/wp-json\/wp\/v2\/media\/4732"}],"wp:attachment":[{"href":"https:\/\/staging.bioswing.ee\/fr\/wp-json\/wp\/v2\/media?parent=4731"}],"wp:term":[{"taxonomy":"product_brand","embeddable":true,"href":"https:\/\/staging.bioswing.ee\/fr\/wp-json\/wp\/v2\/product_brand?post=4731"},{"taxonomy":"product_cat","embeddable":true,"href":"https:\/\/staging.bioswing.ee\/fr\/wp-json\/wp\/v2\/product_cat?post=4731"},{"taxonomy":"product_tag","embeddable":true,"href":"https:\/\/staging.bioswing.ee\/fr\/wp-json\/wp\/v2\/product_tag?post=4731"}],"curies":[{"name":"wp","href":"https:\/\/api.w.org\/{rel}","templated":true}]}}