{"id":24157,"date":"2023-04-13T11:16:49","date_gmt":"2023-04-13T11:16:49","guid":{"rendered":"https:\/\/staging.bioswing.ee\/toode\/boogie-switch\/"},"modified":"2025-01-28T13:04:38","modified_gmt":"2025-01-28T13:04:38","slug":"boogie-switch","status":"publish","type":"product","link":"https:\/\/staging.bioswing.ee\/is\/toode\/boogie-switch\/","title":{"rendered":"BIOSWING Boogie Switch"},"content":{"rendered":"<h4>BIOSWING Boogie<\/h4>\n<ul>\n<li>Ergonom\u00edskur palli me\u00f0 ort\u00f3ped\u00edskum \u00e1hrifum fyrir starfssemi og skrifstofu<\/li>\n<li>Inniheldur a\u00f0l\u00f6gunarh\u00e6ft 3D s\u00e6ti me\u00f0f\u00e6ri<\/li>\n<li>Flatt s\u00e6ti<\/li>\n<li>Ergonom\u00edskur bakstu\u00f0ningur me\u00f0 sam\u00fe\u00e6ttum armp\u00fa\u00f0um<\/li>\n<li>Mja\u00f0mavogarmekanismi fyrir l\u00edfe\u00f0lisfr\u00e6\u00f0ilega st\u00f6\u00f0u mja\u00f0ma<\/li>\n<li>Efnis\u00e1kl\u00e6\u00f0i: X-treme FR svart<\/li>\n<li>Stj\u00f6rnugrunnur: \u00c1l, polera\u00f0ur<\/li>\n<li>Hj\u00f3l \u00f860 mm me\u00f0 kr\u00f3mh\u00fa\u00f0<\/li>\n<\/ul>\n<p><iframe title=\"YouTube video player\" src=\"https:\/\/www.youtube.com\/embed\/N2VSN7bLghI\" width=\"100%\" height=\"450\" frameborder=\"0\" allowfullscreen=\"allowfullscreen\"><\/iframe><\/p>\n<p><iframe title=\"YouTube video player\" src=\"https:\/\/www.youtube.com\/embed\/RdAkGYfQRU0?si=iZjPFPN7BfNfVNQH\" width=\"100%\" height=\"450\" frameborder=\"0\" allowfullscreen=\"allowfullscreen\"><\/iframe><\/p>\n","protected":false},"excerpt":{"rendered":"<p>Ertu a\u00f0 n\u00fdta alla m\u00f6guleika sem fylgja \u00fev\u00ed a\u00f0 nota h\u00e6\u00f0arstillanlega skrifbor\u00f0? Hver sta\u00f0a sem \u00fe\u00fa tekur, fr\u00e1 \u00fev\u00ed a\u00f0 standa upp til h\u00e6kka\u00f0s setu, hj\u00e1lpar \u00fe\u00e9r a\u00f0 nj\u00f3ta \u00e1vinninga af fj\u00f6lbreyttum l\u00edkamsst\u00f6\u00f0um. Hugmyndin \u00e1 bak vi\u00f0 \u00feetta er s\u00fa a\u00f0 \u00fea\u00f0 s\u00e9 gott fyrir l\u00edkama og s\u00e1l a\u00f0 breyta reglulega l\u00edkamsst\u00f6\u00f0u. \u00deetta er vegna \u00feess a\u00f0 sto\u00f0kerfi\u00f0 okkar er forrita\u00f0 til a\u00f0 framkv\u00e6ma hreyfingar, b\u00e6\u00f0i \u00e1 <strong>\u00f6rsm\u00e1um<\/strong> og <strong>st\u00f3rum<\/strong> skala. BIOSWING Boogie er sannkalla\u00f0ur <strong>fj\u00f6lh\u00e6fur h\u00e6fileiki<\/strong>. \u00de\u00f6kk s\u00e9 h\u00f6nnuninni \u00e1 mismunandi s\u00e6tum og mja\u00f0ma- e\u00f0a bakstu\u00f0ningi, er \u00fea\u00f0 fullkominn grunnur fyrir ergonom\u00edska setu fyrir allar tegundir af notkun \u2013 og me\u00f0 sam\u00fe\u00e6ttum 3D s\u00e6ti, tryggir \u00fea\u00f0 mikla hreyfingu. <strong>Fyrir l\u00e6knastofu, sj\u00fakra\u00fej\u00e1lfun e\u00f0a skrifstofu<\/strong>: Boogie gerir alltaf g\u00f3\u00f0a mynd. BIOSWING er f\u00e1anlegt \u00ed \u00fdmsum setuh\u00e6\u00f0um, me\u00f0 og \u00e1n f\u00f3tskr\u00fafu og jafnvel fyrir sv\u00e6\u00f0i \u00fear sem ster\u00edlt starf er unni\u00f0, me\u00f0 f\u00f3tsl\u00e9tti. Vi\u00f0 bj\u00f3\u00f0um upp \u00e1 s\u00e9rsni\u00f0i\u00f0 efnis\u00e1kl\u00e6\u00f0i sem passar vi\u00f0 hvert notkunarsvi\u00f0, sem h\u00e6gt er a\u00f0 \u00fer\u00edfa og s\u00f3tthreinsa \u00ed samr\u00e6mi vi\u00f0 regluger\u00f0ir. Ef \u00fe\u00fa k\u00fdst a\u00f0 standa, getur\u00f0u nota\u00f0 Boogie a\u00f0 mestu \u00ed efstu st\u00f6\u00f0unum sem stu\u00f0ning vi\u00f0 st\u00f6\u00f0una og bara sest ni\u00f0ur af og til. \u00de\u00fa getur nota\u00f0 valfrj\u00e1lsa f\u00f3tskr\u00fafu til a\u00f0 sty\u00f0ja vi\u00f0 f\u00e6tur \u00fe\u00edna af og til \u00feegar \u00fe\u00fa situr. Einnig fr\u00e1b\u00e6rt fyrir afgrei\u00f0slubor\u00f0 sem notu\u00f0 eru fyrir samskipti vi\u00f0 vi\u00f0skiptavini \u00e1 j\u00f6fnu m\u00e1li.<\/p>\n","protected":false},"featured_media":24158,"template":"","meta":[],"product_brand":[],"product_cat":[1088],"product_tag":[],"class_list":{"0":"post-24157","1":"product","2":"type-product","3":"status-publish","4":"has-post-thumbnail","6":"product_cat-skrifstofa-og-heimaskrifstofa","8":"first","9":"instock","10":"sale","11":"taxable","12":"shipping-taxable","13":"purchasable","14":"product-type-variable","15":"has-default-attributes"},"yoast_head":"<!-- This site is optimized with the Yoast SEO plugin v27.1.1 - https:\/\/yoast.com\/product\/yoast-seo-wordpress\/ -->\n<title>BIOSWING Boogie Switch - BIOSWING<\/title>\n<meta name=\"robots\" content=\"noindex, follow, max-snippet:-1, max-image-preview:large, max-video-preview:-1\" \/>\n<meta property=\"og:locale\" content=\"is_IS\" \/>\n<meta property=\"og:type\" content=\"article\" \/>\n<meta property=\"og:title\" content=\"BIOSWING Boogie Switch - BIOSWING\" \/>\n<meta property=\"og:description\" content=\"Ertu a\u00f0 n\u00fdta alla m\u00f6guleika sem fylgja \u00fev\u00ed a\u00f0 nota h\u00e6\u00f0arstillanlega skrifbor\u00f0? Hver sta\u00f0a sem \u00fe\u00fa tekur, fr\u00e1 \u00fev\u00ed a\u00f0 standa upp til h\u00e6kka\u00f0s setu, hj\u00e1lpar \u00fe\u00e9r a\u00f0 nj\u00f3ta \u00e1vinninga af fj\u00f6lbreyttum l\u00edkamsst\u00f6\u00f0um. Hugmyndin \u00e1 bak vi\u00f0 \u00feetta er s\u00fa a\u00f0 \u00fea\u00f0 s\u00e9 gott fyrir l\u00edkama og s\u00e1l a\u00f0 breyta reglulega l\u00edkamsst\u00f6\u00f0u. \u00deetta er vegna \u00feess a\u00f0 sto\u00f0kerfi\u00f0 okkar er forrita\u00f0 til a\u00f0 framkv\u00e6ma hreyfingar, b\u00e6\u00f0i \u00e1 \u00f6rsm\u00e1um og st\u00f3rum skala. BIOSWING Boogie er sannkalla\u00f0ur fj\u00f6lh\u00e6fur h\u00e6fileiki. \u00de\u00f6kk s\u00e9 h\u00f6nnuninni \u00e1 mismunandi s\u00e6tum og mja\u00f0ma- e\u00f0a bakstu\u00f0ningi, er \u00fea\u00f0 fullkominn grunnur fyrir ergonom\u00edska setu fyrir allar tegundir af notkun \u2013 og me\u00f0 sam\u00fe\u00e6ttum 3D s\u00e6ti, tryggir \u00fea\u00f0 mikla hreyfingu. Fyrir l\u00e6knastofu, sj\u00fakra\u00fej\u00e1lfun e\u00f0a skrifstofu: Boogie gerir alltaf g\u00f3\u00f0a mynd. BIOSWING er f\u00e1anlegt \u00ed \u00fdmsum setuh\u00e6\u00f0um, me\u00f0 og \u00e1n f\u00f3tskr\u00fafu og jafnvel fyrir sv\u00e6\u00f0i \u00fear sem ster\u00edlt starf er unni\u00f0, me\u00f0 f\u00f3tsl\u00e9tti. Vi\u00f0 bj\u00f3\u00f0um upp \u00e1 s\u00e9rsni\u00f0i\u00f0 efnis\u00e1kl\u00e6\u00f0i sem passar vi\u00f0 hvert notkunarsvi\u00f0, sem h\u00e6gt er a\u00f0 \u00fer\u00edfa og s\u00f3tthreinsa \u00ed samr\u00e6mi vi\u00f0 regluger\u00f0ir. Ef \u00fe\u00fa k\u00fdst a\u00f0 standa, getur\u00f0u nota\u00f0 Boogie a\u00f0 mestu \u00ed efstu st\u00f6\u00f0unum sem stu\u00f0ning vi\u00f0 st\u00f6\u00f0una og bara sest ni\u00f0ur af og til. \u00de\u00fa getur nota\u00f0 valfrj\u00e1lsa f\u00f3tskr\u00fafu til a\u00f0 sty\u00f0ja vi\u00f0 f\u00e6tur \u00fe\u00edna af og til \u00feegar \u00fe\u00fa situr. Einnig fr\u00e1b\u00e6rt fyrir afgrei\u00f0slubor\u00f0 sem notu\u00f0 eru fyrir samskipti vi\u00f0 vi\u00f0skiptavini \u00e1 j\u00f6fnu m\u00e1li.\" \/>\n<meta property=\"og:url\" content=\"https:\/\/staging.bioswing.ee\/is\/toode\/boogie-switch\/\" \/>\n<meta property=\"og:site_name\" content=\"BIOSWING\" \/>\n<meta property=\"article:modified_time\" content=\"2025-01-28T13:04:38+00:00\" \/>\n<meta property=\"og:image\" content=\"https:\/\/bioswing.ee\/wp-content\/uploads\/2023\/04\/Boogie_Switch.jpg\" \/>\n\t<meta property=\"og:image:width\" content=\"1874\" \/>\n\t<meta property=\"og:image:height\" content=\"2500\" \/>\n\t<meta property=\"og:image:type\" content=\"image\/jpeg\" \/>\n<meta name=\"twitter:card\" content=\"summary_large_image\" \/>\n<meta name=\"twitter:label1\" content=\"Est. reading time\" \/>\n\t<meta name=\"twitter:data1\" content=\"1 minute\" \/>\n<script type=\"application\/ld+json\" class=\"yoast-schema-graph\">{\"@context\":\"https:\/\/schema.org\",\"@graph\":[{\"@type\":\"WebPage\",\"@id\":\"https:\/\/staging.bioswing.ee\/is\/toode\/boogie-switch\/\",\"url\":\"https:\/\/staging.bioswing.ee\/is\/toode\/boogie-switch\/\",\"name\":\"BIOSWING Boogie Switch - BIOSWING\",\"isPartOf\":{\"@id\":\"https:\/\/staging.bioswing.ee\/is\/#website\"},\"primaryImageOfPage\":{\"@id\":\"https:\/\/staging.bioswing.ee\/is\/toode\/boogie-switch\/#primaryimage\"},\"image\":{\"@id\":\"https:\/\/staging.bioswing.ee\/is\/toode\/boogie-switch\/#primaryimage\"},\"thumbnailUrl\":\"https:\/\/staging.bioswing.ee\/wp-content\/uploads\/2023\/04\/Boogie_Switch.jpg\",\"datePublished\":\"2023-04-13T11:16:49+00:00\",\"dateModified\":\"2025-01-28T13:04:38+00:00\",\"breadcrumb\":{\"@id\":\"https:\/\/staging.bioswing.ee\/is\/toode\/boogie-switch\/#breadcrumb\"},\"inLanguage\":\"is\",\"potentialAction\":[{\"@type\":\"ReadAction\",\"target\":[\"https:\/\/staging.bioswing.ee\/is\/toode\/boogie-switch\/\"]}]},{\"@type\":\"ImageObject\",\"inLanguage\":\"is\",\"@id\":\"https:\/\/staging.bioswing.ee\/is\/toode\/boogie-switch\/#primaryimage\",\"url\":\"https:\/\/staging.bioswing.ee\/wp-content\/uploads\/2023\/04\/Boogie_Switch.jpg\",\"contentUrl\":\"https:\/\/staging.bioswing.ee\/wp-content\/uploads\/2023\/04\/Boogie_Switch.jpg\",\"width\":1874,\"height\":2500},{\"@type\":\"BreadcrumbList\",\"@id\":\"https:\/\/staging.bioswing.ee\/is\/toode\/boogie-switch\/#breadcrumb\",\"itemListElement\":[{\"@type\":\"ListItem\",\"position\":1,\"name\":\"Home\",\"item\":\"https:\/\/bioswing.ee\/is\/\"},{\"@type\":\"ListItem\",\"position\":2,\"name\":\"SHOP\",\"item\":\"https:\/\/bioswing.ee\/shop\/\"},{\"@type\":\"ListItem\",\"position\":3,\"name\":\"BIOSWING Boogie Switch\"}]},{\"@type\":\"WebSite\",\"@id\":\"https:\/\/staging.bioswing.ee\/is\/#website\",\"url\":\"https:\/\/staging.bioswing.ee\/is\/\",\"name\":\"BIOSWING\",\"description\":\"Smart solutions for healthy sitting\",\"publisher\":{\"@id\":\"https:\/\/staging.bioswing.ee\/is\/#organization\"},\"potentialAction\":[{\"@type\":\"SearchAction\",\"target\":{\"@type\":\"EntryPoint\",\"urlTemplate\":\"https:\/\/staging.bioswing.ee\/is\/?s={search_term_string}\"},\"query-input\":{\"@type\":\"PropertyValueSpecification\",\"valueRequired\":true,\"valueName\":\"search_term_string\"}}],\"inLanguage\":\"is\"},{\"@type\":\"Organization\",\"@id\":\"https:\/\/staging.bioswing.ee\/is\/#organization\",\"name\":\"BIOSWING\",\"url\":\"https:\/\/staging.bioswing.ee\/is\/\",\"logo\":{\"@type\":\"ImageObject\",\"inLanguage\":\"is\",\"@id\":\"https:\/\/staging.bioswing.ee\/is\/#\/schema\/logo\/image\/\",\"url\":\"https:\/\/staging.bioswing.ee\/wp-content\/uploads\/2023\/04\/logo_web.png\",\"contentUrl\":\"https:\/\/staging.bioswing.ee\/wp-content\/uploads\/2023\/04\/logo_web.png\",\"width\":140,\"height\":122,\"caption\":\"BIOSWING\"},\"image\":{\"@id\":\"https:\/\/staging.bioswing.ee\/is\/#\/schema\/logo\/image\/\"}}]}<\/script>\n<!-- \/ Yoast SEO plugin. -->","yoast_head_json":{"title":"BIOSWING Boogie Switch - BIOSWING","robots":{"index":"noindex","follow":"follow","max-snippet":"max-snippet:-1","max-image-preview":"max-image-preview:large","max-video-preview":"max-video-preview:-1"},"og_locale":"is_IS","og_type":"article","og_title":"BIOSWING Boogie Switch - BIOSWING","og_description":"Ertu a\u00f0 n\u00fdta alla m\u00f6guleika sem fylgja \u00fev\u00ed a\u00f0 nota h\u00e6\u00f0arstillanlega skrifbor\u00f0? Hver sta\u00f0a sem \u00fe\u00fa tekur, fr\u00e1 \u00fev\u00ed a\u00f0 standa upp til h\u00e6kka\u00f0s setu, hj\u00e1lpar \u00fe\u00e9r a\u00f0 nj\u00f3ta \u00e1vinninga af fj\u00f6lbreyttum l\u00edkamsst\u00f6\u00f0um. Hugmyndin \u00e1 bak vi\u00f0 \u00feetta er s\u00fa a\u00f0 \u00fea\u00f0 s\u00e9 gott fyrir l\u00edkama og s\u00e1l a\u00f0 breyta reglulega l\u00edkamsst\u00f6\u00f0u. \u00deetta er vegna \u00feess a\u00f0 sto\u00f0kerfi\u00f0 okkar er forrita\u00f0 til a\u00f0 framkv\u00e6ma hreyfingar, b\u00e6\u00f0i \u00e1 \u00f6rsm\u00e1um og st\u00f3rum skala. BIOSWING Boogie er sannkalla\u00f0ur fj\u00f6lh\u00e6fur h\u00e6fileiki. \u00de\u00f6kk s\u00e9 h\u00f6nnuninni \u00e1 mismunandi s\u00e6tum og mja\u00f0ma- e\u00f0a bakstu\u00f0ningi, er \u00fea\u00f0 fullkominn grunnur fyrir ergonom\u00edska setu fyrir allar tegundir af notkun \u2013 og me\u00f0 sam\u00fe\u00e6ttum 3D s\u00e6ti, tryggir \u00fea\u00f0 mikla hreyfingu. Fyrir l\u00e6knastofu, sj\u00fakra\u00fej\u00e1lfun e\u00f0a skrifstofu: Boogie gerir alltaf g\u00f3\u00f0a mynd. BIOSWING er f\u00e1anlegt \u00ed \u00fdmsum setuh\u00e6\u00f0um, me\u00f0 og \u00e1n f\u00f3tskr\u00fafu og jafnvel fyrir sv\u00e6\u00f0i \u00fear sem ster\u00edlt starf er unni\u00f0, me\u00f0 f\u00f3tsl\u00e9tti. Vi\u00f0 bj\u00f3\u00f0um upp \u00e1 s\u00e9rsni\u00f0i\u00f0 efnis\u00e1kl\u00e6\u00f0i sem passar vi\u00f0 hvert notkunarsvi\u00f0, sem h\u00e6gt er a\u00f0 \u00fer\u00edfa og s\u00f3tthreinsa \u00ed samr\u00e6mi vi\u00f0 regluger\u00f0ir. Ef \u00fe\u00fa k\u00fdst a\u00f0 standa, getur\u00f0u nota\u00f0 Boogie a\u00f0 mestu \u00ed efstu st\u00f6\u00f0unum sem stu\u00f0ning vi\u00f0 st\u00f6\u00f0una og bara sest ni\u00f0ur af og til. \u00de\u00fa getur nota\u00f0 valfrj\u00e1lsa f\u00f3tskr\u00fafu til a\u00f0 sty\u00f0ja vi\u00f0 f\u00e6tur \u00fe\u00edna af og til \u00feegar \u00fe\u00fa situr. Einnig fr\u00e1b\u00e6rt fyrir afgrei\u00f0slubor\u00f0 sem notu\u00f0 eru fyrir samskipti vi\u00f0 vi\u00f0skiptavini \u00e1 j\u00f6fnu m\u00e1li.","og_url":"https:\/\/staging.bioswing.ee\/is\/toode\/boogie-switch\/","og_site_name":"BIOSWING","article_modified_time":"2025-01-28T13:04:38+00:00","og_image":[{"width":1874,"height":2500,"url":"https:\/\/bioswing.ee\/wp-content\/uploads\/2023\/04\/Boogie_Switch.jpg","type":"image\/jpeg"}],"twitter_card":"summary_large_image","twitter_misc":{"Est. reading time":"1 minute"},"schema":{"@context":"https:\/\/schema.org","@graph":[{"@type":"WebPage","@id":"https:\/\/staging.bioswing.ee\/is\/toode\/boogie-switch\/","url":"https:\/\/staging.bioswing.ee\/is\/toode\/boogie-switch\/","name":"BIOSWING Boogie Switch - BIOSWING","isPartOf":{"@id":"https:\/\/staging.bioswing.ee\/is\/#website"},"primaryImageOfPage":{"@id":"https:\/\/staging.bioswing.ee\/is\/toode\/boogie-switch\/#primaryimage"},"image":{"@id":"https:\/\/staging.bioswing.ee\/is\/toode\/boogie-switch\/#primaryimage"},"thumbnailUrl":"https:\/\/staging.bioswing.ee\/wp-content\/uploads\/2023\/04\/Boogie_Switch.jpg","datePublished":"2023-04-13T11:16:49+00:00","dateModified":"2025-01-28T13:04:38+00:00","breadcrumb":{"@id":"https:\/\/staging.bioswing.ee\/is\/toode\/boogie-switch\/#breadcrumb"},"inLanguage":"is","potentialAction":[{"@type":"ReadAction","target":["https:\/\/staging.bioswing.ee\/is\/toode\/boogie-switch\/"]}]},{"@type":"ImageObject","inLanguage":"is","@id":"https:\/\/staging.bioswing.ee\/is\/toode\/boogie-switch\/#primaryimage","url":"https:\/\/staging.bioswing.ee\/wp-content\/uploads\/2023\/04\/Boogie_Switch.jpg","contentUrl":"https:\/\/staging.bioswing.ee\/wp-content\/uploads\/2023\/04\/Boogie_Switch.jpg","width":1874,"height":2500},{"@type":"BreadcrumbList","@id":"https:\/\/staging.bioswing.ee\/is\/toode\/boogie-switch\/#breadcrumb","itemListElement":[{"@type":"ListItem","position":1,"name":"Home","item":"https:\/\/bioswing.ee\/is\/"},{"@type":"ListItem","position":2,"name":"SHOP","item":"https:\/\/bioswing.ee\/shop\/"},{"@type":"ListItem","position":3,"name":"BIOSWING Boogie Switch"}]},{"@type":"WebSite","@id":"https:\/\/staging.bioswing.ee\/is\/#website","url":"https:\/\/staging.bioswing.ee\/is\/","name":"BIOSWING","description":"Smart solutions for healthy sitting","publisher":{"@id":"https:\/\/staging.bioswing.ee\/is\/#organization"},"potentialAction":[{"@type":"SearchAction","target":{"@type":"EntryPoint","urlTemplate":"https:\/\/staging.bioswing.ee\/is\/?s={search_term_string}"},"query-input":{"@type":"PropertyValueSpecification","valueRequired":true,"valueName":"search_term_string"}}],"inLanguage":"is"},{"@type":"Organization","@id":"https:\/\/staging.bioswing.ee\/is\/#organization","name":"BIOSWING","url":"https:\/\/staging.bioswing.ee\/is\/","logo":{"@type":"ImageObject","inLanguage":"is","@id":"https:\/\/staging.bioswing.ee\/is\/#\/schema\/logo\/image\/","url":"https:\/\/staging.bioswing.ee\/wp-content\/uploads\/2023\/04\/logo_web.png","contentUrl":"https:\/\/staging.bioswing.ee\/wp-content\/uploads\/2023\/04\/logo_web.png","width":140,"height":122,"caption":"BIOSWING"},"image":{"@id":"https:\/\/staging.bioswing.ee\/is\/#\/schema\/logo\/image\/"}}]}},"_links":{"self":[{"href":"https:\/\/staging.bioswing.ee\/is\/wp-json\/wp\/v2\/product\/24157","targetHints":{"allow":["GET"]}}],"collection":[{"href":"https:\/\/staging.bioswing.ee\/is\/wp-json\/wp\/v2\/product"}],"about":[{"href":"https:\/\/staging.bioswing.ee\/is\/wp-json\/wp\/v2\/types\/product"}],"wp:featuredmedia":[{"embeddable":true,"href":"https:\/\/staging.bioswing.ee\/is\/wp-json\/wp\/v2\/media\/24158"}],"wp:attachment":[{"href":"https:\/\/staging.bioswing.ee\/is\/wp-json\/wp\/v2\/media?parent=24157"}],"wp:term":[{"taxonomy":"product_brand","embeddable":true,"href":"https:\/\/staging.bioswing.ee\/is\/wp-json\/wp\/v2\/product_brand?post=24157"},{"taxonomy":"product_cat","embeddable":true,"href":"https:\/\/staging.bioswing.ee\/is\/wp-json\/wp\/v2\/product_cat?post=24157"},{"taxonomy":"product_tag","embeddable":true,"href":"https:\/\/staging.bioswing.ee\/is\/wp-json\/wp\/v2\/product_tag?post=24157"}],"curies":[{"name":"wp","href":"https:\/\/api.w.org\/{rel}","templated":true}]}}