{"id":24166,"date":"2023-04-13T11:21:14","date_gmt":"2023-04-13T11:21:14","guid":{"rendered":"https:\/\/staging.bioswing.ee\/toode\/foxter\/"},"modified":"2025-01-28T13:12:51","modified_gmt":"2025-01-28T13:12:51","slug":"foxter","status":"publish","type":"product","link":"https:\/\/staging.bioswing.ee\/is\/toode\/foxter\/","title":{"rendered":"Foxter"},"content":{"rendered":"<h3>Foxter vins\u00e6lasta vara<\/h3>\n<ul>\n<li>Ergonom\u00edskur palli me\u00f0 ort\u00f3ped\u00edskum \u00e1hrifum fyrir starfssemi og skrifstofu<\/li>\n<li>Inniheldur a\u00f0l\u00f6gunarh\u00e6ft 3D s\u00e6ti me\u00f0f\u00e6ri<\/li>\n<li>Boltas\u00e6ti<\/li>\n<li>Efnis\u00e1kl\u00e6\u00f0i: Xtreme-FR svart<\/li>\n<li>Stj\u00f6rnugrunnur: \u00c1l, gr\u00e1r m\u00e1lning<\/li>\n<li>Hj\u00f3l \u00f850 cm, gr\u00e1r<\/li>\n<\/ul>\n<p><iframe title=\"YouTube video player\" src=\"https:\/\/www.youtube.com\/embed\/5cLboTxOnh4\" width=\"100%\" height=\"450\" frameborder=\"0\" allowfullscreen=\"allowfullscreen\"><\/iframe><\/p>\n<p><iframe title=\"YouTube video player\" src=\"https:\/\/www.youtube.com\/embed\/RdAkGYfQRU0?si=iZjPFPN7BfNfVNQH\" width=\"100%\" height=\"450\" frameborder=\"0\" allowfullscreen=\"allowfullscreen\"><\/iframe><\/p>\n","protected":false},"excerpt":{"rendered":"<p class=\"p1\"><strong>Speed meeting <\/strong>er n\u00fdjasta straumurinn \u00ed starfsemi skrifstofunnar sem byggir \u00e1 virkni. Li\u00f0in hittast \u00f3v\u00e6nt \u00ed \u00fathlutu\u00f0um r\u00fdmum til a\u00f0 veita sk\u00f6punargle\u00f0i \u00feeirra frj\u00e1lsan taum. Seta og sta\u00f0a eru framkv\u00e6md til skiptis, \u00fear sem BIOSWING Foxter veitir stu\u00f0ning vi\u00f0 setu og <strong>eykur kraft l\u00edkamans<\/strong><strong> og hugans<\/strong>.  <\/p>\n<p>S\u00e6ti\u00f0 \u00e1 pallinum, sem er a\u00f0skili\u00f0 fr\u00e1 st\u00edfu g\u00f3lfi, gegnir s\u00e9rstakri hlutverki: <strong>\u00fea\u00f0 endurspeglar allar hreyfingar fr\u00e1 \u00feeim sem situr \u00e1 \u00fev\u00ed \u00e1 einstakan h\u00e1tt og <\/strong><strong>kveikir \u00e1 \u00f6rvandi og sk\u00f6punargle\u00f0andi \u00e1hrifum \u00ed l\u00edkamanum<\/strong>. \u00de\u00f6kk s\u00e9 au\u00f0veldri notkun og st\u00f6\u00f0ugt stillanlegri h\u00e6\u00f0, geta eiginleikar pallans n\u00fdst b\u00e6\u00f0i ungum og \u00f6ldru\u00f0um. \u00de\u00f6kk s\u00e9 sam\u00fe\u00e6ttum <strong>3D<\/strong> s\u00e6ti pallans, eru allar hreyfingar endurspegla\u00f0ar \u2013 jafnvel \u00fe\u00e6r minnstu, eins og hjartsl\u00e1ttur og \u00f6ndun \u2013 og eru s\u00ed\u00f0an st\u00f6\u00f0ugt sendar aftur til <strong>heilans sem hreyfingar\u00e1reiti<\/strong>. \u00deessi \u00e1reiti eru s\u00ed\u00f0an send \u00e1fram \u00ed gegnum mismunandi stigskiptingar \u00e1 gagnaflutningum til <strong>netkerfis heilasv\u00e6\u00f0isins sem tengist hreyfingu<\/strong>. \u00deessi netkerfi eru sj\u00e1lfkrafa virkja\u00f0 af einst\u00f6kum BIOSWING t\u00e6kni \u00feegar \u00fe\u00fa situr, sem gerir \u00fea\u00f0 m\u00f6gulegt a\u00f0 auka frammist\u00f6\u00f0u og sk\u00f6punarg\u00e1fu. <strong>Foxter<\/strong> er einnig nota\u00f0 \u00ed menntun: leiksk\u00f3lakennarar elska \u00fe\u00e6r f\u00ednu hreyfingar sem gera setu \u00fe\u00e6gilega og l\u00e9tta \u00e1 bakinu jafnvel vi\u00f0 l\u00e1gar setuh\u00e6\u00f0ir \u00ed tengslum vi\u00f0 stutta gassfj\u00f6\u00f0run.<\/p>\n","protected":false},"featured_media":24167,"template":"","meta":[],"product_brand":[],"product_cat":[1086,1088],"product_tag":[],"class_list":{"0":"post-24166","1":"product","2":"type-product","3":"status-publish","4":"has-post-thumbnail","6":"product_cat-fundir","7":"product_cat-skrifstofa-og-heimaskrifstofa","9":"first","10":"instock","11":"sale","12":"taxable","13":"shipping-taxable","14":"purchasable","15":"product-type-simple"},"yoast_head":"<!-- This site is optimized with the Yoast SEO plugin v27.1.1 - https:\/\/yoast.com\/product\/yoast-seo-wordpress\/ -->\n<title>Foxter - BIOSWING<\/title>\n<meta name=\"robots\" content=\"noindex, follow, max-snippet:-1, max-image-preview:large, max-video-preview:-1\" \/>\n<meta property=\"og:locale\" content=\"is_IS\" \/>\n<meta property=\"og:type\" content=\"article\" \/>\n<meta property=\"og:title\" content=\"Foxter - BIOSWING\" \/>\n<meta property=\"og:description\" content=\"Speed meeting er n\u00fdjasta straumurinn \u00ed starfsemi skrifstofunnar sem byggir \u00e1 virkni. Li\u00f0in hittast \u00f3v\u00e6nt \u00ed \u00fathlutu\u00f0um r\u00fdmum til a\u00f0 veita sk\u00f6punargle\u00f0i \u00feeirra frj\u00e1lsan taum. Seta og sta\u00f0a eru framkv\u00e6md til skiptis, \u00fear sem BIOSWING Foxter veitir stu\u00f0ning vi\u00f0 setu og eykur kraft l\u00edkamans og hugans.  S\u00e6ti\u00f0 \u00e1 pallinum, sem er a\u00f0skili\u00f0 fr\u00e1 st\u00edfu g\u00f3lfi, gegnir s\u00e9rstakri hlutverki: \u00fea\u00f0 endurspeglar allar hreyfingar fr\u00e1 \u00feeim sem situr \u00e1 \u00fev\u00ed \u00e1 einstakan h\u00e1tt og kveikir \u00e1 \u00f6rvandi og sk\u00f6punargle\u00f0andi \u00e1hrifum \u00ed l\u00edkamanum. \u00de\u00f6kk s\u00e9 au\u00f0veldri notkun og st\u00f6\u00f0ugt stillanlegri h\u00e6\u00f0, geta eiginleikar pallans n\u00fdst b\u00e6\u00f0i ungum og \u00f6ldru\u00f0um. \u00de\u00f6kk s\u00e9 sam\u00fe\u00e6ttum 3D s\u00e6ti pallans, eru allar hreyfingar endurspegla\u00f0ar \u2013 jafnvel \u00fe\u00e6r minnstu, eins og hjartsl\u00e1ttur og \u00f6ndun \u2013 og eru s\u00ed\u00f0an st\u00f6\u00f0ugt sendar aftur til heilans sem hreyfingar\u00e1reiti. \u00deessi \u00e1reiti eru s\u00ed\u00f0an send \u00e1fram \u00ed gegnum mismunandi stigskiptingar \u00e1 gagnaflutningum til netkerfis heilasv\u00e6\u00f0isins sem tengist hreyfingu. \u00deessi netkerfi eru sj\u00e1lfkrafa virkja\u00f0 af einst\u00f6kum BIOSWING t\u00e6kni \u00feegar \u00fe\u00fa situr, sem gerir \u00fea\u00f0 m\u00f6gulegt a\u00f0 auka frammist\u00f6\u00f0u og sk\u00f6punarg\u00e1fu. Foxter er einnig nota\u00f0 \u00ed menntun: leiksk\u00f3lakennarar elska \u00fe\u00e6r f\u00ednu hreyfingar sem gera setu \u00fe\u00e6gilega og l\u00e9tta \u00e1 bakinu jafnvel vi\u00f0 l\u00e1gar setuh\u00e6\u00f0ir \u00ed tengslum vi\u00f0 stutta gassfj\u00f6\u00f0run.\" \/>\n<meta property=\"og:url\" content=\"https:\/\/staging.bioswing.ee\/is\/toode\/foxter\/\" \/>\n<meta property=\"og:site_name\" content=\"BIOSWING\" \/>\n<meta property=\"article:modified_time\" content=\"2025-01-28T13:12:51+00:00\" \/>\n<meta property=\"og:image\" content=\"https:\/\/bioswing.ee\/wp-content\/uploads\/2023\/04\/Foxter.jpg\" \/>\n\t<meta property=\"og:image:width\" content=\"1874\" \/>\n\t<meta property=\"og:image:height\" content=\"2500\" \/>\n\t<meta property=\"og:image:type\" content=\"image\/jpeg\" \/>\n<meta name=\"twitter:card\" content=\"summary_large_image\" \/>\n<meta name=\"twitter:label1\" content=\"Est. reading time\" \/>\n\t<meta name=\"twitter:data1\" content=\"1 minute\" \/>\n<script type=\"application\/ld+json\" class=\"yoast-schema-graph\">{\"@context\":\"https:\/\/schema.org\",\"@graph\":[{\"@type\":\"WebPage\",\"@id\":\"https:\/\/staging.bioswing.ee\/is\/toode\/foxter\/\",\"url\":\"https:\/\/staging.bioswing.ee\/is\/toode\/foxter\/\",\"name\":\"Foxter - BIOSWING\",\"isPartOf\":{\"@id\":\"https:\/\/staging.bioswing.ee\/is\/#website\"},\"primaryImageOfPage\":{\"@id\":\"https:\/\/staging.bioswing.ee\/is\/toode\/foxter\/#primaryimage\"},\"image\":{\"@id\":\"https:\/\/staging.bioswing.ee\/is\/toode\/foxter\/#primaryimage\"},\"thumbnailUrl\":\"https:\/\/staging.bioswing.ee\/wp-content\/uploads\/2023\/04\/Foxter.jpg\",\"datePublished\":\"2023-04-13T11:21:14+00:00\",\"dateModified\":\"2025-01-28T13:12:51+00:00\",\"breadcrumb\":{\"@id\":\"https:\/\/staging.bioswing.ee\/is\/toode\/foxter\/#breadcrumb\"},\"inLanguage\":\"is\",\"potentialAction\":[{\"@type\":\"ReadAction\",\"target\":[\"https:\/\/staging.bioswing.ee\/is\/toode\/foxter\/\"]}]},{\"@type\":\"ImageObject\",\"inLanguage\":\"is\",\"@id\":\"https:\/\/staging.bioswing.ee\/is\/toode\/foxter\/#primaryimage\",\"url\":\"https:\/\/staging.bioswing.ee\/wp-content\/uploads\/2023\/04\/Foxter.jpg\",\"contentUrl\":\"https:\/\/staging.bioswing.ee\/wp-content\/uploads\/2023\/04\/Foxter.jpg\",\"width\":1874,\"height\":2500},{\"@type\":\"BreadcrumbList\",\"@id\":\"https:\/\/staging.bioswing.ee\/is\/toode\/foxter\/#breadcrumb\",\"itemListElement\":[{\"@type\":\"ListItem\",\"position\":1,\"name\":\"Home\",\"item\":\"https:\/\/bioswing.ee\/is\/\"},{\"@type\":\"ListItem\",\"position\":2,\"name\":\"SHOP\",\"item\":\"https:\/\/bioswing.ee\/shop\/\"},{\"@type\":\"ListItem\",\"position\":3,\"name\":\"Foxter\"}]},{\"@type\":\"WebSite\",\"@id\":\"https:\/\/staging.bioswing.ee\/is\/#website\",\"url\":\"https:\/\/staging.bioswing.ee\/is\/\",\"name\":\"BIOSWING\",\"description\":\"Smart solutions for healthy sitting\",\"publisher\":{\"@id\":\"https:\/\/staging.bioswing.ee\/is\/#organization\"},\"potentialAction\":[{\"@type\":\"SearchAction\",\"target\":{\"@type\":\"EntryPoint\",\"urlTemplate\":\"https:\/\/staging.bioswing.ee\/is\/?s={search_term_string}\"},\"query-input\":{\"@type\":\"PropertyValueSpecification\",\"valueRequired\":true,\"valueName\":\"search_term_string\"}}],\"inLanguage\":\"is\"},{\"@type\":\"Organization\",\"@id\":\"https:\/\/staging.bioswing.ee\/is\/#organization\",\"name\":\"BIOSWING\",\"url\":\"https:\/\/staging.bioswing.ee\/is\/\",\"logo\":{\"@type\":\"ImageObject\",\"inLanguage\":\"is\",\"@id\":\"https:\/\/staging.bioswing.ee\/is\/#\/schema\/logo\/image\/\",\"url\":\"https:\/\/staging.bioswing.ee\/wp-content\/uploads\/2023\/04\/logo_web.png\",\"contentUrl\":\"https:\/\/staging.bioswing.ee\/wp-content\/uploads\/2023\/04\/logo_web.png\",\"width\":140,\"height\":122,\"caption\":\"BIOSWING\"},\"image\":{\"@id\":\"https:\/\/staging.bioswing.ee\/is\/#\/schema\/logo\/image\/\"}}]}<\/script>\n<!-- \/ Yoast SEO plugin. -->","yoast_head_json":{"title":"Foxter - BIOSWING","robots":{"index":"noindex","follow":"follow","max-snippet":"max-snippet:-1","max-image-preview":"max-image-preview:large","max-video-preview":"max-video-preview:-1"},"og_locale":"is_IS","og_type":"article","og_title":"Foxter - BIOSWING","og_description":"Speed meeting er n\u00fdjasta straumurinn \u00ed starfsemi skrifstofunnar sem byggir \u00e1 virkni. Li\u00f0in hittast \u00f3v\u00e6nt \u00ed \u00fathlutu\u00f0um r\u00fdmum til a\u00f0 veita sk\u00f6punargle\u00f0i \u00feeirra frj\u00e1lsan taum. Seta og sta\u00f0a eru framkv\u00e6md til skiptis, \u00fear sem BIOSWING Foxter veitir stu\u00f0ning vi\u00f0 setu og eykur kraft l\u00edkamans og hugans.  S\u00e6ti\u00f0 \u00e1 pallinum, sem er a\u00f0skili\u00f0 fr\u00e1 st\u00edfu g\u00f3lfi, gegnir s\u00e9rstakri hlutverki: \u00fea\u00f0 endurspeglar allar hreyfingar fr\u00e1 \u00feeim sem situr \u00e1 \u00fev\u00ed \u00e1 einstakan h\u00e1tt og kveikir \u00e1 \u00f6rvandi og sk\u00f6punargle\u00f0andi \u00e1hrifum \u00ed l\u00edkamanum. \u00de\u00f6kk s\u00e9 au\u00f0veldri notkun og st\u00f6\u00f0ugt stillanlegri h\u00e6\u00f0, geta eiginleikar pallans n\u00fdst b\u00e6\u00f0i ungum og \u00f6ldru\u00f0um. \u00de\u00f6kk s\u00e9 sam\u00fe\u00e6ttum 3D s\u00e6ti pallans, eru allar hreyfingar endurspegla\u00f0ar \u2013 jafnvel \u00fe\u00e6r minnstu, eins og hjartsl\u00e1ttur og \u00f6ndun \u2013 og eru s\u00ed\u00f0an st\u00f6\u00f0ugt sendar aftur til heilans sem hreyfingar\u00e1reiti. \u00deessi \u00e1reiti eru s\u00ed\u00f0an send \u00e1fram \u00ed gegnum mismunandi stigskiptingar \u00e1 gagnaflutningum til netkerfis heilasv\u00e6\u00f0isins sem tengist hreyfingu. \u00deessi netkerfi eru sj\u00e1lfkrafa virkja\u00f0 af einst\u00f6kum BIOSWING t\u00e6kni \u00feegar \u00fe\u00fa situr, sem gerir \u00fea\u00f0 m\u00f6gulegt a\u00f0 auka frammist\u00f6\u00f0u og sk\u00f6punarg\u00e1fu. Foxter er einnig nota\u00f0 \u00ed menntun: leiksk\u00f3lakennarar elska \u00fe\u00e6r f\u00ednu hreyfingar sem gera setu \u00fe\u00e6gilega og l\u00e9tta \u00e1 bakinu jafnvel vi\u00f0 l\u00e1gar setuh\u00e6\u00f0ir \u00ed tengslum vi\u00f0 stutta gassfj\u00f6\u00f0run.","og_url":"https:\/\/staging.bioswing.ee\/is\/toode\/foxter\/","og_site_name":"BIOSWING","article_modified_time":"2025-01-28T13:12:51+00:00","og_image":[{"width":1874,"height":2500,"url":"https:\/\/bioswing.ee\/wp-content\/uploads\/2023\/04\/Foxter.jpg","type":"image\/jpeg"}],"twitter_card":"summary_large_image","twitter_misc":{"Est. reading time":"1 minute"},"schema":{"@context":"https:\/\/schema.org","@graph":[{"@type":"WebPage","@id":"https:\/\/staging.bioswing.ee\/is\/toode\/foxter\/","url":"https:\/\/staging.bioswing.ee\/is\/toode\/foxter\/","name":"Foxter - BIOSWING","isPartOf":{"@id":"https:\/\/staging.bioswing.ee\/is\/#website"},"primaryImageOfPage":{"@id":"https:\/\/staging.bioswing.ee\/is\/toode\/foxter\/#primaryimage"},"image":{"@id":"https:\/\/staging.bioswing.ee\/is\/toode\/foxter\/#primaryimage"},"thumbnailUrl":"https:\/\/staging.bioswing.ee\/wp-content\/uploads\/2023\/04\/Foxter.jpg","datePublished":"2023-04-13T11:21:14+00:00","dateModified":"2025-01-28T13:12:51+00:00","breadcrumb":{"@id":"https:\/\/staging.bioswing.ee\/is\/toode\/foxter\/#breadcrumb"},"inLanguage":"is","potentialAction":[{"@type":"ReadAction","target":["https:\/\/staging.bioswing.ee\/is\/toode\/foxter\/"]}]},{"@type":"ImageObject","inLanguage":"is","@id":"https:\/\/staging.bioswing.ee\/is\/toode\/foxter\/#primaryimage","url":"https:\/\/staging.bioswing.ee\/wp-content\/uploads\/2023\/04\/Foxter.jpg","contentUrl":"https:\/\/staging.bioswing.ee\/wp-content\/uploads\/2023\/04\/Foxter.jpg","width":1874,"height":2500},{"@type":"BreadcrumbList","@id":"https:\/\/staging.bioswing.ee\/is\/toode\/foxter\/#breadcrumb","itemListElement":[{"@type":"ListItem","position":1,"name":"Home","item":"https:\/\/bioswing.ee\/is\/"},{"@type":"ListItem","position":2,"name":"SHOP","item":"https:\/\/bioswing.ee\/shop\/"},{"@type":"ListItem","position":3,"name":"Foxter"}]},{"@type":"WebSite","@id":"https:\/\/staging.bioswing.ee\/is\/#website","url":"https:\/\/staging.bioswing.ee\/is\/","name":"BIOSWING","description":"Smart solutions for healthy sitting","publisher":{"@id":"https:\/\/staging.bioswing.ee\/is\/#organization"},"potentialAction":[{"@type":"SearchAction","target":{"@type":"EntryPoint","urlTemplate":"https:\/\/staging.bioswing.ee\/is\/?s={search_term_string}"},"query-input":{"@type":"PropertyValueSpecification","valueRequired":true,"valueName":"search_term_string"}}],"inLanguage":"is"},{"@type":"Organization","@id":"https:\/\/staging.bioswing.ee\/is\/#organization","name":"BIOSWING","url":"https:\/\/staging.bioswing.ee\/is\/","logo":{"@type":"ImageObject","inLanguage":"is","@id":"https:\/\/staging.bioswing.ee\/is\/#\/schema\/logo\/image\/","url":"https:\/\/staging.bioswing.ee\/wp-content\/uploads\/2023\/04\/logo_web.png","contentUrl":"https:\/\/staging.bioswing.ee\/wp-content\/uploads\/2023\/04\/logo_web.png","width":140,"height":122,"caption":"BIOSWING"},"image":{"@id":"https:\/\/staging.bioswing.ee\/is\/#\/schema\/logo\/image\/"}}]}},"_links":{"self":[{"href":"https:\/\/staging.bioswing.ee\/is\/wp-json\/wp\/v2\/product\/24166","targetHints":{"allow":["GET"]}}],"collection":[{"href":"https:\/\/staging.bioswing.ee\/is\/wp-json\/wp\/v2\/product"}],"about":[{"href":"https:\/\/staging.bioswing.ee\/is\/wp-json\/wp\/v2\/types\/product"}],"wp:featuredmedia":[{"embeddable":true,"href":"https:\/\/staging.bioswing.ee\/is\/wp-json\/wp\/v2\/media\/24167"}],"wp:attachment":[{"href":"https:\/\/staging.bioswing.ee\/is\/wp-json\/wp\/v2\/media?parent=24166"}],"wp:term":[{"taxonomy":"product_brand","embeddable":true,"href":"https:\/\/staging.bioswing.ee\/is\/wp-json\/wp\/v2\/product_brand?post=24166"},{"taxonomy":"product_cat","embeddable":true,"href":"https:\/\/staging.bioswing.ee\/is\/wp-json\/wp\/v2\/product_cat?post=24166"},{"taxonomy":"product_tag","embeddable":true,"href":"https:\/\/staging.bioswing.ee\/is\/wp-json\/wp\/v2\/product_tag?post=24166"}],"curies":[{"name":"wp","href":"https:\/\/api.w.org\/{rel}","templated":true}]}}