{"id":24183,"date":"2023-04-13T11:45:56","date_gmt":"2023-04-13T11:45:56","guid":{"rendered":"https:\/\/staging.bioswing.ee\/toode\/360-iq\/"},"modified":"2025-01-28T13:22:27","modified_gmt":"2025-01-28T13:22:27","slug":"360-iq","status":"publish","type":"product","link":"https:\/\/staging.bioswing.ee\/is\/toode\/360-iq\/","title":{"rendered":"BIOSWING 360 iQ"},"content":{"rendered":"<h3>BIOSWING 360 iQ<\/h3>\n<ul>\n<li>Ergonom\u00edskur skrifstofu sn\u00faningsst\u00f3ll me\u00f0 ort\u00f3ped\u00edskum \u00e1hrifum<\/li>\n<li>Inniheldur a\u00f0l\u00f6gunarh\u00e6ft 3D s\u00e6ti me\u00f0f\u00e6ri<\/li>\n<li>Samstillt kerfi me\u00f0 sj\u00e1lfvirkri \u00feyngdarskilgreiningu (auk f\u00ednstillingar)<\/li>\n<li>Einstaklingslega stillanleg s\u00e6ti halla, me\u00f0 mja\u00f0mavog e\u00f0a gassfj\u00f6\u00f0run<\/li>\n<li>D\u00fdpt setu er h\u00e6gt a\u00f0 stilla til a\u00f0 passa vi\u00f0 f\u00f3talengd<\/li>\n<li>Armp\u00fa\u00f0ar me\u00f0 einstaklingslega stillanlegri h\u00e6\u00f0<\/li>\n<li>Bakstu\u00f0ningur me\u00f0 stillanlegri h\u00e6\u00f0, auk \u00feess me\u00f0 lendarstu\u00f0ningi me\u00f0 einstaklingslega stillanlegri k\u00farvu<\/li>\n<li>Bakstu\u00f0ningur h\u00e6\u00f0: 60 cm<\/li>\n<li>Efnis\u00e1kl\u00e6\u00f0i: X-treme FR svart<\/li>\n<li>Stj\u00f6rnugrunnur: Plast, svart<\/li>\n<li>H\u00e1g\u00e6\u00f0a tv\u00f6f\u00f6ld hj\u00f3l, mj\u00fak<\/li>\n<\/ul>\n<p><iframe title=\"YouTube video player\" src=\"https:\/\/www.youtube.com\/embed\/nxXvBXxMZ50\" width=\"100%\" height=\"450\" frameborder=\"0\" allowfullscreen=\"allowfullscreen\"><\/iframe><\/p>\n<p><iframe title=\"YouTube video player\" src=\"https:\/\/www.youtube.com\/embed\/RdAkGYfQRU0?si=iZjPFPN7BfNfVNQH\" width=\"100%\" height=\"450\" frameborder=\"0\" allowfullscreen=\"allowfullscreen\"><\/iframe><\/p>\n","protected":false},"excerpt":{"rendered":"<h4>A\u00f0 geta stillt skrifstofust\u00f3linn \u00feinn til a\u00f0 passa n\u00e1kv\u00e6mlega vi\u00f0 \u00fe\u00ednar pers\u00f3nulegu m\u00e6lingar gerir \u00fea\u00f0 m\u00f6gulegt a\u00f0 vera heilbrig\u00f0ari og meira hvattur vi\u00f0 langvarandi setu.<\/h4>\n<p>\u00dea\u00f0 er mikilv\u00e6gt a\u00f0 st\u00f3llinn <strong>taki mi\u00f0 af \u00feinni einstaklingsbundnu l\u00edkamsskipan<\/strong> og bj\u00f3\u00f0i upp \u00e1 n\u00e6gjanlega valkosti fyrir breytingar og stillingar. Helstu valkostirnir eru kynntir h\u00e9r a\u00f0 ne\u00f0an.<\/p>\n<h4>Skrifstofust\u00f3ll \u00far BIOSWING 3 l\u00ednunni veitir h\u00e1mark hreyfingar.<\/h4>\n<p>\u00de\u00f6kk s\u00e9 mismunandi kerfum, bregst 3 l\u00ednan ekki a\u00f0eins vi\u00f0 hverri hreyfingu fr\u00e1 notandanum, heldur a\u00f0lagast h\u00fan einnig \u00ed fullkominni samhlj\u00f3m vi\u00f0 hverja l\u00edkamsst\u00f6\u00f0u sem tekin er yfir langan dag. \u00deegar \u00f6llu er \u00e1 botninn hvolft:<strong> besta sta\u00f0an er alltaf s\u00fa n\u00e6sta<\/strong>. Ef vinna \u00fe\u00edn felst \u00ed miklum skrifum me\u00f0 lyklabor\u00f0i og m\u00fas, \u00e6ttir \u00fe\u00fa a\u00f0 ganga \u00far skugga um a\u00f0<strong> her\u00f0av\u00f6\u00f0varnir s\u00e9u l\u00e9ttir<\/strong> <strong>reglulega<\/strong>. <strong>Einstaklingslega stillanlegir armp\u00fa\u00f0ar geta veitt ver\u00f0m\u00e6tt stu\u00f0ning \u00ed \u00feessu sambandi.<\/strong> 3 l\u00ednan er f\u00e1anleg \u00ed mismunandi \u00fatg\u00e1fum sem margir af ergonom\u00edu s\u00e9rfr\u00e6\u00f0ingum okkar geta kynnt \u00fe\u00e9r \u00ed um <strong>150 r\u00e1\u00f0gjafafyrirt\u00e6kjum<\/strong> \u00ed DE, CH og AT. <\/p>\n<p><img decoding=\"async\" class=\"alignnone wp-image-916\" src=\"https:\/\/staging.bioswing.ee\/wp-content\/uploads\/2023\/04\/pdf.png\" alt=\"pdf\" width=\"19\" height=\"20\"> <a href=\"https:\/\/staging.bioswing.ee\/wp-content\/uploads\/2023\/04\/produktblatt_360_v04_EN.pdf\" target=\"_blank\" rel=\"noopener\">Hla\u00f0a ni\u00f0ur v\u00f6ruuppl\u00fdsingum (PDF) (\u00e1 ensku)<\/a><\/p>\n","protected":false},"featured_media":24194,"template":"","meta":[],"product_brand":[],"product_cat":[1088],"product_tag":[],"class_list":{"0":"post-24183","1":"product","2":"type-product","3":"status-publish","4":"has-post-thumbnail","6":"product_cat-skrifstofa-og-heimaskrifstofa","8":"first","9":"instock","10":"sale","11":"taxable","12":"shipping-taxable","13":"purchasable","14":"product-type-variable","15":"has-default-attributes"},"yoast_head":"<!-- This site is optimized with the Yoast SEO plugin v27.1.1 - https:\/\/yoast.com\/product\/yoast-seo-wordpress\/ -->\n<title>BIOSWING 360 iQ - BIOSWING<\/title>\n<meta name=\"robots\" content=\"noindex, follow, max-snippet:-1, max-image-preview:large, max-video-preview:-1\" \/>\n<meta property=\"og:locale\" content=\"is_IS\" \/>\n<meta property=\"og:type\" content=\"article\" \/>\n<meta property=\"og:title\" content=\"BIOSWING 360 iQ - BIOSWING\" \/>\n<meta property=\"og:description\" content=\"A\u00f0 geta stillt skrifstofust\u00f3linn \u00feinn til a\u00f0 passa n\u00e1kv\u00e6mlega vi\u00f0 \u00fe\u00ednar pers\u00f3nulegu m\u00e6lingar gerir \u00fea\u00f0 m\u00f6gulegt a\u00f0 vera heilbrig\u00f0ari og meira hvattur vi\u00f0 langvarandi setu. \u00dea\u00f0 er mikilv\u00e6gt a\u00f0 st\u00f3llinn taki mi\u00f0 af \u00feinni einstaklingsbundnu l\u00edkamsskipan og bj\u00f3\u00f0i upp \u00e1 n\u00e6gjanlega valkosti fyrir breytingar og stillingar. Helstu valkostirnir eru kynntir h\u00e9r a\u00f0 ne\u00f0an.  Skrifstofust\u00f3ll \u00far BIOSWING 3 l\u00ednunni veitir h\u00e1mark hreyfingar. \u00de\u00f6kk s\u00e9 mismunandi kerfum, bregst 3 l\u00ednan ekki a\u00f0eins vi\u00f0 hverri hreyfingu fr\u00e1 notandanum, heldur a\u00f0lagast h\u00fan einnig \u00ed fullkominni samhlj\u00f3m vi\u00f0 hverja l\u00edkamsst\u00f6\u00f0u sem tekin er yfir langan dag. \u00deegar \u00f6llu er \u00e1 botninn hvolft: besta sta\u00f0an er alltaf s\u00fa n\u00e6sta. Ef vinna \u00fe\u00edn felst \u00ed miklum skrifum me\u00f0 lyklabor\u00f0i og m\u00fas, \u00e6ttir \u00fe\u00fa a\u00f0 ganga \u00far skugga um a\u00f0 her\u00f0av\u00f6\u00f0varnir s\u00e9u l\u00e9ttir reglulega. Einstaklingslega stillanlegir armp\u00fa\u00f0ar geta veitt ver\u00f0m\u00e6tt stu\u00f0ning \u00ed \u00feessu sambandi. 3 l\u00ednan er f\u00e1anleg \u00ed mismunandi \u00fatg\u00e1fum sem margir af ergonom\u00edu s\u00e9rfr\u00e6\u00f0ingum okkar geta kynnt \u00fe\u00e9r \u00ed um 150 r\u00e1\u00f0gjafafyrirt\u00e6kjum \u00ed DE, CH og AT.    Hla\u00f0a ni\u00f0ur v\u00f6ruuppl\u00fdsingum (PDF) (\u00e1 ensku)\" \/>\n<meta property=\"og:url\" content=\"https:\/\/staging.bioswing.ee\/is\/toode\/360-iq\/\" \/>\n<meta property=\"og:site_name\" content=\"BIOSWING\" \/>\n<meta property=\"article:modified_time\" content=\"2025-01-28T13:22:27+00:00\" \/>\n<meta property=\"og:image\" content=\"https:\/\/bioswing.ee\/wp-content\/uploads\/2023\/04\/360_IQ_Nackenstuetze.jpg\" \/>\n\t<meta property=\"og:image:width\" content=\"1874\" \/>\n\t<meta property=\"og:image:height\" content=\"2500\" \/>\n\t<meta property=\"og:image:type\" content=\"image\/jpeg\" \/>\n<meta name=\"twitter:card\" content=\"summary_large_image\" \/>\n<meta name=\"twitter:label1\" content=\"Est. reading time\" \/>\n\t<meta name=\"twitter:data1\" content=\"1 minute\" \/>\n<script type=\"application\/ld+json\" class=\"yoast-schema-graph\">{\"@context\":\"https:\/\/schema.org\",\"@graph\":[{\"@type\":\"WebPage\",\"@id\":\"https:\/\/staging.bioswing.ee\/is\/toode\/360-iq\/\",\"url\":\"https:\/\/staging.bioswing.ee\/is\/toode\/360-iq\/\",\"name\":\"BIOSWING 360 iQ - BIOSWING\",\"isPartOf\":{\"@id\":\"https:\/\/staging.bioswing.ee\/is\/#website\"},\"primaryImageOfPage\":{\"@id\":\"https:\/\/staging.bioswing.ee\/is\/toode\/360-iq\/#primaryimage\"},\"image\":{\"@id\":\"https:\/\/staging.bioswing.ee\/is\/toode\/360-iq\/#primaryimage\"},\"thumbnailUrl\":\"https:\/\/staging.bioswing.ee\/wp-content\/uploads\/2023\/04\/360_IQ_Nackenstuetze.jpg\",\"datePublished\":\"2023-04-13T11:45:56+00:00\",\"dateModified\":\"2025-01-28T13:22:27+00:00\",\"breadcrumb\":{\"@id\":\"https:\/\/staging.bioswing.ee\/is\/toode\/360-iq\/#breadcrumb\"},\"inLanguage\":\"is\",\"potentialAction\":[{\"@type\":\"ReadAction\",\"target\":[\"https:\/\/staging.bioswing.ee\/is\/toode\/360-iq\/\"]}]},{\"@type\":\"ImageObject\",\"inLanguage\":\"is\",\"@id\":\"https:\/\/staging.bioswing.ee\/is\/toode\/360-iq\/#primaryimage\",\"url\":\"https:\/\/staging.bioswing.ee\/wp-content\/uploads\/2023\/04\/360_IQ_Nackenstuetze.jpg\",\"contentUrl\":\"https:\/\/staging.bioswing.ee\/wp-content\/uploads\/2023\/04\/360_IQ_Nackenstuetze.jpg\",\"width\":1874,\"height\":2500},{\"@type\":\"BreadcrumbList\",\"@id\":\"https:\/\/staging.bioswing.ee\/is\/toode\/360-iq\/#breadcrumb\",\"itemListElement\":[{\"@type\":\"ListItem\",\"position\":1,\"name\":\"Home\",\"item\":\"https:\/\/bioswing.ee\/is\/\"},{\"@type\":\"ListItem\",\"position\":2,\"name\":\"SHOP\",\"item\":\"https:\/\/bioswing.ee\/shop\/\"},{\"@type\":\"ListItem\",\"position\":3,\"name\":\"BIOSWING 360 iQ\"}]},{\"@type\":\"WebSite\",\"@id\":\"https:\/\/staging.bioswing.ee\/is\/#website\",\"url\":\"https:\/\/staging.bioswing.ee\/is\/\",\"name\":\"BIOSWING\",\"description\":\"Smart solutions for healthy sitting\",\"publisher\":{\"@id\":\"https:\/\/staging.bioswing.ee\/is\/#organization\"},\"potentialAction\":[{\"@type\":\"SearchAction\",\"target\":{\"@type\":\"EntryPoint\",\"urlTemplate\":\"https:\/\/staging.bioswing.ee\/is\/?s={search_term_string}\"},\"query-input\":{\"@type\":\"PropertyValueSpecification\",\"valueRequired\":true,\"valueName\":\"search_term_string\"}}],\"inLanguage\":\"is\"},{\"@type\":\"Organization\",\"@id\":\"https:\/\/staging.bioswing.ee\/is\/#organization\",\"name\":\"BIOSWING\",\"url\":\"https:\/\/staging.bioswing.ee\/is\/\",\"logo\":{\"@type\":\"ImageObject\",\"inLanguage\":\"is\",\"@id\":\"https:\/\/staging.bioswing.ee\/is\/#\/schema\/logo\/image\/\",\"url\":\"https:\/\/staging.bioswing.ee\/wp-content\/uploads\/2023\/04\/logo_web.png\",\"contentUrl\":\"https:\/\/staging.bioswing.ee\/wp-content\/uploads\/2023\/04\/logo_web.png\",\"width\":140,\"height\":122,\"caption\":\"BIOSWING\"},\"image\":{\"@id\":\"https:\/\/staging.bioswing.ee\/is\/#\/schema\/logo\/image\/\"}}]}<\/script>\n<!-- \/ Yoast SEO plugin. -->","yoast_head_json":{"title":"BIOSWING 360 iQ - BIOSWING","robots":{"index":"noindex","follow":"follow","max-snippet":"max-snippet:-1","max-image-preview":"max-image-preview:large","max-video-preview":"max-video-preview:-1"},"og_locale":"is_IS","og_type":"article","og_title":"BIOSWING 360 iQ - BIOSWING","og_description":"A\u00f0 geta stillt skrifstofust\u00f3linn \u00feinn til a\u00f0 passa n\u00e1kv\u00e6mlega vi\u00f0 \u00fe\u00ednar pers\u00f3nulegu m\u00e6lingar gerir \u00fea\u00f0 m\u00f6gulegt a\u00f0 vera heilbrig\u00f0ari og meira hvattur vi\u00f0 langvarandi setu. \u00dea\u00f0 er mikilv\u00e6gt a\u00f0 st\u00f3llinn taki mi\u00f0 af \u00feinni einstaklingsbundnu l\u00edkamsskipan og bj\u00f3\u00f0i upp \u00e1 n\u00e6gjanlega valkosti fyrir breytingar og stillingar. Helstu valkostirnir eru kynntir h\u00e9r a\u00f0 ne\u00f0an.  Skrifstofust\u00f3ll \u00far BIOSWING 3 l\u00ednunni veitir h\u00e1mark hreyfingar. \u00de\u00f6kk s\u00e9 mismunandi kerfum, bregst 3 l\u00ednan ekki a\u00f0eins vi\u00f0 hverri hreyfingu fr\u00e1 notandanum, heldur a\u00f0lagast h\u00fan einnig \u00ed fullkominni samhlj\u00f3m vi\u00f0 hverja l\u00edkamsst\u00f6\u00f0u sem tekin er yfir langan dag. \u00deegar \u00f6llu er \u00e1 botninn hvolft: besta sta\u00f0an er alltaf s\u00fa n\u00e6sta. Ef vinna \u00fe\u00edn felst \u00ed miklum skrifum me\u00f0 lyklabor\u00f0i og m\u00fas, \u00e6ttir \u00fe\u00fa a\u00f0 ganga \u00far skugga um a\u00f0 her\u00f0av\u00f6\u00f0varnir s\u00e9u l\u00e9ttir reglulega. Einstaklingslega stillanlegir armp\u00fa\u00f0ar geta veitt ver\u00f0m\u00e6tt stu\u00f0ning \u00ed \u00feessu sambandi. 3 l\u00ednan er f\u00e1anleg \u00ed mismunandi \u00fatg\u00e1fum sem margir af ergonom\u00edu s\u00e9rfr\u00e6\u00f0ingum okkar geta kynnt \u00fe\u00e9r \u00ed um 150 r\u00e1\u00f0gjafafyrirt\u00e6kjum \u00ed DE, CH og AT.    Hla\u00f0a ni\u00f0ur v\u00f6ruuppl\u00fdsingum (PDF) (\u00e1 ensku)","og_url":"https:\/\/staging.bioswing.ee\/is\/toode\/360-iq\/","og_site_name":"BIOSWING","article_modified_time":"2025-01-28T13:22:27+00:00","og_image":[{"width":1874,"height":2500,"url":"https:\/\/bioswing.ee\/wp-content\/uploads\/2023\/04\/360_IQ_Nackenstuetze.jpg","type":"image\/jpeg"}],"twitter_card":"summary_large_image","twitter_misc":{"Est. reading time":"1 minute"},"schema":{"@context":"https:\/\/schema.org","@graph":[{"@type":"WebPage","@id":"https:\/\/staging.bioswing.ee\/is\/toode\/360-iq\/","url":"https:\/\/staging.bioswing.ee\/is\/toode\/360-iq\/","name":"BIOSWING 360 iQ - BIOSWING","isPartOf":{"@id":"https:\/\/staging.bioswing.ee\/is\/#website"},"primaryImageOfPage":{"@id":"https:\/\/staging.bioswing.ee\/is\/toode\/360-iq\/#primaryimage"},"image":{"@id":"https:\/\/staging.bioswing.ee\/is\/toode\/360-iq\/#primaryimage"},"thumbnailUrl":"https:\/\/staging.bioswing.ee\/wp-content\/uploads\/2023\/04\/360_IQ_Nackenstuetze.jpg","datePublished":"2023-04-13T11:45:56+00:00","dateModified":"2025-01-28T13:22:27+00:00","breadcrumb":{"@id":"https:\/\/staging.bioswing.ee\/is\/toode\/360-iq\/#breadcrumb"},"inLanguage":"is","potentialAction":[{"@type":"ReadAction","target":["https:\/\/staging.bioswing.ee\/is\/toode\/360-iq\/"]}]},{"@type":"ImageObject","inLanguage":"is","@id":"https:\/\/staging.bioswing.ee\/is\/toode\/360-iq\/#primaryimage","url":"https:\/\/staging.bioswing.ee\/wp-content\/uploads\/2023\/04\/360_IQ_Nackenstuetze.jpg","contentUrl":"https:\/\/staging.bioswing.ee\/wp-content\/uploads\/2023\/04\/360_IQ_Nackenstuetze.jpg","width":1874,"height":2500},{"@type":"BreadcrumbList","@id":"https:\/\/staging.bioswing.ee\/is\/toode\/360-iq\/#breadcrumb","itemListElement":[{"@type":"ListItem","position":1,"name":"Home","item":"https:\/\/bioswing.ee\/is\/"},{"@type":"ListItem","position":2,"name":"SHOP","item":"https:\/\/bioswing.ee\/shop\/"},{"@type":"ListItem","position":3,"name":"BIOSWING 360 iQ"}]},{"@type":"WebSite","@id":"https:\/\/staging.bioswing.ee\/is\/#website","url":"https:\/\/staging.bioswing.ee\/is\/","name":"BIOSWING","description":"Smart solutions for healthy sitting","publisher":{"@id":"https:\/\/staging.bioswing.ee\/is\/#organization"},"potentialAction":[{"@type":"SearchAction","target":{"@type":"EntryPoint","urlTemplate":"https:\/\/staging.bioswing.ee\/is\/?s={search_term_string}"},"query-input":{"@type":"PropertyValueSpecification","valueRequired":true,"valueName":"search_term_string"}}],"inLanguage":"is"},{"@type":"Organization","@id":"https:\/\/staging.bioswing.ee\/is\/#organization","name":"BIOSWING","url":"https:\/\/staging.bioswing.ee\/is\/","logo":{"@type":"ImageObject","inLanguage":"is","@id":"https:\/\/staging.bioswing.ee\/is\/#\/schema\/logo\/image\/","url":"https:\/\/staging.bioswing.ee\/wp-content\/uploads\/2023\/04\/logo_web.png","contentUrl":"https:\/\/staging.bioswing.ee\/wp-content\/uploads\/2023\/04\/logo_web.png","width":140,"height":122,"caption":"BIOSWING"},"image":{"@id":"https:\/\/staging.bioswing.ee\/is\/#\/schema\/logo\/image\/"}}]}},"_links":{"self":[{"href":"https:\/\/staging.bioswing.ee\/is\/wp-json\/wp\/v2\/product\/24183","targetHints":{"allow":["GET"]}}],"collection":[{"href":"https:\/\/staging.bioswing.ee\/is\/wp-json\/wp\/v2\/product"}],"about":[{"href":"https:\/\/staging.bioswing.ee\/is\/wp-json\/wp\/v2\/types\/product"}],"wp:featuredmedia":[{"embeddable":true,"href":"https:\/\/staging.bioswing.ee\/is\/wp-json\/wp\/v2\/media\/24194"}],"wp:attachment":[{"href":"https:\/\/staging.bioswing.ee\/is\/wp-json\/wp\/v2\/media?parent=24183"}],"wp:term":[{"taxonomy":"product_brand","embeddable":true,"href":"https:\/\/staging.bioswing.ee\/is\/wp-json\/wp\/v2\/product_brand?post=24183"},{"taxonomy":"product_cat","embeddable":true,"href":"https:\/\/staging.bioswing.ee\/is\/wp-json\/wp\/v2\/product_cat?post=24183"},{"taxonomy":"product_tag","embeddable":true,"href":"https:\/\/staging.bioswing.ee\/is\/wp-json\/wp\/v2\/product_tag?post=24183"}],"curies":[{"name":"wp","href":"https:\/\/api.w.org\/{rel}","templated":true}]}}