{"id":24333,"date":"2023-04-13T13:22:21","date_gmt":"2023-04-13T13:22:21","guid":{"rendered":"https:\/\/staging.bioswing.ee\/toode\/660-iq\/"},"modified":"2025-01-28T13:41:23","modified_gmt":"2025-01-28T13:41:23","slug":"660-iq","status":"publish","type":"product","link":"https:\/\/staging.bioswing.ee\/is\/toode\/660-iq\/","title":{"rendered":"BIOSWING 660 iQ"},"content":{"rendered":"<h3>BIOSWING 660 iQ<\/h3>\n<ul>\n<li>Ergonom\u00edskur skrifstofu sn\u00faningsst\u00f3ll me\u00f0 ort\u00f3ped\u00edskum \u00e1hrifum<\/li>\n<li>Inniheldur a\u00f0l\u00f6gunarh\u00e6ft 3D s\u00e6ti me\u00f0f\u00e6ri<\/li>\n<li>Samstillt kerfi me\u00f0 sj\u00e1lfvirkri \u00feyngdarskilgreiningu (auk f\u00ednstillingar)<\/li>\n<li>3D armp\u00fa\u00f0ar fyrir fj\u00f6lvirkjanlega stillingu til a\u00f0 passa vi\u00f0 mismunandi vinnustellingar<\/li>\n<li>Einstaklingslega stillanleg s\u00e6ti halla me\u00f0 gassfj\u00f6\u00f0run, st\u00f6\u00f0ugt stillanlegt<\/li>\n<li>Aukalegur mja\u00f0mavog<\/li>\n<li>D\u00fdpt setu er h\u00e6gt a\u00f0 stilla til a\u00f0 passa vi\u00f0 f\u00f3talengd<\/li>\n<li>Bakstu\u00f0ningur me\u00f0 stillanlegri h\u00e6\u00f0, auk \u00feess me\u00f0 lendarstu\u00f0ningi me\u00f0 einstaklingslega stillanlegri k\u00farvu<\/li>\n<li>3D h\u00e1lsstu\u00f0ningur me\u00f0 st\u00f6\u00f0ugri stillanleika \u00e1 h\u00e6\u00f0, d\u00fdpt og halli<\/li>\n<li>Bakstu\u00f0ningur h\u00e6\u00f0: 60 cm<\/li>\n<li>Efnis\u00e1kl\u00e6\u00f0i: Step, \u00fdmsir litir<\/li>\n<li>Stj\u00f6rnugrunnur: \u00c1l, polera\u00f0ur<\/li>\n<\/ul>\n<p><iframe title=\"YouTube video player\" src=\"https:\/\/www.youtube.com\/embed\/HZcjV5Wtxhk\" width=\"100%\" height=\"450\" frameborder=\"0\" allowfullscreen=\"allowfullscreen\"><\/iframe><\/p>\n<p><iframe title=\"YouTube video player\" src=\"https:\/\/www.youtube.com\/embed\/RdAkGYfQRU0?si=iZjPFPN7BfNfVNQH\" width=\"100%\" height=\"450\" frameborder=\"0\" allowfullscreen=\"allowfullscreen\"><\/iframe><\/p>\n","protected":false},"excerpt":{"rendered":"<h4>Ef \u00fe\u00fa \u00fearft a\u00f0 veita h\u00e1marks frammist\u00f6\u00f0u daglega, \u00fearftu skrifstofust\u00f3l sem getur gert meira: BIOSWING, frammist\u00f6\u00f0uboostari.<\/h4>\n<p>\u00c1 \u00feessari s\u00ed\u00f0u getur\u00f0u kynnt \u00fe\u00e9r allt um hvernig \u00feessi t\u00e6kni getur hj\u00e1lpa\u00f0 \u00fe\u00e9r a\u00f0 <strong>auka frammist\u00f6\u00f0u \u00fe\u00edna<\/strong>. \u00dea\u00f0 er mikilv\u00e6gt a\u00f0 st\u00f3llinn <strong>taki mi\u00f0 af einstaklingsbundinni l\u00edkamsskipan<\/strong> og bj\u00f3\u00f0i upp \u00e1 fullkomna m\u00f6guleika til breytinga og stillinga.<\/p>\n<h4>Skrifstofust\u00f3ll \u00far BIOSWING 6 l\u00ednunni veitir h\u00e1marks vi\u00f0b\u00f3tarhreyfingu.<\/h4>\n<p>\u00de\u00f6kk s\u00e9 h\u00e1\u00fer\u00f3u\u00f0um sam\u00fe\u00e6ttum kerfum bregst 6 l\u00ednan ekki a\u00f0eins vi\u00f0 hverju hreyfivi\u00f0i \u00fe\u00ednu, heldur a\u00f0lagast h\u00fan me\u00f0 \u00f3tr\u00falegri m\u00fdkt vi\u00f0 hverja l\u00edkamsst\u00f6\u00f0u sem \u00fe\u00fa tekur yfir langan dag. Virk hreyfing og regluleg breyting \u00e1 l\u00edkamsst\u00f6\u00f0u eru g\u00f3\u00f0 fyrir hryggs\u00faluna \u00fe\u00edna. Me\u00f0 e<strong>instaklingslega stillanlegri s\u00e6ti halla<\/strong> og <strong>mja\u00f0mavog<\/strong> me\u00f0 \u00f3tr\u00falega mj\u00faku vi\u00f0brag\u00f0i getur\u00f0u au\u00f0veldlega stillt mja\u00f0mirnar r\u00e9tt og \u00e1 sama t\u00edma sta\u00f0sett hrygginn \u00ed n<strong>\u00e1tt\u00farulegu S-lagi<\/strong>. \u00deetta virkjar vi\u00f0b\u00f3tar m\u00f6guleika fyrir l\u00edkama og huga.<\/p>\n<p>A\u00f0 vinna klukkustundum saman vi\u00f0 t\u00f6lvu veldur \u00fereytu. Vi\u00f0 ver\u00f0um a\u00f0 halda h\u00f6f\u00f0i okkar, sem vegur um fimm k\u00edl\u00f3, st\u00f6\u00f0ugu \u00ed einni st\u00f6\u00f0u, sem of\u00e1lagar h\u00e1lsv\u00f6\u00f0vana okkar og veldur s\u00e1rsaukafullri spennu. L\u00e9ttir f\u00e6st me\u00f0 <strong>h\u00e1lsstu\u00f0ningi me\u00f0 3D stillingu<\/strong> sem gerir kleift a\u00f0 taka stuttar <strong>skiptifasat\u00edmar til sl\u00f6kunar <\/strong>\u2013 sem leyfa \u00fe\u00e9r a\u00f0 <strong>slaka \u00e1 \u00fereyttum v\u00f6\u00f0vunum<\/strong> \u00fe\u00ednum. <strong>BIOSWING 660 iQ bakh\u00e6\u00f0 er 60 cm<\/strong> (BIOSWING 670 iQ bakh\u00e6\u00f0 er 70 cm). <\/p>\n<p><img decoding=\"async\" class=\"alignnone wp-image-916\" src=\"https:\/\/staging.bioswing.ee\/wp-content\/uploads\/2023\/04\/pdf.png\" alt=\"pdf\" width=\"19\" height=\"20\"> <a href=\"https:\/\/staging.bioswing.ee\/wp-content\/uploads\/2023\/04\/produktblatt_660_v05_EN.pdf\" target=\"_blank\" rel=\"noopener\">Hla\u00f0a ni\u00f0ur v\u00f6ruuppl\u00fdsingum (PDF) (\u00e1 ensku)<\/a><\/p>\n","protected":false},"featured_media":24334,"template":"","meta":[],"product_brand":[],"product_cat":[1085],"product_tag":[],"class_list":{"0":"post-24333","1":"product","2":"type-product","3":"status-publish","4":"has-post-thumbnail","6":"product_cat-stjornun","8":"first","9":"instock","10":"sale","11":"taxable","12":"shipping-taxable","13":"purchasable","14":"product-type-variable","15":"has-default-attributes"},"yoast_head":"<!-- This site is optimized with the Yoast SEO plugin v27.1.1 - https:\/\/yoast.com\/product\/yoast-seo-wordpress\/ -->\n<title>BIOSWING 660 iQ - BIOSWING<\/title>\n<meta name=\"robots\" content=\"noindex, follow, max-snippet:-1, max-image-preview:large, max-video-preview:-1\" \/>\n<meta property=\"og:locale\" content=\"is_IS\" \/>\n<meta property=\"og:type\" content=\"article\" \/>\n<meta property=\"og:title\" content=\"BIOSWING 660 iQ - BIOSWING\" \/>\n<meta property=\"og:description\" content=\"Ef \u00fe\u00fa \u00fearft a\u00f0 veita h\u00e1marks frammist\u00f6\u00f0u daglega, \u00fearftu skrifstofust\u00f3l sem getur gert meira: BIOSWING, frammist\u00f6\u00f0uboostari. \u00c1 \u00feessari s\u00ed\u00f0u getur\u00f0u kynnt \u00fe\u00e9r allt um hvernig \u00feessi t\u00e6kni getur hj\u00e1lpa\u00f0 \u00fe\u00e9r a\u00f0 auka frammist\u00f6\u00f0u \u00fe\u00edna. \u00dea\u00f0 er mikilv\u00e6gt a\u00f0 st\u00f3llinn taki mi\u00f0 af einstaklingsbundinni l\u00edkamsskipan og bj\u00f3\u00f0i upp \u00e1 fullkomna m\u00f6guleika til breytinga og stillinga.  Skrifstofust\u00f3ll \u00far BIOSWING 6 l\u00ednunni veitir h\u00e1marks vi\u00f0b\u00f3tarhreyfingu. \u00de\u00f6kk s\u00e9 h\u00e1\u00fer\u00f3u\u00f0um sam\u00fe\u00e6ttum kerfum bregst 6 l\u00ednan ekki a\u00f0eins vi\u00f0 hverju hreyfivi\u00f0i \u00fe\u00ednu, heldur a\u00f0lagast h\u00fan me\u00f0 \u00f3tr\u00falegri m\u00fdkt vi\u00f0 hverja l\u00edkamsst\u00f6\u00f0u sem \u00fe\u00fa tekur yfir langan dag. Virk hreyfing og regluleg breyting \u00e1 l\u00edkamsst\u00f6\u00f0u eru g\u00f3\u00f0 fyrir hryggs\u00faluna \u00fe\u00edna. Me\u00f0 einstaklingslega stillanlegri s\u00e6ti halla og mja\u00f0mavog me\u00f0 \u00f3tr\u00falega mj\u00faku vi\u00f0brag\u00f0i getur\u00f0u au\u00f0veldlega stillt mja\u00f0mirnar r\u00e9tt og \u00e1 sama t\u00edma sta\u00f0sett hrygginn \u00ed n\u00e1tt\u00farulegu S-lagi. \u00deetta virkjar vi\u00f0b\u00f3tar m\u00f6guleika fyrir l\u00edkama og huga.   A\u00f0 vinna klukkustundum saman vi\u00f0 t\u00f6lvu veldur \u00fereytu. Vi\u00f0 ver\u00f0um a\u00f0 halda h\u00f6f\u00f0i okkar, sem vegur um fimm k\u00edl\u00f3, st\u00f6\u00f0ugu \u00ed einni st\u00f6\u00f0u, sem of\u00e1lagar h\u00e1lsv\u00f6\u00f0vana okkar og veldur s\u00e1rsaukafullri spennu. L\u00e9ttir f\u00e6st me\u00f0 h\u00e1lsstu\u00f0ningi me\u00f0 3D stillingu sem gerir kleift a\u00f0 taka stuttar skiptifasat\u00edmar til sl\u00f6kunar \u2013 sem leyfa \u00fe\u00e9r a\u00f0 slaka \u00e1 \u00fereyttum v\u00f6\u00f0vunum \u00fe\u00ednum. BIOSWING 660 iQ bakh\u00e6\u00f0 er 60 cm (BIOSWING 670 iQ bakh\u00e6\u00f0 er 70 cm).    Hla\u00f0a ni\u00f0ur v\u00f6ruuppl\u00fdsingum (PDF) (\u00e1 ensku)\" \/>\n<meta property=\"og:url\" content=\"https:\/\/staging.bioswing.ee\/is\/toode\/660-iq\/\" \/>\n<meta property=\"og:site_name\" content=\"BIOSWING\" \/>\n<meta property=\"article:modified_time\" content=\"2025-01-28T13:41:23+00:00\" \/>\n<meta property=\"og:image\" content=\"https:\/\/bioswing.ee\/wp-content\/uploads\/2023\/04\/660_IQ.jpg\" \/>\n\t<meta property=\"og:image:width\" content=\"1874\" \/>\n\t<meta property=\"og:image:height\" content=\"2500\" \/>\n\t<meta property=\"og:image:type\" content=\"image\/jpeg\" \/>\n<meta name=\"twitter:card\" content=\"summary_large_image\" \/>\n<meta name=\"twitter:label1\" content=\"Est. reading time\" \/>\n\t<meta name=\"twitter:data1\" content=\"1 minute\" \/>\n<script type=\"application\/ld+json\" class=\"yoast-schema-graph\">{\"@context\":\"https:\/\/schema.org\",\"@graph\":[{\"@type\":\"WebPage\",\"@id\":\"https:\/\/staging.bioswing.ee\/is\/toode\/660-iq\/\",\"url\":\"https:\/\/staging.bioswing.ee\/is\/toode\/660-iq\/\",\"name\":\"BIOSWING 660 iQ - BIOSWING\",\"isPartOf\":{\"@id\":\"https:\/\/staging.bioswing.ee\/is\/#website\"},\"primaryImageOfPage\":{\"@id\":\"https:\/\/staging.bioswing.ee\/is\/toode\/660-iq\/#primaryimage\"},\"image\":{\"@id\":\"https:\/\/staging.bioswing.ee\/is\/toode\/660-iq\/#primaryimage\"},\"thumbnailUrl\":\"https:\/\/staging.bioswing.ee\/wp-content\/uploads\/2023\/04\/660_IQ.jpg\",\"datePublished\":\"2023-04-13T13:22:21+00:00\",\"dateModified\":\"2025-01-28T13:41:23+00:00\",\"breadcrumb\":{\"@id\":\"https:\/\/staging.bioswing.ee\/is\/toode\/660-iq\/#breadcrumb\"},\"inLanguage\":\"is\",\"potentialAction\":[{\"@type\":\"ReadAction\",\"target\":[\"https:\/\/staging.bioswing.ee\/is\/toode\/660-iq\/\"]}]},{\"@type\":\"ImageObject\",\"inLanguage\":\"is\",\"@id\":\"https:\/\/staging.bioswing.ee\/is\/toode\/660-iq\/#primaryimage\",\"url\":\"https:\/\/staging.bioswing.ee\/wp-content\/uploads\/2023\/04\/660_IQ.jpg\",\"contentUrl\":\"https:\/\/staging.bioswing.ee\/wp-content\/uploads\/2023\/04\/660_IQ.jpg\",\"width\":1874,\"height\":2500},{\"@type\":\"BreadcrumbList\",\"@id\":\"https:\/\/staging.bioswing.ee\/is\/toode\/660-iq\/#breadcrumb\",\"itemListElement\":[{\"@type\":\"ListItem\",\"position\":1,\"name\":\"Home\",\"item\":\"https:\/\/bioswing.ee\/is\/\"},{\"@type\":\"ListItem\",\"position\":2,\"name\":\"SHOP\",\"item\":\"https:\/\/bioswing.ee\/shop\/\"},{\"@type\":\"ListItem\",\"position\":3,\"name\":\"BIOSWING 660 iQ\"}]},{\"@type\":\"WebSite\",\"@id\":\"https:\/\/staging.bioswing.ee\/is\/#website\",\"url\":\"https:\/\/staging.bioswing.ee\/is\/\",\"name\":\"BIOSWING\",\"description\":\"Smart solutions for healthy sitting\",\"publisher\":{\"@id\":\"https:\/\/staging.bioswing.ee\/is\/#organization\"},\"potentialAction\":[{\"@type\":\"SearchAction\",\"target\":{\"@type\":\"EntryPoint\",\"urlTemplate\":\"https:\/\/staging.bioswing.ee\/is\/?s={search_term_string}\"},\"query-input\":{\"@type\":\"PropertyValueSpecification\",\"valueRequired\":true,\"valueName\":\"search_term_string\"}}],\"inLanguage\":\"is\"},{\"@type\":\"Organization\",\"@id\":\"https:\/\/staging.bioswing.ee\/is\/#organization\",\"name\":\"BIOSWING\",\"url\":\"https:\/\/staging.bioswing.ee\/is\/\",\"logo\":{\"@type\":\"ImageObject\",\"inLanguage\":\"is\",\"@id\":\"https:\/\/staging.bioswing.ee\/is\/#\/schema\/logo\/image\/\",\"url\":\"https:\/\/staging.bioswing.ee\/wp-content\/uploads\/2023\/04\/logo_web.png\",\"contentUrl\":\"https:\/\/staging.bioswing.ee\/wp-content\/uploads\/2023\/04\/logo_web.png\",\"width\":140,\"height\":122,\"caption\":\"BIOSWING\"},\"image\":{\"@id\":\"https:\/\/staging.bioswing.ee\/is\/#\/schema\/logo\/image\/\"}}]}<\/script>\n<!-- \/ Yoast SEO plugin. -->","yoast_head_json":{"title":"BIOSWING 660 iQ - BIOSWING","robots":{"index":"noindex","follow":"follow","max-snippet":"max-snippet:-1","max-image-preview":"max-image-preview:large","max-video-preview":"max-video-preview:-1"},"og_locale":"is_IS","og_type":"article","og_title":"BIOSWING 660 iQ - BIOSWING","og_description":"Ef \u00fe\u00fa \u00fearft a\u00f0 veita h\u00e1marks frammist\u00f6\u00f0u daglega, \u00fearftu skrifstofust\u00f3l sem getur gert meira: BIOSWING, frammist\u00f6\u00f0uboostari. \u00c1 \u00feessari s\u00ed\u00f0u getur\u00f0u kynnt \u00fe\u00e9r allt um hvernig \u00feessi t\u00e6kni getur hj\u00e1lpa\u00f0 \u00fe\u00e9r a\u00f0 auka frammist\u00f6\u00f0u \u00fe\u00edna. \u00dea\u00f0 er mikilv\u00e6gt a\u00f0 st\u00f3llinn taki mi\u00f0 af einstaklingsbundinni l\u00edkamsskipan og bj\u00f3\u00f0i upp \u00e1 fullkomna m\u00f6guleika til breytinga og stillinga.  Skrifstofust\u00f3ll \u00far BIOSWING 6 l\u00ednunni veitir h\u00e1marks vi\u00f0b\u00f3tarhreyfingu. \u00de\u00f6kk s\u00e9 h\u00e1\u00fer\u00f3u\u00f0um sam\u00fe\u00e6ttum kerfum bregst 6 l\u00ednan ekki a\u00f0eins vi\u00f0 hverju hreyfivi\u00f0i \u00fe\u00ednu, heldur a\u00f0lagast h\u00fan me\u00f0 \u00f3tr\u00falegri m\u00fdkt vi\u00f0 hverja l\u00edkamsst\u00f6\u00f0u sem \u00fe\u00fa tekur yfir langan dag. Virk hreyfing og regluleg breyting \u00e1 l\u00edkamsst\u00f6\u00f0u eru g\u00f3\u00f0 fyrir hryggs\u00faluna \u00fe\u00edna. Me\u00f0 einstaklingslega stillanlegri s\u00e6ti halla og mja\u00f0mavog me\u00f0 \u00f3tr\u00falega mj\u00faku vi\u00f0brag\u00f0i getur\u00f0u au\u00f0veldlega stillt mja\u00f0mirnar r\u00e9tt og \u00e1 sama t\u00edma sta\u00f0sett hrygginn \u00ed n\u00e1tt\u00farulegu S-lagi. \u00deetta virkjar vi\u00f0b\u00f3tar m\u00f6guleika fyrir l\u00edkama og huga.   A\u00f0 vinna klukkustundum saman vi\u00f0 t\u00f6lvu veldur \u00fereytu. Vi\u00f0 ver\u00f0um a\u00f0 halda h\u00f6f\u00f0i okkar, sem vegur um fimm k\u00edl\u00f3, st\u00f6\u00f0ugu \u00ed einni st\u00f6\u00f0u, sem of\u00e1lagar h\u00e1lsv\u00f6\u00f0vana okkar og veldur s\u00e1rsaukafullri spennu. L\u00e9ttir f\u00e6st me\u00f0 h\u00e1lsstu\u00f0ningi me\u00f0 3D stillingu sem gerir kleift a\u00f0 taka stuttar skiptifasat\u00edmar til sl\u00f6kunar \u2013 sem leyfa \u00fe\u00e9r a\u00f0 slaka \u00e1 \u00fereyttum v\u00f6\u00f0vunum \u00fe\u00ednum. BIOSWING 660 iQ bakh\u00e6\u00f0 er 60 cm (BIOSWING 670 iQ bakh\u00e6\u00f0 er 70 cm).    Hla\u00f0a ni\u00f0ur v\u00f6ruuppl\u00fdsingum (PDF) (\u00e1 ensku)","og_url":"https:\/\/staging.bioswing.ee\/is\/toode\/660-iq\/","og_site_name":"BIOSWING","article_modified_time":"2025-01-28T13:41:23+00:00","og_image":[{"width":1874,"height":2500,"url":"https:\/\/bioswing.ee\/wp-content\/uploads\/2023\/04\/660_IQ.jpg","type":"image\/jpeg"}],"twitter_card":"summary_large_image","twitter_misc":{"Est. reading time":"1 minute"},"schema":{"@context":"https:\/\/schema.org","@graph":[{"@type":"WebPage","@id":"https:\/\/staging.bioswing.ee\/is\/toode\/660-iq\/","url":"https:\/\/staging.bioswing.ee\/is\/toode\/660-iq\/","name":"BIOSWING 660 iQ - BIOSWING","isPartOf":{"@id":"https:\/\/staging.bioswing.ee\/is\/#website"},"primaryImageOfPage":{"@id":"https:\/\/staging.bioswing.ee\/is\/toode\/660-iq\/#primaryimage"},"image":{"@id":"https:\/\/staging.bioswing.ee\/is\/toode\/660-iq\/#primaryimage"},"thumbnailUrl":"https:\/\/staging.bioswing.ee\/wp-content\/uploads\/2023\/04\/660_IQ.jpg","datePublished":"2023-04-13T13:22:21+00:00","dateModified":"2025-01-28T13:41:23+00:00","breadcrumb":{"@id":"https:\/\/staging.bioswing.ee\/is\/toode\/660-iq\/#breadcrumb"},"inLanguage":"is","potentialAction":[{"@type":"ReadAction","target":["https:\/\/staging.bioswing.ee\/is\/toode\/660-iq\/"]}]},{"@type":"ImageObject","inLanguage":"is","@id":"https:\/\/staging.bioswing.ee\/is\/toode\/660-iq\/#primaryimage","url":"https:\/\/staging.bioswing.ee\/wp-content\/uploads\/2023\/04\/660_IQ.jpg","contentUrl":"https:\/\/staging.bioswing.ee\/wp-content\/uploads\/2023\/04\/660_IQ.jpg","width":1874,"height":2500},{"@type":"BreadcrumbList","@id":"https:\/\/staging.bioswing.ee\/is\/toode\/660-iq\/#breadcrumb","itemListElement":[{"@type":"ListItem","position":1,"name":"Home","item":"https:\/\/bioswing.ee\/is\/"},{"@type":"ListItem","position":2,"name":"SHOP","item":"https:\/\/bioswing.ee\/shop\/"},{"@type":"ListItem","position":3,"name":"BIOSWING 660 iQ"}]},{"@type":"WebSite","@id":"https:\/\/staging.bioswing.ee\/is\/#website","url":"https:\/\/staging.bioswing.ee\/is\/","name":"BIOSWING","description":"Smart solutions for healthy sitting","publisher":{"@id":"https:\/\/staging.bioswing.ee\/is\/#organization"},"potentialAction":[{"@type":"SearchAction","target":{"@type":"EntryPoint","urlTemplate":"https:\/\/staging.bioswing.ee\/is\/?s={search_term_string}"},"query-input":{"@type":"PropertyValueSpecification","valueRequired":true,"valueName":"search_term_string"}}],"inLanguage":"is"},{"@type":"Organization","@id":"https:\/\/staging.bioswing.ee\/is\/#organization","name":"BIOSWING","url":"https:\/\/staging.bioswing.ee\/is\/","logo":{"@type":"ImageObject","inLanguage":"is","@id":"https:\/\/staging.bioswing.ee\/is\/#\/schema\/logo\/image\/","url":"https:\/\/staging.bioswing.ee\/wp-content\/uploads\/2023\/04\/logo_web.png","contentUrl":"https:\/\/staging.bioswing.ee\/wp-content\/uploads\/2023\/04\/logo_web.png","width":140,"height":122,"caption":"BIOSWING"},"image":{"@id":"https:\/\/staging.bioswing.ee\/is\/#\/schema\/logo\/image\/"}}]}},"_links":{"self":[{"href":"https:\/\/staging.bioswing.ee\/is\/wp-json\/wp\/v2\/product\/24333","targetHints":{"allow":["GET"]}}],"collection":[{"href":"https:\/\/staging.bioswing.ee\/is\/wp-json\/wp\/v2\/product"}],"about":[{"href":"https:\/\/staging.bioswing.ee\/is\/wp-json\/wp\/v2\/types\/product"}],"wp:featuredmedia":[{"embeddable":true,"href":"https:\/\/staging.bioswing.ee\/is\/wp-json\/wp\/v2\/media\/24334"}],"wp:attachment":[{"href":"https:\/\/staging.bioswing.ee\/is\/wp-json\/wp\/v2\/media?parent=24333"}],"wp:term":[{"taxonomy":"product_brand","embeddable":true,"href":"https:\/\/staging.bioswing.ee\/is\/wp-json\/wp\/v2\/product_brand?post=24333"},{"taxonomy":"product_cat","embeddable":true,"href":"https:\/\/staging.bioswing.ee\/is\/wp-json\/wp\/v2\/product_cat?post=24333"},{"taxonomy":"product_tag","embeddable":true,"href":"https:\/\/staging.bioswing.ee\/is\/wp-json\/wp\/v2\/product_tag?post=24333"}],"curies":[{"name":"wp","href":"https:\/\/api.w.org\/{rel}","templated":true}]}}