{"id":24468,"date":"2023-04-14T11:49:01","date_gmt":"2023-04-14T11:49:01","guid":{"rendered":"https:\/\/staging.bioswing.ee\/toode\/780-iq-detensor\/"},"modified":"2025-01-28T13:55:09","modified_gmt":"2025-01-28T13:55:09","slug":"780-iq-detensor","status":"publish","type":"product","link":"https:\/\/staging.bioswing.ee\/is\/toode\/780-iq-detensor\/","title":{"rendered":"BIOSWING 780 iQ DETENSOR"},"content":{"rendered":"<h3>BIOSWING 780 iQ DETENSOR<\/h3>\n<ul>\n<li>Ergonom\u00edskur skrifstofu sn\u00faningsst\u00f3ll me\u00f0 ort\u00f3ped\u00edskum \u00e1hrifum<\/li>\n<li>Inniheldur a\u00f0l\u00f6gunarh\u00e6ft 3D s\u00e6ti me\u00f0f\u00e6ri<\/li>\n<li>Samstillt kerfi me\u00f0 einstaklingsbundinni \u00feyngdarstillingu<\/li>\n<li>Le\u00f0urarmp\u00fa\u00f0ar me\u00f0 einstaklingsbundinni h\u00e6\u00f0arstillingu<\/li>\n<li>Einstaklingslega stillanleg s\u00e6ti halla me\u00f0 gassfj\u00f6\u00f0run, st\u00f6\u00f0ugt stillanlegt<\/li>\n<li>Aukalegur mja\u00f0mavog<\/li>\n<li>D\u00fdpt setu er h\u00e6gt a\u00f0 stilla til a\u00f0 passa vi\u00f0 f\u00f3talengd<\/li>\n<li>Bakstu\u00f0ningur me\u00f0 sam\u00fe\u00e6ttum h\u00e1lsstu\u00f0ningi me\u00f0 stillanlegri h\u00e6\u00f0, auk \u00feess me\u00f0 lendarstu\u00f0ningi me\u00f0 einstaklingsbundinni stillanlegri k\u00farvu og h\u00e6\u00f0<\/li>\n<li>Bakh\u00e6\u00f0: 80 cm<\/li>\n<li>\u00deema: K\u00faaskinn \u00ed mismunandi litum<\/li>\n<li>Stj\u00f6rnugrunnur: \u00c1l, polera\u00f0ur<\/li>\n<li>Hj\u00f3l: Kr\u00f3m<\/li>\n<\/ul>\n<p><iframe title=\"YouTube video player\" src=\"https:\/\/www.youtube.com\/embed\/WkNjcHLZfsA\" width=\"100%\" height=\"450\" frameborder=\"0\" allowfullscreen=\"allowfullscreen\"><\/iframe><\/p>\n<p><iframe title=\"YouTube video player\" src=\"https:\/\/www.youtube.com\/embed\/RdAkGYfQRU0?si=iZjPFPN7BfNfVNQH\" width=\"100%\" height=\"450\" frameborder=\"0\" allowfullscreen=\"allowfullscreen\"><\/iframe><\/p>\n","protected":false},"excerpt":{"rendered":"<h4>Ef \u00fe\u00fa \u00fearft a\u00f0 veita h\u00e1marks frammist\u00f6\u00f0u daglega, \u00fearftu skrifstofust\u00f3l sem getur gert meira: BIOSWING, frammist\u00f6\u00f0uboostari.<\/h4>\n<p>\u00c1 \u00feessari s\u00ed\u00f0u getur\u00f0u kynnt \u00fe\u00e9r allt um hvernig \u00feessi t\u00e6kni getur hj\u00e1lpa\u00f0 \u00fe\u00e9r a\u00f0 <strong>auka frammist\u00f6\u00f0u \u00fe\u00edna<\/strong>. \u00dea\u00f0 er mikilv\u00e6gt a\u00f0 st\u00f3llinn <strong>taki mi\u00f0 af einstaklingsbundinni l\u00edkamsskipan<\/strong> og bj\u00f3\u00f0i upp \u00e1 fullkomna m\u00f6guleika til breytinga og stillinga.<\/p>\n<h4>BIOSWING 7 l\u00ednan veitir h\u00e1marks \u00fe\u00e6gindi og l\u00faxus. En \u00e1n \u00feess a\u00f0 vanr\u00e6kja heilsu\u00fe\u00e6ttina, eins og a\u00f0 stu\u00f0la a\u00f0 markvissri hreyfingu me\u00f0an \u00e1 setu stendur og vinnuvistfr\u00e6\u00f0i. <\/h4>\n<p>Eins og hinar l\u00ednurnar a\u00f0lagast \u00feessi l\u00edna fullkomlega hverri l\u00edkamsst\u00f6\u00f0u sem tekin er yfir langan dag og inniheldur \u00fdmsa einstaka eiginleika fyrir aukna sl\u00f6kun.<\/p>\n<p>Virk hreyfing og regluleg breyting \u00e1 l\u00edkamsst\u00f6\u00f0u eru g\u00f3\u00f0 fyrir hryggs\u00faluna \u00fe\u00edna. Me\u00f0 sta\u00f0la\u00f0ri <strong>einstaklingslega stillanlegri s\u00e6ti halla<\/strong> og <strong>mja\u00f0mavog<\/strong> me\u00f0 \u00f3tr\u00falega mj\u00faku vi\u00f0brag\u00f0i getur\u00f0u au\u00f0veldlega stillt mja\u00f0mirnar r\u00e9tt og \u00e1 sama t\u00edma sta\u00f0sett hrygginn \u00ed <strong>n\u00e1tt\u00farulegu S-lagi<\/strong>. <\/p>\n<h4>BIOSWING 7 l\u00ednan veitir h\u00e1marks \u00fe\u00e6gindi og l\u00faxus. En \u00e1n \u00feess a\u00f0 vanr\u00e6kja heilsu\u00fe\u00e6ttina, eins og a\u00f0 stu\u00f0la a\u00f0 markvissri hreyfingu me\u00f0an \u00e1 setu stendur og vinnuvistfr\u00e6\u00f0i. <\/h4>\n<p>Eins og hinar l\u00ednurnar a\u00f0lagast \u00feessi l\u00edna fullkomlega hverri l\u00edkamsst\u00f6\u00f0u sem tekin er yfir langan dag og inniheldur \u00fdmsa einstaka eiginleika fyrir aukna sl\u00f6kun.<\/p>\n<p><img decoding=\"async\" class=\"alignnone wp-image-916\" src=\"https:\/\/staging.bioswing.ee\/wp-content\/uploads\/2023\/04\/pdf.png\" alt=\"pdf\" width=\"19\" height=\"20\"> <a href=\"https:\/\/staging.bioswing.ee\/wp-content\/uploads\/2023\/04\/produktblatt_780_v02_EN.pdf\" target=\"_blank\" rel=\"noopener\">Hla\u00f0a ni\u00f0ur v\u00f6ruuppl\u00fdsingum (PDF) (\u00e1 ensku)<\/a><\/p>\n","protected":false},"featured_media":24469,"template":"","meta":[],"product_brand":[],"product_cat":[1085],"product_tag":[],"class_list":{"0":"post-24468","1":"product","2":"type-product","3":"status-publish","4":"has-post-thumbnail","6":"product_cat-stjornun","8":"first","9":"instock","10":"sale","11":"taxable","12":"shipping-taxable","13":"purchasable","14":"product-type-variable","15":"has-default-attributes"},"yoast_head":"<!-- This site is optimized with the Yoast SEO plugin v27.1.1 - https:\/\/yoast.com\/product\/yoast-seo-wordpress\/ -->\n<title>BIOSWING 780 iQ DETENSOR - BIOSWING<\/title>\n<meta name=\"robots\" content=\"noindex, follow, max-snippet:-1, max-image-preview:large, max-video-preview:-1\" \/>\n<meta property=\"og:locale\" content=\"is_IS\" \/>\n<meta property=\"og:type\" content=\"article\" \/>\n<meta property=\"og:title\" content=\"BIOSWING 780 iQ DETENSOR - BIOSWING\" \/>\n<meta property=\"og:description\" content=\"Ef \u00fe\u00fa \u00fearft a\u00f0 veita h\u00e1marks frammist\u00f6\u00f0u daglega, \u00fearftu skrifstofust\u00f3l sem getur gert meira: BIOSWING, frammist\u00f6\u00f0uboostari. \u00c1 \u00feessari s\u00ed\u00f0u getur\u00f0u kynnt \u00fe\u00e9r allt um hvernig \u00feessi t\u00e6kni getur hj\u00e1lpa\u00f0 \u00fe\u00e9r a\u00f0 auka frammist\u00f6\u00f0u \u00fe\u00edna. \u00dea\u00f0 er mikilv\u00e6gt a\u00f0 st\u00f3llinn taki mi\u00f0 af einstaklingsbundinni l\u00edkamsskipan og bj\u00f3\u00f0i upp \u00e1 fullkomna m\u00f6guleika til breytinga og stillinga.  BIOSWING 7 l\u00ednan veitir h\u00e1marks \u00fe\u00e6gindi og l\u00faxus. En \u00e1n \u00feess a\u00f0 vanr\u00e6kja heilsu\u00fe\u00e6ttina, eins og a\u00f0 stu\u00f0la a\u00f0 markvissri hreyfingu me\u00f0an \u00e1 setu stendur og vinnuvistfr\u00e6\u00f0i. Eins og hinar l\u00ednurnar a\u00f0lagast \u00feessi l\u00edna fullkomlega hverri l\u00edkamsst\u00f6\u00f0u sem tekin er yfir langan dag og inniheldur \u00fdmsa einstaka eiginleika fyrir aukna sl\u00f6kun. Virk hreyfing og regluleg breyting \u00e1 l\u00edkamsst\u00f6\u00f0u eru g\u00f3\u00f0 fyrir hryggs\u00faluna \u00fe\u00edna. Me\u00f0 sta\u00f0la\u00f0ri einstaklingslega stillanlegri s\u00e6ti halla og mja\u00f0mavog me\u00f0 \u00f3tr\u00falega mj\u00faku vi\u00f0brag\u00f0i getur\u00f0u au\u00f0veldlega stillt mja\u00f0mirnar r\u00e9tt og \u00e1 sama t\u00edma sta\u00f0sett hrygginn \u00ed n\u00e1tt\u00farulegu S-lagi. BIOSWING 7 l\u00ednan veitir h\u00e1marks \u00fe\u00e6gindi og l\u00faxus. En \u00e1n \u00feess a\u00f0 vanr\u00e6kja heilsu\u00fe\u00e6ttina, eins og a\u00f0 stu\u00f0la a\u00f0 markvissri hreyfingu me\u00f0an \u00e1 setu stendur og vinnuvistfr\u00e6\u00f0i. Eins og hinar l\u00ednurnar a\u00f0lagast \u00feessi l\u00edna fullkomlega hverri l\u00edkamsst\u00f6\u00f0u sem tekin er yfir langan dag og inniheldur \u00fdmsa einstaka eiginleika fyrir aukna sl\u00f6kun.  Hla\u00f0a ni\u00f0ur v\u00f6ruuppl\u00fdsingum (PDF) (\u00e1 ensku)\" \/>\n<meta property=\"og:url\" content=\"https:\/\/staging.bioswing.ee\/is\/toode\/780-iq-detensor\/\" \/>\n<meta property=\"og:site_name\" content=\"BIOSWING\" \/>\n<meta property=\"article:modified_time\" content=\"2025-01-28T13:55:09+00:00\" \/>\n<meta property=\"og:image\" content=\"https:\/\/bioswing.ee\/wp-content\/uploads\/2023\/04\/780_IQ_Detensor.jpg\" \/>\n\t<meta property=\"og:image:width\" content=\"1874\" \/>\n\t<meta property=\"og:image:height\" content=\"2500\" \/>\n\t<meta property=\"og:image:type\" content=\"image\/jpeg\" \/>\n<meta name=\"twitter:card\" content=\"summary_large_image\" \/>\n<meta name=\"twitter:label1\" content=\"Est. reading time\" \/>\n\t<meta name=\"twitter:data1\" content=\"1 minute\" \/>\n<script type=\"application\/ld+json\" class=\"yoast-schema-graph\">{\"@context\":\"https:\/\/schema.org\",\"@graph\":[{\"@type\":\"WebPage\",\"@id\":\"https:\/\/staging.bioswing.ee\/is\/toode\/780-iq-detensor\/\",\"url\":\"https:\/\/staging.bioswing.ee\/is\/toode\/780-iq-detensor\/\",\"name\":\"BIOSWING 780 iQ DETENSOR - BIOSWING\",\"isPartOf\":{\"@id\":\"https:\/\/staging.bioswing.ee\/is\/#website\"},\"primaryImageOfPage\":{\"@id\":\"https:\/\/staging.bioswing.ee\/is\/toode\/780-iq-detensor\/#primaryimage\"},\"image\":{\"@id\":\"https:\/\/staging.bioswing.ee\/is\/toode\/780-iq-detensor\/#primaryimage\"},\"thumbnailUrl\":\"https:\/\/staging.bioswing.ee\/wp-content\/uploads\/2023\/04\/780_IQ_Detensor.jpg\",\"datePublished\":\"2023-04-14T11:49:01+00:00\",\"dateModified\":\"2025-01-28T13:55:09+00:00\",\"breadcrumb\":{\"@id\":\"https:\/\/staging.bioswing.ee\/is\/toode\/780-iq-detensor\/#breadcrumb\"},\"inLanguage\":\"is\",\"potentialAction\":[{\"@type\":\"ReadAction\",\"target\":[\"https:\/\/staging.bioswing.ee\/is\/toode\/780-iq-detensor\/\"]}]},{\"@type\":\"ImageObject\",\"inLanguage\":\"is\",\"@id\":\"https:\/\/staging.bioswing.ee\/is\/toode\/780-iq-detensor\/#primaryimage\",\"url\":\"https:\/\/staging.bioswing.ee\/wp-content\/uploads\/2023\/04\/780_IQ_Detensor.jpg\",\"contentUrl\":\"https:\/\/staging.bioswing.ee\/wp-content\/uploads\/2023\/04\/780_IQ_Detensor.jpg\",\"width\":1874,\"height\":2500},{\"@type\":\"BreadcrumbList\",\"@id\":\"https:\/\/staging.bioswing.ee\/is\/toode\/780-iq-detensor\/#breadcrumb\",\"itemListElement\":[{\"@type\":\"ListItem\",\"position\":1,\"name\":\"Home\",\"item\":\"https:\/\/bioswing.ee\/is\/\"},{\"@type\":\"ListItem\",\"position\":2,\"name\":\"SHOP\",\"item\":\"https:\/\/bioswing.ee\/shop\/\"},{\"@type\":\"ListItem\",\"position\":3,\"name\":\"BIOSWING 780 iQ DETENSOR\"}]},{\"@type\":\"WebSite\",\"@id\":\"https:\/\/staging.bioswing.ee\/is\/#website\",\"url\":\"https:\/\/staging.bioswing.ee\/is\/\",\"name\":\"BIOSWING\",\"description\":\"Smart solutions for healthy sitting\",\"publisher\":{\"@id\":\"https:\/\/staging.bioswing.ee\/is\/#organization\"},\"potentialAction\":[{\"@type\":\"SearchAction\",\"target\":{\"@type\":\"EntryPoint\",\"urlTemplate\":\"https:\/\/staging.bioswing.ee\/is\/?s={search_term_string}\"},\"query-input\":{\"@type\":\"PropertyValueSpecification\",\"valueRequired\":true,\"valueName\":\"search_term_string\"}}],\"inLanguage\":\"is\"},{\"@type\":\"Organization\",\"@id\":\"https:\/\/staging.bioswing.ee\/is\/#organization\",\"name\":\"BIOSWING\",\"url\":\"https:\/\/staging.bioswing.ee\/is\/\",\"logo\":{\"@type\":\"ImageObject\",\"inLanguage\":\"is\",\"@id\":\"https:\/\/staging.bioswing.ee\/is\/#\/schema\/logo\/image\/\",\"url\":\"https:\/\/staging.bioswing.ee\/wp-content\/uploads\/2023\/04\/logo_web.png\",\"contentUrl\":\"https:\/\/staging.bioswing.ee\/wp-content\/uploads\/2023\/04\/logo_web.png\",\"width\":140,\"height\":122,\"caption\":\"BIOSWING\"},\"image\":{\"@id\":\"https:\/\/staging.bioswing.ee\/is\/#\/schema\/logo\/image\/\"}}]}<\/script>\n<!-- \/ Yoast SEO plugin. -->","yoast_head_json":{"title":"BIOSWING 780 iQ DETENSOR - BIOSWING","robots":{"index":"noindex","follow":"follow","max-snippet":"max-snippet:-1","max-image-preview":"max-image-preview:large","max-video-preview":"max-video-preview:-1"},"og_locale":"is_IS","og_type":"article","og_title":"BIOSWING 780 iQ DETENSOR - BIOSWING","og_description":"Ef \u00fe\u00fa \u00fearft a\u00f0 veita h\u00e1marks frammist\u00f6\u00f0u daglega, \u00fearftu skrifstofust\u00f3l sem getur gert meira: BIOSWING, frammist\u00f6\u00f0uboostari. \u00c1 \u00feessari s\u00ed\u00f0u getur\u00f0u kynnt \u00fe\u00e9r allt um hvernig \u00feessi t\u00e6kni getur hj\u00e1lpa\u00f0 \u00fe\u00e9r a\u00f0 auka frammist\u00f6\u00f0u \u00fe\u00edna. \u00dea\u00f0 er mikilv\u00e6gt a\u00f0 st\u00f3llinn taki mi\u00f0 af einstaklingsbundinni l\u00edkamsskipan og bj\u00f3\u00f0i upp \u00e1 fullkomna m\u00f6guleika til breytinga og stillinga.  BIOSWING 7 l\u00ednan veitir h\u00e1marks \u00fe\u00e6gindi og l\u00faxus. En \u00e1n \u00feess a\u00f0 vanr\u00e6kja heilsu\u00fe\u00e6ttina, eins og a\u00f0 stu\u00f0la a\u00f0 markvissri hreyfingu me\u00f0an \u00e1 setu stendur og vinnuvistfr\u00e6\u00f0i. Eins og hinar l\u00ednurnar a\u00f0lagast \u00feessi l\u00edna fullkomlega hverri l\u00edkamsst\u00f6\u00f0u sem tekin er yfir langan dag og inniheldur \u00fdmsa einstaka eiginleika fyrir aukna sl\u00f6kun. Virk hreyfing og regluleg breyting \u00e1 l\u00edkamsst\u00f6\u00f0u eru g\u00f3\u00f0 fyrir hryggs\u00faluna \u00fe\u00edna. Me\u00f0 sta\u00f0la\u00f0ri einstaklingslega stillanlegri s\u00e6ti halla og mja\u00f0mavog me\u00f0 \u00f3tr\u00falega mj\u00faku vi\u00f0brag\u00f0i getur\u00f0u au\u00f0veldlega stillt mja\u00f0mirnar r\u00e9tt og \u00e1 sama t\u00edma sta\u00f0sett hrygginn \u00ed n\u00e1tt\u00farulegu S-lagi. BIOSWING 7 l\u00ednan veitir h\u00e1marks \u00fe\u00e6gindi og l\u00faxus. En \u00e1n \u00feess a\u00f0 vanr\u00e6kja heilsu\u00fe\u00e6ttina, eins og a\u00f0 stu\u00f0la a\u00f0 markvissri hreyfingu me\u00f0an \u00e1 setu stendur og vinnuvistfr\u00e6\u00f0i. Eins og hinar l\u00ednurnar a\u00f0lagast \u00feessi l\u00edna fullkomlega hverri l\u00edkamsst\u00f6\u00f0u sem tekin er yfir langan dag og inniheldur \u00fdmsa einstaka eiginleika fyrir aukna sl\u00f6kun.  Hla\u00f0a ni\u00f0ur v\u00f6ruuppl\u00fdsingum (PDF) (\u00e1 ensku)","og_url":"https:\/\/staging.bioswing.ee\/is\/toode\/780-iq-detensor\/","og_site_name":"BIOSWING","article_modified_time":"2025-01-28T13:55:09+00:00","og_image":[{"width":1874,"height":2500,"url":"https:\/\/bioswing.ee\/wp-content\/uploads\/2023\/04\/780_IQ_Detensor.jpg","type":"image\/jpeg"}],"twitter_card":"summary_large_image","twitter_misc":{"Est. reading time":"1 minute"},"schema":{"@context":"https:\/\/schema.org","@graph":[{"@type":"WebPage","@id":"https:\/\/staging.bioswing.ee\/is\/toode\/780-iq-detensor\/","url":"https:\/\/staging.bioswing.ee\/is\/toode\/780-iq-detensor\/","name":"BIOSWING 780 iQ DETENSOR - BIOSWING","isPartOf":{"@id":"https:\/\/staging.bioswing.ee\/is\/#website"},"primaryImageOfPage":{"@id":"https:\/\/staging.bioswing.ee\/is\/toode\/780-iq-detensor\/#primaryimage"},"image":{"@id":"https:\/\/staging.bioswing.ee\/is\/toode\/780-iq-detensor\/#primaryimage"},"thumbnailUrl":"https:\/\/staging.bioswing.ee\/wp-content\/uploads\/2023\/04\/780_IQ_Detensor.jpg","datePublished":"2023-04-14T11:49:01+00:00","dateModified":"2025-01-28T13:55:09+00:00","breadcrumb":{"@id":"https:\/\/staging.bioswing.ee\/is\/toode\/780-iq-detensor\/#breadcrumb"},"inLanguage":"is","potentialAction":[{"@type":"ReadAction","target":["https:\/\/staging.bioswing.ee\/is\/toode\/780-iq-detensor\/"]}]},{"@type":"ImageObject","inLanguage":"is","@id":"https:\/\/staging.bioswing.ee\/is\/toode\/780-iq-detensor\/#primaryimage","url":"https:\/\/staging.bioswing.ee\/wp-content\/uploads\/2023\/04\/780_IQ_Detensor.jpg","contentUrl":"https:\/\/staging.bioswing.ee\/wp-content\/uploads\/2023\/04\/780_IQ_Detensor.jpg","width":1874,"height":2500},{"@type":"BreadcrumbList","@id":"https:\/\/staging.bioswing.ee\/is\/toode\/780-iq-detensor\/#breadcrumb","itemListElement":[{"@type":"ListItem","position":1,"name":"Home","item":"https:\/\/bioswing.ee\/is\/"},{"@type":"ListItem","position":2,"name":"SHOP","item":"https:\/\/bioswing.ee\/shop\/"},{"@type":"ListItem","position":3,"name":"BIOSWING 780 iQ DETENSOR"}]},{"@type":"WebSite","@id":"https:\/\/staging.bioswing.ee\/is\/#website","url":"https:\/\/staging.bioswing.ee\/is\/","name":"BIOSWING","description":"Smart solutions for healthy sitting","publisher":{"@id":"https:\/\/staging.bioswing.ee\/is\/#organization"},"potentialAction":[{"@type":"SearchAction","target":{"@type":"EntryPoint","urlTemplate":"https:\/\/staging.bioswing.ee\/is\/?s={search_term_string}"},"query-input":{"@type":"PropertyValueSpecification","valueRequired":true,"valueName":"search_term_string"}}],"inLanguage":"is"},{"@type":"Organization","@id":"https:\/\/staging.bioswing.ee\/is\/#organization","name":"BIOSWING","url":"https:\/\/staging.bioswing.ee\/is\/","logo":{"@type":"ImageObject","inLanguage":"is","@id":"https:\/\/staging.bioswing.ee\/is\/#\/schema\/logo\/image\/","url":"https:\/\/staging.bioswing.ee\/wp-content\/uploads\/2023\/04\/logo_web.png","contentUrl":"https:\/\/staging.bioswing.ee\/wp-content\/uploads\/2023\/04\/logo_web.png","width":140,"height":122,"caption":"BIOSWING"},"image":{"@id":"https:\/\/staging.bioswing.ee\/is\/#\/schema\/logo\/image\/"}}]}},"_links":{"self":[{"href":"https:\/\/staging.bioswing.ee\/is\/wp-json\/wp\/v2\/product\/24468","targetHints":{"allow":["GET"]}}],"collection":[{"href":"https:\/\/staging.bioswing.ee\/is\/wp-json\/wp\/v2\/product"}],"about":[{"href":"https:\/\/staging.bioswing.ee\/is\/wp-json\/wp\/v2\/types\/product"}],"wp:featuredmedia":[{"embeddable":true,"href":"https:\/\/staging.bioswing.ee\/is\/wp-json\/wp\/v2\/media\/24469"}],"wp:attachment":[{"href":"https:\/\/staging.bioswing.ee\/is\/wp-json\/wp\/v2\/media?parent=24468"}],"wp:term":[{"taxonomy":"product_brand","embeddable":true,"href":"https:\/\/staging.bioswing.ee\/is\/wp-json\/wp\/v2\/product_brand?post=24468"},{"taxonomy":"product_cat","embeddable":true,"href":"https:\/\/staging.bioswing.ee\/is\/wp-json\/wp\/v2\/product_cat?post=24468"},{"taxonomy":"product_tag","embeddable":true,"href":"https:\/\/staging.bioswing.ee\/is\/wp-json\/wp\/v2\/product_tag?post=24468"}],"curies":[{"name":"wp","href":"https:\/\/api.w.org\/{rel}","templated":true}]}}