{"id":24485,"date":"2023-11-16T11:47:03","date_gmt":"2023-11-16T11:47:03","guid":{"rendered":"https:\/\/staging.bioswing.ee\/toode\/bioswing-loop\/"},"modified":"2025-01-28T14:03:21","modified_gmt":"2025-01-28T14:03:21","slug":"bioswing-loop","status":"publish","type":"product","link":"https:\/\/staging.bioswing.ee\/is\/toode\/bioswing-loop\/","title":{"rendered":"BIOSWING LOOP"},"content":{"rendered":"<p><strong>BIOSWING LOOP<\/strong><\/p>\n<ul>\n<li>Erg\u00f3n\u00f3m\u00edskur og ort\u00f3ped\u00edskur alhli\u00f0a st\u00f3ll fyrir skrifstofu og heimaskrifstofu<\/li>\n<li>Innbyggt, a\u00f0l\u00f6gunarh\u00e6ft 3D s\u00e6ti kerfi<\/li>\n<li>Sj\u00e1lfvirk st\u00f6\u00f0ub\u00e6ting<\/li>\n<li>Efnis\u00e1kl\u00e6\u00f0i: Xtreme-FR svart (YS009) e\u00f0a lj\u00f3sgr\u00e1tt (YS094)<\/li>\n<li>Armp\u00fa\u00f0ar: fastir \u00ed h\u00e6\u00f0, polera\u00f0 \u00e1l<\/li>\n<li>Grunnur: polera\u00f0 \u00e1l<\/li>\n<li>Hj\u00f3l: \u00f8 6 cm<\/li>\n<\/ul>\n<div style=\"width: 1200px;\" class=\"wp-video\"><video class=\"wp-video-shortcode\" id=\"video-24485-1\" width=\"1200\" height=\"675\" loop autoplay preload=\"metadata\" controls=\"controls\"><source type=\"video\/mp4\" src=\"https:\/\/staging.bioswing.ee\/wp-content\/uploads\/2023\/11\/website-loop_klein.mp4?_=1\" \/><a href=\"https:\/\/staging.bioswing.ee\/wp-content\/uploads\/2023\/11\/website-loop_klein.mp4\">https:\/\/staging.bioswing.ee\/wp-content\/uploads\/2023\/11\/website-loop_klein.mp4<\/a><\/video><\/div>\n<p><iframe title=\"YouTube video player\" src=\"https:\/\/www.youtube.com\/embed\/RdAkGYfQRU0?si=iZjPFPN7BfNfVNQH\" width=\"100%\" height=\"450\" frameborder=\"0\" allowfullscreen=\"allowfullscreen\"><\/iframe><\/p>\n","protected":false},"excerpt":{"rendered":"<h2>LOOP &#8211; Snj\u00f6ll lausn sem sameinar st\u00edl og vinnuvistfr\u00e6\u00f0i.<\/h2>\n<p>Ranns\u00f3knir hafa s\u00fdnt a\u00f0 l\u00edkamleg og andleg geta okkar er beintengd vi\u00f0 hreyfingu okkar. \u00cd stuttu m\u00e1li: \u00fev\u00ed meira sem vi\u00f0 hreyfum okkur, \u00fev\u00ed h\u00e6fari og skapandi erum vi\u00f0. <\/p>\n<h3>BIOSWING LOOP, me\u00f0 f\u00ednger\u00f0ar, samr\u00e6mdar og mj\u00f6g v\u00e6gar hreyfingar s\u00ednar, virkar sem \u00f6rvandi afl fyrir l\u00edkama og s\u00e1l.<\/h3>\n<p><strong>Innbygg\u00f0a og a\u00f0l\u00f6gunarh\u00e6fa<\/strong> <strong>3D s\u00e6ti kerfi\u00f0<\/strong> \u00ed st\u00f3lnum endurspeglar hverja hreyfingu l\u00edkamans \u2013 jafnvel \u00fe\u00e6r \u00f6rsm\u00e1u, eins og hjartsl\u00e1tt \u00feinn og \u00f6ndun \u2013 og sendir \u00ed kj\u00f6lfari\u00f0 st\u00f6\u00f0ug <strong>hreyfisign\u00f6l til<\/strong> <strong>heilans<\/strong>. \u00cd heilanum eru \u00feessi innkomu signalar endurbeindir stigskipulega inn \u00ed mismunandi gagnaflutningslei\u00f0ir og sam\u00fe\u00e6tt \u00ed <strong>netkerfi hreyfimi\u00f0st\u00f6\u00f0var heilans<\/strong>. Einstaka BIOSWING t\u00e6knin virkjar sj\u00e1lfkrafa \u00feessi netkerfi jafnvel \u00feegar \u00fe\u00fa situr, sem eykur sk\u00f6punargle\u00f0i \u00fe\u00edna og frammist\u00f6\u00f0u.<\/p>\n<p><\/p>\n","protected":false},"featured_media":24492,"template":"","meta":[],"product_brand":[],"product_cat":[1086,1088],"product_tag":[],"class_list":{"0":"post-24485","1":"product","2":"type-product","3":"status-publish","4":"has-post-thumbnail","6":"product_cat-fundir","7":"product_cat-skrifstofa-og-heimaskrifstofa","9":"first","10":"instock","11":"taxable","12":"shipping-taxable","13":"purchasable","14":"product-type-variable"},"yoast_head":"<!-- This site is optimized with the Yoast SEO plugin v27.1.1 - https:\/\/yoast.com\/product\/yoast-seo-wordpress\/ -->\n<title>BIOSWING LOOP - BIOSWING<\/title>\n<meta name=\"robots\" content=\"noindex, follow, max-snippet:-1, max-image-preview:large, max-video-preview:-1\" \/>\n<meta property=\"og:locale\" content=\"is_IS\" \/>\n<meta property=\"og:type\" content=\"article\" \/>\n<meta property=\"og:title\" content=\"BIOSWING LOOP - BIOSWING\" \/>\n<meta property=\"og:description\" content=\"LOOP - Snj\u00f6ll lausn sem sameinar st\u00edl og vinnuvistfr\u00e6\u00f0i. Ranns\u00f3knir hafa s\u00fdnt a\u00f0 l\u00edkamleg og andleg geta okkar er beintengd vi\u00f0 hreyfingu okkar. \u00cd stuttu m\u00e1li: \u00fev\u00ed meira sem vi\u00f0 hreyfum okkur, \u00fev\u00ed h\u00e6fari og skapandi erum vi\u00f0. BIOSWING LOOP, me\u00f0 f\u00ednger\u00f0ar, samr\u00e6mdar og mj\u00f6g v\u00e6gar hreyfingar s\u00ednar, virkar sem \u00f6rvandi afl fyrir l\u00edkama og s\u00e1l. Innbygg\u00f0a og a\u00f0l\u00f6gunarh\u00e6fa 3D s\u00e6ti kerfi\u00f0 \u00ed st\u00f3lnum endurspeglar hverja hreyfingu l\u00edkamans \u2013 jafnvel \u00fe\u00e6r \u00f6rsm\u00e1u, eins og hjartsl\u00e1tt \u00feinn og \u00f6ndun \u2013 og sendir \u00ed kj\u00f6lfari\u00f0 st\u00f6\u00f0ug hreyfisign\u00f6l til heilans. \u00cd heilanum eru \u00feessi innkomu signalar endurbeindir stigskipulega inn \u00ed mismunandi gagnaflutningslei\u00f0ir og sam\u00fe\u00e6tt \u00ed netkerfi hreyfimi\u00f0st\u00f6\u00f0var heilans. Einstaka BIOSWING t\u00e6knin virkjar sj\u00e1lfkrafa \u00feessi netkerfi jafnvel \u00feegar \u00fe\u00fa situr, sem eykur sk\u00f6punargle\u00f0i \u00fe\u00edna og frammist\u00f6\u00f0u.\" \/>\n<meta property=\"og:url\" content=\"https:\/\/staging.bioswing.ee\/is\/toode\/bioswing-loop\/\" \/>\n<meta property=\"og:site_name\" content=\"BIOSWING\" \/>\n<meta property=\"article:modified_time\" content=\"2025-01-28T14:03:21+00:00\" \/>\n<meta property=\"og:image\" content=\"https:\/\/bioswing.ee\/wp-content\/uploads\/2023\/11\/Loop_Produkt_Rollen_02-1.jpg\" \/>\n\t<meta property=\"og:image:width\" content=\"1874\" \/>\n\t<meta property=\"og:image:height\" content=\"2500\" \/>\n\t<meta property=\"og:image:type\" content=\"image\/jpeg\" \/>\n<meta name=\"twitter:card\" content=\"summary_large_image\" \/>\n<meta name=\"twitter:label1\" content=\"Est. reading time\" \/>\n\t<meta name=\"twitter:data1\" content=\"1 minute\" \/>\n<script type=\"application\/ld+json\" class=\"yoast-schema-graph\">{\"@context\":\"https:\/\/schema.org\",\"@graph\":[{\"@type\":\"WebPage\",\"@id\":\"https:\/\/staging.bioswing.ee\/is\/toode\/bioswing-loop\/\",\"url\":\"https:\/\/staging.bioswing.ee\/is\/toode\/bioswing-loop\/\",\"name\":\"BIOSWING LOOP - BIOSWING\",\"isPartOf\":{\"@id\":\"https:\/\/staging.bioswing.ee\/is\/#website\"},\"primaryImageOfPage\":{\"@id\":\"https:\/\/staging.bioswing.ee\/is\/toode\/bioswing-loop\/#primaryimage\"},\"image\":{\"@id\":\"https:\/\/staging.bioswing.ee\/is\/toode\/bioswing-loop\/#primaryimage\"},\"thumbnailUrl\":\"https:\/\/staging.bioswing.ee\/wp-content\/uploads\/2023\/11\/Loop_Produkt_Rollen_02-1.jpg\",\"datePublished\":\"2023-11-16T11:47:03+00:00\",\"dateModified\":\"2025-01-28T14:03:21+00:00\",\"breadcrumb\":{\"@id\":\"https:\/\/staging.bioswing.ee\/is\/toode\/bioswing-loop\/#breadcrumb\"},\"inLanguage\":\"is\",\"potentialAction\":[{\"@type\":\"ReadAction\",\"target\":[\"https:\/\/staging.bioswing.ee\/is\/toode\/bioswing-loop\/\"]}]},{\"@type\":\"ImageObject\",\"inLanguage\":\"is\",\"@id\":\"https:\/\/staging.bioswing.ee\/is\/toode\/bioswing-loop\/#primaryimage\",\"url\":\"https:\/\/staging.bioswing.ee\/wp-content\/uploads\/2023\/11\/Loop_Produkt_Rollen_02-1.jpg\",\"contentUrl\":\"https:\/\/staging.bioswing.ee\/wp-content\/uploads\/2023\/11\/Loop_Produkt_Rollen_02-1.jpg\",\"width\":1874,\"height\":2500},{\"@type\":\"BreadcrumbList\",\"@id\":\"https:\/\/staging.bioswing.ee\/is\/toode\/bioswing-loop\/#breadcrumb\",\"itemListElement\":[{\"@type\":\"ListItem\",\"position\":1,\"name\":\"Home\",\"item\":\"https:\/\/bioswing.ee\/is\/\"},{\"@type\":\"ListItem\",\"position\":2,\"name\":\"SHOP\",\"item\":\"https:\/\/bioswing.ee\/shop\/\"},{\"@type\":\"ListItem\",\"position\":3,\"name\":\"BIOSWING LOOP\"}]},{\"@type\":\"WebSite\",\"@id\":\"https:\/\/staging.bioswing.ee\/is\/#website\",\"url\":\"https:\/\/staging.bioswing.ee\/is\/\",\"name\":\"BIOSWING\",\"description\":\"Smart solutions for healthy sitting\",\"publisher\":{\"@id\":\"https:\/\/staging.bioswing.ee\/is\/#organization\"},\"potentialAction\":[{\"@type\":\"SearchAction\",\"target\":{\"@type\":\"EntryPoint\",\"urlTemplate\":\"https:\/\/staging.bioswing.ee\/is\/?s={search_term_string}\"},\"query-input\":{\"@type\":\"PropertyValueSpecification\",\"valueRequired\":true,\"valueName\":\"search_term_string\"}}],\"inLanguage\":\"is\"},{\"@type\":\"Organization\",\"@id\":\"https:\/\/staging.bioswing.ee\/is\/#organization\",\"name\":\"BIOSWING\",\"url\":\"https:\/\/staging.bioswing.ee\/is\/\",\"logo\":{\"@type\":\"ImageObject\",\"inLanguage\":\"is\",\"@id\":\"https:\/\/staging.bioswing.ee\/is\/#\/schema\/logo\/image\/\",\"url\":\"https:\/\/staging.bioswing.ee\/wp-content\/uploads\/2023\/04\/logo_web.png\",\"contentUrl\":\"https:\/\/staging.bioswing.ee\/wp-content\/uploads\/2023\/04\/logo_web.png\",\"width\":140,\"height\":122,\"caption\":\"BIOSWING\"},\"image\":{\"@id\":\"https:\/\/staging.bioswing.ee\/is\/#\/schema\/logo\/image\/\"}}]}<\/script>\n<!-- \/ Yoast SEO plugin. -->","yoast_head_json":{"title":"BIOSWING LOOP - BIOSWING","robots":{"index":"noindex","follow":"follow","max-snippet":"max-snippet:-1","max-image-preview":"max-image-preview:large","max-video-preview":"max-video-preview:-1"},"og_locale":"is_IS","og_type":"article","og_title":"BIOSWING LOOP - BIOSWING","og_description":"LOOP - Snj\u00f6ll lausn sem sameinar st\u00edl og vinnuvistfr\u00e6\u00f0i. Ranns\u00f3knir hafa s\u00fdnt a\u00f0 l\u00edkamleg og andleg geta okkar er beintengd vi\u00f0 hreyfingu okkar. \u00cd stuttu m\u00e1li: \u00fev\u00ed meira sem vi\u00f0 hreyfum okkur, \u00fev\u00ed h\u00e6fari og skapandi erum vi\u00f0. BIOSWING LOOP, me\u00f0 f\u00ednger\u00f0ar, samr\u00e6mdar og mj\u00f6g v\u00e6gar hreyfingar s\u00ednar, virkar sem \u00f6rvandi afl fyrir l\u00edkama og s\u00e1l. Innbygg\u00f0a og a\u00f0l\u00f6gunarh\u00e6fa 3D s\u00e6ti kerfi\u00f0 \u00ed st\u00f3lnum endurspeglar hverja hreyfingu l\u00edkamans \u2013 jafnvel \u00fe\u00e6r \u00f6rsm\u00e1u, eins og hjartsl\u00e1tt \u00feinn og \u00f6ndun \u2013 og sendir \u00ed kj\u00f6lfari\u00f0 st\u00f6\u00f0ug hreyfisign\u00f6l til heilans. \u00cd heilanum eru \u00feessi innkomu signalar endurbeindir stigskipulega inn \u00ed mismunandi gagnaflutningslei\u00f0ir og sam\u00fe\u00e6tt \u00ed netkerfi hreyfimi\u00f0st\u00f6\u00f0var heilans. Einstaka BIOSWING t\u00e6knin virkjar sj\u00e1lfkrafa \u00feessi netkerfi jafnvel \u00feegar \u00fe\u00fa situr, sem eykur sk\u00f6punargle\u00f0i \u00fe\u00edna og frammist\u00f6\u00f0u.","og_url":"https:\/\/staging.bioswing.ee\/is\/toode\/bioswing-loop\/","og_site_name":"BIOSWING","article_modified_time":"2025-01-28T14:03:21+00:00","og_image":[{"width":1874,"height":2500,"url":"https:\/\/bioswing.ee\/wp-content\/uploads\/2023\/11\/Loop_Produkt_Rollen_02-1.jpg","type":"image\/jpeg"}],"twitter_card":"summary_large_image","twitter_misc":{"Est. reading time":"1 minute"},"schema":{"@context":"https:\/\/schema.org","@graph":[{"@type":"WebPage","@id":"https:\/\/staging.bioswing.ee\/is\/toode\/bioswing-loop\/","url":"https:\/\/staging.bioswing.ee\/is\/toode\/bioswing-loop\/","name":"BIOSWING LOOP - BIOSWING","isPartOf":{"@id":"https:\/\/staging.bioswing.ee\/is\/#website"},"primaryImageOfPage":{"@id":"https:\/\/staging.bioswing.ee\/is\/toode\/bioswing-loop\/#primaryimage"},"image":{"@id":"https:\/\/staging.bioswing.ee\/is\/toode\/bioswing-loop\/#primaryimage"},"thumbnailUrl":"https:\/\/staging.bioswing.ee\/wp-content\/uploads\/2023\/11\/Loop_Produkt_Rollen_02-1.jpg","datePublished":"2023-11-16T11:47:03+00:00","dateModified":"2025-01-28T14:03:21+00:00","breadcrumb":{"@id":"https:\/\/staging.bioswing.ee\/is\/toode\/bioswing-loop\/#breadcrumb"},"inLanguage":"is","potentialAction":[{"@type":"ReadAction","target":["https:\/\/staging.bioswing.ee\/is\/toode\/bioswing-loop\/"]}]},{"@type":"ImageObject","inLanguage":"is","@id":"https:\/\/staging.bioswing.ee\/is\/toode\/bioswing-loop\/#primaryimage","url":"https:\/\/staging.bioswing.ee\/wp-content\/uploads\/2023\/11\/Loop_Produkt_Rollen_02-1.jpg","contentUrl":"https:\/\/staging.bioswing.ee\/wp-content\/uploads\/2023\/11\/Loop_Produkt_Rollen_02-1.jpg","width":1874,"height":2500},{"@type":"BreadcrumbList","@id":"https:\/\/staging.bioswing.ee\/is\/toode\/bioswing-loop\/#breadcrumb","itemListElement":[{"@type":"ListItem","position":1,"name":"Home","item":"https:\/\/bioswing.ee\/is\/"},{"@type":"ListItem","position":2,"name":"SHOP","item":"https:\/\/bioswing.ee\/shop\/"},{"@type":"ListItem","position":3,"name":"BIOSWING LOOP"}]},{"@type":"WebSite","@id":"https:\/\/staging.bioswing.ee\/is\/#website","url":"https:\/\/staging.bioswing.ee\/is\/","name":"BIOSWING","description":"Smart solutions for healthy sitting","publisher":{"@id":"https:\/\/staging.bioswing.ee\/is\/#organization"},"potentialAction":[{"@type":"SearchAction","target":{"@type":"EntryPoint","urlTemplate":"https:\/\/staging.bioswing.ee\/is\/?s={search_term_string}"},"query-input":{"@type":"PropertyValueSpecification","valueRequired":true,"valueName":"search_term_string"}}],"inLanguage":"is"},{"@type":"Organization","@id":"https:\/\/staging.bioswing.ee\/is\/#organization","name":"BIOSWING","url":"https:\/\/staging.bioswing.ee\/is\/","logo":{"@type":"ImageObject","inLanguage":"is","@id":"https:\/\/staging.bioswing.ee\/is\/#\/schema\/logo\/image\/","url":"https:\/\/staging.bioswing.ee\/wp-content\/uploads\/2023\/04\/logo_web.png","contentUrl":"https:\/\/staging.bioswing.ee\/wp-content\/uploads\/2023\/04\/logo_web.png","width":140,"height":122,"caption":"BIOSWING"},"image":{"@id":"https:\/\/staging.bioswing.ee\/is\/#\/schema\/logo\/image\/"}}]}},"_links":{"self":[{"href":"https:\/\/staging.bioswing.ee\/is\/wp-json\/wp\/v2\/product\/24485","targetHints":{"allow":["GET"]}}],"collection":[{"href":"https:\/\/staging.bioswing.ee\/is\/wp-json\/wp\/v2\/product"}],"about":[{"href":"https:\/\/staging.bioswing.ee\/is\/wp-json\/wp\/v2\/types\/product"}],"wp:featuredmedia":[{"embeddable":true,"href":"https:\/\/staging.bioswing.ee\/is\/wp-json\/wp\/v2\/media\/24492"}],"wp:attachment":[{"href":"https:\/\/staging.bioswing.ee\/is\/wp-json\/wp\/v2\/media?parent=24485"}],"wp:term":[{"taxonomy":"product_brand","embeddable":true,"href":"https:\/\/staging.bioswing.ee\/is\/wp-json\/wp\/v2\/product_brand?post=24485"},{"taxonomy":"product_cat","embeddable":true,"href":"https:\/\/staging.bioswing.ee\/is\/wp-json\/wp\/v2\/product_cat?post=24485"},{"taxonomy":"product_tag","embeddable":true,"href":"https:\/\/staging.bioswing.ee\/is\/wp-json\/wp\/v2\/product_tag?post=24485"}],"curies":[{"name":"wp","href":"https:\/\/api.w.org\/{rel}","templated":true}]}}