{"id":24634,"date":"2023-11-17T11:25:34","date_gmt":"2023-11-17T11:25:34","guid":{"rendered":"https:\/\/staging.bioswing.ee\/toode\/oneup\/"},"modified":"2025-01-28T14:16:26","modified_gmt":"2025-01-28T14:16:26","slug":"oneup","status":"publish","type":"product","link":"https:\/\/staging.bioswing.ee\/is\/toode\/oneup\/","title":{"rendered":"BIOSWING oneUP"},"content":{"rendered":"<p><strong>BIOSWING oneUP<\/strong><\/p>\n<ul>\n<li>Erg\u00f3n\u00f3m\u00edsk og ort\u00f3ped\u00edsk lausn fyrir setu og st\u00f6\u00f0u \u00e1 skrifstofum, heimaskrifstofum og l\u00e6knastofum.<\/li>\n<li>Innbyggt, a\u00f0l\u00f6gunarh\u00e6ft 3D s\u00e6ti kerfi<\/li>\n<li>Hnakkas\u00e6ti<\/li>\n<li>Sveiflandi og samstilltur vinnuvistfr\u00e6\u00f0ilegur bakstu\u00f0ningur me\u00f0 halla armp\u00fa\u00f0um.<\/li>\n<li>Einstaklingslega stillanlegur h\u00f6fu\u00f0stu\u00f0ningur.<\/li>\n<li>Mekanismi sem jafnar l\u00edkamsst\u00f6\u00f0una \u00fe\u00edna me\u00f0an \u00e1 setu stendur (gegn aukagjaldi) til a\u00f0 tryggja l\u00edfe\u00f0lisfr\u00e6\u00f0ilega r\u00e9tta st\u00f6\u00f0u mja\u00f0masv\u00e6\u00f0isins.<\/li>\n<li>Efnis\u00e1kl\u00e6\u00f0i: Felicity, svart<\/li>\n<li>Grunnur: plast<\/li>\n<li>Hj\u00f3l: \u00f8 60 mm<\/li>\n<li>Bakh\u00e6\u00f0: 50 cm<\/li>\n<\/ul>\n<div style=\"width: 1200px;\" class=\"wp-video\"><video class=\"wp-video-shortcode\" id=\"video-24634-1\" width=\"1200\" height=\"675\" loop autoplay preload=\"metadata\" controls=\"controls\"><source type=\"video\/mp4\" src=\"https:\/\/staging.bioswing.ee\/wp-content\/uploads\/2023\/11\/oneUP_V2.mp4?_=1\" \/><a href=\"https:\/\/staging.bioswing.ee\/wp-content\/uploads\/2023\/11\/oneUP_V2.mp4\">https:\/\/staging.bioswing.ee\/wp-content\/uploads\/2023\/11\/oneUP_V2.mp4<\/a><\/video><\/div>\n<p><iframe title=\"YouTube video player\" src=\"https:\/\/www.youtube.com\/embed\/RdAkGYfQRU0?si=iZjPFPN7BfNfVNQH\" width=\"100%\" height=\"450\" frameborder=\"0\" allowfullscreen=\"allowfullscreen\"><\/iframe><\/p>\n","protected":false},"excerpt":{"rendered":"<h2>\u201eUpp og ni\u00f0ur \u2013 og sn\u00fa\u00f0u \u00fe\u00e9r \u00ed hring\u201c er mott\u00f3i\u00f0 hj\u00e1 oneUp.<\/h2>\n<p>Hefur \u00fe\u00fa \u00feegar pr\u00f3fa\u00f0 fj\u00f6lbreytta m\u00f6guleika h\u00e6\u00f0arstillanlegs skrifbor\u00f0s? Hver sta\u00f0a \u00e1 milli \u00feess a\u00f0 standa og sitja \u00ed h\u00e6kka\u00f0ri st\u00f6\u00f0u veitir fj\u00f6lbreytta l\u00edkamsst\u00f6\u00f0u. A\u00f0almarkmi\u00f0i\u00f0: <strong>\u00fev\u00ed oftar sem \u00fe\u00fa breytir st\u00f6\u00f0u, \u00fev\u00ed betra fyrir l\u00edkama og huga<\/strong>. Sto\u00f0kerfi\u00f0 okkar er hanna\u00f0 til a\u00f0 hreyfast b\u00e6\u00f0i \u00feegar \u00fe\u00fa stendur og situr.<\/p>\n<h2>BIOSWING oneUP er sannur fj\u00f6lh\u00e6fni.<\/h2>\n<p><strong>\u00dea\u00f0 er snj\u00f6ll lausn fyrir alla sem vilja sameina setu og st\u00f6\u00f0u og veitir fullkominn grunn fyrir fj\u00f6lbreyttar setustellingar og notkun<\/strong>, auk \u00e1kaflega hreyfanlegrar setu \u00fe\u00f6kk s\u00e9 innbygg\u00f0u 3D s\u00e6ti kerfinu. <strong>\u00dea\u00f0 skiptir ekki m\u00e1li hvort \u00fe\u00fa ert \u00ed setustofu \u00e1 flugvelli, heimaskrifstofu, sj\u00fakra\u00fej\u00e1lfunarstofu e\u00f0a skrifstofubyggingu<\/strong>: oneUP mun alltaf halda \u00fe\u00e9r \u00ed formi.<\/p>\n","protected":false},"featured_media":24639,"template":"","meta":[],"product_brand":[],"product_cat":[1088],"product_tag":[],"class_list":{"0":"post-24634","1":"product","2":"type-product","3":"status-publish","4":"has-post-thumbnail","6":"product_cat-skrifstofa-og-heimaskrifstofa","8":"first","9":"instock","10":"sale","11":"taxable","12":"shipping-taxable","13":"purchasable","14":"product-type-variable","15":"has-default-attributes"},"yoast_head":"<!-- This site is optimized with the Yoast SEO plugin v27.1.1 - https:\/\/yoast.com\/product\/yoast-seo-wordpress\/ -->\n<title>BIOSWING oneUP - BIOSWING<\/title>\n<meta name=\"robots\" content=\"noindex, follow, max-snippet:-1, max-image-preview:large, max-video-preview:-1\" \/>\n<meta property=\"og:locale\" content=\"is_IS\" \/>\n<meta property=\"og:type\" content=\"article\" \/>\n<meta property=\"og:title\" content=\"BIOSWING oneUP - BIOSWING\" \/>\n<meta property=\"og:description\" content=\"\u201eUpp og ni\u00f0ur \u2013 og sn\u00fa\u00f0u \u00fe\u00e9r \u00ed hring\u201c er mott\u00f3i\u00f0 hj\u00e1 oneUp. Hefur \u00fe\u00fa \u00feegar pr\u00f3fa\u00f0 fj\u00f6lbreytta m\u00f6guleika h\u00e6\u00f0arstillanlegs skrifbor\u00f0s? Hver sta\u00f0a \u00e1 milli \u00feess a\u00f0 standa og sitja \u00ed h\u00e6kka\u00f0ri st\u00f6\u00f0u veitir fj\u00f6lbreytta l\u00edkamsst\u00f6\u00f0u. A\u00f0almarkmi\u00f0i\u00f0: \u00fev\u00ed oftar sem \u00fe\u00fa breytir st\u00f6\u00f0u, \u00fev\u00ed betra fyrir l\u00edkama og huga. Sto\u00f0kerfi\u00f0 okkar er hanna\u00f0 til a\u00f0 hreyfast b\u00e6\u00f0i \u00feegar \u00fe\u00fa stendur og situr.  BIOSWING oneUP er sannur fj\u00f6lh\u00e6fni. \u00dea\u00f0 er snj\u00f6ll lausn fyrir alla sem vilja sameina setu og st\u00f6\u00f0u og veitir fullkominn grunn fyrir fj\u00f6lbreyttar setustellingar og notkun, auk \u00e1kaflega hreyfanlegrar setu \u00fe\u00f6kk s\u00e9 innbygg\u00f0u 3D s\u00e6ti kerfinu. \u00dea\u00f0 skiptir ekki m\u00e1li hvort \u00fe\u00fa ert \u00ed setustofu \u00e1 flugvelli, heimaskrifstofu, sj\u00fakra\u00fej\u00e1lfunarstofu e\u00f0a skrifstofubyggingu: oneUP mun alltaf halda \u00fe\u00e9r \u00ed formi.\" \/>\n<meta property=\"og:url\" content=\"https:\/\/staging.bioswing.ee\/is\/toode\/oneup\/\" \/>\n<meta property=\"og:site_name\" content=\"BIOSWING\" \/>\n<meta property=\"article:modified_time\" content=\"2025-01-28T14:16:26+00:00\" \/>\n<meta property=\"og:image\" content=\"https:\/\/bioswing.ee\/wp-content\/uploads\/2023\/11\/oneUP_Produkt_01-1.jpg\" \/>\n\t<meta property=\"og:image:width\" content=\"1874\" \/>\n\t<meta property=\"og:image:height\" content=\"2500\" \/>\n\t<meta property=\"og:image:type\" content=\"image\/jpeg\" \/>\n<meta name=\"twitter:card\" content=\"summary_large_image\" \/>\n<meta name=\"twitter:label1\" content=\"Est. reading time\" \/>\n\t<meta name=\"twitter:data1\" content=\"1 minute\" \/>\n<script type=\"application\/ld+json\" class=\"yoast-schema-graph\">{\"@context\":\"https:\/\/schema.org\",\"@graph\":[{\"@type\":\"WebPage\",\"@id\":\"https:\/\/staging.bioswing.ee\/is\/toode\/oneup\/\",\"url\":\"https:\/\/staging.bioswing.ee\/is\/toode\/oneup\/\",\"name\":\"BIOSWING oneUP - BIOSWING\",\"isPartOf\":{\"@id\":\"https:\/\/staging.bioswing.ee\/is\/#website\"},\"primaryImageOfPage\":{\"@id\":\"https:\/\/staging.bioswing.ee\/is\/toode\/oneup\/#primaryimage\"},\"image\":{\"@id\":\"https:\/\/staging.bioswing.ee\/is\/toode\/oneup\/#primaryimage\"},\"thumbnailUrl\":\"https:\/\/staging.bioswing.ee\/wp-content\/uploads\/2023\/11\/oneUP_Produkt_01-1.jpg\",\"datePublished\":\"2023-11-17T11:25:34+00:00\",\"dateModified\":\"2025-01-28T14:16:26+00:00\",\"breadcrumb\":{\"@id\":\"https:\/\/staging.bioswing.ee\/is\/toode\/oneup\/#breadcrumb\"},\"inLanguage\":\"is\",\"potentialAction\":[{\"@type\":\"ReadAction\",\"target\":[\"https:\/\/staging.bioswing.ee\/is\/toode\/oneup\/\"]}]},{\"@type\":\"ImageObject\",\"inLanguage\":\"is\",\"@id\":\"https:\/\/staging.bioswing.ee\/is\/toode\/oneup\/#primaryimage\",\"url\":\"https:\/\/staging.bioswing.ee\/wp-content\/uploads\/2023\/11\/oneUP_Produkt_01-1.jpg\",\"contentUrl\":\"https:\/\/staging.bioswing.ee\/wp-content\/uploads\/2023\/11\/oneUP_Produkt_01-1.jpg\",\"width\":1874,\"height\":2500},{\"@type\":\"BreadcrumbList\",\"@id\":\"https:\/\/staging.bioswing.ee\/is\/toode\/oneup\/#breadcrumb\",\"itemListElement\":[{\"@type\":\"ListItem\",\"position\":1,\"name\":\"Home\",\"item\":\"https:\/\/bioswing.ee\/is\/\"},{\"@type\":\"ListItem\",\"position\":2,\"name\":\"SHOP\",\"item\":\"https:\/\/bioswing.ee\/shop\/\"},{\"@type\":\"ListItem\",\"position\":3,\"name\":\"BIOSWING oneUP\"}]},{\"@type\":\"WebSite\",\"@id\":\"https:\/\/staging.bioswing.ee\/is\/#website\",\"url\":\"https:\/\/staging.bioswing.ee\/is\/\",\"name\":\"BIOSWING\",\"description\":\"Smart solutions for healthy sitting\",\"publisher\":{\"@id\":\"https:\/\/staging.bioswing.ee\/is\/#organization\"},\"potentialAction\":[{\"@type\":\"SearchAction\",\"target\":{\"@type\":\"EntryPoint\",\"urlTemplate\":\"https:\/\/staging.bioswing.ee\/is\/?s={search_term_string}\"},\"query-input\":{\"@type\":\"PropertyValueSpecification\",\"valueRequired\":true,\"valueName\":\"search_term_string\"}}],\"inLanguage\":\"is\"},{\"@type\":\"Organization\",\"@id\":\"https:\/\/staging.bioswing.ee\/is\/#organization\",\"name\":\"BIOSWING\",\"url\":\"https:\/\/staging.bioswing.ee\/is\/\",\"logo\":{\"@type\":\"ImageObject\",\"inLanguage\":\"is\",\"@id\":\"https:\/\/staging.bioswing.ee\/is\/#\/schema\/logo\/image\/\",\"url\":\"https:\/\/staging.bioswing.ee\/wp-content\/uploads\/2023\/04\/logo_web.png\",\"contentUrl\":\"https:\/\/staging.bioswing.ee\/wp-content\/uploads\/2023\/04\/logo_web.png\",\"width\":140,\"height\":122,\"caption\":\"BIOSWING\"},\"image\":{\"@id\":\"https:\/\/staging.bioswing.ee\/is\/#\/schema\/logo\/image\/\"}}]}<\/script>\n<!-- \/ Yoast SEO plugin. -->","yoast_head_json":{"title":"BIOSWING oneUP - BIOSWING","robots":{"index":"noindex","follow":"follow","max-snippet":"max-snippet:-1","max-image-preview":"max-image-preview:large","max-video-preview":"max-video-preview:-1"},"og_locale":"is_IS","og_type":"article","og_title":"BIOSWING oneUP - BIOSWING","og_description":"\u201eUpp og ni\u00f0ur \u2013 og sn\u00fa\u00f0u \u00fe\u00e9r \u00ed hring\u201c er mott\u00f3i\u00f0 hj\u00e1 oneUp. Hefur \u00fe\u00fa \u00feegar pr\u00f3fa\u00f0 fj\u00f6lbreytta m\u00f6guleika h\u00e6\u00f0arstillanlegs skrifbor\u00f0s? Hver sta\u00f0a \u00e1 milli \u00feess a\u00f0 standa og sitja \u00ed h\u00e6kka\u00f0ri st\u00f6\u00f0u veitir fj\u00f6lbreytta l\u00edkamsst\u00f6\u00f0u. A\u00f0almarkmi\u00f0i\u00f0: \u00fev\u00ed oftar sem \u00fe\u00fa breytir st\u00f6\u00f0u, \u00fev\u00ed betra fyrir l\u00edkama og huga. Sto\u00f0kerfi\u00f0 okkar er hanna\u00f0 til a\u00f0 hreyfast b\u00e6\u00f0i \u00feegar \u00fe\u00fa stendur og situr.  BIOSWING oneUP er sannur fj\u00f6lh\u00e6fni. \u00dea\u00f0 er snj\u00f6ll lausn fyrir alla sem vilja sameina setu og st\u00f6\u00f0u og veitir fullkominn grunn fyrir fj\u00f6lbreyttar setustellingar og notkun, auk \u00e1kaflega hreyfanlegrar setu \u00fe\u00f6kk s\u00e9 innbygg\u00f0u 3D s\u00e6ti kerfinu. \u00dea\u00f0 skiptir ekki m\u00e1li hvort \u00fe\u00fa ert \u00ed setustofu \u00e1 flugvelli, heimaskrifstofu, sj\u00fakra\u00fej\u00e1lfunarstofu e\u00f0a skrifstofubyggingu: oneUP mun alltaf halda \u00fe\u00e9r \u00ed formi.","og_url":"https:\/\/staging.bioswing.ee\/is\/toode\/oneup\/","og_site_name":"BIOSWING","article_modified_time":"2025-01-28T14:16:26+00:00","og_image":[{"width":1874,"height":2500,"url":"https:\/\/bioswing.ee\/wp-content\/uploads\/2023\/11\/oneUP_Produkt_01-1.jpg","type":"image\/jpeg"}],"twitter_card":"summary_large_image","twitter_misc":{"Est. reading time":"1 minute"},"schema":{"@context":"https:\/\/schema.org","@graph":[{"@type":"WebPage","@id":"https:\/\/staging.bioswing.ee\/is\/toode\/oneup\/","url":"https:\/\/staging.bioswing.ee\/is\/toode\/oneup\/","name":"BIOSWING oneUP - BIOSWING","isPartOf":{"@id":"https:\/\/staging.bioswing.ee\/is\/#website"},"primaryImageOfPage":{"@id":"https:\/\/staging.bioswing.ee\/is\/toode\/oneup\/#primaryimage"},"image":{"@id":"https:\/\/staging.bioswing.ee\/is\/toode\/oneup\/#primaryimage"},"thumbnailUrl":"https:\/\/staging.bioswing.ee\/wp-content\/uploads\/2023\/11\/oneUP_Produkt_01-1.jpg","datePublished":"2023-11-17T11:25:34+00:00","dateModified":"2025-01-28T14:16:26+00:00","breadcrumb":{"@id":"https:\/\/staging.bioswing.ee\/is\/toode\/oneup\/#breadcrumb"},"inLanguage":"is","potentialAction":[{"@type":"ReadAction","target":["https:\/\/staging.bioswing.ee\/is\/toode\/oneup\/"]}]},{"@type":"ImageObject","inLanguage":"is","@id":"https:\/\/staging.bioswing.ee\/is\/toode\/oneup\/#primaryimage","url":"https:\/\/staging.bioswing.ee\/wp-content\/uploads\/2023\/11\/oneUP_Produkt_01-1.jpg","contentUrl":"https:\/\/staging.bioswing.ee\/wp-content\/uploads\/2023\/11\/oneUP_Produkt_01-1.jpg","width":1874,"height":2500},{"@type":"BreadcrumbList","@id":"https:\/\/staging.bioswing.ee\/is\/toode\/oneup\/#breadcrumb","itemListElement":[{"@type":"ListItem","position":1,"name":"Home","item":"https:\/\/bioswing.ee\/is\/"},{"@type":"ListItem","position":2,"name":"SHOP","item":"https:\/\/bioswing.ee\/shop\/"},{"@type":"ListItem","position":3,"name":"BIOSWING oneUP"}]},{"@type":"WebSite","@id":"https:\/\/staging.bioswing.ee\/is\/#website","url":"https:\/\/staging.bioswing.ee\/is\/","name":"BIOSWING","description":"Smart solutions for healthy sitting","publisher":{"@id":"https:\/\/staging.bioswing.ee\/is\/#organization"},"potentialAction":[{"@type":"SearchAction","target":{"@type":"EntryPoint","urlTemplate":"https:\/\/staging.bioswing.ee\/is\/?s={search_term_string}"},"query-input":{"@type":"PropertyValueSpecification","valueRequired":true,"valueName":"search_term_string"}}],"inLanguage":"is"},{"@type":"Organization","@id":"https:\/\/staging.bioswing.ee\/is\/#organization","name":"BIOSWING","url":"https:\/\/staging.bioswing.ee\/is\/","logo":{"@type":"ImageObject","inLanguage":"is","@id":"https:\/\/staging.bioswing.ee\/is\/#\/schema\/logo\/image\/","url":"https:\/\/staging.bioswing.ee\/wp-content\/uploads\/2023\/04\/logo_web.png","contentUrl":"https:\/\/staging.bioswing.ee\/wp-content\/uploads\/2023\/04\/logo_web.png","width":140,"height":122,"caption":"BIOSWING"},"image":{"@id":"https:\/\/staging.bioswing.ee\/is\/#\/schema\/logo\/image\/"}}]}},"_links":{"self":[{"href":"https:\/\/staging.bioswing.ee\/is\/wp-json\/wp\/v2\/product\/24634","targetHints":{"allow":["GET"]}}],"collection":[{"href":"https:\/\/staging.bioswing.ee\/is\/wp-json\/wp\/v2\/product"}],"about":[{"href":"https:\/\/staging.bioswing.ee\/is\/wp-json\/wp\/v2\/types\/product"}],"wp:featuredmedia":[{"embeddable":true,"href":"https:\/\/staging.bioswing.ee\/is\/wp-json\/wp\/v2\/media\/24639"}],"wp:attachment":[{"href":"https:\/\/staging.bioswing.ee\/is\/wp-json\/wp\/v2\/media?parent=24634"}],"wp:term":[{"taxonomy":"product_brand","embeddable":true,"href":"https:\/\/staging.bioswing.ee\/is\/wp-json\/wp\/v2\/product_brand?post=24634"},{"taxonomy":"product_cat","embeddable":true,"href":"https:\/\/staging.bioswing.ee\/is\/wp-json\/wp\/v2\/product_cat?post=24634"},{"taxonomy":"product_tag","embeddable":true,"href":"https:\/\/staging.bioswing.ee\/is\/wp-json\/wp\/v2\/product_tag?post=24634"}],"curies":[{"name":"wp","href":"https:\/\/api.w.org\/{rel}","templated":true}]}}