{"id":24769,"date":"2024-12-03T11:34:12","date_gmt":"2024-12-03T11:34:12","guid":{"rendered":"https:\/\/staging.bioswing.ee\/toode\/bioswing-balancecoach-iq\/"},"modified":"2025-01-28T14:23:58","modified_gmt":"2025-01-28T14:23:58","slug":"bioswing-balancecoach-iq","status":"publish","type":"product","link":"https:\/\/staging.bioswing.ee\/is\/toode\/bioswing-balancecoach-iq\/","title":{"rendered":"BIOSWING BalanceCoach iQ"},"content":{"rendered":"<p>Kerfi\u00f0 er afhent sem heildarpakki og er flj\u00f3tlegt og einfalt \u00ed uppsetningu. Forasamsettur Posturomed\u00ae 202 \u00fej\u00f3nar sem grunnur, \u00fear sem \u00fer\u00fdstingsdreifingarm\u00e6lingarplatan er sett og tengd vi\u00f0 standeininguna. <\/p>\n<p><strong>\u00cdhlutir kerfisins:<\/strong><\/p>\n<ul>\n<li>Standeining<\/li>\n<li>32 tommu skj\u00e1r<\/li>\n<li>3D myndav\u00e9l<\/li>\n<li>H\u00e1styrks innbygg\u00f0ur t\u00f6lva<\/li>\n<li>M\u00e6lingarplata<\/li>\n<li>Posturomed\u00ae<\/li>\n<\/ul>\n<p>M\u00e6lingarni\u00f0urst\u00f6\u00f0ur er h\u00e6gt a\u00f0 flytja \u00fat me\u00f0 QR k\u00f3\u00f0a.<br \/>\nMe\u00f0 <strong>BALANCECOACH iQ appinu<\/strong> er h\u00e6gt a\u00f0 vista og skr\u00e1setja framvindu \u00fej\u00e1lfunar. zebris\u00ae \u00fer\u00fdstingsdreifingarm\u00e6lingarplatan er s\u00e9rstaklega h\u00f6nnu\u00f0 fyrir notkun me\u00f0 Posturomed\u00ae. H\u00fan er sk\u00fdrlega skipt \u00ed mi\u00f0l\u00e6gt \u00e6fingasv\u00e6\u00f0i og lei\u00f0s\u00f6gusv\u00e6\u00f0i vinstra og h\u00e6gra megin.<\/p>\n<p><strong>T\u00e6knilegar uppl\u00fdsingar:<\/strong><\/p>\n<ul>\n<li><strong>M\u00e1l:<\/strong> 60 x 60 x 1,6 cm<\/li>\n<li><strong>Fj\u00f6ldi skynjara:<\/strong> 672<\/li>\n<li><strong>S\u00fdnat\u00f6kut\u00ed\u00f0ni:<\/strong> 100 Hz<\/li>\n<li><strong>M\u00e6lia\u00f0fer\u00f0: <\/strong>\u00de\u00e9ttniskynjarar fyrir \u00fer\u00fdsting<\/li>\n<li><strong>Tenging: <\/strong>USB<\/li>\n<\/ul>\n<p>Posturomed\u00ae \u00e6fingat\u00e6ki\u00f0 er me\u00f0 \u00e6fingafl\u00f6t sem getur hreyfst \u00ed allar l\u00e1r\u00e9ttar \u00e1ttir og er stillanlegur \u00ed \u00ferj\u00fa stig (fastur og tv\u00e6r sveiflubreiddir). \u00der\u00fdstingsdreifingarm\u00e6lingarplatan er sett \u00e1 forsamsettan Posturomed\u00ae og tengd vi\u00f0 standeininguna. Eina uppsetningarkrafan er a\u00f0 tryggja a\u00f0 standeiningin s\u00e9 sta\u00f0sett beint fyrir framan \u00ed 1,5 metra fjarl\u00e6g\u00f0. N\u00e6stum fullb\u00fain standeining \u00fearf a\u00f0eins a\u00f0 festa spj\u00f6ldin og setja upp skj\u00e1inn, sem s\u00ed\u00f0an er tengdur \u2013 tilb\u00fai\u00f0 til notkunar!<br \/><strong>R\u00fdmis\u00fe\u00f6rf: <\/strong>Um \u00fea\u00f0 bil 2,50 x 1,00 metrar<\/p>\n","protected":false},"excerpt":{"rendered":"<p>S\u00ed\u00f0an 1995 hefur BIOSWING Posturomed\u00ae veri\u00f0 hornsteinn \u00e1rangurs \u00ed skynhreyfingarvarnandi og \u00fej\u00e1lfunarstarfi. Til a\u00f0 fagna 25 \u00e1ra afm\u00e6li \u00feess kynnum vi\u00f0 \u00fej\u00e1lfara sem b\u00e6tir vi\u00f0 Posturomed\u00ae: <strong>BIOSWING BalanceCoach iQ<\/strong>!<br \/><strong>BIOSWING BalanceCoach iQ<\/strong> er hugb\u00fana\u00f0arst\u00fdrt, snjallt \u00fej\u00e1lfunarkerfi me\u00f0 sam\u00fe\u00e6ttum s\u00fdndar\u00fej\u00e1lfara. Hreyfig\u00e6\u00f0i einstaklings sem \u00fej\u00e1lfar \u00e1 Posturomed\u00ae eru fylgd me\u00f0 s\u00e9rh\u00e6f\u00f0um \u00fer\u00fdstingsskynjurum \u00e1 \u00e6fingapallinum, sem s\u00fdna \u00feungami\u00f0ju (COP) myndr\u00e6nt \u00ed raunt\u00edma.<br \/>Me\u00f0 myndav\u00e9l getur \u00e6fandinn s\u00e9\u00f0 sig \u00e1 skj\u00e1num sta\u00f0settan fyrir framan sig og fengi\u00f0 tafarlausa sj\u00f3nr\u00e6na endurgj\u00f6f um \u00e1rangur \u00e6finganna. A\u00f0 auki getur \u00e6fandinn fylgst me\u00f0 s\u00fdndar\u00fej\u00e1lfaranum sem s\u00fdnir \u00e6fingarnar, sem \u00e6fandinn \u00e6tti a\u00f0 framkv\u00e6ma samt\u00edmis.<br \/>Hver \u00feessara samh\u00e6fingar\u00e6finga er sni\u00f0in a\u00f0 frammist\u00f6\u00f0ustigi einstaklingsins, sem tryggir kj\u00f6rna \u00fej\u00e1lfunar\u00e1skorun. \u00deetta gerir BalanceCoach iQ a\u00f0 fullkomnum samh\u00e6fingar\u00fej\u00e1lfara fyrir heilsu-, forvarna-, l\u00edkamsr\u00e6ktar-, \u00ed\u00fer\u00f3tta- og vell\u00ed\u00f0unara\u00f0st\u00f6\u00f0u. <\/p>\n<p><iframe width=\"100%\" height=\"315\" src=\"https:\/\/www.youtube.com\/embed\/s86k6aLgLfA?si=y-lqt7T4qBL3w59i\" title=\"YouTube video player\" frameborder=\"0\" allow=\"accelerometer; autoplay; clipboard-write; encrypted-media; gyroscope; picture-in-picture; web-share\" referrerpolicy=\"strict-origin-when-cross-origin\" allowfullscreen=\"\"><\/iframe><\/p>\n<p><iframe width=\"100%\" height=\"315\" src=\"https:\/\/www.youtube.com\/embed\/csY_Mt0uEZM?si=2nhhzGhK8-J4Bx1T\" title=\"YouTube video player\" frameborder=\"0\" allow=\"accelerometer; autoplay; clipboard-write; encrypted-media; gyroscope; picture-in-picture; web-share\" referrerpolicy=\"strict-origin-when-cross-origin\" allowfullscreen=\"\"><\/iframe><\/p>\n","protected":false},"featured_media":24770,"template":"","meta":[],"product_brand":[],"product_cat":[1093],"product_tag":[],"class_list":{"0":"post-24769","1":"product","2":"type-product","3":"status-publish","4":"has-post-thumbnail","6":"product_cat-balancecoach-is","8":"first","9":"instock","10":"taxable","11":"shipping-taxable","12":"purchasable","13":"product-type-simple"},"yoast_head":"<!-- This site is optimized with the Yoast SEO plugin v27.1.1 - https:\/\/yoast.com\/product\/yoast-seo-wordpress\/ -->\n<title>BIOSWING BalanceCoach iQ - BIOSWING<\/title>\n<meta name=\"robots\" content=\"noindex, follow, max-snippet:-1, max-image-preview:large, max-video-preview:-1\" \/>\n<meta property=\"og:locale\" content=\"is_IS\" \/>\n<meta property=\"og:type\" content=\"article\" \/>\n<meta property=\"og:title\" content=\"BIOSWING BalanceCoach iQ - BIOSWING\" \/>\n<meta property=\"og:description\" content=\"S\u00ed\u00f0an 1995 hefur BIOSWING Posturomed\u00ae veri\u00f0 hornsteinn \u00e1rangurs \u00ed skynhreyfingarvarnandi og \u00fej\u00e1lfunarstarfi. Til a\u00f0 fagna 25 \u00e1ra afm\u00e6li \u00feess kynnum vi\u00f0 \u00fej\u00e1lfara sem b\u00e6tir vi\u00f0 Posturomed\u00ae: BIOSWING BalanceCoach iQ!BIOSWING BalanceCoach iQ er hugb\u00fana\u00f0arst\u00fdrt, snjallt \u00fej\u00e1lfunarkerfi me\u00f0 sam\u00fe\u00e6ttum s\u00fdndar\u00fej\u00e1lfara. Hreyfig\u00e6\u00f0i einstaklings sem \u00fej\u00e1lfar \u00e1 Posturomed\u00ae eru fylgd me\u00f0 s\u00e9rh\u00e6f\u00f0um \u00fer\u00fdstingsskynjurum \u00e1 \u00e6fingapallinum, sem s\u00fdna \u00feungami\u00f0ju (COP) myndr\u00e6nt \u00ed raunt\u00edma.Me\u00f0 myndav\u00e9l getur \u00e6fandinn s\u00e9\u00f0 sig \u00e1 skj\u00e1num sta\u00f0settan fyrir framan sig og fengi\u00f0 tafarlausa sj\u00f3nr\u00e6na endurgj\u00f6f um \u00e1rangur \u00e6finganna. A\u00f0 auki getur \u00e6fandinn fylgst me\u00f0 s\u00fdndar\u00fej\u00e1lfaranum sem s\u00fdnir \u00e6fingarnar, sem \u00e6fandinn \u00e6tti a\u00f0 framkv\u00e6ma samt\u00edmis.Hver \u00feessara samh\u00e6fingar\u00e6finga er sni\u00f0in a\u00f0 frammist\u00f6\u00f0ustigi einstaklingsins, sem tryggir kj\u00f6rna \u00fej\u00e1lfunar\u00e1skorun. \u00deetta gerir BalanceCoach iQ a\u00f0 fullkomnum samh\u00e6fingar\u00fej\u00e1lfara fyrir heilsu-, forvarna-, l\u00edkamsr\u00e6ktar-, \u00ed\u00fer\u00f3tta- og vell\u00ed\u00f0unara\u00f0st\u00f6\u00f0u.\" \/>\n<meta property=\"og:url\" content=\"https:\/\/staging.bioswing.ee\/is\/toode\/bioswing-balancecoach-iq\/\" \/>\n<meta property=\"og:site_name\" content=\"BIOSWING\" \/>\n<meta property=\"article:modified_time\" content=\"2025-01-28T14:23:58+00:00\" \/>\n<meta property=\"og:image\" content=\"https:\/\/bioswing.ee\/wp-content\/uploads\/2024\/12\/BalanceCoach_iQ.jpg\" \/>\n\t<meta property=\"og:image:width\" content=\"900\" \/>\n\t<meta property=\"og:image:height\" content=\"1200\" \/>\n\t<meta property=\"og:image:type\" content=\"image\/jpeg\" \/>\n<meta name=\"twitter:card\" content=\"summary_large_image\" \/>\n<meta name=\"twitter:label1\" content=\"Est. reading time\" \/>\n\t<meta name=\"twitter:data1\" content=\"2 minutes\" \/>\n<script type=\"application\/ld+json\" class=\"yoast-schema-graph\">{\"@context\":\"https:\/\/schema.org\",\"@graph\":[{\"@type\":\"WebPage\",\"@id\":\"https:\/\/staging.bioswing.ee\/is\/toode\/bioswing-balancecoach-iq\/\",\"url\":\"https:\/\/staging.bioswing.ee\/is\/toode\/bioswing-balancecoach-iq\/\",\"name\":\"BIOSWING BalanceCoach iQ - BIOSWING\",\"isPartOf\":{\"@id\":\"https:\/\/staging.bioswing.ee\/is\/#website\"},\"primaryImageOfPage\":{\"@id\":\"https:\/\/staging.bioswing.ee\/is\/toode\/bioswing-balancecoach-iq\/#primaryimage\"},\"image\":{\"@id\":\"https:\/\/staging.bioswing.ee\/is\/toode\/bioswing-balancecoach-iq\/#primaryimage\"},\"thumbnailUrl\":\"https:\/\/staging.bioswing.ee\/wp-content\/uploads\/2024\/12\/BalanceCoach_iQ.jpg\",\"datePublished\":\"2024-12-03T11:34:12+00:00\",\"dateModified\":\"2025-01-28T14:23:58+00:00\",\"breadcrumb\":{\"@id\":\"https:\/\/staging.bioswing.ee\/is\/toode\/bioswing-balancecoach-iq\/#breadcrumb\"},\"inLanguage\":\"is\",\"potentialAction\":[{\"@type\":\"ReadAction\",\"target\":[\"https:\/\/staging.bioswing.ee\/is\/toode\/bioswing-balancecoach-iq\/\"]}]},{\"@type\":\"ImageObject\",\"inLanguage\":\"is\",\"@id\":\"https:\/\/staging.bioswing.ee\/is\/toode\/bioswing-balancecoach-iq\/#primaryimage\",\"url\":\"https:\/\/staging.bioswing.ee\/wp-content\/uploads\/2024\/12\/BalanceCoach_iQ.jpg\",\"contentUrl\":\"https:\/\/staging.bioswing.ee\/wp-content\/uploads\/2024\/12\/BalanceCoach_iQ.jpg\",\"width\":900,\"height\":1200},{\"@type\":\"BreadcrumbList\",\"@id\":\"https:\/\/staging.bioswing.ee\/is\/toode\/bioswing-balancecoach-iq\/#breadcrumb\",\"itemListElement\":[{\"@type\":\"ListItem\",\"position\":1,\"name\":\"Home\",\"item\":\"https:\/\/bioswing.ee\/is\/\"},{\"@type\":\"ListItem\",\"position\":2,\"name\":\"SHOP\",\"item\":\"https:\/\/bioswing.ee\/shop\/\"},{\"@type\":\"ListItem\",\"position\":3,\"name\":\"BIOSWING BalanceCoach iQ\"}]},{\"@type\":\"WebSite\",\"@id\":\"https:\/\/staging.bioswing.ee\/is\/#website\",\"url\":\"https:\/\/staging.bioswing.ee\/is\/\",\"name\":\"BIOSWING\",\"description\":\"Smart solutions for healthy sitting\",\"publisher\":{\"@id\":\"https:\/\/staging.bioswing.ee\/is\/#organization\"},\"potentialAction\":[{\"@type\":\"SearchAction\",\"target\":{\"@type\":\"EntryPoint\",\"urlTemplate\":\"https:\/\/staging.bioswing.ee\/is\/?s={search_term_string}\"},\"query-input\":{\"@type\":\"PropertyValueSpecification\",\"valueRequired\":true,\"valueName\":\"search_term_string\"}}],\"inLanguage\":\"is\"},{\"@type\":\"Organization\",\"@id\":\"https:\/\/staging.bioswing.ee\/is\/#organization\",\"name\":\"BIOSWING\",\"url\":\"https:\/\/staging.bioswing.ee\/is\/\",\"logo\":{\"@type\":\"ImageObject\",\"inLanguage\":\"is\",\"@id\":\"https:\/\/staging.bioswing.ee\/is\/#\/schema\/logo\/image\/\",\"url\":\"https:\/\/staging.bioswing.ee\/wp-content\/uploads\/2023\/04\/logo_web.png\",\"contentUrl\":\"https:\/\/staging.bioswing.ee\/wp-content\/uploads\/2023\/04\/logo_web.png\",\"width\":140,\"height\":122,\"caption\":\"BIOSWING\"},\"image\":{\"@id\":\"https:\/\/staging.bioswing.ee\/is\/#\/schema\/logo\/image\/\"}}]}<\/script>\n<!-- \/ Yoast SEO plugin. -->","yoast_head_json":{"title":"BIOSWING BalanceCoach iQ - BIOSWING","robots":{"index":"noindex","follow":"follow","max-snippet":"max-snippet:-1","max-image-preview":"max-image-preview:large","max-video-preview":"max-video-preview:-1"},"og_locale":"is_IS","og_type":"article","og_title":"BIOSWING BalanceCoach iQ - BIOSWING","og_description":"S\u00ed\u00f0an 1995 hefur BIOSWING Posturomed\u00ae veri\u00f0 hornsteinn \u00e1rangurs \u00ed skynhreyfingarvarnandi og \u00fej\u00e1lfunarstarfi. Til a\u00f0 fagna 25 \u00e1ra afm\u00e6li \u00feess kynnum vi\u00f0 \u00fej\u00e1lfara sem b\u00e6tir vi\u00f0 Posturomed\u00ae: BIOSWING BalanceCoach iQ!BIOSWING BalanceCoach iQ er hugb\u00fana\u00f0arst\u00fdrt, snjallt \u00fej\u00e1lfunarkerfi me\u00f0 sam\u00fe\u00e6ttum s\u00fdndar\u00fej\u00e1lfara. Hreyfig\u00e6\u00f0i einstaklings sem \u00fej\u00e1lfar \u00e1 Posturomed\u00ae eru fylgd me\u00f0 s\u00e9rh\u00e6f\u00f0um \u00fer\u00fdstingsskynjurum \u00e1 \u00e6fingapallinum, sem s\u00fdna \u00feungami\u00f0ju (COP) myndr\u00e6nt \u00ed raunt\u00edma.Me\u00f0 myndav\u00e9l getur \u00e6fandinn s\u00e9\u00f0 sig \u00e1 skj\u00e1num sta\u00f0settan fyrir framan sig og fengi\u00f0 tafarlausa sj\u00f3nr\u00e6na endurgj\u00f6f um \u00e1rangur \u00e6finganna. A\u00f0 auki getur \u00e6fandinn fylgst me\u00f0 s\u00fdndar\u00fej\u00e1lfaranum sem s\u00fdnir \u00e6fingarnar, sem \u00e6fandinn \u00e6tti a\u00f0 framkv\u00e6ma samt\u00edmis.Hver \u00feessara samh\u00e6fingar\u00e6finga er sni\u00f0in a\u00f0 frammist\u00f6\u00f0ustigi einstaklingsins, sem tryggir kj\u00f6rna \u00fej\u00e1lfunar\u00e1skorun. \u00deetta gerir BalanceCoach iQ a\u00f0 fullkomnum samh\u00e6fingar\u00fej\u00e1lfara fyrir heilsu-, forvarna-, l\u00edkamsr\u00e6ktar-, \u00ed\u00fer\u00f3tta- og vell\u00ed\u00f0unara\u00f0st\u00f6\u00f0u.","og_url":"https:\/\/staging.bioswing.ee\/is\/toode\/bioswing-balancecoach-iq\/","og_site_name":"BIOSWING","article_modified_time":"2025-01-28T14:23:58+00:00","og_image":[{"width":900,"height":1200,"url":"https:\/\/bioswing.ee\/wp-content\/uploads\/2024\/12\/BalanceCoach_iQ.jpg","type":"image\/jpeg"}],"twitter_card":"summary_large_image","twitter_misc":{"Est. reading time":"2 minutes"},"schema":{"@context":"https:\/\/schema.org","@graph":[{"@type":"WebPage","@id":"https:\/\/staging.bioswing.ee\/is\/toode\/bioswing-balancecoach-iq\/","url":"https:\/\/staging.bioswing.ee\/is\/toode\/bioswing-balancecoach-iq\/","name":"BIOSWING BalanceCoach iQ - BIOSWING","isPartOf":{"@id":"https:\/\/staging.bioswing.ee\/is\/#website"},"primaryImageOfPage":{"@id":"https:\/\/staging.bioswing.ee\/is\/toode\/bioswing-balancecoach-iq\/#primaryimage"},"image":{"@id":"https:\/\/staging.bioswing.ee\/is\/toode\/bioswing-balancecoach-iq\/#primaryimage"},"thumbnailUrl":"https:\/\/staging.bioswing.ee\/wp-content\/uploads\/2024\/12\/BalanceCoach_iQ.jpg","datePublished":"2024-12-03T11:34:12+00:00","dateModified":"2025-01-28T14:23:58+00:00","breadcrumb":{"@id":"https:\/\/staging.bioswing.ee\/is\/toode\/bioswing-balancecoach-iq\/#breadcrumb"},"inLanguage":"is","potentialAction":[{"@type":"ReadAction","target":["https:\/\/staging.bioswing.ee\/is\/toode\/bioswing-balancecoach-iq\/"]}]},{"@type":"ImageObject","inLanguage":"is","@id":"https:\/\/staging.bioswing.ee\/is\/toode\/bioswing-balancecoach-iq\/#primaryimage","url":"https:\/\/staging.bioswing.ee\/wp-content\/uploads\/2024\/12\/BalanceCoach_iQ.jpg","contentUrl":"https:\/\/staging.bioswing.ee\/wp-content\/uploads\/2024\/12\/BalanceCoach_iQ.jpg","width":900,"height":1200},{"@type":"BreadcrumbList","@id":"https:\/\/staging.bioswing.ee\/is\/toode\/bioswing-balancecoach-iq\/#breadcrumb","itemListElement":[{"@type":"ListItem","position":1,"name":"Home","item":"https:\/\/bioswing.ee\/is\/"},{"@type":"ListItem","position":2,"name":"SHOP","item":"https:\/\/bioswing.ee\/shop\/"},{"@type":"ListItem","position":3,"name":"BIOSWING BalanceCoach iQ"}]},{"@type":"WebSite","@id":"https:\/\/staging.bioswing.ee\/is\/#website","url":"https:\/\/staging.bioswing.ee\/is\/","name":"BIOSWING","description":"Smart solutions for healthy sitting","publisher":{"@id":"https:\/\/staging.bioswing.ee\/is\/#organization"},"potentialAction":[{"@type":"SearchAction","target":{"@type":"EntryPoint","urlTemplate":"https:\/\/staging.bioswing.ee\/is\/?s={search_term_string}"},"query-input":{"@type":"PropertyValueSpecification","valueRequired":true,"valueName":"search_term_string"}}],"inLanguage":"is"},{"@type":"Organization","@id":"https:\/\/staging.bioswing.ee\/is\/#organization","name":"BIOSWING","url":"https:\/\/staging.bioswing.ee\/is\/","logo":{"@type":"ImageObject","inLanguage":"is","@id":"https:\/\/staging.bioswing.ee\/is\/#\/schema\/logo\/image\/","url":"https:\/\/staging.bioswing.ee\/wp-content\/uploads\/2023\/04\/logo_web.png","contentUrl":"https:\/\/staging.bioswing.ee\/wp-content\/uploads\/2023\/04\/logo_web.png","width":140,"height":122,"caption":"BIOSWING"},"image":{"@id":"https:\/\/staging.bioswing.ee\/is\/#\/schema\/logo\/image\/"}}]}},"_links":{"self":[{"href":"https:\/\/staging.bioswing.ee\/is\/wp-json\/wp\/v2\/product\/24769","targetHints":{"allow":["GET"]}}],"collection":[{"href":"https:\/\/staging.bioswing.ee\/is\/wp-json\/wp\/v2\/product"}],"about":[{"href":"https:\/\/staging.bioswing.ee\/is\/wp-json\/wp\/v2\/types\/product"}],"wp:featuredmedia":[{"embeddable":true,"href":"https:\/\/staging.bioswing.ee\/is\/wp-json\/wp\/v2\/media\/24770"}],"wp:attachment":[{"href":"https:\/\/staging.bioswing.ee\/is\/wp-json\/wp\/v2\/media?parent=24769"}],"wp:term":[{"taxonomy":"product_brand","embeddable":true,"href":"https:\/\/staging.bioswing.ee\/is\/wp-json\/wp\/v2\/product_brand?post=24769"},{"taxonomy":"product_cat","embeddable":true,"href":"https:\/\/staging.bioswing.ee\/is\/wp-json\/wp\/v2\/product_cat?post=24769"},{"taxonomy":"product_tag","embeddable":true,"href":"https:\/\/staging.bioswing.ee\/is\/wp-json\/wp\/v2\/product_tag?post=24769"}],"curies":[{"name":"wp","href":"https:\/\/api.w.org\/{rel}","templated":true}]}}