{"id":24774,"date":"2024-12-02T09:13:45","date_gmt":"2024-12-02T09:13:45","guid":{"rendered":"https:\/\/staging.bioswing.ee\/toode\/bioswing-golf-performer-3-0\/"},"modified":"2025-01-28T14:27:34","modified_gmt":"2025-01-28T14:27:34","slug":"bioswing-golf-performer-3-0","status":"publish","type":"product","link":"https:\/\/staging.bioswing.ee\/is\/toode\/bioswing-golf-performer-3-0\/","title":{"rendered":"BIOSWING\u00ae Golf Performer 3.0"},"content":{"rendered":"<div><iframe title=\"YouTube video player\" src=\"https:\/\/www.youtube.com\/embed\/VqFnX6sJnwY?si=Bfao19Eqq8l6ZFmY\" width=\"100%\" height=\"500\" frameborder=\"0\" allowfullscreen=\"allowfullscreen\"><\/iframe><\/div>\n<p><strong>Sveiflufyrirkomulagi\u00f0<\/strong><\/p>\n<p>\u00deetta er kjarni BIOSWING\u00ae Golf Performer. \u00dea\u00f0 gerir st\u00f6\u00f0upallinn a\u00f0 virkum og sveigjanlegum grunni me\u00f0 tveimur sj\u00e1lfst\u00e6tt stillanlegum sveifluhringr\u00e1sum og tengingu \u00e1 milli. Sveifluhringr\u00e1sirnar m\u00e1 einnig st\u00f6\u00f0va a\u00f0 fullu.  <\/p>\n<p><strong>St\u00f6\u00f0upallurinn<\/strong><\/p>\n<p>St\u00f6\u00f0upallurinn \u00e1 BIOSWING\u00ae Golf Performer er \u00feakinn h\u00e1g\u00e6\u00f0a golfmottu \u00far gervi-nyl\u00f3ngrasi, sem h\u00e6gt er a\u00f0 nota me\u00f0 \u00f6llum hef\u00f0bundnum golfsk\u00f3m me\u00f0 mj\u00fakum pinnum e\u00f0a plastkl\u00f3m. Halla pallsins er h\u00e6gt a\u00f0 stilla \u00ed tveimur stigum \u00ed \u00f6llum fj\u00f3rum \u00e1sum, allt a\u00f0 7,5\u00b0, til a\u00f0 veita kj\u00f6rna \u00e6fingu \u00e1 hallandi fleti, hvort sem pallurinn er fastur e\u00f0a sveiflast frj\u00e1lst. <\/p>\n<p><strong>Tee-grunnurinn<\/strong><\/p>\n<p>Tee-grunnurinn er me\u00f0 h\u00e1g\u00e6\u00f0a fairway innlegg sem h\u00e6gir \u00e1 kylfunni \u00ed tilviki feitra h\u00f6gga \u00e1n \u00feess a\u00f0 valda auknum kylfu titringi. Motta inniheldur fimm innfellda haldara fyrir skr\u00faftees. H\u00e6\u00f0 tee-grunnsins er st\u00f6\u00f0ugt stillanleg og gerir b\u00e6\u00f0i yfirh\u00e6\u00f0 og undirh\u00e6\u00f0 m\u00f6gulega. Jafnframt er h\u00e6gt a\u00f0 stilla fjarl\u00e6g\u00f0ina fr\u00e1 tee-grunninum, sem gerir b\u00e6\u00f0i mj\u00f6g sm\u00e1um og h\u00e1v\u00f6xnum leikm\u00f6nnum kleift a\u00f0 finna fullkomna uppstillingu, jafnvel me\u00f0 stuttum j\u00e1rnum e\u00f0a l\u00f6ngum dr\u00e6verum. St\u00f3r boltakarfa er fest beint vi\u00f0 fairway mottuna, sem gerir kleift a\u00f0 taka boltann me\u00f0 kylfunni. Auk boltakarfunnar er haldari fyrir allt a\u00f0 fj\u00f3rar tees.      <\/p>\n<p><strong>Undirbyggingin<\/strong><\/p>\n<p>Undirbyggingin sty\u00f0ur vi\u00f0 allan BIOSWING\u00ae Golf Performer og hefur loftdekk. \u00deetta gerir kleift a\u00f0 flytja Golf Performer \u00e1 \u00e6fingasv\u00e6\u00f0i\u00f0 me\u00f0 fasta handfanginu. \u00de\u00f6kk s\u00e9 tveimur stillanlegum f\u00f3tum aftan vi\u00f0 dekkin er einnig h\u00e6gt a\u00f0 geyma t\u00e6ki\u00f0 uppr\u00e9tt vi\u00f0 vegg. <\/p>\n","protected":false},"excerpt":{"rendered":"<p>BIOSWING\u00ae Golf Performer er skynhreyfi\u00fej\u00e1lfunart\u00e6ki sem er hanna\u00f0 til a\u00f0 \u00fej\u00e1lfa golfhreyfimynstur b\u00e6\u00f0i fyrir l\u00f6ng h\u00f6gg og stutt, auk \u00e6finga \u00e1 hallandi fl\u00f6tum me\u00f0 auknum skyn\u00f6rvun. Golf Performer byggir \u00e1 BIOSWING\u00ae Posturomed. BIOSWING Posturomed\u00ae var sett \u00e1 marka\u00f0 \u00e1ri\u00f0 1995 sem fyrsta dempa\u00f0a skynhreyfime\u00f0fer\u00f0art\u00e6ki\u00f0 me\u00f0 \u00f3st\u00f6\u00f0ugri sveiflu. \u00der\u00f3un \u00feess h\u00f3fst \u00e1 s\u00ed\u00f0ari hluta 1980-\u00e1ra \u00ed n\u00e1nu samstarfi vi\u00f0 stofnandann Eduard Haider, sj\u00fakra\u00fej\u00e1lfara sem st\u00f6rfu\u00f0u b\u00e6\u00f0i \u00ed framkv\u00e6md og v\u00edsindum, og s\u00e9rfr\u00e6\u00f0il\u00e6kna.<\/p>\n","protected":false},"featured_media":24780,"template":"","meta":[],"product_brand":[],"product_cat":[1094],"product_tag":[],"class_list":{"0":"post-24774","1":"product","2":"type-product","3":"status-publish","4":"has-post-thumbnail","6":"product_cat-golf-performer-is","8":"first","9":"instock","10":"taxable","11":"shipping-taxable","12":"purchasable","13":"product-type-simple"},"yoast_head":"<!-- This site is optimized with the Yoast SEO plugin v27.1.1 - https:\/\/yoast.com\/product\/yoast-seo-wordpress\/ -->\n<title>BIOSWING\u00ae Golf Performer 3.0 - BIOSWING<\/title>\n<meta name=\"robots\" content=\"noindex, follow, max-snippet:-1, max-image-preview:large, max-video-preview:-1\" \/>\n<meta property=\"og:locale\" content=\"is_IS\" \/>\n<meta property=\"og:type\" content=\"article\" \/>\n<meta property=\"og:title\" content=\"BIOSWING\u00ae Golf Performer 3.0 - BIOSWING\" \/>\n<meta property=\"og:description\" content=\"BIOSWING\u00ae Golf Performer er skynhreyfi\u00fej\u00e1lfunart\u00e6ki sem er hanna\u00f0 til a\u00f0 \u00fej\u00e1lfa golfhreyfimynstur b\u00e6\u00f0i fyrir l\u00f6ng h\u00f6gg og stutt, auk \u00e6finga \u00e1 hallandi fl\u00f6tum me\u00f0 auknum skyn\u00f6rvun. Golf Performer byggir \u00e1 BIOSWING\u00ae Posturomed. BIOSWING Posturomed\u00ae var sett \u00e1 marka\u00f0 \u00e1ri\u00f0 1995 sem fyrsta dempa\u00f0a skynhreyfime\u00f0fer\u00f0art\u00e6ki\u00f0 me\u00f0 \u00f3st\u00f6\u00f0ugri sveiflu. \u00der\u00f3un \u00feess h\u00f3fst \u00e1 s\u00ed\u00f0ari hluta 1980-\u00e1ra \u00ed n\u00e1nu samstarfi vi\u00f0 stofnandann Eduard Haider, sj\u00fakra\u00fej\u00e1lfara sem st\u00f6rfu\u00f0u b\u00e6\u00f0i \u00ed framkv\u00e6md og v\u00edsindum, og s\u00e9rfr\u00e6\u00f0il\u00e6kna.\" \/>\n<meta property=\"og:url\" content=\"https:\/\/staging.bioswing.ee\/is\/toode\/bioswing-golf-performer-3-0\/\" \/>\n<meta property=\"og:site_name\" content=\"BIOSWING\" \/>\n<meta property=\"article:modified_time\" content=\"2025-01-28T14:27:34+00:00\" \/>\n<meta property=\"og:image\" content=\"https:\/\/bioswing.ee\/wp-content\/uploads\/2024\/12\/jon_taylor_perfomer_bearbeitet.jpg\" \/>\n\t<meta property=\"og:image:width\" content=\"1500\" \/>\n\t<meta property=\"og:image:height\" content=\"2000\" \/>\n\t<meta property=\"og:image:type\" content=\"image\/jpeg\" \/>\n<meta name=\"twitter:card\" content=\"summary_large_image\" \/>\n<meta name=\"twitter:label1\" content=\"Est. reading time\" \/>\n\t<meta name=\"twitter:data1\" content=\"2 minutes\" \/>\n<script type=\"application\/ld+json\" class=\"yoast-schema-graph\">{\"@context\":\"https:\/\/schema.org\",\"@graph\":[{\"@type\":\"WebPage\",\"@id\":\"https:\/\/staging.bioswing.ee\/is\/toode\/bioswing-golf-performer-3-0\/\",\"url\":\"https:\/\/staging.bioswing.ee\/is\/toode\/bioswing-golf-performer-3-0\/\",\"name\":\"BIOSWING\u00ae Golf Performer 3.0 - BIOSWING\",\"isPartOf\":{\"@id\":\"https:\/\/staging.bioswing.ee\/is\/#website\"},\"primaryImageOfPage\":{\"@id\":\"https:\/\/staging.bioswing.ee\/is\/toode\/bioswing-golf-performer-3-0\/#primaryimage\"},\"image\":{\"@id\":\"https:\/\/staging.bioswing.ee\/is\/toode\/bioswing-golf-performer-3-0\/#primaryimage\"},\"thumbnailUrl\":\"https:\/\/staging.bioswing.ee\/wp-content\/uploads\/2024\/12\/jon_taylor_perfomer_bearbeitet.jpg\",\"datePublished\":\"2024-12-02T09:13:45+00:00\",\"dateModified\":\"2025-01-28T14:27:34+00:00\",\"breadcrumb\":{\"@id\":\"https:\/\/staging.bioswing.ee\/is\/toode\/bioswing-golf-performer-3-0\/#breadcrumb\"},\"inLanguage\":\"is\",\"potentialAction\":[{\"@type\":\"ReadAction\",\"target\":[\"https:\/\/staging.bioswing.ee\/is\/toode\/bioswing-golf-performer-3-0\/\"]}]},{\"@type\":\"ImageObject\",\"inLanguage\":\"is\",\"@id\":\"https:\/\/staging.bioswing.ee\/is\/toode\/bioswing-golf-performer-3-0\/#primaryimage\",\"url\":\"https:\/\/staging.bioswing.ee\/wp-content\/uploads\/2024\/12\/jon_taylor_perfomer_bearbeitet.jpg\",\"contentUrl\":\"https:\/\/staging.bioswing.ee\/wp-content\/uploads\/2024\/12\/jon_taylor_perfomer_bearbeitet.jpg\",\"width\":1500,\"height\":2000},{\"@type\":\"BreadcrumbList\",\"@id\":\"https:\/\/staging.bioswing.ee\/is\/toode\/bioswing-golf-performer-3-0\/#breadcrumb\",\"itemListElement\":[{\"@type\":\"ListItem\",\"position\":1,\"name\":\"Home\",\"item\":\"https:\/\/bioswing.ee\/is\/\"},{\"@type\":\"ListItem\",\"position\":2,\"name\":\"SHOP\",\"item\":\"https:\/\/bioswing.ee\/shop\/\"},{\"@type\":\"ListItem\",\"position\":3,\"name\":\"BIOSWING\u00ae Golf Performer 3.0\"}]},{\"@type\":\"WebSite\",\"@id\":\"https:\/\/staging.bioswing.ee\/is\/#website\",\"url\":\"https:\/\/staging.bioswing.ee\/is\/\",\"name\":\"BIOSWING\",\"description\":\"Smart solutions for healthy sitting\",\"publisher\":{\"@id\":\"https:\/\/staging.bioswing.ee\/is\/#organization\"},\"potentialAction\":[{\"@type\":\"SearchAction\",\"target\":{\"@type\":\"EntryPoint\",\"urlTemplate\":\"https:\/\/staging.bioswing.ee\/is\/?s={search_term_string}\"},\"query-input\":{\"@type\":\"PropertyValueSpecification\",\"valueRequired\":true,\"valueName\":\"search_term_string\"}}],\"inLanguage\":\"is\"},{\"@type\":\"Organization\",\"@id\":\"https:\/\/staging.bioswing.ee\/is\/#organization\",\"name\":\"BIOSWING\",\"url\":\"https:\/\/staging.bioswing.ee\/is\/\",\"logo\":{\"@type\":\"ImageObject\",\"inLanguage\":\"is\",\"@id\":\"https:\/\/staging.bioswing.ee\/is\/#\/schema\/logo\/image\/\",\"url\":\"https:\/\/staging.bioswing.ee\/wp-content\/uploads\/2023\/04\/logo_web.png\",\"contentUrl\":\"https:\/\/staging.bioswing.ee\/wp-content\/uploads\/2023\/04\/logo_web.png\",\"width\":140,\"height\":122,\"caption\":\"BIOSWING\"},\"image\":{\"@id\":\"https:\/\/staging.bioswing.ee\/is\/#\/schema\/logo\/image\/\"}}]}<\/script>\n<!-- \/ Yoast SEO plugin. -->","yoast_head_json":{"title":"BIOSWING\u00ae Golf Performer 3.0 - BIOSWING","robots":{"index":"noindex","follow":"follow","max-snippet":"max-snippet:-1","max-image-preview":"max-image-preview:large","max-video-preview":"max-video-preview:-1"},"og_locale":"is_IS","og_type":"article","og_title":"BIOSWING\u00ae Golf Performer 3.0 - BIOSWING","og_description":"BIOSWING\u00ae Golf Performer er skynhreyfi\u00fej\u00e1lfunart\u00e6ki sem er hanna\u00f0 til a\u00f0 \u00fej\u00e1lfa golfhreyfimynstur b\u00e6\u00f0i fyrir l\u00f6ng h\u00f6gg og stutt, auk \u00e6finga \u00e1 hallandi fl\u00f6tum me\u00f0 auknum skyn\u00f6rvun. Golf Performer byggir \u00e1 BIOSWING\u00ae Posturomed. BIOSWING Posturomed\u00ae var sett \u00e1 marka\u00f0 \u00e1ri\u00f0 1995 sem fyrsta dempa\u00f0a skynhreyfime\u00f0fer\u00f0art\u00e6ki\u00f0 me\u00f0 \u00f3st\u00f6\u00f0ugri sveiflu. \u00der\u00f3un \u00feess h\u00f3fst \u00e1 s\u00ed\u00f0ari hluta 1980-\u00e1ra \u00ed n\u00e1nu samstarfi vi\u00f0 stofnandann Eduard Haider, sj\u00fakra\u00fej\u00e1lfara sem st\u00f6rfu\u00f0u b\u00e6\u00f0i \u00ed framkv\u00e6md og v\u00edsindum, og s\u00e9rfr\u00e6\u00f0il\u00e6kna.","og_url":"https:\/\/staging.bioswing.ee\/is\/toode\/bioswing-golf-performer-3-0\/","og_site_name":"BIOSWING","article_modified_time":"2025-01-28T14:27:34+00:00","og_image":[{"width":1500,"height":2000,"url":"https:\/\/bioswing.ee\/wp-content\/uploads\/2024\/12\/jon_taylor_perfomer_bearbeitet.jpg","type":"image\/jpeg"}],"twitter_card":"summary_large_image","twitter_misc":{"Est. reading time":"2 minutes"},"schema":{"@context":"https:\/\/schema.org","@graph":[{"@type":"WebPage","@id":"https:\/\/staging.bioswing.ee\/is\/toode\/bioswing-golf-performer-3-0\/","url":"https:\/\/staging.bioswing.ee\/is\/toode\/bioswing-golf-performer-3-0\/","name":"BIOSWING\u00ae Golf Performer 3.0 - BIOSWING","isPartOf":{"@id":"https:\/\/staging.bioswing.ee\/is\/#website"},"primaryImageOfPage":{"@id":"https:\/\/staging.bioswing.ee\/is\/toode\/bioswing-golf-performer-3-0\/#primaryimage"},"image":{"@id":"https:\/\/staging.bioswing.ee\/is\/toode\/bioswing-golf-performer-3-0\/#primaryimage"},"thumbnailUrl":"https:\/\/staging.bioswing.ee\/wp-content\/uploads\/2024\/12\/jon_taylor_perfomer_bearbeitet.jpg","datePublished":"2024-12-02T09:13:45+00:00","dateModified":"2025-01-28T14:27:34+00:00","breadcrumb":{"@id":"https:\/\/staging.bioswing.ee\/is\/toode\/bioswing-golf-performer-3-0\/#breadcrumb"},"inLanguage":"is","potentialAction":[{"@type":"ReadAction","target":["https:\/\/staging.bioswing.ee\/is\/toode\/bioswing-golf-performer-3-0\/"]}]},{"@type":"ImageObject","inLanguage":"is","@id":"https:\/\/staging.bioswing.ee\/is\/toode\/bioswing-golf-performer-3-0\/#primaryimage","url":"https:\/\/staging.bioswing.ee\/wp-content\/uploads\/2024\/12\/jon_taylor_perfomer_bearbeitet.jpg","contentUrl":"https:\/\/staging.bioswing.ee\/wp-content\/uploads\/2024\/12\/jon_taylor_perfomer_bearbeitet.jpg","width":1500,"height":2000},{"@type":"BreadcrumbList","@id":"https:\/\/staging.bioswing.ee\/is\/toode\/bioswing-golf-performer-3-0\/#breadcrumb","itemListElement":[{"@type":"ListItem","position":1,"name":"Home","item":"https:\/\/bioswing.ee\/is\/"},{"@type":"ListItem","position":2,"name":"SHOP","item":"https:\/\/bioswing.ee\/shop\/"},{"@type":"ListItem","position":3,"name":"BIOSWING\u00ae Golf Performer 3.0"}]},{"@type":"WebSite","@id":"https:\/\/staging.bioswing.ee\/is\/#website","url":"https:\/\/staging.bioswing.ee\/is\/","name":"BIOSWING","description":"Smart solutions for healthy sitting","publisher":{"@id":"https:\/\/staging.bioswing.ee\/is\/#organization"},"potentialAction":[{"@type":"SearchAction","target":{"@type":"EntryPoint","urlTemplate":"https:\/\/staging.bioswing.ee\/is\/?s={search_term_string}"},"query-input":{"@type":"PropertyValueSpecification","valueRequired":true,"valueName":"search_term_string"}}],"inLanguage":"is"},{"@type":"Organization","@id":"https:\/\/staging.bioswing.ee\/is\/#organization","name":"BIOSWING","url":"https:\/\/staging.bioswing.ee\/is\/","logo":{"@type":"ImageObject","inLanguage":"is","@id":"https:\/\/staging.bioswing.ee\/is\/#\/schema\/logo\/image\/","url":"https:\/\/staging.bioswing.ee\/wp-content\/uploads\/2023\/04\/logo_web.png","contentUrl":"https:\/\/staging.bioswing.ee\/wp-content\/uploads\/2023\/04\/logo_web.png","width":140,"height":122,"caption":"BIOSWING"},"image":{"@id":"https:\/\/staging.bioswing.ee\/is\/#\/schema\/logo\/image\/"}}]}},"_links":{"self":[{"href":"https:\/\/staging.bioswing.ee\/is\/wp-json\/wp\/v2\/product\/24774","targetHints":{"allow":["GET"]}}],"collection":[{"href":"https:\/\/staging.bioswing.ee\/is\/wp-json\/wp\/v2\/product"}],"about":[{"href":"https:\/\/staging.bioswing.ee\/is\/wp-json\/wp\/v2\/types\/product"}],"wp:featuredmedia":[{"embeddable":true,"href":"https:\/\/staging.bioswing.ee\/is\/wp-json\/wp\/v2\/media\/24780"}],"wp:attachment":[{"href":"https:\/\/staging.bioswing.ee\/is\/wp-json\/wp\/v2\/media?parent=24774"}],"wp:term":[{"taxonomy":"product_brand","embeddable":true,"href":"https:\/\/staging.bioswing.ee\/is\/wp-json\/wp\/v2\/product_brand?post=24774"},{"taxonomy":"product_cat","embeddable":true,"href":"https:\/\/staging.bioswing.ee\/is\/wp-json\/wp\/v2\/product_cat?post=24774"},{"taxonomy":"product_tag","embeddable":true,"href":"https:\/\/staging.bioswing.ee\/is\/wp-json\/wp\/v2\/product_tag?post=24774"}],"curies":[{"name":"wp","href":"https:\/\/api.w.org\/{rel}","templated":true}]}}