{"id":24783,"date":"2024-11-18T12:55:49","date_gmt":"2024-11-18T12:55:49","guid":{"rendered":"https:\/\/staging.bioswing.ee\/toode\/bioswing-posturomed-compact\/"},"modified":"2025-01-29T07:31:48","modified_gmt":"2025-01-29T07:31:48","slug":"bioswing-posturomed-compact","status":"publish","type":"product","link":"https:\/\/staging.bioswing.ee\/is\/toode\/bioswing-posturomed-compact\/","title":{"rendered":"BIOSWING\u00ae Posturomed\u00ae compact"},"content":{"rendered":"","protected":false},"excerpt":{"rendered":"<p>BIOSWING Posturomed\u00ae compact er hanna\u00f0 me\u00f0 40 x 40 cm me\u00f0fer\u00f0arfl\u00f6t og einhli\u00f0a samanbrj\u00f3tanlegt handri\u00f0 me\u00f0 handfangi fyrir f\u00e6ranlega notkun.<\/p>\n<ul>\n<li>Me\u00f0fer\u00f0arsv\u00e6\u00f0i: 40 x 40 cm, plasteinangra\u00f0<\/li>\n<li>2 sveifluhringr\u00e1sir, \u00f6nnur me\u00f0 tv\u00f6faldri l\u00e6singu<\/li>\n<li>Einhli\u00f0a samanbrj\u00f3tanlegt handri\u00f0 me\u00f0 st\u00f3rum flutningshj\u00f3lum<\/li>\n<li>Bur\u00f0arhandfang og stillanlegir f\u00e6tur<\/li>\n<li>M\u00e1l: H 994 x B 699 x D 614 mm (\u00ed opnu \u00e1standi)<\/li>\n<li>H\u00e1marks bur\u00f0argeta: 180 kg, heildar\u00feyngd: 26,8 kg <\/li>\n<li>Litur: silfur\/svart\/rautt, l\u00e6knist\u00e6ki flokkur I<\/li>\n<\/ul>\n","protected":false},"featured_media":24784,"template":"","meta":[],"product_brand":[],"product_cat":[1090],"product_tag":[],"class_list":{"0":"post-24783","1":"product","2":"type-product","3":"status-publish","4":"has-post-thumbnail","6":"product_cat-posturomed-is","8":"first","9":"instock","10":"taxable","11":"shipping-taxable","12":"purchasable","13":"product-type-simple"},"yoast_head":"<!-- This site is optimized with the Yoast SEO plugin v27.1.1 - https:\/\/yoast.com\/product\/yoast-seo-wordpress\/ -->\n<title>BIOSWING\u00ae Posturomed\u00ae compact - BIOSWING<\/title>\n<meta name=\"robots\" content=\"noindex, follow, max-snippet:-1, max-image-preview:large, max-video-preview:-1\" \/>\n<meta property=\"og:locale\" content=\"is_IS\" \/>\n<meta property=\"og:type\" content=\"article\" \/>\n<meta property=\"og:title\" content=\"BIOSWING\u00ae Posturomed\u00ae compact - BIOSWING\" \/>\n<meta property=\"og:description\" content=\"BIOSWING Posturomed\u00ae compact er hanna\u00f0 me\u00f0 40 x 40 cm me\u00f0fer\u00f0arfl\u00f6t og einhli\u00f0a samanbrj\u00f3tanlegt handri\u00f0 me\u00f0 handfangi fyrir f\u00e6ranlega notkun.  Me\u00f0fer\u00f0arsv\u00e6\u00f0i: 40 x 40 cm, plasteinangra\u00f0  2 sveifluhringr\u00e1sir, \u00f6nnur me\u00f0 tv\u00f6faldri l\u00e6singu  Einhli\u00f0a samanbrj\u00f3tanlegt handri\u00f0 me\u00f0 st\u00f3rum flutningshj\u00f3lum  Bur\u00f0arhandfang og stillanlegir f\u00e6tur  M\u00e1l: H 994 x B 699 x D 614 mm (\u00ed opnu \u00e1standi)  H\u00e1marks bur\u00f0argeta: 180 kg, heildar\u00feyngd: 26,8 kg  Litur: silfur\/svart\/rautt, l\u00e6knist\u00e6ki flokkur I\" \/>\n<meta property=\"og:url\" content=\"https:\/\/staging.bioswing.ee\/is\/toode\/bioswing-posturomed-compact\/\" \/>\n<meta property=\"og:site_name\" content=\"BIOSWING\" \/>\n<meta property=\"article:modified_time\" content=\"2025-01-29T07:31:48+00:00\" \/>\n<meta property=\"og:image\" content=\"https:\/\/bioswing.ee\/wp-content\/uploads\/2024\/11\/posturomed_compact.jpg\" \/>\n\t<meta property=\"og:image:width\" content=\"1500\" \/>\n\t<meta property=\"og:image:height\" content=\"2000\" \/>\n\t<meta property=\"og:image:type\" content=\"image\/jpeg\" \/>\n<meta name=\"twitter:card\" content=\"summary_large_image\" \/>\n<meta name=\"twitter:label1\" content=\"Est. reading time\" \/>\n\t<meta name=\"twitter:data1\" content=\"1 minute\" \/>\n<script type=\"application\/ld+json\" class=\"yoast-schema-graph\">{\"@context\":\"https:\/\/schema.org\",\"@graph\":[{\"@type\":\"WebPage\",\"@id\":\"https:\/\/staging.bioswing.ee\/is\/toode\/bioswing-posturomed-compact\/\",\"url\":\"https:\/\/staging.bioswing.ee\/is\/toode\/bioswing-posturomed-compact\/\",\"name\":\"BIOSWING\u00ae Posturomed\u00ae compact - BIOSWING\",\"isPartOf\":{\"@id\":\"https:\/\/staging.bioswing.ee\/is\/#website\"},\"primaryImageOfPage\":{\"@id\":\"https:\/\/staging.bioswing.ee\/is\/toode\/bioswing-posturomed-compact\/#primaryimage\"},\"image\":{\"@id\":\"https:\/\/staging.bioswing.ee\/is\/toode\/bioswing-posturomed-compact\/#primaryimage\"},\"thumbnailUrl\":\"https:\/\/staging.bioswing.ee\/wp-content\/uploads\/2024\/11\/posturomed_compact.jpg\",\"datePublished\":\"2024-11-18T12:55:49+00:00\",\"dateModified\":\"2025-01-29T07:31:48+00:00\",\"breadcrumb\":{\"@id\":\"https:\/\/staging.bioswing.ee\/is\/toode\/bioswing-posturomed-compact\/#breadcrumb\"},\"inLanguage\":\"is\",\"potentialAction\":[{\"@type\":\"ReadAction\",\"target\":[\"https:\/\/staging.bioswing.ee\/is\/toode\/bioswing-posturomed-compact\/\"]}]},{\"@type\":\"ImageObject\",\"inLanguage\":\"is\",\"@id\":\"https:\/\/staging.bioswing.ee\/is\/toode\/bioswing-posturomed-compact\/#primaryimage\",\"url\":\"https:\/\/staging.bioswing.ee\/wp-content\/uploads\/2024\/11\/posturomed_compact.jpg\",\"contentUrl\":\"https:\/\/staging.bioswing.ee\/wp-content\/uploads\/2024\/11\/posturomed_compact.jpg\",\"width\":1500,\"height\":2000},{\"@type\":\"BreadcrumbList\",\"@id\":\"https:\/\/staging.bioswing.ee\/is\/toode\/bioswing-posturomed-compact\/#breadcrumb\",\"itemListElement\":[{\"@type\":\"ListItem\",\"position\":1,\"name\":\"Home\",\"item\":\"https:\/\/bioswing.ee\/is\/\"},{\"@type\":\"ListItem\",\"position\":2,\"name\":\"SHOP\",\"item\":\"https:\/\/bioswing.ee\/shop\/\"},{\"@type\":\"ListItem\",\"position\":3,\"name\":\"BIOSWING\u00ae Posturomed\u00ae compact\"}]},{\"@type\":\"WebSite\",\"@id\":\"https:\/\/staging.bioswing.ee\/is\/#website\",\"url\":\"https:\/\/staging.bioswing.ee\/is\/\",\"name\":\"BIOSWING\",\"description\":\"Smart solutions for healthy sitting\",\"publisher\":{\"@id\":\"https:\/\/staging.bioswing.ee\/is\/#organization\"},\"potentialAction\":[{\"@type\":\"SearchAction\",\"target\":{\"@type\":\"EntryPoint\",\"urlTemplate\":\"https:\/\/staging.bioswing.ee\/is\/?s={search_term_string}\"},\"query-input\":{\"@type\":\"PropertyValueSpecification\",\"valueRequired\":true,\"valueName\":\"search_term_string\"}}],\"inLanguage\":\"is\"},{\"@type\":\"Organization\",\"@id\":\"https:\/\/staging.bioswing.ee\/is\/#organization\",\"name\":\"BIOSWING\",\"url\":\"https:\/\/staging.bioswing.ee\/is\/\",\"logo\":{\"@type\":\"ImageObject\",\"inLanguage\":\"is\",\"@id\":\"https:\/\/staging.bioswing.ee\/is\/#\/schema\/logo\/image\/\",\"url\":\"https:\/\/staging.bioswing.ee\/wp-content\/uploads\/2023\/04\/logo_web.png\",\"contentUrl\":\"https:\/\/staging.bioswing.ee\/wp-content\/uploads\/2023\/04\/logo_web.png\",\"width\":140,\"height\":122,\"caption\":\"BIOSWING\"},\"image\":{\"@id\":\"https:\/\/staging.bioswing.ee\/is\/#\/schema\/logo\/image\/\"}}]}<\/script>\n<!-- \/ Yoast SEO plugin. -->","yoast_head_json":{"title":"BIOSWING\u00ae Posturomed\u00ae compact - BIOSWING","robots":{"index":"noindex","follow":"follow","max-snippet":"max-snippet:-1","max-image-preview":"max-image-preview:large","max-video-preview":"max-video-preview:-1"},"og_locale":"is_IS","og_type":"article","og_title":"BIOSWING\u00ae Posturomed\u00ae compact - BIOSWING","og_description":"BIOSWING Posturomed\u00ae compact er hanna\u00f0 me\u00f0 40 x 40 cm me\u00f0fer\u00f0arfl\u00f6t og einhli\u00f0a samanbrj\u00f3tanlegt handri\u00f0 me\u00f0 handfangi fyrir f\u00e6ranlega notkun.  Me\u00f0fer\u00f0arsv\u00e6\u00f0i: 40 x 40 cm, plasteinangra\u00f0  2 sveifluhringr\u00e1sir, \u00f6nnur me\u00f0 tv\u00f6faldri l\u00e6singu  Einhli\u00f0a samanbrj\u00f3tanlegt handri\u00f0 me\u00f0 st\u00f3rum flutningshj\u00f3lum  Bur\u00f0arhandfang og stillanlegir f\u00e6tur  M\u00e1l: H 994 x B 699 x D 614 mm (\u00ed opnu \u00e1standi)  H\u00e1marks bur\u00f0argeta: 180 kg, heildar\u00feyngd: 26,8 kg  Litur: silfur\/svart\/rautt, l\u00e6knist\u00e6ki flokkur I","og_url":"https:\/\/staging.bioswing.ee\/is\/toode\/bioswing-posturomed-compact\/","og_site_name":"BIOSWING","article_modified_time":"2025-01-29T07:31:48+00:00","og_image":[{"width":1500,"height":2000,"url":"https:\/\/bioswing.ee\/wp-content\/uploads\/2024\/11\/posturomed_compact.jpg","type":"image\/jpeg"}],"twitter_card":"summary_large_image","twitter_misc":{"Est. reading time":"1 minute"},"schema":{"@context":"https:\/\/schema.org","@graph":[{"@type":"WebPage","@id":"https:\/\/staging.bioswing.ee\/is\/toode\/bioswing-posturomed-compact\/","url":"https:\/\/staging.bioswing.ee\/is\/toode\/bioswing-posturomed-compact\/","name":"BIOSWING\u00ae Posturomed\u00ae compact - BIOSWING","isPartOf":{"@id":"https:\/\/staging.bioswing.ee\/is\/#website"},"primaryImageOfPage":{"@id":"https:\/\/staging.bioswing.ee\/is\/toode\/bioswing-posturomed-compact\/#primaryimage"},"image":{"@id":"https:\/\/staging.bioswing.ee\/is\/toode\/bioswing-posturomed-compact\/#primaryimage"},"thumbnailUrl":"https:\/\/staging.bioswing.ee\/wp-content\/uploads\/2024\/11\/posturomed_compact.jpg","datePublished":"2024-11-18T12:55:49+00:00","dateModified":"2025-01-29T07:31:48+00:00","breadcrumb":{"@id":"https:\/\/staging.bioswing.ee\/is\/toode\/bioswing-posturomed-compact\/#breadcrumb"},"inLanguage":"is","potentialAction":[{"@type":"ReadAction","target":["https:\/\/staging.bioswing.ee\/is\/toode\/bioswing-posturomed-compact\/"]}]},{"@type":"ImageObject","inLanguage":"is","@id":"https:\/\/staging.bioswing.ee\/is\/toode\/bioswing-posturomed-compact\/#primaryimage","url":"https:\/\/staging.bioswing.ee\/wp-content\/uploads\/2024\/11\/posturomed_compact.jpg","contentUrl":"https:\/\/staging.bioswing.ee\/wp-content\/uploads\/2024\/11\/posturomed_compact.jpg","width":1500,"height":2000},{"@type":"BreadcrumbList","@id":"https:\/\/staging.bioswing.ee\/is\/toode\/bioswing-posturomed-compact\/#breadcrumb","itemListElement":[{"@type":"ListItem","position":1,"name":"Home","item":"https:\/\/bioswing.ee\/is\/"},{"@type":"ListItem","position":2,"name":"SHOP","item":"https:\/\/bioswing.ee\/shop\/"},{"@type":"ListItem","position":3,"name":"BIOSWING\u00ae Posturomed\u00ae compact"}]},{"@type":"WebSite","@id":"https:\/\/staging.bioswing.ee\/is\/#website","url":"https:\/\/staging.bioswing.ee\/is\/","name":"BIOSWING","description":"Smart solutions for healthy sitting","publisher":{"@id":"https:\/\/staging.bioswing.ee\/is\/#organization"},"potentialAction":[{"@type":"SearchAction","target":{"@type":"EntryPoint","urlTemplate":"https:\/\/staging.bioswing.ee\/is\/?s={search_term_string}"},"query-input":{"@type":"PropertyValueSpecification","valueRequired":true,"valueName":"search_term_string"}}],"inLanguage":"is"},{"@type":"Organization","@id":"https:\/\/staging.bioswing.ee\/is\/#organization","name":"BIOSWING","url":"https:\/\/staging.bioswing.ee\/is\/","logo":{"@type":"ImageObject","inLanguage":"is","@id":"https:\/\/staging.bioswing.ee\/is\/#\/schema\/logo\/image\/","url":"https:\/\/staging.bioswing.ee\/wp-content\/uploads\/2023\/04\/logo_web.png","contentUrl":"https:\/\/staging.bioswing.ee\/wp-content\/uploads\/2023\/04\/logo_web.png","width":140,"height":122,"caption":"BIOSWING"},"image":{"@id":"https:\/\/staging.bioswing.ee\/is\/#\/schema\/logo\/image\/"}}]}},"_links":{"self":[{"href":"https:\/\/staging.bioswing.ee\/is\/wp-json\/wp\/v2\/product\/24783","targetHints":{"allow":["GET"]}}],"collection":[{"href":"https:\/\/staging.bioswing.ee\/is\/wp-json\/wp\/v2\/product"}],"about":[{"href":"https:\/\/staging.bioswing.ee\/is\/wp-json\/wp\/v2\/types\/product"}],"wp:featuredmedia":[{"embeddable":true,"href":"https:\/\/staging.bioswing.ee\/is\/wp-json\/wp\/v2\/media\/24784"}],"wp:attachment":[{"href":"https:\/\/staging.bioswing.ee\/is\/wp-json\/wp\/v2\/media?parent=24783"}],"wp:term":[{"taxonomy":"product_brand","embeddable":true,"href":"https:\/\/staging.bioswing.ee\/is\/wp-json\/wp\/v2\/product_brand?post=24783"},{"taxonomy":"product_cat","embeddable":true,"href":"https:\/\/staging.bioswing.ee\/is\/wp-json\/wp\/v2\/product_cat?post=24783"},{"taxonomy":"product_tag","embeddable":true,"href":"https:\/\/staging.bioswing.ee\/is\/wp-json\/wp\/v2\/product_tag?post=24783"}],"curies":[{"name":"wp","href":"https:\/\/api.w.org\/{rel}","templated":true}]}}