{"id":24791,"date":"2024-11-18T13:19:04","date_gmt":"2024-11-18T13:19:04","guid":{"rendered":"https:\/\/staging.bioswing.ee\/toode\/bioswing-feedback-module\/"},"modified":"2025-01-29T07:39:36","modified_gmt":"2025-01-29T07:39:36","slug":"bioswing-feedback-module","status":"publish","type":"product","link":"https:\/\/staging.bioswing.ee\/is\/toode\/bioswing-feedback-module\/","title":{"rendered":"BIOSWING\u00ae endurgjafareining (feedback module)"},"content":{"rendered":"","protected":false},"excerpt":{"rendered":"<p>Gera hreyfingar me\u00f0fer\u00f0arflatarins s\u00fdnilegri, s\u00e9rstaklega \u00ed me\u00f0fer\u00f0 me\u00f0 endurh\u00e6fingareiningunni. Endurgjafareiningin samanstendur af \u00feremur p\u00f6rum sem gera kleift a\u00f0 tengja hana vi\u00f0 \u00ferj\u00e1r hli\u00f0ar me\u00f0fer\u00f0arflatarins. <\/p>\n<p>Tengist t\u00e6kjum: Posturomed 202 og compact<\/p>\n<p>3 sett (2x hli\u00f0ar, 1x bak), hvert me\u00f0 2 hlutum<\/p>\n<p>Plastkl\u00e6tt, litur svart\/rautt<\/p>\n","protected":false},"featured_media":24792,"template":"","meta":[],"product_brand":[],"product_cat":[1090],"product_tag":[],"class_list":{"0":"post-24791","1":"product","2":"type-product","3":"status-publish","4":"has-post-thumbnail","6":"product_cat-posturomed-is","8":"first","9":"instock","10":"taxable","11":"shipping-taxable","12":"purchasable","13":"product-type-simple"},"yoast_head":"<!-- This site is optimized with the Yoast SEO plugin v27.1.1 - https:\/\/yoast.com\/product\/yoast-seo-wordpress\/ -->\n<title>BIOSWING\u00ae endurgjafareining (feedback module) - BIOSWING<\/title>\n<meta name=\"robots\" content=\"noindex, follow, max-snippet:-1, max-image-preview:large, max-video-preview:-1\" \/>\n<meta property=\"og:locale\" content=\"is_IS\" \/>\n<meta property=\"og:type\" content=\"article\" \/>\n<meta property=\"og:title\" content=\"BIOSWING\u00ae endurgjafareining (feedback module) - BIOSWING\" \/>\n<meta property=\"og:description\" content=\"Gera hreyfingar me\u00f0fer\u00f0arflatarins s\u00fdnilegri, s\u00e9rstaklega \u00ed me\u00f0fer\u00f0 me\u00f0 endurh\u00e6fingareiningunni. Endurgjafareiningin samanstendur af \u00feremur p\u00f6rum sem gera kleift a\u00f0 tengja hana vi\u00f0 \u00ferj\u00e1r hli\u00f0ar me\u00f0fer\u00f0arflatarins.  Tengist t\u00e6kjum: Posturomed 202 og compact3 sett (2x hli\u00f0ar, 1x bak), hvert me\u00f0 2 hlutumPlastkl\u00e6tt, litur svart\/rautt\" \/>\n<meta property=\"og:url\" content=\"https:\/\/staging.bioswing.ee\/is\/toode\/bioswing-feedback-module\/\" \/>\n<meta property=\"og:site_name\" content=\"BIOSWING\" \/>\n<meta property=\"article:modified_time\" content=\"2025-01-29T07:39:36+00:00\" \/>\n<meta property=\"og:image\" content=\"https:\/\/bioswing.ee\/wp-content\/uploads\/2024\/11\/feedbackmodul_am_posturomed.jpg\" \/>\n\t<meta property=\"og:image:width\" content=\"1500\" \/>\n\t<meta property=\"og:image:height\" content=\"2000\" \/>\n\t<meta property=\"og:image:type\" content=\"image\/jpeg\" \/>\n<meta name=\"twitter:card\" content=\"summary_large_image\" \/>\n<meta name=\"twitter:label1\" content=\"Est. reading time\" \/>\n\t<meta name=\"twitter:data1\" content=\"1 minute\" \/>\n<script type=\"application\/ld+json\" class=\"yoast-schema-graph\">{\"@context\":\"https:\/\/schema.org\",\"@graph\":[{\"@type\":\"WebPage\",\"@id\":\"https:\/\/staging.bioswing.ee\/is\/toode\/bioswing-feedback-module\/\",\"url\":\"https:\/\/staging.bioswing.ee\/is\/toode\/bioswing-feedback-module\/\",\"name\":\"BIOSWING\u00ae endurgjafareining (feedback module) - BIOSWING\",\"isPartOf\":{\"@id\":\"https:\/\/staging.bioswing.ee\/is\/#website\"},\"primaryImageOfPage\":{\"@id\":\"https:\/\/staging.bioswing.ee\/is\/toode\/bioswing-feedback-module\/#primaryimage\"},\"image\":{\"@id\":\"https:\/\/staging.bioswing.ee\/is\/toode\/bioswing-feedback-module\/#primaryimage\"},\"thumbnailUrl\":\"https:\/\/staging.bioswing.ee\/wp-content\/uploads\/2024\/11\/feedbackmodul_am_posturomed.jpg\",\"datePublished\":\"2024-11-18T13:19:04+00:00\",\"dateModified\":\"2025-01-29T07:39:36+00:00\",\"breadcrumb\":{\"@id\":\"https:\/\/staging.bioswing.ee\/is\/toode\/bioswing-feedback-module\/#breadcrumb\"},\"inLanguage\":\"is\",\"potentialAction\":[{\"@type\":\"ReadAction\",\"target\":[\"https:\/\/staging.bioswing.ee\/is\/toode\/bioswing-feedback-module\/\"]}]},{\"@type\":\"ImageObject\",\"inLanguage\":\"is\",\"@id\":\"https:\/\/staging.bioswing.ee\/is\/toode\/bioswing-feedback-module\/#primaryimage\",\"url\":\"https:\/\/staging.bioswing.ee\/wp-content\/uploads\/2024\/11\/feedbackmodul_am_posturomed.jpg\",\"contentUrl\":\"https:\/\/staging.bioswing.ee\/wp-content\/uploads\/2024\/11\/feedbackmodul_am_posturomed.jpg\",\"width\":1500,\"height\":2000},{\"@type\":\"BreadcrumbList\",\"@id\":\"https:\/\/staging.bioswing.ee\/is\/toode\/bioswing-feedback-module\/#breadcrumb\",\"itemListElement\":[{\"@type\":\"ListItem\",\"position\":1,\"name\":\"Home\",\"item\":\"https:\/\/bioswing.ee\/is\/\"},{\"@type\":\"ListItem\",\"position\":2,\"name\":\"SHOP\",\"item\":\"https:\/\/bioswing.ee\/shop\/\"},{\"@type\":\"ListItem\",\"position\":3,\"name\":\"BIOSWING\u00ae endurgjafareining (feedback module)\"}]},{\"@type\":\"WebSite\",\"@id\":\"https:\/\/staging.bioswing.ee\/is\/#website\",\"url\":\"https:\/\/staging.bioswing.ee\/is\/\",\"name\":\"BIOSWING\",\"description\":\"Smart solutions for healthy sitting\",\"publisher\":{\"@id\":\"https:\/\/staging.bioswing.ee\/is\/#organization\"},\"potentialAction\":[{\"@type\":\"SearchAction\",\"target\":{\"@type\":\"EntryPoint\",\"urlTemplate\":\"https:\/\/staging.bioswing.ee\/is\/?s={search_term_string}\"},\"query-input\":{\"@type\":\"PropertyValueSpecification\",\"valueRequired\":true,\"valueName\":\"search_term_string\"}}],\"inLanguage\":\"is\"},{\"@type\":\"Organization\",\"@id\":\"https:\/\/staging.bioswing.ee\/is\/#organization\",\"name\":\"BIOSWING\",\"url\":\"https:\/\/staging.bioswing.ee\/is\/\",\"logo\":{\"@type\":\"ImageObject\",\"inLanguage\":\"is\",\"@id\":\"https:\/\/staging.bioswing.ee\/is\/#\/schema\/logo\/image\/\",\"url\":\"https:\/\/staging.bioswing.ee\/wp-content\/uploads\/2023\/04\/logo_web.png\",\"contentUrl\":\"https:\/\/staging.bioswing.ee\/wp-content\/uploads\/2023\/04\/logo_web.png\",\"width\":140,\"height\":122,\"caption\":\"BIOSWING\"},\"image\":{\"@id\":\"https:\/\/staging.bioswing.ee\/is\/#\/schema\/logo\/image\/\"}}]}<\/script>\n<!-- \/ Yoast SEO plugin. -->","yoast_head_json":{"title":"BIOSWING\u00ae endurgjafareining (feedback module) - BIOSWING","robots":{"index":"noindex","follow":"follow","max-snippet":"max-snippet:-1","max-image-preview":"max-image-preview:large","max-video-preview":"max-video-preview:-1"},"og_locale":"is_IS","og_type":"article","og_title":"BIOSWING\u00ae endurgjafareining (feedback module) - BIOSWING","og_description":"Gera hreyfingar me\u00f0fer\u00f0arflatarins s\u00fdnilegri, s\u00e9rstaklega \u00ed me\u00f0fer\u00f0 me\u00f0 endurh\u00e6fingareiningunni. Endurgjafareiningin samanstendur af \u00feremur p\u00f6rum sem gera kleift a\u00f0 tengja hana vi\u00f0 \u00ferj\u00e1r hli\u00f0ar me\u00f0fer\u00f0arflatarins.  Tengist t\u00e6kjum: Posturomed 202 og compact3 sett (2x hli\u00f0ar, 1x bak), hvert me\u00f0 2 hlutumPlastkl\u00e6tt, litur svart\/rautt","og_url":"https:\/\/staging.bioswing.ee\/is\/toode\/bioswing-feedback-module\/","og_site_name":"BIOSWING","article_modified_time":"2025-01-29T07:39:36+00:00","og_image":[{"width":1500,"height":2000,"url":"https:\/\/bioswing.ee\/wp-content\/uploads\/2024\/11\/feedbackmodul_am_posturomed.jpg","type":"image\/jpeg"}],"twitter_card":"summary_large_image","twitter_misc":{"Est. reading time":"1 minute"},"schema":{"@context":"https:\/\/schema.org","@graph":[{"@type":"WebPage","@id":"https:\/\/staging.bioswing.ee\/is\/toode\/bioswing-feedback-module\/","url":"https:\/\/staging.bioswing.ee\/is\/toode\/bioswing-feedback-module\/","name":"BIOSWING\u00ae endurgjafareining (feedback module) - BIOSWING","isPartOf":{"@id":"https:\/\/staging.bioswing.ee\/is\/#website"},"primaryImageOfPage":{"@id":"https:\/\/staging.bioswing.ee\/is\/toode\/bioswing-feedback-module\/#primaryimage"},"image":{"@id":"https:\/\/staging.bioswing.ee\/is\/toode\/bioswing-feedback-module\/#primaryimage"},"thumbnailUrl":"https:\/\/staging.bioswing.ee\/wp-content\/uploads\/2024\/11\/feedbackmodul_am_posturomed.jpg","datePublished":"2024-11-18T13:19:04+00:00","dateModified":"2025-01-29T07:39:36+00:00","breadcrumb":{"@id":"https:\/\/staging.bioswing.ee\/is\/toode\/bioswing-feedback-module\/#breadcrumb"},"inLanguage":"is","potentialAction":[{"@type":"ReadAction","target":["https:\/\/staging.bioswing.ee\/is\/toode\/bioswing-feedback-module\/"]}]},{"@type":"ImageObject","inLanguage":"is","@id":"https:\/\/staging.bioswing.ee\/is\/toode\/bioswing-feedback-module\/#primaryimage","url":"https:\/\/staging.bioswing.ee\/wp-content\/uploads\/2024\/11\/feedbackmodul_am_posturomed.jpg","contentUrl":"https:\/\/staging.bioswing.ee\/wp-content\/uploads\/2024\/11\/feedbackmodul_am_posturomed.jpg","width":1500,"height":2000},{"@type":"BreadcrumbList","@id":"https:\/\/staging.bioswing.ee\/is\/toode\/bioswing-feedback-module\/#breadcrumb","itemListElement":[{"@type":"ListItem","position":1,"name":"Home","item":"https:\/\/bioswing.ee\/is\/"},{"@type":"ListItem","position":2,"name":"SHOP","item":"https:\/\/bioswing.ee\/shop\/"},{"@type":"ListItem","position":3,"name":"BIOSWING\u00ae endurgjafareining (feedback module)"}]},{"@type":"WebSite","@id":"https:\/\/staging.bioswing.ee\/is\/#website","url":"https:\/\/staging.bioswing.ee\/is\/","name":"BIOSWING","description":"Smart solutions for healthy sitting","publisher":{"@id":"https:\/\/staging.bioswing.ee\/is\/#organization"},"potentialAction":[{"@type":"SearchAction","target":{"@type":"EntryPoint","urlTemplate":"https:\/\/staging.bioswing.ee\/is\/?s={search_term_string}"},"query-input":{"@type":"PropertyValueSpecification","valueRequired":true,"valueName":"search_term_string"}}],"inLanguage":"is"},{"@type":"Organization","@id":"https:\/\/staging.bioswing.ee\/is\/#organization","name":"BIOSWING","url":"https:\/\/staging.bioswing.ee\/is\/","logo":{"@type":"ImageObject","inLanguage":"is","@id":"https:\/\/staging.bioswing.ee\/is\/#\/schema\/logo\/image\/","url":"https:\/\/staging.bioswing.ee\/wp-content\/uploads\/2023\/04\/logo_web.png","contentUrl":"https:\/\/staging.bioswing.ee\/wp-content\/uploads\/2023\/04\/logo_web.png","width":140,"height":122,"caption":"BIOSWING"},"image":{"@id":"https:\/\/staging.bioswing.ee\/is\/#\/schema\/logo\/image\/"}}]}},"_links":{"self":[{"href":"https:\/\/staging.bioswing.ee\/is\/wp-json\/wp\/v2\/product\/24791","targetHints":{"allow":["GET"]}}],"collection":[{"href":"https:\/\/staging.bioswing.ee\/is\/wp-json\/wp\/v2\/product"}],"about":[{"href":"https:\/\/staging.bioswing.ee\/is\/wp-json\/wp\/v2\/types\/product"}],"wp:featuredmedia":[{"embeddable":true,"href":"https:\/\/staging.bioswing.ee\/is\/wp-json\/wp\/v2\/media\/24792"}],"wp:attachment":[{"href":"https:\/\/staging.bioswing.ee\/is\/wp-json\/wp\/v2\/media?parent=24791"}],"wp:term":[{"taxonomy":"product_brand","embeddable":true,"href":"https:\/\/staging.bioswing.ee\/is\/wp-json\/wp\/v2\/product_brand?post=24791"},{"taxonomy":"product_cat","embeddable":true,"href":"https:\/\/staging.bioswing.ee\/is\/wp-json\/wp\/v2\/product_cat?post=24791"},{"taxonomy":"product_tag","embeddable":true,"href":"https:\/\/staging.bioswing.ee\/is\/wp-json\/wp\/v2\/product_tag?post=24791"}],"curies":[{"name":"wp","href":"https:\/\/api.w.org\/{rel}","templated":true}]}}