{"id":24797,"date":"2024-11-21T08:23:24","date_gmt":"2024-11-21T08:23:24","guid":{"rendered":"https:\/\/staging.bioswing.ee\/toode\/bioswing-propriomed-1\/"},"modified":"2025-01-29T07:46:47","modified_gmt":"2025-01-29T07:46:47","slug":"bioswing-propriomed-1","status":"publish","type":"product","link":"https:\/\/staging.bioswing.ee\/is\/toode\/bioswing-propriomed-1\/","title":{"rendered":"BIOSWING\u00ae Propriomed\u00ae 1"},"content":{"rendered":"","protected":false},"excerpt":{"rendered":"<p><strong>BIOSWING Propriomed<sup>\u00ae<\/sup> 1<\/strong> (gult) er 190 cm langt og hefur tvo st\u00f6\u00f0ugt stillanlega t\u00ed\u00f0nistillinga \u00e1 hvorri hli\u00f0. \u00deetta sveiflustafur fyrir byrjendur \u00ed me\u00f0fer\u00f0 n\u00e6r yfir t\u00ed\u00f0nisvi\u00f0 sem hentar flestum sj\u00faklingum \u00ed tauga- og sto\u00f0kerfisendurh\u00e6fingu, me\u00f0 t\u00ed\u00f0nisvi\u00f0 fr\u00e1 3,0 til 4,0 Hz. <\/p>\n<ul>\n<li>Handfang\/Dempunareiningar: Svart\/Gra\u0301tt Desmopan\u00ae<\/li>\n<li>Sveifluv\u00edr: Silfur, margendurunni\u00f0 gormast\u00e1l<\/li>\n<li>Lengd sveifluv\u00edrs: 190 cm<\/li>\n<li>Endalok\/T\u00ed\u00f0nistillir: Svart PU<\/li>\n<li>Afhent \u00ed skr\u00fafanlegu hl\u00edfarr\u00f6ri me\u00f0 lei\u00f0beiningum<\/li>\n<\/ul>\n","protected":false},"featured_media":24798,"template":"","meta":[],"product_brand":[],"product_cat":[1091],"product_tag":[],"class_list":{"0":"post-24797","1":"product","2":"type-product","3":"status-publish","4":"has-post-thumbnail","6":"product_cat-propriomed-is","8":"first","9":"instock","10":"taxable","11":"shipping-taxable","12":"purchasable","13":"product-type-simple"},"yoast_head":"<!-- This site is optimized with the Yoast SEO plugin v27.1.1 - https:\/\/yoast.com\/product\/yoast-seo-wordpress\/ -->\n<title>BIOSWING\u00ae Propriomed\u00ae 1 - BIOSWING<\/title>\n<meta name=\"robots\" content=\"noindex, follow, max-snippet:-1, max-image-preview:large, max-video-preview:-1\" \/>\n<meta property=\"og:locale\" content=\"is_IS\" \/>\n<meta property=\"og:type\" content=\"article\" \/>\n<meta property=\"og:title\" content=\"BIOSWING\u00ae Propriomed\u00ae 1 - BIOSWING\" \/>\n<meta property=\"og:description\" content=\"BIOSWING Propriomed\u00ae 1 (gult) er 190 cm langt og hefur tvo st\u00f6\u00f0ugt stillanlega t\u00ed\u00f0nistillinga \u00e1 hvorri hli\u00f0. \u00deetta sveiflustafur fyrir byrjendur \u00ed me\u00f0fer\u00f0 n\u00e6r yfir t\u00ed\u00f0nisvi\u00f0 sem hentar flestum sj\u00faklingum \u00ed tauga- og sto\u00f0kerfisendurh\u00e6fingu, me\u00f0 t\u00ed\u00f0nisvi\u00f0 fr\u00e1 3,0 til 4,0 Hz.   Handfang\/Dempunareiningar: Svart\/Gra\u0301tt Desmopan\u00ae  Sveifluv\u00edr: Silfur, margendurunni\u00f0 gormast\u00e1l  Lengd sveifluv\u00edrs: 190 cm  Endalok\/T\u00ed\u00f0nistillir: Svart PU  Afhent \u00ed skr\u00fafanlegu hl\u00edfarr\u00f6ri me\u00f0 lei\u00f0beiningum\" \/>\n<meta property=\"og:url\" content=\"https:\/\/staging.bioswing.ee\/is\/toode\/bioswing-propriomed-1\/\" \/>\n<meta property=\"og:site_name\" content=\"BIOSWING\" \/>\n<meta property=\"article:modified_time\" content=\"2025-01-29T07:46:47+00:00\" \/>\n<meta property=\"og:image\" content=\"https:\/\/bioswing.ee\/wp-content\/uploads\/2024\/11\/propriomed1.jpg\" \/>\n\t<meta property=\"og:image:width\" content=\"1500\" \/>\n\t<meta property=\"og:image:height\" content=\"2000\" \/>\n\t<meta property=\"og:image:type\" content=\"image\/jpeg\" \/>\n<meta name=\"twitter:card\" content=\"summary_large_image\" \/>\n<meta name=\"twitter:label1\" content=\"Est. reading time\" \/>\n\t<meta name=\"twitter:data1\" content=\"1 minute\" \/>\n<script type=\"application\/ld+json\" class=\"yoast-schema-graph\">{\"@context\":\"https:\/\/schema.org\",\"@graph\":[{\"@type\":\"WebPage\",\"@id\":\"https:\/\/staging.bioswing.ee\/is\/toode\/bioswing-propriomed-1\/\",\"url\":\"https:\/\/staging.bioswing.ee\/is\/toode\/bioswing-propriomed-1\/\",\"name\":\"BIOSWING\u00ae Propriomed\u00ae 1 - BIOSWING\",\"isPartOf\":{\"@id\":\"https:\/\/staging.bioswing.ee\/is\/#website\"},\"primaryImageOfPage\":{\"@id\":\"https:\/\/staging.bioswing.ee\/is\/toode\/bioswing-propriomed-1\/#primaryimage\"},\"image\":{\"@id\":\"https:\/\/staging.bioswing.ee\/is\/toode\/bioswing-propriomed-1\/#primaryimage\"},\"thumbnailUrl\":\"https:\/\/staging.bioswing.ee\/wp-content\/uploads\/2024\/11\/propriomed1.jpg\",\"datePublished\":\"2024-11-21T08:23:24+00:00\",\"dateModified\":\"2025-01-29T07:46:47+00:00\",\"breadcrumb\":{\"@id\":\"https:\/\/staging.bioswing.ee\/is\/toode\/bioswing-propriomed-1\/#breadcrumb\"},\"inLanguage\":\"is\",\"potentialAction\":[{\"@type\":\"ReadAction\",\"target\":[\"https:\/\/staging.bioswing.ee\/is\/toode\/bioswing-propriomed-1\/\"]}]},{\"@type\":\"ImageObject\",\"inLanguage\":\"is\",\"@id\":\"https:\/\/staging.bioswing.ee\/is\/toode\/bioswing-propriomed-1\/#primaryimage\",\"url\":\"https:\/\/staging.bioswing.ee\/wp-content\/uploads\/2024\/11\/propriomed1.jpg\",\"contentUrl\":\"https:\/\/staging.bioswing.ee\/wp-content\/uploads\/2024\/11\/propriomed1.jpg\",\"width\":1500,\"height\":2000},{\"@type\":\"BreadcrumbList\",\"@id\":\"https:\/\/staging.bioswing.ee\/is\/toode\/bioswing-propriomed-1\/#breadcrumb\",\"itemListElement\":[{\"@type\":\"ListItem\",\"position\":1,\"name\":\"Home\",\"item\":\"https:\/\/bioswing.ee\/is\/\"},{\"@type\":\"ListItem\",\"position\":2,\"name\":\"SHOP\",\"item\":\"https:\/\/bioswing.ee\/shop\/\"},{\"@type\":\"ListItem\",\"position\":3,\"name\":\"BIOSWING\u00ae Propriomed\u00ae 1\"}]},{\"@type\":\"WebSite\",\"@id\":\"https:\/\/staging.bioswing.ee\/is\/#website\",\"url\":\"https:\/\/staging.bioswing.ee\/is\/\",\"name\":\"BIOSWING\",\"description\":\"Smart solutions for healthy sitting\",\"publisher\":{\"@id\":\"https:\/\/staging.bioswing.ee\/is\/#organization\"},\"potentialAction\":[{\"@type\":\"SearchAction\",\"target\":{\"@type\":\"EntryPoint\",\"urlTemplate\":\"https:\/\/staging.bioswing.ee\/is\/?s={search_term_string}\"},\"query-input\":{\"@type\":\"PropertyValueSpecification\",\"valueRequired\":true,\"valueName\":\"search_term_string\"}}],\"inLanguage\":\"is\"},{\"@type\":\"Organization\",\"@id\":\"https:\/\/staging.bioswing.ee\/is\/#organization\",\"name\":\"BIOSWING\",\"url\":\"https:\/\/staging.bioswing.ee\/is\/\",\"logo\":{\"@type\":\"ImageObject\",\"inLanguage\":\"is\",\"@id\":\"https:\/\/staging.bioswing.ee\/is\/#\/schema\/logo\/image\/\",\"url\":\"https:\/\/staging.bioswing.ee\/wp-content\/uploads\/2023\/04\/logo_web.png\",\"contentUrl\":\"https:\/\/staging.bioswing.ee\/wp-content\/uploads\/2023\/04\/logo_web.png\",\"width\":140,\"height\":122,\"caption\":\"BIOSWING\"},\"image\":{\"@id\":\"https:\/\/staging.bioswing.ee\/is\/#\/schema\/logo\/image\/\"}}]}<\/script>\n<!-- \/ Yoast SEO plugin. -->","yoast_head_json":{"title":"BIOSWING\u00ae Propriomed\u00ae 1 - BIOSWING","robots":{"index":"noindex","follow":"follow","max-snippet":"max-snippet:-1","max-image-preview":"max-image-preview:large","max-video-preview":"max-video-preview:-1"},"og_locale":"is_IS","og_type":"article","og_title":"BIOSWING\u00ae Propriomed\u00ae 1 - BIOSWING","og_description":"BIOSWING Propriomed\u00ae 1 (gult) er 190 cm langt og hefur tvo st\u00f6\u00f0ugt stillanlega t\u00ed\u00f0nistillinga \u00e1 hvorri hli\u00f0. \u00deetta sveiflustafur fyrir byrjendur \u00ed me\u00f0fer\u00f0 n\u00e6r yfir t\u00ed\u00f0nisvi\u00f0 sem hentar flestum sj\u00faklingum \u00ed tauga- og sto\u00f0kerfisendurh\u00e6fingu, me\u00f0 t\u00ed\u00f0nisvi\u00f0 fr\u00e1 3,0 til 4,0 Hz.   Handfang\/Dempunareiningar: Svart\/Gra\u0301tt Desmopan\u00ae  Sveifluv\u00edr: Silfur, margendurunni\u00f0 gormast\u00e1l  Lengd sveifluv\u00edrs: 190 cm  Endalok\/T\u00ed\u00f0nistillir: Svart PU  Afhent \u00ed skr\u00fafanlegu hl\u00edfarr\u00f6ri me\u00f0 lei\u00f0beiningum","og_url":"https:\/\/staging.bioswing.ee\/is\/toode\/bioswing-propriomed-1\/","og_site_name":"BIOSWING","article_modified_time":"2025-01-29T07:46:47+00:00","og_image":[{"width":1500,"height":2000,"url":"https:\/\/bioswing.ee\/wp-content\/uploads\/2024\/11\/propriomed1.jpg","type":"image\/jpeg"}],"twitter_card":"summary_large_image","twitter_misc":{"Est. reading time":"1 minute"},"schema":{"@context":"https:\/\/schema.org","@graph":[{"@type":"WebPage","@id":"https:\/\/staging.bioswing.ee\/is\/toode\/bioswing-propriomed-1\/","url":"https:\/\/staging.bioswing.ee\/is\/toode\/bioswing-propriomed-1\/","name":"BIOSWING\u00ae Propriomed\u00ae 1 - BIOSWING","isPartOf":{"@id":"https:\/\/staging.bioswing.ee\/is\/#website"},"primaryImageOfPage":{"@id":"https:\/\/staging.bioswing.ee\/is\/toode\/bioswing-propriomed-1\/#primaryimage"},"image":{"@id":"https:\/\/staging.bioswing.ee\/is\/toode\/bioswing-propriomed-1\/#primaryimage"},"thumbnailUrl":"https:\/\/staging.bioswing.ee\/wp-content\/uploads\/2024\/11\/propriomed1.jpg","datePublished":"2024-11-21T08:23:24+00:00","dateModified":"2025-01-29T07:46:47+00:00","breadcrumb":{"@id":"https:\/\/staging.bioswing.ee\/is\/toode\/bioswing-propriomed-1\/#breadcrumb"},"inLanguage":"is","potentialAction":[{"@type":"ReadAction","target":["https:\/\/staging.bioswing.ee\/is\/toode\/bioswing-propriomed-1\/"]}]},{"@type":"ImageObject","inLanguage":"is","@id":"https:\/\/staging.bioswing.ee\/is\/toode\/bioswing-propriomed-1\/#primaryimage","url":"https:\/\/staging.bioswing.ee\/wp-content\/uploads\/2024\/11\/propriomed1.jpg","contentUrl":"https:\/\/staging.bioswing.ee\/wp-content\/uploads\/2024\/11\/propriomed1.jpg","width":1500,"height":2000},{"@type":"BreadcrumbList","@id":"https:\/\/staging.bioswing.ee\/is\/toode\/bioswing-propriomed-1\/#breadcrumb","itemListElement":[{"@type":"ListItem","position":1,"name":"Home","item":"https:\/\/bioswing.ee\/is\/"},{"@type":"ListItem","position":2,"name":"SHOP","item":"https:\/\/bioswing.ee\/shop\/"},{"@type":"ListItem","position":3,"name":"BIOSWING\u00ae Propriomed\u00ae 1"}]},{"@type":"WebSite","@id":"https:\/\/staging.bioswing.ee\/is\/#website","url":"https:\/\/staging.bioswing.ee\/is\/","name":"BIOSWING","description":"Smart solutions for healthy sitting","publisher":{"@id":"https:\/\/staging.bioswing.ee\/is\/#organization"},"potentialAction":[{"@type":"SearchAction","target":{"@type":"EntryPoint","urlTemplate":"https:\/\/staging.bioswing.ee\/is\/?s={search_term_string}"},"query-input":{"@type":"PropertyValueSpecification","valueRequired":true,"valueName":"search_term_string"}}],"inLanguage":"is"},{"@type":"Organization","@id":"https:\/\/staging.bioswing.ee\/is\/#organization","name":"BIOSWING","url":"https:\/\/staging.bioswing.ee\/is\/","logo":{"@type":"ImageObject","inLanguage":"is","@id":"https:\/\/staging.bioswing.ee\/is\/#\/schema\/logo\/image\/","url":"https:\/\/staging.bioswing.ee\/wp-content\/uploads\/2023\/04\/logo_web.png","contentUrl":"https:\/\/staging.bioswing.ee\/wp-content\/uploads\/2023\/04\/logo_web.png","width":140,"height":122,"caption":"BIOSWING"},"image":{"@id":"https:\/\/staging.bioswing.ee\/is\/#\/schema\/logo\/image\/"}}]}},"_links":{"self":[{"href":"https:\/\/staging.bioswing.ee\/is\/wp-json\/wp\/v2\/product\/24797","targetHints":{"allow":["GET"]}}],"collection":[{"href":"https:\/\/staging.bioswing.ee\/is\/wp-json\/wp\/v2\/product"}],"about":[{"href":"https:\/\/staging.bioswing.ee\/is\/wp-json\/wp\/v2\/types\/product"}],"wp:featuredmedia":[{"embeddable":true,"href":"https:\/\/staging.bioswing.ee\/is\/wp-json\/wp\/v2\/media\/24798"}],"wp:attachment":[{"href":"https:\/\/staging.bioswing.ee\/is\/wp-json\/wp\/v2\/media?parent=24797"}],"wp:term":[{"taxonomy":"product_brand","embeddable":true,"href":"https:\/\/staging.bioswing.ee\/is\/wp-json\/wp\/v2\/product_brand?post=24797"},{"taxonomy":"product_cat","embeddable":true,"href":"https:\/\/staging.bioswing.ee\/is\/wp-json\/wp\/v2\/product_cat?post=24797"},{"taxonomy":"product_tag","embeddable":true,"href":"https:\/\/staging.bioswing.ee\/is\/wp-json\/wp\/v2\/product_tag?post=24797"}],"curies":[{"name":"wp","href":"https:\/\/api.w.org\/{rel}","templated":true}]}}