{"id":24800,"date":"2024-11-21T08:25:35","date_gmt":"2024-11-21T08:25:35","guid":{"rendered":"https:\/\/staging.bioswing.ee\/toode\/bioswing-propriomed-2\/"},"modified":"2025-01-29T07:48:40","modified_gmt":"2025-01-29T07:48:40","slug":"bioswing-propriomed-2","status":"publish","type":"product","link":"https:\/\/staging.bioswing.ee\/is\/toode\/bioswing-propriomed-2\/","title":{"rendered":"BIOSWING\u00ae Propriomed\u00ae 2"},"content":{"rendered":"","protected":false},"excerpt":{"rendered":"<p><strong>BIOSWING Propriomed<sup>\u00ae<\/sup> 2<\/strong> (rautt) er 165 cm langt og hefur tvo st\u00f6\u00f0ugt stillanlega t\u00ed\u00f0nistillinga \u00e1 hvorri hli\u00f0. \u00deessi sveiflustafur, sem krefst meiri stj\u00f3rnunarh\u00e6fni, n\u00e6r yfir t\u00ed\u00f0nisvi\u00f0 sem hentar sj\u00faklingum me\u00f0 g\u00f3\u00f0a hreyfistj\u00f3rnun, me\u00f0 t\u00ed\u00f0nisvi\u00f0 fr\u00e1 4,0 til 5,2 Hz. <\/p>\n<ul>\n<li>Handfang\/Dempunareiningar: Svart\/Gra\u0301tt Desmopan\u00ae<\/li>\n<li>Sveifluv\u00edr: Silfur, margendurunni\u00f0 gormast\u00e1l<\/li>\n<li>Lengd sveifluv\u00edrs: 165 cm<\/li>\n<li>Endalok\/T\u00ed\u00f0nistillir: Svart PU<\/li>\n<li>Afhent \u00ed skr\u00fafanlegu hl\u00edfarr\u00f6ri me\u00f0 lei\u00f0beiningum<\/li>\n<\/ul>\n","protected":false},"featured_media":24801,"template":"","meta":[],"product_brand":[],"product_cat":[1091],"product_tag":[],"class_list":{"0":"post-24800","1":"product","2":"type-product","3":"status-publish","4":"has-post-thumbnail","6":"product_cat-propriomed-is","8":"first","9":"instock","10":"taxable","11":"shipping-taxable","12":"purchasable","13":"product-type-simple"},"yoast_head":"<!-- This site is optimized with the Yoast SEO plugin v27.1.1 - https:\/\/yoast.com\/product\/yoast-seo-wordpress\/ -->\n<title>BIOSWING\u00ae Propriomed\u00ae 2 - BIOSWING<\/title>\n<meta name=\"robots\" content=\"noindex, follow, max-snippet:-1, max-image-preview:large, max-video-preview:-1\" \/>\n<meta property=\"og:locale\" content=\"is_IS\" \/>\n<meta property=\"og:type\" content=\"article\" \/>\n<meta property=\"og:title\" content=\"BIOSWING\u00ae Propriomed\u00ae 2 - BIOSWING\" \/>\n<meta property=\"og:description\" content=\"BIOSWING Propriomed\u00ae 2 (rautt) er 165 cm langt og hefur tvo st\u00f6\u00f0ugt stillanlega t\u00ed\u00f0nistillinga \u00e1 hvorri hli\u00f0. \u00deessi sveiflustafur, sem krefst meiri stj\u00f3rnunarh\u00e6fni, n\u00e6r yfir t\u00ed\u00f0nisvi\u00f0 sem hentar sj\u00faklingum me\u00f0 g\u00f3\u00f0a hreyfistj\u00f3rnun, me\u00f0 t\u00ed\u00f0nisvi\u00f0 fr\u00e1 4,0 til 5,2 Hz.   Handfang\/Dempunareiningar: Svart\/Gra\u0301tt Desmopan\u00ae  Sveifluv\u00edr: Silfur, margendurunni\u00f0 gormast\u00e1l  Lengd sveifluv\u00edrs: 165 cm  Endalok\/T\u00ed\u00f0nistillir: Svart PU  Afhent \u00ed skr\u00fafanlegu hl\u00edfarr\u00f6ri me\u00f0 lei\u00f0beiningum\" \/>\n<meta property=\"og:url\" content=\"https:\/\/staging.bioswing.ee\/is\/toode\/bioswing-propriomed-2\/\" \/>\n<meta property=\"og:site_name\" content=\"BIOSWING\" \/>\n<meta property=\"article:modified_time\" content=\"2025-01-29T07:48:40+00:00\" \/>\n<meta property=\"og:image\" content=\"https:\/\/bioswing.ee\/wp-content\/uploads\/2024\/11\/propriomed2.jpg\" \/>\n\t<meta property=\"og:image:width\" content=\"1500\" \/>\n\t<meta property=\"og:image:height\" content=\"2000\" \/>\n\t<meta property=\"og:image:type\" content=\"image\/jpeg\" \/>\n<meta name=\"twitter:card\" content=\"summary_large_image\" \/>\n<meta name=\"twitter:label1\" content=\"Est. reading time\" \/>\n\t<meta name=\"twitter:data1\" content=\"1 minute\" \/>\n<script type=\"application\/ld+json\" class=\"yoast-schema-graph\">{\"@context\":\"https:\/\/schema.org\",\"@graph\":[{\"@type\":\"WebPage\",\"@id\":\"https:\/\/staging.bioswing.ee\/is\/toode\/bioswing-propriomed-2\/\",\"url\":\"https:\/\/staging.bioswing.ee\/is\/toode\/bioswing-propriomed-2\/\",\"name\":\"BIOSWING\u00ae Propriomed\u00ae 2 - BIOSWING\",\"isPartOf\":{\"@id\":\"https:\/\/staging.bioswing.ee\/is\/#website\"},\"primaryImageOfPage\":{\"@id\":\"https:\/\/staging.bioswing.ee\/is\/toode\/bioswing-propriomed-2\/#primaryimage\"},\"image\":{\"@id\":\"https:\/\/staging.bioswing.ee\/is\/toode\/bioswing-propriomed-2\/#primaryimage\"},\"thumbnailUrl\":\"https:\/\/staging.bioswing.ee\/wp-content\/uploads\/2024\/11\/propriomed2.jpg\",\"datePublished\":\"2024-11-21T08:25:35+00:00\",\"dateModified\":\"2025-01-29T07:48:40+00:00\",\"breadcrumb\":{\"@id\":\"https:\/\/staging.bioswing.ee\/is\/toode\/bioswing-propriomed-2\/#breadcrumb\"},\"inLanguage\":\"is\",\"potentialAction\":[{\"@type\":\"ReadAction\",\"target\":[\"https:\/\/staging.bioswing.ee\/is\/toode\/bioswing-propriomed-2\/\"]}]},{\"@type\":\"ImageObject\",\"inLanguage\":\"is\",\"@id\":\"https:\/\/staging.bioswing.ee\/is\/toode\/bioswing-propriomed-2\/#primaryimage\",\"url\":\"https:\/\/staging.bioswing.ee\/wp-content\/uploads\/2024\/11\/propriomed2.jpg\",\"contentUrl\":\"https:\/\/staging.bioswing.ee\/wp-content\/uploads\/2024\/11\/propriomed2.jpg\",\"width\":1500,\"height\":2000},{\"@type\":\"BreadcrumbList\",\"@id\":\"https:\/\/staging.bioswing.ee\/is\/toode\/bioswing-propriomed-2\/#breadcrumb\",\"itemListElement\":[{\"@type\":\"ListItem\",\"position\":1,\"name\":\"Home\",\"item\":\"https:\/\/bioswing.ee\/is\/\"},{\"@type\":\"ListItem\",\"position\":2,\"name\":\"SHOP\",\"item\":\"https:\/\/bioswing.ee\/shop\/\"},{\"@type\":\"ListItem\",\"position\":3,\"name\":\"BIOSWING\u00ae Propriomed\u00ae 2\"}]},{\"@type\":\"WebSite\",\"@id\":\"https:\/\/staging.bioswing.ee\/is\/#website\",\"url\":\"https:\/\/staging.bioswing.ee\/is\/\",\"name\":\"BIOSWING\",\"description\":\"Smart solutions for healthy sitting\",\"publisher\":{\"@id\":\"https:\/\/staging.bioswing.ee\/is\/#organization\"},\"potentialAction\":[{\"@type\":\"SearchAction\",\"target\":{\"@type\":\"EntryPoint\",\"urlTemplate\":\"https:\/\/staging.bioswing.ee\/is\/?s={search_term_string}\"},\"query-input\":{\"@type\":\"PropertyValueSpecification\",\"valueRequired\":true,\"valueName\":\"search_term_string\"}}],\"inLanguage\":\"is\"},{\"@type\":\"Organization\",\"@id\":\"https:\/\/staging.bioswing.ee\/is\/#organization\",\"name\":\"BIOSWING\",\"url\":\"https:\/\/staging.bioswing.ee\/is\/\",\"logo\":{\"@type\":\"ImageObject\",\"inLanguage\":\"is\",\"@id\":\"https:\/\/staging.bioswing.ee\/is\/#\/schema\/logo\/image\/\",\"url\":\"https:\/\/staging.bioswing.ee\/wp-content\/uploads\/2023\/04\/logo_web.png\",\"contentUrl\":\"https:\/\/staging.bioswing.ee\/wp-content\/uploads\/2023\/04\/logo_web.png\",\"width\":140,\"height\":122,\"caption\":\"BIOSWING\"},\"image\":{\"@id\":\"https:\/\/staging.bioswing.ee\/is\/#\/schema\/logo\/image\/\"}}]}<\/script>\n<!-- \/ Yoast SEO plugin. -->","yoast_head_json":{"title":"BIOSWING\u00ae Propriomed\u00ae 2 - BIOSWING","robots":{"index":"noindex","follow":"follow","max-snippet":"max-snippet:-1","max-image-preview":"max-image-preview:large","max-video-preview":"max-video-preview:-1"},"og_locale":"is_IS","og_type":"article","og_title":"BIOSWING\u00ae Propriomed\u00ae 2 - BIOSWING","og_description":"BIOSWING Propriomed\u00ae 2 (rautt) er 165 cm langt og hefur tvo st\u00f6\u00f0ugt stillanlega t\u00ed\u00f0nistillinga \u00e1 hvorri hli\u00f0. \u00deessi sveiflustafur, sem krefst meiri stj\u00f3rnunarh\u00e6fni, n\u00e6r yfir t\u00ed\u00f0nisvi\u00f0 sem hentar sj\u00faklingum me\u00f0 g\u00f3\u00f0a hreyfistj\u00f3rnun, me\u00f0 t\u00ed\u00f0nisvi\u00f0 fr\u00e1 4,0 til 5,2 Hz.   Handfang\/Dempunareiningar: Svart\/Gra\u0301tt Desmopan\u00ae  Sveifluv\u00edr: Silfur, margendurunni\u00f0 gormast\u00e1l  Lengd sveifluv\u00edrs: 165 cm  Endalok\/T\u00ed\u00f0nistillir: Svart PU  Afhent \u00ed skr\u00fafanlegu hl\u00edfarr\u00f6ri me\u00f0 lei\u00f0beiningum","og_url":"https:\/\/staging.bioswing.ee\/is\/toode\/bioswing-propriomed-2\/","og_site_name":"BIOSWING","article_modified_time":"2025-01-29T07:48:40+00:00","og_image":[{"width":1500,"height":2000,"url":"https:\/\/bioswing.ee\/wp-content\/uploads\/2024\/11\/propriomed2.jpg","type":"image\/jpeg"}],"twitter_card":"summary_large_image","twitter_misc":{"Est. reading time":"1 minute"},"schema":{"@context":"https:\/\/schema.org","@graph":[{"@type":"WebPage","@id":"https:\/\/staging.bioswing.ee\/is\/toode\/bioswing-propriomed-2\/","url":"https:\/\/staging.bioswing.ee\/is\/toode\/bioswing-propriomed-2\/","name":"BIOSWING\u00ae Propriomed\u00ae 2 - BIOSWING","isPartOf":{"@id":"https:\/\/staging.bioswing.ee\/is\/#website"},"primaryImageOfPage":{"@id":"https:\/\/staging.bioswing.ee\/is\/toode\/bioswing-propriomed-2\/#primaryimage"},"image":{"@id":"https:\/\/staging.bioswing.ee\/is\/toode\/bioswing-propriomed-2\/#primaryimage"},"thumbnailUrl":"https:\/\/staging.bioswing.ee\/wp-content\/uploads\/2024\/11\/propriomed2.jpg","datePublished":"2024-11-21T08:25:35+00:00","dateModified":"2025-01-29T07:48:40+00:00","breadcrumb":{"@id":"https:\/\/staging.bioswing.ee\/is\/toode\/bioswing-propriomed-2\/#breadcrumb"},"inLanguage":"is","potentialAction":[{"@type":"ReadAction","target":["https:\/\/staging.bioswing.ee\/is\/toode\/bioswing-propriomed-2\/"]}]},{"@type":"ImageObject","inLanguage":"is","@id":"https:\/\/staging.bioswing.ee\/is\/toode\/bioswing-propriomed-2\/#primaryimage","url":"https:\/\/staging.bioswing.ee\/wp-content\/uploads\/2024\/11\/propriomed2.jpg","contentUrl":"https:\/\/staging.bioswing.ee\/wp-content\/uploads\/2024\/11\/propriomed2.jpg","width":1500,"height":2000},{"@type":"BreadcrumbList","@id":"https:\/\/staging.bioswing.ee\/is\/toode\/bioswing-propriomed-2\/#breadcrumb","itemListElement":[{"@type":"ListItem","position":1,"name":"Home","item":"https:\/\/bioswing.ee\/is\/"},{"@type":"ListItem","position":2,"name":"SHOP","item":"https:\/\/bioswing.ee\/shop\/"},{"@type":"ListItem","position":3,"name":"BIOSWING\u00ae Propriomed\u00ae 2"}]},{"@type":"WebSite","@id":"https:\/\/staging.bioswing.ee\/is\/#website","url":"https:\/\/staging.bioswing.ee\/is\/","name":"BIOSWING","description":"Smart solutions for healthy sitting","publisher":{"@id":"https:\/\/staging.bioswing.ee\/is\/#organization"},"potentialAction":[{"@type":"SearchAction","target":{"@type":"EntryPoint","urlTemplate":"https:\/\/staging.bioswing.ee\/is\/?s={search_term_string}"},"query-input":{"@type":"PropertyValueSpecification","valueRequired":true,"valueName":"search_term_string"}}],"inLanguage":"is"},{"@type":"Organization","@id":"https:\/\/staging.bioswing.ee\/is\/#organization","name":"BIOSWING","url":"https:\/\/staging.bioswing.ee\/is\/","logo":{"@type":"ImageObject","inLanguage":"is","@id":"https:\/\/staging.bioswing.ee\/is\/#\/schema\/logo\/image\/","url":"https:\/\/staging.bioswing.ee\/wp-content\/uploads\/2023\/04\/logo_web.png","contentUrl":"https:\/\/staging.bioswing.ee\/wp-content\/uploads\/2023\/04\/logo_web.png","width":140,"height":122,"caption":"BIOSWING"},"image":{"@id":"https:\/\/staging.bioswing.ee\/is\/#\/schema\/logo\/image\/"}}]}},"_links":{"self":[{"href":"https:\/\/staging.bioswing.ee\/is\/wp-json\/wp\/v2\/product\/24800","targetHints":{"allow":["GET"]}}],"collection":[{"href":"https:\/\/staging.bioswing.ee\/is\/wp-json\/wp\/v2\/product"}],"about":[{"href":"https:\/\/staging.bioswing.ee\/is\/wp-json\/wp\/v2\/types\/product"}],"wp:featuredmedia":[{"embeddable":true,"href":"https:\/\/staging.bioswing.ee\/is\/wp-json\/wp\/v2\/media\/24801"}],"wp:attachment":[{"href":"https:\/\/staging.bioswing.ee\/is\/wp-json\/wp\/v2\/media?parent=24800"}],"wp:term":[{"taxonomy":"product_brand","embeddable":true,"href":"https:\/\/staging.bioswing.ee\/is\/wp-json\/wp\/v2\/product_brand?post=24800"},{"taxonomy":"product_cat","embeddable":true,"href":"https:\/\/staging.bioswing.ee\/is\/wp-json\/wp\/v2\/product_cat?post=24800"},{"taxonomy":"product_tag","embeddable":true,"href":"https:\/\/staging.bioswing.ee\/is\/wp-json\/wp\/v2\/product_tag?post=24800"}],"curies":[{"name":"wp","href":"https:\/\/api.w.org\/{rel}","templated":true}]}}