{"id":24815,"date":"2024-11-21T14:35:11","date_gmt":"2024-11-21T14:35:11","guid":{"rendered":"https:\/\/staging.bioswing.ee\/toode\/music-cd-improve-lets-move-in\/"},"modified":"2025-01-29T08:03:28","modified_gmt":"2025-01-29T08:03:28","slug":"music-cd-improve-lets-move-in","status":"publish","type":"product","link":"https:\/\/staging.bioswing.ee\/is\/toode\/music-cd-improve-lets-move-in\/","title":{"rendered":"T\u00f3nlistargeisladiskur \u201eImprove \u2013 Let\u2019s Move!\u201c (\u00ed Digipak)"},"content":{"rendered":"","protected":false},"excerpt":{"rendered":"<p>Trygg\u00f0u a\u00f0 \u00fe\u00fa hafir n\u00f3g af skemmtun \u00ed BIOSWING Improve<sup>\u00ae<\/sup> sveiflustafan\u00e1mskei\u00f0unum \u00fe\u00ednum. Geisladiskurinn kemur \u00ed handh\u00e6gum Digipak me\u00f0 tveimur l\u00f6gum og yfir klukkustund af t\u00f3nlist me\u00f0 breytilegum hra\u00f0a. Hvert lag er merkt me\u00f0 taktsl\u00e6tti \u00e1 m\u00edn\u00fatu (BPM) \u00e1 bilinu 120 til 130 og r\u00e1\u00f0l\u00f6g\u00f0um t\u00ed\u00f0nistillingum fyrir sveiflustafinn.  <\/p>\n<ul>\n<li>Titill: Improve Beats Vol. 1<\/li>\n<li>L\u00f6g: 23 l\u00f6g me\u00f0 temp\u00f3 \u00e1 bilinu 120\u2013130 BPM<\/li>\n<li>Eiginleikar: Myndr\u00e6n framsetning \u00e1 r\u00e1\u00f0l\u00f6g\u00f0um t\u00ed\u00f0nissvi\u00f0um<\/li>\n<li>Heildarspilunart\u00edmi: 61:08 m\u00edn\u00fatur<\/li>\n<\/ul>\n","protected":false},"featured_media":24817,"template":"","meta":[],"product_brand":[],"product_cat":[1170],"product_tag":[],"class_list":{"0":"post-24815","1":"product","2":"type-product","3":"status-publish","4":"has-post-thumbnail","6":"product_cat-improve-is","8":"first","9":"instock","10":"taxable","11":"shipping-taxable","12":"purchasable","13":"product-type-simple"},"yoast_head":"<!-- This site is optimized with the Yoast SEO plugin v27.1.1 - https:\/\/yoast.com\/product\/yoast-seo-wordpress\/ -->\n<title>T\u00f3nlistargeisladiskur \u201eImprove \u2013 Let\u2019s Move!\u201c (\u00ed Digipak) - BIOSWING<\/title>\n<meta name=\"robots\" content=\"noindex, follow, max-snippet:-1, max-image-preview:large, max-video-preview:-1\" \/>\n<meta property=\"og:locale\" content=\"is_IS\" \/>\n<meta property=\"og:type\" content=\"article\" \/>\n<meta property=\"og:title\" content=\"T\u00f3nlistargeisladiskur \u201eImprove \u2013 Let\u2019s Move!\u201c (\u00ed Digipak) - BIOSWING\" \/>\n<meta property=\"og:description\" content=\"Trygg\u00f0u a\u00f0 \u00fe\u00fa hafir n\u00f3g af skemmtun \u00ed BIOSWING Improve\u00ae sveiflustafan\u00e1mskei\u00f0unum \u00fe\u00ednum. Geisladiskurinn kemur \u00ed handh\u00e6gum Digipak me\u00f0 tveimur l\u00f6gum og yfir klukkustund af t\u00f3nlist me\u00f0 breytilegum hra\u00f0a. Hvert lag er merkt me\u00f0 taktsl\u00e6tti \u00e1 m\u00edn\u00fatu (BPM) \u00e1 bilinu 120 til 130 og r\u00e1\u00f0l\u00f6g\u00f0um t\u00ed\u00f0nistillingum fyrir sveiflustafinn.   Titill: Improve Beats Vol. 1  L\u00f6g: 23 l\u00f6g me\u00f0 temp\u00f3 \u00e1 bilinu 120\u2013130 BPM  Eiginleikar: Myndr\u00e6n framsetning \u00e1 r\u00e1\u00f0l\u00f6g\u00f0um t\u00ed\u00f0nissvi\u00f0um  Heildarspilunart\u00edmi: 61:08 m\u00edn\u00fatur\" \/>\n<meta property=\"og:url\" content=\"https:\/\/staging.bioswing.ee\/is\/toode\/music-cd-improve-lets-move-in\/\" \/>\n<meta property=\"og:site_name\" content=\"BIOSWING\" \/>\n<meta property=\"article:modified_time\" content=\"2025-01-29T08:03:28+00:00\" \/>\n<meta property=\"og:image\" content=\"https:\/\/bioswing.ee\/wp-content\/uploads\/2024\/11\/Improve-music.jpg\" \/>\n\t<meta property=\"og:image:width\" content=\"1500\" \/>\n\t<meta property=\"og:image:height\" content=\"2000\" \/>\n\t<meta property=\"og:image:type\" content=\"image\/jpeg\" \/>\n<meta name=\"twitter:card\" content=\"summary_large_image\" \/>\n<meta name=\"twitter:label1\" content=\"Est. reading time\" \/>\n\t<meta name=\"twitter:data1\" content=\"1 minute\" \/>\n<script type=\"application\/ld+json\" class=\"yoast-schema-graph\">{\"@context\":\"https:\/\/schema.org\",\"@graph\":[{\"@type\":\"WebPage\",\"@id\":\"https:\/\/staging.bioswing.ee\/is\/toode\/music-cd-improve-lets-move-in\/\",\"url\":\"https:\/\/staging.bioswing.ee\/is\/toode\/music-cd-improve-lets-move-in\/\",\"name\":\"T\u00f3nlistargeisladiskur \u201eImprove \u2013 Let\u2019s Move!\u201c (\u00ed Digipak) - BIOSWING\",\"isPartOf\":{\"@id\":\"https:\/\/staging.bioswing.ee\/is\/#website\"},\"primaryImageOfPage\":{\"@id\":\"https:\/\/staging.bioswing.ee\/is\/toode\/music-cd-improve-lets-move-in\/#primaryimage\"},\"image\":{\"@id\":\"https:\/\/staging.bioswing.ee\/is\/toode\/music-cd-improve-lets-move-in\/#primaryimage\"},\"thumbnailUrl\":\"https:\/\/staging.bioswing.ee\/wp-content\/uploads\/2024\/11\/Improve-music.jpg\",\"datePublished\":\"2024-11-21T14:35:11+00:00\",\"dateModified\":\"2025-01-29T08:03:28+00:00\",\"breadcrumb\":{\"@id\":\"https:\/\/staging.bioswing.ee\/is\/toode\/music-cd-improve-lets-move-in\/#breadcrumb\"},\"inLanguage\":\"is\",\"potentialAction\":[{\"@type\":\"ReadAction\",\"target\":[\"https:\/\/staging.bioswing.ee\/is\/toode\/music-cd-improve-lets-move-in\/\"]}]},{\"@type\":\"ImageObject\",\"inLanguage\":\"is\",\"@id\":\"https:\/\/staging.bioswing.ee\/is\/toode\/music-cd-improve-lets-move-in\/#primaryimage\",\"url\":\"https:\/\/staging.bioswing.ee\/wp-content\/uploads\/2024\/11\/Improve-music.jpg\",\"contentUrl\":\"https:\/\/staging.bioswing.ee\/wp-content\/uploads\/2024\/11\/Improve-music.jpg\",\"width\":1500,\"height\":2000},{\"@type\":\"BreadcrumbList\",\"@id\":\"https:\/\/staging.bioswing.ee\/is\/toode\/music-cd-improve-lets-move-in\/#breadcrumb\",\"itemListElement\":[{\"@type\":\"ListItem\",\"position\":1,\"name\":\"Home\",\"item\":\"https:\/\/bioswing.ee\/is\/\"},{\"@type\":\"ListItem\",\"position\":2,\"name\":\"SHOP\",\"item\":\"https:\/\/bioswing.ee\/shop\/\"},{\"@type\":\"ListItem\",\"position\":3,\"name\":\"T\u00f3nlistargeisladiskur \u201eImprove \u2013 Let\u2019s Move!\u201c (\u00ed Digipak)\"}]},{\"@type\":\"WebSite\",\"@id\":\"https:\/\/staging.bioswing.ee\/is\/#website\",\"url\":\"https:\/\/staging.bioswing.ee\/is\/\",\"name\":\"BIOSWING\",\"description\":\"Smart solutions for healthy sitting\",\"publisher\":{\"@id\":\"https:\/\/staging.bioswing.ee\/is\/#organization\"},\"potentialAction\":[{\"@type\":\"SearchAction\",\"target\":{\"@type\":\"EntryPoint\",\"urlTemplate\":\"https:\/\/staging.bioswing.ee\/is\/?s={search_term_string}\"},\"query-input\":{\"@type\":\"PropertyValueSpecification\",\"valueRequired\":true,\"valueName\":\"search_term_string\"}}],\"inLanguage\":\"is\"},{\"@type\":\"Organization\",\"@id\":\"https:\/\/staging.bioswing.ee\/is\/#organization\",\"name\":\"BIOSWING\",\"url\":\"https:\/\/staging.bioswing.ee\/is\/\",\"logo\":{\"@type\":\"ImageObject\",\"inLanguage\":\"is\",\"@id\":\"https:\/\/staging.bioswing.ee\/is\/#\/schema\/logo\/image\/\",\"url\":\"https:\/\/staging.bioswing.ee\/wp-content\/uploads\/2023\/04\/logo_web.png\",\"contentUrl\":\"https:\/\/staging.bioswing.ee\/wp-content\/uploads\/2023\/04\/logo_web.png\",\"width\":140,\"height\":122,\"caption\":\"BIOSWING\"},\"image\":{\"@id\":\"https:\/\/staging.bioswing.ee\/is\/#\/schema\/logo\/image\/\"}}]}<\/script>\n<!-- \/ Yoast SEO plugin. -->","yoast_head_json":{"title":"T\u00f3nlistargeisladiskur \u201eImprove \u2013 Let\u2019s Move!\u201c (\u00ed Digipak) - BIOSWING","robots":{"index":"noindex","follow":"follow","max-snippet":"max-snippet:-1","max-image-preview":"max-image-preview:large","max-video-preview":"max-video-preview:-1"},"og_locale":"is_IS","og_type":"article","og_title":"T\u00f3nlistargeisladiskur \u201eImprove \u2013 Let\u2019s Move!\u201c (\u00ed Digipak) - BIOSWING","og_description":"Trygg\u00f0u a\u00f0 \u00fe\u00fa hafir n\u00f3g af skemmtun \u00ed BIOSWING Improve\u00ae sveiflustafan\u00e1mskei\u00f0unum \u00fe\u00ednum. Geisladiskurinn kemur \u00ed handh\u00e6gum Digipak me\u00f0 tveimur l\u00f6gum og yfir klukkustund af t\u00f3nlist me\u00f0 breytilegum hra\u00f0a. Hvert lag er merkt me\u00f0 taktsl\u00e6tti \u00e1 m\u00edn\u00fatu (BPM) \u00e1 bilinu 120 til 130 og r\u00e1\u00f0l\u00f6g\u00f0um t\u00ed\u00f0nistillingum fyrir sveiflustafinn.   Titill: Improve Beats Vol. 1  L\u00f6g: 23 l\u00f6g me\u00f0 temp\u00f3 \u00e1 bilinu 120\u2013130 BPM  Eiginleikar: Myndr\u00e6n framsetning \u00e1 r\u00e1\u00f0l\u00f6g\u00f0um t\u00ed\u00f0nissvi\u00f0um  Heildarspilunart\u00edmi: 61:08 m\u00edn\u00fatur","og_url":"https:\/\/staging.bioswing.ee\/is\/toode\/music-cd-improve-lets-move-in\/","og_site_name":"BIOSWING","article_modified_time":"2025-01-29T08:03:28+00:00","og_image":[{"width":1500,"height":2000,"url":"https:\/\/bioswing.ee\/wp-content\/uploads\/2024\/11\/Improve-music.jpg","type":"image\/jpeg"}],"twitter_card":"summary_large_image","twitter_misc":{"Est. reading time":"1 minute"},"schema":{"@context":"https:\/\/schema.org","@graph":[{"@type":"WebPage","@id":"https:\/\/staging.bioswing.ee\/is\/toode\/music-cd-improve-lets-move-in\/","url":"https:\/\/staging.bioswing.ee\/is\/toode\/music-cd-improve-lets-move-in\/","name":"T\u00f3nlistargeisladiskur \u201eImprove \u2013 Let\u2019s Move!\u201c (\u00ed Digipak) - BIOSWING","isPartOf":{"@id":"https:\/\/staging.bioswing.ee\/is\/#website"},"primaryImageOfPage":{"@id":"https:\/\/staging.bioswing.ee\/is\/toode\/music-cd-improve-lets-move-in\/#primaryimage"},"image":{"@id":"https:\/\/staging.bioswing.ee\/is\/toode\/music-cd-improve-lets-move-in\/#primaryimage"},"thumbnailUrl":"https:\/\/staging.bioswing.ee\/wp-content\/uploads\/2024\/11\/Improve-music.jpg","datePublished":"2024-11-21T14:35:11+00:00","dateModified":"2025-01-29T08:03:28+00:00","breadcrumb":{"@id":"https:\/\/staging.bioswing.ee\/is\/toode\/music-cd-improve-lets-move-in\/#breadcrumb"},"inLanguage":"is","potentialAction":[{"@type":"ReadAction","target":["https:\/\/staging.bioswing.ee\/is\/toode\/music-cd-improve-lets-move-in\/"]}]},{"@type":"ImageObject","inLanguage":"is","@id":"https:\/\/staging.bioswing.ee\/is\/toode\/music-cd-improve-lets-move-in\/#primaryimage","url":"https:\/\/staging.bioswing.ee\/wp-content\/uploads\/2024\/11\/Improve-music.jpg","contentUrl":"https:\/\/staging.bioswing.ee\/wp-content\/uploads\/2024\/11\/Improve-music.jpg","width":1500,"height":2000},{"@type":"BreadcrumbList","@id":"https:\/\/staging.bioswing.ee\/is\/toode\/music-cd-improve-lets-move-in\/#breadcrumb","itemListElement":[{"@type":"ListItem","position":1,"name":"Home","item":"https:\/\/bioswing.ee\/is\/"},{"@type":"ListItem","position":2,"name":"SHOP","item":"https:\/\/bioswing.ee\/shop\/"},{"@type":"ListItem","position":3,"name":"T\u00f3nlistargeisladiskur \u201eImprove \u2013 Let\u2019s Move!\u201c (\u00ed Digipak)"}]},{"@type":"WebSite","@id":"https:\/\/staging.bioswing.ee\/is\/#website","url":"https:\/\/staging.bioswing.ee\/is\/","name":"BIOSWING","description":"Smart solutions for healthy sitting","publisher":{"@id":"https:\/\/staging.bioswing.ee\/is\/#organization"},"potentialAction":[{"@type":"SearchAction","target":{"@type":"EntryPoint","urlTemplate":"https:\/\/staging.bioswing.ee\/is\/?s={search_term_string}"},"query-input":{"@type":"PropertyValueSpecification","valueRequired":true,"valueName":"search_term_string"}}],"inLanguage":"is"},{"@type":"Organization","@id":"https:\/\/staging.bioswing.ee\/is\/#organization","name":"BIOSWING","url":"https:\/\/staging.bioswing.ee\/is\/","logo":{"@type":"ImageObject","inLanguage":"is","@id":"https:\/\/staging.bioswing.ee\/is\/#\/schema\/logo\/image\/","url":"https:\/\/staging.bioswing.ee\/wp-content\/uploads\/2023\/04\/logo_web.png","contentUrl":"https:\/\/staging.bioswing.ee\/wp-content\/uploads\/2023\/04\/logo_web.png","width":140,"height":122,"caption":"BIOSWING"},"image":{"@id":"https:\/\/staging.bioswing.ee\/is\/#\/schema\/logo\/image\/"}}]}},"_links":{"self":[{"href":"https:\/\/staging.bioswing.ee\/is\/wp-json\/wp\/v2\/product\/24815","targetHints":{"allow":["GET"]}}],"collection":[{"href":"https:\/\/staging.bioswing.ee\/is\/wp-json\/wp\/v2\/product"}],"about":[{"href":"https:\/\/staging.bioswing.ee\/is\/wp-json\/wp\/v2\/types\/product"}],"wp:featuredmedia":[{"embeddable":true,"href":"https:\/\/staging.bioswing.ee\/is\/wp-json\/wp\/v2\/media\/24817"}],"wp:attachment":[{"href":"https:\/\/staging.bioswing.ee\/is\/wp-json\/wp\/v2\/media?parent=24815"}],"wp:term":[{"taxonomy":"product_brand","embeddable":true,"href":"https:\/\/staging.bioswing.ee\/is\/wp-json\/wp\/v2\/product_brand?post=24815"},{"taxonomy":"product_cat","embeddable":true,"href":"https:\/\/staging.bioswing.ee\/is\/wp-json\/wp\/v2\/product_cat?post=24815"},{"taxonomy":"product_tag","embeddable":true,"href":"https:\/\/staging.bioswing.ee\/is\/wp-json\/wp\/v2\/product_tag?post=24815"}],"curies":[{"name":"wp","href":"https:\/\/api.w.org\/{rel}","templated":true}]}}