{"id":24818,"date":"2024-11-22T06:47:20","date_gmt":"2024-11-22T06:47:20","guid":{"rendered":"https:\/\/staging.bioswing.ee\/toode\/bioswing-rolling-stand-improve\/"},"modified":"2025-01-29T08:03:59","modified_gmt":"2025-01-29T08:03:59","slug":"bioswing-rolling-stand-improve","status":"publish","type":"product","link":"https:\/\/staging.bioswing.ee\/is\/toode\/bioswing-rolling-stand-improve\/","title":{"rendered":"BIOSWING\u00ae Hj\u00f3lastandur"},"content":{"rendered":"","protected":false},"excerpt":{"rendered":"<p>\u00der\u00edf\u00f3turinn er nota\u00f0ur til a\u00f0 geyma allt a\u00f0 20 BIOSWING Propriomed<sup>\u00ae<\/sup> e\u00f0a Improve<sup>\u00ae<\/sup> t\u00e6ki \u00e1 skilvirkan og upphengdan h\u00e1tt. H\u00fa\u00f0a\u00f0ur st\u00e1lstandurinn er f\u00e6ranlegur og h\u00e6gt er a\u00f0 l\u00e6sa honum me\u00f0 bajonettl\u00e6singu og hengil\u00e1s (ekki innifalinn) til a\u00f0 tryggja \u00f6ryggi sveiflustafanna. <\/p>\n<ul>\n<li>20 l\u00e6sanlegir haldarar \/ m\u00f6guleiki \u00e1 l\u00e6singu (hengil\u00e1s ekki innifalinn)<\/li>\n<li>Silfurh\u00fa\u00f0a\u00f0 st\u00e1l me\u00f0 rau\u00f0ri bajonettl\u00e6singu<\/li>\n<li>Silfurlita\u00f0ur \u00e1lfelgur grunnur me\u00f0 65 mm hj\u00f3lum<\/li>\n<li>Inniheldur festingarefni<\/li>\n<\/ul>\n","protected":false},"featured_media":24816,"template":"","meta":[],"product_brand":[],"product_cat":[1170],"product_tag":[],"class_list":{"0":"post-24818","1":"product","2":"type-product","3":"status-publish","4":"has-post-thumbnail","6":"product_cat-improve-is","8":"first","9":"instock","10":"taxable","11":"shipping-taxable","12":"purchasable","13":"product-type-simple"},"yoast_head":"<!-- This site is optimized with the Yoast SEO plugin v27.1.1 - https:\/\/yoast.com\/product\/yoast-seo-wordpress\/ -->\n<title>BIOSWING\u00ae Hj\u00f3lastandur - BIOSWING<\/title>\n<meta name=\"robots\" content=\"noindex, follow, max-snippet:-1, max-image-preview:large, max-video-preview:-1\" \/>\n<meta property=\"og:locale\" content=\"is_IS\" \/>\n<meta property=\"og:type\" content=\"article\" \/>\n<meta property=\"og:title\" content=\"BIOSWING\u00ae Hj\u00f3lastandur - BIOSWING\" \/>\n<meta property=\"og:description\" content=\"\u00der\u00edf\u00f3turinn er nota\u00f0ur til a\u00f0 geyma allt a\u00f0 20 BIOSWING Propriomed\u00ae e\u00f0a Improve\u00ae t\u00e6ki \u00e1 skilvirkan og upphengdan h\u00e1tt. H\u00fa\u00f0a\u00f0ur st\u00e1lstandurinn er f\u00e6ranlegur og h\u00e6gt er a\u00f0 l\u00e6sa honum me\u00f0 bajonettl\u00e6singu og hengil\u00e1s (ekki innifalinn) til a\u00f0 tryggja \u00f6ryggi sveiflustafanna.   20 l\u00e6sanlegir haldarar \/ m\u00f6guleiki \u00e1 l\u00e6singu (hengil\u00e1s ekki innifalinn)  Silfurh\u00fa\u00f0a\u00f0 st\u00e1l me\u00f0 rau\u00f0ri bajonettl\u00e6singu  Silfurlita\u00f0ur \u00e1lfelgur grunnur me\u00f0 65 mm hj\u00f3lum  Inniheldur festingarefni\" \/>\n<meta property=\"og:url\" content=\"https:\/\/staging.bioswing.ee\/is\/toode\/bioswing-rolling-stand-improve\/\" \/>\n<meta property=\"og:site_name\" content=\"BIOSWING\" \/>\n<meta property=\"article:modified_time\" content=\"2025-01-29T08:03:59+00:00\" \/>\n<meta property=\"og:image\" content=\"https:\/\/bioswing.ee\/wp-content\/uploads\/2024\/11\/Improve-stand.jpg\" \/>\n\t<meta property=\"og:image:width\" content=\"1500\" \/>\n\t<meta property=\"og:image:height\" content=\"2000\" \/>\n\t<meta property=\"og:image:type\" content=\"image\/jpeg\" \/>\n<meta name=\"twitter:card\" content=\"summary_large_image\" \/>\n<meta name=\"twitter:label1\" content=\"Est. reading time\" \/>\n\t<meta name=\"twitter:data1\" content=\"1 minute\" \/>\n<script type=\"application\/ld+json\" class=\"yoast-schema-graph\">{\"@context\":\"https:\/\/schema.org\",\"@graph\":[{\"@type\":\"WebPage\",\"@id\":\"https:\/\/staging.bioswing.ee\/is\/toode\/bioswing-rolling-stand-improve\/\",\"url\":\"https:\/\/staging.bioswing.ee\/is\/toode\/bioswing-rolling-stand-improve\/\",\"name\":\"BIOSWING\u00ae Hj\u00f3lastandur - BIOSWING\",\"isPartOf\":{\"@id\":\"https:\/\/staging.bioswing.ee\/is\/#website\"},\"primaryImageOfPage\":{\"@id\":\"https:\/\/staging.bioswing.ee\/is\/toode\/bioswing-rolling-stand-improve\/#primaryimage\"},\"image\":{\"@id\":\"https:\/\/staging.bioswing.ee\/is\/toode\/bioswing-rolling-stand-improve\/#primaryimage\"},\"thumbnailUrl\":\"https:\/\/staging.bioswing.ee\/wp-content\/uploads\/2024\/11\/Improve-stand.jpg\",\"datePublished\":\"2024-11-22T06:47:20+00:00\",\"dateModified\":\"2025-01-29T08:03:59+00:00\",\"breadcrumb\":{\"@id\":\"https:\/\/staging.bioswing.ee\/is\/toode\/bioswing-rolling-stand-improve\/#breadcrumb\"},\"inLanguage\":\"is\",\"potentialAction\":[{\"@type\":\"ReadAction\",\"target\":[\"https:\/\/staging.bioswing.ee\/is\/toode\/bioswing-rolling-stand-improve\/\"]}]},{\"@type\":\"ImageObject\",\"inLanguage\":\"is\",\"@id\":\"https:\/\/staging.bioswing.ee\/is\/toode\/bioswing-rolling-stand-improve\/#primaryimage\",\"url\":\"https:\/\/staging.bioswing.ee\/wp-content\/uploads\/2024\/11\/Improve-stand.jpg\",\"contentUrl\":\"https:\/\/staging.bioswing.ee\/wp-content\/uploads\/2024\/11\/Improve-stand.jpg\",\"width\":1500,\"height\":2000},{\"@type\":\"BreadcrumbList\",\"@id\":\"https:\/\/staging.bioswing.ee\/is\/toode\/bioswing-rolling-stand-improve\/#breadcrumb\",\"itemListElement\":[{\"@type\":\"ListItem\",\"position\":1,\"name\":\"Home\",\"item\":\"https:\/\/bioswing.ee\/is\/\"},{\"@type\":\"ListItem\",\"position\":2,\"name\":\"SHOP\",\"item\":\"https:\/\/bioswing.ee\/shop\/\"},{\"@type\":\"ListItem\",\"position\":3,\"name\":\"BIOSWING\u00ae Hj\u00f3lastandur\"}]},{\"@type\":\"WebSite\",\"@id\":\"https:\/\/staging.bioswing.ee\/is\/#website\",\"url\":\"https:\/\/staging.bioswing.ee\/is\/\",\"name\":\"BIOSWING\",\"description\":\"Smart solutions for healthy sitting\",\"publisher\":{\"@id\":\"https:\/\/staging.bioswing.ee\/is\/#organization\"},\"potentialAction\":[{\"@type\":\"SearchAction\",\"target\":{\"@type\":\"EntryPoint\",\"urlTemplate\":\"https:\/\/staging.bioswing.ee\/is\/?s={search_term_string}\"},\"query-input\":{\"@type\":\"PropertyValueSpecification\",\"valueRequired\":true,\"valueName\":\"search_term_string\"}}],\"inLanguage\":\"is\"},{\"@type\":\"Organization\",\"@id\":\"https:\/\/staging.bioswing.ee\/is\/#organization\",\"name\":\"BIOSWING\",\"url\":\"https:\/\/staging.bioswing.ee\/is\/\",\"logo\":{\"@type\":\"ImageObject\",\"inLanguage\":\"is\",\"@id\":\"https:\/\/staging.bioswing.ee\/is\/#\/schema\/logo\/image\/\",\"url\":\"https:\/\/staging.bioswing.ee\/wp-content\/uploads\/2023\/04\/logo_web.png\",\"contentUrl\":\"https:\/\/staging.bioswing.ee\/wp-content\/uploads\/2023\/04\/logo_web.png\",\"width\":140,\"height\":122,\"caption\":\"BIOSWING\"},\"image\":{\"@id\":\"https:\/\/staging.bioswing.ee\/is\/#\/schema\/logo\/image\/\"}}]}<\/script>\n<!-- \/ Yoast SEO plugin. -->","yoast_head_json":{"title":"BIOSWING\u00ae Hj\u00f3lastandur - BIOSWING","robots":{"index":"noindex","follow":"follow","max-snippet":"max-snippet:-1","max-image-preview":"max-image-preview:large","max-video-preview":"max-video-preview:-1"},"og_locale":"is_IS","og_type":"article","og_title":"BIOSWING\u00ae Hj\u00f3lastandur - BIOSWING","og_description":"\u00der\u00edf\u00f3turinn er nota\u00f0ur til a\u00f0 geyma allt a\u00f0 20 BIOSWING Propriomed\u00ae e\u00f0a Improve\u00ae t\u00e6ki \u00e1 skilvirkan og upphengdan h\u00e1tt. H\u00fa\u00f0a\u00f0ur st\u00e1lstandurinn er f\u00e6ranlegur og h\u00e6gt er a\u00f0 l\u00e6sa honum me\u00f0 bajonettl\u00e6singu og hengil\u00e1s (ekki innifalinn) til a\u00f0 tryggja \u00f6ryggi sveiflustafanna.   20 l\u00e6sanlegir haldarar \/ m\u00f6guleiki \u00e1 l\u00e6singu (hengil\u00e1s ekki innifalinn)  Silfurh\u00fa\u00f0a\u00f0 st\u00e1l me\u00f0 rau\u00f0ri bajonettl\u00e6singu  Silfurlita\u00f0ur \u00e1lfelgur grunnur me\u00f0 65 mm hj\u00f3lum  Inniheldur festingarefni","og_url":"https:\/\/staging.bioswing.ee\/is\/toode\/bioswing-rolling-stand-improve\/","og_site_name":"BIOSWING","article_modified_time":"2025-01-29T08:03:59+00:00","og_image":[{"width":1500,"height":2000,"url":"https:\/\/bioswing.ee\/wp-content\/uploads\/2024\/11\/Improve-stand.jpg","type":"image\/jpeg"}],"twitter_card":"summary_large_image","twitter_misc":{"Est. reading time":"1 minute"},"schema":{"@context":"https:\/\/schema.org","@graph":[{"@type":"WebPage","@id":"https:\/\/staging.bioswing.ee\/is\/toode\/bioswing-rolling-stand-improve\/","url":"https:\/\/staging.bioswing.ee\/is\/toode\/bioswing-rolling-stand-improve\/","name":"BIOSWING\u00ae Hj\u00f3lastandur - BIOSWING","isPartOf":{"@id":"https:\/\/staging.bioswing.ee\/is\/#website"},"primaryImageOfPage":{"@id":"https:\/\/staging.bioswing.ee\/is\/toode\/bioswing-rolling-stand-improve\/#primaryimage"},"image":{"@id":"https:\/\/staging.bioswing.ee\/is\/toode\/bioswing-rolling-stand-improve\/#primaryimage"},"thumbnailUrl":"https:\/\/staging.bioswing.ee\/wp-content\/uploads\/2024\/11\/Improve-stand.jpg","datePublished":"2024-11-22T06:47:20+00:00","dateModified":"2025-01-29T08:03:59+00:00","breadcrumb":{"@id":"https:\/\/staging.bioswing.ee\/is\/toode\/bioswing-rolling-stand-improve\/#breadcrumb"},"inLanguage":"is","potentialAction":[{"@type":"ReadAction","target":["https:\/\/staging.bioswing.ee\/is\/toode\/bioswing-rolling-stand-improve\/"]}]},{"@type":"ImageObject","inLanguage":"is","@id":"https:\/\/staging.bioswing.ee\/is\/toode\/bioswing-rolling-stand-improve\/#primaryimage","url":"https:\/\/staging.bioswing.ee\/wp-content\/uploads\/2024\/11\/Improve-stand.jpg","contentUrl":"https:\/\/staging.bioswing.ee\/wp-content\/uploads\/2024\/11\/Improve-stand.jpg","width":1500,"height":2000},{"@type":"BreadcrumbList","@id":"https:\/\/staging.bioswing.ee\/is\/toode\/bioswing-rolling-stand-improve\/#breadcrumb","itemListElement":[{"@type":"ListItem","position":1,"name":"Home","item":"https:\/\/bioswing.ee\/is\/"},{"@type":"ListItem","position":2,"name":"SHOP","item":"https:\/\/bioswing.ee\/shop\/"},{"@type":"ListItem","position":3,"name":"BIOSWING\u00ae Hj\u00f3lastandur"}]},{"@type":"WebSite","@id":"https:\/\/staging.bioswing.ee\/is\/#website","url":"https:\/\/staging.bioswing.ee\/is\/","name":"BIOSWING","description":"Smart solutions for healthy sitting","publisher":{"@id":"https:\/\/staging.bioswing.ee\/is\/#organization"},"potentialAction":[{"@type":"SearchAction","target":{"@type":"EntryPoint","urlTemplate":"https:\/\/staging.bioswing.ee\/is\/?s={search_term_string}"},"query-input":{"@type":"PropertyValueSpecification","valueRequired":true,"valueName":"search_term_string"}}],"inLanguage":"is"},{"@type":"Organization","@id":"https:\/\/staging.bioswing.ee\/is\/#organization","name":"BIOSWING","url":"https:\/\/staging.bioswing.ee\/is\/","logo":{"@type":"ImageObject","inLanguage":"is","@id":"https:\/\/staging.bioswing.ee\/is\/#\/schema\/logo\/image\/","url":"https:\/\/staging.bioswing.ee\/wp-content\/uploads\/2023\/04\/logo_web.png","contentUrl":"https:\/\/staging.bioswing.ee\/wp-content\/uploads\/2023\/04\/logo_web.png","width":140,"height":122,"caption":"BIOSWING"},"image":{"@id":"https:\/\/staging.bioswing.ee\/is\/#\/schema\/logo\/image\/"}}]}},"_links":{"self":[{"href":"https:\/\/staging.bioswing.ee\/is\/wp-json\/wp\/v2\/product\/24818","targetHints":{"allow":["GET"]}}],"collection":[{"href":"https:\/\/staging.bioswing.ee\/is\/wp-json\/wp\/v2\/product"}],"about":[{"href":"https:\/\/staging.bioswing.ee\/is\/wp-json\/wp\/v2\/types\/product"}],"wp:featuredmedia":[{"embeddable":true,"href":"https:\/\/staging.bioswing.ee\/is\/wp-json\/wp\/v2\/media\/24816"}],"wp:attachment":[{"href":"https:\/\/staging.bioswing.ee\/is\/wp-json\/wp\/v2\/media?parent=24818"}],"wp:term":[{"taxonomy":"product_brand","embeddable":true,"href":"https:\/\/staging.bioswing.ee\/is\/wp-json\/wp\/v2\/product_brand?post=24818"},{"taxonomy":"product_cat","embeddable":true,"href":"https:\/\/staging.bioswing.ee\/is\/wp-json\/wp\/v2\/product_cat?post=24818"},{"taxonomy":"product_tag","embeddable":true,"href":"https:\/\/staging.bioswing.ee\/is\/wp-json\/wp\/v2\/product_tag?post=24818"}],"curies":[{"name":"wp","href":"https:\/\/api.w.org\/{rel}","templated":true}]}}