{"id":31684,"date":"2025-09-25T12:44:52","date_gmt":"2025-09-25T12:44:52","guid":{"rendered":"https:\/\/staging.bioswing.ee\/toode\/oneup-easy-with-pelvic-support\/"},"modified":"2025-09-25T13:23:20","modified_gmt":"2025-09-25T13:23:20","slug":"oneup-easy-with-pelvic-support","status":"publish","type":"product","link":"https:\/\/staging.bioswing.ee\/is\/toode\/oneup-easy-with-pelvic-support\/","title":{"rendered":"oneUP EASY me\u00f0 mja\u00f0mastu\u00f0ningi"},"content":{"rendered":"<p><strong>BIOSWING oneUP EASY<\/strong><\/p>\n<ul>\n<li>Erg\u00f3n\u00f3m\u00edsk og b\u00e6klunarfr\u00e6\u00f0ilega \u00e1rangursr\u00edk setu-st\u00f6\u00f0u lausn fyrir skrifstofu, heimaskrifstofu og starfsst\u00f6\u00f0<\/li>\n<li>Inniheldur a\u00f0l\u00f6gunarh\u00e6ft 3D s\u00e6ti me\u00f0f\u00e6ri<\/li>\n<li>Hnakkas\u00e6ti<\/li>\n<li>Einstaklingsstillanleg mja\u00f0mastu\u00f0ningur<\/li>\n<li>Mja\u00f0majafnv\u00e6gismekanismi (me\u00f0 aukagjaldi)<\/li>\n<li>Efnis\u00e1kl\u00e6\u00f0i: Felicity svart<\/li>\n<li>Einnig f\u00e1anlegt me\u00f0 \u00e1kl\u00e6\u00f0i \u00far l\u00e6knisfr\u00e6\u00f0ilegu gervile\u00f0ri<\/li>\n<li>Krossbotn: plast<\/li>\n<li>Hj\u00f3l \u00f8 60 mm<\/li>\n<\/ul>\n<p><iframe title=\"YouTube video player\" src=\"https:\/\/www.youtube.com\/embed\/RdAkGYfQRU0?si=iZjPFPN7BfNfVNQH\" width=\"100%\" height=\"450\" frameborder=\"0\" allowfullscreen=\"allowfullscreen\"><\/iframe><\/p>\n","protected":false},"excerpt":{"rendered":"<h2>\u201eUpp og ni\u00f0ur \u2013 og sn\u00fa\u00f0u \u00fe\u00e9r \u00ed hring\u201c er mott\u00f3i\u00f0 hj\u00e1 oneUp.<\/h2>\n<p>Hefur \u00fe\u00fa \u00feegar pr\u00f3fa\u00f0 fj\u00f6lbreytta m\u00f6guleika h\u00e6\u00f0arstillanlegs skrifbor\u00f0s?<\/p>\n<p>Hver sta\u00f0a \u00e1 milli \u00feess a\u00f0 standa og sitja \u00ed h\u00e6kka\u00f0ri st\u00f6\u00f0u veitir fj\u00f6lbreytta l\u00edkamsst\u00f6\u00f0u. A\u00f0almarkmi\u00f0i\u00f0: <strong>\u00fev\u00ed oftar sem \u00fe\u00fa breytir st\u00f6\u00f0u, \u00fev\u00ed betra fyrir l\u00edkama og huga<\/strong>. Sto\u00f0kerfi\u00f0 okkar er hanna\u00f0 til a\u00f0 hreyfast b\u00e6\u00f0i \u00feegar \u00fe\u00fa stendur og situr. <\/p>\n<h2>BIOSWING oneUP er sannur fj\u00f6lh\u00e6fni.<\/h2>\n<p><strong>\u00dea\u00f0 er snj\u00f6ll lausn fyrir alla sem vilja sameina setu og st\u00f6\u00f0u og veitir fullkominn grunn fyrir fj\u00f6lbreyttar setustellingar og notkun<\/strong>, auk \u00e1kaflega hreyfanlegrar setu \u00fe\u00f6kk s\u00e9 innbygg\u00f0u 3D s\u00e6ti kerfinu.<\/p>\n<p>It does not matter if you are <strong>in an airport lounge, home office, physiotherapy office, or an office building<\/strong>: oneUP will always keep you in shape.<\/p>\n","protected":false},"featured_media":31380,"template":"","meta":[],"product_brand":[],"product_cat":[1088],"product_tag":[],"class_list":{"0":"post-31684","1":"product","2":"type-product","3":"status-publish","4":"has-post-thumbnail","6":"product_cat-skrifstofa-og-heimaskrifstofa","8":"first","9":"instock","10":"sale","11":"taxable","12":"shipping-taxable","13":"purchasable","14":"product-type-variable","15":"has-default-attributes"},"yoast_head":"<!-- This site is optimized with the Yoast SEO plugin v27.1.1 - https:\/\/yoast.com\/product\/yoast-seo-wordpress\/ -->\n<title>oneUP EASY me\u00f0 mja\u00f0mastu\u00f0ningi - BIOSWING<\/title>\n<meta name=\"robots\" content=\"noindex, follow, max-snippet:-1, max-image-preview:large, max-video-preview:-1\" \/>\n<meta property=\"og:locale\" content=\"is_IS\" \/>\n<meta property=\"og:type\" content=\"article\" \/>\n<meta property=\"og:title\" content=\"oneUP EASY me\u00f0 mja\u00f0mastu\u00f0ningi - BIOSWING\" \/>\n<meta property=\"og:description\" content=\"\u201eUpp og ni\u00f0ur \u2013 og sn\u00fa\u00f0u \u00fe\u00e9r \u00ed hring\u201c er mott\u00f3i\u00f0 hj\u00e1 oneUp. Hefur \u00fe\u00fa \u00feegar pr\u00f3fa\u00f0 fj\u00f6lbreytta m\u00f6guleika h\u00e6\u00f0arstillanlegs skrifbor\u00f0s? Hver sta\u00f0a \u00e1 milli \u00feess a\u00f0 standa og sitja \u00ed h\u00e6kka\u00f0ri st\u00f6\u00f0u veitir fj\u00f6lbreytta l\u00edkamsst\u00f6\u00f0u. A\u00f0almarkmi\u00f0i\u00f0: \u00fev\u00ed oftar sem \u00fe\u00fa breytir st\u00f6\u00f0u, \u00fev\u00ed betra fyrir l\u00edkama og huga. Sto\u00f0kerfi\u00f0 okkar er hanna\u00f0 til a\u00f0 hreyfast b\u00e6\u00f0i \u00feegar \u00fe\u00fa stendur og situr. BIOSWING oneUP er sannur fj\u00f6lh\u00e6fni. \u00dea\u00f0 er snj\u00f6ll lausn fyrir alla sem vilja sameina setu og st\u00f6\u00f0u og veitir fullkominn grunn fyrir fj\u00f6lbreyttar setustellingar og notkun, auk \u00e1kaflega hreyfanlegrar setu \u00fe\u00f6kk s\u00e9 innbygg\u00f0u 3D s\u00e6ti kerfinu. It does not matter if you are in an airport lounge, home office, physiotherapy office, or an office building: oneUP will always keep you in shape.\" \/>\n<meta property=\"og:url\" content=\"https:\/\/staging.bioswing.ee\/is\/toode\/oneup-easy-with-pelvic-support\/\" \/>\n<meta property=\"og:site_name\" content=\"BIOSWING\" \/>\n<meta property=\"article:modified_time\" content=\"2025-09-25T13:23:20+00:00\" \/>\n<meta property=\"og:image\" content=\"https:\/\/bioswing.ee\/wp-content\/uploads\/2025\/09\/oneUp_EASY_BS05-min.jpg\" \/>\n\t<meta property=\"og:image:width\" content=\"1874\" \/>\n\t<meta property=\"og:image:height\" content=\"2500\" \/>\n\t<meta property=\"og:image:type\" content=\"image\/jpeg\" \/>\n<meta name=\"twitter:card\" content=\"summary_large_image\" \/>\n<script type=\"application\/ld+json\" class=\"yoast-schema-graph\">{\"@context\":\"https:\/\/schema.org\",\"@graph\":[{\"@type\":\"WebPage\",\"@id\":\"https:\/\/staging.bioswing.ee\/is\/toode\/oneup-easy-with-pelvic-support\/\",\"url\":\"https:\/\/staging.bioswing.ee\/is\/toode\/oneup-easy-with-pelvic-support\/\",\"name\":\"oneUP EASY me\u00f0 mja\u00f0mastu\u00f0ningi - BIOSWING\",\"isPartOf\":{\"@id\":\"https:\/\/staging.bioswing.ee\/is\/#website\"},\"primaryImageOfPage\":{\"@id\":\"https:\/\/staging.bioswing.ee\/is\/toode\/oneup-easy-with-pelvic-support\/#primaryimage\"},\"image\":{\"@id\":\"https:\/\/staging.bioswing.ee\/is\/toode\/oneup-easy-with-pelvic-support\/#primaryimage\"},\"thumbnailUrl\":\"https:\/\/staging.bioswing.ee\/wp-content\/uploads\/2025\/09\/oneUp_EASY_BS05-min.jpg\",\"datePublished\":\"2025-09-25T12:44:52+00:00\",\"dateModified\":\"2025-09-25T13:23:20+00:00\",\"breadcrumb\":{\"@id\":\"https:\/\/staging.bioswing.ee\/is\/toode\/oneup-easy-with-pelvic-support\/#breadcrumb\"},\"inLanguage\":\"is\",\"potentialAction\":[{\"@type\":\"ReadAction\",\"target\":[\"https:\/\/staging.bioswing.ee\/is\/toode\/oneup-easy-with-pelvic-support\/\"]}]},{\"@type\":\"ImageObject\",\"inLanguage\":\"is\",\"@id\":\"https:\/\/staging.bioswing.ee\/is\/toode\/oneup-easy-with-pelvic-support\/#primaryimage\",\"url\":\"https:\/\/staging.bioswing.ee\/wp-content\/uploads\/2025\/09\/oneUp_EASY_BS05-min.jpg\",\"contentUrl\":\"https:\/\/staging.bioswing.ee\/wp-content\/uploads\/2025\/09\/oneUp_EASY_BS05-min.jpg\",\"width\":1874,\"height\":2500,\"caption\":\"oneUP EASY with pelvic support\"},{\"@type\":\"BreadcrumbList\",\"@id\":\"https:\/\/staging.bioswing.ee\/is\/toode\/oneup-easy-with-pelvic-support\/#breadcrumb\",\"itemListElement\":[{\"@type\":\"ListItem\",\"position\":1,\"name\":\"Home\",\"item\":\"https:\/\/bioswing.ee\/is\/\"},{\"@type\":\"ListItem\",\"position\":2,\"name\":\"SHOP\",\"item\":\"https:\/\/bioswing.ee\/shop\/\"},{\"@type\":\"ListItem\",\"position\":3,\"name\":\"oneUP EASY me\u00f0 mja\u00f0mastu\u00f0ningi\"}]},{\"@type\":\"WebSite\",\"@id\":\"https:\/\/staging.bioswing.ee\/is\/#website\",\"url\":\"https:\/\/staging.bioswing.ee\/is\/\",\"name\":\"BIOSWING\",\"description\":\"Smart solutions for healthy sitting\",\"publisher\":{\"@id\":\"https:\/\/staging.bioswing.ee\/is\/#organization\"},\"potentialAction\":[{\"@type\":\"SearchAction\",\"target\":{\"@type\":\"EntryPoint\",\"urlTemplate\":\"https:\/\/staging.bioswing.ee\/is\/?s={search_term_string}\"},\"query-input\":{\"@type\":\"PropertyValueSpecification\",\"valueRequired\":true,\"valueName\":\"search_term_string\"}}],\"inLanguage\":\"is\"},{\"@type\":\"Organization\",\"@id\":\"https:\/\/staging.bioswing.ee\/is\/#organization\",\"name\":\"BIOSWING\",\"url\":\"https:\/\/staging.bioswing.ee\/is\/\",\"logo\":{\"@type\":\"ImageObject\",\"inLanguage\":\"is\",\"@id\":\"https:\/\/staging.bioswing.ee\/is\/#\/schema\/logo\/image\/\",\"url\":\"https:\/\/staging.bioswing.ee\/wp-content\/uploads\/2023\/04\/logo_web.png\",\"contentUrl\":\"https:\/\/staging.bioswing.ee\/wp-content\/uploads\/2023\/04\/logo_web.png\",\"width\":140,\"height\":122,\"caption\":\"BIOSWING\"},\"image\":{\"@id\":\"https:\/\/staging.bioswing.ee\/is\/#\/schema\/logo\/image\/\"}}]}<\/script>\n<!-- \/ Yoast SEO plugin. -->","yoast_head_json":{"title":"oneUP EASY me\u00f0 mja\u00f0mastu\u00f0ningi - BIOSWING","robots":{"index":"noindex","follow":"follow","max-snippet":"max-snippet:-1","max-image-preview":"max-image-preview:large","max-video-preview":"max-video-preview:-1"},"og_locale":"is_IS","og_type":"article","og_title":"oneUP EASY me\u00f0 mja\u00f0mastu\u00f0ningi - BIOSWING","og_description":"\u201eUpp og ni\u00f0ur \u2013 og sn\u00fa\u00f0u \u00fe\u00e9r \u00ed hring\u201c er mott\u00f3i\u00f0 hj\u00e1 oneUp. Hefur \u00fe\u00fa \u00feegar pr\u00f3fa\u00f0 fj\u00f6lbreytta m\u00f6guleika h\u00e6\u00f0arstillanlegs skrifbor\u00f0s? Hver sta\u00f0a \u00e1 milli \u00feess a\u00f0 standa og sitja \u00ed h\u00e6kka\u00f0ri st\u00f6\u00f0u veitir fj\u00f6lbreytta l\u00edkamsst\u00f6\u00f0u. A\u00f0almarkmi\u00f0i\u00f0: \u00fev\u00ed oftar sem \u00fe\u00fa breytir st\u00f6\u00f0u, \u00fev\u00ed betra fyrir l\u00edkama og huga. Sto\u00f0kerfi\u00f0 okkar er hanna\u00f0 til a\u00f0 hreyfast b\u00e6\u00f0i \u00feegar \u00fe\u00fa stendur og situr. BIOSWING oneUP er sannur fj\u00f6lh\u00e6fni. \u00dea\u00f0 er snj\u00f6ll lausn fyrir alla sem vilja sameina setu og st\u00f6\u00f0u og veitir fullkominn grunn fyrir fj\u00f6lbreyttar setustellingar og notkun, auk \u00e1kaflega hreyfanlegrar setu \u00fe\u00f6kk s\u00e9 innbygg\u00f0u 3D s\u00e6ti kerfinu. It does not matter if you are in an airport lounge, home office, physiotherapy office, or an office building: oneUP will always keep you in shape.","og_url":"https:\/\/staging.bioswing.ee\/is\/toode\/oneup-easy-with-pelvic-support\/","og_site_name":"BIOSWING","article_modified_time":"2025-09-25T13:23:20+00:00","og_image":[{"width":1874,"height":2500,"url":"https:\/\/bioswing.ee\/wp-content\/uploads\/2025\/09\/oneUp_EASY_BS05-min.jpg","type":"image\/jpeg"}],"twitter_card":"summary_large_image","schema":{"@context":"https:\/\/schema.org","@graph":[{"@type":"WebPage","@id":"https:\/\/staging.bioswing.ee\/is\/toode\/oneup-easy-with-pelvic-support\/","url":"https:\/\/staging.bioswing.ee\/is\/toode\/oneup-easy-with-pelvic-support\/","name":"oneUP EASY me\u00f0 mja\u00f0mastu\u00f0ningi - BIOSWING","isPartOf":{"@id":"https:\/\/staging.bioswing.ee\/is\/#website"},"primaryImageOfPage":{"@id":"https:\/\/staging.bioswing.ee\/is\/toode\/oneup-easy-with-pelvic-support\/#primaryimage"},"image":{"@id":"https:\/\/staging.bioswing.ee\/is\/toode\/oneup-easy-with-pelvic-support\/#primaryimage"},"thumbnailUrl":"https:\/\/staging.bioswing.ee\/wp-content\/uploads\/2025\/09\/oneUp_EASY_BS05-min.jpg","datePublished":"2025-09-25T12:44:52+00:00","dateModified":"2025-09-25T13:23:20+00:00","breadcrumb":{"@id":"https:\/\/staging.bioswing.ee\/is\/toode\/oneup-easy-with-pelvic-support\/#breadcrumb"},"inLanguage":"is","potentialAction":[{"@type":"ReadAction","target":["https:\/\/staging.bioswing.ee\/is\/toode\/oneup-easy-with-pelvic-support\/"]}]},{"@type":"ImageObject","inLanguage":"is","@id":"https:\/\/staging.bioswing.ee\/is\/toode\/oneup-easy-with-pelvic-support\/#primaryimage","url":"https:\/\/staging.bioswing.ee\/wp-content\/uploads\/2025\/09\/oneUp_EASY_BS05-min.jpg","contentUrl":"https:\/\/staging.bioswing.ee\/wp-content\/uploads\/2025\/09\/oneUp_EASY_BS05-min.jpg","width":1874,"height":2500,"caption":"oneUP EASY with pelvic support"},{"@type":"BreadcrumbList","@id":"https:\/\/staging.bioswing.ee\/is\/toode\/oneup-easy-with-pelvic-support\/#breadcrumb","itemListElement":[{"@type":"ListItem","position":1,"name":"Home","item":"https:\/\/bioswing.ee\/is\/"},{"@type":"ListItem","position":2,"name":"SHOP","item":"https:\/\/bioswing.ee\/shop\/"},{"@type":"ListItem","position":3,"name":"oneUP EASY me\u00f0 mja\u00f0mastu\u00f0ningi"}]},{"@type":"WebSite","@id":"https:\/\/staging.bioswing.ee\/is\/#website","url":"https:\/\/staging.bioswing.ee\/is\/","name":"BIOSWING","description":"Smart solutions for healthy sitting","publisher":{"@id":"https:\/\/staging.bioswing.ee\/is\/#organization"},"potentialAction":[{"@type":"SearchAction","target":{"@type":"EntryPoint","urlTemplate":"https:\/\/staging.bioswing.ee\/is\/?s={search_term_string}"},"query-input":{"@type":"PropertyValueSpecification","valueRequired":true,"valueName":"search_term_string"}}],"inLanguage":"is"},{"@type":"Organization","@id":"https:\/\/staging.bioswing.ee\/is\/#organization","name":"BIOSWING","url":"https:\/\/staging.bioswing.ee\/is\/","logo":{"@type":"ImageObject","inLanguage":"is","@id":"https:\/\/staging.bioswing.ee\/is\/#\/schema\/logo\/image\/","url":"https:\/\/staging.bioswing.ee\/wp-content\/uploads\/2023\/04\/logo_web.png","contentUrl":"https:\/\/staging.bioswing.ee\/wp-content\/uploads\/2023\/04\/logo_web.png","width":140,"height":122,"caption":"BIOSWING"},"image":{"@id":"https:\/\/staging.bioswing.ee\/is\/#\/schema\/logo\/image\/"}}]}},"_links":{"self":[{"href":"https:\/\/staging.bioswing.ee\/is\/wp-json\/wp\/v2\/product\/31684","targetHints":{"allow":["GET"]}}],"collection":[{"href":"https:\/\/staging.bioswing.ee\/is\/wp-json\/wp\/v2\/product"}],"about":[{"href":"https:\/\/staging.bioswing.ee\/is\/wp-json\/wp\/v2\/types\/product"}],"wp:featuredmedia":[{"embeddable":true,"href":"https:\/\/staging.bioswing.ee\/is\/wp-json\/wp\/v2\/media\/31380"}],"wp:attachment":[{"href":"https:\/\/staging.bioswing.ee\/is\/wp-json\/wp\/v2\/media?parent=31684"}],"wp:term":[{"taxonomy":"product_brand","embeddable":true,"href":"https:\/\/staging.bioswing.ee\/is\/wp-json\/wp\/v2\/product_brand?post=31684"},{"taxonomy":"product_cat","embeddable":true,"href":"https:\/\/staging.bioswing.ee\/is\/wp-json\/wp\/v2\/product_cat?post=31684"},{"taxonomy":"product_tag","embeddable":true,"href":"https:\/\/staging.bioswing.ee\/is\/wp-json\/wp\/v2\/product_tag?post=31684"}],"curies":[{"name":"wp","href":"https:\/\/api.w.org\/{rel}","templated":true}]}}