{"id":12285,"date":"2023-11-16T11:47:03","date_gmt":"2023-11-16T11:47:03","guid":{"rendered":"https:\/\/staging.bioswing.ee\/toode\/bioswing-loop\/"},"modified":"2023-11-24T10:22:33","modified_gmt":"2023-11-24T10:22:33","slug":"bioswing-loop","status":"publish","type":"product","link":"https:\/\/staging.bioswing.ee\/lt\/toode\/bioswing-loop\/","title":{"rendered":"BIOSWING LOOP"},"content":{"rendered":"<p><strong>BIOSWING LOOP<\/strong><\/p>\n<ul>\n<li>Ergonomi\u0161kas ir ortopediniu po\u017ei\u016briu veiksmingas universalus prietaisas biurui ir nam\u0173 biurui<\/li>\n<li>Integruota, prisitaikanti 3D s\u0117dyn\u0117<\/li>\n<li>Automatinis dubens balansavimas<\/li>\n<li>Audinio u\u017evalkalas: \u201eXtreme-FR\u201c juodo (YS009) arba \u0161viesiai pilkos (YS094) spalvos<\/li>\n<li>Poliruoto aliuminio porankiai (fiksuoto auk\u0161\u010dio)<\/li>\n<li>Pagrindas: poliruotas aliuminis<\/li>\n<li>Ratukai \u00f8 6 cm<\/li>\n<\/ul>\n<div style=\"width: 1200px;\" class=\"wp-video\"><video class=\"wp-video-shortcode\" id=\"video-12285-1\" width=\"1200\" height=\"675\" loop autoplay preload=\"metadata\" controls=\"controls\"><source type=\"video\/mp4\" src=\"https:\/\/staging.bioswing.ee\/wp-content\/uploads\/2023\/11\/website-loop_klein.mp4?_=1\" \/><a href=\"https:\/\/staging.bioswing.ee\/wp-content\/uploads\/2023\/11\/website-loop_klein.mp4\">https:\/\/staging.bioswing.ee\/wp-content\/uploads\/2023\/11\/website-loop_klein.mp4<\/a><\/video><\/div>\n<p><iframe title=\"YouTube video player\" src=\"https:\/\/www.youtube.com\/embed\/RcO6lKibSxw?si=5Qcu97jkGHF27NOu\" width=\"100%\" height=\"450\" frameborder=\"0\" allowfullscreen=\"allowfullscreen\"><\/iframe><\/p>\n","protected":false},"excerpt":{"rendered":"<h2>LOOP &#8211; i\u0161manus sprendimas, derinantis stili\u0173 ir ergonomik\u0105.<\/h2>\n<p>Tyrimais buvo \u012frodyta, kad \u017emoni\u0173 fizinis ir protinis darbingumas yra glaud\u017eiai susij\u0119 su j\u0173 mank\u0161tos \u012fpro\u010diais. Trumpai tariant: kuo daugiau judame, tuo esame efektyvesni ir k\u016brybi\u0161kesni.<\/p>\n<h3>Malonios ir harmoningos \u201eBIOSWING LOOP\u201c vibracijos, jau\u010diamos kaip lengvi virpesiai, veikia kaip stiprinamoji doz\u0117 ir \u012fkvepia k\u016bn\u0105 bei mintis.<\/h3>\n<p>D\u0117l \u012f k\u0117d\u0119 <strong>integruotos adaptyvios<\/strong> <strong>3D s\u0117d\u0117jimo sistemos<\/strong> atspindimi visi judesiai \u2013 net ir patys ma\u017eiausi, kaip \u0161irdies plakimas ir kv\u0117pavimas &#8211; ir kaip nuolatiniai <strong>jud\u0117jimo stimulai<\/strong> i\u0161 karto gr\u0105\u017einami <strong>\u012f smegenis<\/strong>.<\/p>\n<p>Smegenyse per skirtingos hierarchijos duomen\u0173 kelius jie yra nukreipiami \u012f <strong>k\u016bno jud\u0117jimo impuls\u0173 tinkl\u0105<\/strong>. Naudojant unikali\u0105 \u201eBIOSWING\u201c technologij\u0105, \u0161ie tinklai automati\u0161kai suaktyvinami, kai atsis\u0117date ir taip gali dar labiau padidinti j\u016bs\u0173 na\u0161um\u0105 ir k\u016brybi\u0161kum\u0105.<\/p>\n","protected":false},"featured_media":12174,"template":"","meta":[],"product_brand":[],"product_cat":[122,110],"product_tag":[],"class_list":{"0":"post-12285","1":"product","2":"type-product","3":"status-publish","4":"has-post-thumbnail","6":"product_cat-biurui-ir-namams","7":"product_cat-susirinkimams","9":"first","10":"instock","11":"taxable","12":"shipping-taxable","13":"purchasable","14":"product-type-variable"},"yoast_head":"<!-- This site is optimized with the Yoast SEO plugin v27.1.1 - https:\/\/yoast.com\/product\/yoast-seo-wordpress\/ -->\n<title>BIOSWING LOOP - BIOSWING<\/title>\n<meta name=\"robots\" content=\"noindex, follow, max-snippet:-1, max-image-preview:large, max-video-preview:-1\" \/>\n<meta property=\"og:locale\" content=\"lt_LT\" \/>\n<meta property=\"og:type\" content=\"article\" \/>\n<meta property=\"og:title\" content=\"BIOSWING LOOP - BIOSWING\" \/>\n<meta property=\"og:description\" content=\"LOOP - i\u0161manus sprendimas, derinantis stili\u0173 ir ergonomik\u0105. Tyrimais buvo \u012frodyta, kad \u017emoni\u0173 fizinis ir protinis darbingumas yra glaud\u017eiai susij\u0119 su j\u0173 mank\u0161tos \u012fpro\u010diais. Trumpai tariant: kuo daugiau judame, tuo esame efektyvesni ir k\u016brybi\u0161kesni. Malonios ir harmoningos \u201eBIOSWING LOOP\u201c vibracijos, jau\u010diamos kaip lengvi virpesiai, veikia kaip stiprinamoji doz\u0117 ir \u012fkvepia k\u016bn\u0105 bei mintis. D\u0117l \u012f k\u0117d\u0119 integruotos adaptyvios 3D s\u0117d\u0117jimo sistemos atspindimi visi judesiai \u2013 net ir patys ma\u017eiausi, kaip \u0161irdies plakimas ir kv\u0117pavimas - ir kaip nuolatiniai jud\u0117jimo stimulai i\u0161 karto gr\u0105\u017einami \u012f smegenis. Smegenyse per skirtingos hierarchijos duomen\u0173 kelius jie yra nukreipiami \u012f k\u016bno jud\u0117jimo impuls\u0173 tinkl\u0105. Naudojant unikali\u0105 \u201eBIOSWING\u201c technologij\u0105, \u0161ie tinklai automati\u0161kai suaktyvinami, kai atsis\u0117date ir taip gali dar labiau padidinti j\u016bs\u0173 na\u0161um\u0105 ir k\u016brybi\u0161kum\u0105.\" \/>\n<meta property=\"og:url\" content=\"https:\/\/staging.bioswing.ee\/lt\/toode\/bioswing-loop\/\" \/>\n<meta property=\"og:site_name\" content=\"BIOSWING\" \/>\n<meta property=\"article:modified_time\" content=\"2023-11-24T10:22:33+00:00\" \/>\n<meta property=\"og:image\" content=\"https:\/\/bioswing.ee\/wp-content\/uploads\/2023\/11\/Loop_Produkt_Rollen_02-1.jpg\" \/>\n\t<meta property=\"og:image:width\" content=\"1874\" \/>\n\t<meta property=\"og:image:height\" content=\"2500\" \/>\n\t<meta property=\"og:image:type\" content=\"image\/jpeg\" \/>\n<meta name=\"twitter:card\" content=\"summary_large_image\" \/>\n<script type=\"application\/ld+json\" class=\"yoast-schema-graph\">{\"@context\":\"https:\/\/schema.org\",\"@graph\":[{\"@type\":\"WebPage\",\"@id\":\"https:\/\/staging.bioswing.ee\/lt\/toode\/bioswing-loop\/\",\"url\":\"https:\/\/staging.bioswing.ee\/lt\/toode\/bioswing-loop\/\",\"name\":\"BIOSWING LOOP - BIOSWING\",\"isPartOf\":{\"@id\":\"https:\/\/staging.bioswing.ee\/lt\/#website\"},\"primaryImageOfPage\":{\"@id\":\"https:\/\/staging.bioswing.ee\/lt\/toode\/bioswing-loop\/#primaryimage\"},\"image\":{\"@id\":\"https:\/\/staging.bioswing.ee\/lt\/toode\/bioswing-loop\/#primaryimage\"},\"thumbnailUrl\":\"https:\/\/staging.bioswing.ee\/wp-content\/uploads\/2023\/11\/Loop_Produkt_Rollen_02-1.jpg\",\"datePublished\":\"2023-11-16T11:47:03+00:00\",\"dateModified\":\"2023-11-24T10:22:33+00:00\",\"breadcrumb\":{\"@id\":\"https:\/\/staging.bioswing.ee\/lt\/toode\/bioswing-loop\/#breadcrumb\"},\"inLanguage\":\"lt-LT\",\"potentialAction\":[{\"@type\":\"ReadAction\",\"target\":[\"https:\/\/staging.bioswing.ee\/lt\/toode\/bioswing-loop\/\"]}]},{\"@type\":\"ImageObject\",\"inLanguage\":\"lt-LT\",\"@id\":\"https:\/\/staging.bioswing.ee\/lt\/toode\/bioswing-loop\/#primaryimage\",\"url\":\"https:\/\/staging.bioswing.ee\/wp-content\/uploads\/2023\/11\/Loop_Produkt_Rollen_02-1.jpg\",\"contentUrl\":\"https:\/\/staging.bioswing.ee\/wp-content\/uploads\/2023\/11\/Loop_Produkt_Rollen_02-1.jpg\",\"width\":1874,\"height\":2500},{\"@type\":\"BreadcrumbList\",\"@id\":\"https:\/\/staging.bioswing.ee\/lt\/toode\/bioswing-loop\/#breadcrumb\",\"itemListElement\":[{\"@type\":\"ListItem\",\"position\":1,\"name\":\"Home\",\"item\":\"https:\/\/bioswing.ee\/lt\/\"},{\"@type\":\"ListItem\",\"position\":2,\"name\":\"Shop\",\"item\":\"https:\/\/bioswing.ee\/lt\/shop-2\/\"},{\"@type\":\"ListItem\",\"position\":3,\"name\":\"BIOSWING LOOP\"}]},{\"@type\":\"WebSite\",\"@id\":\"https:\/\/staging.bioswing.ee\/lt\/#website\",\"url\":\"https:\/\/staging.bioswing.ee\/lt\/\",\"name\":\"BIOSWING\",\"description\":\"Smart solutions for healthy sitting\",\"publisher\":{\"@id\":\"https:\/\/staging.bioswing.ee\/lt\/#organization\"},\"potentialAction\":[{\"@type\":\"SearchAction\",\"target\":{\"@type\":\"EntryPoint\",\"urlTemplate\":\"https:\/\/staging.bioswing.ee\/lt\/?s={search_term_string}\"},\"query-input\":{\"@type\":\"PropertyValueSpecification\",\"valueRequired\":true,\"valueName\":\"search_term_string\"}}],\"inLanguage\":\"lt-LT\"},{\"@type\":\"Organization\",\"@id\":\"https:\/\/staging.bioswing.ee\/lt\/#organization\",\"name\":\"BIOSWING\",\"url\":\"https:\/\/staging.bioswing.ee\/lt\/\",\"logo\":{\"@type\":\"ImageObject\",\"inLanguage\":\"lt-LT\",\"@id\":\"https:\/\/staging.bioswing.ee\/lt\/#\/schema\/logo\/image\/\",\"url\":\"https:\/\/staging.bioswing.ee\/wp-content\/uploads\/2023\/04\/logo_web.png\",\"contentUrl\":\"https:\/\/staging.bioswing.ee\/wp-content\/uploads\/2023\/04\/logo_web.png\",\"width\":140,\"height\":122,\"caption\":\"BIOSWING\"},\"image\":{\"@id\":\"https:\/\/staging.bioswing.ee\/lt\/#\/schema\/logo\/image\/\"}}]}<\/script>\n<!-- \/ Yoast SEO plugin. -->","yoast_head_json":{"title":"BIOSWING LOOP - BIOSWING","robots":{"index":"noindex","follow":"follow","max-snippet":"max-snippet:-1","max-image-preview":"max-image-preview:large","max-video-preview":"max-video-preview:-1"},"og_locale":"lt_LT","og_type":"article","og_title":"BIOSWING LOOP - BIOSWING","og_description":"LOOP - i\u0161manus sprendimas, derinantis stili\u0173 ir ergonomik\u0105. Tyrimais buvo \u012frodyta, kad \u017emoni\u0173 fizinis ir protinis darbingumas yra glaud\u017eiai susij\u0119 su j\u0173 mank\u0161tos \u012fpro\u010diais. Trumpai tariant: kuo daugiau judame, tuo esame efektyvesni ir k\u016brybi\u0161kesni. Malonios ir harmoningos \u201eBIOSWING LOOP\u201c vibracijos, jau\u010diamos kaip lengvi virpesiai, veikia kaip stiprinamoji doz\u0117 ir \u012fkvepia k\u016bn\u0105 bei mintis. D\u0117l \u012f k\u0117d\u0119 integruotos adaptyvios 3D s\u0117d\u0117jimo sistemos atspindimi visi judesiai \u2013 net ir patys ma\u017eiausi, kaip \u0161irdies plakimas ir kv\u0117pavimas - ir kaip nuolatiniai jud\u0117jimo stimulai i\u0161 karto gr\u0105\u017einami \u012f smegenis. Smegenyse per skirtingos hierarchijos duomen\u0173 kelius jie yra nukreipiami \u012f k\u016bno jud\u0117jimo impuls\u0173 tinkl\u0105. Naudojant unikali\u0105 \u201eBIOSWING\u201c technologij\u0105, \u0161ie tinklai automati\u0161kai suaktyvinami, kai atsis\u0117date ir taip gali dar labiau padidinti j\u016bs\u0173 na\u0161um\u0105 ir k\u016brybi\u0161kum\u0105.","og_url":"https:\/\/staging.bioswing.ee\/lt\/toode\/bioswing-loop\/","og_site_name":"BIOSWING","article_modified_time":"2023-11-24T10:22:33+00:00","og_image":[{"width":1874,"height":2500,"url":"https:\/\/bioswing.ee\/wp-content\/uploads\/2023\/11\/Loop_Produkt_Rollen_02-1.jpg","type":"image\/jpeg"}],"twitter_card":"summary_large_image","schema":{"@context":"https:\/\/schema.org","@graph":[{"@type":"WebPage","@id":"https:\/\/staging.bioswing.ee\/lt\/toode\/bioswing-loop\/","url":"https:\/\/staging.bioswing.ee\/lt\/toode\/bioswing-loop\/","name":"BIOSWING LOOP - BIOSWING","isPartOf":{"@id":"https:\/\/staging.bioswing.ee\/lt\/#website"},"primaryImageOfPage":{"@id":"https:\/\/staging.bioswing.ee\/lt\/toode\/bioswing-loop\/#primaryimage"},"image":{"@id":"https:\/\/staging.bioswing.ee\/lt\/toode\/bioswing-loop\/#primaryimage"},"thumbnailUrl":"https:\/\/staging.bioswing.ee\/wp-content\/uploads\/2023\/11\/Loop_Produkt_Rollen_02-1.jpg","datePublished":"2023-11-16T11:47:03+00:00","dateModified":"2023-11-24T10:22:33+00:00","breadcrumb":{"@id":"https:\/\/staging.bioswing.ee\/lt\/toode\/bioswing-loop\/#breadcrumb"},"inLanguage":"lt-LT","potentialAction":[{"@type":"ReadAction","target":["https:\/\/staging.bioswing.ee\/lt\/toode\/bioswing-loop\/"]}]},{"@type":"ImageObject","inLanguage":"lt-LT","@id":"https:\/\/staging.bioswing.ee\/lt\/toode\/bioswing-loop\/#primaryimage","url":"https:\/\/staging.bioswing.ee\/wp-content\/uploads\/2023\/11\/Loop_Produkt_Rollen_02-1.jpg","contentUrl":"https:\/\/staging.bioswing.ee\/wp-content\/uploads\/2023\/11\/Loop_Produkt_Rollen_02-1.jpg","width":1874,"height":2500},{"@type":"BreadcrumbList","@id":"https:\/\/staging.bioswing.ee\/lt\/toode\/bioswing-loop\/#breadcrumb","itemListElement":[{"@type":"ListItem","position":1,"name":"Home","item":"https:\/\/bioswing.ee\/lt\/"},{"@type":"ListItem","position":2,"name":"Shop","item":"https:\/\/bioswing.ee\/lt\/shop-2\/"},{"@type":"ListItem","position":3,"name":"BIOSWING LOOP"}]},{"@type":"WebSite","@id":"https:\/\/staging.bioswing.ee\/lt\/#website","url":"https:\/\/staging.bioswing.ee\/lt\/","name":"BIOSWING","description":"Smart solutions for healthy sitting","publisher":{"@id":"https:\/\/staging.bioswing.ee\/lt\/#organization"},"potentialAction":[{"@type":"SearchAction","target":{"@type":"EntryPoint","urlTemplate":"https:\/\/staging.bioswing.ee\/lt\/?s={search_term_string}"},"query-input":{"@type":"PropertyValueSpecification","valueRequired":true,"valueName":"search_term_string"}}],"inLanguage":"lt-LT"},{"@type":"Organization","@id":"https:\/\/staging.bioswing.ee\/lt\/#organization","name":"BIOSWING","url":"https:\/\/staging.bioswing.ee\/lt\/","logo":{"@type":"ImageObject","inLanguage":"lt-LT","@id":"https:\/\/staging.bioswing.ee\/lt\/#\/schema\/logo\/image\/","url":"https:\/\/staging.bioswing.ee\/wp-content\/uploads\/2023\/04\/logo_web.png","contentUrl":"https:\/\/staging.bioswing.ee\/wp-content\/uploads\/2023\/04\/logo_web.png","width":140,"height":122,"caption":"BIOSWING"},"image":{"@id":"https:\/\/staging.bioswing.ee\/lt\/#\/schema\/logo\/image\/"}}]}},"_links":{"self":[{"href":"https:\/\/staging.bioswing.ee\/lt\/wp-json\/wp\/v2\/product\/12285","targetHints":{"allow":["GET"]}}],"collection":[{"href":"https:\/\/staging.bioswing.ee\/lt\/wp-json\/wp\/v2\/product"}],"about":[{"href":"https:\/\/staging.bioswing.ee\/lt\/wp-json\/wp\/v2\/types\/product"}],"wp:featuredmedia":[{"embeddable":true,"href":"https:\/\/staging.bioswing.ee\/lt\/wp-json\/wp\/v2\/media\/12174"}],"wp:attachment":[{"href":"https:\/\/staging.bioswing.ee\/lt\/wp-json\/wp\/v2\/media?parent=12285"}],"wp:term":[{"taxonomy":"product_brand","embeddable":true,"href":"https:\/\/staging.bioswing.ee\/lt\/wp-json\/wp\/v2\/product_brand?post=12285"},{"taxonomy":"product_cat","embeddable":true,"href":"https:\/\/staging.bioswing.ee\/lt\/wp-json\/wp\/v2\/product_cat?post=12285"},{"taxonomy":"product_tag","embeddable":true,"href":"https:\/\/staging.bioswing.ee\/lt\/wp-json\/wp\/v2\/product_tag?post=12285"}],"curies":[{"name":"wp","href":"https:\/\/api.w.org\/{rel}","templated":true}]}}