{"id":12780,"date":"2023-11-17T10:36:50","date_gmt":"2023-11-17T10:36:50","guid":{"rendered":"https:\/\/staging.bioswing.ee\/toode\/oneup-eco\/"},"modified":"2024-12-05T11:41:09","modified_gmt":"2024-12-05T11:41:09","slug":"oneup-eco","status":"publish","type":"product","link":"https:\/\/staging.bioswing.ee\/lt\/toode\/oneup-eco\/","title":{"rendered":"BIOSWING oneUP ECO"},"content":{"rendered":"<p><strong>BIOSWING oneUP<\/strong><\/p>\n<ul>\n<li>Ergonomi\u0161kas ir ortopediniu po\u017ei\u016briu veiksmingas sprendimas biurams, nam\u0173 biurams ir sveikatingumo kabinetams<\/li>\n<li>Integruota, prisitaikanti 3D s\u0117dyn\u0117<\/li>\n<li>Balno tipo s\u0117dyn\u0117<\/li>\n<li>Svyruojantis ir sinchronizuotas ergonomi\u0161kas atlo\u0161as su pasukamais porankiais<\/li>\n<li>Individualiai reguliuojama atrama kaklui<\/li>\n<li>Dubens pusiausvyros mechanizmas (u\u017e papildom\u0105 mokest\u012f) fiziologiniam dubens pad\u0117ties nustatymui<\/li>\n<li>Med\u017eiaginis audinys: juodas \u201eFelicity\u201c<\/li>\n<li>Pagrindas: plastikas<\/li>\n<li>Ratukai \u00f8 60 mm<\/li>\n<li>Atlo\u0161o auk\u0161tis: 50 cm<\/li>\n<\/ul>\n<div style=\"width: 1200px;\" class=\"wp-video\"><video class=\"wp-video-shortcode\" id=\"video-12780-1\" width=\"1200\" height=\"675\" loop autoplay preload=\"metadata\" controls=\"controls\"><source type=\"video\/mp4\" src=\"https:\/\/staging.bioswing.ee\/wp-content\/uploads\/2023\/11\/oneUP_V2-1.mp4?_=1\" \/><a href=\"https:\/\/staging.bioswing.ee\/wp-content\/uploads\/2023\/11\/oneUP_V2-1.mp4\">https:\/\/staging.bioswing.ee\/wp-content\/uploads\/2023\/11\/oneUP_V2-1.mp4<\/a><\/video><\/div>\n<p><iframe title=\"YouTube video player\" src=\"https:\/\/www.youtube.com\/embed\/RcO6lKibSxw?si=5Qcu97jkGHF27NOu\" width=\"100%\" height=\"450\" frameborder=\"0\" allowfullscreen=\"allowfullscreen\"><\/iframe><\/p>\n","protected":false},"excerpt":{"rendered":"<h2>\u201eUp and down \u2013 and turn around\u201c Toks yra \u201eoneUP\u201c \u0161\u016bkis.<\/h2>\n<p>Ar jau i\u0161naudojate \u012fvairias reguliuojamo auk\u0161\u010dio stalo galimybes?<br \/>\nKiekviena pad\u0117tis tarp stov\u0117jimo ir paauk\u0161tinto s\u0117d\u0117jimo suteikia galimyb\u0119 s\u0117d\u0117ti \u012fvairiomis skirtingomis k\u016bno pozomis.<br \/>\nTikslas: <strong>kuo da\u017eniau keisite k\u016bno pozicijas, tuo geriau j\u016bs\u0173 k\u016bnui ir protui<\/strong>, nes m\u016bs\u0173 raumen\u0173 ir kaul\u0173 sistema yra u\u017eprogramuota jud\u0117ti tiek stovint, tiek s\u0117dint.<\/p>\n<h2>\u201eBIOSWING oneUP\u201c yra visapusi\u0161kai universalus daugiafunkcinis \u012ftaisas.<\/h2>\n<p>Tai <strong>i\u0161manus sprendimas visiems, norintiems suderinti s\u0117d\u0117jim\u0105 ir stov\u0117jim\u0105<\/strong>, ir yra idealus pagrindas ergonomi\u0161kam &#8211; d\u0117l integruotos 3D s\u0117dyn\u0117s konstrukcijos taip pat labai aktyviam &#8211; s\u0117d\u0117jimui \u012fvairiomis s\u0117d\u0117jimo pad\u0117timis ir naudojimo sritims.<br \/>\n<strong>Ir prie oro uosto stalelio, ir nam\u0173 biure, ir fizioterapijos praktikoje ar biure:<\/strong> \u201eoneUP\u201c visada pasir\u016bpina gera fig\u016bra.<\/p>\n","protected":false},"featured_media":12214,"template":"","meta":[],"product_brand":[],"product_cat":[122],"product_tag":[],"class_list":{"0":"post-12780","1":"product","2":"type-product","3":"status-publish","4":"has-post-thumbnail","6":"product_cat-biurui-ir-namams","8":"first","9":"instock","10":"sale","11":"taxable","12":"shipping-taxable","13":"purchasable","14":"product-type-variable","15":"has-default-attributes"},"yoast_head":"<!-- This site is optimized with the Yoast SEO plugin v27.1.1 - https:\/\/yoast.com\/product\/yoast-seo-wordpress\/ -->\n<title>BIOSWING oneUP ECO - BIOSWING<\/title>\n<meta name=\"robots\" content=\"noindex, follow, max-snippet:-1, max-image-preview:large, max-video-preview:-1\" \/>\n<meta property=\"og:locale\" content=\"lt_LT\" \/>\n<meta property=\"og:type\" content=\"article\" \/>\n<meta property=\"og:title\" content=\"BIOSWING oneUP ECO - BIOSWING\" \/>\n<meta property=\"og:description\" content=\"\u201eUp and down \u2013 and turn around\u201c Toks yra \u201eoneUP\u201c \u0161\u016bkis. Ar jau i\u0161naudojate \u012fvairias reguliuojamo auk\u0161\u010dio stalo galimybes? Kiekviena pad\u0117tis tarp stov\u0117jimo ir paauk\u0161tinto s\u0117d\u0117jimo suteikia galimyb\u0119 s\u0117d\u0117ti \u012fvairiomis skirtingomis k\u016bno pozomis. Tikslas: kuo da\u017eniau keisite k\u016bno pozicijas, tuo geriau j\u016bs\u0173 k\u016bnui ir protui, nes m\u016bs\u0173 raumen\u0173 ir kaul\u0173 sistema yra u\u017eprogramuota jud\u0117ti tiek stovint, tiek s\u0117dint.  \u201eBIOSWING oneUP\u201c yra visapusi\u0161kai universalus daugiafunkcinis \u012ftaisas. Tai i\u0161manus sprendimas visiems, norintiems suderinti s\u0117d\u0117jim\u0105 ir stov\u0117jim\u0105, ir yra idealus pagrindas ergonomi\u0161kam - d\u0117l integruotos 3D s\u0117dyn\u0117s konstrukcijos taip pat labai aktyviam - s\u0117d\u0117jimui \u012fvairiomis s\u0117d\u0117jimo pad\u0117timis ir naudojimo sritims. Ir prie oro uosto stalelio, ir nam\u0173 biure, ir fizioterapijos praktikoje ar biure: \u201eoneUP\u201c visada pasir\u016bpina gera fig\u016bra.\" \/>\n<meta property=\"og:url\" content=\"https:\/\/staging.bioswing.ee\/lt\/toode\/oneup-eco\/\" \/>\n<meta property=\"og:site_name\" content=\"BIOSWING\" \/>\n<meta property=\"article:modified_time\" content=\"2024-12-05T11:41:09+00:00\" \/>\n<meta property=\"og:image\" content=\"https:\/\/bioswing.ee\/wp-content\/uploads\/2023\/11\/oneUP_ECO_Produkt_11-2.jpg\" \/>\n\t<meta property=\"og:image:width\" content=\"1874\" \/>\n\t<meta property=\"og:image:height\" content=\"2500\" \/>\n\t<meta property=\"og:image:type\" content=\"image\/jpeg\" \/>\n<meta name=\"twitter:card\" content=\"summary_large_image\" \/>\n<script type=\"application\/ld+json\" class=\"yoast-schema-graph\">{\"@context\":\"https:\/\/schema.org\",\"@graph\":[{\"@type\":\"WebPage\",\"@id\":\"https:\/\/staging.bioswing.ee\/lt\/toode\/oneup-eco\/\",\"url\":\"https:\/\/staging.bioswing.ee\/lt\/toode\/oneup-eco\/\",\"name\":\"BIOSWING oneUP ECO - BIOSWING\",\"isPartOf\":{\"@id\":\"https:\/\/staging.bioswing.ee\/lt\/#website\"},\"primaryImageOfPage\":{\"@id\":\"https:\/\/staging.bioswing.ee\/lt\/toode\/oneup-eco\/#primaryimage\"},\"image\":{\"@id\":\"https:\/\/staging.bioswing.ee\/lt\/toode\/oneup-eco\/#primaryimage\"},\"thumbnailUrl\":\"https:\/\/staging.bioswing.ee\/wp-content\/uploads\/2023\/11\/oneUP_ECO_Produkt_11-2.jpg\",\"datePublished\":\"2023-11-17T10:36:50+00:00\",\"dateModified\":\"2024-12-05T11:41:09+00:00\",\"breadcrumb\":{\"@id\":\"https:\/\/staging.bioswing.ee\/lt\/toode\/oneup-eco\/#breadcrumb\"},\"inLanguage\":\"lt-LT\",\"potentialAction\":[{\"@type\":\"ReadAction\",\"target\":[\"https:\/\/staging.bioswing.ee\/lt\/toode\/oneup-eco\/\"]}]},{\"@type\":\"ImageObject\",\"inLanguage\":\"lt-LT\",\"@id\":\"https:\/\/staging.bioswing.ee\/lt\/toode\/oneup-eco\/#primaryimage\",\"url\":\"https:\/\/staging.bioswing.ee\/wp-content\/uploads\/2023\/11\/oneUP_ECO_Produkt_11-2.jpg\",\"contentUrl\":\"https:\/\/staging.bioswing.ee\/wp-content\/uploads\/2023\/11\/oneUP_ECO_Produkt_11-2.jpg\",\"width\":1874,\"height\":2500},{\"@type\":\"BreadcrumbList\",\"@id\":\"https:\/\/staging.bioswing.ee\/lt\/toode\/oneup-eco\/#breadcrumb\",\"itemListElement\":[{\"@type\":\"ListItem\",\"position\":1,\"name\":\"Home\",\"item\":\"https:\/\/bioswing.ee\/lt\/\"},{\"@type\":\"ListItem\",\"position\":2,\"name\":\"Shop\",\"item\":\"https:\/\/bioswing.ee\/lt\/shop-2\/\"},{\"@type\":\"ListItem\",\"position\":3,\"name\":\"BIOSWING oneUP ECO\"}]},{\"@type\":\"WebSite\",\"@id\":\"https:\/\/staging.bioswing.ee\/lt\/#website\",\"url\":\"https:\/\/staging.bioswing.ee\/lt\/\",\"name\":\"BIOSWING\",\"description\":\"Smart solutions for healthy sitting\",\"publisher\":{\"@id\":\"https:\/\/staging.bioswing.ee\/lt\/#organization\"},\"potentialAction\":[{\"@type\":\"SearchAction\",\"target\":{\"@type\":\"EntryPoint\",\"urlTemplate\":\"https:\/\/staging.bioswing.ee\/lt\/?s={search_term_string}\"},\"query-input\":{\"@type\":\"PropertyValueSpecification\",\"valueRequired\":true,\"valueName\":\"search_term_string\"}}],\"inLanguage\":\"lt-LT\"},{\"@type\":\"Organization\",\"@id\":\"https:\/\/staging.bioswing.ee\/lt\/#organization\",\"name\":\"BIOSWING\",\"url\":\"https:\/\/staging.bioswing.ee\/lt\/\",\"logo\":{\"@type\":\"ImageObject\",\"inLanguage\":\"lt-LT\",\"@id\":\"https:\/\/staging.bioswing.ee\/lt\/#\/schema\/logo\/image\/\",\"url\":\"https:\/\/staging.bioswing.ee\/wp-content\/uploads\/2023\/04\/logo_web.png\",\"contentUrl\":\"https:\/\/staging.bioswing.ee\/wp-content\/uploads\/2023\/04\/logo_web.png\",\"width\":140,\"height\":122,\"caption\":\"BIOSWING\"},\"image\":{\"@id\":\"https:\/\/staging.bioswing.ee\/lt\/#\/schema\/logo\/image\/\"}}]}<\/script>\n<!-- \/ Yoast SEO plugin. -->","yoast_head_json":{"title":"BIOSWING oneUP ECO - BIOSWING","robots":{"index":"noindex","follow":"follow","max-snippet":"max-snippet:-1","max-image-preview":"max-image-preview:large","max-video-preview":"max-video-preview:-1"},"og_locale":"lt_LT","og_type":"article","og_title":"BIOSWING oneUP ECO - BIOSWING","og_description":"\u201eUp and down \u2013 and turn around\u201c Toks yra \u201eoneUP\u201c \u0161\u016bkis. Ar jau i\u0161naudojate \u012fvairias reguliuojamo auk\u0161\u010dio stalo galimybes? Kiekviena pad\u0117tis tarp stov\u0117jimo ir paauk\u0161tinto s\u0117d\u0117jimo suteikia galimyb\u0119 s\u0117d\u0117ti \u012fvairiomis skirtingomis k\u016bno pozomis. Tikslas: kuo da\u017eniau keisite k\u016bno pozicijas, tuo geriau j\u016bs\u0173 k\u016bnui ir protui, nes m\u016bs\u0173 raumen\u0173 ir kaul\u0173 sistema yra u\u017eprogramuota jud\u0117ti tiek stovint, tiek s\u0117dint.  \u201eBIOSWING oneUP\u201c yra visapusi\u0161kai universalus daugiafunkcinis \u012ftaisas. Tai i\u0161manus sprendimas visiems, norintiems suderinti s\u0117d\u0117jim\u0105 ir stov\u0117jim\u0105, ir yra idealus pagrindas ergonomi\u0161kam - d\u0117l integruotos 3D s\u0117dyn\u0117s konstrukcijos taip pat labai aktyviam - s\u0117d\u0117jimui \u012fvairiomis s\u0117d\u0117jimo pad\u0117timis ir naudojimo sritims. Ir prie oro uosto stalelio, ir nam\u0173 biure, ir fizioterapijos praktikoje ar biure: \u201eoneUP\u201c visada pasir\u016bpina gera fig\u016bra.","og_url":"https:\/\/staging.bioswing.ee\/lt\/toode\/oneup-eco\/","og_site_name":"BIOSWING","article_modified_time":"2024-12-05T11:41:09+00:00","og_image":[{"width":1874,"height":2500,"url":"https:\/\/bioswing.ee\/wp-content\/uploads\/2023\/11\/oneUP_ECO_Produkt_11-2.jpg","type":"image\/jpeg"}],"twitter_card":"summary_large_image","schema":{"@context":"https:\/\/schema.org","@graph":[{"@type":"WebPage","@id":"https:\/\/staging.bioswing.ee\/lt\/toode\/oneup-eco\/","url":"https:\/\/staging.bioswing.ee\/lt\/toode\/oneup-eco\/","name":"BIOSWING oneUP ECO - BIOSWING","isPartOf":{"@id":"https:\/\/staging.bioswing.ee\/lt\/#website"},"primaryImageOfPage":{"@id":"https:\/\/staging.bioswing.ee\/lt\/toode\/oneup-eco\/#primaryimage"},"image":{"@id":"https:\/\/staging.bioswing.ee\/lt\/toode\/oneup-eco\/#primaryimage"},"thumbnailUrl":"https:\/\/staging.bioswing.ee\/wp-content\/uploads\/2023\/11\/oneUP_ECO_Produkt_11-2.jpg","datePublished":"2023-11-17T10:36:50+00:00","dateModified":"2024-12-05T11:41:09+00:00","breadcrumb":{"@id":"https:\/\/staging.bioswing.ee\/lt\/toode\/oneup-eco\/#breadcrumb"},"inLanguage":"lt-LT","potentialAction":[{"@type":"ReadAction","target":["https:\/\/staging.bioswing.ee\/lt\/toode\/oneup-eco\/"]}]},{"@type":"ImageObject","inLanguage":"lt-LT","@id":"https:\/\/staging.bioswing.ee\/lt\/toode\/oneup-eco\/#primaryimage","url":"https:\/\/staging.bioswing.ee\/wp-content\/uploads\/2023\/11\/oneUP_ECO_Produkt_11-2.jpg","contentUrl":"https:\/\/staging.bioswing.ee\/wp-content\/uploads\/2023\/11\/oneUP_ECO_Produkt_11-2.jpg","width":1874,"height":2500},{"@type":"BreadcrumbList","@id":"https:\/\/staging.bioswing.ee\/lt\/toode\/oneup-eco\/#breadcrumb","itemListElement":[{"@type":"ListItem","position":1,"name":"Home","item":"https:\/\/bioswing.ee\/lt\/"},{"@type":"ListItem","position":2,"name":"Shop","item":"https:\/\/bioswing.ee\/lt\/shop-2\/"},{"@type":"ListItem","position":3,"name":"BIOSWING oneUP ECO"}]},{"@type":"WebSite","@id":"https:\/\/staging.bioswing.ee\/lt\/#website","url":"https:\/\/staging.bioswing.ee\/lt\/","name":"BIOSWING","description":"Smart solutions for healthy sitting","publisher":{"@id":"https:\/\/staging.bioswing.ee\/lt\/#organization"},"potentialAction":[{"@type":"SearchAction","target":{"@type":"EntryPoint","urlTemplate":"https:\/\/staging.bioswing.ee\/lt\/?s={search_term_string}"},"query-input":{"@type":"PropertyValueSpecification","valueRequired":true,"valueName":"search_term_string"}}],"inLanguage":"lt-LT"},{"@type":"Organization","@id":"https:\/\/staging.bioswing.ee\/lt\/#organization","name":"BIOSWING","url":"https:\/\/staging.bioswing.ee\/lt\/","logo":{"@type":"ImageObject","inLanguage":"lt-LT","@id":"https:\/\/staging.bioswing.ee\/lt\/#\/schema\/logo\/image\/","url":"https:\/\/staging.bioswing.ee\/wp-content\/uploads\/2023\/04\/logo_web.png","contentUrl":"https:\/\/staging.bioswing.ee\/wp-content\/uploads\/2023\/04\/logo_web.png","width":140,"height":122,"caption":"BIOSWING"},"image":{"@id":"https:\/\/staging.bioswing.ee\/lt\/#\/schema\/logo\/image\/"}}]}},"_links":{"self":[{"href":"https:\/\/staging.bioswing.ee\/lt\/wp-json\/wp\/v2\/product\/12780","targetHints":{"allow":["GET"]}}],"collection":[{"href":"https:\/\/staging.bioswing.ee\/lt\/wp-json\/wp\/v2\/product"}],"about":[{"href":"https:\/\/staging.bioswing.ee\/lt\/wp-json\/wp\/v2\/types\/product"}],"wp:featuredmedia":[{"embeddable":true,"href":"https:\/\/staging.bioswing.ee\/lt\/wp-json\/wp\/v2\/media\/12214"}],"wp:attachment":[{"href":"https:\/\/staging.bioswing.ee\/lt\/wp-json\/wp\/v2\/media?parent=12780"}],"wp:term":[{"taxonomy":"product_brand","embeddable":true,"href":"https:\/\/staging.bioswing.ee\/lt\/wp-json\/wp\/v2\/product_brand?post=12780"},{"taxonomy":"product_cat","embeddable":true,"href":"https:\/\/staging.bioswing.ee\/lt\/wp-json\/wp\/v2\/product_cat?post=12780"},{"taxonomy":"product_tag","embeddable":true,"href":"https:\/\/staging.bioswing.ee\/lt\/wp-json\/wp\/v2\/product_tag?post=12780"}],"curies":[{"name":"wp","href":"https:\/\/api.w.org\/{rel}","templated":true}]}}