{"id":15500,"date":"2024-11-22T06:47:20","date_gmt":"2024-11-22T06:47:20","guid":{"rendered":"https:\/\/staging.bioswing.ee\/toode\/bioswing-rolling-stand-improve\/"},"modified":"2024-11-28T13:32:52","modified_gmt":"2024-11-28T13:32:52","slug":"bioswing-rolling-stand-improve","status":"publish","type":"product","link":"https:\/\/staging.bioswing.ee\/lt\/toode\/bioswing-rolling-stand-improve\/","title":{"rendered":"BIOSWING\u00ae riedantis stovas"},"content":{"rendered":"","protected":false},"excerpt":{"rendered":"<p>Trikojis skirtas iki 20 BIOSWING Propriomed<sup>\u00ae<\/sup> arba Improve<sup>\u00ae<\/sup> \u012frengini\u0173 optimaliam pakabinamam saugojimui. Padengtas plieninis stovas yra mobilus ir gali b\u016bti u\u017erakinamas bajoneto u\u017eraktu ir spyna (ne\u012ftrauktos \u012f pristatym\u0105), siekiant u\u017etikrinti lazd\u0173 saugum\u0105. <\/p>\n<ul>\n<li>20 u\u017erakinam\u0173 laikikli\u0173 \/ Pasirenkamai u\u017erakinamas (spyna ne\u012ftraukta)<\/li>\n<li>Sidabru padengtas plienas su raudonu bajoneto u\u017eraktu<\/li>\n<li>Sidabrinis aliuminio pagrindas su 65 mm ratukais<\/li>\n<li>\u012etraukiama tvirtinimo med\u017eiaga<\/li>\n<\/ul>\n","protected":false},"featured_media":14403,"template":"","meta":[],"product_brand":[],"product_cat":[834],"product_tag":[],"class_list":{"0":"post-15500","1":"product","2":"type-product","3":"status-publish","4":"has-post-thumbnail","6":"product_cat-improve-lt","8":"first","9":"instock","10":"taxable","11":"shipping-taxable","12":"purchasable","13":"product-type-simple"},"yoast_head":"<!-- This site is optimized with the Yoast SEO plugin v27.1.1 - https:\/\/yoast.com\/product\/yoast-seo-wordpress\/ -->\n<title>BIOSWING\u00ae riedantis stovas - BIOSWING<\/title>\n<meta name=\"robots\" content=\"noindex, follow, max-snippet:-1, max-image-preview:large, max-video-preview:-1\" \/>\n<meta property=\"og:locale\" content=\"lt_LT\" \/>\n<meta property=\"og:type\" content=\"article\" \/>\n<meta property=\"og:title\" content=\"BIOSWING\u00ae riedantis stovas - BIOSWING\" \/>\n<meta property=\"og:description\" content=\"Trikojis skirtas iki 20 BIOSWING Propriomed\u00ae arba Improve\u00ae \u012frengini\u0173 optimaliam pakabinamam saugojimui. Padengtas plieninis stovas yra mobilus ir gali b\u016bti u\u017erakinamas bajoneto u\u017eraktu ir spyna (ne\u012ftrauktos \u012f pristatym\u0105), siekiant u\u017etikrinti lazd\u0173 saugum\u0105.   20 u\u017erakinam\u0173 laikikli\u0173 \/ Pasirenkamai u\u017erakinamas (spyna ne\u012ftraukta)  Sidabru padengtas plienas su raudonu bajoneto u\u017eraktu  Sidabrinis aliuminio pagrindas su 65 mm ratukais  \u012etraukiama tvirtinimo med\u017eiaga\" \/>\n<meta property=\"og:url\" content=\"https:\/\/staging.bioswing.ee\/lt\/toode\/bioswing-rolling-stand-improve\/\" \/>\n<meta property=\"og:site_name\" content=\"BIOSWING\" \/>\n<meta property=\"article:modified_time\" content=\"2024-11-28T13:32:52+00:00\" \/>\n<meta property=\"og:image\" content=\"https:\/\/bioswing.ee\/wp-content\/uploads\/2024\/11\/Improve-stand.jpg\" \/>\n\t<meta property=\"og:image:width\" content=\"1500\" \/>\n\t<meta property=\"og:image:height\" content=\"2000\" \/>\n\t<meta property=\"og:image:type\" content=\"image\/jpeg\" \/>\n<meta name=\"twitter:card\" content=\"summary_large_image\" \/>\n<script type=\"application\/ld+json\" class=\"yoast-schema-graph\">{\"@context\":\"https:\/\/schema.org\",\"@graph\":[{\"@type\":\"WebPage\",\"@id\":\"https:\/\/staging.bioswing.ee\/lt\/toode\/bioswing-rolling-stand-improve\/\",\"url\":\"https:\/\/staging.bioswing.ee\/lt\/toode\/bioswing-rolling-stand-improve\/\",\"name\":\"BIOSWING\u00ae riedantis stovas - BIOSWING\",\"isPartOf\":{\"@id\":\"https:\/\/staging.bioswing.ee\/lt\/#website\"},\"primaryImageOfPage\":{\"@id\":\"https:\/\/staging.bioswing.ee\/lt\/toode\/bioswing-rolling-stand-improve\/#primaryimage\"},\"image\":{\"@id\":\"https:\/\/staging.bioswing.ee\/lt\/toode\/bioswing-rolling-stand-improve\/#primaryimage\"},\"thumbnailUrl\":\"https:\/\/staging.bioswing.ee\/wp-content\/uploads\/2024\/11\/Improve-stand.jpg\",\"datePublished\":\"2024-11-22T06:47:20+00:00\",\"dateModified\":\"2024-11-28T13:32:52+00:00\",\"breadcrumb\":{\"@id\":\"https:\/\/staging.bioswing.ee\/lt\/toode\/bioswing-rolling-stand-improve\/#breadcrumb\"},\"inLanguage\":\"lt-LT\",\"potentialAction\":[{\"@type\":\"ReadAction\",\"target\":[\"https:\/\/staging.bioswing.ee\/lt\/toode\/bioswing-rolling-stand-improve\/\"]}]},{\"@type\":\"ImageObject\",\"inLanguage\":\"lt-LT\",\"@id\":\"https:\/\/staging.bioswing.ee\/lt\/toode\/bioswing-rolling-stand-improve\/#primaryimage\",\"url\":\"https:\/\/staging.bioswing.ee\/wp-content\/uploads\/2024\/11\/Improve-stand.jpg\",\"contentUrl\":\"https:\/\/staging.bioswing.ee\/wp-content\/uploads\/2024\/11\/Improve-stand.jpg\",\"width\":1500,\"height\":2000,\"caption\":\"BIOSWING Improve\u00ae stand\"},{\"@type\":\"BreadcrumbList\",\"@id\":\"https:\/\/staging.bioswing.ee\/lt\/toode\/bioswing-rolling-stand-improve\/#breadcrumb\",\"itemListElement\":[{\"@type\":\"ListItem\",\"position\":1,\"name\":\"Home\",\"item\":\"https:\/\/bioswing.ee\/lt\/\"},{\"@type\":\"ListItem\",\"position\":2,\"name\":\"Shop\",\"item\":\"https:\/\/bioswing.ee\/lt\/shop-2\/\"},{\"@type\":\"ListItem\",\"position\":3,\"name\":\"BIOSWING\u00ae riedantis stovas\"}]},{\"@type\":\"WebSite\",\"@id\":\"https:\/\/staging.bioswing.ee\/lt\/#website\",\"url\":\"https:\/\/staging.bioswing.ee\/lt\/\",\"name\":\"BIOSWING\",\"description\":\"Smart solutions for healthy sitting\",\"publisher\":{\"@id\":\"https:\/\/staging.bioswing.ee\/lt\/#organization\"},\"potentialAction\":[{\"@type\":\"SearchAction\",\"target\":{\"@type\":\"EntryPoint\",\"urlTemplate\":\"https:\/\/staging.bioswing.ee\/lt\/?s={search_term_string}\"},\"query-input\":{\"@type\":\"PropertyValueSpecification\",\"valueRequired\":true,\"valueName\":\"search_term_string\"}}],\"inLanguage\":\"lt-LT\"},{\"@type\":\"Organization\",\"@id\":\"https:\/\/staging.bioswing.ee\/lt\/#organization\",\"name\":\"BIOSWING\",\"url\":\"https:\/\/staging.bioswing.ee\/lt\/\",\"logo\":{\"@type\":\"ImageObject\",\"inLanguage\":\"lt-LT\",\"@id\":\"https:\/\/staging.bioswing.ee\/lt\/#\/schema\/logo\/image\/\",\"url\":\"https:\/\/staging.bioswing.ee\/wp-content\/uploads\/2023\/04\/logo_web.png\",\"contentUrl\":\"https:\/\/staging.bioswing.ee\/wp-content\/uploads\/2023\/04\/logo_web.png\",\"width\":140,\"height\":122,\"caption\":\"BIOSWING\"},\"image\":{\"@id\":\"https:\/\/staging.bioswing.ee\/lt\/#\/schema\/logo\/image\/\"}}]}<\/script>\n<!-- \/ Yoast SEO plugin. -->","yoast_head_json":{"title":"BIOSWING\u00ae riedantis stovas - BIOSWING","robots":{"index":"noindex","follow":"follow","max-snippet":"max-snippet:-1","max-image-preview":"max-image-preview:large","max-video-preview":"max-video-preview:-1"},"og_locale":"lt_LT","og_type":"article","og_title":"BIOSWING\u00ae riedantis stovas - BIOSWING","og_description":"Trikojis skirtas iki 20 BIOSWING Propriomed\u00ae arba Improve\u00ae \u012frengini\u0173 optimaliam pakabinamam saugojimui. Padengtas plieninis stovas yra mobilus ir gali b\u016bti u\u017erakinamas bajoneto u\u017eraktu ir spyna (ne\u012ftrauktos \u012f pristatym\u0105), siekiant u\u017etikrinti lazd\u0173 saugum\u0105.   20 u\u017erakinam\u0173 laikikli\u0173 \/ Pasirenkamai u\u017erakinamas (spyna ne\u012ftraukta)  Sidabru padengtas plienas su raudonu bajoneto u\u017eraktu  Sidabrinis aliuminio pagrindas su 65 mm ratukais  \u012etraukiama tvirtinimo med\u017eiaga","og_url":"https:\/\/staging.bioswing.ee\/lt\/toode\/bioswing-rolling-stand-improve\/","og_site_name":"BIOSWING","article_modified_time":"2024-11-28T13:32:52+00:00","og_image":[{"width":1500,"height":2000,"url":"https:\/\/bioswing.ee\/wp-content\/uploads\/2024\/11\/Improve-stand.jpg","type":"image\/jpeg"}],"twitter_card":"summary_large_image","schema":{"@context":"https:\/\/schema.org","@graph":[{"@type":"WebPage","@id":"https:\/\/staging.bioswing.ee\/lt\/toode\/bioswing-rolling-stand-improve\/","url":"https:\/\/staging.bioswing.ee\/lt\/toode\/bioswing-rolling-stand-improve\/","name":"BIOSWING\u00ae riedantis stovas - BIOSWING","isPartOf":{"@id":"https:\/\/staging.bioswing.ee\/lt\/#website"},"primaryImageOfPage":{"@id":"https:\/\/staging.bioswing.ee\/lt\/toode\/bioswing-rolling-stand-improve\/#primaryimage"},"image":{"@id":"https:\/\/staging.bioswing.ee\/lt\/toode\/bioswing-rolling-stand-improve\/#primaryimage"},"thumbnailUrl":"https:\/\/staging.bioswing.ee\/wp-content\/uploads\/2024\/11\/Improve-stand.jpg","datePublished":"2024-11-22T06:47:20+00:00","dateModified":"2024-11-28T13:32:52+00:00","breadcrumb":{"@id":"https:\/\/staging.bioswing.ee\/lt\/toode\/bioswing-rolling-stand-improve\/#breadcrumb"},"inLanguage":"lt-LT","potentialAction":[{"@type":"ReadAction","target":["https:\/\/staging.bioswing.ee\/lt\/toode\/bioswing-rolling-stand-improve\/"]}]},{"@type":"ImageObject","inLanguage":"lt-LT","@id":"https:\/\/staging.bioswing.ee\/lt\/toode\/bioswing-rolling-stand-improve\/#primaryimage","url":"https:\/\/staging.bioswing.ee\/wp-content\/uploads\/2024\/11\/Improve-stand.jpg","contentUrl":"https:\/\/staging.bioswing.ee\/wp-content\/uploads\/2024\/11\/Improve-stand.jpg","width":1500,"height":2000,"caption":"BIOSWING Improve\u00ae stand"},{"@type":"BreadcrumbList","@id":"https:\/\/staging.bioswing.ee\/lt\/toode\/bioswing-rolling-stand-improve\/#breadcrumb","itemListElement":[{"@type":"ListItem","position":1,"name":"Home","item":"https:\/\/bioswing.ee\/lt\/"},{"@type":"ListItem","position":2,"name":"Shop","item":"https:\/\/bioswing.ee\/lt\/shop-2\/"},{"@type":"ListItem","position":3,"name":"BIOSWING\u00ae riedantis stovas"}]},{"@type":"WebSite","@id":"https:\/\/staging.bioswing.ee\/lt\/#website","url":"https:\/\/staging.bioswing.ee\/lt\/","name":"BIOSWING","description":"Smart solutions for healthy sitting","publisher":{"@id":"https:\/\/staging.bioswing.ee\/lt\/#organization"},"potentialAction":[{"@type":"SearchAction","target":{"@type":"EntryPoint","urlTemplate":"https:\/\/staging.bioswing.ee\/lt\/?s={search_term_string}"},"query-input":{"@type":"PropertyValueSpecification","valueRequired":true,"valueName":"search_term_string"}}],"inLanguage":"lt-LT"},{"@type":"Organization","@id":"https:\/\/staging.bioswing.ee\/lt\/#organization","name":"BIOSWING","url":"https:\/\/staging.bioswing.ee\/lt\/","logo":{"@type":"ImageObject","inLanguage":"lt-LT","@id":"https:\/\/staging.bioswing.ee\/lt\/#\/schema\/logo\/image\/","url":"https:\/\/staging.bioswing.ee\/wp-content\/uploads\/2023\/04\/logo_web.png","contentUrl":"https:\/\/staging.bioswing.ee\/wp-content\/uploads\/2023\/04\/logo_web.png","width":140,"height":122,"caption":"BIOSWING"},"image":{"@id":"https:\/\/staging.bioswing.ee\/lt\/#\/schema\/logo\/image\/"}}]}},"_links":{"self":[{"href":"https:\/\/staging.bioswing.ee\/lt\/wp-json\/wp\/v2\/product\/15500","targetHints":{"allow":["GET"]}}],"collection":[{"href":"https:\/\/staging.bioswing.ee\/lt\/wp-json\/wp\/v2\/product"}],"about":[{"href":"https:\/\/staging.bioswing.ee\/lt\/wp-json\/wp\/v2\/types\/product"}],"wp:featuredmedia":[{"embeddable":true,"href":"https:\/\/staging.bioswing.ee\/lt\/wp-json\/wp\/v2\/media\/14403"}],"wp:attachment":[{"href":"https:\/\/staging.bioswing.ee\/lt\/wp-json\/wp\/v2\/media?parent=15500"}],"wp:term":[{"taxonomy":"product_brand","embeddable":true,"href":"https:\/\/staging.bioswing.ee\/lt\/wp-json\/wp\/v2\/product_brand?post=15500"},{"taxonomy":"product_cat","embeddable":true,"href":"https:\/\/staging.bioswing.ee\/lt\/wp-json\/wp\/v2\/product_cat?post=15500"},{"taxonomy":"product_tag","embeddable":true,"href":"https:\/\/staging.bioswing.ee\/lt\/wp-json\/wp\/v2\/product_tag?post=15500"}],"curies":[{"name":"wp","href":"https:\/\/api.w.org\/{rel}","templated":true}]}}