{"id":15513,"date":"2024-11-21T14:35:11","date_gmt":"2024-11-21T14:35:11","guid":{"rendered":"https:\/\/staging.bioswing.ee\/toode\/music-cd-improve-lets-move-in\/"},"modified":"2024-11-28T13:27:59","modified_gmt":"2024-11-28T13:27:59","slug":"music-cd-improve-lets-move-in","status":"publish","type":"product","link":"https:\/\/staging.bioswing.ee\/lt\/toode\/music-cd-improve-lets-move-in\/","title":{"rendered":"Muzikos CD \u201cImprove \u2013 Let\u2019s Move!\u201d (Digipak pakuot\u0117je)"},"content":{"rendered":"","protected":false},"excerpt":{"rendered":"<p>U\u017etikrinkite, kad j\u016bs\u0173 BIOSWING Improve<sup>\u00ae<\/sup> svyruojan\u010dio strypo kursai b\u016bt\u0173 smag\u016bs. CD pateikiamas patogioje Digipak pakuot\u0117je su dviem takeliais ir daugiau nei valanda muzikos, kurios tempas varijuoja. Kiekviename takelyje nurodyti ritmai per minut\u0119 (bpm) nuo 120 iki 130 ir rekomenduojami strypo da\u017eni\u0173 nustatymai.  <\/p>\n<ul>\n<li>Pavadinimas: Improve Beats Vol. 1<\/li>\n<li>Takeliai: 23 takeliai su tempu nuo 120 iki 130 BPM<\/li>\n<li>Ypatyb\u0117s: Rekomenduojam\u0173 da\u017eni\u0173 grafin\u0117 reprezentacija<\/li>\n<li>Bendra trukm\u0117: 61:08 minut\u0117s<\/li>\n<\/ul>\n","protected":false},"featured_media":14413,"template":"","meta":[],"product_brand":[],"product_cat":[834],"product_tag":[],"class_list":{"0":"post-15513","1":"product","2":"type-product","3":"status-publish","4":"has-post-thumbnail","6":"product_cat-improve-lt","8":"first","9":"instock","10":"taxable","11":"shipping-taxable","12":"purchasable","13":"product-type-simple"},"yoast_head":"<!-- This site is optimized with the Yoast SEO plugin v27.1.1 - https:\/\/yoast.com\/product\/yoast-seo-wordpress\/ -->\n<title>Muzikos CD \u201cImprove \u2013 Let\u2019s Move!\u201d (Digipak pakuot\u0117je) - BIOSWING<\/title>\n<meta name=\"robots\" content=\"noindex, follow, max-snippet:-1, max-image-preview:large, max-video-preview:-1\" \/>\n<meta property=\"og:locale\" content=\"lt_LT\" \/>\n<meta property=\"og:type\" content=\"article\" \/>\n<meta property=\"og:title\" content=\"Muzikos CD \u201cImprove \u2013 Let\u2019s Move!\u201d (Digipak pakuot\u0117je) - BIOSWING\" \/>\n<meta property=\"og:description\" content=\"U\u017etikrinkite, kad j\u016bs\u0173 BIOSWING Improve\u00ae svyruojan\u010dio strypo kursai b\u016bt\u0173 smag\u016bs. CD pateikiamas patogioje Digipak pakuot\u0117je su dviem takeliais ir daugiau nei valanda muzikos, kurios tempas varijuoja. Kiekviename takelyje nurodyti ritmai per minut\u0119 (bpm) nuo 120 iki 130 ir rekomenduojami strypo da\u017eni\u0173 nustatymai.   Pavadinimas: Improve Beats Vol. 1  Takeliai: 23 takeliai su tempu nuo 120 iki 130 BPM  Ypatyb\u0117s: Rekomenduojam\u0173 da\u017eni\u0173 grafin\u0117 reprezentacija  Bendra trukm\u0117: 61:08 minut\u0117s\" \/>\n<meta property=\"og:url\" content=\"https:\/\/staging.bioswing.ee\/lt\/toode\/music-cd-improve-lets-move-in\/\" \/>\n<meta property=\"og:site_name\" content=\"BIOSWING\" \/>\n<meta property=\"article:modified_time\" content=\"2024-11-28T13:27:59+00:00\" \/>\n<meta property=\"og:image\" content=\"https:\/\/bioswing.ee\/wp-content\/uploads\/2024\/11\/Improve-music.jpg\" \/>\n\t<meta property=\"og:image:width\" content=\"1500\" \/>\n\t<meta property=\"og:image:height\" content=\"2000\" \/>\n\t<meta property=\"og:image:type\" content=\"image\/jpeg\" \/>\n<meta name=\"twitter:card\" content=\"summary_large_image\" \/>\n<script type=\"application\/ld+json\" class=\"yoast-schema-graph\">{\"@context\":\"https:\/\/schema.org\",\"@graph\":[{\"@type\":\"WebPage\",\"@id\":\"https:\/\/staging.bioswing.ee\/lt\/toode\/music-cd-improve-lets-move-in\/\",\"url\":\"https:\/\/staging.bioswing.ee\/lt\/toode\/music-cd-improve-lets-move-in\/\",\"name\":\"Muzikos CD \u201cImprove \u2013 Let\u2019s Move!\u201d (Digipak pakuot\u0117je) - BIOSWING\",\"isPartOf\":{\"@id\":\"https:\/\/staging.bioswing.ee\/lt\/#website\"},\"primaryImageOfPage\":{\"@id\":\"https:\/\/staging.bioswing.ee\/lt\/toode\/music-cd-improve-lets-move-in\/#primaryimage\"},\"image\":{\"@id\":\"https:\/\/staging.bioswing.ee\/lt\/toode\/music-cd-improve-lets-move-in\/#primaryimage\"},\"thumbnailUrl\":\"https:\/\/staging.bioswing.ee\/wp-content\/uploads\/2024\/11\/Improve-music.jpg\",\"datePublished\":\"2024-11-21T14:35:11+00:00\",\"dateModified\":\"2024-11-28T13:27:59+00:00\",\"breadcrumb\":{\"@id\":\"https:\/\/staging.bioswing.ee\/lt\/toode\/music-cd-improve-lets-move-in\/#breadcrumb\"},\"inLanguage\":\"lt-LT\",\"potentialAction\":[{\"@type\":\"ReadAction\",\"target\":[\"https:\/\/staging.bioswing.ee\/lt\/toode\/music-cd-improve-lets-move-in\/\"]}]},{\"@type\":\"ImageObject\",\"inLanguage\":\"lt-LT\",\"@id\":\"https:\/\/staging.bioswing.ee\/lt\/toode\/music-cd-improve-lets-move-in\/#primaryimage\",\"url\":\"https:\/\/staging.bioswing.ee\/wp-content\/uploads\/2024\/11\/Improve-music.jpg\",\"contentUrl\":\"https:\/\/staging.bioswing.ee\/wp-content\/uploads\/2024\/11\/Improve-music.jpg\",\"width\":1500,\"height\":2000,\"caption\":\"Music CD \\\"Improve \u2013 Let\u2019s Move!\\\" (in Digipak)\"},{\"@type\":\"BreadcrumbList\",\"@id\":\"https:\/\/staging.bioswing.ee\/lt\/toode\/music-cd-improve-lets-move-in\/#breadcrumb\",\"itemListElement\":[{\"@type\":\"ListItem\",\"position\":1,\"name\":\"Home\",\"item\":\"https:\/\/bioswing.ee\/lt\/\"},{\"@type\":\"ListItem\",\"position\":2,\"name\":\"Shop\",\"item\":\"https:\/\/bioswing.ee\/lt\/shop-2\/\"},{\"@type\":\"ListItem\",\"position\":3,\"name\":\"Muzikos CD \u201cImprove \u2013 Let\u2019s Move!\u201d (Digipak pakuot\u0117je)\"}]},{\"@type\":\"WebSite\",\"@id\":\"https:\/\/staging.bioswing.ee\/lt\/#website\",\"url\":\"https:\/\/staging.bioswing.ee\/lt\/\",\"name\":\"BIOSWING\",\"description\":\"Smart solutions for healthy sitting\",\"publisher\":{\"@id\":\"https:\/\/staging.bioswing.ee\/lt\/#organization\"},\"potentialAction\":[{\"@type\":\"SearchAction\",\"target\":{\"@type\":\"EntryPoint\",\"urlTemplate\":\"https:\/\/staging.bioswing.ee\/lt\/?s={search_term_string}\"},\"query-input\":{\"@type\":\"PropertyValueSpecification\",\"valueRequired\":true,\"valueName\":\"search_term_string\"}}],\"inLanguage\":\"lt-LT\"},{\"@type\":\"Organization\",\"@id\":\"https:\/\/staging.bioswing.ee\/lt\/#organization\",\"name\":\"BIOSWING\",\"url\":\"https:\/\/staging.bioswing.ee\/lt\/\",\"logo\":{\"@type\":\"ImageObject\",\"inLanguage\":\"lt-LT\",\"@id\":\"https:\/\/staging.bioswing.ee\/lt\/#\/schema\/logo\/image\/\",\"url\":\"https:\/\/staging.bioswing.ee\/wp-content\/uploads\/2023\/04\/logo_web.png\",\"contentUrl\":\"https:\/\/staging.bioswing.ee\/wp-content\/uploads\/2023\/04\/logo_web.png\",\"width\":140,\"height\":122,\"caption\":\"BIOSWING\"},\"image\":{\"@id\":\"https:\/\/staging.bioswing.ee\/lt\/#\/schema\/logo\/image\/\"}}]}<\/script>\n<!-- \/ Yoast SEO plugin. -->","yoast_head_json":{"title":"Muzikos CD \u201cImprove \u2013 Let\u2019s Move!\u201d (Digipak pakuot\u0117je) - BIOSWING","robots":{"index":"noindex","follow":"follow","max-snippet":"max-snippet:-1","max-image-preview":"max-image-preview:large","max-video-preview":"max-video-preview:-1"},"og_locale":"lt_LT","og_type":"article","og_title":"Muzikos CD \u201cImprove \u2013 Let\u2019s Move!\u201d (Digipak pakuot\u0117je) - BIOSWING","og_description":"U\u017etikrinkite, kad j\u016bs\u0173 BIOSWING Improve\u00ae svyruojan\u010dio strypo kursai b\u016bt\u0173 smag\u016bs. CD pateikiamas patogioje Digipak pakuot\u0117je su dviem takeliais ir daugiau nei valanda muzikos, kurios tempas varijuoja. Kiekviename takelyje nurodyti ritmai per minut\u0119 (bpm) nuo 120 iki 130 ir rekomenduojami strypo da\u017eni\u0173 nustatymai.   Pavadinimas: Improve Beats Vol. 1  Takeliai: 23 takeliai su tempu nuo 120 iki 130 BPM  Ypatyb\u0117s: Rekomenduojam\u0173 da\u017eni\u0173 grafin\u0117 reprezentacija  Bendra trukm\u0117: 61:08 minut\u0117s","og_url":"https:\/\/staging.bioswing.ee\/lt\/toode\/music-cd-improve-lets-move-in\/","og_site_name":"BIOSWING","article_modified_time":"2024-11-28T13:27:59+00:00","og_image":[{"width":1500,"height":2000,"url":"https:\/\/bioswing.ee\/wp-content\/uploads\/2024\/11\/Improve-music.jpg","type":"image\/jpeg"}],"twitter_card":"summary_large_image","schema":{"@context":"https:\/\/schema.org","@graph":[{"@type":"WebPage","@id":"https:\/\/staging.bioswing.ee\/lt\/toode\/music-cd-improve-lets-move-in\/","url":"https:\/\/staging.bioswing.ee\/lt\/toode\/music-cd-improve-lets-move-in\/","name":"Muzikos CD \u201cImprove \u2013 Let\u2019s Move!\u201d (Digipak pakuot\u0117je) - BIOSWING","isPartOf":{"@id":"https:\/\/staging.bioswing.ee\/lt\/#website"},"primaryImageOfPage":{"@id":"https:\/\/staging.bioswing.ee\/lt\/toode\/music-cd-improve-lets-move-in\/#primaryimage"},"image":{"@id":"https:\/\/staging.bioswing.ee\/lt\/toode\/music-cd-improve-lets-move-in\/#primaryimage"},"thumbnailUrl":"https:\/\/staging.bioswing.ee\/wp-content\/uploads\/2024\/11\/Improve-music.jpg","datePublished":"2024-11-21T14:35:11+00:00","dateModified":"2024-11-28T13:27:59+00:00","breadcrumb":{"@id":"https:\/\/staging.bioswing.ee\/lt\/toode\/music-cd-improve-lets-move-in\/#breadcrumb"},"inLanguage":"lt-LT","potentialAction":[{"@type":"ReadAction","target":["https:\/\/staging.bioswing.ee\/lt\/toode\/music-cd-improve-lets-move-in\/"]}]},{"@type":"ImageObject","inLanguage":"lt-LT","@id":"https:\/\/staging.bioswing.ee\/lt\/toode\/music-cd-improve-lets-move-in\/#primaryimage","url":"https:\/\/staging.bioswing.ee\/wp-content\/uploads\/2024\/11\/Improve-music.jpg","contentUrl":"https:\/\/staging.bioswing.ee\/wp-content\/uploads\/2024\/11\/Improve-music.jpg","width":1500,"height":2000,"caption":"Music CD \"Improve \u2013 Let\u2019s Move!\" (in Digipak)"},{"@type":"BreadcrumbList","@id":"https:\/\/staging.bioswing.ee\/lt\/toode\/music-cd-improve-lets-move-in\/#breadcrumb","itemListElement":[{"@type":"ListItem","position":1,"name":"Home","item":"https:\/\/bioswing.ee\/lt\/"},{"@type":"ListItem","position":2,"name":"Shop","item":"https:\/\/bioswing.ee\/lt\/shop-2\/"},{"@type":"ListItem","position":3,"name":"Muzikos CD \u201cImprove \u2013 Let\u2019s Move!\u201d (Digipak pakuot\u0117je)"}]},{"@type":"WebSite","@id":"https:\/\/staging.bioswing.ee\/lt\/#website","url":"https:\/\/staging.bioswing.ee\/lt\/","name":"BIOSWING","description":"Smart solutions for healthy sitting","publisher":{"@id":"https:\/\/staging.bioswing.ee\/lt\/#organization"},"potentialAction":[{"@type":"SearchAction","target":{"@type":"EntryPoint","urlTemplate":"https:\/\/staging.bioswing.ee\/lt\/?s={search_term_string}"},"query-input":{"@type":"PropertyValueSpecification","valueRequired":true,"valueName":"search_term_string"}}],"inLanguage":"lt-LT"},{"@type":"Organization","@id":"https:\/\/staging.bioswing.ee\/lt\/#organization","name":"BIOSWING","url":"https:\/\/staging.bioswing.ee\/lt\/","logo":{"@type":"ImageObject","inLanguage":"lt-LT","@id":"https:\/\/staging.bioswing.ee\/lt\/#\/schema\/logo\/image\/","url":"https:\/\/staging.bioswing.ee\/wp-content\/uploads\/2023\/04\/logo_web.png","contentUrl":"https:\/\/staging.bioswing.ee\/wp-content\/uploads\/2023\/04\/logo_web.png","width":140,"height":122,"caption":"BIOSWING"},"image":{"@id":"https:\/\/staging.bioswing.ee\/lt\/#\/schema\/logo\/image\/"}}]}},"_links":{"self":[{"href":"https:\/\/staging.bioswing.ee\/lt\/wp-json\/wp\/v2\/product\/15513","targetHints":{"allow":["GET"]}}],"collection":[{"href":"https:\/\/staging.bioswing.ee\/lt\/wp-json\/wp\/v2\/product"}],"about":[{"href":"https:\/\/staging.bioswing.ee\/lt\/wp-json\/wp\/v2\/types\/product"}],"wp:featuredmedia":[{"embeddable":true,"href":"https:\/\/staging.bioswing.ee\/lt\/wp-json\/wp\/v2\/media\/14413"}],"wp:attachment":[{"href":"https:\/\/staging.bioswing.ee\/lt\/wp-json\/wp\/v2\/media?parent=15513"}],"wp:term":[{"taxonomy":"product_brand","embeddable":true,"href":"https:\/\/staging.bioswing.ee\/lt\/wp-json\/wp\/v2\/product_brand?post=15513"},{"taxonomy":"product_cat","embeddable":true,"href":"https:\/\/staging.bioswing.ee\/lt\/wp-json\/wp\/v2\/product_cat?post=15513"},{"taxonomy":"product_tag","embeddable":true,"href":"https:\/\/staging.bioswing.ee\/lt\/wp-json\/wp\/v2\/product_tag?post=15513"}],"curies":[{"name":"wp","href":"https:\/\/api.w.org\/{rel}","templated":true}]}}