{"id":15526,"date":"2024-11-21T14:33:54","date_gmt":"2024-11-21T14:33:54","guid":{"rendered":"https:\/\/staging.bioswing.ee\/toode\/bioswing-improve-130\/"},"modified":"2024-12-05T12:38:28","modified_gmt":"2024-12-05T12:38:28","slug":"bioswing-improve-130","status":"publish","type":"product","link":"https:\/\/staging.bioswing.ee\/lt\/toode\/bioswing-improve-130\/","title":{"rendered":"BIOSWING Improve\u00ae 130"},"content":{"rendered":"","protected":false},"excerpt":{"rendered":"<p><strong>BIOSWING Improve<sup>\u00ae <\/sup>130<\/strong>: 130 cm ilgio ir nuolat reguliuojamais da\u017eniais nuo 5,0 iki 6,0 svyravimo per sekund\u0119, \u0161i svyruojanti lazda puikiai tinka pa\u017eengusiems vartotojams ir sportiniam treniruot\u0117ms.<\/p>\n<ul>\n<li>Rankena\/Slopinimo elementai: Juodas Desmopan\u00ae<\/li>\n<li>Svyruojantis laidas: Sidabrinis, daugkartinio gr\u016bdinimo spyruoklinis plienas<\/li>\n<li>Galiniai dangteliai\/Da\u017enio reguliatorius: Juodas PU su pilkomis juostomis<\/li>\n<li>Pateikiama ne\u0161iojamoje krep\u0161yje su peties dir\u017eeliu<\/li>\n<\/ul>\n<p><iframe title=\"YouTube video player\" src=\"https:\/\/www.youtube.com\/embed\/QaT-O9yNqYc?si=rqKlGGFH7zPSjBrT\" width=\"100%\" height=\"315\" frameborder=\"0\" allowfullscreen=\"allowfullscreen\"><\/iframe><\/p>\n","protected":false},"featured_media":14393,"template":"","meta":[],"product_brand":[],"product_cat":[834],"product_tag":[],"class_list":{"0":"post-15526","1":"product","2":"type-product","3":"status-publish","4":"has-post-thumbnail","6":"product_cat-improve-lt","8":"first","9":"instock","10":"taxable","11":"shipping-taxable","12":"purchasable","13":"product-type-simple"},"yoast_head":"<!-- This site is optimized with the Yoast SEO plugin v27.1.1 - https:\/\/yoast.com\/product\/yoast-seo-wordpress\/ -->\n<title>BIOSWING Improve\u00ae 130 - BIOSWING<\/title>\n<meta name=\"robots\" content=\"noindex, follow, max-snippet:-1, max-image-preview:large, max-video-preview:-1\" \/>\n<meta property=\"og:locale\" content=\"lt_LT\" \/>\n<meta property=\"og:type\" content=\"article\" \/>\n<meta property=\"og:title\" content=\"BIOSWING Improve\u00ae 130 - BIOSWING\" \/>\n<meta property=\"og:description\" content=\"BIOSWING Improve\u00ae 130: 130 cm ilgio ir nuolat reguliuojamais da\u017eniais nuo 5,0 iki 6,0 svyravimo per sekund\u0119, \u0161i svyruojanti lazda puikiai tinka pa\u017eengusiems vartotojams ir sportiniam treniruot\u0117ms.  Rankena\/Slopinimo elementai: Juodas Desmopan\u00ae  Svyruojantis laidas: Sidabrinis, daugkartinio gr\u016bdinimo spyruoklinis plienas  Galiniai dangteliai\/Da\u017enio reguliatorius: Juodas PU su pilkomis juostomis  Pateikiama ne\u0161iojamoje krep\u0161yje su peties dir\u017eeliu\" \/>\n<meta property=\"og:url\" content=\"https:\/\/staging.bioswing.ee\/lt\/toode\/bioswing-improve-130\/\" \/>\n<meta property=\"og:site_name\" content=\"BIOSWING\" \/>\n<meta property=\"article:modified_time\" content=\"2024-12-05T12:38:28+00:00\" \/>\n<meta property=\"og:image\" content=\"https:\/\/bioswing.ee\/wp-content\/uploads\/2024\/11\/Improve-130-150.jpg\" \/>\n\t<meta property=\"og:image:width\" content=\"1500\" \/>\n\t<meta property=\"og:image:height\" content=\"2000\" \/>\n\t<meta property=\"og:image:type\" content=\"image\/jpeg\" \/>\n<meta name=\"twitter:card\" content=\"summary_large_image\" \/>\n<script type=\"application\/ld+json\" class=\"yoast-schema-graph\">{\"@context\":\"https:\/\/schema.org\",\"@graph\":[{\"@type\":\"WebPage\",\"@id\":\"https:\/\/staging.bioswing.ee\/lt\/toode\/bioswing-improve-130\/\",\"url\":\"https:\/\/staging.bioswing.ee\/lt\/toode\/bioswing-improve-130\/\",\"name\":\"BIOSWING Improve\u00ae 130 - BIOSWING\",\"isPartOf\":{\"@id\":\"https:\/\/staging.bioswing.ee\/lt\/#website\"},\"primaryImageOfPage\":{\"@id\":\"https:\/\/staging.bioswing.ee\/lt\/toode\/bioswing-improve-130\/#primaryimage\"},\"image\":{\"@id\":\"https:\/\/staging.bioswing.ee\/lt\/toode\/bioswing-improve-130\/#primaryimage\"},\"thumbnailUrl\":\"https:\/\/staging.bioswing.ee\/wp-content\/uploads\/2024\/11\/Improve-130-150.jpg\",\"datePublished\":\"2024-11-21T14:33:54+00:00\",\"dateModified\":\"2024-12-05T12:38:28+00:00\",\"breadcrumb\":{\"@id\":\"https:\/\/staging.bioswing.ee\/lt\/toode\/bioswing-improve-130\/#breadcrumb\"},\"inLanguage\":\"lt-LT\",\"potentialAction\":[{\"@type\":\"ReadAction\",\"target\":[\"https:\/\/staging.bioswing.ee\/lt\/toode\/bioswing-improve-130\/\"]}]},{\"@type\":\"ImageObject\",\"inLanguage\":\"lt-LT\",\"@id\":\"https:\/\/staging.bioswing.ee\/lt\/toode\/bioswing-improve-130\/#primaryimage\",\"url\":\"https:\/\/staging.bioswing.ee\/wp-content\/uploads\/2024\/11\/Improve-130-150.jpg\",\"contentUrl\":\"https:\/\/staging.bioswing.ee\/wp-content\/uploads\/2024\/11\/Improve-130-150.jpg\",\"width\":1500,\"height\":2000,\"caption\":\"BIOSWING Improve\u00ae 150 & 130\"},{\"@type\":\"BreadcrumbList\",\"@id\":\"https:\/\/staging.bioswing.ee\/lt\/toode\/bioswing-improve-130\/#breadcrumb\",\"itemListElement\":[{\"@type\":\"ListItem\",\"position\":1,\"name\":\"Home\",\"item\":\"https:\/\/bioswing.ee\/lt\/\"},{\"@type\":\"ListItem\",\"position\":2,\"name\":\"Shop\",\"item\":\"https:\/\/bioswing.ee\/lt\/shop-2\/\"},{\"@type\":\"ListItem\",\"position\":3,\"name\":\"BIOSWING Improve\u00ae 130\"}]},{\"@type\":\"WebSite\",\"@id\":\"https:\/\/staging.bioswing.ee\/lt\/#website\",\"url\":\"https:\/\/staging.bioswing.ee\/lt\/\",\"name\":\"BIOSWING\",\"description\":\"Smart solutions for healthy sitting\",\"publisher\":{\"@id\":\"https:\/\/staging.bioswing.ee\/lt\/#organization\"},\"potentialAction\":[{\"@type\":\"SearchAction\",\"target\":{\"@type\":\"EntryPoint\",\"urlTemplate\":\"https:\/\/staging.bioswing.ee\/lt\/?s={search_term_string}\"},\"query-input\":{\"@type\":\"PropertyValueSpecification\",\"valueRequired\":true,\"valueName\":\"search_term_string\"}}],\"inLanguage\":\"lt-LT\"},{\"@type\":\"Organization\",\"@id\":\"https:\/\/staging.bioswing.ee\/lt\/#organization\",\"name\":\"BIOSWING\",\"url\":\"https:\/\/staging.bioswing.ee\/lt\/\",\"logo\":{\"@type\":\"ImageObject\",\"inLanguage\":\"lt-LT\",\"@id\":\"https:\/\/staging.bioswing.ee\/lt\/#\/schema\/logo\/image\/\",\"url\":\"https:\/\/staging.bioswing.ee\/wp-content\/uploads\/2023\/04\/logo_web.png\",\"contentUrl\":\"https:\/\/staging.bioswing.ee\/wp-content\/uploads\/2023\/04\/logo_web.png\",\"width\":140,\"height\":122,\"caption\":\"BIOSWING\"},\"image\":{\"@id\":\"https:\/\/staging.bioswing.ee\/lt\/#\/schema\/logo\/image\/\"}}]}<\/script>\n<!-- \/ Yoast SEO plugin. -->","yoast_head_json":{"title":"BIOSWING Improve\u00ae 130 - BIOSWING","robots":{"index":"noindex","follow":"follow","max-snippet":"max-snippet:-1","max-image-preview":"max-image-preview:large","max-video-preview":"max-video-preview:-1"},"og_locale":"lt_LT","og_type":"article","og_title":"BIOSWING Improve\u00ae 130 - BIOSWING","og_description":"BIOSWING Improve\u00ae 130: 130 cm ilgio ir nuolat reguliuojamais da\u017eniais nuo 5,0 iki 6,0 svyravimo per sekund\u0119, \u0161i svyruojanti lazda puikiai tinka pa\u017eengusiems vartotojams ir sportiniam treniruot\u0117ms.  Rankena\/Slopinimo elementai: Juodas Desmopan\u00ae  Svyruojantis laidas: Sidabrinis, daugkartinio gr\u016bdinimo spyruoklinis plienas  Galiniai dangteliai\/Da\u017enio reguliatorius: Juodas PU su pilkomis juostomis  Pateikiama ne\u0161iojamoje krep\u0161yje su peties dir\u017eeliu","og_url":"https:\/\/staging.bioswing.ee\/lt\/toode\/bioswing-improve-130\/","og_site_name":"BIOSWING","article_modified_time":"2024-12-05T12:38:28+00:00","og_image":[{"width":1500,"height":2000,"url":"https:\/\/bioswing.ee\/wp-content\/uploads\/2024\/11\/Improve-130-150.jpg","type":"image\/jpeg"}],"twitter_card":"summary_large_image","schema":{"@context":"https:\/\/schema.org","@graph":[{"@type":"WebPage","@id":"https:\/\/staging.bioswing.ee\/lt\/toode\/bioswing-improve-130\/","url":"https:\/\/staging.bioswing.ee\/lt\/toode\/bioswing-improve-130\/","name":"BIOSWING Improve\u00ae 130 - BIOSWING","isPartOf":{"@id":"https:\/\/staging.bioswing.ee\/lt\/#website"},"primaryImageOfPage":{"@id":"https:\/\/staging.bioswing.ee\/lt\/toode\/bioswing-improve-130\/#primaryimage"},"image":{"@id":"https:\/\/staging.bioswing.ee\/lt\/toode\/bioswing-improve-130\/#primaryimage"},"thumbnailUrl":"https:\/\/staging.bioswing.ee\/wp-content\/uploads\/2024\/11\/Improve-130-150.jpg","datePublished":"2024-11-21T14:33:54+00:00","dateModified":"2024-12-05T12:38:28+00:00","breadcrumb":{"@id":"https:\/\/staging.bioswing.ee\/lt\/toode\/bioswing-improve-130\/#breadcrumb"},"inLanguage":"lt-LT","potentialAction":[{"@type":"ReadAction","target":["https:\/\/staging.bioswing.ee\/lt\/toode\/bioswing-improve-130\/"]}]},{"@type":"ImageObject","inLanguage":"lt-LT","@id":"https:\/\/staging.bioswing.ee\/lt\/toode\/bioswing-improve-130\/#primaryimage","url":"https:\/\/staging.bioswing.ee\/wp-content\/uploads\/2024\/11\/Improve-130-150.jpg","contentUrl":"https:\/\/staging.bioswing.ee\/wp-content\/uploads\/2024\/11\/Improve-130-150.jpg","width":1500,"height":2000,"caption":"BIOSWING Improve\u00ae 150 & 130"},{"@type":"BreadcrumbList","@id":"https:\/\/staging.bioswing.ee\/lt\/toode\/bioswing-improve-130\/#breadcrumb","itemListElement":[{"@type":"ListItem","position":1,"name":"Home","item":"https:\/\/bioswing.ee\/lt\/"},{"@type":"ListItem","position":2,"name":"Shop","item":"https:\/\/bioswing.ee\/lt\/shop-2\/"},{"@type":"ListItem","position":3,"name":"BIOSWING Improve\u00ae 130"}]},{"@type":"WebSite","@id":"https:\/\/staging.bioswing.ee\/lt\/#website","url":"https:\/\/staging.bioswing.ee\/lt\/","name":"BIOSWING","description":"Smart solutions for healthy sitting","publisher":{"@id":"https:\/\/staging.bioswing.ee\/lt\/#organization"},"potentialAction":[{"@type":"SearchAction","target":{"@type":"EntryPoint","urlTemplate":"https:\/\/staging.bioswing.ee\/lt\/?s={search_term_string}"},"query-input":{"@type":"PropertyValueSpecification","valueRequired":true,"valueName":"search_term_string"}}],"inLanguage":"lt-LT"},{"@type":"Organization","@id":"https:\/\/staging.bioswing.ee\/lt\/#organization","name":"BIOSWING","url":"https:\/\/staging.bioswing.ee\/lt\/","logo":{"@type":"ImageObject","inLanguage":"lt-LT","@id":"https:\/\/staging.bioswing.ee\/lt\/#\/schema\/logo\/image\/","url":"https:\/\/staging.bioswing.ee\/wp-content\/uploads\/2023\/04\/logo_web.png","contentUrl":"https:\/\/staging.bioswing.ee\/wp-content\/uploads\/2023\/04\/logo_web.png","width":140,"height":122,"caption":"BIOSWING"},"image":{"@id":"https:\/\/staging.bioswing.ee\/lt\/#\/schema\/logo\/image\/"}}]}},"_links":{"self":[{"href":"https:\/\/staging.bioswing.ee\/lt\/wp-json\/wp\/v2\/product\/15526","targetHints":{"allow":["GET"]}}],"collection":[{"href":"https:\/\/staging.bioswing.ee\/lt\/wp-json\/wp\/v2\/product"}],"about":[{"href":"https:\/\/staging.bioswing.ee\/lt\/wp-json\/wp\/v2\/types\/product"}],"wp:featuredmedia":[{"embeddable":true,"href":"https:\/\/staging.bioswing.ee\/lt\/wp-json\/wp\/v2\/media\/14393"}],"wp:attachment":[{"href":"https:\/\/staging.bioswing.ee\/lt\/wp-json\/wp\/v2\/media?parent=15526"}],"wp:term":[{"taxonomy":"product_brand","embeddable":true,"href":"https:\/\/staging.bioswing.ee\/lt\/wp-json\/wp\/v2\/product_brand?post=15526"},{"taxonomy":"product_cat","embeddable":true,"href":"https:\/\/staging.bioswing.ee\/lt\/wp-json\/wp\/v2\/product_cat?post=15526"},{"taxonomy":"product_tag","embeddable":true,"href":"https:\/\/staging.bioswing.ee\/lt\/wp-json\/wp\/v2\/product_tag?post=15526"}],"curies":[{"name":"wp","href":"https:\/\/api.w.org\/{rel}","templated":true}]}}