{"id":15588,"date":"2024-11-21T08:27:53","date_gmt":"2024-11-21T08:27:53","guid":{"rendered":"https:\/\/staging.bioswing.ee\/toode\/bioswing-propriomed-100\/"},"modified":"2024-11-28T12:18:10","modified_gmt":"2024-11-28T12:18:10","slug":"bioswing-propriomed-100","status":"publish","type":"product","link":"https:\/\/staging.bioswing.ee\/lt\/toode\/bioswing-propriomed-100\/","title":{"rendered":"BIOSWING\u00ae Propriomed\u00ae 100"},"content":{"rendered":"","protected":false},"excerpt":{"rendered":"<p><strong>BIOSWING Propriomed<sup>\u00ae<\/sup> 100<\/strong> (pilkas) yra 100 cm ilgio specialus svyruojantis strypas, skirtas rankos, alk\u016bn\u0117s, peties, kaklo stuburo ir vaik\u0173 reabilitacijai. Lengvas strypas sukurtas ma\u017eoms svyravim\u0173 amplitud\u0117ms, da\u017eni\u0173 spektru nuo 4,8 iki 6,0 Hz. Jame yra da\u017enio reguliatorius abiejose pus\u0117se ir trys susukti spyruokliniai laidai s\u0105nariams draugi\u0161kam svyravim\u0173 slopinimui. <\/p>\n<ul>\n<li>Rankena: Juodas aliuminis<\/li>\n<li>Svyruojantys laidai: Sidabrinis, daugkartinio gr\u016bdinimo spyruoklinis plienas<\/li>\n<li>Svyruojan\u010dio laido ilgis: 100 cm<\/li>\n<li>Galiniai dangteliai\/Da\u017enio reguliatorius: Juodas PU<\/li>\n<li>Pateikiamas u\u017esukamame apsauginiame vamzdelyje su instrukcija<\/li>\n<\/ul>\n","protected":false},"featured_media":14323,"template":"","meta":[],"product_brand":[],"product_cat":[844],"product_tag":[],"class_list":{"0":"post-15588","1":"product","2":"type-product","3":"status-publish","4":"has-post-thumbnail","6":"product_cat-propriomed-lt","8":"first","9":"instock","10":"taxable","11":"shipping-taxable","12":"purchasable","13":"product-type-simple"},"yoast_head":"<!-- This site is optimized with the Yoast SEO plugin v27.1.1 - https:\/\/yoast.com\/product\/yoast-seo-wordpress\/ -->\n<title>BIOSWING\u00ae Propriomed\u00ae 100 - BIOSWING<\/title>\n<meta name=\"robots\" content=\"noindex, follow, max-snippet:-1, max-image-preview:large, max-video-preview:-1\" \/>\n<meta property=\"og:locale\" content=\"lt_LT\" \/>\n<meta property=\"og:type\" content=\"article\" \/>\n<meta property=\"og:title\" content=\"BIOSWING\u00ae Propriomed\u00ae 100 - BIOSWING\" \/>\n<meta property=\"og:description\" content=\"BIOSWING Propriomed\u00ae 100 (pilkas) yra 100 cm ilgio specialus svyruojantis strypas, skirtas rankos, alk\u016bn\u0117s, peties, kaklo stuburo ir vaik\u0173 reabilitacijai. Lengvas strypas sukurtas ma\u017eoms svyravim\u0173 amplitud\u0117ms, da\u017eni\u0173 spektru nuo 4,8 iki 6,0 Hz. Jame yra da\u017enio reguliatorius abiejose pus\u0117se ir trys susukti spyruokliniai laidai s\u0105nariams draugi\u0161kam svyravim\u0173 slopinimui.   Rankena: Juodas aliuminis  Svyruojantys laidai: Sidabrinis, daugkartinio gr\u016bdinimo spyruoklinis plienas  Svyruojan\u010dio laido ilgis: 100 cm  Galiniai dangteliai\/Da\u017enio reguliatorius: Juodas PU  Pateikiamas u\u017esukamame apsauginiame vamzdelyje su instrukcija\" \/>\n<meta property=\"og:url\" content=\"https:\/\/staging.bioswing.ee\/lt\/toode\/bioswing-propriomed-100\/\" \/>\n<meta property=\"og:site_name\" content=\"BIOSWING\" \/>\n<meta property=\"article:modified_time\" content=\"2024-11-28T12:18:10+00:00\" \/>\n<meta property=\"og:image\" content=\"https:\/\/bioswing.ee\/wp-content\/uploads\/2024\/11\/propriomed100.jpg\" \/>\n\t<meta property=\"og:image:width\" content=\"1500\" \/>\n\t<meta property=\"og:image:height\" content=\"2000\" \/>\n\t<meta property=\"og:image:type\" content=\"image\/jpeg\" \/>\n<meta name=\"twitter:card\" content=\"summary_large_image\" \/>\n<script type=\"application\/ld+json\" class=\"yoast-schema-graph\">{\"@context\":\"https:\/\/schema.org\",\"@graph\":[{\"@type\":\"WebPage\",\"@id\":\"https:\/\/staging.bioswing.ee\/lt\/toode\/bioswing-propriomed-100\/\",\"url\":\"https:\/\/staging.bioswing.ee\/lt\/toode\/bioswing-propriomed-100\/\",\"name\":\"BIOSWING\u00ae Propriomed\u00ae 100 - BIOSWING\",\"isPartOf\":{\"@id\":\"https:\/\/staging.bioswing.ee\/lt\/#website\"},\"primaryImageOfPage\":{\"@id\":\"https:\/\/staging.bioswing.ee\/lt\/toode\/bioswing-propriomed-100\/#primaryimage\"},\"image\":{\"@id\":\"https:\/\/staging.bioswing.ee\/lt\/toode\/bioswing-propriomed-100\/#primaryimage\"},\"thumbnailUrl\":\"https:\/\/staging.bioswing.ee\/wp-content\/uploads\/2024\/11\/propriomed100.jpg\",\"datePublished\":\"2024-11-21T08:27:53+00:00\",\"dateModified\":\"2024-11-28T12:18:10+00:00\",\"breadcrumb\":{\"@id\":\"https:\/\/staging.bioswing.ee\/lt\/toode\/bioswing-propriomed-100\/#breadcrumb\"},\"inLanguage\":\"lt-LT\",\"potentialAction\":[{\"@type\":\"ReadAction\",\"target\":[\"https:\/\/staging.bioswing.ee\/lt\/toode\/bioswing-propriomed-100\/\"]}]},{\"@type\":\"ImageObject\",\"inLanguage\":\"lt-LT\",\"@id\":\"https:\/\/staging.bioswing.ee\/lt\/toode\/bioswing-propriomed-100\/#primaryimage\",\"url\":\"https:\/\/staging.bioswing.ee\/wp-content\/uploads\/2024\/11\/propriomed100.jpg\",\"contentUrl\":\"https:\/\/staging.bioswing.ee\/wp-content\/uploads\/2024\/11\/propriomed100.jpg\",\"width\":1500,\"height\":2000,\"caption\":\"BIOSWING\u00ae Propriomed\u00ae 100\"},{\"@type\":\"BreadcrumbList\",\"@id\":\"https:\/\/staging.bioswing.ee\/lt\/toode\/bioswing-propriomed-100\/#breadcrumb\",\"itemListElement\":[{\"@type\":\"ListItem\",\"position\":1,\"name\":\"Home\",\"item\":\"https:\/\/bioswing.ee\/lt\/\"},{\"@type\":\"ListItem\",\"position\":2,\"name\":\"Shop\",\"item\":\"https:\/\/bioswing.ee\/lt\/shop-2\/\"},{\"@type\":\"ListItem\",\"position\":3,\"name\":\"BIOSWING\u00ae Propriomed\u00ae 100\"}]},{\"@type\":\"WebSite\",\"@id\":\"https:\/\/staging.bioswing.ee\/lt\/#website\",\"url\":\"https:\/\/staging.bioswing.ee\/lt\/\",\"name\":\"BIOSWING\",\"description\":\"Smart solutions for healthy sitting\",\"publisher\":{\"@id\":\"https:\/\/staging.bioswing.ee\/lt\/#organization\"},\"potentialAction\":[{\"@type\":\"SearchAction\",\"target\":{\"@type\":\"EntryPoint\",\"urlTemplate\":\"https:\/\/staging.bioswing.ee\/lt\/?s={search_term_string}\"},\"query-input\":{\"@type\":\"PropertyValueSpecification\",\"valueRequired\":true,\"valueName\":\"search_term_string\"}}],\"inLanguage\":\"lt-LT\"},{\"@type\":\"Organization\",\"@id\":\"https:\/\/staging.bioswing.ee\/lt\/#organization\",\"name\":\"BIOSWING\",\"url\":\"https:\/\/staging.bioswing.ee\/lt\/\",\"logo\":{\"@type\":\"ImageObject\",\"inLanguage\":\"lt-LT\",\"@id\":\"https:\/\/staging.bioswing.ee\/lt\/#\/schema\/logo\/image\/\",\"url\":\"https:\/\/staging.bioswing.ee\/wp-content\/uploads\/2023\/04\/logo_web.png\",\"contentUrl\":\"https:\/\/staging.bioswing.ee\/wp-content\/uploads\/2023\/04\/logo_web.png\",\"width\":140,\"height\":122,\"caption\":\"BIOSWING\"},\"image\":{\"@id\":\"https:\/\/staging.bioswing.ee\/lt\/#\/schema\/logo\/image\/\"}}]}<\/script>\n<!-- \/ Yoast SEO plugin. -->","yoast_head_json":{"title":"BIOSWING\u00ae Propriomed\u00ae 100 - BIOSWING","robots":{"index":"noindex","follow":"follow","max-snippet":"max-snippet:-1","max-image-preview":"max-image-preview:large","max-video-preview":"max-video-preview:-1"},"og_locale":"lt_LT","og_type":"article","og_title":"BIOSWING\u00ae Propriomed\u00ae 100 - BIOSWING","og_description":"BIOSWING Propriomed\u00ae 100 (pilkas) yra 100 cm ilgio specialus svyruojantis strypas, skirtas rankos, alk\u016bn\u0117s, peties, kaklo stuburo ir vaik\u0173 reabilitacijai. Lengvas strypas sukurtas ma\u017eoms svyravim\u0173 amplitud\u0117ms, da\u017eni\u0173 spektru nuo 4,8 iki 6,0 Hz. Jame yra da\u017enio reguliatorius abiejose pus\u0117se ir trys susukti spyruokliniai laidai s\u0105nariams draugi\u0161kam svyravim\u0173 slopinimui.   Rankena: Juodas aliuminis  Svyruojantys laidai: Sidabrinis, daugkartinio gr\u016bdinimo spyruoklinis plienas  Svyruojan\u010dio laido ilgis: 100 cm  Galiniai dangteliai\/Da\u017enio reguliatorius: Juodas PU  Pateikiamas u\u017esukamame apsauginiame vamzdelyje su instrukcija","og_url":"https:\/\/staging.bioswing.ee\/lt\/toode\/bioswing-propriomed-100\/","og_site_name":"BIOSWING","article_modified_time":"2024-11-28T12:18:10+00:00","og_image":[{"width":1500,"height":2000,"url":"https:\/\/bioswing.ee\/wp-content\/uploads\/2024\/11\/propriomed100.jpg","type":"image\/jpeg"}],"twitter_card":"summary_large_image","schema":{"@context":"https:\/\/schema.org","@graph":[{"@type":"WebPage","@id":"https:\/\/staging.bioswing.ee\/lt\/toode\/bioswing-propriomed-100\/","url":"https:\/\/staging.bioswing.ee\/lt\/toode\/bioswing-propriomed-100\/","name":"BIOSWING\u00ae Propriomed\u00ae 100 - BIOSWING","isPartOf":{"@id":"https:\/\/staging.bioswing.ee\/lt\/#website"},"primaryImageOfPage":{"@id":"https:\/\/staging.bioswing.ee\/lt\/toode\/bioswing-propriomed-100\/#primaryimage"},"image":{"@id":"https:\/\/staging.bioswing.ee\/lt\/toode\/bioswing-propriomed-100\/#primaryimage"},"thumbnailUrl":"https:\/\/staging.bioswing.ee\/wp-content\/uploads\/2024\/11\/propriomed100.jpg","datePublished":"2024-11-21T08:27:53+00:00","dateModified":"2024-11-28T12:18:10+00:00","breadcrumb":{"@id":"https:\/\/staging.bioswing.ee\/lt\/toode\/bioswing-propriomed-100\/#breadcrumb"},"inLanguage":"lt-LT","potentialAction":[{"@type":"ReadAction","target":["https:\/\/staging.bioswing.ee\/lt\/toode\/bioswing-propriomed-100\/"]}]},{"@type":"ImageObject","inLanguage":"lt-LT","@id":"https:\/\/staging.bioswing.ee\/lt\/toode\/bioswing-propriomed-100\/#primaryimage","url":"https:\/\/staging.bioswing.ee\/wp-content\/uploads\/2024\/11\/propriomed100.jpg","contentUrl":"https:\/\/staging.bioswing.ee\/wp-content\/uploads\/2024\/11\/propriomed100.jpg","width":1500,"height":2000,"caption":"BIOSWING\u00ae Propriomed\u00ae 100"},{"@type":"BreadcrumbList","@id":"https:\/\/staging.bioswing.ee\/lt\/toode\/bioswing-propriomed-100\/#breadcrumb","itemListElement":[{"@type":"ListItem","position":1,"name":"Home","item":"https:\/\/bioswing.ee\/lt\/"},{"@type":"ListItem","position":2,"name":"Shop","item":"https:\/\/bioswing.ee\/lt\/shop-2\/"},{"@type":"ListItem","position":3,"name":"BIOSWING\u00ae Propriomed\u00ae 100"}]},{"@type":"WebSite","@id":"https:\/\/staging.bioswing.ee\/lt\/#website","url":"https:\/\/staging.bioswing.ee\/lt\/","name":"BIOSWING","description":"Smart solutions for healthy sitting","publisher":{"@id":"https:\/\/staging.bioswing.ee\/lt\/#organization"},"potentialAction":[{"@type":"SearchAction","target":{"@type":"EntryPoint","urlTemplate":"https:\/\/staging.bioswing.ee\/lt\/?s={search_term_string}"},"query-input":{"@type":"PropertyValueSpecification","valueRequired":true,"valueName":"search_term_string"}}],"inLanguage":"lt-LT"},{"@type":"Organization","@id":"https:\/\/staging.bioswing.ee\/lt\/#organization","name":"BIOSWING","url":"https:\/\/staging.bioswing.ee\/lt\/","logo":{"@type":"ImageObject","inLanguage":"lt-LT","@id":"https:\/\/staging.bioswing.ee\/lt\/#\/schema\/logo\/image\/","url":"https:\/\/staging.bioswing.ee\/wp-content\/uploads\/2023\/04\/logo_web.png","contentUrl":"https:\/\/staging.bioswing.ee\/wp-content\/uploads\/2023\/04\/logo_web.png","width":140,"height":122,"caption":"BIOSWING"},"image":{"@id":"https:\/\/staging.bioswing.ee\/lt\/#\/schema\/logo\/image\/"}}]}},"_links":{"self":[{"href":"https:\/\/staging.bioswing.ee\/lt\/wp-json\/wp\/v2\/product\/15588","targetHints":{"allow":["GET"]}}],"collection":[{"href":"https:\/\/staging.bioswing.ee\/lt\/wp-json\/wp\/v2\/product"}],"about":[{"href":"https:\/\/staging.bioswing.ee\/lt\/wp-json\/wp\/v2\/types\/product"}],"wp:featuredmedia":[{"embeddable":true,"href":"https:\/\/staging.bioswing.ee\/lt\/wp-json\/wp\/v2\/media\/14323"}],"wp:attachment":[{"href":"https:\/\/staging.bioswing.ee\/lt\/wp-json\/wp\/v2\/media?parent=15588"}],"wp:term":[{"taxonomy":"product_brand","embeddable":true,"href":"https:\/\/staging.bioswing.ee\/lt\/wp-json\/wp\/v2\/product_brand?post=15588"},{"taxonomy":"product_cat","embeddable":true,"href":"https:\/\/staging.bioswing.ee\/lt\/wp-json\/wp\/v2\/product_cat?post=15588"},{"taxonomy":"product_tag","embeddable":true,"href":"https:\/\/staging.bioswing.ee\/lt\/wp-json\/wp\/v2\/product_tag?post=15588"}],"curies":[{"name":"wp","href":"https:\/\/api.w.org\/{rel}","templated":true}]}}