{"id":15708,"date":"2024-11-18T13:06:51","date_gmt":"2024-11-18T13:06:51","guid":{"rendered":"https:\/\/staging.bioswing.ee\/toode\/bioswing-osg-module\/"},"modified":"2024-11-28T09:25:01","modified_gmt":"2024-11-28T09:25:01","slug":"bioswing-osg-module","status":"publish","type":"product","link":"https:\/\/staging.bioswing.ee\/lt\/toode\/bioswing-osg-module\/","title":{"rendered":"BIOSWING\u00ae OSG modulis"},"content":{"rendered":"","protected":false},"excerpt":{"rendered":"<p>I\u0161ple\u010dia si\u016bbuojan\u010di\u0105 terapijos platform\u0105, pridedant pasvirimo a\u0161\u012f su ribotu kampu. \u010ciurnos s\u0105nariai skatinami u\u017etikrinti didesn\u012f stabilum\u0105 \u012fvairiose jud\u0117jimo a\u0161yse. Terapijos pavir\u0161iaus pasvirimo a\u0161is gali b\u016bti u\u017efiksuota 45\u00b0. Pagrindas \u00d8 32 cm, simetri\u0161kas\/asimetri\u0161kas 7\u00b0, 10\u00b0, 15\u00b0 ir 20\u00b0 pasvirimas su kampo rodmeniu.<br \/>Prietaiso jungtis: Posturomed 202 ir compact<br \/>Plastiku padengtas, spalva sidabrin\u0117\/juoda   <\/p>\n","protected":false},"featured_media":14230,"template":"","meta":[],"product_brand":[],"product_cat":[854],"product_tag":[],"class_list":{"0":"post-15708","1":"product","2":"type-product","3":"status-publish","4":"has-post-thumbnail","6":"product_cat-posturomed-lt","8":"first","9":"instock","10":"taxable","11":"shipping-taxable","12":"purchasable","13":"product-type-simple"},"yoast_head":"<!-- This site is optimized with the Yoast SEO plugin v27.1.1 - https:\/\/yoast.com\/product\/yoast-seo-wordpress\/ -->\n<title>BIOSWING\u00ae OSG modulis - BIOSWING<\/title>\n<meta name=\"robots\" content=\"noindex, follow, max-snippet:-1, max-image-preview:large, max-video-preview:-1\" \/>\n<meta property=\"og:locale\" content=\"lt_LT\" \/>\n<meta property=\"og:type\" content=\"article\" \/>\n<meta property=\"og:title\" content=\"BIOSWING\u00ae OSG modulis - BIOSWING\" \/>\n<meta property=\"og:description\" content=\"I\u0161ple\u010dia si\u016bbuojan\u010di\u0105 terapijos platform\u0105, pridedant pasvirimo a\u0161\u012f su ribotu kampu. \u010ciurnos s\u0105nariai skatinami u\u017etikrinti didesn\u012f stabilum\u0105 \u012fvairiose jud\u0117jimo a\u0161yse. Terapijos pavir\u0161iaus pasvirimo a\u0161is gali b\u016bti u\u017efiksuota 45\u00b0. Pagrindas \u00d8 32 cm, simetri\u0161kas\/asimetri\u0161kas 7\u00b0, 10\u00b0, 15\u00b0 ir 20\u00b0 pasvirimas su kampo rodmeniu.Prietaiso jungtis: Posturomed 202 ir compactPlastiku padengtas, spalva sidabrin\u0117\/juoda\" \/>\n<meta property=\"og:url\" content=\"https:\/\/staging.bioswing.ee\/lt\/toode\/bioswing-osg-module\/\" \/>\n<meta property=\"og:site_name\" content=\"BIOSWING\" \/>\n<meta property=\"article:modified_time\" content=\"2024-11-28T09:25:01+00:00\" \/>\n<meta property=\"og:image\" content=\"https:\/\/bioswing.ee\/wp-content\/uploads\/2024\/11\/OSG_Modul.jpg\" \/>\n\t<meta property=\"og:image:width\" content=\"1500\" \/>\n\t<meta property=\"og:image:height\" content=\"2000\" \/>\n\t<meta property=\"og:image:type\" content=\"image\/jpeg\" \/>\n<meta name=\"twitter:card\" content=\"summary_large_image\" \/>\n<script type=\"application\/ld+json\" class=\"yoast-schema-graph\">{\"@context\":\"https:\/\/schema.org\",\"@graph\":[{\"@type\":\"WebPage\",\"@id\":\"https:\/\/staging.bioswing.ee\/lt\/toode\/bioswing-osg-module\/\",\"url\":\"https:\/\/staging.bioswing.ee\/lt\/toode\/bioswing-osg-module\/\",\"name\":\"BIOSWING\u00ae OSG modulis - BIOSWING\",\"isPartOf\":{\"@id\":\"https:\/\/staging.bioswing.ee\/lt\/#website\"},\"primaryImageOfPage\":{\"@id\":\"https:\/\/staging.bioswing.ee\/lt\/toode\/bioswing-osg-module\/#primaryimage\"},\"image\":{\"@id\":\"https:\/\/staging.bioswing.ee\/lt\/toode\/bioswing-osg-module\/#primaryimage\"},\"thumbnailUrl\":\"https:\/\/staging.bioswing.ee\/wp-content\/uploads\/2024\/11\/OSG_Modul.jpg\",\"datePublished\":\"2024-11-18T13:06:51+00:00\",\"dateModified\":\"2024-11-28T09:25:01+00:00\",\"breadcrumb\":{\"@id\":\"https:\/\/staging.bioswing.ee\/lt\/toode\/bioswing-osg-module\/#breadcrumb\"},\"inLanguage\":\"lt-LT\",\"potentialAction\":[{\"@type\":\"ReadAction\",\"target\":[\"https:\/\/staging.bioswing.ee\/lt\/toode\/bioswing-osg-module\/\"]}]},{\"@type\":\"ImageObject\",\"inLanguage\":\"lt-LT\",\"@id\":\"https:\/\/staging.bioswing.ee\/lt\/toode\/bioswing-osg-module\/#primaryimage\",\"url\":\"https:\/\/staging.bioswing.ee\/wp-content\/uploads\/2024\/11\/OSG_Modul.jpg\",\"contentUrl\":\"https:\/\/staging.bioswing.ee\/wp-content\/uploads\/2024\/11\/OSG_Modul.jpg\",\"width\":1500,\"height\":2000,\"caption\":\"BIOSWING\u00ae OSG-Modul\"},{\"@type\":\"BreadcrumbList\",\"@id\":\"https:\/\/staging.bioswing.ee\/lt\/toode\/bioswing-osg-module\/#breadcrumb\",\"itemListElement\":[{\"@type\":\"ListItem\",\"position\":1,\"name\":\"Home\",\"item\":\"https:\/\/bioswing.ee\/lt\/\"},{\"@type\":\"ListItem\",\"position\":2,\"name\":\"Shop\",\"item\":\"https:\/\/bioswing.ee\/lt\/shop-2\/\"},{\"@type\":\"ListItem\",\"position\":3,\"name\":\"BIOSWING\u00ae OSG modulis\"}]},{\"@type\":\"WebSite\",\"@id\":\"https:\/\/staging.bioswing.ee\/lt\/#website\",\"url\":\"https:\/\/staging.bioswing.ee\/lt\/\",\"name\":\"BIOSWING\",\"description\":\"Smart solutions for healthy sitting\",\"publisher\":{\"@id\":\"https:\/\/staging.bioswing.ee\/lt\/#organization\"},\"potentialAction\":[{\"@type\":\"SearchAction\",\"target\":{\"@type\":\"EntryPoint\",\"urlTemplate\":\"https:\/\/staging.bioswing.ee\/lt\/?s={search_term_string}\"},\"query-input\":{\"@type\":\"PropertyValueSpecification\",\"valueRequired\":true,\"valueName\":\"search_term_string\"}}],\"inLanguage\":\"lt-LT\"},{\"@type\":\"Organization\",\"@id\":\"https:\/\/staging.bioswing.ee\/lt\/#organization\",\"name\":\"BIOSWING\",\"url\":\"https:\/\/staging.bioswing.ee\/lt\/\",\"logo\":{\"@type\":\"ImageObject\",\"inLanguage\":\"lt-LT\",\"@id\":\"https:\/\/staging.bioswing.ee\/lt\/#\/schema\/logo\/image\/\",\"url\":\"https:\/\/staging.bioswing.ee\/wp-content\/uploads\/2023\/04\/logo_web.png\",\"contentUrl\":\"https:\/\/staging.bioswing.ee\/wp-content\/uploads\/2023\/04\/logo_web.png\",\"width\":140,\"height\":122,\"caption\":\"BIOSWING\"},\"image\":{\"@id\":\"https:\/\/staging.bioswing.ee\/lt\/#\/schema\/logo\/image\/\"}}]}<\/script>\n<!-- \/ Yoast SEO plugin. -->","yoast_head_json":{"title":"BIOSWING\u00ae OSG modulis - BIOSWING","robots":{"index":"noindex","follow":"follow","max-snippet":"max-snippet:-1","max-image-preview":"max-image-preview:large","max-video-preview":"max-video-preview:-1"},"og_locale":"lt_LT","og_type":"article","og_title":"BIOSWING\u00ae OSG modulis - BIOSWING","og_description":"I\u0161ple\u010dia si\u016bbuojan\u010di\u0105 terapijos platform\u0105, pridedant pasvirimo a\u0161\u012f su ribotu kampu. \u010ciurnos s\u0105nariai skatinami u\u017etikrinti didesn\u012f stabilum\u0105 \u012fvairiose jud\u0117jimo a\u0161yse. Terapijos pavir\u0161iaus pasvirimo a\u0161is gali b\u016bti u\u017efiksuota 45\u00b0. Pagrindas \u00d8 32 cm, simetri\u0161kas\/asimetri\u0161kas 7\u00b0, 10\u00b0, 15\u00b0 ir 20\u00b0 pasvirimas su kampo rodmeniu.Prietaiso jungtis: Posturomed 202 ir compactPlastiku padengtas, spalva sidabrin\u0117\/juoda","og_url":"https:\/\/staging.bioswing.ee\/lt\/toode\/bioswing-osg-module\/","og_site_name":"BIOSWING","article_modified_time":"2024-11-28T09:25:01+00:00","og_image":[{"width":1500,"height":2000,"url":"https:\/\/bioswing.ee\/wp-content\/uploads\/2024\/11\/OSG_Modul.jpg","type":"image\/jpeg"}],"twitter_card":"summary_large_image","schema":{"@context":"https:\/\/schema.org","@graph":[{"@type":"WebPage","@id":"https:\/\/staging.bioswing.ee\/lt\/toode\/bioswing-osg-module\/","url":"https:\/\/staging.bioswing.ee\/lt\/toode\/bioswing-osg-module\/","name":"BIOSWING\u00ae OSG modulis - BIOSWING","isPartOf":{"@id":"https:\/\/staging.bioswing.ee\/lt\/#website"},"primaryImageOfPage":{"@id":"https:\/\/staging.bioswing.ee\/lt\/toode\/bioswing-osg-module\/#primaryimage"},"image":{"@id":"https:\/\/staging.bioswing.ee\/lt\/toode\/bioswing-osg-module\/#primaryimage"},"thumbnailUrl":"https:\/\/staging.bioswing.ee\/wp-content\/uploads\/2024\/11\/OSG_Modul.jpg","datePublished":"2024-11-18T13:06:51+00:00","dateModified":"2024-11-28T09:25:01+00:00","breadcrumb":{"@id":"https:\/\/staging.bioswing.ee\/lt\/toode\/bioswing-osg-module\/#breadcrumb"},"inLanguage":"lt-LT","potentialAction":[{"@type":"ReadAction","target":["https:\/\/staging.bioswing.ee\/lt\/toode\/bioswing-osg-module\/"]}]},{"@type":"ImageObject","inLanguage":"lt-LT","@id":"https:\/\/staging.bioswing.ee\/lt\/toode\/bioswing-osg-module\/#primaryimage","url":"https:\/\/staging.bioswing.ee\/wp-content\/uploads\/2024\/11\/OSG_Modul.jpg","contentUrl":"https:\/\/staging.bioswing.ee\/wp-content\/uploads\/2024\/11\/OSG_Modul.jpg","width":1500,"height":2000,"caption":"BIOSWING\u00ae OSG-Modul"},{"@type":"BreadcrumbList","@id":"https:\/\/staging.bioswing.ee\/lt\/toode\/bioswing-osg-module\/#breadcrumb","itemListElement":[{"@type":"ListItem","position":1,"name":"Home","item":"https:\/\/bioswing.ee\/lt\/"},{"@type":"ListItem","position":2,"name":"Shop","item":"https:\/\/bioswing.ee\/lt\/shop-2\/"},{"@type":"ListItem","position":3,"name":"BIOSWING\u00ae OSG modulis"}]},{"@type":"WebSite","@id":"https:\/\/staging.bioswing.ee\/lt\/#website","url":"https:\/\/staging.bioswing.ee\/lt\/","name":"BIOSWING","description":"Smart solutions for healthy sitting","publisher":{"@id":"https:\/\/staging.bioswing.ee\/lt\/#organization"},"potentialAction":[{"@type":"SearchAction","target":{"@type":"EntryPoint","urlTemplate":"https:\/\/staging.bioswing.ee\/lt\/?s={search_term_string}"},"query-input":{"@type":"PropertyValueSpecification","valueRequired":true,"valueName":"search_term_string"}}],"inLanguage":"lt-LT"},{"@type":"Organization","@id":"https:\/\/staging.bioswing.ee\/lt\/#organization","name":"BIOSWING","url":"https:\/\/staging.bioswing.ee\/lt\/","logo":{"@type":"ImageObject","inLanguage":"lt-LT","@id":"https:\/\/staging.bioswing.ee\/lt\/#\/schema\/logo\/image\/","url":"https:\/\/staging.bioswing.ee\/wp-content\/uploads\/2023\/04\/logo_web.png","contentUrl":"https:\/\/staging.bioswing.ee\/wp-content\/uploads\/2023\/04\/logo_web.png","width":140,"height":122,"caption":"BIOSWING"},"image":{"@id":"https:\/\/staging.bioswing.ee\/lt\/#\/schema\/logo\/image\/"}}]}},"_links":{"self":[{"href":"https:\/\/staging.bioswing.ee\/lt\/wp-json\/wp\/v2\/product\/15708","targetHints":{"allow":["GET"]}}],"collection":[{"href":"https:\/\/staging.bioswing.ee\/lt\/wp-json\/wp\/v2\/product"}],"about":[{"href":"https:\/\/staging.bioswing.ee\/lt\/wp-json\/wp\/v2\/types\/product"}],"wp:featuredmedia":[{"embeddable":true,"href":"https:\/\/staging.bioswing.ee\/lt\/wp-json\/wp\/v2\/media\/14230"}],"wp:attachment":[{"href":"https:\/\/staging.bioswing.ee\/lt\/wp-json\/wp\/v2\/media?parent=15708"}],"wp:term":[{"taxonomy":"product_brand","embeddable":true,"href":"https:\/\/staging.bioswing.ee\/lt\/wp-json\/wp\/v2\/product_brand?post=15708"},{"taxonomy":"product_cat","embeddable":true,"href":"https:\/\/staging.bioswing.ee\/lt\/wp-json\/wp\/v2\/product_cat?post=15708"},{"taxonomy":"product_tag","embeddable":true,"href":"https:\/\/staging.bioswing.ee\/lt\/wp-json\/wp\/v2\/product_tag?post=15708"}],"curies":[{"name":"wp","href":"https:\/\/api.w.org\/{rel}","templated":true}]}}