{"id":15734,"date":"2024-11-18T12:55:49","date_gmt":"2024-11-18T12:55:49","guid":{"rendered":"https:\/\/staging.bioswing.ee\/toode\/bioswing-posturomed-compact\/"},"modified":"2024-11-28T08:56:16","modified_gmt":"2024-11-28T08:56:16","slug":"bioswing-posturomed-compact","status":"publish","type":"product","link":"https:\/\/staging.bioswing.ee\/lt\/toode\/bioswing-posturomed-compact\/","title":{"rendered":"BIOSWING\u00ae Posturomed\u00ae compact"},"content":{"rendered":"","protected":false},"excerpt":{"rendered":"<p>BIOSWING Posturomed\u00ae compact sukurtas su 40 x 40 cm terapijos platforma ir vienpusiu sulankstomu tur\u0117klu su rankena mobiliajam naudojimui.<\/p>\n<ul>\n<li>Terapijos zona 40 x 40 cm, padengta plastiku<\/li>\n<li>2 svyruojan\u010dios grandin\u0117s, viena su dvigubu u\u017eraktu<\/li>\n<li>Vienpusis sulankstomas tur\u0117klas su dideliais transportavimo ratais<\/li>\n<li>Ne\u0161imo rankena ir reguliuojamos kojel\u0117s<\/li>\n<li>Matmenys A 994 x P 699 x G 614 mm (i\u0161skleistas)<\/li>\n<li>Maksimalus apkrovimas 180 kg, bendras svoris 26,8 kg<\/li>\n<li>Spalva sidabrin\u0117\/juoda\/raudona, medicinos prietaiso klas\u0117 I<\/li>\n<\/ul>\n","protected":false},"featured_media":14220,"template":"","meta":[],"product_brand":[],"product_cat":[854],"product_tag":[],"class_list":{"0":"post-15734","1":"product","2":"type-product","3":"status-publish","4":"has-post-thumbnail","6":"product_cat-posturomed-lt","8":"first","9":"instock","10":"taxable","11":"shipping-taxable","12":"purchasable","13":"product-type-simple"},"yoast_head":"<!-- This site is optimized with the Yoast SEO plugin v27.1.1 - https:\/\/yoast.com\/product\/yoast-seo-wordpress\/ -->\n<title>BIOSWING\u00ae Posturomed\u00ae compact - BIOSWING<\/title>\n<meta name=\"robots\" content=\"noindex, follow, max-snippet:-1, max-image-preview:large, max-video-preview:-1\" \/>\n<meta property=\"og:locale\" content=\"lt_LT\" \/>\n<meta property=\"og:type\" content=\"article\" \/>\n<meta property=\"og:title\" content=\"BIOSWING\u00ae Posturomed\u00ae compact - BIOSWING\" \/>\n<meta property=\"og:description\" content=\"BIOSWING Posturomed\u00ae compact sukurtas su 40 x 40 cm terapijos platforma ir vienpusiu sulankstomu tur\u0117klu su rankena mobiliajam naudojimui.  Terapijos zona 40 x 40 cm, padengta plastiku  2 svyruojan\u010dios grandin\u0117s, viena su dvigubu u\u017eraktu  Vienpusis sulankstomas tur\u0117klas su dideliais transportavimo ratais  Ne\u0161imo rankena ir reguliuojamos kojel\u0117s  Matmenys A 994 x P 699 x G 614 mm (i\u0161skleistas)  Maksimalus apkrovimas 180 kg, bendras svoris 26,8 kg  Spalva sidabrin\u0117\/juoda\/raudona, medicinos prietaiso klas\u0117 I\" \/>\n<meta property=\"og:url\" content=\"https:\/\/staging.bioswing.ee\/lt\/toode\/bioswing-posturomed-compact\/\" \/>\n<meta property=\"og:site_name\" content=\"BIOSWING\" \/>\n<meta property=\"article:modified_time\" content=\"2024-11-28T08:56:16+00:00\" \/>\n<meta property=\"og:image\" content=\"https:\/\/bioswing.ee\/wp-content\/uploads\/2024\/11\/posturomed_compact.jpg\" \/>\n\t<meta property=\"og:image:width\" content=\"1500\" \/>\n\t<meta property=\"og:image:height\" content=\"2000\" \/>\n\t<meta property=\"og:image:type\" content=\"image\/jpeg\" \/>\n<meta name=\"twitter:card\" content=\"summary_large_image\" \/>\n<script type=\"application\/ld+json\" class=\"yoast-schema-graph\">{\"@context\":\"https:\/\/schema.org\",\"@graph\":[{\"@type\":\"WebPage\",\"@id\":\"https:\/\/staging.bioswing.ee\/lt\/toode\/bioswing-posturomed-compact\/\",\"url\":\"https:\/\/staging.bioswing.ee\/lt\/toode\/bioswing-posturomed-compact\/\",\"name\":\"BIOSWING\u00ae Posturomed\u00ae compact - BIOSWING\",\"isPartOf\":{\"@id\":\"https:\/\/staging.bioswing.ee\/lt\/#website\"},\"primaryImageOfPage\":{\"@id\":\"https:\/\/staging.bioswing.ee\/lt\/toode\/bioswing-posturomed-compact\/#primaryimage\"},\"image\":{\"@id\":\"https:\/\/staging.bioswing.ee\/lt\/toode\/bioswing-posturomed-compact\/#primaryimage\"},\"thumbnailUrl\":\"https:\/\/staging.bioswing.ee\/wp-content\/uploads\/2024\/11\/posturomed_compact.jpg\",\"datePublished\":\"2024-11-18T12:55:49+00:00\",\"dateModified\":\"2024-11-28T08:56:16+00:00\",\"breadcrumb\":{\"@id\":\"https:\/\/staging.bioswing.ee\/lt\/toode\/bioswing-posturomed-compact\/#breadcrumb\"},\"inLanguage\":\"lt-LT\",\"potentialAction\":[{\"@type\":\"ReadAction\",\"target\":[\"https:\/\/staging.bioswing.ee\/lt\/toode\/bioswing-posturomed-compact\/\"]}]},{\"@type\":\"ImageObject\",\"inLanguage\":\"lt-LT\",\"@id\":\"https:\/\/staging.bioswing.ee\/lt\/toode\/bioswing-posturomed-compact\/#primaryimage\",\"url\":\"https:\/\/staging.bioswing.ee\/wp-content\/uploads\/2024\/11\/posturomed_compact.jpg\",\"contentUrl\":\"https:\/\/staging.bioswing.ee\/wp-content\/uploads\/2024\/11\/posturomed_compact.jpg\",\"width\":1500,\"height\":2000,\"caption\":\"BIOSWING\u00ae Posturomed\u00ae compact\"},{\"@type\":\"BreadcrumbList\",\"@id\":\"https:\/\/staging.bioswing.ee\/lt\/toode\/bioswing-posturomed-compact\/#breadcrumb\",\"itemListElement\":[{\"@type\":\"ListItem\",\"position\":1,\"name\":\"Home\",\"item\":\"https:\/\/bioswing.ee\/lt\/\"},{\"@type\":\"ListItem\",\"position\":2,\"name\":\"Shop\",\"item\":\"https:\/\/bioswing.ee\/lt\/shop-2\/\"},{\"@type\":\"ListItem\",\"position\":3,\"name\":\"BIOSWING\u00ae Posturomed\u00ae compact\"}]},{\"@type\":\"WebSite\",\"@id\":\"https:\/\/staging.bioswing.ee\/lt\/#website\",\"url\":\"https:\/\/staging.bioswing.ee\/lt\/\",\"name\":\"BIOSWING\",\"description\":\"Smart solutions for healthy sitting\",\"publisher\":{\"@id\":\"https:\/\/staging.bioswing.ee\/lt\/#organization\"},\"potentialAction\":[{\"@type\":\"SearchAction\",\"target\":{\"@type\":\"EntryPoint\",\"urlTemplate\":\"https:\/\/staging.bioswing.ee\/lt\/?s={search_term_string}\"},\"query-input\":{\"@type\":\"PropertyValueSpecification\",\"valueRequired\":true,\"valueName\":\"search_term_string\"}}],\"inLanguage\":\"lt-LT\"},{\"@type\":\"Organization\",\"@id\":\"https:\/\/staging.bioswing.ee\/lt\/#organization\",\"name\":\"BIOSWING\",\"url\":\"https:\/\/staging.bioswing.ee\/lt\/\",\"logo\":{\"@type\":\"ImageObject\",\"inLanguage\":\"lt-LT\",\"@id\":\"https:\/\/staging.bioswing.ee\/lt\/#\/schema\/logo\/image\/\",\"url\":\"https:\/\/staging.bioswing.ee\/wp-content\/uploads\/2023\/04\/logo_web.png\",\"contentUrl\":\"https:\/\/staging.bioswing.ee\/wp-content\/uploads\/2023\/04\/logo_web.png\",\"width\":140,\"height\":122,\"caption\":\"BIOSWING\"},\"image\":{\"@id\":\"https:\/\/staging.bioswing.ee\/lt\/#\/schema\/logo\/image\/\"}}]}<\/script>\n<!-- \/ Yoast SEO plugin. -->","yoast_head_json":{"title":"BIOSWING\u00ae Posturomed\u00ae compact - BIOSWING","robots":{"index":"noindex","follow":"follow","max-snippet":"max-snippet:-1","max-image-preview":"max-image-preview:large","max-video-preview":"max-video-preview:-1"},"og_locale":"lt_LT","og_type":"article","og_title":"BIOSWING\u00ae Posturomed\u00ae compact - BIOSWING","og_description":"BIOSWING Posturomed\u00ae compact sukurtas su 40 x 40 cm terapijos platforma ir vienpusiu sulankstomu tur\u0117klu su rankena mobiliajam naudojimui.  Terapijos zona 40 x 40 cm, padengta plastiku  2 svyruojan\u010dios grandin\u0117s, viena su dvigubu u\u017eraktu  Vienpusis sulankstomas tur\u0117klas su dideliais transportavimo ratais  Ne\u0161imo rankena ir reguliuojamos kojel\u0117s  Matmenys A 994 x P 699 x G 614 mm (i\u0161skleistas)  Maksimalus apkrovimas 180 kg, bendras svoris 26,8 kg  Spalva sidabrin\u0117\/juoda\/raudona, medicinos prietaiso klas\u0117 I","og_url":"https:\/\/staging.bioswing.ee\/lt\/toode\/bioswing-posturomed-compact\/","og_site_name":"BIOSWING","article_modified_time":"2024-11-28T08:56:16+00:00","og_image":[{"width":1500,"height":2000,"url":"https:\/\/bioswing.ee\/wp-content\/uploads\/2024\/11\/posturomed_compact.jpg","type":"image\/jpeg"}],"twitter_card":"summary_large_image","schema":{"@context":"https:\/\/schema.org","@graph":[{"@type":"WebPage","@id":"https:\/\/staging.bioswing.ee\/lt\/toode\/bioswing-posturomed-compact\/","url":"https:\/\/staging.bioswing.ee\/lt\/toode\/bioswing-posturomed-compact\/","name":"BIOSWING\u00ae Posturomed\u00ae compact - BIOSWING","isPartOf":{"@id":"https:\/\/staging.bioswing.ee\/lt\/#website"},"primaryImageOfPage":{"@id":"https:\/\/staging.bioswing.ee\/lt\/toode\/bioswing-posturomed-compact\/#primaryimage"},"image":{"@id":"https:\/\/staging.bioswing.ee\/lt\/toode\/bioswing-posturomed-compact\/#primaryimage"},"thumbnailUrl":"https:\/\/staging.bioswing.ee\/wp-content\/uploads\/2024\/11\/posturomed_compact.jpg","datePublished":"2024-11-18T12:55:49+00:00","dateModified":"2024-11-28T08:56:16+00:00","breadcrumb":{"@id":"https:\/\/staging.bioswing.ee\/lt\/toode\/bioswing-posturomed-compact\/#breadcrumb"},"inLanguage":"lt-LT","potentialAction":[{"@type":"ReadAction","target":["https:\/\/staging.bioswing.ee\/lt\/toode\/bioswing-posturomed-compact\/"]}]},{"@type":"ImageObject","inLanguage":"lt-LT","@id":"https:\/\/staging.bioswing.ee\/lt\/toode\/bioswing-posturomed-compact\/#primaryimage","url":"https:\/\/staging.bioswing.ee\/wp-content\/uploads\/2024\/11\/posturomed_compact.jpg","contentUrl":"https:\/\/staging.bioswing.ee\/wp-content\/uploads\/2024\/11\/posturomed_compact.jpg","width":1500,"height":2000,"caption":"BIOSWING\u00ae Posturomed\u00ae compact"},{"@type":"BreadcrumbList","@id":"https:\/\/staging.bioswing.ee\/lt\/toode\/bioswing-posturomed-compact\/#breadcrumb","itemListElement":[{"@type":"ListItem","position":1,"name":"Home","item":"https:\/\/bioswing.ee\/lt\/"},{"@type":"ListItem","position":2,"name":"Shop","item":"https:\/\/bioswing.ee\/lt\/shop-2\/"},{"@type":"ListItem","position":3,"name":"BIOSWING\u00ae Posturomed\u00ae compact"}]},{"@type":"WebSite","@id":"https:\/\/staging.bioswing.ee\/lt\/#website","url":"https:\/\/staging.bioswing.ee\/lt\/","name":"BIOSWING","description":"Smart solutions for healthy sitting","publisher":{"@id":"https:\/\/staging.bioswing.ee\/lt\/#organization"},"potentialAction":[{"@type":"SearchAction","target":{"@type":"EntryPoint","urlTemplate":"https:\/\/staging.bioswing.ee\/lt\/?s={search_term_string}"},"query-input":{"@type":"PropertyValueSpecification","valueRequired":true,"valueName":"search_term_string"}}],"inLanguage":"lt-LT"},{"@type":"Organization","@id":"https:\/\/staging.bioswing.ee\/lt\/#organization","name":"BIOSWING","url":"https:\/\/staging.bioswing.ee\/lt\/","logo":{"@type":"ImageObject","inLanguage":"lt-LT","@id":"https:\/\/staging.bioswing.ee\/lt\/#\/schema\/logo\/image\/","url":"https:\/\/staging.bioswing.ee\/wp-content\/uploads\/2023\/04\/logo_web.png","contentUrl":"https:\/\/staging.bioswing.ee\/wp-content\/uploads\/2023\/04\/logo_web.png","width":140,"height":122,"caption":"BIOSWING"},"image":{"@id":"https:\/\/staging.bioswing.ee\/lt\/#\/schema\/logo\/image\/"}}]}},"_links":{"self":[{"href":"https:\/\/staging.bioswing.ee\/lt\/wp-json\/wp\/v2\/product\/15734","targetHints":{"allow":["GET"]}}],"collection":[{"href":"https:\/\/staging.bioswing.ee\/lt\/wp-json\/wp\/v2\/product"}],"about":[{"href":"https:\/\/staging.bioswing.ee\/lt\/wp-json\/wp\/v2\/types\/product"}],"wp:featuredmedia":[{"embeddable":true,"href":"https:\/\/staging.bioswing.ee\/lt\/wp-json\/wp\/v2\/media\/14220"}],"wp:attachment":[{"href":"https:\/\/staging.bioswing.ee\/lt\/wp-json\/wp\/v2\/media?parent=15734"}],"wp:term":[{"taxonomy":"product_brand","embeddable":true,"href":"https:\/\/staging.bioswing.ee\/lt\/wp-json\/wp\/v2\/product_brand?post=15734"},{"taxonomy":"product_cat","embeddable":true,"href":"https:\/\/staging.bioswing.ee\/lt\/wp-json\/wp\/v2\/product_cat?post=15734"},{"taxonomy":"product_tag","embeddable":true,"href":"https:\/\/staging.bioswing.ee\/lt\/wp-json\/wp\/v2\/product_tag?post=15734"}],"curies":[{"name":"wp","href":"https:\/\/api.w.org\/{rel}","templated":true}]}}