{"id":18904,"date":"2024-12-02T09:13:45","date_gmt":"2024-12-02T09:13:45","guid":{"rendered":"https:\/\/staging.bioswing.ee\/toode\/bioswing-golf-performer-3-0\/"},"modified":"2024-12-05T10:14:03","modified_gmt":"2024-12-05T10:14:03","slug":"bioswing-golf-performer-3-0","status":"publish","type":"product","link":"https:\/\/staging.bioswing.ee\/lt\/toode\/bioswing-golf-performer-3-0\/","title":{"rendered":"BIOSWING\u00ae Golf Performer 3.0"},"content":{"rendered":"<div><iframe title=\"YouTube video player\" src=\"https:\/\/www.youtube.com\/embed\/VqFnX6sJnwY?si=Bfao19Eqq8l6ZFmY\" width=\"100%\" height=\"500\" frameborder=\"0\" allowfullscreen=\"allowfullscreen\"><\/iframe><\/div>\n<p><strong>Svyravimo mechanizmas<\/strong><br \/>Tai yra pagrindinis BIOSWING\u00ae Golf Performer elementas. Mechanizmas u\u017etikrina, kad stov\u0117jimo platforma b\u016bt\u0173 dinami\u0161kai sumontuota ir tur\u0117t\u0173 du atskirai \u012fjungiamus bei i\u0161jungiamus svyravimo ciklus ir jungiam\u0105j\u0105 dal\u012f. Prireikus svyravimo ciklus galima visi\u0161kai sustabdyti.<\/p>\n<p><strong>Stov\u0117jimo platforma<\/strong><br \/>BIOSWING\u00ae Golf Performer stov\u0117jimo platforma yra padengta auk\u0161tos kokyb\u0117s dirbtin\u0117s nailono \u017eol\u0117s golfo kilim\u0117liu. J\u012f galima naudoti su visais standartiniais golfo batais, kuriuose yra mink\u0161ti dygliai arba plastikiniai spaustukai. Platformos pasvirimo kamp\u0105 galima reguliuoti dviem lygiais visomis keturiomis kryptimis iki 7,5\u00b0, u\u017etikrinant optimal\u0173 treniravim\u0105si \u0161laituose tiek fiksuotoje, tiek laisvai svyruojan\u010dioje platformos pad\u0117tyje.<\/p>\n<p><strong>Tee baz\u0117<\/strong><br \/>Tee baz\u0117 turi auk\u0161tos kokyb\u0117s \u201efairway\u201c \u012fd\u0117kl\u0105, kuris suma\u017eina lazdos vibracijas netiksliai pataikius \u012f kamuoliuk\u0105 (fat shot). Kilim\u0117lyje yra penki \u012fgilinti laikikliai sraigtiniams tee. Tee baz\u0117s auk\u0161t\u012f galima nuolat reguliuoti \u2013 galima tiek padidinti, tiek suma\u017einti auk\u0161t\u012f. Taip pat galima reguliuoti atstum\u0105 nuo stov\u0117jimo platformos iki tee baz\u0117s, kad tiek \u017eemesni, tiek auk\u0161tesni \u017eaid\u0117jai gal\u0117t\u0173 rasti sau idealiai tinkant\u012f i\u0161d\u0117stym\u0105, nepriklausomai nuo to, ar naudojamos trumpos lazdos, ar ilgi \u201edriver\u201c. Didelis kamuoliuk\u0173 krep\u0161ys pritvirtintas tiesiogiai prie \u201efairway\u201c kilim\u0117lio, tod\u0117l kamuoliuk\u0105 galima pakelti lazda. Be to, yra laikiklis, kuriame galima laikyti iki keturi\u0173 tee.<\/p>\n<p><strong>Pagrindin\u0117 strukt\u016bra<\/strong><br \/>Pagrindin\u0117 strukt\u016bra palaiko vis\u0105 BIOSWING\u00ae Golf Performer ir yra apr\u016bpinta pneumatin\u0117mis padangomis. Tai leid\u017eia Golf Performer lengvai perkelti \u012f treniruo\u010di\u0173 aik\u0161tel\u0119, naudojant integruot\u0105 ranken\u0105.<br \/>D\u0117l dviej\u0173 reguliuojam\u0173 kojeli\u0173 u\u017e padang\u0173 \u012frengin\u012f galima laikyti vertikalioje pad\u0117tyje prie sienos.           <\/p>\n","protected":false},"excerpt":{"rendered":"<p>BIOSWING\u00ae Golf Performer yra sensomotorinis treniruo\u010di\u0173 prietaisas, skirtas golfo specifiniams judesi\u0173 modeliams lavinti, \u012fskaitant ilgus ir trumpus sm\u016bgius bei \u017eaidim\u0105 \u0161laituose. Prietaisas suteikia pa\u017eang\u0173 sensorin\u012f gr\u012f\u017etam\u0105j\u012f ry\u0161\u012f.<br \/>Golf Performer pagr\u012fstas BIOSWING\u00ae Posturomed modeliu. BIOSWING Posturomed\u00ae buvo pristatytas rinkoje 1995 m. kaip pirmasis slopintas sensomotorinis terapijos \u012frenginys su nestabiliais svyravimais. Jo k\u016brimas prasid\u0117jo dar devintojo de\u0161imtme\u010dio pabaigoje glaud\u017eiai bendradarbiaujant su \u012fmon\u0117s \u012fk\u016br\u0117ju Eduardu Haideriu, praktika ir mokslu u\u017esiiman\u010diais kineziterapeutais bei medicinos specialistais.   <\/p>\n","protected":false},"featured_media":18850,"template":"","meta":[],"product_brand":[],"product_cat":[931],"product_tag":[],"class_list":{"0":"post-18904","1":"product","2":"type-product","3":"status-publish","4":"has-post-thumbnail","6":"product_cat-golf-performer-lt","8":"first","9":"instock","10":"taxable","11":"shipping-taxable","12":"purchasable","13":"product-type-simple"},"yoast_head":"<!-- This site is optimized with the Yoast SEO plugin v27.1.1 - https:\/\/yoast.com\/product\/yoast-seo-wordpress\/ -->\n<title>BIOSWING\u00ae Golf Performer 3.0 - BIOSWING<\/title>\n<meta name=\"robots\" content=\"noindex, follow, max-snippet:-1, max-image-preview:large, max-video-preview:-1\" \/>\n<meta property=\"og:locale\" content=\"lt_LT\" \/>\n<meta property=\"og:type\" content=\"article\" \/>\n<meta property=\"og:title\" content=\"BIOSWING\u00ae Golf Performer 3.0 - BIOSWING\" \/>\n<meta property=\"og:description\" content=\"BIOSWING\u00ae Golf Performer yra sensomotorinis treniruo\u010di\u0173 prietaisas, skirtas golfo specifiniams judesi\u0173 modeliams lavinti, \u012fskaitant ilgus ir trumpus sm\u016bgius bei \u017eaidim\u0105 \u0161laituose. Prietaisas suteikia pa\u017eang\u0173 sensorin\u012f gr\u012f\u017etam\u0105j\u012f ry\u0161\u012f.Golf Performer pagr\u012fstas BIOSWING\u00ae Posturomed modeliu. BIOSWING Posturomed\u00ae buvo pristatytas rinkoje 1995 m. kaip pirmasis slopintas sensomotorinis terapijos \u012frenginys su nestabiliais svyravimais. Jo k\u016brimas prasid\u0117jo dar devintojo de\u0161imtme\u010dio pabaigoje glaud\u017eiai bendradarbiaujant su \u012fmon\u0117s \u012fk\u016br\u0117ju Eduardu Haideriu, praktika ir mokslu u\u017esiiman\u010diais kineziterapeutais bei medicinos specialistais.\" \/>\n<meta property=\"og:url\" content=\"https:\/\/staging.bioswing.ee\/lt\/toode\/bioswing-golf-performer-3-0\/\" \/>\n<meta property=\"og:site_name\" content=\"BIOSWING\" \/>\n<meta property=\"article:modified_time\" content=\"2024-12-05T10:14:03+00:00\" \/>\n<meta property=\"og:image\" content=\"https:\/\/bioswing.ee\/wp-content\/uploads\/2024\/12\/jon_taylor_perfomer_bearbeitet.jpg\" \/>\n\t<meta property=\"og:image:width\" content=\"1500\" \/>\n\t<meta property=\"og:image:height\" content=\"2000\" \/>\n\t<meta property=\"og:image:type\" content=\"image\/jpeg\" \/>\n<meta name=\"twitter:card\" content=\"summary_large_image\" \/>\n<meta name=\"twitter:label1\" content=\"Est. reading time\" \/>\n\t<meta name=\"twitter:data1\" content=\"1 minut\u0117\" \/>\n<script type=\"application\/ld+json\" class=\"yoast-schema-graph\">{\"@context\":\"https:\/\/schema.org\",\"@graph\":[{\"@type\":\"WebPage\",\"@id\":\"https:\/\/staging.bioswing.ee\/lt\/toode\/bioswing-golf-performer-3-0\/\",\"url\":\"https:\/\/staging.bioswing.ee\/lt\/toode\/bioswing-golf-performer-3-0\/\",\"name\":\"BIOSWING\u00ae Golf Performer 3.0 - BIOSWING\",\"isPartOf\":{\"@id\":\"https:\/\/staging.bioswing.ee\/lt\/#website\"},\"primaryImageOfPage\":{\"@id\":\"https:\/\/staging.bioswing.ee\/lt\/toode\/bioswing-golf-performer-3-0\/#primaryimage\"},\"image\":{\"@id\":\"https:\/\/staging.bioswing.ee\/lt\/toode\/bioswing-golf-performer-3-0\/#primaryimage\"},\"thumbnailUrl\":\"https:\/\/staging.bioswing.ee\/wp-content\/uploads\/2024\/12\/jon_taylor_perfomer_bearbeitet.jpg\",\"datePublished\":\"2024-12-02T09:13:45+00:00\",\"dateModified\":\"2024-12-05T10:14:03+00:00\",\"breadcrumb\":{\"@id\":\"https:\/\/staging.bioswing.ee\/lt\/toode\/bioswing-golf-performer-3-0\/#breadcrumb\"},\"inLanguage\":\"lt-LT\",\"potentialAction\":[{\"@type\":\"ReadAction\",\"target\":[\"https:\/\/staging.bioswing.ee\/lt\/toode\/bioswing-golf-performer-3-0\/\"]}]},{\"@type\":\"ImageObject\",\"inLanguage\":\"lt-LT\",\"@id\":\"https:\/\/staging.bioswing.ee\/lt\/toode\/bioswing-golf-performer-3-0\/#primaryimage\",\"url\":\"https:\/\/staging.bioswing.ee\/wp-content\/uploads\/2024\/12\/jon_taylor_perfomer_bearbeitet.jpg\",\"contentUrl\":\"https:\/\/staging.bioswing.ee\/wp-content\/uploads\/2024\/12\/jon_taylor_perfomer_bearbeitet.jpg\",\"width\":1500,\"height\":2000,\"caption\":\"BIOSWING\u00ae Golf Performer\"},{\"@type\":\"BreadcrumbList\",\"@id\":\"https:\/\/staging.bioswing.ee\/lt\/toode\/bioswing-golf-performer-3-0\/#breadcrumb\",\"itemListElement\":[{\"@type\":\"ListItem\",\"position\":1,\"name\":\"Home\",\"item\":\"https:\/\/bioswing.ee\/lt\/\"},{\"@type\":\"ListItem\",\"position\":2,\"name\":\"Shop\",\"item\":\"https:\/\/bioswing.ee\/lt\/shop-2\/\"},{\"@type\":\"ListItem\",\"position\":3,\"name\":\"BIOSWING\u00ae Golf Performer 3.0\"}]},{\"@type\":\"WebSite\",\"@id\":\"https:\/\/staging.bioswing.ee\/lt\/#website\",\"url\":\"https:\/\/staging.bioswing.ee\/lt\/\",\"name\":\"BIOSWING\",\"description\":\"Smart solutions for healthy sitting\",\"publisher\":{\"@id\":\"https:\/\/staging.bioswing.ee\/lt\/#organization\"},\"potentialAction\":[{\"@type\":\"SearchAction\",\"target\":{\"@type\":\"EntryPoint\",\"urlTemplate\":\"https:\/\/staging.bioswing.ee\/lt\/?s={search_term_string}\"},\"query-input\":{\"@type\":\"PropertyValueSpecification\",\"valueRequired\":true,\"valueName\":\"search_term_string\"}}],\"inLanguage\":\"lt-LT\"},{\"@type\":\"Organization\",\"@id\":\"https:\/\/staging.bioswing.ee\/lt\/#organization\",\"name\":\"BIOSWING\",\"url\":\"https:\/\/staging.bioswing.ee\/lt\/\",\"logo\":{\"@type\":\"ImageObject\",\"inLanguage\":\"lt-LT\",\"@id\":\"https:\/\/staging.bioswing.ee\/lt\/#\/schema\/logo\/image\/\",\"url\":\"https:\/\/staging.bioswing.ee\/wp-content\/uploads\/2023\/04\/logo_web.png\",\"contentUrl\":\"https:\/\/staging.bioswing.ee\/wp-content\/uploads\/2023\/04\/logo_web.png\",\"width\":140,\"height\":122,\"caption\":\"BIOSWING\"},\"image\":{\"@id\":\"https:\/\/staging.bioswing.ee\/lt\/#\/schema\/logo\/image\/\"}}]}<\/script>\n<!-- \/ Yoast SEO plugin. -->","yoast_head_json":{"title":"BIOSWING\u00ae Golf Performer 3.0 - BIOSWING","robots":{"index":"noindex","follow":"follow","max-snippet":"max-snippet:-1","max-image-preview":"max-image-preview:large","max-video-preview":"max-video-preview:-1"},"og_locale":"lt_LT","og_type":"article","og_title":"BIOSWING\u00ae Golf Performer 3.0 - BIOSWING","og_description":"BIOSWING\u00ae Golf Performer yra sensomotorinis treniruo\u010di\u0173 prietaisas, skirtas golfo specifiniams judesi\u0173 modeliams lavinti, \u012fskaitant ilgus ir trumpus sm\u016bgius bei \u017eaidim\u0105 \u0161laituose. Prietaisas suteikia pa\u017eang\u0173 sensorin\u012f gr\u012f\u017etam\u0105j\u012f ry\u0161\u012f.Golf Performer pagr\u012fstas BIOSWING\u00ae Posturomed modeliu. BIOSWING Posturomed\u00ae buvo pristatytas rinkoje 1995 m. kaip pirmasis slopintas sensomotorinis terapijos \u012frenginys su nestabiliais svyravimais. Jo k\u016brimas prasid\u0117jo dar devintojo de\u0161imtme\u010dio pabaigoje glaud\u017eiai bendradarbiaujant su \u012fmon\u0117s \u012fk\u016br\u0117ju Eduardu Haideriu, praktika ir mokslu u\u017esiiman\u010diais kineziterapeutais bei medicinos specialistais.","og_url":"https:\/\/staging.bioswing.ee\/lt\/toode\/bioswing-golf-performer-3-0\/","og_site_name":"BIOSWING","article_modified_time":"2024-12-05T10:14:03+00:00","og_image":[{"width":1500,"height":2000,"url":"https:\/\/bioswing.ee\/wp-content\/uploads\/2024\/12\/jon_taylor_perfomer_bearbeitet.jpg","type":"image\/jpeg"}],"twitter_card":"summary_large_image","twitter_misc":{"Est. reading time":"1 minut\u0117"},"schema":{"@context":"https:\/\/schema.org","@graph":[{"@type":"WebPage","@id":"https:\/\/staging.bioswing.ee\/lt\/toode\/bioswing-golf-performer-3-0\/","url":"https:\/\/staging.bioswing.ee\/lt\/toode\/bioswing-golf-performer-3-0\/","name":"BIOSWING\u00ae Golf Performer 3.0 - BIOSWING","isPartOf":{"@id":"https:\/\/staging.bioswing.ee\/lt\/#website"},"primaryImageOfPage":{"@id":"https:\/\/staging.bioswing.ee\/lt\/toode\/bioswing-golf-performer-3-0\/#primaryimage"},"image":{"@id":"https:\/\/staging.bioswing.ee\/lt\/toode\/bioswing-golf-performer-3-0\/#primaryimage"},"thumbnailUrl":"https:\/\/staging.bioswing.ee\/wp-content\/uploads\/2024\/12\/jon_taylor_perfomer_bearbeitet.jpg","datePublished":"2024-12-02T09:13:45+00:00","dateModified":"2024-12-05T10:14:03+00:00","breadcrumb":{"@id":"https:\/\/staging.bioswing.ee\/lt\/toode\/bioswing-golf-performer-3-0\/#breadcrumb"},"inLanguage":"lt-LT","potentialAction":[{"@type":"ReadAction","target":["https:\/\/staging.bioswing.ee\/lt\/toode\/bioswing-golf-performer-3-0\/"]}]},{"@type":"ImageObject","inLanguage":"lt-LT","@id":"https:\/\/staging.bioswing.ee\/lt\/toode\/bioswing-golf-performer-3-0\/#primaryimage","url":"https:\/\/staging.bioswing.ee\/wp-content\/uploads\/2024\/12\/jon_taylor_perfomer_bearbeitet.jpg","contentUrl":"https:\/\/staging.bioswing.ee\/wp-content\/uploads\/2024\/12\/jon_taylor_perfomer_bearbeitet.jpg","width":1500,"height":2000,"caption":"BIOSWING\u00ae Golf Performer"},{"@type":"BreadcrumbList","@id":"https:\/\/staging.bioswing.ee\/lt\/toode\/bioswing-golf-performer-3-0\/#breadcrumb","itemListElement":[{"@type":"ListItem","position":1,"name":"Home","item":"https:\/\/bioswing.ee\/lt\/"},{"@type":"ListItem","position":2,"name":"Shop","item":"https:\/\/bioswing.ee\/lt\/shop-2\/"},{"@type":"ListItem","position":3,"name":"BIOSWING\u00ae Golf Performer 3.0"}]},{"@type":"WebSite","@id":"https:\/\/staging.bioswing.ee\/lt\/#website","url":"https:\/\/staging.bioswing.ee\/lt\/","name":"BIOSWING","description":"Smart solutions for healthy sitting","publisher":{"@id":"https:\/\/staging.bioswing.ee\/lt\/#organization"},"potentialAction":[{"@type":"SearchAction","target":{"@type":"EntryPoint","urlTemplate":"https:\/\/staging.bioswing.ee\/lt\/?s={search_term_string}"},"query-input":{"@type":"PropertyValueSpecification","valueRequired":true,"valueName":"search_term_string"}}],"inLanguage":"lt-LT"},{"@type":"Organization","@id":"https:\/\/staging.bioswing.ee\/lt\/#organization","name":"BIOSWING","url":"https:\/\/staging.bioswing.ee\/lt\/","logo":{"@type":"ImageObject","inLanguage":"lt-LT","@id":"https:\/\/staging.bioswing.ee\/lt\/#\/schema\/logo\/image\/","url":"https:\/\/staging.bioswing.ee\/wp-content\/uploads\/2023\/04\/logo_web.png","contentUrl":"https:\/\/staging.bioswing.ee\/wp-content\/uploads\/2023\/04\/logo_web.png","width":140,"height":122,"caption":"BIOSWING"},"image":{"@id":"https:\/\/staging.bioswing.ee\/lt\/#\/schema\/logo\/image\/"}}]}},"_links":{"self":[{"href":"https:\/\/staging.bioswing.ee\/lt\/wp-json\/wp\/v2\/product\/18904","targetHints":{"allow":["GET"]}}],"collection":[{"href":"https:\/\/staging.bioswing.ee\/lt\/wp-json\/wp\/v2\/product"}],"about":[{"href":"https:\/\/staging.bioswing.ee\/lt\/wp-json\/wp\/v2\/types\/product"}],"wp:featuredmedia":[{"embeddable":true,"href":"https:\/\/staging.bioswing.ee\/lt\/wp-json\/wp\/v2\/media\/18850"}],"wp:attachment":[{"href":"https:\/\/staging.bioswing.ee\/lt\/wp-json\/wp\/v2\/media?parent=18904"}],"wp:term":[{"taxonomy":"product_brand","embeddable":true,"href":"https:\/\/staging.bioswing.ee\/lt\/wp-json\/wp\/v2\/product_brand?post=18904"},{"taxonomy":"product_cat","embeddable":true,"href":"https:\/\/staging.bioswing.ee\/lt\/wp-json\/wp\/v2\/product_cat?post=18904"},{"taxonomy":"product_tag","embeddable":true,"href":"https:\/\/staging.bioswing.ee\/lt\/wp-json\/wp\/v2\/product_tag?post=18904"}],"curies":[{"name":"wp","href":"https:\/\/api.w.org\/{rel}","templated":true}]}}