{"id":20031,"date":"2024-12-03T11:34:12","date_gmt":"2024-12-03T11:34:12","guid":{"rendered":"https:\/\/staging.bioswing.ee\/toode\/bioswing-balancecoach-iq\/"},"modified":"2024-12-10T11:04:57","modified_gmt":"2024-12-10T11:04:57","slug":"bioswing-balancecoach-iq","status":"publish","type":"product","link":"https:\/\/staging.bioswing.ee\/lt\/toode\/bioswing-balancecoach-iq\/","title":{"rendered":"BIOSWING BalanceCoach iQ"},"content":{"rendered":"<p>Sistema pristatoma visi\u0161kai sukomplektuota ir yra lengvai bei greitai \u012fdiegiama. Ant jau visi\u0161kai surinkto Posturomed\u00ae 202 u\u017ededama sl\u0117gio paskirstymo matavimo plok\u0161t\u0117, kuri prijungiama prie stovo.  <strong>Komponentai:<\/strong><\/p>\n<ul>\n<li>Stovas<\/li>\n<li>32 coli\u0173 ekranas<\/li>\n<li>3D kamera<\/li>\n<li>Galingas integruotas kompiuteris<\/li>\n<li>Matavimo plok\u0161t\u0117<\/li>\n<li>Posturomed\u00ae<\/li>\n<\/ul>\n<p> Matavimo rezultatai gali b\u016bti eksportuojami naudojant QR kod\u0105.<br \/>Naudojant <strong>BALANCECOACH iQ<\/strong> program\u0117l\u0119, galima i\u0161saugoti ir dokumentuoti treniruot\u0117s rezultatus.<br \/>Zebris\u00ae sl\u0117gio paskirstymo matavimo plok\u0161t\u0117 specialiai pritaikyta Posturomed\u00ae \u012frenginiui. Ji yra ai\u0161kiai suskirstyta \u012f centrin\u0119 treniruo\u010di\u0173 zon\u0105 bei navigacijos zonas kair\u0117je ir de\u0161in\u0117j    <strong>Techniniai duomenys:<\/strong><\/p>\n<ul>\n<li><strong>Matmenys:<\/strong> 60 x 60 x 1.6 cm<\/li>\n<li><strong>Jutikli\u0173 skai\u010dius:<\/strong> 672<\/li>\n<li><strong>M\u0117gini\u0173 \u0117mimo da\u017enis:<\/strong> 100 Hz<\/li>\n<li><strong>Matavimo principas: <\/strong>Talpiniai sl\u0117gio jutikliai<\/li>\n<li><strong>Jungtis:<\/strong> USB<\/li>\n<\/ul>\n<p> Posturomed\u00ae treniruo\u010di\u0173 \u012frenginys turi pavir\u0161i\u0173, kuris gali svyruoti visomis horizontaliomis kryptimis ir yra reguliuojamas trimis lygiais (stabilus ir dvi svyravimo amplitud\u0117s).<br \/>Sl\u0117gio paskirstymo matavimo plok\u0161t\u0117 u\u017ededama ant visi\u0161kai surinkto Posturomed\u00ae ir prijungiama prie stovo. Vienintelis reikalavimas yra u\u017etikrinti, kad stovas b\u016bt\u0173 i\u0161d\u0117stytas priekyje, 1,5 metro atstumu. Beveik visi\u0161kai paruo\u0161tame stove tereikia pritvirtinti plok\u0161tes ir prijungti ekran\u0105 \u2013 ir viskas!<br \/><strong>Reikalinga erdv\u0117:<\/strong> Apie 2,50 x 1,00 metro   <\/p>\n","protected":false},"excerpt":{"rendered":"<p>Nuo 1995 met\u0173 BIOSWING Posturomed\u00ae yra garantija j\u016bs\u0173 sensomotorinei prevencijai ir treniruo\u010di\u0173 s\u0117kmei. 25-\u0173j\u0173 met\u0173 jubiliejaus proga mes pristatome nauj\u0105 trener\u012f, papildant\u012f Posturomed\u00ae: <strong>BIOSWING BalanceCoach iQ<\/strong>!<br \/><strong>BIOSWING BalanceCoach iQ<\/strong> yra programine \u012franga valdomas, intelektualus treniruo\u010di\u0173 sistema su integruotu virtualiu treneriu.<br \/>Posturomed\u00ae \u012frenginyje treniruojan\u010dio \u017emogaus judesi\u0173 kokyb\u0119 stebi special\u016bs sl\u0117gio jutikliai, esantys treniruo\u010di\u0173 plok\u0161t\u0117je, o ji realiuoju laiku vaizduojama grafi\u0161kai kaip \u201esl\u0117gio centras\u201c (COP). Naudojant kamer\u0105, treniruojantysis gali matyti save ekrane ir gauti tiesiogin\u012f vizualin\u012f atsiliepim\u0105 apie pratimo atlikim\u0105. Be to, treniruojantysis mato savo virtual\u0173 trener\u012f, kuris rodo pratimus, kuriuos reikia atlikti kartu. Kiekvienas koordinacijos pratimas yra individualiai pritaikytas treniruojan\u010diojo lygiui, u\u017etikrinant optimal\u0173 treniruo\u010di\u0173 i\u0161\u0161\u016bk\u012f.<br \/>Taip BalanceCoach iQ tampa idealiu koordinacijos treneriu j\u016bs\u0173 sveikatos, prevencijos, sporto, fitneso ir gerov\u0117s \u012fstaigoms.       <iframe width=\"100%\" height=\"315\" src=\"https:\/\/www.youtube.com\/embed\/s86k6aLgLfA?si=y-lqt7T4qBL3w59i\" title=\"YouTube video player\" frameborder=\"0\" allow=\"accelerometer; autoplay; clipboard-write; encrypted-media; gyroscope; picture-in-picture; web-share\" referrerpolicy=\"strict-origin-when-cross-origin\" allowfullscreen=\"\"><\/iframe><\/p>\n<p><iframe width=\"100%\" height=\"315\" src=\"https:\/\/www.youtube.com\/embed\/csY_Mt0uEZM?si=2nhhzGhK8-J4Bx1T\" title=\"YouTube video player\" frameborder=\"0\" allow=\"accelerometer; autoplay; clipboard-write; encrypted-media; gyroscope; picture-in-picture; web-share\" referrerpolicy=\"strict-origin-when-cross-origin\" allowfullscreen=\"\"><\/iframe><\/p>\n","protected":false},"featured_media":19534,"template":"","meta":[],"product_brand":[],"product_cat":[1020],"product_tag":[],"class_list":{"0":"post-20031","1":"product","2":"type-product","3":"status-publish","4":"has-post-thumbnail","6":"product_cat-balancecoach-lt","8":"first","9":"instock","10":"taxable","11":"shipping-taxable","12":"purchasable","13":"product-type-simple"},"yoast_head":"<!-- This site is optimized with the Yoast SEO plugin v27.1.1 - https:\/\/yoast.com\/product\/yoast-seo-wordpress\/ -->\n<title>BIOSWING BalanceCoach iQ - BIOSWING<\/title>\n<meta name=\"robots\" content=\"noindex, follow, max-snippet:-1, max-image-preview:large, max-video-preview:-1\" \/>\n<meta property=\"og:locale\" content=\"lt_LT\" \/>\n<meta property=\"og:type\" content=\"article\" \/>\n<meta property=\"og:title\" content=\"BIOSWING BalanceCoach iQ - BIOSWING\" \/>\n<meta property=\"og:description\" content=\"Nuo 1995 met\u0173 BIOSWING Posturomed\u00ae yra garantija j\u016bs\u0173 sensomotorinei prevencijai ir treniruo\u010di\u0173 s\u0117kmei. 25-\u0173j\u0173 met\u0173 jubiliejaus proga mes pristatome nauj\u0105 trener\u012f, papildant\u012f Posturomed\u00ae: BIOSWING BalanceCoach iQ!BIOSWING BalanceCoach iQ yra programine \u012franga valdomas, intelektualus treniruo\u010di\u0173 sistema su integruotu virtualiu treneriu.Posturomed\u00ae \u012frenginyje treniruojan\u010dio \u017emogaus judesi\u0173 kokyb\u0119 stebi special\u016bs sl\u0117gio jutikliai, esantys treniruo\u010di\u0173 plok\u0161t\u0117je, o ji realiuoju laiku vaizduojama grafi\u0161kai kaip \u201esl\u0117gio centras\u201c (COP). Naudojant kamer\u0105, treniruojantysis gali matyti save ekrane ir gauti tiesiogin\u012f vizualin\u012f atsiliepim\u0105 apie pratimo atlikim\u0105. Be to, treniruojantysis mato savo virtual\u0173 trener\u012f, kuris rodo pratimus, kuriuos reikia atlikti kartu. Kiekvienas koordinacijos pratimas yra individualiai pritaikytas treniruojan\u010diojo lygiui, u\u017etikrinant optimal\u0173 treniruo\u010di\u0173 i\u0161\u0161\u016bk\u012f.Taip BalanceCoach iQ tampa idealiu koordinacijos treneriu j\u016bs\u0173 sveikatos, prevencijos, sporto, fitneso ir gerov\u0117s \u012fstaigoms.\" \/>\n<meta property=\"og:url\" content=\"https:\/\/staging.bioswing.ee\/lt\/toode\/bioswing-balancecoach-iq\/\" \/>\n<meta property=\"og:site_name\" content=\"BIOSWING\" \/>\n<meta property=\"article:modified_time\" content=\"2024-12-10T11:04:57+00:00\" \/>\n<meta property=\"og:image\" content=\"https:\/\/bioswing.ee\/wp-content\/uploads\/2024\/12\/BalanceCoach_iQ.jpg\" \/>\n\t<meta property=\"og:image:width\" content=\"900\" \/>\n\t<meta property=\"og:image:height\" content=\"1200\" \/>\n\t<meta property=\"og:image:type\" content=\"image\/jpeg\" \/>\n<meta name=\"twitter:card\" content=\"summary_large_image\" \/>\n<meta name=\"twitter:label1\" content=\"Est. reading time\" \/>\n\t<meta name=\"twitter:data1\" content=\"2 minut\u0117s\" \/>\n<script type=\"application\/ld+json\" class=\"yoast-schema-graph\">{\"@context\":\"https:\/\/schema.org\",\"@graph\":[{\"@type\":\"WebPage\",\"@id\":\"https:\/\/staging.bioswing.ee\/lt\/toode\/bioswing-balancecoach-iq\/\",\"url\":\"https:\/\/staging.bioswing.ee\/lt\/toode\/bioswing-balancecoach-iq\/\",\"name\":\"BIOSWING BalanceCoach iQ - BIOSWING\",\"isPartOf\":{\"@id\":\"https:\/\/staging.bioswing.ee\/lt\/#website\"},\"primaryImageOfPage\":{\"@id\":\"https:\/\/staging.bioswing.ee\/lt\/toode\/bioswing-balancecoach-iq\/#primaryimage\"},\"image\":{\"@id\":\"https:\/\/staging.bioswing.ee\/lt\/toode\/bioswing-balancecoach-iq\/#primaryimage\"},\"thumbnailUrl\":\"https:\/\/staging.bioswing.ee\/wp-content\/uploads\/2024\/12\/BalanceCoach_iQ.jpg\",\"datePublished\":\"2024-12-03T11:34:12+00:00\",\"dateModified\":\"2024-12-10T11:04:57+00:00\",\"breadcrumb\":{\"@id\":\"https:\/\/staging.bioswing.ee\/lt\/toode\/bioswing-balancecoach-iq\/#breadcrumb\"},\"inLanguage\":\"lt-LT\",\"potentialAction\":[{\"@type\":\"ReadAction\",\"target\":[\"https:\/\/staging.bioswing.ee\/lt\/toode\/bioswing-balancecoach-iq\/\"]}]},{\"@type\":\"ImageObject\",\"inLanguage\":\"lt-LT\",\"@id\":\"https:\/\/staging.bioswing.ee\/lt\/toode\/bioswing-balancecoach-iq\/#primaryimage\",\"url\":\"https:\/\/staging.bioswing.ee\/wp-content\/uploads\/2024\/12\/BalanceCoach_iQ.jpg\",\"contentUrl\":\"https:\/\/staging.bioswing.ee\/wp-content\/uploads\/2024\/12\/BalanceCoach_iQ.jpg\",\"width\":900,\"height\":1200,\"caption\":\"BIOSWING BalanceCoach iQ\"},{\"@type\":\"BreadcrumbList\",\"@id\":\"https:\/\/staging.bioswing.ee\/lt\/toode\/bioswing-balancecoach-iq\/#breadcrumb\",\"itemListElement\":[{\"@type\":\"ListItem\",\"position\":1,\"name\":\"Home\",\"item\":\"https:\/\/bioswing.ee\/lt\/\"},{\"@type\":\"ListItem\",\"position\":2,\"name\":\"Shop\",\"item\":\"https:\/\/bioswing.ee\/lt\/shop-2\/\"},{\"@type\":\"ListItem\",\"position\":3,\"name\":\"BIOSWING BalanceCoach iQ\"}]},{\"@type\":\"WebSite\",\"@id\":\"https:\/\/staging.bioswing.ee\/lt\/#website\",\"url\":\"https:\/\/staging.bioswing.ee\/lt\/\",\"name\":\"BIOSWING\",\"description\":\"Smart solutions for healthy sitting\",\"publisher\":{\"@id\":\"https:\/\/staging.bioswing.ee\/lt\/#organization\"},\"potentialAction\":[{\"@type\":\"SearchAction\",\"target\":{\"@type\":\"EntryPoint\",\"urlTemplate\":\"https:\/\/staging.bioswing.ee\/lt\/?s={search_term_string}\"},\"query-input\":{\"@type\":\"PropertyValueSpecification\",\"valueRequired\":true,\"valueName\":\"search_term_string\"}}],\"inLanguage\":\"lt-LT\"},{\"@type\":\"Organization\",\"@id\":\"https:\/\/staging.bioswing.ee\/lt\/#organization\",\"name\":\"BIOSWING\",\"url\":\"https:\/\/staging.bioswing.ee\/lt\/\",\"logo\":{\"@type\":\"ImageObject\",\"inLanguage\":\"lt-LT\",\"@id\":\"https:\/\/staging.bioswing.ee\/lt\/#\/schema\/logo\/image\/\",\"url\":\"https:\/\/staging.bioswing.ee\/wp-content\/uploads\/2023\/04\/logo_web.png\",\"contentUrl\":\"https:\/\/staging.bioswing.ee\/wp-content\/uploads\/2023\/04\/logo_web.png\",\"width\":140,\"height\":122,\"caption\":\"BIOSWING\"},\"image\":{\"@id\":\"https:\/\/staging.bioswing.ee\/lt\/#\/schema\/logo\/image\/\"}}]}<\/script>\n<!-- \/ Yoast SEO plugin. -->","yoast_head_json":{"title":"BIOSWING BalanceCoach iQ - BIOSWING","robots":{"index":"noindex","follow":"follow","max-snippet":"max-snippet:-1","max-image-preview":"max-image-preview:large","max-video-preview":"max-video-preview:-1"},"og_locale":"lt_LT","og_type":"article","og_title":"BIOSWING BalanceCoach iQ - BIOSWING","og_description":"Nuo 1995 met\u0173 BIOSWING Posturomed\u00ae yra garantija j\u016bs\u0173 sensomotorinei prevencijai ir treniruo\u010di\u0173 s\u0117kmei. 25-\u0173j\u0173 met\u0173 jubiliejaus proga mes pristatome nauj\u0105 trener\u012f, papildant\u012f Posturomed\u00ae: BIOSWING BalanceCoach iQ!BIOSWING BalanceCoach iQ yra programine \u012franga valdomas, intelektualus treniruo\u010di\u0173 sistema su integruotu virtualiu treneriu.Posturomed\u00ae \u012frenginyje treniruojan\u010dio \u017emogaus judesi\u0173 kokyb\u0119 stebi special\u016bs sl\u0117gio jutikliai, esantys treniruo\u010di\u0173 plok\u0161t\u0117je, o ji realiuoju laiku vaizduojama grafi\u0161kai kaip \u201esl\u0117gio centras\u201c (COP). Naudojant kamer\u0105, treniruojantysis gali matyti save ekrane ir gauti tiesiogin\u012f vizualin\u012f atsiliepim\u0105 apie pratimo atlikim\u0105. Be to, treniruojantysis mato savo virtual\u0173 trener\u012f, kuris rodo pratimus, kuriuos reikia atlikti kartu. Kiekvienas koordinacijos pratimas yra individualiai pritaikytas treniruojan\u010diojo lygiui, u\u017etikrinant optimal\u0173 treniruo\u010di\u0173 i\u0161\u0161\u016bk\u012f.Taip BalanceCoach iQ tampa idealiu koordinacijos treneriu j\u016bs\u0173 sveikatos, prevencijos, sporto, fitneso ir gerov\u0117s \u012fstaigoms.","og_url":"https:\/\/staging.bioswing.ee\/lt\/toode\/bioswing-balancecoach-iq\/","og_site_name":"BIOSWING","article_modified_time":"2024-12-10T11:04:57+00:00","og_image":[{"width":900,"height":1200,"url":"https:\/\/bioswing.ee\/wp-content\/uploads\/2024\/12\/BalanceCoach_iQ.jpg","type":"image\/jpeg"}],"twitter_card":"summary_large_image","twitter_misc":{"Est. reading time":"2 minut\u0117s"},"schema":{"@context":"https:\/\/schema.org","@graph":[{"@type":"WebPage","@id":"https:\/\/staging.bioswing.ee\/lt\/toode\/bioswing-balancecoach-iq\/","url":"https:\/\/staging.bioswing.ee\/lt\/toode\/bioswing-balancecoach-iq\/","name":"BIOSWING BalanceCoach iQ - BIOSWING","isPartOf":{"@id":"https:\/\/staging.bioswing.ee\/lt\/#website"},"primaryImageOfPage":{"@id":"https:\/\/staging.bioswing.ee\/lt\/toode\/bioswing-balancecoach-iq\/#primaryimage"},"image":{"@id":"https:\/\/staging.bioswing.ee\/lt\/toode\/bioswing-balancecoach-iq\/#primaryimage"},"thumbnailUrl":"https:\/\/staging.bioswing.ee\/wp-content\/uploads\/2024\/12\/BalanceCoach_iQ.jpg","datePublished":"2024-12-03T11:34:12+00:00","dateModified":"2024-12-10T11:04:57+00:00","breadcrumb":{"@id":"https:\/\/staging.bioswing.ee\/lt\/toode\/bioswing-balancecoach-iq\/#breadcrumb"},"inLanguage":"lt-LT","potentialAction":[{"@type":"ReadAction","target":["https:\/\/staging.bioswing.ee\/lt\/toode\/bioswing-balancecoach-iq\/"]}]},{"@type":"ImageObject","inLanguage":"lt-LT","@id":"https:\/\/staging.bioswing.ee\/lt\/toode\/bioswing-balancecoach-iq\/#primaryimage","url":"https:\/\/staging.bioswing.ee\/wp-content\/uploads\/2024\/12\/BalanceCoach_iQ.jpg","contentUrl":"https:\/\/staging.bioswing.ee\/wp-content\/uploads\/2024\/12\/BalanceCoach_iQ.jpg","width":900,"height":1200,"caption":"BIOSWING BalanceCoach iQ"},{"@type":"BreadcrumbList","@id":"https:\/\/staging.bioswing.ee\/lt\/toode\/bioswing-balancecoach-iq\/#breadcrumb","itemListElement":[{"@type":"ListItem","position":1,"name":"Home","item":"https:\/\/bioswing.ee\/lt\/"},{"@type":"ListItem","position":2,"name":"Shop","item":"https:\/\/bioswing.ee\/lt\/shop-2\/"},{"@type":"ListItem","position":3,"name":"BIOSWING BalanceCoach iQ"}]},{"@type":"WebSite","@id":"https:\/\/staging.bioswing.ee\/lt\/#website","url":"https:\/\/staging.bioswing.ee\/lt\/","name":"BIOSWING","description":"Smart solutions for healthy sitting","publisher":{"@id":"https:\/\/staging.bioswing.ee\/lt\/#organization"},"potentialAction":[{"@type":"SearchAction","target":{"@type":"EntryPoint","urlTemplate":"https:\/\/staging.bioswing.ee\/lt\/?s={search_term_string}"},"query-input":{"@type":"PropertyValueSpecification","valueRequired":true,"valueName":"search_term_string"}}],"inLanguage":"lt-LT"},{"@type":"Organization","@id":"https:\/\/staging.bioswing.ee\/lt\/#organization","name":"BIOSWING","url":"https:\/\/staging.bioswing.ee\/lt\/","logo":{"@type":"ImageObject","inLanguage":"lt-LT","@id":"https:\/\/staging.bioswing.ee\/lt\/#\/schema\/logo\/image\/","url":"https:\/\/staging.bioswing.ee\/wp-content\/uploads\/2023\/04\/logo_web.png","contentUrl":"https:\/\/staging.bioswing.ee\/wp-content\/uploads\/2023\/04\/logo_web.png","width":140,"height":122,"caption":"BIOSWING"},"image":{"@id":"https:\/\/staging.bioswing.ee\/lt\/#\/schema\/logo\/image\/"}}]}},"_links":{"self":[{"href":"https:\/\/staging.bioswing.ee\/lt\/wp-json\/wp\/v2\/product\/20031","targetHints":{"allow":["GET"]}}],"collection":[{"href":"https:\/\/staging.bioswing.ee\/lt\/wp-json\/wp\/v2\/product"}],"about":[{"href":"https:\/\/staging.bioswing.ee\/lt\/wp-json\/wp\/v2\/types\/product"}],"wp:featuredmedia":[{"embeddable":true,"href":"https:\/\/staging.bioswing.ee\/lt\/wp-json\/wp\/v2\/media\/19534"}],"wp:attachment":[{"href":"https:\/\/staging.bioswing.ee\/lt\/wp-json\/wp\/v2\/media?parent=20031"}],"wp:term":[{"taxonomy":"product_brand","embeddable":true,"href":"https:\/\/staging.bioswing.ee\/lt\/wp-json\/wp\/v2\/product_brand?post=20031"},{"taxonomy":"product_cat","embeddable":true,"href":"https:\/\/staging.bioswing.ee\/lt\/wp-json\/wp\/v2\/product_cat?post=20031"},{"taxonomy":"product_tag","embeddable":true,"href":"https:\/\/staging.bioswing.ee\/lt\/wp-json\/wp\/v2\/product_tag?post=20031"}],"curies":[{"name":"wp","href":"https:\/\/api.w.org\/{rel}","templated":true}]}}