{"id":2475,"date":"2023-04-13T12:24:55","date_gmt":"2023-04-13T12:24:55","guid":{"rendered":"https:\/\/staging.bioswing.ee\/toode\/460-iq-diamond\/"},"modified":"2025-01-23T07:32:29","modified_gmt":"2025-01-23T07:32:29","slug":"460-iq-diamond","status":"publish","type":"product","link":"https:\/\/staging.bioswing.ee\/lt\/toode\/460-iq-diamond\/","title":{"rendered":"BIOSWING 460 iQ RAUTE"},"content":{"rendered":"<h3>BIOSWING 460 iQ RAUTE<\/h3>\n<ul>\n<li>Ergonomi\u0161ka, lanksti ortopedin\u0117 k\u0117d\u0117 biurui su ortopediniu efektu<\/li>\n<li>Integruotas prisitaikantis 3D k\u0117d\u0117s mechanizmas<\/li>\n<li>Sinchroninis mechanizmas su individualiu (tiksliu) svorio reguliavimu<\/li>\n<li>3D porankiai, kuriuos galima \u012fvairiai reguliuoti ir pritaikyti \u012fvairioms darbo pad\u0117tims<\/li>\n<li>Individualus, nuolat kintantis k\u0117d\u0117s posvyrio reguliavimas su pneumatine spyruokle<\/li>\n<li>Papildomas dubens stabilizatorius<\/li>\n<li>S\u0117d\u0117jimo gyl\u012f galima reguliuoti pagal koj\u0173 ilg\u012f<\/li>\n<li>Reguliuojamo auk\u0161\u010dio atlo\u0161as, papildomai su juosmens atrama individualiai reguliuojamam i\u0161lenkimui<\/li>\n<li>3D kaklo atrama su nuolatiniu auk\u0161\u010dio, gylio ir posvyrio reguliavimu<\/li>\n<li>Atlo\u0161o auk\u0161tis: 60 cm<\/li>\n<li>Med\u017eiagos sluoksnis: palaipsninis, \u012fvairi\u0173 spalv\u0173<\/li>\n<li>\u017dvaig\u017ed\u0117s formos pagrindas: poliruotas aliuminis<\/li>\n<\/ul>\n<p><iframe title=\"YouTube video player\" src=\"https:\/\/www.youtube.com\/embed\/Nnmzwdy52aQ\" width=\"100%\" height=\"450\" frameborder=\"0\" allowfullscreen=\"allowfullscreen\"><\/iframe><\/p>\n<p><iframe title=\"YouTube video player\" src=\"https:\/\/www.youtube.com\/embed\/RcO6lKibSxw?si=5Qcu97jkGHF27NOu\" width=\"100%\" height=\"450\" frameborder=\"0\" allowfullscreen=\"allowfullscreen\"><\/iframe><\/p>\n","protected":false},"excerpt":{"rendered":"<h4>Darbe gali tekti atlikti \u012fvairias u\u017eduotis.<br \/>\nTur\u0117dami galimyb\u0119 darbo k\u0117d\u0119 reguliuoti taip, kad ji tiksliau atitikt\u0173 j\u016bs\u0173 individualius poreikius, galite ilgiau joje i\u0161s\u0117d\u0117ti, tausodami savo sveikat\u0105 ir neprarasdami motyvacijos. <\/h4>\n<p>Svarbu, kad k\u0117d\u0117 b\u016bt\u0173 pritaikyta <strong>j\u016bs\u0173 individualiai anatomijai<\/strong> ir tur\u0117t\u0173 pakankamai b\u016bd\u0173 j\u0105 keisti ir pritaikyti.<br \/>\nToliau rasite apra\u0161ytas pagrindines galimybes.<\/p>\n<h4>BIOSWING 4 serijos biuro k\u0117d\u0117 ergonomi\u0161kai prisitaiko prie j\u016bs\u0173 laikysenos.<\/h4>\n<p>D\u0117l \u012fvairi\u0173 mechanizm\u0173 4 serijos k\u0117d\u0117s ne tik reaguoja \u012f kiekvien\u0105 naudotojo judes\u012f, bet ir palaiko j\u012f ilgomis darbo dienomis.<\/p>\n<p>Jei darbe tenka daug dirbti klaviat\u016bra ir pele, reikia pasir\u016bpinti, kad <strong>pe\u010di\u0173 raumenys<\/strong> b\u016bt\u0173 <strong>reguliariai atpalaiduojami<\/strong>. Tai padaryti gali pad\u0117ti <strong>individualiai<\/strong> <strong>reguliuojami porankiai<\/strong>. 4 serijos modeliai gali b\u016bti \u012fvairi\u0173 versij\u0173, apie kurias m\u016bs\u0173 ergonomikos ekspertai papasakos vienoje i\u0161 ma\u017edaug 150 konsultacini\u0173 skyri\u0173 Vokietijoje, \u010cekijoje ir Austrijoje.<\/p>\n<p><img decoding=\"async\" class=\"alignnone wp-image-916\" src=\"https:\/\/staging.bioswing.ee\/wp-content\/uploads\/2023\/04\/pdf.png\" alt=\"pdf\" width=\"19\" height=\"20\"> <a href=\"https:\/\/staging.bioswing.ee\/wp-content\/uploads\/2023\/04\/produktblatt_460_v02_EN.pdf\" target=\"_blank\" rel=\"noopener\">Atsisi\u0173sti gaminio lap\u0105 (PDF)<\/a><\/p>\n","protected":false},"featured_media":1142,"template":"","meta":[],"product_brand":[],"product_cat":[122,104],"product_tag":[],"class_list":{"0":"post-2475","1":"product","2":"type-product","3":"status-publish","4":"has-post-thumbnail","6":"product_cat-biurui-ir-namams","7":"product_cat-vadovams","9":"first","10":"instock","11":"taxable","12":"shipping-taxable","13":"purchasable","14":"product-type-variable","15":"has-default-attributes"},"yoast_head":"<!-- This site is optimized with the Yoast SEO plugin v27.1.1 - https:\/\/yoast.com\/product\/yoast-seo-wordpress\/ -->\n<title>BIOSWING 460 iQ RAUTE - BIOSWING<\/title>\n<meta name=\"robots\" content=\"noindex, follow, max-snippet:-1, max-image-preview:large, max-video-preview:-1\" \/>\n<meta property=\"og:locale\" content=\"lt_LT\" \/>\n<meta property=\"og:type\" content=\"article\" \/>\n<meta property=\"og:title\" content=\"BIOSWING 460 iQ RAUTE - BIOSWING\" \/>\n<meta property=\"og:description\" content=\"Darbe gali tekti atlikti \u012fvairias u\u017eduotis. Tur\u0117dami galimyb\u0119 darbo k\u0117d\u0119 reguliuoti taip, kad ji tiksliau atitikt\u0173 j\u016bs\u0173 individualius poreikius, galite ilgiau joje i\u0161s\u0117d\u0117ti, tausodami savo sveikat\u0105 ir neprarasdami motyvacijos. Svarbu, kad k\u0117d\u0117 b\u016bt\u0173 pritaikyta j\u016bs\u0173 individualiai anatomijai ir tur\u0117t\u0173 pakankamai b\u016bd\u0173 j\u0105 keisti ir pritaikyti. Toliau rasite apra\u0161ytas pagrindines galimybes.  BIOSWING 4 serijos biuro k\u0117d\u0117 ergonomi\u0161kai prisitaiko prie j\u016bs\u0173 laikysenos. D\u0117l \u012fvairi\u0173 mechanizm\u0173 4 serijos k\u0117d\u0117s ne tik reaguoja \u012f kiekvien\u0105 naudotojo judes\u012f, bet ir palaiko j\u012f ilgomis darbo dienomis. Jei darbe tenka daug dirbti klaviat\u016bra ir pele, reikia pasir\u016bpinti, kad pe\u010di\u0173 raumenys b\u016bt\u0173 reguliariai atpalaiduojami. Tai padaryti gali pad\u0117ti individualiai reguliuojami porankiai. 4 serijos modeliai gali b\u016bti \u012fvairi\u0173 versij\u0173, apie kurias m\u016bs\u0173 ergonomikos ekspertai papasakos vienoje i\u0161 ma\u017edaug 150 konsultacini\u0173 skyri\u0173 Vokietijoje, \u010cekijoje ir Austrijoje.  Atsisi\u0173sti gaminio lap\u0105 (PDF)\" \/>\n<meta property=\"og:url\" content=\"https:\/\/staging.bioswing.ee\/lt\/toode\/460-iq-diamond\/\" \/>\n<meta property=\"og:site_name\" content=\"BIOSWING\" \/>\n<meta property=\"article:modified_time\" content=\"2025-01-23T07:32:29+00:00\" \/>\n<meta property=\"og:image\" content=\"https:\/\/bioswing.ee\/wp-content\/uploads\/2023\/04\/460_IQ_Raute.jpg\" \/>\n\t<meta property=\"og:image:width\" content=\"1874\" \/>\n\t<meta property=\"og:image:height\" content=\"2500\" \/>\n\t<meta property=\"og:image:type\" content=\"image\/jpeg\" \/>\n<meta name=\"twitter:card\" content=\"summary_large_image\" \/>\n<meta name=\"twitter:label1\" content=\"Est. reading time\" \/>\n\t<meta name=\"twitter:data1\" content=\"1 minut\u0117\" \/>\n<script type=\"application\/ld+json\" class=\"yoast-schema-graph\">{\"@context\":\"https:\/\/schema.org\",\"@graph\":[{\"@type\":\"WebPage\",\"@id\":\"https:\/\/staging.bioswing.ee\/lt\/toode\/460-iq-diamond\/\",\"url\":\"https:\/\/staging.bioswing.ee\/lt\/toode\/460-iq-diamond\/\",\"name\":\"BIOSWING 460 iQ RAUTE - BIOSWING\",\"isPartOf\":{\"@id\":\"https:\/\/staging.bioswing.ee\/lt\/#website\"},\"primaryImageOfPage\":{\"@id\":\"https:\/\/staging.bioswing.ee\/lt\/toode\/460-iq-diamond\/#primaryimage\"},\"image\":{\"@id\":\"https:\/\/staging.bioswing.ee\/lt\/toode\/460-iq-diamond\/#primaryimage\"},\"thumbnailUrl\":\"https:\/\/staging.bioswing.ee\/wp-content\/uploads\/2023\/04\/460_IQ_Raute.jpg\",\"datePublished\":\"2023-04-13T12:24:55+00:00\",\"dateModified\":\"2025-01-23T07:32:29+00:00\",\"breadcrumb\":{\"@id\":\"https:\/\/staging.bioswing.ee\/lt\/toode\/460-iq-diamond\/#breadcrumb\"},\"inLanguage\":\"lt-LT\",\"potentialAction\":[{\"@type\":\"ReadAction\",\"target\":[\"https:\/\/staging.bioswing.ee\/lt\/toode\/460-iq-diamond\/\"]}]},{\"@type\":\"ImageObject\",\"inLanguage\":\"lt-LT\",\"@id\":\"https:\/\/staging.bioswing.ee\/lt\/toode\/460-iq-diamond\/#primaryimage\",\"url\":\"https:\/\/staging.bioswing.ee\/wp-content\/uploads\/2023\/04\/460_IQ_Raute.jpg\",\"contentUrl\":\"https:\/\/staging.bioswing.ee\/wp-content\/uploads\/2023\/04\/460_IQ_Raute.jpg\",\"width\":1874,\"height\":2500},{\"@type\":\"BreadcrumbList\",\"@id\":\"https:\/\/staging.bioswing.ee\/lt\/toode\/460-iq-diamond\/#breadcrumb\",\"itemListElement\":[{\"@type\":\"ListItem\",\"position\":1,\"name\":\"Home\",\"item\":\"https:\/\/bioswing.ee\/lt\/\"},{\"@type\":\"ListItem\",\"position\":2,\"name\":\"Shop\",\"item\":\"https:\/\/bioswing.ee\/lt\/shop-2\/\"},{\"@type\":\"ListItem\",\"position\":3,\"name\":\"BIOSWING 460 iQ RAUTE\"}]},{\"@type\":\"WebSite\",\"@id\":\"https:\/\/staging.bioswing.ee\/lt\/#website\",\"url\":\"https:\/\/staging.bioswing.ee\/lt\/\",\"name\":\"BIOSWING\",\"description\":\"Smart solutions for healthy sitting\",\"publisher\":{\"@id\":\"https:\/\/staging.bioswing.ee\/lt\/#organization\"},\"potentialAction\":[{\"@type\":\"SearchAction\",\"target\":{\"@type\":\"EntryPoint\",\"urlTemplate\":\"https:\/\/staging.bioswing.ee\/lt\/?s={search_term_string}\"},\"query-input\":{\"@type\":\"PropertyValueSpecification\",\"valueRequired\":true,\"valueName\":\"search_term_string\"}}],\"inLanguage\":\"lt-LT\"},{\"@type\":\"Organization\",\"@id\":\"https:\/\/staging.bioswing.ee\/lt\/#organization\",\"name\":\"BIOSWING\",\"url\":\"https:\/\/staging.bioswing.ee\/lt\/\",\"logo\":{\"@type\":\"ImageObject\",\"inLanguage\":\"lt-LT\",\"@id\":\"https:\/\/staging.bioswing.ee\/lt\/#\/schema\/logo\/image\/\",\"url\":\"https:\/\/staging.bioswing.ee\/wp-content\/uploads\/2023\/04\/logo_web.png\",\"contentUrl\":\"https:\/\/staging.bioswing.ee\/wp-content\/uploads\/2023\/04\/logo_web.png\",\"width\":140,\"height\":122,\"caption\":\"BIOSWING\"},\"image\":{\"@id\":\"https:\/\/staging.bioswing.ee\/lt\/#\/schema\/logo\/image\/\"}}]}<\/script>\n<!-- \/ Yoast SEO plugin. -->","yoast_head_json":{"title":"BIOSWING 460 iQ RAUTE - BIOSWING","robots":{"index":"noindex","follow":"follow","max-snippet":"max-snippet:-1","max-image-preview":"max-image-preview:large","max-video-preview":"max-video-preview:-1"},"og_locale":"lt_LT","og_type":"article","og_title":"BIOSWING 460 iQ RAUTE - BIOSWING","og_description":"Darbe gali tekti atlikti \u012fvairias u\u017eduotis. Tur\u0117dami galimyb\u0119 darbo k\u0117d\u0119 reguliuoti taip, kad ji tiksliau atitikt\u0173 j\u016bs\u0173 individualius poreikius, galite ilgiau joje i\u0161s\u0117d\u0117ti, tausodami savo sveikat\u0105 ir neprarasdami motyvacijos. Svarbu, kad k\u0117d\u0117 b\u016bt\u0173 pritaikyta j\u016bs\u0173 individualiai anatomijai ir tur\u0117t\u0173 pakankamai b\u016bd\u0173 j\u0105 keisti ir pritaikyti. Toliau rasite apra\u0161ytas pagrindines galimybes.  BIOSWING 4 serijos biuro k\u0117d\u0117 ergonomi\u0161kai prisitaiko prie j\u016bs\u0173 laikysenos. D\u0117l \u012fvairi\u0173 mechanizm\u0173 4 serijos k\u0117d\u0117s ne tik reaguoja \u012f kiekvien\u0105 naudotojo judes\u012f, bet ir palaiko j\u012f ilgomis darbo dienomis. Jei darbe tenka daug dirbti klaviat\u016bra ir pele, reikia pasir\u016bpinti, kad pe\u010di\u0173 raumenys b\u016bt\u0173 reguliariai atpalaiduojami. Tai padaryti gali pad\u0117ti individualiai reguliuojami porankiai. 4 serijos modeliai gali b\u016bti \u012fvairi\u0173 versij\u0173, apie kurias m\u016bs\u0173 ergonomikos ekspertai papasakos vienoje i\u0161 ma\u017edaug 150 konsultacini\u0173 skyri\u0173 Vokietijoje, \u010cekijoje ir Austrijoje.  Atsisi\u0173sti gaminio lap\u0105 (PDF)","og_url":"https:\/\/staging.bioswing.ee\/lt\/toode\/460-iq-diamond\/","og_site_name":"BIOSWING","article_modified_time":"2025-01-23T07:32:29+00:00","og_image":[{"width":1874,"height":2500,"url":"https:\/\/bioswing.ee\/wp-content\/uploads\/2023\/04\/460_IQ_Raute.jpg","type":"image\/jpeg"}],"twitter_card":"summary_large_image","twitter_misc":{"Est. reading time":"1 minut\u0117"},"schema":{"@context":"https:\/\/schema.org","@graph":[{"@type":"WebPage","@id":"https:\/\/staging.bioswing.ee\/lt\/toode\/460-iq-diamond\/","url":"https:\/\/staging.bioswing.ee\/lt\/toode\/460-iq-diamond\/","name":"BIOSWING 460 iQ RAUTE - BIOSWING","isPartOf":{"@id":"https:\/\/staging.bioswing.ee\/lt\/#website"},"primaryImageOfPage":{"@id":"https:\/\/staging.bioswing.ee\/lt\/toode\/460-iq-diamond\/#primaryimage"},"image":{"@id":"https:\/\/staging.bioswing.ee\/lt\/toode\/460-iq-diamond\/#primaryimage"},"thumbnailUrl":"https:\/\/staging.bioswing.ee\/wp-content\/uploads\/2023\/04\/460_IQ_Raute.jpg","datePublished":"2023-04-13T12:24:55+00:00","dateModified":"2025-01-23T07:32:29+00:00","breadcrumb":{"@id":"https:\/\/staging.bioswing.ee\/lt\/toode\/460-iq-diamond\/#breadcrumb"},"inLanguage":"lt-LT","potentialAction":[{"@type":"ReadAction","target":["https:\/\/staging.bioswing.ee\/lt\/toode\/460-iq-diamond\/"]}]},{"@type":"ImageObject","inLanguage":"lt-LT","@id":"https:\/\/staging.bioswing.ee\/lt\/toode\/460-iq-diamond\/#primaryimage","url":"https:\/\/staging.bioswing.ee\/wp-content\/uploads\/2023\/04\/460_IQ_Raute.jpg","contentUrl":"https:\/\/staging.bioswing.ee\/wp-content\/uploads\/2023\/04\/460_IQ_Raute.jpg","width":1874,"height":2500},{"@type":"BreadcrumbList","@id":"https:\/\/staging.bioswing.ee\/lt\/toode\/460-iq-diamond\/#breadcrumb","itemListElement":[{"@type":"ListItem","position":1,"name":"Home","item":"https:\/\/bioswing.ee\/lt\/"},{"@type":"ListItem","position":2,"name":"Shop","item":"https:\/\/bioswing.ee\/lt\/shop-2\/"},{"@type":"ListItem","position":3,"name":"BIOSWING 460 iQ RAUTE"}]},{"@type":"WebSite","@id":"https:\/\/staging.bioswing.ee\/lt\/#website","url":"https:\/\/staging.bioswing.ee\/lt\/","name":"BIOSWING","description":"Smart solutions for healthy sitting","publisher":{"@id":"https:\/\/staging.bioswing.ee\/lt\/#organization"},"potentialAction":[{"@type":"SearchAction","target":{"@type":"EntryPoint","urlTemplate":"https:\/\/staging.bioswing.ee\/lt\/?s={search_term_string}"},"query-input":{"@type":"PropertyValueSpecification","valueRequired":true,"valueName":"search_term_string"}}],"inLanguage":"lt-LT"},{"@type":"Organization","@id":"https:\/\/staging.bioswing.ee\/lt\/#organization","name":"BIOSWING","url":"https:\/\/staging.bioswing.ee\/lt\/","logo":{"@type":"ImageObject","inLanguage":"lt-LT","@id":"https:\/\/staging.bioswing.ee\/lt\/#\/schema\/logo\/image\/","url":"https:\/\/staging.bioswing.ee\/wp-content\/uploads\/2023\/04\/logo_web.png","contentUrl":"https:\/\/staging.bioswing.ee\/wp-content\/uploads\/2023\/04\/logo_web.png","width":140,"height":122,"caption":"BIOSWING"},"image":{"@id":"https:\/\/staging.bioswing.ee\/lt\/#\/schema\/logo\/image\/"}}]}},"_links":{"self":[{"href":"https:\/\/staging.bioswing.ee\/lt\/wp-json\/wp\/v2\/product\/2475","targetHints":{"allow":["GET"]}}],"collection":[{"href":"https:\/\/staging.bioswing.ee\/lt\/wp-json\/wp\/v2\/product"}],"about":[{"href":"https:\/\/staging.bioswing.ee\/lt\/wp-json\/wp\/v2\/types\/product"}],"wp:featuredmedia":[{"embeddable":true,"href":"https:\/\/staging.bioswing.ee\/lt\/wp-json\/wp\/v2\/media\/1142"}],"wp:attachment":[{"href":"https:\/\/staging.bioswing.ee\/lt\/wp-json\/wp\/v2\/media?parent=2475"}],"wp:term":[{"taxonomy":"product_brand","embeddable":true,"href":"https:\/\/staging.bioswing.ee\/lt\/wp-json\/wp\/v2\/product_brand?post=2475"},{"taxonomy":"product_cat","embeddable":true,"href":"https:\/\/staging.bioswing.ee\/lt\/wp-json\/wp\/v2\/product_cat?post=2475"},{"taxonomy":"product_tag","embeddable":true,"href":"https:\/\/staging.bioswing.ee\/lt\/wp-json\/wp\/v2\/product_tag?post=2475"}],"curies":[{"name":"wp","href":"https:\/\/api.w.org\/{rel}","templated":true}]}}