{"id":2743,"date":"2023-04-13T10:10:50","date_gmt":"2023-04-13T10:10:50","guid":{"rendered":"https:\/\/staging.bioswing.ee\/toode\/560-iq\/"},"modified":"2023-08-24T12:37:26","modified_gmt":"2023-08-24T12:37:26","slug":"560-iq","status":"publish","type":"product","link":"https:\/\/staging.bioswing.ee\/lt\/toode\/560-iq\/","title":{"rendered":"BIOSWING 560 iQ"},"content":{"rendered":"<h3>BIOSWING 560 iQ<\/h3>\n<ul>\n<li>Ergonomi\u0161ka, lanksti ortopedin\u0117 k\u0117d\u0117 biurui su ortopediniu efektu<\/li>\n<li>Integruotas prisitaikantis 3D k\u0117d\u0117s mechanizmas<\/li>\n<li>Sinchroninis mechanizmas su individualiu (tiksliu) svorio reguliavimu<\/li>\n<li>3D porankiai, kuriuos galima \u012fvairiai reguliuoti ir pritaikyti \u012fvairioms darbo pad\u0117tims<\/li>\n<li>Individualus, nuolat kintantis k\u0117d\u0117s posvyrio reguliavimas su pneumatine spyruokle<\/li>\n<li>Papildomas dubens stabilizatorius<\/li>\n<li>S\u0117d\u0117jimo gyl\u012f galima reguliuoti pagal koj\u0173 ilg\u012f<\/li>\n<li>Reguliuojamo auk\u0161\u010dio atlo\u0161as, papildomai su juosmens atrama individualiai reguliuojamam i\u0161lenkimui<\/li>\n<li>3D kaklo atrama su nuolatiniu auk\u0161\u010dio, gylio ir posvyrio reguliavimu<\/li>\n<li>Atlo\u0161o auk\u0161tis: 60 cm<\/li>\n<li>Med\u017eiagos sluoksnis: palaipsninis, \u012fvairi\u0173 spalv\u0173<\/li>\n<li>\u017dvaig\u017ed\u0117s formos pagrindas: poliruotas aliuminis<\/li>\n<\/ul>\n<p><iframe title=\"YouTube video player\" src=\"https:\/\/www.youtube.com\/embed\/K0Ht8x3OJnU\" width=\"100%\" height=\"450\" frameborder=\"0\" allowfullscreen=\"allowfullscreen\"><\/iframe><\/p>\n<p><iframe width=\"100%\" height=\"450\" src=\"https:\/\/www.youtube.com\/embed\/RcO6lKibSxw?si=5Qcu97jkGHF27NOu\" title=\"YouTube video player\" frameborder=\"0\" allow=\"accelerometer; autoplay; clipboard-write; encrypted-media; gyroscope; picture-in-picture; web-share\" allowfullscreen=\"\"><\/iframe><\/p>\n","protected":false},"excerpt":{"rendered":"<h4>Tur\u0117dami galimyb\u0119 tiksliau pritaikyti biuro k\u0117d\u0119 savo k\u016bno proporcijoms tausojate sveikat\u0105 ir neprarandate motyvacijos dienomis, kai daug laiko praleid\u017eiate s\u0117d\u0117dami.<\/h4>\n<p>Svarbu, kad k\u0117d\u0117 b\u016bt\u0173 pritaikyta <strong>j\u016bs\u0173 individualiai anatomijai<\/strong> ir tur\u0117t\u0173 pakankamai b\u016bd\u0173 j\u0105 keisti ir pritaikyti.<\/p>\n<p>Toliau rasite apra\u0161ytas pagrindines galimybes.<\/p>\n<h4>BIOSWING 5 serijos biuro k\u0117d\u0117 u\u017etikrina maksimal\u0173 jud\u0117jim\u0105.<\/h4>\n<p>D\u0117l integruot\u0173 technologij\u0173 5 serijos modeliai ne tik reaguoja \u012f kiekvien\u0105 naudotojo judes\u012f, bet ir prisitaiko prie jo laikysen\u0173 ilgomis darbo dienomis. Nes <strong>geriausia laikysena visada yra sekanti<\/strong>.<\/p>\n<p>Aktyvus jud\u0117jimas ir vertikali laikysena yra naudingi stuburui. <strong>Individualiai reguliuodami k\u0117d\u0117s pasvirim\u0105<\/strong>, bet kur\u012f 5 serijos model\u012f galite pritaikyti taip, kad jis idealiai atitikt\u0173 j\u016bs\u0173 poreikius, o <strong>j\u016bs\u0173 stuburas i\u0161laikyt\u0173 nat\u016brali\u0105 S form\u0105<\/strong> d\u0117l taisyklingos dubens pad\u0117ties.<\/p>\n<p><img decoding=\"async\" class=\"alignnone wp-image-916\" src=\"https:\/\/staging.bioswing.ee\/wp-content\/uploads\/2023\/04\/pdf.png\" alt=\"pdf\" width=\"19\" height=\"20\"> <a href=\"https:\/\/staging.bioswing.ee\/wp-content\/uploads\/2023\/04\/produktblatt_560_v02_EN.pdf\" target=\"_blank\" rel=\"noopener\">Atsisi\u0173sti gaminio lap\u0105 (PDF)<\/a><\/p>\n","protected":false},"featured_media":1042,"template":"","meta":[],"product_brand":[],"product_cat":[104],"product_tag":[],"class_list":{"0":"post-2743","1":"product","2":"type-product","3":"status-publish","4":"has-post-thumbnail","6":"product_cat-vadovams","8":"first","9":"instock","10":"sale","11":"taxable","12":"shipping-taxable","13":"purchasable","14":"product-type-variable","15":"has-default-attributes"},"yoast_head":"<!-- This site is optimized with the Yoast SEO plugin v27.1.1 - https:\/\/yoast.com\/product\/yoast-seo-wordpress\/ -->\n<title>BIOSWING 560 iQ - BIOSWING<\/title>\n<meta name=\"robots\" content=\"noindex, follow, max-snippet:-1, max-image-preview:large, max-video-preview:-1\" \/>\n<meta property=\"og:locale\" content=\"lt_LT\" \/>\n<meta property=\"og:type\" content=\"article\" \/>\n<meta property=\"og:title\" content=\"BIOSWING 560 iQ - BIOSWING\" \/>\n<meta property=\"og:description\" content=\"Tur\u0117dami galimyb\u0119 tiksliau pritaikyti biuro k\u0117d\u0119 savo k\u016bno proporcijoms tausojate sveikat\u0105 ir neprarandate motyvacijos dienomis, kai daug laiko praleid\u017eiate s\u0117d\u0117dami. Svarbu, kad k\u0117d\u0117 b\u016bt\u0173 pritaikyta j\u016bs\u0173 individualiai anatomijai ir tur\u0117t\u0173 pakankamai b\u016bd\u0173 j\u0105 keisti ir pritaikyti. Toliau rasite apra\u0161ytas pagrindines galimybes. BIOSWING 5 serijos biuro k\u0117d\u0117 u\u017etikrina maksimal\u0173 jud\u0117jim\u0105. D\u0117l integruot\u0173 technologij\u0173 5 serijos modeliai ne tik reaguoja \u012f kiekvien\u0105 naudotojo judes\u012f, bet ir prisitaiko prie jo laikysen\u0173 ilgomis darbo dienomis. Nes geriausia laikysena visada yra sekanti. Aktyvus jud\u0117jimas ir vertikali laikysena yra naudingi stuburui. Individualiai reguliuodami k\u0117d\u0117s pasvirim\u0105, bet kur\u012f 5 serijos model\u012f galite pritaikyti taip, kad jis idealiai atitikt\u0173 j\u016bs\u0173 poreikius, o j\u016bs\u0173 stuburas i\u0161laikyt\u0173 nat\u016brali\u0105 S form\u0105 d\u0117l taisyklingos dubens pad\u0117ties.  Atsisi\u0173sti gaminio lap\u0105 (PDF)\" \/>\n<meta property=\"og:url\" content=\"https:\/\/staging.bioswing.ee\/lt\/toode\/560-iq\/\" \/>\n<meta property=\"og:site_name\" content=\"BIOSWING\" \/>\n<meta property=\"article:modified_time\" content=\"2023-08-24T12:37:26+00:00\" \/>\n<meta property=\"og:image\" content=\"https:\/\/bioswing.ee\/wp-content\/uploads\/2023\/04\/560_IQ.jpg\" \/>\n\t<meta property=\"og:image:width\" content=\"1874\" \/>\n\t<meta property=\"og:image:height\" content=\"2500\" \/>\n\t<meta property=\"og:image:type\" content=\"image\/jpeg\" \/>\n<meta name=\"twitter:card\" content=\"summary_large_image\" \/>\n<meta name=\"twitter:label1\" content=\"Est. reading time\" \/>\n\t<meta name=\"twitter:data1\" content=\"1 minut\u0117\" \/>\n<script type=\"application\/ld+json\" class=\"yoast-schema-graph\">{\"@context\":\"https:\/\/schema.org\",\"@graph\":[{\"@type\":\"WebPage\",\"@id\":\"https:\/\/staging.bioswing.ee\/lt\/toode\/560-iq\/\",\"url\":\"https:\/\/staging.bioswing.ee\/lt\/toode\/560-iq\/\",\"name\":\"BIOSWING 560 iQ - BIOSWING\",\"isPartOf\":{\"@id\":\"https:\/\/staging.bioswing.ee\/lt\/#website\"},\"primaryImageOfPage\":{\"@id\":\"https:\/\/staging.bioswing.ee\/lt\/toode\/560-iq\/#primaryimage\"},\"image\":{\"@id\":\"https:\/\/staging.bioswing.ee\/lt\/toode\/560-iq\/#primaryimage\"},\"thumbnailUrl\":\"https:\/\/staging.bioswing.ee\/wp-content\/uploads\/2023\/04\/560_IQ.jpg\",\"datePublished\":\"2023-04-13T10:10:50+00:00\",\"dateModified\":\"2023-08-24T12:37:26+00:00\",\"breadcrumb\":{\"@id\":\"https:\/\/staging.bioswing.ee\/lt\/toode\/560-iq\/#breadcrumb\"},\"inLanguage\":\"lt-LT\",\"potentialAction\":[{\"@type\":\"ReadAction\",\"target\":[\"https:\/\/staging.bioswing.ee\/lt\/toode\/560-iq\/\"]}]},{\"@type\":\"ImageObject\",\"inLanguage\":\"lt-LT\",\"@id\":\"https:\/\/staging.bioswing.ee\/lt\/toode\/560-iq\/#primaryimage\",\"url\":\"https:\/\/staging.bioswing.ee\/wp-content\/uploads\/2023\/04\/560_IQ.jpg\",\"contentUrl\":\"https:\/\/staging.bioswing.ee\/wp-content\/uploads\/2023\/04\/560_IQ.jpg\",\"width\":1874,\"height\":2500},{\"@type\":\"BreadcrumbList\",\"@id\":\"https:\/\/staging.bioswing.ee\/lt\/toode\/560-iq\/#breadcrumb\",\"itemListElement\":[{\"@type\":\"ListItem\",\"position\":1,\"name\":\"Home\",\"item\":\"https:\/\/bioswing.ee\/lt\/\"},{\"@type\":\"ListItem\",\"position\":2,\"name\":\"Shop\",\"item\":\"https:\/\/bioswing.ee\/lt\/shop-2\/\"},{\"@type\":\"ListItem\",\"position\":3,\"name\":\"BIOSWING 560 iQ\"}]},{\"@type\":\"WebSite\",\"@id\":\"https:\/\/staging.bioswing.ee\/lt\/#website\",\"url\":\"https:\/\/staging.bioswing.ee\/lt\/\",\"name\":\"BIOSWING\",\"description\":\"Smart solutions for healthy sitting\",\"publisher\":{\"@id\":\"https:\/\/staging.bioswing.ee\/lt\/#organization\"},\"potentialAction\":[{\"@type\":\"SearchAction\",\"target\":{\"@type\":\"EntryPoint\",\"urlTemplate\":\"https:\/\/staging.bioswing.ee\/lt\/?s={search_term_string}\"},\"query-input\":{\"@type\":\"PropertyValueSpecification\",\"valueRequired\":true,\"valueName\":\"search_term_string\"}}],\"inLanguage\":\"lt-LT\"},{\"@type\":\"Organization\",\"@id\":\"https:\/\/staging.bioswing.ee\/lt\/#organization\",\"name\":\"BIOSWING\",\"url\":\"https:\/\/staging.bioswing.ee\/lt\/\",\"logo\":{\"@type\":\"ImageObject\",\"inLanguage\":\"lt-LT\",\"@id\":\"https:\/\/staging.bioswing.ee\/lt\/#\/schema\/logo\/image\/\",\"url\":\"https:\/\/staging.bioswing.ee\/wp-content\/uploads\/2023\/04\/logo_web.png\",\"contentUrl\":\"https:\/\/staging.bioswing.ee\/wp-content\/uploads\/2023\/04\/logo_web.png\",\"width\":140,\"height\":122,\"caption\":\"BIOSWING\"},\"image\":{\"@id\":\"https:\/\/staging.bioswing.ee\/lt\/#\/schema\/logo\/image\/\"}}]}<\/script>\n<!-- \/ Yoast SEO plugin. -->","yoast_head_json":{"title":"BIOSWING 560 iQ - BIOSWING","robots":{"index":"noindex","follow":"follow","max-snippet":"max-snippet:-1","max-image-preview":"max-image-preview:large","max-video-preview":"max-video-preview:-1"},"og_locale":"lt_LT","og_type":"article","og_title":"BIOSWING 560 iQ - BIOSWING","og_description":"Tur\u0117dami galimyb\u0119 tiksliau pritaikyti biuro k\u0117d\u0119 savo k\u016bno proporcijoms tausojate sveikat\u0105 ir neprarandate motyvacijos dienomis, kai daug laiko praleid\u017eiate s\u0117d\u0117dami. Svarbu, kad k\u0117d\u0117 b\u016bt\u0173 pritaikyta j\u016bs\u0173 individualiai anatomijai ir tur\u0117t\u0173 pakankamai b\u016bd\u0173 j\u0105 keisti ir pritaikyti. Toliau rasite apra\u0161ytas pagrindines galimybes. BIOSWING 5 serijos biuro k\u0117d\u0117 u\u017etikrina maksimal\u0173 jud\u0117jim\u0105. D\u0117l integruot\u0173 technologij\u0173 5 serijos modeliai ne tik reaguoja \u012f kiekvien\u0105 naudotojo judes\u012f, bet ir prisitaiko prie jo laikysen\u0173 ilgomis darbo dienomis. Nes geriausia laikysena visada yra sekanti. Aktyvus jud\u0117jimas ir vertikali laikysena yra naudingi stuburui. Individualiai reguliuodami k\u0117d\u0117s pasvirim\u0105, bet kur\u012f 5 serijos model\u012f galite pritaikyti taip, kad jis idealiai atitikt\u0173 j\u016bs\u0173 poreikius, o j\u016bs\u0173 stuburas i\u0161laikyt\u0173 nat\u016brali\u0105 S form\u0105 d\u0117l taisyklingos dubens pad\u0117ties.  Atsisi\u0173sti gaminio lap\u0105 (PDF)","og_url":"https:\/\/staging.bioswing.ee\/lt\/toode\/560-iq\/","og_site_name":"BIOSWING","article_modified_time":"2023-08-24T12:37:26+00:00","og_image":[{"width":1874,"height":2500,"url":"https:\/\/bioswing.ee\/wp-content\/uploads\/2023\/04\/560_IQ.jpg","type":"image\/jpeg"}],"twitter_card":"summary_large_image","twitter_misc":{"Est. reading time":"1 minut\u0117"},"schema":{"@context":"https:\/\/schema.org","@graph":[{"@type":"WebPage","@id":"https:\/\/staging.bioswing.ee\/lt\/toode\/560-iq\/","url":"https:\/\/staging.bioswing.ee\/lt\/toode\/560-iq\/","name":"BIOSWING 560 iQ - BIOSWING","isPartOf":{"@id":"https:\/\/staging.bioswing.ee\/lt\/#website"},"primaryImageOfPage":{"@id":"https:\/\/staging.bioswing.ee\/lt\/toode\/560-iq\/#primaryimage"},"image":{"@id":"https:\/\/staging.bioswing.ee\/lt\/toode\/560-iq\/#primaryimage"},"thumbnailUrl":"https:\/\/staging.bioswing.ee\/wp-content\/uploads\/2023\/04\/560_IQ.jpg","datePublished":"2023-04-13T10:10:50+00:00","dateModified":"2023-08-24T12:37:26+00:00","breadcrumb":{"@id":"https:\/\/staging.bioswing.ee\/lt\/toode\/560-iq\/#breadcrumb"},"inLanguage":"lt-LT","potentialAction":[{"@type":"ReadAction","target":["https:\/\/staging.bioswing.ee\/lt\/toode\/560-iq\/"]}]},{"@type":"ImageObject","inLanguage":"lt-LT","@id":"https:\/\/staging.bioswing.ee\/lt\/toode\/560-iq\/#primaryimage","url":"https:\/\/staging.bioswing.ee\/wp-content\/uploads\/2023\/04\/560_IQ.jpg","contentUrl":"https:\/\/staging.bioswing.ee\/wp-content\/uploads\/2023\/04\/560_IQ.jpg","width":1874,"height":2500},{"@type":"BreadcrumbList","@id":"https:\/\/staging.bioswing.ee\/lt\/toode\/560-iq\/#breadcrumb","itemListElement":[{"@type":"ListItem","position":1,"name":"Home","item":"https:\/\/bioswing.ee\/lt\/"},{"@type":"ListItem","position":2,"name":"Shop","item":"https:\/\/bioswing.ee\/lt\/shop-2\/"},{"@type":"ListItem","position":3,"name":"BIOSWING 560 iQ"}]},{"@type":"WebSite","@id":"https:\/\/staging.bioswing.ee\/lt\/#website","url":"https:\/\/staging.bioswing.ee\/lt\/","name":"BIOSWING","description":"Smart solutions for healthy sitting","publisher":{"@id":"https:\/\/staging.bioswing.ee\/lt\/#organization"},"potentialAction":[{"@type":"SearchAction","target":{"@type":"EntryPoint","urlTemplate":"https:\/\/staging.bioswing.ee\/lt\/?s={search_term_string}"},"query-input":{"@type":"PropertyValueSpecification","valueRequired":true,"valueName":"search_term_string"}}],"inLanguage":"lt-LT"},{"@type":"Organization","@id":"https:\/\/staging.bioswing.ee\/lt\/#organization","name":"BIOSWING","url":"https:\/\/staging.bioswing.ee\/lt\/","logo":{"@type":"ImageObject","inLanguage":"lt-LT","@id":"https:\/\/staging.bioswing.ee\/lt\/#\/schema\/logo\/image\/","url":"https:\/\/staging.bioswing.ee\/wp-content\/uploads\/2023\/04\/logo_web.png","contentUrl":"https:\/\/staging.bioswing.ee\/wp-content\/uploads\/2023\/04\/logo_web.png","width":140,"height":122,"caption":"BIOSWING"},"image":{"@id":"https:\/\/staging.bioswing.ee\/lt\/#\/schema\/logo\/image\/"}}]}},"_links":{"self":[{"href":"https:\/\/staging.bioswing.ee\/lt\/wp-json\/wp\/v2\/product\/2743","targetHints":{"allow":["GET"]}}],"collection":[{"href":"https:\/\/staging.bioswing.ee\/lt\/wp-json\/wp\/v2\/product"}],"about":[{"href":"https:\/\/staging.bioswing.ee\/lt\/wp-json\/wp\/v2\/types\/product"}],"wp:featuredmedia":[{"embeddable":true,"href":"https:\/\/staging.bioswing.ee\/lt\/wp-json\/wp\/v2\/media\/1042"}],"wp:attachment":[{"href":"https:\/\/staging.bioswing.ee\/lt\/wp-json\/wp\/v2\/media?parent=2743"}],"wp:term":[{"taxonomy":"product_brand","embeddable":true,"href":"https:\/\/staging.bioswing.ee\/lt\/wp-json\/wp\/v2\/product_brand?post=2743"},{"taxonomy":"product_cat","embeddable":true,"href":"https:\/\/staging.bioswing.ee\/lt\/wp-json\/wp\/v2\/product_cat?post=2743"},{"taxonomy":"product_tag","embeddable":true,"href":"https:\/\/staging.bioswing.ee\/lt\/wp-json\/wp\/v2\/product_tag?post=2743"}],"curies":[{"name":"wp","href":"https:\/\/api.w.org\/{rel}","templated":true}]}}