{"id":3622,"date":"2023-04-13T13:43:17","date_gmt":"2023-04-13T13:43:17","guid":{"rendered":"https:\/\/staging.bioswing.ee\/toode\/670-iq\/"},"modified":"2024-12-05T12:03:51","modified_gmt":"2024-12-05T12:03:51","slug":"670-iq","status":"publish","type":"product","link":"https:\/\/staging.bioswing.ee\/lt\/toode\/670-iq\/","title":{"rendered":"BIOSWING 670 iQ"},"content":{"rendered":"<h3>BIOSWING 670 iQ<\/h3>\n<ul>\n<li>Ergonomi\u0161ka, lanksti ortopedin\u0117 k\u0117d\u0117 biurui su ortopediniu efektu<\/li>\n<li>Integruotas prisitaikantis 3D k\u0117d\u0117s mechanizmas<\/li>\n<li>Sinchroninis mechanizmas su automatiniu (tiksliu) svorio reguliavimu<\/li>\n<li>3D porankiai, kuriuos galima \u012fvairiai reguliuoti ir pritaikyti \u012fvairioms darbo pad\u0117tims<\/li>\n<li>Individualus, nuolat kintantis k\u0117d\u0117s posvyrio reguliavimas su pneumatine spyruokle<\/li>\n<li>Papildomas dubens stabilizatorius<\/li>\n<li>S\u0117d\u0117jimo gyl\u012f galima reguliuoti pagal koj\u0173 ilg\u012f<\/li>\n<li>Reguliuojamo auk\u0161\u010dio atlo\u0161as, papildomai su juosmens atrama individualiai reguliuojamam i\u0161lenkimui<\/li>\n<li>3D kaklo atrama su nuolatiniu auk\u0161\u010dio, gylio ir posvyrio reguliavimu<\/li>\n<li>Atlo\u0161o auk\u0161tis: 70 cm<\/li>\n<li>Med\u017eiagos sluoksnis: palaipsninis, \u012fvairi\u0173 spalv\u0173<\/li>\n<li>\u017dvaig\u017ed\u0117s formos pagrindas: poliruotas aliuminis<\/li>\n<\/ul>\n<p><iframe title=\"YouTube video player\" src=\"https:\/\/www.youtube.com\/embed\/RcO6lKibSxw?si=5Qcu97jkGHF27NOu\" width=\"100%\" height=\"450\" frameborder=\"0\" allowfullscreen=\"allowfullscreen\"><\/iframe><\/p>\n","protected":false},"excerpt":{"rendered":"<h4>Jei norite, kad darbas vykt\u0173 produktyviai kiekvien\u0105 dien\u0105, jums reikia geresn\u0117s biuro k\u0117d\u0117s, pavyzd\u017eiui, na\u0161um\u0105 didinan\u010dios BIOSWING.<\/h4>\n<p>\u0160iame puslapyje rasite informacijos apie tai, kaip \u0161i technologija gali pad\u0117ti <strong>padidinti j\u016bs\u0173 darbingum\u0105<\/strong>.<br \/>\nSvarbu, kad k\u0117d\u0117 b\u016bt\u0173 pritaikyta <strong>j\u016bs\u0173 individualiai anatomijai<\/strong> ir j\u0105 b\u016bt\u0173 galima keisti ir tobulai pritaikyti savo poreikiams.<\/p>\n<h4>BIOSWING 6 serijos biuro k\u0117d\u0117 u\u017etikrina maksimal\u0173 papildom\u0105 jud\u0117jim\u0105.<\/h4>\n<p>D\u0117l pa\u017eangi\u0173 integruot\u0173 mechanizm\u0173 6 serijos modeliai ne tik reaguoja \u012f kiekvien\u0105 j\u016bs\u0173 judesio impuls\u0105, bet ir tobulai lanks\u010diai prisitaiko prie kiekvienos laikysenos ilgomis darbo dienomis.<\/p>\n<p>Aktyvus jud\u0117jimas ir reguliarus laikysenos keitimas yra naudingi stuburui. <strong>Individualiai reguliuodami k\u0117d\u0117s pasvirim\u0105<\/strong> ir naudodami visuose \u0161ios serijos modeliuose \u012frengt\u0105 <strong>dubens stabilizatori\u0173<\/strong>, kuris labai \u0161velniai reaguoja \u012f judesius, be vargo teisingai sureguliuosite dubens pad\u0117t\u012f ir i\u0161laikysite <strong>nat\u016bralius stuburo S formos linkius<\/strong>. Tai pad\u0117s didinti fizin\u0119 ir protin\u0119 i\u0161tverm\u0119.<\/p>\n<p><strong>BIOSWING 670 iQ atlo\u0161o auk\u0161tis yra 70 cm<\/strong> (BIOSWING 660 iQ atlo\u0161o auk\u0161tis yra 60 cm).<\/p>\n","protected":false},"featured_media":1207,"template":"","meta":[],"product_brand":[],"product_cat":[104],"product_tag":[],"class_list":{"0":"post-3622","1":"product","2":"type-product","3":"status-publish","4":"has-post-thumbnail","6":"product_cat-vadovams","8":"first","9":"instock","10":"sale","11":"taxable","12":"shipping-taxable","13":"purchasable","14":"product-type-variable","15":"has-default-attributes"},"yoast_head":"<!-- This site is optimized with the Yoast SEO plugin v27.1.1 - https:\/\/yoast.com\/product\/yoast-seo-wordpress\/ -->\n<title>BIOSWING 670 iQ - BIOSWING<\/title>\n<meta name=\"robots\" content=\"noindex, follow, max-snippet:-1, max-image-preview:large, max-video-preview:-1\" \/>\n<meta property=\"og:locale\" content=\"lt_LT\" \/>\n<meta property=\"og:type\" content=\"article\" \/>\n<meta property=\"og:title\" content=\"BIOSWING 670 iQ - BIOSWING\" \/>\n<meta property=\"og:description\" content=\"Jei norite, kad darbas vykt\u0173 produktyviai kiekvien\u0105 dien\u0105, jums reikia geresn\u0117s biuro k\u0117d\u0117s, pavyzd\u017eiui, na\u0161um\u0105 didinan\u010dios BIOSWING. \u0160iame puslapyje rasite informacijos apie tai, kaip \u0161i technologija gali pad\u0117ti padidinti j\u016bs\u0173 darbingum\u0105. Svarbu, kad k\u0117d\u0117 b\u016bt\u0173 pritaikyta j\u016bs\u0173 individualiai anatomijai ir j\u0105 b\u016bt\u0173 galima keisti ir tobulai pritaikyti savo poreikiams.  BIOSWING 6 serijos biuro k\u0117d\u0117 u\u017etikrina maksimal\u0173 papildom\u0105 jud\u0117jim\u0105. D\u0117l pa\u017eangi\u0173 integruot\u0173 mechanizm\u0173 6 serijos modeliai ne tik reaguoja \u012f kiekvien\u0105 j\u016bs\u0173 judesio impuls\u0105, bet ir tobulai lanks\u010diai prisitaiko prie kiekvienos laikysenos ilgomis darbo dienomis. Aktyvus jud\u0117jimas ir reguliarus laikysenos keitimas yra naudingi stuburui. Individualiai reguliuodami k\u0117d\u0117s pasvirim\u0105 ir naudodami visuose \u0161ios serijos modeliuose \u012frengt\u0105 dubens stabilizatori\u0173, kuris labai \u0161velniai reaguoja \u012f judesius, be vargo teisingai sureguliuosite dubens pad\u0117t\u012f ir i\u0161laikysite nat\u016bralius stuburo S formos linkius. Tai pad\u0117s didinti fizin\u0119 ir protin\u0119 i\u0161tverm\u0119. BIOSWING 670 iQ atlo\u0161o auk\u0161tis yra 70 cm (BIOSWING 660 iQ atlo\u0161o auk\u0161tis yra 60 cm).\" \/>\n<meta property=\"og:url\" content=\"https:\/\/staging.bioswing.ee\/lt\/toode\/670-iq\/\" \/>\n<meta property=\"og:site_name\" content=\"BIOSWING\" \/>\n<meta property=\"article:modified_time\" content=\"2024-12-05T12:03:51+00:00\" \/>\n<meta property=\"og:image\" content=\"https:\/\/bioswing.ee\/wp-content\/uploads\/2023\/04\/670_IQ_Leder.jpg\" \/>\n\t<meta property=\"og:image:width\" content=\"1874\" \/>\n\t<meta property=\"og:image:height\" content=\"2500\" \/>\n\t<meta property=\"og:image:type\" content=\"image\/jpeg\" \/>\n<meta name=\"twitter:card\" content=\"summary_large_image\" \/>\n<meta name=\"twitter:label1\" content=\"Est. reading time\" \/>\n\t<meta name=\"twitter:data1\" content=\"1 minut\u0117\" \/>\n<script type=\"application\/ld+json\" class=\"yoast-schema-graph\">{\"@context\":\"https:\/\/schema.org\",\"@graph\":[{\"@type\":\"WebPage\",\"@id\":\"https:\/\/staging.bioswing.ee\/lt\/toode\/670-iq\/\",\"url\":\"https:\/\/staging.bioswing.ee\/lt\/toode\/670-iq\/\",\"name\":\"BIOSWING 670 iQ - BIOSWING\",\"isPartOf\":{\"@id\":\"https:\/\/staging.bioswing.ee\/lt\/#website\"},\"primaryImageOfPage\":{\"@id\":\"https:\/\/staging.bioswing.ee\/lt\/toode\/670-iq\/#primaryimage\"},\"image\":{\"@id\":\"https:\/\/staging.bioswing.ee\/lt\/toode\/670-iq\/#primaryimage\"},\"thumbnailUrl\":\"https:\/\/staging.bioswing.ee\/wp-content\/uploads\/2023\/04\/670_IQ_Leder.jpg\",\"datePublished\":\"2023-04-13T13:43:17+00:00\",\"dateModified\":\"2024-12-05T12:03:51+00:00\",\"breadcrumb\":{\"@id\":\"https:\/\/staging.bioswing.ee\/lt\/toode\/670-iq\/#breadcrumb\"},\"inLanguage\":\"lt-LT\",\"potentialAction\":[{\"@type\":\"ReadAction\",\"target\":[\"https:\/\/staging.bioswing.ee\/lt\/toode\/670-iq\/\"]}]},{\"@type\":\"ImageObject\",\"inLanguage\":\"lt-LT\",\"@id\":\"https:\/\/staging.bioswing.ee\/lt\/toode\/670-iq\/#primaryimage\",\"url\":\"https:\/\/staging.bioswing.ee\/wp-content\/uploads\/2023\/04\/670_IQ_Leder.jpg\",\"contentUrl\":\"https:\/\/staging.bioswing.ee\/wp-content\/uploads\/2023\/04\/670_IQ_Leder.jpg\",\"width\":1874,\"height\":2500},{\"@type\":\"BreadcrumbList\",\"@id\":\"https:\/\/staging.bioswing.ee\/lt\/toode\/670-iq\/#breadcrumb\",\"itemListElement\":[{\"@type\":\"ListItem\",\"position\":1,\"name\":\"Home\",\"item\":\"https:\/\/bioswing.ee\/lt\/\"},{\"@type\":\"ListItem\",\"position\":2,\"name\":\"Shop\",\"item\":\"https:\/\/bioswing.ee\/lt\/shop-2\/\"},{\"@type\":\"ListItem\",\"position\":3,\"name\":\"BIOSWING 670 iQ\"}]},{\"@type\":\"WebSite\",\"@id\":\"https:\/\/staging.bioswing.ee\/lt\/#website\",\"url\":\"https:\/\/staging.bioswing.ee\/lt\/\",\"name\":\"BIOSWING\",\"description\":\"Smart solutions for healthy sitting\",\"publisher\":{\"@id\":\"https:\/\/staging.bioswing.ee\/lt\/#organization\"},\"potentialAction\":[{\"@type\":\"SearchAction\",\"target\":{\"@type\":\"EntryPoint\",\"urlTemplate\":\"https:\/\/staging.bioswing.ee\/lt\/?s={search_term_string}\"},\"query-input\":{\"@type\":\"PropertyValueSpecification\",\"valueRequired\":true,\"valueName\":\"search_term_string\"}}],\"inLanguage\":\"lt-LT\"},{\"@type\":\"Organization\",\"@id\":\"https:\/\/staging.bioswing.ee\/lt\/#organization\",\"name\":\"BIOSWING\",\"url\":\"https:\/\/staging.bioswing.ee\/lt\/\",\"logo\":{\"@type\":\"ImageObject\",\"inLanguage\":\"lt-LT\",\"@id\":\"https:\/\/staging.bioswing.ee\/lt\/#\/schema\/logo\/image\/\",\"url\":\"https:\/\/staging.bioswing.ee\/wp-content\/uploads\/2023\/04\/logo_web.png\",\"contentUrl\":\"https:\/\/staging.bioswing.ee\/wp-content\/uploads\/2023\/04\/logo_web.png\",\"width\":140,\"height\":122,\"caption\":\"BIOSWING\"},\"image\":{\"@id\":\"https:\/\/staging.bioswing.ee\/lt\/#\/schema\/logo\/image\/\"}}]}<\/script>\n<!-- \/ Yoast SEO plugin. -->","yoast_head_json":{"title":"BIOSWING 670 iQ - BIOSWING","robots":{"index":"noindex","follow":"follow","max-snippet":"max-snippet:-1","max-image-preview":"max-image-preview:large","max-video-preview":"max-video-preview:-1"},"og_locale":"lt_LT","og_type":"article","og_title":"BIOSWING 670 iQ - BIOSWING","og_description":"Jei norite, kad darbas vykt\u0173 produktyviai kiekvien\u0105 dien\u0105, jums reikia geresn\u0117s biuro k\u0117d\u0117s, pavyzd\u017eiui, na\u0161um\u0105 didinan\u010dios BIOSWING. \u0160iame puslapyje rasite informacijos apie tai, kaip \u0161i technologija gali pad\u0117ti padidinti j\u016bs\u0173 darbingum\u0105. Svarbu, kad k\u0117d\u0117 b\u016bt\u0173 pritaikyta j\u016bs\u0173 individualiai anatomijai ir j\u0105 b\u016bt\u0173 galima keisti ir tobulai pritaikyti savo poreikiams.  BIOSWING 6 serijos biuro k\u0117d\u0117 u\u017etikrina maksimal\u0173 papildom\u0105 jud\u0117jim\u0105. D\u0117l pa\u017eangi\u0173 integruot\u0173 mechanizm\u0173 6 serijos modeliai ne tik reaguoja \u012f kiekvien\u0105 j\u016bs\u0173 judesio impuls\u0105, bet ir tobulai lanks\u010diai prisitaiko prie kiekvienos laikysenos ilgomis darbo dienomis. Aktyvus jud\u0117jimas ir reguliarus laikysenos keitimas yra naudingi stuburui. Individualiai reguliuodami k\u0117d\u0117s pasvirim\u0105 ir naudodami visuose \u0161ios serijos modeliuose \u012frengt\u0105 dubens stabilizatori\u0173, kuris labai \u0161velniai reaguoja \u012f judesius, be vargo teisingai sureguliuosite dubens pad\u0117t\u012f ir i\u0161laikysite nat\u016bralius stuburo S formos linkius. Tai pad\u0117s didinti fizin\u0119 ir protin\u0119 i\u0161tverm\u0119. BIOSWING 670 iQ atlo\u0161o auk\u0161tis yra 70 cm (BIOSWING 660 iQ atlo\u0161o auk\u0161tis yra 60 cm).","og_url":"https:\/\/staging.bioswing.ee\/lt\/toode\/670-iq\/","og_site_name":"BIOSWING","article_modified_time":"2024-12-05T12:03:51+00:00","og_image":[{"width":1874,"height":2500,"url":"https:\/\/bioswing.ee\/wp-content\/uploads\/2023\/04\/670_IQ_Leder.jpg","type":"image\/jpeg"}],"twitter_card":"summary_large_image","twitter_misc":{"Est. reading time":"1 minut\u0117"},"schema":{"@context":"https:\/\/schema.org","@graph":[{"@type":"WebPage","@id":"https:\/\/staging.bioswing.ee\/lt\/toode\/670-iq\/","url":"https:\/\/staging.bioswing.ee\/lt\/toode\/670-iq\/","name":"BIOSWING 670 iQ - BIOSWING","isPartOf":{"@id":"https:\/\/staging.bioswing.ee\/lt\/#website"},"primaryImageOfPage":{"@id":"https:\/\/staging.bioswing.ee\/lt\/toode\/670-iq\/#primaryimage"},"image":{"@id":"https:\/\/staging.bioswing.ee\/lt\/toode\/670-iq\/#primaryimage"},"thumbnailUrl":"https:\/\/staging.bioswing.ee\/wp-content\/uploads\/2023\/04\/670_IQ_Leder.jpg","datePublished":"2023-04-13T13:43:17+00:00","dateModified":"2024-12-05T12:03:51+00:00","breadcrumb":{"@id":"https:\/\/staging.bioswing.ee\/lt\/toode\/670-iq\/#breadcrumb"},"inLanguage":"lt-LT","potentialAction":[{"@type":"ReadAction","target":["https:\/\/staging.bioswing.ee\/lt\/toode\/670-iq\/"]}]},{"@type":"ImageObject","inLanguage":"lt-LT","@id":"https:\/\/staging.bioswing.ee\/lt\/toode\/670-iq\/#primaryimage","url":"https:\/\/staging.bioswing.ee\/wp-content\/uploads\/2023\/04\/670_IQ_Leder.jpg","contentUrl":"https:\/\/staging.bioswing.ee\/wp-content\/uploads\/2023\/04\/670_IQ_Leder.jpg","width":1874,"height":2500},{"@type":"BreadcrumbList","@id":"https:\/\/staging.bioswing.ee\/lt\/toode\/670-iq\/#breadcrumb","itemListElement":[{"@type":"ListItem","position":1,"name":"Home","item":"https:\/\/bioswing.ee\/lt\/"},{"@type":"ListItem","position":2,"name":"Shop","item":"https:\/\/bioswing.ee\/lt\/shop-2\/"},{"@type":"ListItem","position":3,"name":"BIOSWING 670 iQ"}]},{"@type":"WebSite","@id":"https:\/\/staging.bioswing.ee\/lt\/#website","url":"https:\/\/staging.bioswing.ee\/lt\/","name":"BIOSWING","description":"Smart solutions for healthy sitting","publisher":{"@id":"https:\/\/staging.bioswing.ee\/lt\/#organization"},"potentialAction":[{"@type":"SearchAction","target":{"@type":"EntryPoint","urlTemplate":"https:\/\/staging.bioswing.ee\/lt\/?s={search_term_string}"},"query-input":{"@type":"PropertyValueSpecification","valueRequired":true,"valueName":"search_term_string"}}],"inLanguage":"lt-LT"},{"@type":"Organization","@id":"https:\/\/staging.bioswing.ee\/lt\/#organization","name":"BIOSWING","url":"https:\/\/staging.bioswing.ee\/lt\/","logo":{"@type":"ImageObject","inLanguage":"lt-LT","@id":"https:\/\/staging.bioswing.ee\/lt\/#\/schema\/logo\/image\/","url":"https:\/\/staging.bioswing.ee\/wp-content\/uploads\/2023\/04\/logo_web.png","contentUrl":"https:\/\/staging.bioswing.ee\/wp-content\/uploads\/2023\/04\/logo_web.png","width":140,"height":122,"caption":"BIOSWING"},"image":{"@id":"https:\/\/staging.bioswing.ee\/lt\/#\/schema\/logo\/image\/"}}]}},"_links":{"self":[{"href":"https:\/\/staging.bioswing.ee\/lt\/wp-json\/wp\/v2\/product\/3622","targetHints":{"allow":["GET"]}}],"collection":[{"href":"https:\/\/staging.bioswing.ee\/lt\/wp-json\/wp\/v2\/product"}],"about":[{"href":"https:\/\/staging.bioswing.ee\/lt\/wp-json\/wp\/v2\/types\/product"}],"wp:featuredmedia":[{"embeddable":true,"href":"https:\/\/staging.bioswing.ee\/lt\/wp-json\/wp\/v2\/media\/1207"}],"wp:attachment":[{"href":"https:\/\/staging.bioswing.ee\/lt\/wp-json\/wp\/v2\/media?parent=3622"}],"wp:term":[{"taxonomy":"product_brand","embeddable":true,"href":"https:\/\/staging.bioswing.ee\/lt\/wp-json\/wp\/v2\/product_brand?post=3622"},{"taxonomy":"product_cat","embeddable":true,"href":"https:\/\/staging.bioswing.ee\/lt\/wp-json\/wp\/v2\/product_cat?post=3622"},{"taxonomy":"product_tag","embeddable":true,"href":"https:\/\/staging.bioswing.ee\/lt\/wp-json\/wp\/v2\/product_tag?post=3622"}],"curies":[{"name":"wp","href":"https:\/\/api.w.org\/{rel}","templated":true}]}}