{"id":3747,"date":"2023-04-14T11:49:01","date_gmt":"2023-04-14T11:49:01","guid":{"rendered":"https:\/\/staging.bioswing.ee\/toode\/780-iq-detensor\/"},"modified":"2023-08-24T13:52:58","modified_gmt":"2023-08-24T13:52:58","slug":"780-iq-detensor","status":"publish","type":"product","link":"https:\/\/staging.bioswing.ee\/lt\/toode\/780-iq-detensor\/","title":{"rendered":"BIOSWING 780 iQ DETENSOR"},"content":{"rendered":"<h3>BIOSWING 780 iQ DETENSOR<\/h3>\n<ul>\n<li>Ergonomi\u0161ka, lanksti ortopedin\u0117 k\u0117d\u0117 biurui su ortopediniu efektu<\/li>\n<li>Integruotas prisitaikantis 3D k\u0117d\u0117s mechanizmas<\/li>\n<li>Sinchroninis mechanizmas su individualiu svorio reguliavimu<\/li>\n<li>Odiniai porankiai su individualiai reguliuojamu auk\u0161\u010diu<\/li>\n<li>Individualus, nuolat kintantis k\u0117d\u0117s posvyrio reguliavimas su pneumatine spyruokle<\/li>\n<li>Papildomas dubens stabilizatorius<\/li>\n<li>S\u0117d\u0117jimo gyl\u012f galima reguliuoti pagal koj\u0173 ilg\u012f<\/li>\n<li>Reguliuojamo auk\u0161\u010dio atlo\u0161as su integruota kaklo atrama ir papildomai su individualiai pasirenkamo i\u0161linkimo bei auk\u0161\u010dio juosmens atrama<\/li>\n<li>Atlo\u0161o auk\u0161tis: 80 cm<\/li>\n<li>Tema: \u012fvairi\u0173 spalv\u0173 karv\u0117s oda<\/li>\n<li>\u017dvaig\u017ed\u0117s formos pagrindas: poliruotas aliuminis<\/li>\n<li>Ratukai: chromuoti<\/li>\n<\/ul>\n<p><iframe title=\"YouTube video player\" src=\"https:\/\/www.youtube.com\/embed\/WkNjcHLZfsA\" width=\"100%\" height=\"450\" frameborder=\"0\" allowfullscreen=\"allowfullscreen\"><\/iframe><\/p>\n<p><iframe width=\"100%\" height=\"450\" src=\"https:\/\/www.youtube.com\/embed\/RdAkGYfQRU0?si=iZjPFPN7BfNfVNQH\" title=\"YouTube video player\" frameborder=\"0\" allow=\"accelerometer; autoplay; clipboard-write; encrypted-media; gyroscope; picture-in-picture; web-share\" allowfullscreen=\"\"><\/iframe><\/p>\n","protected":false},"excerpt":{"rendered":"<h4>Jei norite, kad darbas vykt\u0173 produktyviai kiekvien\u0105 dien\u0105, jums reikia geresn\u0117s biuro k\u0117d\u0117s, pavyzd\u017eiui, na\u0161um\u0105 didinan\u010dios BIOSWING.<\/h4>\n<p>\u0160iame puslapyje rasite informacijos apie tai, kaip \u0161i technologija gali pad\u0117ti <strong>padidinti j\u016bs\u0173 darbingum\u0105<\/strong>.<\/p>\n<p>Svarbu, kad k\u0117d\u0117 b\u016bt\u0173 pritaikyta <strong>j\u016bs\u0173 individualiai anatomijai<\/strong> ir j\u0105 b\u016bt\u0173 galima keisti ir tobulai pritaikyti savo poreikiams.<\/p>\n<h4>BIOSWING 7 serijos modeliai u\u017etikrina maksimal\u0173 komfort\u0105 ir prabang\u0105. Nepamir\u0161tant ir sveikatos aspekt\u0173, pavyzd\u017eiui, tikslingo jud\u0117jimo skatinimo s\u0117dint ir ergonomikos.<\/h4>\n<p>Kaip ir kit\u0173 serij\u0173 k\u0117d\u0117s, \u0161ios taip pat puikiai prisitaiko prie kiekvienos k\u016bno laikysenos ilgomis darbo dienomis ir turi \u012fvairi\u0173 unikali\u0173 funkcij\u0173, kurios padeda atsipalaiduoti.<\/p>\n<p>Aktyvus jud\u0117jimas ir reguliarus laikysenos keitimas yra naudingi stuburui. <strong>Individualiai reguliuodami k\u0117d\u0117s pasvirim\u0105<\/strong> ir naudodami visuose \u0161ios serijos modeliuose \u012frengt\u0105 <strong>dubens stabilizatori\u0173<\/strong>, kuris labai \u0161velniai reaguoja \u012f judesius, be vargo teisingai sureguliuosite dubens pad\u0117t\u012f ir i\u0161laikysite <strong>nat\u016bralius stuburo S formos linkius<\/strong>.<\/p>\n<h4>BIOSWING 7 serijos modeliai u\u017etikrina maksimal\u0173 komfort\u0105 ir prabang\u0105. Nepamir\u0161tant ir sveikatos aspekt\u0173, pavyzd\u017eiui, tikslingo jud\u0117jimo skatinimo s\u0117dint ir ergonomikos.<\/h4>\n<p>Kaip ir kit\u0173 serij\u0173 k\u0117d\u0117s, \u0161ios taip pat puikiai prisitaiko prie kiekvienos k\u016bno laikysenos ilgomis darbo dienomis ir turi \u012fvairi\u0173 unikali\u0173 funkcij\u0173, kurios padeda atsipalaiduoti.<\/p>\n<p><img decoding=\"async\" class=\"alignnone wp-image-916\" src=\"https:\/\/staging.bioswing.ee\/wp-content\/uploads\/2023\/04\/pdf.png\" alt=\"pdf\" width=\"19\" height=\"20\"> <a href=\"https:\/\/staging.bioswing.ee\/wp-content\/uploads\/2023\/04\/produktblatt_780_v02_EN.pdf\" target=\"_blank\" rel=\"noopener\">Atsisi\u0173sti gaminio lap\u0105 (PDF)<\/a><\/p>\n","protected":false},"featured_media":1232,"template":"","meta":[],"product_brand":[],"product_cat":[104],"product_tag":[],"class_list":{"0":"post-3747","1":"product","2":"type-product","3":"status-publish","4":"has-post-thumbnail","6":"product_cat-vadovams","8":"first","9":"instock","10":"sale","11":"taxable","12":"shipping-taxable","13":"purchasable","14":"product-type-variable","15":"has-default-attributes"},"yoast_head":"<!-- This site is optimized with the Yoast SEO plugin v27.1.1 - https:\/\/yoast.com\/product\/yoast-seo-wordpress\/ -->\n<title>BIOSWING 780 iQ DETENSOR - BIOSWING<\/title>\n<meta name=\"robots\" content=\"noindex, follow, max-snippet:-1, max-image-preview:large, max-video-preview:-1\" \/>\n<meta property=\"og:locale\" content=\"lt_LT\" \/>\n<meta property=\"og:type\" content=\"article\" \/>\n<meta property=\"og:title\" content=\"BIOSWING 780 iQ DETENSOR - BIOSWING\" \/>\n<meta property=\"og:description\" content=\"Jei norite, kad darbas vykt\u0173 produktyviai kiekvien\u0105 dien\u0105, jums reikia geresn\u0117s biuro k\u0117d\u0117s, pavyzd\u017eiui, na\u0161um\u0105 didinan\u010dios BIOSWING. \u0160iame puslapyje rasite informacijos apie tai, kaip \u0161i technologija gali pad\u0117ti padidinti j\u016bs\u0173 darbingum\u0105. Svarbu, kad k\u0117d\u0117 b\u016bt\u0173 pritaikyta j\u016bs\u0173 individualiai anatomijai ir j\u0105 b\u016bt\u0173 galima keisti ir tobulai pritaikyti savo poreikiams. BIOSWING 7 serijos modeliai u\u017etikrina maksimal\u0173 komfort\u0105 ir prabang\u0105. Nepamir\u0161tant ir sveikatos aspekt\u0173, pavyzd\u017eiui, tikslingo jud\u0117jimo skatinimo s\u0117dint ir ergonomikos. Kaip ir kit\u0173 serij\u0173 k\u0117d\u0117s, \u0161ios taip pat puikiai prisitaiko prie kiekvienos k\u016bno laikysenos ilgomis darbo dienomis ir turi \u012fvairi\u0173 unikali\u0173 funkcij\u0173, kurios padeda atsipalaiduoti. Aktyvus jud\u0117jimas ir reguliarus laikysenos keitimas yra naudingi stuburui. Individualiai reguliuodami k\u0117d\u0117s pasvirim\u0105 ir naudodami visuose \u0161ios serijos modeliuose \u012frengt\u0105 dubens stabilizatori\u0173, kuris labai \u0161velniai reaguoja \u012f judesius, be vargo teisingai sureguliuosite dubens pad\u0117t\u012f ir i\u0161laikysite nat\u016bralius stuburo S formos linkius. BIOSWING 7 serijos modeliai u\u017etikrina maksimal\u0173 komfort\u0105 ir prabang\u0105. Nepamir\u0161tant ir sveikatos aspekt\u0173, pavyzd\u017eiui, tikslingo jud\u0117jimo skatinimo s\u0117dint ir ergonomikos. Kaip ir kit\u0173 serij\u0173 k\u0117d\u0117s, \u0161ios taip pat puikiai prisitaiko prie kiekvienos k\u016bno laikysenos ilgomis darbo dienomis ir turi \u012fvairi\u0173 unikali\u0173 funkcij\u0173, kurios padeda atsipalaiduoti.  Atsisi\u0173sti gaminio lap\u0105 (PDF)\" \/>\n<meta property=\"og:url\" content=\"https:\/\/staging.bioswing.ee\/lt\/toode\/780-iq-detensor\/\" \/>\n<meta property=\"og:site_name\" content=\"BIOSWING\" \/>\n<meta property=\"article:modified_time\" content=\"2023-08-24T13:52:58+00:00\" \/>\n<meta property=\"og:image\" content=\"https:\/\/bioswing.ee\/wp-content\/uploads\/2023\/04\/780_IQ_Detensor.jpg\" \/>\n\t<meta property=\"og:image:width\" content=\"1874\" \/>\n\t<meta property=\"og:image:height\" content=\"2500\" \/>\n\t<meta property=\"og:image:type\" content=\"image\/jpeg\" \/>\n<meta name=\"twitter:card\" content=\"summary_large_image\" \/>\n<script type=\"application\/ld+json\" class=\"yoast-schema-graph\">{\"@context\":\"https:\/\/schema.org\",\"@graph\":[{\"@type\":\"WebPage\",\"@id\":\"https:\/\/staging.bioswing.ee\/lt\/toode\/780-iq-detensor\/\",\"url\":\"https:\/\/staging.bioswing.ee\/lt\/toode\/780-iq-detensor\/\",\"name\":\"BIOSWING 780 iQ DETENSOR - BIOSWING\",\"isPartOf\":{\"@id\":\"https:\/\/staging.bioswing.ee\/lt\/#website\"},\"primaryImageOfPage\":{\"@id\":\"https:\/\/staging.bioswing.ee\/lt\/toode\/780-iq-detensor\/#primaryimage\"},\"image\":{\"@id\":\"https:\/\/staging.bioswing.ee\/lt\/toode\/780-iq-detensor\/#primaryimage\"},\"thumbnailUrl\":\"https:\/\/staging.bioswing.ee\/wp-content\/uploads\/2023\/04\/780_IQ_Detensor.jpg\",\"datePublished\":\"2023-04-14T11:49:01+00:00\",\"dateModified\":\"2023-08-24T13:52:58+00:00\",\"breadcrumb\":{\"@id\":\"https:\/\/staging.bioswing.ee\/lt\/toode\/780-iq-detensor\/#breadcrumb\"},\"inLanguage\":\"lt-LT\",\"potentialAction\":[{\"@type\":\"ReadAction\",\"target\":[\"https:\/\/staging.bioswing.ee\/lt\/toode\/780-iq-detensor\/\"]}]},{\"@type\":\"ImageObject\",\"inLanguage\":\"lt-LT\",\"@id\":\"https:\/\/staging.bioswing.ee\/lt\/toode\/780-iq-detensor\/#primaryimage\",\"url\":\"https:\/\/staging.bioswing.ee\/wp-content\/uploads\/2023\/04\/780_IQ_Detensor.jpg\",\"contentUrl\":\"https:\/\/staging.bioswing.ee\/wp-content\/uploads\/2023\/04\/780_IQ_Detensor.jpg\",\"width\":1874,\"height\":2500},{\"@type\":\"BreadcrumbList\",\"@id\":\"https:\/\/staging.bioswing.ee\/lt\/toode\/780-iq-detensor\/#breadcrumb\",\"itemListElement\":[{\"@type\":\"ListItem\",\"position\":1,\"name\":\"Home\",\"item\":\"https:\/\/bioswing.ee\/lt\/\"},{\"@type\":\"ListItem\",\"position\":2,\"name\":\"Shop\",\"item\":\"https:\/\/bioswing.ee\/lt\/shop-2\/\"},{\"@type\":\"ListItem\",\"position\":3,\"name\":\"BIOSWING 780 iQ DETENSOR\"}]},{\"@type\":\"WebSite\",\"@id\":\"https:\/\/staging.bioswing.ee\/lt\/#website\",\"url\":\"https:\/\/staging.bioswing.ee\/lt\/\",\"name\":\"BIOSWING\",\"description\":\"Smart solutions for healthy sitting\",\"publisher\":{\"@id\":\"https:\/\/staging.bioswing.ee\/lt\/#organization\"},\"potentialAction\":[{\"@type\":\"SearchAction\",\"target\":{\"@type\":\"EntryPoint\",\"urlTemplate\":\"https:\/\/staging.bioswing.ee\/lt\/?s={search_term_string}\"},\"query-input\":{\"@type\":\"PropertyValueSpecification\",\"valueRequired\":true,\"valueName\":\"search_term_string\"}}],\"inLanguage\":\"lt-LT\"},{\"@type\":\"Organization\",\"@id\":\"https:\/\/staging.bioswing.ee\/lt\/#organization\",\"name\":\"BIOSWING\",\"url\":\"https:\/\/staging.bioswing.ee\/lt\/\",\"logo\":{\"@type\":\"ImageObject\",\"inLanguage\":\"lt-LT\",\"@id\":\"https:\/\/staging.bioswing.ee\/lt\/#\/schema\/logo\/image\/\",\"url\":\"https:\/\/staging.bioswing.ee\/wp-content\/uploads\/2023\/04\/logo_web.png\",\"contentUrl\":\"https:\/\/staging.bioswing.ee\/wp-content\/uploads\/2023\/04\/logo_web.png\",\"width\":140,\"height\":122,\"caption\":\"BIOSWING\"},\"image\":{\"@id\":\"https:\/\/staging.bioswing.ee\/lt\/#\/schema\/logo\/image\/\"}}]}<\/script>\n<!-- \/ Yoast SEO plugin. -->","yoast_head_json":{"title":"BIOSWING 780 iQ DETENSOR - BIOSWING","robots":{"index":"noindex","follow":"follow","max-snippet":"max-snippet:-1","max-image-preview":"max-image-preview:large","max-video-preview":"max-video-preview:-1"},"og_locale":"lt_LT","og_type":"article","og_title":"BIOSWING 780 iQ DETENSOR - BIOSWING","og_description":"Jei norite, kad darbas vykt\u0173 produktyviai kiekvien\u0105 dien\u0105, jums reikia geresn\u0117s biuro k\u0117d\u0117s, pavyzd\u017eiui, na\u0161um\u0105 didinan\u010dios BIOSWING. \u0160iame puslapyje rasite informacijos apie tai, kaip \u0161i technologija gali pad\u0117ti padidinti j\u016bs\u0173 darbingum\u0105. Svarbu, kad k\u0117d\u0117 b\u016bt\u0173 pritaikyta j\u016bs\u0173 individualiai anatomijai ir j\u0105 b\u016bt\u0173 galima keisti ir tobulai pritaikyti savo poreikiams. BIOSWING 7 serijos modeliai u\u017etikrina maksimal\u0173 komfort\u0105 ir prabang\u0105. Nepamir\u0161tant ir sveikatos aspekt\u0173, pavyzd\u017eiui, tikslingo jud\u0117jimo skatinimo s\u0117dint ir ergonomikos. Kaip ir kit\u0173 serij\u0173 k\u0117d\u0117s, \u0161ios taip pat puikiai prisitaiko prie kiekvienos k\u016bno laikysenos ilgomis darbo dienomis ir turi \u012fvairi\u0173 unikali\u0173 funkcij\u0173, kurios padeda atsipalaiduoti. Aktyvus jud\u0117jimas ir reguliarus laikysenos keitimas yra naudingi stuburui. Individualiai reguliuodami k\u0117d\u0117s pasvirim\u0105 ir naudodami visuose \u0161ios serijos modeliuose \u012frengt\u0105 dubens stabilizatori\u0173, kuris labai \u0161velniai reaguoja \u012f judesius, be vargo teisingai sureguliuosite dubens pad\u0117t\u012f ir i\u0161laikysite nat\u016bralius stuburo S formos linkius. BIOSWING 7 serijos modeliai u\u017etikrina maksimal\u0173 komfort\u0105 ir prabang\u0105. Nepamir\u0161tant ir sveikatos aspekt\u0173, pavyzd\u017eiui, tikslingo jud\u0117jimo skatinimo s\u0117dint ir ergonomikos. Kaip ir kit\u0173 serij\u0173 k\u0117d\u0117s, \u0161ios taip pat puikiai prisitaiko prie kiekvienos k\u016bno laikysenos ilgomis darbo dienomis ir turi \u012fvairi\u0173 unikali\u0173 funkcij\u0173, kurios padeda atsipalaiduoti.  Atsisi\u0173sti gaminio lap\u0105 (PDF)","og_url":"https:\/\/staging.bioswing.ee\/lt\/toode\/780-iq-detensor\/","og_site_name":"BIOSWING","article_modified_time":"2023-08-24T13:52:58+00:00","og_image":[{"width":1874,"height":2500,"url":"https:\/\/bioswing.ee\/wp-content\/uploads\/2023\/04\/780_IQ_Detensor.jpg","type":"image\/jpeg"}],"twitter_card":"summary_large_image","schema":{"@context":"https:\/\/schema.org","@graph":[{"@type":"WebPage","@id":"https:\/\/staging.bioswing.ee\/lt\/toode\/780-iq-detensor\/","url":"https:\/\/staging.bioswing.ee\/lt\/toode\/780-iq-detensor\/","name":"BIOSWING 780 iQ DETENSOR - BIOSWING","isPartOf":{"@id":"https:\/\/staging.bioswing.ee\/lt\/#website"},"primaryImageOfPage":{"@id":"https:\/\/staging.bioswing.ee\/lt\/toode\/780-iq-detensor\/#primaryimage"},"image":{"@id":"https:\/\/staging.bioswing.ee\/lt\/toode\/780-iq-detensor\/#primaryimage"},"thumbnailUrl":"https:\/\/staging.bioswing.ee\/wp-content\/uploads\/2023\/04\/780_IQ_Detensor.jpg","datePublished":"2023-04-14T11:49:01+00:00","dateModified":"2023-08-24T13:52:58+00:00","breadcrumb":{"@id":"https:\/\/staging.bioswing.ee\/lt\/toode\/780-iq-detensor\/#breadcrumb"},"inLanguage":"lt-LT","potentialAction":[{"@type":"ReadAction","target":["https:\/\/staging.bioswing.ee\/lt\/toode\/780-iq-detensor\/"]}]},{"@type":"ImageObject","inLanguage":"lt-LT","@id":"https:\/\/staging.bioswing.ee\/lt\/toode\/780-iq-detensor\/#primaryimage","url":"https:\/\/staging.bioswing.ee\/wp-content\/uploads\/2023\/04\/780_IQ_Detensor.jpg","contentUrl":"https:\/\/staging.bioswing.ee\/wp-content\/uploads\/2023\/04\/780_IQ_Detensor.jpg","width":1874,"height":2500},{"@type":"BreadcrumbList","@id":"https:\/\/staging.bioswing.ee\/lt\/toode\/780-iq-detensor\/#breadcrumb","itemListElement":[{"@type":"ListItem","position":1,"name":"Home","item":"https:\/\/bioswing.ee\/lt\/"},{"@type":"ListItem","position":2,"name":"Shop","item":"https:\/\/bioswing.ee\/lt\/shop-2\/"},{"@type":"ListItem","position":3,"name":"BIOSWING 780 iQ DETENSOR"}]},{"@type":"WebSite","@id":"https:\/\/staging.bioswing.ee\/lt\/#website","url":"https:\/\/staging.bioswing.ee\/lt\/","name":"BIOSWING","description":"Smart solutions for healthy sitting","publisher":{"@id":"https:\/\/staging.bioswing.ee\/lt\/#organization"},"potentialAction":[{"@type":"SearchAction","target":{"@type":"EntryPoint","urlTemplate":"https:\/\/staging.bioswing.ee\/lt\/?s={search_term_string}"},"query-input":{"@type":"PropertyValueSpecification","valueRequired":true,"valueName":"search_term_string"}}],"inLanguage":"lt-LT"},{"@type":"Organization","@id":"https:\/\/staging.bioswing.ee\/lt\/#organization","name":"BIOSWING","url":"https:\/\/staging.bioswing.ee\/lt\/","logo":{"@type":"ImageObject","inLanguage":"lt-LT","@id":"https:\/\/staging.bioswing.ee\/lt\/#\/schema\/logo\/image\/","url":"https:\/\/staging.bioswing.ee\/wp-content\/uploads\/2023\/04\/logo_web.png","contentUrl":"https:\/\/staging.bioswing.ee\/wp-content\/uploads\/2023\/04\/logo_web.png","width":140,"height":122,"caption":"BIOSWING"},"image":{"@id":"https:\/\/staging.bioswing.ee\/lt\/#\/schema\/logo\/image\/"}}]}},"_links":{"self":[{"href":"https:\/\/staging.bioswing.ee\/lt\/wp-json\/wp\/v2\/product\/3747","targetHints":{"allow":["GET"]}}],"collection":[{"href":"https:\/\/staging.bioswing.ee\/lt\/wp-json\/wp\/v2\/product"}],"about":[{"href":"https:\/\/staging.bioswing.ee\/lt\/wp-json\/wp\/v2\/types\/product"}],"wp:featuredmedia":[{"embeddable":true,"href":"https:\/\/staging.bioswing.ee\/lt\/wp-json\/wp\/v2\/media\/1232"}],"wp:attachment":[{"href":"https:\/\/staging.bioswing.ee\/lt\/wp-json\/wp\/v2\/media?parent=3747"}],"wp:term":[{"taxonomy":"product_brand","embeddable":true,"href":"https:\/\/staging.bioswing.ee\/lt\/wp-json\/wp\/v2\/product_brand?post=3747"},{"taxonomy":"product_cat","embeddable":true,"href":"https:\/\/staging.bioswing.ee\/lt\/wp-json\/wp\/v2\/product_cat?post=3747"},{"taxonomy":"product_tag","embeddable":true,"href":"https:\/\/staging.bioswing.ee\/lt\/wp-json\/wp\/v2\/product_tag?post=3747"}],"curies":[{"name":"wp","href":"https:\/\/api.w.org\/{rel}","templated":true}]}}