{"id":3919,"date":"2023-04-13T11:45:56","date_gmt":"2023-04-13T11:45:56","guid":{"rendered":"https:\/\/staging.bioswing.ee\/toode\/360-iq\/"},"modified":"2023-08-24T13:18:10","modified_gmt":"2023-08-24T13:18:10","slug":"360-iq","status":"publish","type":"product","link":"https:\/\/staging.bioswing.ee\/lt\/toode\/360-iq\/","title":{"rendered":"BIOSWING 360 iQ"},"content":{"rendered":"<h3>BIOSWING 360 iQ<\/h3>\n<ul>\n<li>Ergonomi\u0161ka, lanksti ortopedin\u0117 k\u0117d\u0117 biurui su ortopediniu efektu<\/li>\n<li>Integruotas prisitaikantis 3D k\u0117d\u0117s mechanizmas<\/li>\n<li>Sinchroninis mechanizmas su automatiniu (tiksliu) svorio reguliavimu<\/li>\n<li>Individualus k\u0117d\u0117s posvyrio reguliavimas dubens stabilizatoriumi arba pneumatine spyruokle<\/li>\n<li>S\u0117d\u0117jimo gyl\u012f galima reguliuoti pagal koj\u0173 ilg\u012f<\/li>\n<li>Reguliuojamo auk\u0161\u010dio porankiai<\/li>\n<li>Reguliuojamo auk\u0161\u010dio atlo\u0161as, papildomai su juosmens atrama individualiai reguliuojamam i\u0161lenkimui<\/li>\n<li>Atlo\u0161o auk\u0161tis: 60 cm<\/li>\n<li>Med\u017eiagos sluoksnis: \u201eX-treme FR\u201c juodas<\/li>\n<li>\u017dvaig\u017ed\u0117s formos pagrindas: plastikinis, juodas<\/li>\n<li>Kokybi\u0161ki mink\u0161ti dvigubi ratukai<\/li>\n<\/ul>\n<p><iframe width=\"100%\" height=\"450\" src=\"https:\/\/www.youtube.com\/embed\/nxXvBXxMZ50\" title=\"YouTube video player\" frameborder=\"0\" allow=\"accelerometer; autoplay; clipboard-write; encrypted-media; gyroscope; picture-in-picture; web-share\" allowfullscreen=\"\"><\/iframe><\/p>\n<p><iframe width=\"100%\" height=\"450\" src=\"https:\/\/www.youtube.com\/embed\/RcO6lKibSxw?si=5Qcu97jkGHF27NOu\" title=\"YouTube video player\" frameborder=\"0\" allow=\"accelerometer; autoplay; clipboard-write; encrypted-media; gyroscope; picture-in-picture; web-share\" allowfullscreen=\"\"><\/iframe><\/p>\n","protected":false},"excerpt":{"rendered":"<h4>Tur\u0117dami galimyb\u0119 tiksliau pritaikyti biuro k\u0117d\u0119 savo k\u016bno proporcijoms tausojate sveikat\u0105 ir neprarandate motyvacijos dienomis, kai daug laiko praleid\u017eiate s\u0117d\u0117dami.<\/h4>\n<p>Svarbu, kad k\u0117d\u0117 b\u016bt\u0173 pritaikyta <strong>j\u016bs\u0173 individualiai anatomijai<\/strong> ir tur\u0117t\u0173 pakankamai b\u016bd\u0173 j\u0105 keisti ir pritaikyti.<\/p>\n<p>Toliau rasite apra\u0161ytas pagrindines galimybes.<\/p>\n<h4>BIOSWING 3 serijos biuro k\u0117d\u0117 u\u017etikrina maksimal\u0173 jud\u0117jim\u0105.<\/h4>\n<p>D\u0117l \u012fvairi\u0173 mechanizm\u0173 3 serijos modeliai ne tik reaguoja \u012f kiekvien\u0105 naudotojo judes\u012f, bet ir tobulai prisitaiko prie jo laikysen\u0173 ilgomis darbo dienomis. Juk <strong>geriausia laikysena visada yra sekanti<\/strong>.<\/p>\n<p>Jei darbe tenka daug dirbti klaviat\u016bra ir pele, reikia pasir\u016bpinti, kad <strong>pe\u010di\u0173 raumenys<\/strong> b\u016bt\u0173 <strong>reguliariai atpalaiduojami<\/strong>. Tai padaryti gali pad\u0117ti <strong>individualiai<\/strong> <strong>reguliuojami porankiai<\/strong>. 3 serijos modeliai gali b\u016bti \u012fvairi\u0173 versij\u0173, apie kurias m\u016bs\u0173 ergonomikos ekspertai papasakos vienoje i\u0161 ma\u017edaug 150 konsultacini\u0173 skyri\u0173 Vokietijoje, \u010cekijoje ir Austrijoje.<\/p>\n<p><img decoding=\"async\" class=\"alignnone wp-image-916\" src=\"https:\/\/staging.bioswing.ee\/wp-content\/uploads\/2023\/04\/pdf.png\" alt=\"pdf\" width=\"19\" height=\"20\"> <a href=\"https:\/\/staging.bioswing.ee\/wp-content\/uploads\/2023\/04\/produktblatt_360_v04_EN.pdf\" target=\"_blank\" rel=\"noopener\">Atsisi\u0173sti gaminio lap\u0105 (PDF)<\/a><\/p>\n","protected":false},"featured_media":1122,"template":"","meta":[],"product_brand":[],"product_cat":[122],"product_tag":[],"class_list":{"0":"post-3919","1":"product","2":"type-product","3":"status-publish","4":"has-post-thumbnail","6":"product_cat-biurui-ir-namams","8":"first","9":"instock","10":"sale","11":"taxable","12":"shipping-taxable","13":"purchasable","14":"product-type-variable","15":"has-default-attributes"},"yoast_head":"<!-- This site is optimized with the Yoast SEO plugin v27.1.1 - https:\/\/yoast.com\/product\/yoast-seo-wordpress\/ -->\n<title>BIOSWING 360 iQ - BIOSWING<\/title>\n<meta name=\"robots\" content=\"noindex, follow, max-snippet:-1, max-image-preview:large, max-video-preview:-1\" \/>\n<meta property=\"og:locale\" content=\"lt_LT\" \/>\n<meta property=\"og:type\" content=\"article\" \/>\n<meta property=\"og:title\" content=\"BIOSWING 360 iQ - BIOSWING\" \/>\n<meta property=\"og:description\" content=\"Tur\u0117dami galimyb\u0119 tiksliau pritaikyti biuro k\u0117d\u0119 savo k\u016bno proporcijoms tausojate sveikat\u0105 ir neprarandate motyvacijos dienomis, kai daug laiko praleid\u017eiate s\u0117d\u0117dami. Svarbu, kad k\u0117d\u0117 b\u016bt\u0173 pritaikyta j\u016bs\u0173 individualiai anatomijai ir tur\u0117t\u0173 pakankamai b\u016bd\u0173 j\u0105 keisti ir pritaikyti. Toliau rasite apra\u0161ytas pagrindines galimybes. BIOSWING 3 serijos biuro k\u0117d\u0117 u\u017etikrina maksimal\u0173 jud\u0117jim\u0105. D\u0117l \u012fvairi\u0173 mechanizm\u0173 3 serijos modeliai ne tik reaguoja \u012f kiekvien\u0105 naudotojo judes\u012f, bet ir tobulai prisitaiko prie jo laikysen\u0173 ilgomis darbo dienomis. Juk geriausia laikysena visada yra sekanti. Jei darbe tenka daug dirbti klaviat\u016bra ir pele, reikia pasir\u016bpinti, kad pe\u010di\u0173 raumenys b\u016bt\u0173 reguliariai atpalaiduojami. Tai padaryti gali pad\u0117ti individualiai reguliuojami porankiai. 3 serijos modeliai gali b\u016bti \u012fvairi\u0173 versij\u0173, apie kurias m\u016bs\u0173 ergonomikos ekspertai papasakos vienoje i\u0161 ma\u017edaug 150 konsultacini\u0173 skyri\u0173 Vokietijoje, \u010cekijoje ir Austrijoje.  Atsisi\u0173sti gaminio lap\u0105 (PDF)\" \/>\n<meta property=\"og:url\" content=\"https:\/\/staging.bioswing.ee\/lt\/toode\/360-iq\/\" \/>\n<meta property=\"og:site_name\" content=\"BIOSWING\" \/>\n<meta property=\"article:modified_time\" content=\"2023-08-24T13:18:10+00:00\" \/>\n<meta property=\"og:image\" content=\"https:\/\/bioswing.ee\/wp-content\/uploads\/2023\/04\/360_IQ_Nackenstuetze.jpg\" \/>\n\t<meta property=\"og:image:width\" content=\"1874\" \/>\n\t<meta property=\"og:image:height\" content=\"2500\" \/>\n\t<meta property=\"og:image:type\" content=\"image\/jpeg\" \/>\n<meta name=\"twitter:card\" content=\"summary_large_image\" \/>\n<script type=\"application\/ld+json\" class=\"yoast-schema-graph\">{\"@context\":\"https:\/\/schema.org\",\"@graph\":[{\"@type\":\"WebPage\",\"@id\":\"https:\/\/staging.bioswing.ee\/lt\/toode\/360-iq\/\",\"url\":\"https:\/\/staging.bioswing.ee\/lt\/toode\/360-iq\/\",\"name\":\"BIOSWING 360 iQ - BIOSWING\",\"isPartOf\":{\"@id\":\"https:\/\/staging.bioswing.ee\/lt\/#website\"},\"primaryImageOfPage\":{\"@id\":\"https:\/\/staging.bioswing.ee\/lt\/toode\/360-iq\/#primaryimage\"},\"image\":{\"@id\":\"https:\/\/staging.bioswing.ee\/lt\/toode\/360-iq\/#primaryimage\"},\"thumbnailUrl\":\"https:\/\/staging.bioswing.ee\/wp-content\/uploads\/2023\/04\/360_IQ_Nackenstuetze.jpg\",\"datePublished\":\"2023-04-13T11:45:56+00:00\",\"dateModified\":\"2023-08-24T13:18:10+00:00\",\"breadcrumb\":{\"@id\":\"https:\/\/staging.bioswing.ee\/lt\/toode\/360-iq\/#breadcrumb\"},\"inLanguage\":\"lt-LT\",\"potentialAction\":[{\"@type\":\"ReadAction\",\"target\":[\"https:\/\/staging.bioswing.ee\/lt\/toode\/360-iq\/\"]}]},{\"@type\":\"ImageObject\",\"inLanguage\":\"lt-LT\",\"@id\":\"https:\/\/staging.bioswing.ee\/lt\/toode\/360-iq\/#primaryimage\",\"url\":\"https:\/\/staging.bioswing.ee\/wp-content\/uploads\/2023\/04\/360_IQ_Nackenstuetze.jpg\",\"contentUrl\":\"https:\/\/staging.bioswing.ee\/wp-content\/uploads\/2023\/04\/360_IQ_Nackenstuetze.jpg\",\"width\":1874,\"height\":2500},{\"@type\":\"BreadcrumbList\",\"@id\":\"https:\/\/staging.bioswing.ee\/lt\/toode\/360-iq\/#breadcrumb\",\"itemListElement\":[{\"@type\":\"ListItem\",\"position\":1,\"name\":\"Home\",\"item\":\"https:\/\/bioswing.ee\/lt\/\"},{\"@type\":\"ListItem\",\"position\":2,\"name\":\"Shop\",\"item\":\"https:\/\/bioswing.ee\/lt\/shop-2\/\"},{\"@type\":\"ListItem\",\"position\":3,\"name\":\"BIOSWING 360 iQ\"}]},{\"@type\":\"WebSite\",\"@id\":\"https:\/\/staging.bioswing.ee\/lt\/#website\",\"url\":\"https:\/\/staging.bioswing.ee\/lt\/\",\"name\":\"BIOSWING\",\"description\":\"Smart solutions for healthy sitting\",\"publisher\":{\"@id\":\"https:\/\/staging.bioswing.ee\/lt\/#organization\"},\"potentialAction\":[{\"@type\":\"SearchAction\",\"target\":{\"@type\":\"EntryPoint\",\"urlTemplate\":\"https:\/\/staging.bioswing.ee\/lt\/?s={search_term_string}\"},\"query-input\":{\"@type\":\"PropertyValueSpecification\",\"valueRequired\":true,\"valueName\":\"search_term_string\"}}],\"inLanguage\":\"lt-LT\"},{\"@type\":\"Organization\",\"@id\":\"https:\/\/staging.bioswing.ee\/lt\/#organization\",\"name\":\"BIOSWING\",\"url\":\"https:\/\/staging.bioswing.ee\/lt\/\",\"logo\":{\"@type\":\"ImageObject\",\"inLanguage\":\"lt-LT\",\"@id\":\"https:\/\/staging.bioswing.ee\/lt\/#\/schema\/logo\/image\/\",\"url\":\"https:\/\/staging.bioswing.ee\/wp-content\/uploads\/2023\/04\/logo_web.png\",\"contentUrl\":\"https:\/\/staging.bioswing.ee\/wp-content\/uploads\/2023\/04\/logo_web.png\",\"width\":140,\"height\":122,\"caption\":\"BIOSWING\"},\"image\":{\"@id\":\"https:\/\/staging.bioswing.ee\/lt\/#\/schema\/logo\/image\/\"}}]}<\/script>\n<!-- \/ Yoast SEO plugin. -->","yoast_head_json":{"title":"BIOSWING 360 iQ - BIOSWING","robots":{"index":"noindex","follow":"follow","max-snippet":"max-snippet:-1","max-image-preview":"max-image-preview:large","max-video-preview":"max-video-preview:-1"},"og_locale":"lt_LT","og_type":"article","og_title":"BIOSWING 360 iQ - BIOSWING","og_description":"Tur\u0117dami galimyb\u0119 tiksliau pritaikyti biuro k\u0117d\u0119 savo k\u016bno proporcijoms tausojate sveikat\u0105 ir neprarandate motyvacijos dienomis, kai daug laiko praleid\u017eiate s\u0117d\u0117dami. Svarbu, kad k\u0117d\u0117 b\u016bt\u0173 pritaikyta j\u016bs\u0173 individualiai anatomijai ir tur\u0117t\u0173 pakankamai b\u016bd\u0173 j\u0105 keisti ir pritaikyti. Toliau rasite apra\u0161ytas pagrindines galimybes. BIOSWING 3 serijos biuro k\u0117d\u0117 u\u017etikrina maksimal\u0173 jud\u0117jim\u0105. D\u0117l \u012fvairi\u0173 mechanizm\u0173 3 serijos modeliai ne tik reaguoja \u012f kiekvien\u0105 naudotojo judes\u012f, bet ir tobulai prisitaiko prie jo laikysen\u0173 ilgomis darbo dienomis. Juk geriausia laikysena visada yra sekanti. Jei darbe tenka daug dirbti klaviat\u016bra ir pele, reikia pasir\u016bpinti, kad pe\u010di\u0173 raumenys b\u016bt\u0173 reguliariai atpalaiduojami. Tai padaryti gali pad\u0117ti individualiai reguliuojami porankiai. 3 serijos modeliai gali b\u016bti \u012fvairi\u0173 versij\u0173, apie kurias m\u016bs\u0173 ergonomikos ekspertai papasakos vienoje i\u0161 ma\u017edaug 150 konsultacini\u0173 skyri\u0173 Vokietijoje, \u010cekijoje ir Austrijoje.  Atsisi\u0173sti gaminio lap\u0105 (PDF)","og_url":"https:\/\/staging.bioswing.ee\/lt\/toode\/360-iq\/","og_site_name":"BIOSWING","article_modified_time":"2023-08-24T13:18:10+00:00","og_image":[{"width":1874,"height":2500,"url":"https:\/\/bioswing.ee\/wp-content\/uploads\/2023\/04\/360_IQ_Nackenstuetze.jpg","type":"image\/jpeg"}],"twitter_card":"summary_large_image","schema":{"@context":"https:\/\/schema.org","@graph":[{"@type":"WebPage","@id":"https:\/\/staging.bioswing.ee\/lt\/toode\/360-iq\/","url":"https:\/\/staging.bioswing.ee\/lt\/toode\/360-iq\/","name":"BIOSWING 360 iQ - BIOSWING","isPartOf":{"@id":"https:\/\/staging.bioswing.ee\/lt\/#website"},"primaryImageOfPage":{"@id":"https:\/\/staging.bioswing.ee\/lt\/toode\/360-iq\/#primaryimage"},"image":{"@id":"https:\/\/staging.bioswing.ee\/lt\/toode\/360-iq\/#primaryimage"},"thumbnailUrl":"https:\/\/staging.bioswing.ee\/wp-content\/uploads\/2023\/04\/360_IQ_Nackenstuetze.jpg","datePublished":"2023-04-13T11:45:56+00:00","dateModified":"2023-08-24T13:18:10+00:00","breadcrumb":{"@id":"https:\/\/staging.bioswing.ee\/lt\/toode\/360-iq\/#breadcrumb"},"inLanguage":"lt-LT","potentialAction":[{"@type":"ReadAction","target":["https:\/\/staging.bioswing.ee\/lt\/toode\/360-iq\/"]}]},{"@type":"ImageObject","inLanguage":"lt-LT","@id":"https:\/\/staging.bioswing.ee\/lt\/toode\/360-iq\/#primaryimage","url":"https:\/\/staging.bioswing.ee\/wp-content\/uploads\/2023\/04\/360_IQ_Nackenstuetze.jpg","contentUrl":"https:\/\/staging.bioswing.ee\/wp-content\/uploads\/2023\/04\/360_IQ_Nackenstuetze.jpg","width":1874,"height":2500},{"@type":"BreadcrumbList","@id":"https:\/\/staging.bioswing.ee\/lt\/toode\/360-iq\/#breadcrumb","itemListElement":[{"@type":"ListItem","position":1,"name":"Home","item":"https:\/\/bioswing.ee\/lt\/"},{"@type":"ListItem","position":2,"name":"Shop","item":"https:\/\/bioswing.ee\/lt\/shop-2\/"},{"@type":"ListItem","position":3,"name":"BIOSWING 360 iQ"}]},{"@type":"WebSite","@id":"https:\/\/staging.bioswing.ee\/lt\/#website","url":"https:\/\/staging.bioswing.ee\/lt\/","name":"BIOSWING","description":"Smart solutions for healthy sitting","publisher":{"@id":"https:\/\/staging.bioswing.ee\/lt\/#organization"},"potentialAction":[{"@type":"SearchAction","target":{"@type":"EntryPoint","urlTemplate":"https:\/\/staging.bioswing.ee\/lt\/?s={search_term_string}"},"query-input":{"@type":"PropertyValueSpecification","valueRequired":true,"valueName":"search_term_string"}}],"inLanguage":"lt-LT"},{"@type":"Organization","@id":"https:\/\/staging.bioswing.ee\/lt\/#organization","name":"BIOSWING","url":"https:\/\/staging.bioswing.ee\/lt\/","logo":{"@type":"ImageObject","inLanguage":"lt-LT","@id":"https:\/\/staging.bioswing.ee\/lt\/#\/schema\/logo\/image\/","url":"https:\/\/staging.bioswing.ee\/wp-content\/uploads\/2023\/04\/logo_web.png","contentUrl":"https:\/\/staging.bioswing.ee\/wp-content\/uploads\/2023\/04\/logo_web.png","width":140,"height":122,"caption":"BIOSWING"},"image":{"@id":"https:\/\/staging.bioswing.ee\/lt\/#\/schema\/logo\/image\/"}}]}},"_links":{"self":[{"href":"https:\/\/staging.bioswing.ee\/lt\/wp-json\/wp\/v2\/product\/3919","targetHints":{"allow":["GET"]}}],"collection":[{"href":"https:\/\/staging.bioswing.ee\/lt\/wp-json\/wp\/v2\/product"}],"about":[{"href":"https:\/\/staging.bioswing.ee\/lt\/wp-json\/wp\/v2\/types\/product"}],"wp:featuredmedia":[{"embeddable":true,"href":"https:\/\/staging.bioswing.ee\/lt\/wp-json\/wp\/v2\/media\/1122"}],"wp:attachment":[{"href":"https:\/\/staging.bioswing.ee\/lt\/wp-json\/wp\/v2\/media?parent=3919"}],"wp:term":[{"taxonomy":"product_brand","embeddable":true,"href":"https:\/\/staging.bioswing.ee\/lt\/wp-json\/wp\/v2\/product_brand?post=3919"},{"taxonomy":"product_cat","embeddable":true,"href":"https:\/\/staging.bioswing.ee\/lt\/wp-json\/wp\/v2\/product_cat?post=3919"},{"taxonomy":"product_tag","embeddable":true,"href":"https:\/\/staging.bioswing.ee\/lt\/wp-json\/wp\/v2\/product_tag?post=3919"}],"curies":[{"name":"wp","href":"https:\/\/api.w.org\/{rel}","templated":true}]}}