{"id":4142,"date":"2023-04-13T11:21:14","date_gmt":"2023-04-13T11:21:14","guid":{"rendered":"https:\/\/staging.bioswing.ee\/toode\/foxter\/"},"modified":"2023-08-24T13:06:25","modified_gmt":"2023-08-24T13:06:25","slug":"foxter","status":"publish","type":"product","link":"https:\/\/staging.bioswing.ee\/lt\/toode\/foxter\/","title":{"rendered":"Foxter"},"content":{"rendered":"<h3>Populiarusis \u201eFoxter\u201c modelis<\/h3>\n<ul>\n<li>Ergonomi\u0161ka ortopedinio poveikio k\u0117d\u0117 praktikai ir biurui<\/li>\n<li>Integruotas prisitaikantis 3D k\u0117d\u0117s mechanizmas<\/li>\n<li>Rutulin\u0117 s\u0117dyn\u0117<\/li>\n<li>Med\u017eiagos sluoksnis: \u201eXtreme-FR: juodas<\/li>\n<li>\u017dvaig\u017ed\u0117s formos pagrindas: aliuminis, pilkai da\u017eytas<\/li>\n<li>50 cm, pilkos spalvos ratukai<\/li>\n<\/ul>\n<p><iframe width=\"100%\" height=\"450\" src=\"https:\/\/www.youtube.com\/embed\/5cLboTxOnh4\" title=\"YouTube video player\" frameborder=\"0\" allow=\"accelerometer; autoplay; clipboard-write; encrypted-media; gyroscope; picture-in-picture; web-share\" allowfullscreen=\"\"><\/iframe><\/p>\n<p><iframe width=\"100%\" height=\"450\" src=\"https:\/\/www.youtube.com\/embed\/RcO6lKibSxw?si=5Qcu97jkGHF27NOu\" title=\"YouTube video player\" frameborder=\"0\" allow=\"accelerometer; autoplay; clipboard-write; encrypted-media; gyroscope; picture-in-picture; web-share\" allowfullscreen=\"\"><\/iframe><\/p>\n","protected":false},"excerpt":{"rendered":"<p class=\"p1\"><strong>Greitieji susitikimai<\/strong> \u2013 naujausia u\u017eimto biuro tendencija. Komandos susitinka spontani\u0161kai tam skirtose erdv\u0117se, kurios sukurtos i\u0161laisvinti k\u016brybi\u0161kum\u0105. Jose s\u0117dima ir stovima pakaitomis, tod\u0117l \u201eBIOSWING Foxter\u201c k\u0117d\u0117 suteikia atram\u0105 s\u0117dint ir papildo <strong>k\u016bn\u0105 bei<\/strong> <strong>prot\u0105 j\u0117g\u0173<\/strong>.<\/p>\n<p>K\u0117d\u0117s s\u0117dyn\u0117, atsieta nuo nejudan\u010di\u0173 grind\u0173, atlieka ypating\u0105 funkcij\u0105: ji unikaliai <strong>atspindi visus s\u0117din\u010dio \u017emogaus impulsus<\/strong> ir sukelia k\u016bn\u0105 <strong>stimuliuojant\u012f ir k\u016brybi\u0161kum\u0105 skatinant\u012f poveik\u012f<\/strong>.<\/p>\n<p>D\u0117l paprasto valdymo ir tolygiai reguliuojamo auk\u0161\u010dio k\u0117d\u0117 tiks tiek jauniems, tiek seniems.<\/p>\n<p>D\u0117l k\u0117d\u0117je <strong>integruoto 3D s\u0117dyn\u0117s mechanizmo<\/strong> visi, net ir ma\u017eiausi judesiai, pavyzd\u017eiui, \u0161irdies plakimas ir kv\u0117pavimas, yra atspindimi ir nuolat siun\u010diami atgal <strong>\u012f smegenis kaip judesio stimulas<\/strong>. Tada \u0161ie dirgikliai \u012fvairiais hierarchiniais duomen\u0173 perdavimo kanalais siun\u010diami \u012f <strong>u\u017e judesius atsakingos smegen\u0173 srities tinklo strukt\u016br\u0105<\/strong>. \u0160iuos tinklus automati\u0161kai aktyvuoja unikali BIOSWING technologija, kai s\u0117dite, taip dar labiau padidindama darbo efektyvum\u0105 ir k\u016brybi\u0161kum\u0105.<\/p>\n<p>\u201eFoxter\u201c taip pat naudojama ugdymo \u012fstaigose: dar\u017eeli\u0173 aukl\u0117tojos da\u017enai atlieka mikro judesius, kad net ir s\u0117d\u0117damos nedideliame auk\u0161tyje <strong>jaust\u0173si patogiai ir gal\u0117t\u0173 atpalaiduoti nugar\u0105<\/strong>.<\/p>\n","protected":false},"featured_media":1102,"template":"","meta":[],"product_brand":[],"product_cat":[122,110],"product_tag":[],"class_list":{"0":"post-4142","1":"product","2":"type-product","3":"status-publish","4":"has-post-thumbnail","6":"product_cat-biurui-ir-namams","7":"product_cat-susirinkimams","9":"first","10":"instock","11":"sale","12":"taxable","13":"shipping-taxable","14":"purchasable","15":"product-type-simple"},"yoast_head":"<!-- This site is optimized with the Yoast SEO plugin v27.1.1 - https:\/\/yoast.com\/product\/yoast-seo-wordpress\/ -->\n<title>Foxter - BIOSWING<\/title>\n<meta name=\"robots\" content=\"noindex, follow, max-snippet:-1, max-image-preview:large, max-video-preview:-1\" \/>\n<meta property=\"og:locale\" content=\"lt_LT\" \/>\n<meta property=\"og:type\" content=\"article\" \/>\n<meta property=\"og:title\" content=\"Foxter - BIOSWING\" \/>\n<meta property=\"og:description\" content=\"Greitieji susitikimai \u2013 naujausia u\u017eimto biuro tendencija. Komandos susitinka spontani\u0161kai tam skirtose erdv\u0117se, kurios sukurtos i\u0161laisvinti k\u016brybi\u0161kum\u0105. Jose s\u0117dima ir stovima pakaitomis, tod\u0117l \u201eBIOSWING Foxter\u201c k\u0117d\u0117 suteikia atram\u0105 s\u0117dint ir papildo k\u016bn\u0105 bei prot\u0105 j\u0117g\u0173. K\u0117d\u0117s s\u0117dyn\u0117, atsieta nuo nejudan\u010di\u0173 grind\u0173, atlieka ypating\u0105 funkcij\u0105: ji unikaliai atspindi visus s\u0117din\u010dio \u017emogaus impulsus ir sukelia k\u016bn\u0105 stimuliuojant\u012f ir k\u016brybi\u0161kum\u0105 skatinant\u012f poveik\u012f. D\u0117l paprasto valdymo ir tolygiai reguliuojamo auk\u0161\u010dio k\u0117d\u0117 tiks tiek jauniems, tiek seniems. D\u0117l k\u0117d\u0117je integruoto 3D s\u0117dyn\u0117s mechanizmo visi, net ir ma\u017eiausi judesiai, pavyzd\u017eiui, \u0161irdies plakimas ir kv\u0117pavimas, yra atspindimi ir nuolat siun\u010diami atgal \u012f smegenis kaip judesio stimulas. Tada \u0161ie dirgikliai \u012fvairiais hierarchiniais duomen\u0173 perdavimo kanalais siun\u010diami \u012f u\u017e judesius atsakingos smegen\u0173 srities tinklo strukt\u016br\u0105. \u0160iuos tinklus automati\u0161kai aktyvuoja unikali BIOSWING technologija, kai s\u0117dite, taip dar labiau padidindama darbo efektyvum\u0105 ir k\u016brybi\u0161kum\u0105. \u201eFoxter\u201c taip pat naudojama ugdymo \u012fstaigose: dar\u017eeli\u0173 aukl\u0117tojos da\u017enai atlieka mikro judesius, kad net ir s\u0117d\u0117damos nedideliame auk\u0161tyje jaust\u0173si patogiai ir gal\u0117t\u0173 atpalaiduoti nugar\u0105.\" \/>\n<meta property=\"og:url\" content=\"https:\/\/staging.bioswing.ee\/lt\/toode\/foxter\/\" \/>\n<meta property=\"og:site_name\" content=\"BIOSWING\" \/>\n<meta property=\"article:modified_time\" content=\"2023-08-24T13:06:25+00:00\" \/>\n<meta property=\"og:image\" content=\"https:\/\/bioswing.ee\/wp-content\/uploads\/2023\/04\/Foxter.jpg\" \/>\n\t<meta property=\"og:image:width\" content=\"1874\" \/>\n\t<meta property=\"og:image:height\" content=\"2500\" \/>\n\t<meta property=\"og:image:type\" content=\"image\/jpeg\" \/>\n<meta name=\"twitter:card\" content=\"summary_large_image\" \/>\n<script type=\"application\/ld+json\" class=\"yoast-schema-graph\">{\"@context\":\"https:\/\/schema.org\",\"@graph\":[{\"@type\":\"WebPage\",\"@id\":\"https:\/\/staging.bioswing.ee\/lt\/toode\/foxter\/\",\"url\":\"https:\/\/staging.bioswing.ee\/lt\/toode\/foxter\/\",\"name\":\"Foxter - BIOSWING\",\"isPartOf\":{\"@id\":\"https:\/\/staging.bioswing.ee\/lt\/#website\"},\"primaryImageOfPage\":{\"@id\":\"https:\/\/staging.bioswing.ee\/lt\/toode\/foxter\/#primaryimage\"},\"image\":{\"@id\":\"https:\/\/staging.bioswing.ee\/lt\/toode\/foxter\/#primaryimage\"},\"thumbnailUrl\":\"https:\/\/staging.bioswing.ee\/wp-content\/uploads\/2023\/04\/Foxter.jpg\",\"datePublished\":\"2023-04-13T11:21:14+00:00\",\"dateModified\":\"2023-08-24T13:06:25+00:00\",\"breadcrumb\":{\"@id\":\"https:\/\/staging.bioswing.ee\/lt\/toode\/foxter\/#breadcrumb\"},\"inLanguage\":\"lt-LT\",\"potentialAction\":[{\"@type\":\"ReadAction\",\"target\":[\"https:\/\/staging.bioswing.ee\/lt\/toode\/foxter\/\"]}]},{\"@type\":\"ImageObject\",\"inLanguage\":\"lt-LT\",\"@id\":\"https:\/\/staging.bioswing.ee\/lt\/toode\/foxter\/#primaryimage\",\"url\":\"https:\/\/staging.bioswing.ee\/wp-content\/uploads\/2023\/04\/Foxter.jpg\",\"contentUrl\":\"https:\/\/staging.bioswing.ee\/wp-content\/uploads\/2023\/04\/Foxter.jpg\",\"width\":1874,\"height\":2500},{\"@type\":\"BreadcrumbList\",\"@id\":\"https:\/\/staging.bioswing.ee\/lt\/toode\/foxter\/#breadcrumb\",\"itemListElement\":[{\"@type\":\"ListItem\",\"position\":1,\"name\":\"Home\",\"item\":\"https:\/\/bioswing.ee\/lt\/\"},{\"@type\":\"ListItem\",\"position\":2,\"name\":\"Shop\",\"item\":\"https:\/\/bioswing.ee\/lt\/shop-2\/\"},{\"@type\":\"ListItem\",\"position\":3,\"name\":\"Foxter\"}]},{\"@type\":\"WebSite\",\"@id\":\"https:\/\/staging.bioswing.ee\/lt\/#website\",\"url\":\"https:\/\/staging.bioswing.ee\/lt\/\",\"name\":\"BIOSWING\",\"description\":\"Smart solutions for healthy sitting\",\"publisher\":{\"@id\":\"https:\/\/staging.bioswing.ee\/lt\/#organization\"},\"potentialAction\":[{\"@type\":\"SearchAction\",\"target\":{\"@type\":\"EntryPoint\",\"urlTemplate\":\"https:\/\/staging.bioswing.ee\/lt\/?s={search_term_string}\"},\"query-input\":{\"@type\":\"PropertyValueSpecification\",\"valueRequired\":true,\"valueName\":\"search_term_string\"}}],\"inLanguage\":\"lt-LT\"},{\"@type\":\"Organization\",\"@id\":\"https:\/\/staging.bioswing.ee\/lt\/#organization\",\"name\":\"BIOSWING\",\"url\":\"https:\/\/staging.bioswing.ee\/lt\/\",\"logo\":{\"@type\":\"ImageObject\",\"inLanguage\":\"lt-LT\",\"@id\":\"https:\/\/staging.bioswing.ee\/lt\/#\/schema\/logo\/image\/\",\"url\":\"https:\/\/staging.bioswing.ee\/wp-content\/uploads\/2023\/04\/logo_web.png\",\"contentUrl\":\"https:\/\/staging.bioswing.ee\/wp-content\/uploads\/2023\/04\/logo_web.png\",\"width\":140,\"height\":122,\"caption\":\"BIOSWING\"},\"image\":{\"@id\":\"https:\/\/staging.bioswing.ee\/lt\/#\/schema\/logo\/image\/\"}}]}<\/script>\n<!-- \/ Yoast SEO plugin. -->","yoast_head_json":{"title":"Foxter - BIOSWING","robots":{"index":"noindex","follow":"follow","max-snippet":"max-snippet:-1","max-image-preview":"max-image-preview:large","max-video-preview":"max-video-preview:-1"},"og_locale":"lt_LT","og_type":"article","og_title":"Foxter - BIOSWING","og_description":"Greitieji susitikimai \u2013 naujausia u\u017eimto biuro tendencija. Komandos susitinka spontani\u0161kai tam skirtose erdv\u0117se, kurios sukurtos i\u0161laisvinti k\u016brybi\u0161kum\u0105. Jose s\u0117dima ir stovima pakaitomis, tod\u0117l \u201eBIOSWING Foxter\u201c k\u0117d\u0117 suteikia atram\u0105 s\u0117dint ir papildo k\u016bn\u0105 bei prot\u0105 j\u0117g\u0173. K\u0117d\u0117s s\u0117dyn\u0117, atsieta nuo nejudan\u010di\u0173 grind\u0173, atlieka ypating\u0105 funkcij\u0105: ji unikaliai atspindi visus s\u0117din\u010dio \u017emogaus impulsus ir sukelia k\u016bn\u0105 stimuliuojant\u012f ir k\u016brybi\u0161kum\u0105 skatinant\u012f poveik\u012f. D\u0117l paprasto valdymo ir tolygiai reguliuojamo auk\u0161\u010dio k\u0117d\u0117 tiks tiek jauniems, tiek seniems. D\u0117l k\u0117d\u0117je integruoto 3D s\u0117dyn\u0117s mechanizmo visi, net ir ma\u017eiausi judesiai, pavyzd\u017eiui, \u0161irdies plakimas ir kv\u0117pavimas, yra atspindimi ir nuolat siun\u010diami atgal \u012f smegenis kaip judesio stimulas. Tada \u0161ie dirgikliai \u012fvairiais hierarchiniais duomen\u0173 perdavimo kanalais siun\u010diami \u012f u\u017e judesius atsakingos smegen\u0173 srities tinklo strukt\u016br\u0105. \u0160iuos tinklus automati\u0161kai aktyvuoja unikali BIOSWING technologija, kai s\u0117dite, taip dar labiau padidindama darbo efektyvum\u0105 ir k\u016brybi\u0161kum\u0105. \u201eFoxter\u201c taip pat naudojama ugdymo \u012fstaigose: dar\u017eeli\u0173 aukl\u0117tojos da\u017enai atlieka mikro judesius, kad net ir s\u0117d\u0117damos nedideliame auk\u0161tyje jaust\u0173si patogiai ir gal\u0117t\u0173 atpalaiduoti nugar\u0105.","og_url":"https:\/\/staging.bioswing.ee\/lt\/toode\/foxter\/","og_site_name":"BIOSWING","article_modified_time":"2023-08-24T13:06:25+00:00","og_image":[{"width":1874,"height":2500,"url":"https:\/\/bioswing.ee\/wp-content\/uploads\/2023\/04\/Foxter.jpg","type":"image\/jpeg"}],"twitter_card":"summary_large_image","schema":{"@context":"https:\/\/schema.org","@graph":[{"@type":"WebPage","@id":"https:\/\/staging.bioswing.ee\/lt\/toode\/foxter\/","url":"https:\/\/staging.bioswing.ee\/lt\/toode\/foxter\/","name":"Foxter - BIOSWING","isPartOf":{"@id":"https:\/\/staging.bioswing.ee\/lt\/#website"},"primaryImageOfPage":{"@id":"https:\/\/staging.bioswing.ee\/lt\/toode\/foxter\/#primaryimage"},"image":{"@id":"https:\/\/staging.bioswing.ee\/lt\/toode\/foxter\/#primaryimage"},"thumbnailUrl":"https:\/\/staging.bioswing.ee\/wp-content\/uploads\/2023\/04\/Foxter.jpg","datePublished":"2023-04-13T11:21:14+00:00","dateModified":"2023-08-24T13:06:25+00:00","breadcrumb":{"@id":"https:\/\/staging.bioswing.ee\/lt\/toode\/foxter\/#breadcrumb"},"inLanguage":"lt-LT","potentialAction":[{"@type":"ReadAction","target":["https:\/\/staging.bioswing.ee\/lt\/toode\/foxter\/"]}]},{"@type":"ImageObject","inLanguage":"lt-LT","@id":"https:\/\/staging.bioswing.ee\/lt\/toode\/foxter\/#primaryimage","url":"https:\/\/staging.bioswing.ee\/wp-content\/uploads\/2023\/04\/Foxter.jpg","contentUrl":"https:\/\/staging.bioswing.ee\/wp-content\/uploads\/2023\/04\/Foxter.jpg","width":1874,"height":2500},{"@type":"BreadcrumbList","@id":"https:\/\/staging.bioswing.ee\/lt\/toode\/foxter\/#breadcrumb","itemListElement":[{"@type":"ListItem","position":1,"name":"Home","item":"https:\/\/bioswing.ee\/lt\/"},{"@type":"ListItem","position":2,"name":"Shop","item":"https:\/\/bioswing.ee\/lt\/shop-2\/"},{"@type":"ListItem","position":3,"name":"Foxter"}]},{"@type":"WebSite","@id":"https:\/\/staging.bioswing.ee\/lt\/#website","url":"https:\/\/staging.bioswing.ee\/lt\/","name":"BIOSWING","description":"Smart solutions for healthy sitting","publisher":{"@id":"https:\/\/staging.bioswing.ee\/lt\/#organization"},"potentialAction":[{"@type":"SearchAction","target":{"@type":"EntryPoint","urlTemplate":"https:\/\/staging.bioswing.ee\/lt\/?s={search_term_string}"},"query-input":{"@type":"PropertyValueSpecification","valueRequired":true,"valueName":"search_term_string"}}],"inLanguage":"lt-LT"},{"@type":"Organization","@id":"https:\/\/staging.bioswing.ee\/lt\/#organization","name":"BIOSWING","url":"https:\/\/staging.bioswing.ee\/lt\/","logo":{"@type":"ImageObject","inLanguage":"lt-LT","@id":"https:\/\/staging.bioswing.ee\/lt\/#\/schema\/logo\/image\/","url":"https:\/\/staging.bioswing.ee\/wp-content\/uploads\/2023\/04\/logo_web.png","contentUrl":"https:\/\/staging.bioswing.ee\/wp-content\/uploads\/2023\/04\/logo_web.png","width":140,"height":122,"caption":"BIOSWING"},"image":{"@id":"https:\/\/staging.bioswing.ee\/lt\/#\/schema\/logo\/image\/"}}]}},"_links":{"self":[{"href":"https:\/\/staging.bioswing.ee\/lt\/wp-json\/wp\/v2\/product\/4142","targetHints":{"allow":["GET"]}}],"collection":[{"href":"https:\/\/staging.bioswing.ee\/lt\/wp-json\/wp\/v2\/product"}],"about":[{"href":"https:\/\/staging.bioswing.ee\/lt\/wp-json\/wp\/v2\/types\/product"}],"wp:featuredmedia":[{"embeddable":true,"href":"https:\/\/staging.bioswing.ee\/lt\/wp-json\/wp\/v2\/media\/1102"}],"wp:attachment":[{"href":"https:\/\/staging.bioswing.ee\/lt\/wp-json\/wp\/v2\/media?parent=4142"}],"wp:term":[{"taxonomy":"product_brand","embeddable":true,"href":"https:\/\/staging.bioswing.ee\/lt\/wp-json\/wp\/v2\/product_brand?post=4142"},{"taxonomy":"product_cat","embeddable":true,"href":"https:\/\/staging.bioswing.ee\/lt\/wp-json\/wp\/v2\/product_cat?post=4142"},{"taxonomy":"product_tag","embeddable":true,"href":"https:\/\/staging.bioswing.ee\/lt\/wp-json\/wp\/v2\/product_tag?post=4142"}],"curies":[{"name":"wp","href":"https:\/\/api.w.org\/{rel}","templated":true}]}}