{"id":12280,"date":"2023-11-16T11:47:03","date_gmt":"2023-11-16T11:47:03","guid":{"rendered":"https:\/\/staging.bioswing.ee\/toode\/bioswing-loop\/"},"modified":"2023-11-24T10:20:07","modified_gmt":"2023-11-24T10:20:07","slug":"bioswing-loop","status":"publish","type":"product","link":"https:\/\/staging.bioswing.ee\/lv\/toode\/bioswing-loop\/","title":{"rendered":"BIOSWING LOOP"},"content":{"rendered":"<p><strong>BIOSWING LOOP<\/strong><\/p>\n<ul>\n<li>Ergonomiski un ortop\u0113diski efekt\u012bvs univers\u0101ls kr\u0113sls lieto\u0161anai biroj\u0101 un m\u0101jas biroj\u0101<\/li>\n<li>Integr\u0113ta, piel\u0101gojama 3D s\u0113dek\u013cu sist\u0113ma<\/li>\n<li>Autom\u0101tiska st\u0101jas kompens\u0101cija<\/li>\n<li>Tekstila p\u0101rkl\u0101jums: Xtreme-FR melns (YS009) vai gai\u0161i pel\u0113ks (YS094)<\/li>\n<li>Roku balsti (fiks\u0113ts augstums), pul\u0113ts alum\u012bnijs<\/li>\n<li>Pamatne: pul\u0113ts alum\u012bnijs<\/li>\n<li>Rite\u0146i: \u00f8 6 cm<\/li>\n<\/ul>\n<div style=\"width: 1200px;\" class=\"wp-video\"><video class=\"wp-video-shortcode\" id=\"video-12280-1\" width=\"1200\" height=\"675\" loop autoplay preload=\"metadata\" controls=\"controls\"><source type=\"video\/mp4\" src=\"https:\/\/staging.bioswing.ee\/wp-content\/uploads\/2023\/11\/website-loop_klein.mp4?_=1\" \/><a href=\"https:\/\/staging.bioswing.ee\/wp-content\/uploads\/2023\/11\/website-loop_klein.mp4\">https:\/\/staging.bioswing.ee\/wp-content\/uploads\/2023\/11\/website-loop_klein.mp4<\/a><\/video><\/div>\n<p><iframe title=\"YouTube video player\" src=\"https:\/\/www.youtube.com\/embed\/IG9mh9RTrc4?si=5ujzjyAGVkKTvrRO\" width=\"100%\" height=\"450\" frameborder=\"0\" allowfullscreen=\"allowfullscreen\"><\/iframe><\/p>\n","protected":false},"excerpt":{"rendered":"<h2>LOOP \u2013 inteli\u0123ents risin\u0101jums, kas apvieno stilu un ergonomiku.<\/h2>\n<p>P\u0113t\u012bjumi ir par\u0101d\u012bju\u0161i, ka m\u016bsu fizisk\u0101s un gar\u012bg\u0101s sp\u0113jas ir tie\u0161i saist\u012btas ar m\u016bsu fiziskaj\u0101m aktivit\u0101t\u0113m. \u012asum\u0101: jo vair\u0101k kustamies, jo sp\u0113j\u012bg\u0101ki un rado\u0161\u0101ki esam.<\/p>\n<h3>BIOSWING LOOP ar savu smalko, harmonisko un \u013coti vieglo kust\u012bbu darbojas k\u0101 pastiprin\u0101t\u0101js, pamudinot gan \u0137ermeni, gan dv\u0113seli.<\/h3>\n<p>Kr\u0113sla <strong>integr\u0113t\u0101 un<\/strong> <strong>piel\u0101gojam\u0101 3D s\u0113dek\u013cu sist\u0113ma<\/strong> atspogu\u013co katru j\u016bsu \u0137erme\u0146a kust\u012bbu \u2013 pat viss\u012bk\u0101ko, piem\u0113ram, sirdspukstus un elpo\u0161anu \u2013 un rezult\u0101t\u0101 s\u016bta nep\u0101rtrauktus <strong>kust\u012bbu sign\u0101lus<\/strong> j\u016bsu <strong>smadzen\u0113m<\/strong>.<\/p>\n<p>Smadzen\u0113s ien\u0101ko\u0161ie sign\u0101li tiek hierarhiski novirz\u012bti uz da\u017e\u0101d\u0101m datu sait\u0113m un integr\u0113ti <strong>smadze\u0146u kust\u012bbu centra t\u012bkla sist\u0113m\u0101<\/strong>. Unik\u0101l\u0101 BIOSWING tehnolo\u0123ija autom\u0101tiski aktiviz\u0113 \u0161os t\u012bklus pat tad, kad j\u016bs s\u0113\u017eat, t\u0101d\u0113j\u0101di uzlabojot j\u016bsu rado\u0161umu un veiktsp\u0113ju.<\/p>\n","protected":false},"featured_media":12173,"template":"","meta":[],"product_brand":[],"product_cat":[121,109],"product_tag":[],"class_list":{"0":"post-12280","1":"product","2":"type-product","3":"status-publish","4":"has-post-thumbnail","6":"product_cat-birojs-un-majas-birojs-lv","7":"product_cat-birojs-un-majas-birojs","9":"first","10":"instock","11":"taxable","12":"shipping-taxable","13":"purchasable","14":"product-type-variable"},"yoast_head":"<!-- This site is optimized with the Yoast SEO plugin v27.1.1 - https:\/\/yoast.com\/product\/yoast-seo-wordpress\/ -->\n<title>BIOSWING LOOP - BIOSWING<\/title>\n<meta name=\"robots\" content=\"noindex, follow, max-snippet:-1, max-image-preview:large, max-video-preview:-1\" \/>\n<meta property=\"og:locale\" content=\"lv_LV\" \/>\n<meta property=\"og:type\" content=\"article\" \/>\n<meta property=\"og:title\" content=\"BIOSWING LOOP - BIOSWING\" \/>\n<meta property=\"og:description\" content=\"LOOP \u2013 inteli\u0123ents risin\u0101jums, kas apvieno stilu un ergonomiku. P\u0113t\u012bjumi ir par\u0101d\u012bju\u0161i, ka m\u016bsu fizisk\u0101s un gar\u012bg\u0101s sp\u0113jas ir tie\u0161i saist\u012btas ar m\u016bsu fiziskaj\u0101m aktivit\u0101t\u0113m. \u012asum\u0101: jo vair\u0101k kustamies, jo sp\u0113j\u012bg\u0101ki un rado\u0161\u0101ki esam. BIOSWING LOOP ar savu smalko, harmonisko un \u013coti vieglo kust\u012bbu darbojas k\u0101 pastiprin\u0101t\u0101js, pamudinot gan \u0137ermeni, gan dv\u0113seli. Kr\u0113sla integr\u0113t\u0101 un piel\u0101gojam\u0101 3D s\u0113dek\u013cu sist\u0113ma atspogu\u013co katru j\u016bsu \u0137erme\u0146a kust\u012bbu \u2013 pat viss\u012bk\u0101ko, piem\u0113ram, sirdspukstus un elpo\u0161anu \u2013 un rezult\u0101t\u0101 s\u016bta nep\u0101rtrauktus kust\u012bbu sign\u0101lus j\u016bsu smadzen\u0113m. Smadzen\u0113s ien\u0101ko\u0161ie sign\u0101li tiek hierarhiski novirz\u012bti uz da\u017e\u0101d\u0101m datu sait\u0113m un integr\u0113ti smadze\u0146u kust\u012bbu centra t\u012bkla sist\u0113m\u0101. Unik\u0101l\u0101 BIOSWING tehnolo\u0123ija autom\u0101tiski aktiviz\u0113 \u0161os t\u012bklus pat tad, kad j\u016bs s\u0113\u017eat, t\u0101d\u0113j\u0101di uzlabojot j\u016bsu rado\u0161umu un veiktsp\u0113ju.\" \/>\n<meta property=\"og:url\" content=\"https:\/\/staging.bioswing.ee\/lv\/toode\/bioswing-loop\/\" \/>\n<meta property=\"og:site_name\" content=\"BIOSWING\" \/>\n<meta property=\"article:modified_time\" content=\"2023-11-24T10:20:07+00:00\" \/>\n<meta property=\"og:image\" content=\"https:\/\/bioswing.ee\/wp-content\/uploads\/2023\/11\/Loop_Produkt_Rollen_02-1.jpg\" \/>\n\t<meta property=\"og:image:width\" content=\"1874\" \/>\n\t<meta property=\"og:image:height\" content=\"2500\" \/>\n\t<meta property=\"og:image:type\" content=\"image\/jpeg\" \/>\n<meta name=\"twitter:card\" content=\"summary_large_image\" \/>\n<script type=\"application\/ld+json\" class=\"yoast-schema-graph\">{\"@context\":\"https:\/\/schema.org\",\"@graph\":[{\"@type\":\"WebPage\",\"@id\":\"https:\/\/staging.bioswing.ee\/lv\/toode\/bioswing-loop\/\",\"url\":\"https:\/\/staging.bioswing.ee\/lv\/toode\/bioswing-loop\/\",\"name\":\"BIOSWING LOOP - BIOSWING\",\"isPartOf\":{\"@id\":\"https:\/\/staging.bioswing.ee\/lv\/#website\"},\"primaryImageOfPage\":{\"@id\":\"https:\/\/staging.bioswing.ee\/lv\/toode\/bioswing-loop\/#primaryimage\"},\"image\":{\"@id\":\"https:\/\/staging.bioswing.ee\/lv\/toode\/bioswing-loop\/#primaryimage\"},\"thumbnailUrl\":\"https:\/\/staging.bioswing.ee\/wp-content\/uploads\/2023\/11\/Loop_Produkt_Rollen_02-1.jpg\",\"datePublished\":\"2023-11-16T11:47:03+00:00\",\"dateModified\":\"2023-11-24T10:20:07+00:00\",\"breadcrumb\":{\"@id\":\"https:\/\/staging.bioswing.ee\/lv\/toode\/bioswing-loop\/#breadcrumb\"},\"inLanguage\":\"lv-LV\",\"potentialAction\":[{\"@type\":\"ReadAction\",\"target\":[\"https:\/\/staging.bioswing.ee\/lv\/toode\/bioswing-loop\/\"]}]},{\"@type\":\"ImageObject\",\"inLanguage\":\"lv-LV\",\"@id\":\"https:\/\/staging.bioswing.ee\/lv\/toode\/bioswing-loop\/#primaryimage\",\"url\":\"https:\/\/staging.bioswing.ee\/wp-content\/uploads\/2023\/11\/Loop_Produkt_Rollen_02-1.jpg\",\"contentUrl\":\"https:\/\/staging.bioswing.ee\/wp-content\/uploads\/2023\/11\/Loop_Produkt_Rollen_02-1.jpg\",\"width\":1874,\"height\":2500},{\"@type\":\"BreadcrumbList\",\"@id\":\"https:\/\/staging.bioswing.ee\/lv\/toode\/bioswing-loop\/#breadcrumb\",\"itemListElement\":[{\"@type\":\"ListItem\",\"position\":1,\"name\":\"Home\",\"item\":\"https:\/\/bioswing.ee\/lv\/\"},{\"@type\":\"ListItem\",\"position\":2,\"name\":\"Shop\",\"item\":\"https:\/\/bioswing.ee\/lv\/shop-2\/\"},{\"@type\":\"ListItem\",\"position\":3,\"name\":\"BIOSWING LOOP\"}]},{\"@type\":\"WebSite\",\"@id\":\"https:\/\/staging.bioswing.ee\/lv\/#website\",\"url\":\"https:\/\/staging.bioswing.ee\/lv\/\",\"name\":\"BIOSWING\",\"description\":\"Smart solutions for healthy sitting\",\"publisher\":{\"@id\":\"https:\/\/staging.bioswing.ee\/lv\/#organization\"},\"potentialAction\":[{\"@type\":\"SearchAction\",\"target\":{\"@type\":\"EntryPoint\",\"urlTemplate\":\"https:\/\/staging.bioswing.ee\/lv\/?s={search_term_string}\"},\"query-input\":{\"@type\":\"PropertyValueSpecification\",\"valueRequired\":true,\"valueName\":\"search_term_string\"}}],\"inLanguage\":\"lv-LV\"},{\"@type\":\"Organization\",\"@id\":\"https:\/\/staging.bioswing.ee\/lv\/#organization\",\"name\":\"BIOSWING\",\"url\":\"https:\/\/staging.bioswing.ee\/lv\/\",\"logo\":{\"@type\":\"ImageObject\",\"inLanguage\":\"lv-LV\",\"@id\":\"https:\/\/staging.bioswing.ee\/lv\/#\/schema\/logo\/image\/\",\"url\":\"https:\/\/staging.bioswing.ee\/wp-content\/uploads\/2023\/04\/logo_web.png\",\"contentUrl\":\"https:\/\/staging.bioswing.ee\/wp-content\/uploads\/2023\/04\/logo_web.png\",\"width\":140,\"height\":122,\"caption\":\"BIOSWING\"},\"image\":{\"@id\":\"https:\/\/staging.bioswing.ee\/lv\/#\/schema\/logo\/image\/\"}}]}<\/script>\n<!-- \/ Yoast SEO plugin. -->","yoast_head_json":{"title":"BIOSWING LOOP - BIOSWING","robots":{"index":"noindex","follow":"follow","max-snippet":"max-snippet:-1","max-image-preview":"max-image-preview:large","max-video-preview":"max-video-preview:-1"},"og_locale":"lv_LV","og_type":"article","og_title":"BIOSWING LOOP - BIOSWING","og_description":"LOOP \u2013 inteli\u0123ents risin\u0101jums, kas apvieno stilu un ergonomiku. P\u0113t\u012bjumi ir par\u0101d\u012bju\u0161i, ka m\u016bsu fizisk\u0101s un gar\u012bg\u0101s sp\u0113jas ir tie\u0161i saist\u012btas ar m\u016bsu fiziskaj\u0101m aktivit\u0101t\u0113m. \u012asum\u0101: jo vair\u0101k kustamies, jo sp\u0113j\u012bg\u0101ki un rado\u0161\u0101ki esam. BIOSWING LOOP ar savu smalko, harmonisko un \u013coti vieglo kust\u012bbu darbojas k\u0101 pastiprin\u0101t\u0101js, pamudinot gan \u0137ermeni, gan dv\u0113seli. Kr\u0113sla integr\u0113t\u0101 un piel\u0101gojam\u0101 3D s\u0113dek\u013cu sist\u0113ma atspogu\u013co katru j\u016bsu \u0137erme\u0146a kust\u012bbu \u2013 pat viss\u012bk\u0101ko, piem\u0113ram, sirdspukstus un elpo\u0161anu \u2013 un rezult\u0101t\u0101 s\u016bta nep\u0101rtrauktus kust\u012bbu sign\u0101lus j\u016bsu smadzen\u0113m. Smadzen\u0113s ien\u0101ko\u0161ie sign\u0101li tiek hierarhiski novirz\u012bti uz da\u017e\u0101d\u0101m datu sait\u0113m un integr\u0113ti smadze\u0146u kust\u012bbu centra t\u012bkla sist\u0113m\u0101. Unik\u0101l\u0101 BIOSWING tehnolo\u0123ija autom\u0101tiski aktiviz\u0113 \u0161os t\u012bklus pat tad, kad j\u016bs s\u0113\u017eat, t\u0101d\u0113j\u0101di uzlabojot j\u016bsu rado\u0161umu un veiktsp\u0113ju.","og_url":"https:\/\/staging.bioswing.ee\/lv\/toode\/bioswing-loop\/","og_site_name":"BIOSWING","article_modified_time":"2023-11-24T10:20:07+00:00","og_image":[{"width":1874,"height":2500,"url":"https:\/\/bioswing.ee\/wp-content\/uploads\/2023\/11\/Loop_Produkt_Rollen_02-1.jpg","type":"image\/jpeg"}],"twitter_card":"summary_large_image","schema":{"@context":"https:\/\/schema.org","@graph":[{"@type":"WebPage","@id":"https:\/\/staging.bioswing.ee\/lv\/toode\/bioswing-loop\/","url":"https:\/\/staging.bioswing.ee\/lv\/toode\/bioswing-loop\/","name":"BIOSWING LOOP - BIOSWING","isPartOf":{"@id":"https:\/\/staging.bioswing.ee\/lv\/#website"},"primaryImageOfPage":{"@id":"https:\/\/staging.bioswing.ee\/lv\/toode\/bioswing-loop\/#primaryimage"},"image":{"@id":"https:\/\/staging.bioswing.ee\/lv\/toode\/bioswing-loop\/#primaryimage"},"thumbnailUrl":"https:\/\/staging.bioswing.ee\/wp-content\/uploads\/2023\/11\/Loop_Produkt_Rollen_02-1.jpg","datePublished":"2023-11-16T11:47:03+00:00","dateModified":"2023-11-24T10:20:07+00:00","breadcrumb":{"@id":"https:\/\/staging.bioswing.ee\/lv\/toode\/bioswing-loop\/#breadcrumb"},"inLanguage":"lv-LV","potentialAction":[{"@type":"ReadAction","target":["https:\/\/staging.bioswing.ee\/lv\/toode\/bioswing-loop\/"]}]},{"@type":"ImageObject","inLanguage":"lv-LV","@id":"https:\/\/staging.bioswing.ee\/lv\/toode\/bioswing-loop\/#primaryimage","url":"https:\/\/staging.bioswing.ee\/wp-content\/uploads\/2023\/11\/Loop_Produkt_Rollen_02-1.jpg","contentUrl":"https:\/\/staging.bioswing.ee\/wp-content\/uploads\/2023\/11\/Loop_Produkt_Rollen_02-1.jpg","width":1874,"height":2500},{"@type":"BreadcrumbList","@id":"https:\/\/staging.bioswing.ee\/lv\/toode\/bioswing-loop\/#breadcrumb","itemListElement":[{"@type":"ListItem","position":1,"name":"Home","item":"https:\/\/bioswing.ee\/lv\/"},{"@type":"ListItem","position":2,"name":"Shop","item":"https:\/\/bioswing.ee\/lv\/shop-2\/"},{"@type":"ListItem","position":3,"name":"BIOSWING LOOP"}]},{"@type":"WebSite","@id":"https:\/\/staging.bioswing.ee\/lv\/#website","url":"https:\/\/staging.bioswing.ee\/lv\/","name":"BIOSWING","description":"Smart solutions for healthy sitting","publisher":{"@id":"https:\/\/staging.bioswing.ee\/lv\/#organization"},"potentialAction":[{"@type":"SearchAction","target":{"@type":"EntryPoint","urlTemplate":"https:\/\/staging.bioswing.ee\/lv\/?s={search_term_string}"},"query-input":{"@type":"PropertyValueSpecification","valueRequired":true,"valueName":"search_term_string"}}],"inLanguage":"lv-LV"},{"@type":"Organization","@id":"https:\/\/staging.bioswing.ee\/lv\/#organization","name":"BIOSWING","url":"https:\/\/staging.bioswing.ee\/lv\/","logo":{"@type":"ImageObject","inLanguage":"lv-LV","@id":"https:\/\/staging.bioswing.ee\/lv\/#\/schema\/logo\/image\/","url":"https:\/\/staging.bioswing.ee\/wp-content\/uploads\/2023\/04\/logo_web.png","contentUrl":"https:\/\/staging.bioswing.ee\/wp-content\/uploads\/2023\/04\/logo_web.png","width":140,"height":122,"caption":"BIOSWING"},"image":{"@id":"https:\/\/staging.bioswing.ee\/lv\/#\/schema\/logo\/image\/"}}]}},"_links":{"self":[{"href":"https:\/\/staging.bioswing.ee\/lv\/wp-json\/wp\/v2\/product\/12280","targetHints":{"allow":["GET"]}}],"collection":[{"href":"https:\/\/staging.bioswing.ee\/lv\/wp-json\/wp\/v2\/product"}],"about":[{"href":"https:\/\/staging.bioswing.ee\/lv\/wp-json\/wp\/v2\/types\/product"}],"wp:featuredmedia":[{"embeddable":true,"href":"https:\/\/staging.bioswing.ee\/lv\/wp-json\/wp\/v2\/media\/12173"}],"wp:attachment":[{"href":"https:\/\/staging.bioswing.ee\/lv\/wp-json\/wp\/v2\/media?parent=12280"}],"wp:term":[{"taxonomy":"product_brand","embeddable":true,"href":"https:\/\/staging.bioswing.ee\/lv\/wp-json\/wp\/v2\/product_brand?post=12280"},{"taxonomy":"product_cat","embeddable":true,"href":"https:\/\/staging.bioswing.ee\/lv\/wp-json\/wp\/v2\/product_cat?post=12280"},{"taxonomy":"product_tag","embeddable":true,"href":"https:\/\/staging.bioswing.ee\/lv\/wp-json\/wp\/v2\/product_tag?post=12280"}],"curies":[{"name":"wp","href":"https:\/\/api.w.org\/{rel}","templated":true}]}}