{"id":15512,"date":"2024-11-21T14:35:11","date_gmt":"2024-11-21T14:35:11","guid":{"rendered":"https:\/\/staging.bioswing.ee\/toode\/music-cd-improve-lets-move-in\/"},"modified":"2024-11-28T13:25:30","modified_gmt":"2024-11-28T13:25:30","slug":"music-cd-improve-lets-move-in","status":"publish","type":"product","link":"https:\/\/staging.bioswing.ee\/lv\/toode\/music-cd-improve-lets-move-in\/","title":{"rendered":"M\u016bzikas CD \u201cImprove \u2013 Let\u2019s Move!\u201d (Digipaka form\u0101t\u0101)"},"content":{"rendered":"","protected":false},"excerpt":{"rendered":"<p>G\u0101d\u0101jiet, lai j\u016bsu BIOSWING Improve<sup>\u00ae<\/sup> n\u016bjas nodarb\u012bbas b\u016btu jautras. CD pieejams praktisk\u0101 Digipaka form\u0101t\u0101 ar diviem ierakstiem un vair\u0101k nek\u0101 stundu m\u016bzikas ar main\u012bgu tempu. Katrs ieraksts ir atz\u012bm\u0113ts ar sitieniem min\u016bt\u0113 (bpm) starp 120 un 130 un ieteicamajiem frekvences iestat\u012bjumiem n\u016bjai.  <\/p>\n<ul>\n<li>Nosaukums: Improve Beats Vol. 1<\/li>\n<li>Ieraksti: 23 ieraksti ar tempu no 120 l\u012bdz 130 BPM<\/li>\n<li>\u012apa\u0161\u012bbas: Ieteicamo frekven\u010du grafiska att\u0113lo\u0161ana<\/li>\n<li>Kop\u0113jais atska\u0146o\u0161anas laiks: 61:08 min\u016btes<\/li>\n<\/ul>\n","protected":false},"featured_media":14412,"template":"","meta":[],"product_brand":[],"product_cat":[833],"product_tag":[],"class_list":{"0":"post-15512","1":"product","2":"type-product","3":"status-publish","4":"has-post-thumbnail","6":"product_cat-improve-lv","8":"first","9":"instock","10":"taxable","11":"shipping-taxable","12":"purchasable","13":"product-type-simple"},"yoast_head":"<!-- This site is optimized with the Yoast SEO plugin v27.1.1 - https:\/\/yoast.com\/product\/yoast-seo-wordpress\/ -->\n<title>M\u016bzikas CD \u201cImprove \u2013 Let\u2019s Move!\u201d (Digipaka form\u0101t\u0101) - BIOSWING<\/title>\n<meta name=\"robots\" content=\"noindex, follow, max-snippet:-1, max-image-preview:large, max-video-preview:-1\" \/>\n<meta property=\"og:locale\" content=\"lv_LV\" \/>\n<meta property=\"og:type\" content=\"article\" \/>\n<meta property=\"og:title\" content=\"M\u016bzikas CD \u201cImprove \u2013 Let\u2019s Move!\u201d (Digipaka form\u0101t\u0101) - BIOSWING\" \/>\n<meta property=\"og:description\" content=\"G\u0101d\u0101jiet, lai j\u016bsu BIOSWING Improve\u00ae n\u016bjas nodarb\u012bbas b\u016btu jautras. CD pieejams praktisk\u0101 Digipaka form\u0101t\u0101 ar diviem ierakstiem un vair\u0101k nek\u0101 stundu m\u016bzikas ar main\u012bgu tempu. Katrs ieraksts ir atz\u012bm\u0113ts ar sitieniem min\u016bt\u0113 (bpm) starp 120 un 130 un ieteicamajiem frekvences iestat\u012bjumiem n\u016bjai.   Nosaukums: Improve Beats Vol. 1  Ieraksti: 23 ieraksti ar tempu no 120 l\u012bdz 130 BPM  \u012apa\u0161\u012bbas: Ieteicamo frekven\u010du grafiska att\u0113lo\u0161ana  Kop\u0113jais atska\u0146o\u0161anas laiks: 61:08 min\u016btes\" \/>\n<meta property=\"og:url\" content=\"https:\/\/staging.bioswing.ee\/lv\/toode\/music-cd-improve-lets-move-in\/\" \/>\n<meta property=\"og:site_name\" content=\"BIOSWING\" \/>\n<meta property=\"article:modified_time\" content=\"2024-11-28T13:25:30+00:00\" \/>\n<meta property=\"og:image\" content=\"https:\/\/bioswing.ee\/wp-content\/uploads\/2024\/11\/Improve-music.jpg\" \/>\n\t<meta property=\"og:image:width\" content=\"1500\" \/>\n\t<meta property=\"og:image:height\" content=\"2000\" \/>\n\t<meta property=\"og:image:type\" content=\"image\/jpeg\" \/>\n<meta name=\"twitter:card\" content=\"summary_large_image\" \/>\n<script type=\"application\/ld+json\" class=\"yoast-schema-graph\">{\"@context\":\"https:\/\/schema.org\",\"@graph\":[{\"@type\":\"WebPage\",\"@id\":\"https:\/\/staging.bioswing.ee\/lv\/toode\/music-cd-improve-lets-move-in\/\",\"url\":\"https:\/\/staging.bioswing.ee\/lv\/toode\/music-cd-improve-lets-move-in\/\",\"name\":\"M\u016bzikas CD \u201cImprove \u2013 Let\u2019s Move!\u201d (Digipaka form\u0101t\u0101) - BIOSWING\",\"isPartOf\":{\"@id\":\"https:\/\/staging.bioswing.ee\/lv\/#website\"},\"primaryImageOfPage\":{\"@id\":\"https:\/\/staging.bioswing.ee\/lv\/toode\/music-cd-improve-lets-move-in\/#primaryimage\"},\"image\":{\"@id\":\"https:\/\/staging.bioswing.ee\/lv\/toode\/music-cd-improve-lets-move-in\/#primaryimage\"},\"thumbnailUrl\":\"https:\/\/staging.bioswing.ee\/wp-content\/uploads\/2024\/11\/Improve-music.jpg\",\"datePublished\":\"2024-11-21T14:35:11+00:00\",\"dateModified\":\"2024-11-28T13:25:30+00:00\",\"breadcrumb\":{\"@id\":\"https:\/\/staging.bioswing.ee\/lv\/toode\/music-cd-improve-lets-move-in\/#breadcrumb\"},\"inLanguage\":\"lv-LV\",\"potentialAction\":[{\"@type\":\"ReadAction\",\"target\":[\"https:\/\/staging.bioswing.ee\/lv\/toode\/music-cd-improve-lets-move-in\/\"]}]},{\"@type\":\"ImageObject\",\"inLanguage\":\"lv-LV\",\"@id\":\"https:\/\/staging.bioswing.ee\/lv\/toode\/music-cd-improve-lets-move-in\/#primaryimage\",\"url\":\"https:\/\/staging.bioswing.ee\/wp-content\/uploads\/2024\/11\/Improve-music.jpg\",\"contentUrl\":\"https:\/\/staging.bioswing.ee\/wp-content\/uploads\/2024\/11\/Improve-music.jpg\",\"width\":1500,\"height\":2000,\"caption\":\"Music CD \\\"Improve \u2013 Let\u2019s Move!\\\" (in Digipak)\"},{\"@type\":\"BreadcrumbList\",\"@id\":\"https:\/\/staging.bioswing.ee\/lv\/toode\/music-cd-improve-lets-move-in\/#breadcrumb\",\"itemListElement\":[{\"@type\":\"ListItem\",\"position\":1,\"name\":\"Home\",\"item\":\"https:\/\/bioswing.ee\/lv\/\"},{\"@type\":\"ListItem\",\"position\":2,\"name\":\"Shop\",\"item\":\"https:\/\/bioswing.ee\/lv\/shop-2\/\"},{\"@type\":\"ListItem\",\"position\":3,\"name\":\"M\u016bzikas CD \u201cImprove \u2013 Let\u2019s Move!\u201d (Digipaka form\u0101t\u0101)\"}]},{\"@type\":\"WebSite\",\"@id\":\"https:\/\/staging.bioswing.ee\/lv\/#website\",\"url\":\"https:\/\/staging.bioswing.ee\/lv\/\",\"name\":\"BIOSWING\",\"description\":\"Smart solutions for healthy sitting\",\"publisher\":{\"@id\":\"https:\/\/staging.bioswing.ee\/lv\/#organization\"},\"potentialAction\":[{\"@type\":\"SearchAction\",\"target\":{\"@type\":\"EntryPoint\",\"urlTemplate\":\"https:\/\/staging.bioswing.ee\/lv\/?s={search_term_string}\"},\"query-input\":{\"@type\":\"PropertyValueSpecification\",\"valueRequired\":true,\"valueName\":\"search_term_string\"}}],\"inLanguage\":\"lv-LV\"},{\"@type\":\"Organization\",\"@id\":\"https:\/\/staging.bioswing.ee\/lv\/#organization\",\"name\":\"BIOSWING\",\"url\":\"https:\/\/staging.bioswing.ee\/lv\/\",\"logo\":{\"@type\":\"ImageObject\",\"inLanguage\":\"lv-LV\",\"@id\":\"https:\/\/staging.bioswing.ee\/lv\/#\/schema\/logo\/image\/\",\"url\":\"https:\/\/staging.bioswing.ee\/wp-content\/uploads\/2023\/04\/logo_web.png\",\"contentUrl\":\"https:\/\/staging.bioswing.ee\/wp-content\/uploads\/2023\/04\/logo_web.png\",\"width\":140,\"height\":122,\"caption\":\"BIOSWING\"},\"image\":{\"@id\":\"https:\/\/staging.bioswing.ee\/lv\/#\/schema\/logo\/image\/\"}}]}<\/script>\n<!-- \/ Yoast SEO plugin. -->","yoast_head_json":{"title":"M\u016bzikas CD \u201cImprove \u2013 Let\u2019s Move!\u201d (Digipaka form\u0101t\u0101) - BIOSWING","robots":{"index":"noindex","follow":"follow","max-snippet":"max-snippet:-1","max-image-preview":"max-image-preview:large","max-video-preview":"max-video-preview:-1"},"og_locale":"lv_LV","og_type":"article","og_title":"M\u016bzikas CD \u201cImprove \u2013 Let\u2019s Move!\u201d (Digipaka form\u0101t\u0101) - BIOSWING","og_description":"G\u0101d\u0101jiet, lai j\u016bsu BIOSWING Improve\u00ae n\u016bjas nodarb\u012bbas b\u016btu jautras. CD pieejams praktisk\u0101 Digipaka form\u0101t\u0101 ar diviem ierakstiem un vair\u0101k nek\u0101 stundu m\u016bzikas ar main\u012bgu tempu. Katrs ieraksts ir atz\u012bm\u0113ts ar sitieniem min\u016bt\u0113 (bpm) starp 120 un 130 un ieteicamajiem frekvences iestat\u012bjumiem n\u016bjai.   Nosaukums: Improve Beats Vol. 1  Ieraksti: 23 ieraksti ar tempu no 120 l\u012bdz 130 BPM  \u012apa\u0161\u012bbas: Ieteicamo frekven\u010du grafiska att\u0113lo\u0161ana  Kop\u0113jais atska\u0146o\u0161anas laiks: 61:08 min\u016btes","og_url":"https:\/\/staging.bioswing.ee\/lv\/toode\/music-cd-improve-lets-move-in\/","og_site_name":"BIOSWING","article_modified_time":"2024-11-28T13:25:30+00:00","og_image":[{"width":1500,"height":2000,"url":"https:\/\/bioswing.ee\/wp-content\/uploads\/2024\/11\/Improve-music.jpg","type":"image\/jpeg"}],"twitter_card":"summary_large_image","schema":{"@context":"https:\/\/schema.org","@graph":[{"@type":"WebPage","@id":"https:\/\/staging.bioswing.ee\/lv\/toode\/music-cd-improve-lets-move-in\/","url":"https:\/\/staging.bioswing.ee\/lv\/toode\/music-cd-improve-lets-move-in\/","name":"M\u016bzikas CD \u201cImprove \u2013 Let\u2019s Move!\u201d (Digipaka form\u0101t\u0101) - BIOSWING","isPartOf":{"@id":"https:\/\/staging.bioswing.ee\/lv\/#website"},"primaryImageOfPage":{"@id":"https:\/\/staging.bioswing.ee\/lv\/toode\/music-cd-improve-lets-move-in\/#primaryimage"},"image":{"@id":"https:\/\/staging.bioswing.ee\/lv\/toode\/music-cd-improve-lets-move-in\/#primaryimage"},"thumbnailUrl":"https:\/\/staging.bioswing.ee\/wp-content\/uploads\/2024\/11\/Improve-music.jpg","datePublished":"2024-11-21T14:35:11+00:00","dateModified":"2024-11-28T13:25:30+00:00","breadcrumb":{"@id":"https:\/\/staging.bioswing.ee\/lv\/toode\/music-cd-improve-lets-move-in\/#breadcrumb"},"inLanguage":"lv-LV","potentialAction":[{"@type":"ReadAction","target":["https:\/\/staging.bioswing.ee\/lv\/toode\/music-cd-improve-lets-move-in\/"]}]},{"@type":"ImageObject","inLanguage":"lv-LV","@id":"https:\/\/staging.bioswing.ee\/lv\/toode\/music-cd-improve-lets-move-in\/#primaryimage","url":"https:\/\/staging.bioswing.ee\/wp-content\/uploads\/2024\/11\/Improve-music.jpg","contentUrl":"https:\/\/staging.bioswing.ee\/wp-content\/uploads\/2024\/11\/Improve-music.jpg","width":1500,"height":2000,"caption":"Music CD \"Improve \u2013 Let\u2019s Move!\" (in Digipak)"},{"@type":"BreadcrumbList","@id":"https:\/\/staging.bioswing.ee\/lv\/toode\/music-cd-improve-lets-move-in\/#breadcrumb","itemListElement":[{"@type":"ListItem","position":1,"name":"Home","item":"https:\/\/bioswing.ee\/lv\/"},{"@type":"ListItem","position":2,"name":"Shop","item":"https:\/\/bioswing.ee\/lv\/shop-2\/"},{"@type":"ListItem","position":3,"name":"M\u016bzikas CD \u201cImprove \u2013 Let\u2019s Move!\u201d (Digipaka form\u0101t\u0101)"}]},{"@type":"WebSite","@id":"https:\/\/staging.bioswing.ee\/lv\/#website","url":"https:\/\/staging.bioswing.ee\/lv\/","name":"BIOSWING","description":"Smart solutions for healthy sitting","publisher":{"@id":"https:\/\/staging.bioswing.ee\/lv\/#organization"},"potentialAction":[{"@type":"SearchAction","target":{"@type":"EntryPoint","urlTemplate":"https:\/\/staging.bioswing.ee\/lv\/?s={search_term_string}"},"query-input":{"@type":"PropertyValueSpecification","valueRequired":true,"valueName":"search_term_string"}}],"inLanguage":"lv-LV"},{"@type":"Organization","@id":"https:\/\/staging.bioswing.ee\/lv\/#organization","name":"BIOSWING","url":"https:\/\/staging.bioswing.ee\/lv\/","logo":{"@type":"ImageObject","inLanguage":"lv-LV","@id":"https:\/\/staging.bioswing.ee\/lv\/#\/schema\/logo\/image\/","url":"https:\/\/staging.bioswing.ee\/wp-content\/uploads\/2023\/04\/logo_web.png","contentUrl":"https:\/\/staging.bioswing.ee\/wp-content\/uploads\/2023\/04\/logo_web.png","width":140,"height":122,"caption":"BIOSWING"},"image":{"@id":"https:\/\/staging.bioswing.ee\/lv\/#\/schema\/logo\/image\/"}}]}},"_links":{"self":[{"href":"https:\/\/staging.bioswing.ee\/lv\/wp-json\/wp\/v2\/product\/15512","targetHints":{"allow":["GET"]}}],"collection":[{"href":"https:\/\/staging.bioswing.ee\/lv\/wp-json\/wp\/v2\/product"}],"about":[{"href":"https:\/\/staging.bioswing.ee\/lv\/wp-json\/wp\/v2\/types\/product"}],"wp:featuredmedia":[{"embeddable":true,"href":"https:\/\/staging.bioswing.ee\/lv\/wp-json\/wp\/v2\/media\/14412"}],"wp:attachment":[{"href":"https:\/\/staging.bioswing.ee\/lv\/wp-json\/wp\/v2\/media?parent=15512"}],"wp:term":[{"taxonomy":"product_brand","embeddable":true,"href":"https:\/\/staging.bioswing.ee\/lv\/wp-json\/wp\/v2\/product_brand?post=15512"},{"taxonomy":"product_cat","embeddable":true,"href":"https:\/\/staging.bioswing.ee\/lv\/wp-json\/wp\/v2\/product_cat?post=15512"},{"taxonomy":"product_tag","embeddable":true,"href":"https:\/\/staging.bioswing.ee\/lv\/wp-json\/wp\/v2\/product_tag?post=15512"}],"curies":[{"name":"wp","href":"https:\/\/api.w.org\/{rel}","templated":true}]}}