{"id":15537,"date":"2024-11-21T14:33:29","date_gmt":"2024-11-21T14:33:29","guid":{"rendered":"https:\/\/staging.bioswing.ee\/toode\/bioswing-improve-150\/"},"modified":"2024-12-05T13:18:02","modified_gmt":"2024-12-05T13:18:02","slug":"bioswing-improve-150","status":"publish","type":"product","link":"https:\/\/staging.bioswing.ee\/lv\/toode\/bioswing-improve-150\/","title":{"rendered":"BIOSWING Improve\u00ae 150"},"content":{"rendered":"","protected":false},"excerpt":{"rendered":"<p><strong>BIOSWING Improve<sup>\u00ae<\/sup> 150<\/strong>: Ar garumu 150 cm un nep\u0101rtraukti regul\u0113jam\u0101m frekvenc\u0113m no 3,8 l\u012bdz 4,8 sv\u0101rst\u012bb\u0101m sekund\u0113 \u0161\u012b \u0161\u016bpo\u0161anas n\u016bja ir ide\u0101li piem\u0113rota vesel\u012bbas un fitnesa treni\u0146iem, k\u0101 ar\u012b b\u0113rniem apm\u0113ram no se\u0161u gadu vecuma.<\/p>\n<ul>\n<li>Rokturi\/Amortiz\u0101cijas elementi: Melns Desmopan\u00ae<\/li>\n<li>\u0160\u016bpo\u0161anas stieple: Sudrabs, vair\u0101kk\u0101rt rafin\u0113ts atsperu t\u0113rauds<\/li>\n<li>Gala v\u0101ci\u0146i\/Frekvences regulators: Melns PU ar pel\u0113k\u0101m josl\u0101m<\/li>\n<li>Pieg\u0101d\u0101ts som\u0101 ar plecu siksnu<\/li>\n<\/ul>\n<p><iframe title=\"YouTube video player\" src=\"https:\/\/www.youtube.com\/embed\/QaT-O9yNqYc?si=rqKlGGFH7zPSjBrT\" width=\"100%\" height=\"315\" frameborder=\"0\" allowfullscreen=\"allowfullscreen\"><\/iframe><\/p>\n","protected":false},"featured_media":14392,"template":"","meta":[],"product_brand":[],"product_cat":[833],"product_tag":[],"class_list":{"0":"post-15537","1":"product","2":"type-product","3":"status-publish","4":"has-post-thumbnail","6":"product_cat-improve-lv","8":"first","9":"instock","10":"taxable","11":"shipping-taxable","12":"purchasable","13":"product-type-simple"},"yoast_head":"<!-- This site is optimized with the Yoast SEO plugin v27.1.1 - https:\/\/yoast.com\/product\/yoast-seo-wordpress\/ -->\n<title>BIOSWING Improve\u00ae 150 - BIOSWING<\/title>\n<meta name=\"robots\" content=\"noindex, follow, max-snippet:-1, max-image-preview:large, max-video-preview:-1\" \/>\n<meta property=\"og:locale\" content=\"lv_LV\" \/>\n<meta property=\"og:type\" content=\"article\" \/>\n<meta property=\"og:title\" content=\"BIOSWING Improve\u00ae 150 - BIOSWING\" \/>\n<meta property=\"og:description\" content=\"BIOSWING Improve\u00ae 150: Ar garumu 150 cm un nep\u0101rtraukti regul\u0113jam\u0101m frekvenc\u0113m no 3,8 l\u012bdz 4,8 sv\u0101rst\u012bb\u0101m sekund\u0113 \u0161\u012b \u0161\u016bpo\u0161anas n\u016bja ir ide\u0101li piem\u0113rota vesel\u012bbas un fitnesa treni\u0146iem, k\u0101 ar\u012b b\u0113rniem apm\u0113ram no se\u0161u gadu vecuma.  Rokturi\/Amortiz\u0101cijas elementi: Melns Desmopan\u00ae  \u0160\u016bpo\u0161anas stieple: Sudrabs, vair\u0101kk\u0101rt rafin\u0113ts atsperu t\u0113rauds  Gala v\u0101ci\u0146i\/Frekvences regulators: Melns PU ar pel\u0113k\u0101m josl\u0101m  Pieg\u0101d\u0101ts som\u0101 ar plecu siksnu\" \/>\n<meta property=\"og:url\" content=\"https:\/\/staging.bioswing.ee\/lv\/toode\/bioswing-improve-150\/\" \/>\n<meta property=\"og:site_name\" content=\"BIOSWING\" \/>\n<meta property=\"article:modified_time\" content=\"2024-12-05T13:18:02+00:00\" \/>\n<meta property=\"og:image\" content=\"https:\/\/bioswing.ee\/wp-content\/uploads\/2024\/11\/Improve-130-150.jpg\" \/>\n\t<meta property=\"og:image:width\" content=\"1500\" \/>\n\t<meta property=\"og:image:height\" content=\"2000\" \/>\n\t<meta property=\"og:image:type\" content=\"image\/jpeg\" \/>\n<meta name=\"twitter:card\" content=\"summary_large_image\" \/>\n<script type=\"application\/ld+json\" class=\"yoast-schema-graph\">{\"@context\":\"https:\/\/schema.org\",\"@graph\":[{\"@type\":\"WebPage\",\"@id\":\"https:\/\/staging.bioswing.ee\/lv\/toode\/bioswing-improve-150\/\",\"url\":\"https:\/\/staging.bioswing.ee\/lv\/toode\/bioswing-improve-150\/\",\"name\":\"BIOSWING Improve\u00ae 150 - BIOSWING\",\"isPartOf\":{\"@id\":\"https:\/\/staging.bioswing.ee\/lv\/#website\"},\"primaryImageOfPage\":{\"@id\":\"https:\/\/staging.bioswing.ee\/lv\/toode\/bioswing-improve-150\/#primaryimage\"},\"image\":{\"@id\":\"https:\/\/staging.bioswing.ee\/lv\/toode\/bioswing-improve-150\/#primaryimage\"},\"thumbnailUrl\":\"https:\/\/staging.bioswing.ee\/wp-content\/uploads\/2024\/11\/Improve-130-150.jpg\",\"datePublished\":\"2024-11-21T14:33:29+00:00\",\"dateModified\":\"2024-12-05T13:18:02+00:00\",\"breadcrumb\":{\"@id\":\"https:\/\/staging.bioswing.ee\/lv\/toode\/bioswing-improve-150\/#breadcrumb\"},\"inLanguage\":\"lv-LV\",\"potentialAction\":[{\"@type\":\"ReadAction\",\"target\":[\"https:\/\/staging.bioswing.ee\/lv\/toode\/bioswing-improve-150\/\"]}]},{\"@type\":\"ImageObject\",\"inLanguage\":\"lv-LV\",\"@id\":\"https:\/\/staging.bioswing.ee\/lv\/toode\/bioswing-improve-150\/#primaryimage\",\"url\":\"https:\/\/staging.bioswing.ee\/wp-content\/uploads\/2024\/11\/Improve-130-150.jpg\",\"contentUrl\":\"https:\/\/staging.bioswing.ee\/wp-content\/uploads\/2024\/11\/Improve-130-150.jpg\",\"width\":1500,\"height\":2000,\"caption\":\"BIOSWING Improve\u00ae 150 & 130\"},{\"@type\":\"BreadcrumbList\",\"@id\":\"https:\/\/staging.bioswing.ee\/lv\/toode\/bioswing-improve-150\/#breadcrumb\",\"itemListElement\":[{\"@type\":\"ListItem\",\"position\":1,\"name\":\"Home\",\"item\":\"https:\/\/bioswing.ee\/lv\/\"},{\"@type\":\"ListItem\",\"position\":2,\"name\":\"Shop\",\"item\":\"https:\/\/bioswing.ee\/lv\/shop-2\/\"},{\"@type\":\"ListItem\",\"position\":3,\"name\":\"BIOSWING Improve\u00ae 150\"}]},{\"@type\":\"WebSite\",\"@id\":\"https:\/\/staging.bioswing.ee\/lv\/#website\",\"url\":\"https:\/\/staging.bioswing.ee\/lv\/\",\"name\":\"BIOSWING\",\"description\":\"Smart solutions for healthy sitting\",\"publisher\":{\"@id\":\"https:\/\/staging.bioswing.ee\/lv\/#organization\"},\"potentialAction\":[{\"@type\":\"SearchAction\",\"target\":{\"@type\":\"EntryPoint\",\"urlTemplate\":\"https:\/\/staging.bioswing.ee\/lv\/?s={search_term_string}\"},\"query-input\":{\"@type\":\"PropertyValueSpecification\",\"valueRequired\":true,\"valueName\":\"search_term_string\"}}],\"inLanguage\":\"lv-LV\"},{\"@type\":\"Organization\",\"@id\":\"https:\/\/staging.bioswing.ee\/lv\/#organization\",\"name\":\"BIOSWING\",\"url\":\"https:\/\/staging.bioswing.ee\/lv\/\",\"logo\":{\"@type\":\"ImageObject\",\"inLanguage\":\"lv-LV\",\"@id\":\"https:\/\/staging.bioswing.ee\/lv\/#\/schema\/logo\/image\/\",\"url\":\"https:\/\/staging.bioswing.ee\/wp-content\/uploads\/2023\/04\/logo_web.png\",\"contentUrl\":\"https:\/\/staging.bioswing.ee\/wp-content\/uploads\/2023\/04\/logo_web.png\",\"width\":140,\"height\":122,\"caption\":\"BIOSWING\"},\"image\":{\"@id\":\"https:\/\/staging.bioswing.ee\/lv\/#\/schema\/logo\/image\/\"}}]}<\/script>\n<!-- \/ Yoast SEO plugin. -->","yoast_head_json":{"title":"BIOSWING Improve\u00ae 150 - BIOSWING","robots":{"index":"noindex","follow":"follow","max-snippet":"max-snippet:-1","max-image-preview":"max-image-preview:large","max-video-preview":"max-video-preview:-1"},"og_locale":"lv_LV","og_type":"article","og_title":"BIOSWING Improve\u00ae 150 - BIOSWING","og_description":"BIOSWING Improve\u00ae 150: Ar garumu 150 cm un nep\u0101rtraukti regul\u0113jam\u0101m frekvenc\u0113m no 3,8 l\u012bdz 4,8 sv\u0101rst\u012bb\u0101m sekund\u0113 \u0161\u012b \u0161\u016bpo\u0161anas n\u016bja ir ide\u0101li piem\u0113rota vesel\u012bbas un fitnesa treni\u0146iem, k\u0101 ar\u012b b\u0113rniem apm\u0113ram no se\u0161u gadu vecuma.  Rokturi\/Amortiz\u0101cijas elementi: Melns Desmopan\u00ae  \u0160\u016bpo\u0161anas stieple: Sudrabs, vair\u0101kk\u0101rt rafin\u0113ts atsperu t\u0113rauds  Gala v\u0101ci\u0146i\/Frekvences regulators: Melns PU ar pel\u0113k\u0101m josl\u0101m  Pieg\u0101d\u0101ts som\u0101 ar plecu siksnu","og_url":"https:\/\/staging.bioswing.ee\/lv\/toode\/bioswing-improve-150\/","og_site_name":"BIOSWING","article_modified_time":"2024-12-05T13:18:02+00:00","og_image":[{"width":1500,"height":2000,"url":"https:\/\/bioswing.ee\/wp-content\/uploads\/2024\/11\/Improve-130-150.jpg","type":"image\/jpeg"}],"twitter_card":"summary_large_image","schema":{"@context":"https:\/\/schema.org","@graph":[{"@type":"WebPage","@id":"https:\/\/staging.bioswing.ee\/lv\/toode\/bioswing-improve-150\/","url":"https:\/\/staging.bioswing.ee\/lv\/toode\/bioswing-improve-150\/","name":"BIOSWING Improve\u00ae 150 - BIOSWING","isPartOf":{"@id":"https:\/\/staging.bioswing.ee\/lv\/#website"},"primaryImageOfPage":{"@id":"https:\/\/staging.bioswing.ee\/lv\/toode\/bioswing-improve-150\/#primaryimage"},"image":{"@id":"https:\/\/staging.bioswing.ee\/lv\/toode\/bioswing-improve-150\/#primaryimage"},"thumbnailUrl":"https:\/\/staging.bioswing.ee\/wp-content\/uploads\/2024\/11\/Improve-130-150.jpg","datePublished":"2024-11-21T14:33:29+00:00","dateModified":"2024-12-05T13:18:02+00:00","breadcrumb":{"@id":"https:\/\/staging.bioswing.ee\/lv\/toode\/bioswing-improve-150\/#breadcrumb"},"inLanguage":"lv-LV","potentialAction":[{"@type":"ReadAction","target":["https:\/\/staging.bioswing.ee\/lv\/toode\/bioswing-improve-150\/"]}]},{"@type":"ImageObject","inLanguage":"lv-LV","@id":"https:\/\/staging.bioswing.ee\/lv\/toode\/bioswing-improve-150\/#primaryimage","url":"https:\/\/staging.bioswing.ee\/wp-content\/uploads\/2024\/11\/Improve-130-150.jpg","contentUrl":"https:\/\/staging.bioswing.ee\/wp-content\/uploads\/2024\/11\/Improve-130-150.jpg","width":1500,"height":2000,"caption":"BIOSWING Improve\u00ae 150 & 130"},{"@type":"BreadcrumbList","@id":"https:\/\/staging.bioswing.ee\/lv\/toode\/bioswing-improve-150\/#breadcrumb","itemListElement":[{"@type":"ListItem","position":1,"name":"Home","item":"https:\/\/bioswing.ee\/lv\/"},{"@type":"ListItem","position":2,"name":"Shop","item":"https:\/\/bioswing.ee\/lv\/shop-2\/"},{"@type":"ListItem","position":3,"name":"BIOSWING Improve\u00ae 150"}]},{"@type":"WebSite","@id":"https:\/\/staging.bioswing.ee\/lv\/#website","url":"https:\/\/staging.bioswing.ee\/lv\/","name":"BIOSWING","description":"Smart solutions for healthy sitting","publisher":{"@id":"https:\/\/staging.bioswing.ee\/lv\/#organization"},"potentialAction":[{"@type":"SearchAction","target":{"@type":"EntryPoint","urlTemplate":"https:\/\/staging.bioswing.ee\/lv\/?s={search_term_string}"},"query-input":{"@type":"PropertyValueSpecification","valueRequired":true,"valueName":"search_term_string"}}],"inLanguage":"lv-LV"},{"@type":"Organization","@id":"https:\/\/staging.bioswing.ee\/lv\/#organization","name":"BIOSWING","url":"https:\/\/staging.bioswing.ee\/lv\/","logo":{"@type":"ImageObject","inLanguage":"lv-LV","@id":"https:\/\/staging.bioswing.ee\/lv\/#\/schema\/logo\/image\/","url":"https:\/\/staging.bioswing.ee\/wp-content\/uploads\/2023\/04\/logo_web.png","contentUrl":"https:\/\/staging.bioswing.ee\/wp-content\/uploads\/2023\/04\/logo_web.png","width":140,"height":122,"caption":"BIOSWING"},"image":{"@id":"https:\/\/staging.bioswing.ee\/lv\/#\/schema\/logo\/image\/"}}]}},"_links":{"self":[{"href":"https:\/\/staging.bioswing.ee\/lv\/wp-json\/wp\/v2\/product\/15537","targetHints":{"allow":["GET"]}}],"collection":[{"href":"https:\/\/staging.bioswing.ee\/lv\/wp-json\/wp\/v2\/product"}],"about":[{"href":"https:\/\/staging.bioswing.ee\/lv\/wp-json\/wp\/v2\/types\/product"}],"wp:featuredmedia":[{"embeddable":true,"href":"https:\/\/staging.bioswing.ee\/lv\/wp-json\/wp\/v2\/media\/14392"}],"wp:attachment":[{"href":"https:\/\/staging.bioswing.ee\/lv\/wp-json\/wp\/v2\/media?parent=15537"}],"wp:term":[{"taxonomy":"product_brand","embeddable":true,"href":"https:\/\/staging.bioswing.ee\/lv\/wp-json\/wp\/v2\/product_brand?post=15537"},{"taxonomy":"product_cat","embeddable":true,"href":"https:\/\/staging.bioswing.ee\/lv\/wp-json\/wp\/v2\/product_cat?post=15537"},{"taxonomy":"product_tag","embeddable":true,"href":"https:\/\/staging.bioswing.ee\/lv\/wp-json\/wp\/v2\/product_tag?post=15537"}],"curies":[{"name":"wp","href":"https:\/\/api.w.org\/{rel}","templated":true}]}}