{"id":15548,"date":"2024-11-21T08:46:12","date_gmt":"2024-11-21T08:46:12","guid":{"rendered":"https:\/\/staging.bioswing.ee\/toode\/bioswing-propriomed-wall-mount-for-4\/"},"modified":"2024-11-28T12:55:18","modified_gmt":"2024-11-28T12:55:18","slug":"bioswing-propriomed-wall-mount-for-4","status":"publish","type":"product","link":"https:\/\/staging.bioswing.ee\/lv\/toode\/bioswing-propriomed-wall-mount-for-4\/","title":{"rendered":"BIOSWING\u00ae sienas tur\u0113t\u0101js 4 ier\u012bc\u0113m"},"content":{"rendered":"","protected":false},"excerpt":{"rendered":"<p>Sienas tur\u0113t\u0101js tiek izmantots l\u012bdz \u010detru BIOSWING Propriomed<sup>\u00ae<\/sup> un Improve<sup>\u00ae<\/sup> ier\u012b\u010du optim\u0101lai piek\u0101rtai uzglab\u0101\u0161anai. P\u0101rkl\u0101tais t\u0113rauda sienas tur\u0113t\u0101js ir pieejams vienas vai \u010detru ier\u012b\u010du versij\u0101. <\/p>\n<ul>\n<li>\u010cetri tur\u0113t\u0101ji<\/li>\n<li>Ar sudrabu p\u0101rkl\u0101ts t\u0113rauds<\/li>\n<li>Iek\u013cauts mont\u0101\u017eas materi\u0101ls<\/li>\n<\/ul>\n","protected":false},"featured_media":14351,"template":"","meta":[],"product_brand":[],"product_cat":[843],"product_tag":[],"class_list":{"0":"post-15548","1":"product","2":"type-product","3":"status-publish","4":"has-post-thumbnail","6":"product_cat-propriomed-lv","8":"first","9":"instock","10":"taxable","11":"shipping-taxable","12":"purchasable","13":"product-type-simple"},"yoast_head":"<!-- This site is optimized with the Yoast SEO plugin v27.1.1 - https:\/\/yoast.com\/product\/yoast-seo-wordpress\/ -->\n<title>BIOSWING\u00ae sienas tur\u0113t\u0101js 4 ier\u012bc\u0113m - BIOSWING<\/title>\n<meta name=\"robots\" content=\"noindex, follow, max-snippet:-1, max-image-preview:large, max-video-preview:-1\" \/>\n<meta property=\"og:locale\" content=\"lv_LV\" \/>\n<meta property=\"og:type\" content=\"article\" \/>\n<meta property=\"og:title\" content=\"BIOSWING\u00ae sienas tur\u0113t\u0101js 4 ier\u012bc\u0113m - BIOSWING\" \/>\n<meta property=\"og:description\" content=\"Sienas tur\u0113t\u0101js tiek izmantots l\u012bdz \u010detru BIOSWING Propriomed\u00ae un Improve\u00ae ier\u012b\u010du optim\u0101lai piek\u0101rtai uzglab\u0101\u0161anai. P\u0101rkl\u0101tais t\u0113rauda sienas tur\u0113t\u0101js ir pieejams vienas vai \u010detru ier\u012b\u010du versij\u0101.   \u010cetri tur\u0113t\u0101ji  Ar sudrabu p\u0101rkl\u0101ts t\u0113rauds  Iek\u013cauts mont\u0101\u017eas materi\u0101ls\" \/>\n<meta property=\"og:url\" content=\"https:\/\/staging.bioswing.ee\/lv\/toode\/bioswing-propriomed-wall-mount-for-4\/\" \/>\n<meta property=\"og:site_name\" content=\"BIOSWING\" \/>\n<meta property=\"article:modified_time\" content=\"2024-11-28T12:55:18+00:00\" \/>\n<meta property=\"og:image\" content=\"https:\/\/bioswing.ee\/wp-content\/uploads\/2024\/11\/4er_wandhalter.jpg\" \/>\n\t<meta property=\"og:image:width\" content=\"1500\" \/>\n\t<meta property=\"og:image:height\" content=\"2000\" \/>\n\t<meta property=\"og:image:type\" content=\"image\/jpeg\" \/>\n<meta name=\"twitter:card\" content=\"summary_large_image\" \/>\n<script type=\"application\/ld+json\" class=\"yoast-schema-graph\">{\"@context\":\"https:\/\/schema.org\",\"@graph\":[{\"@type\":\"WebPage\",\"@id\":\"https:\/\/staging.bioswing.ee\/lv\/toode\/bioswing-propriomed-wall-mount-for-4\/\",\"url\":\"https:\/\/staging.bioswing.ee\/lv\/toode\/bioswing-propriomed-wall-mount-for-4\/\",\"name\":\"BIOSWING\u00ae sienas tur\u0113t\u0101js 4 ier\u012bc\u0113m - BIOSWING\",\"isPartOf\":{\"@id\":\"https:\/\/staging.bioswing.ee\/lv\/#website\"},\"primaryImageOfPage\":{\"@id\":\"https:\/\/staging.bioswing.ee\/lv\/toode\/bioswing-propriomed-wall-mount-for-4\/#primaryimage\"},\"image\":{\"@id\":\"https:\/\/staging.bioswing.ee\/lv\/toode\/bioswing-propriomed-wall-mount-for-4\/#primaryimage\"},\"thumbnailUrl\":\"https:\/\/staging.bioswing.ee\/wp-content\/uploads\/2024\/11\/4er_wandhalter.jpg\",\"datePublished\":\"2024-11-21T08:46:12+00:00\",\"dateModified\":\"2024-11-28T12:55:18+00:00\",\"breadcrumb\":{\"@id\":\"https:\/\/staging.bioswing.ee\/lv\/toode\/bioswing-propriomed-wall-mount-for-4\/#breadcrumb\"},\"inLanguage\":\"lv-LV\",\"potentialAction\":[{\"@type\":\"ReadAction\",\"target\":[\"https:\/\/staging.bioswing.ee\/lv\/toode\/bioswing-propriomed-wall-mount-for-4\/\"]}]},{\"@type\":\"ImageObject\",\"inLanguage\":\"lv-LV\",\"@id\":\"https:\/\/staging.bioswing.ee\/lv\/toode\/bioswing-propriomed-wall-mount-for-4\/#primaryimage\",\"url\":\"https:\/\/staging.bioswing.ee\/wp-content\/uploads\/2024\/11\/4er_wandhalter.jpg\",\"contentUrl\":\"https:\/\/staging.bioswing.ee\/wp-content\/uploads\/2024\/11\/4er_wandhalter.jpg\",\"width\":1500,\"height\":2000,\"caption\":\"BIOSWING\u00ae Propriomed\u00ae Wall Mount for 4\"},{\"@type\":\"BreadcrumbList\",\"@id\":\"https:\/\/staging.bioswing.ee\/lv\/toode\/bioswing-propriomed-wall-mount-for-4\/#breadcrumb\",\"itemListElement\":[{\"@type\":\"ListItem\",\"position\":1,\"name\":\"Home\",\"item\":\"https:\/\/bioswing.ee\/lv\/\"},{\"@type\":\"ListItem\",\"position\":2,\"name\":\"Shop\",\"item\":\"https:\/\/bioswing.ee\/lv\/shop-2\/\"},{\"@type\":\"ListItem\",\"position\":3,\"name\":\"BIOSWING\u00ae sienas tur\u0113t\u0101js 4 ier\u012bc\u0113m\"}]},{\"@type\":\"WebSite\",\"@id\":\"https:\/\/staging.bioswing.ee\/lv\/#website\",\"url\":\"https:\/\/staging.bioswing.ee\/lv\/\",\"name\":\"BIOSWING\",\"description\":\"Smart solutions for healthy sitting\",\"publisher\":{\"@id\":\"https:\/\/staging.bioswing.ee\/lv\/#organization\"},\"potentialAction\":[{\"@type\":\"SearchAction\",\"target\":{\"@type\":\"EntryPoint\",\"urlTemplate\":\"https:\/\/staging.bioswing.ee\/lv\/?s={search_term_string}\"},\"query-input\":{\"@type\":\"PropertyValueSpecification\",\"valueRequired\":true,\"valueName\":\"search_term_string\"}}],\"inLanguage\":\"lv-LV\"},{\"@type\":\"Organization\",\"@id\":\"https:\/\/staging.bioswing.ee\/lv\/#organization\",\"name\":\"BIOSWING\",\"url\":\"https:\/\/staging.bioswing.ee\/lv\/\",\"logo\":{\"@type\":\"ImageObject\",\"inLanguage\":\"lv-LV\",\"@id\":\"https:\/\/staging.bioswing.ee\/lv\/#\/schema\/logo\/image\/\",\"url\":\"https:\/\/staging.bioswing.ee\/wp-content\/uploads\/2023\/04\/logo_web.png\",\"contentUrl\":\"https:\/\/staging.bioswing.ee\/wp-content\/uploads\/2023\/04\/logo_web.png\",\"width\":140,\"height\":122,\"caption\":\"BIOSWING\"},\"image\":{\"@id\":\"https:\/\/staging.bioswing.ee\/lv\/#\/schema\/logo\/image\/\"}}]}<\/script>\n<!-- \/ Yoast SEO plugin. -->","yoast_head_json":{"title":"BIOSWING\u00ae sienas tur\u0113t\u0101js 4 ier\u012bc\u0113m - BIOSWING","robots":{"index":"noindex","follow":"follow","max-snippet":"max-snippet:-1","max-image-preview":"max-image-preview:large","max-video-preview":"max-video-preview:-1"},"og_locale":"lv_LV","og_type":"article","og_title":"BIOSWING\u00ae sienas tur\u0113t\u0101js 4 ier\u012bc\u0113m - BIOSWING","og_description":"Sienas tur\u0113t\u0101js tiek izmantots l\u012bdz \u010detru BIOSWING Propriomed\u00ae un Improve\u00ae ier\u012b\u010du optim\u0101lai piek\u0101rtai uzglab\u0101\u0161anai. P\u0101rkl\u0101tais t\u0113rauda sienas tur\u0113t\u0101js ir pieejams vienas vai \u010detru ier\u012b\u010du versij\u0101.   \u010cetri tur\u0113t\u0101ji  Ar sudrabu p\u0101rkl\u0101ts t\u0113rauds  Iek\u013cauts mont\u0101\u017eas materi\u0101ls","og_url":"https:\/\/staging.bioswing.ee\/lv\/toode\/bioswing-propriomed-wall-mount-for-4\/","og_site_name":"BIOSWING","article_modified_time":"2024-11-28T12:55:18+00:00","og_image":[{"width":1500,"height":2000,"url":"https:\/\/bioswing.ee\/wp-content\/uploads\/2024\/11\/4er_wandhalter.jpg","type":"image\/jpeg"}],"twitter_card":"summary_large_image","schema":{"@context":"https:\/\/schema.org","@graph":[{"@type":"WebPage","@id":"https:\/\/staging.bioswing.ee\/lv\/toode\/bioswing-propriomed-wall-mount-for-4\/","url":"https:\/\/staging.bioswing.ee\/lv\/toode\/bioswing-propriomed-wall-mount-for-4\/","name":"BIOSWING\u00ae sienas tur\u0113t\u0101js 4 ier\u012bc\u0113m - BIOSWING","isPartOf":{"@id":"https:\/\/staging.bioswing.ee\/lv\/#website"},"primaryImageOfPage":{"@id":"https:\/\/staging.bioswing.ee\/lv\/toode\/bioswing-propriomed-wall-mount-for-4\/#primaryimage"},"image":{"@id":"https:\/\/staging.bioswing.ee\/lv\/toode\/bioswing-propriomed-wall-mount-for-4\/#primaryimage"},"thumbnailUrl":"https:\/\/staging.bioswing.ee\/wp-content\/uploads\/2024\/11\/4er_wandhalter.jpg","datePublished":"2024-11-21T08:46:12+00:00","dateModified":"2024-11-28T12:55:18+00:00","breadcrumb":{"@id":"https:\/\/staging.bioswing.ee\/lv\/toode\/bioswing-propriomed-wall-mount-for-4\/#breadcrumb"},"inLanguage":"lv-LV","potentialAction":[{"@type":"ReadAction","target":["https:\/\/staging.bioswing.ee\/lv\/toode\/bioswing-propriomed-wall-mount-for-4\/"]}]},{"@type":"ImageObject","inLanguage":"lv-LV","@id":"https:\/\/staging.bioswing.ee\/lv\/toode\/bioswing-propriomed-wall-mount-for-4\/#primaryimage","url":"https:\/\/staging.bioswing.ee\/wp-content\/uploads\/2024\/11\/4er_wandhalter.jpg","contentUrl":"https:\/\/staging.bioswing.ee\/wp-content\/uploads\/2024\/11\/4er_wandhalter.jpg","width":1500,"height":2000,"caption":"BIOSWING\u00ae Propriomed\u00ae Wall Mount for 4"},{"@type":"BreadcrumbList","@id":"https:\/\/staging.bioswing.ee\/lv\/toode\/bioswing-propriomed-wall-mount-for-4\/#breadcrumb","itemListElement":[{"@type":"ListItem","position":1,"name":"Home","item":"https:\/\/bioswing.ee\/lv\/"},{"@type":"ListItem","position":2,"name":"Shop","item":"https:\/\/bioswing.ee\/lv\/shop-2\/"},{"@type":"ListItem","position":3,"name":"BIOSWING\u00ae sienas tur\u0113t\u0101js 4 ier\u012bc\u0113m"}]},{"@type":"WebSite","@id":"https:\/\/staging.bioswing.ee\/lv\/#website","url":"https:\/\/staging.bioswing.ee\/lv\/","name":"BIOSWING","description":"Smart solutions for healthy sitting","publisher":{"@id":"https:\/\/staging.bioswing.ee\/lv\/#organization"},"potentialAction":[{"@type":"SearchAction","target":{"@type":"EntryPoint","urlTemplate":"https:\/\/staging.bioswing.ee\/lv\/?s={search_term_string}"},"query-input":{"@type":"PropertyValueSpecification","valueRequired":true,"valueName":"search_term_string"}}],"inLanguage":"lv-LV"},{"@type":"Organization","@id":"https:\/\/staging.bioswing.ee\/lv\/#organization","name":"BIOSWING","url":"https:\/\/staging.bioswing.ee\/lv\/","logo":{"@type":"ImageObject","inLanguage":"lv-LV","@id":"https:\/\/staging.bioswing.ee\/lv\/#\/schema\/logo\/image\/","url":"https:\/\/staging.bioswing.ee\/wp-content\/uploads\/2023\/04\/logo_web.png","contentUrl":"https:\/\/staging.bioswing.ee\/wp-content\/uploads\/2023\/04\/logo_web.png","width":140,"height":122,"caption":"BIOSWING"},"image":{"@id":"https:\/\/staging.bioswing.ee\/lv\/#\/schema\/logo\/image\/"}}]}},"_links":{"self":[{"href":"https:\/\/staging.bioswing.ee\/lv\/wp-json\/wp\/v2\/product\/15548","targetHints":{"allow":["GET"]}}],"collection":[{"href":"https:\/\/staging.bioswing.ee\/lv\/wp-json\/wp\/v2\/product"}],"about":[{"href":"https:\/\/staging.bioswing.ee\/lv\/wp-json\/wp\/v2\/types\/product"}],"wp:featuredmedia":[{"embeddable":true,"href":"https:\/\/staging.bioswing.ee\/lv\/wp-json\/wp\/v2\/media\/14351"}],"wp:attachment":[{"href":"https:\/\/staging.bioswing.ee\/lv\/wp-json\/wp\/v2\/media?parent=15548"}],"wp:term":[{"taxonomy":"product_brand","embeddable":true,"href":"https:\/\/staging.bioswing.ee\/lv\/wp-json\/wp\/v2\/product_brand?post=15548"},{"taxonomy":"product_cat","embeddable":true,"href":"https:\/\/staging.bioswing.ee\/lv\/wp-json\/wp\/v2\/product_cat?post=15548"},{"taxonomy":"product_tag","embeddable":true,"href":"https:\/\/staging.bioswing.ee\/lv\/wp-json\/wp\/v2\/product_tag?post=15548"}],"curies":[{"name":"wp","href":"https:\/\/api.w.org\/{rel}","templated":true}]}}