{"id":15574,"date":"2024-11-21T08:35:17","date_gmt":"2024-11-21T08:35:17","guid":{"rendered":"https:\/\/staging.bioswing.ee\/toode\/bioswing-propriomed-rolling-stand\/"},"modified":"2024-11-28T12:32:03","modified_gmt":"2024-11-28T12:32:03","slug":"bioswing-propriomed-rolling-stand","status":"publish","type":"product","link":"https:\/\/staging.bioswing.ee\/lv\/toode\/bioswing-propriomed-rolling-stand\/","title":{"rendered":"BIOSWING\u00ae rullstends"},"content":{"rendered":"","protected":false},"excerpt":{"rendered":"<p>Trijk\u0101ji izmanto l\u012bdz 20 BIOSWING Propriomed<sup>\u00ae<\/sup> vai Improve<sup>\u00ae<\/sup> ier\u012b\u010du optim\u0101lai piek\u0101rtai uzglab\u0101\u0161anai. P\u0101rkl\u0101tais t\u0113rauda stat\u012bvs ir mobilais un to var nofiks\u0113t ar bajoneta fiksatoru un piekaramo atsl\u0113gu (nav iek\u013cauta pieg\u0101d\u0113), lai nodro\u0161in\u0101tu n\u016bjas dro\u0161\u012bbu.<\/p>\n<ul>\n<li>20 aizsl\u0113dzami tur\u0113t\u0101ji \/ P\u0113c izv\u0113les aizsl\u0113dzams (piekaram\u0101 atsl\u0113ga nav iek\u013cauta)<\/li>\n<li>Ar sudrabu p\u0101rkl\u0101ts t\u0113rauds ar sarkanu bajoneta fiksatoru<\/li>\n<li>Sudraba alum\u012bnija pamatne ar 65 mm rite\u0146iem<\/li>\n<li>Iek\u013cauts mont\u0101\u017eas materi\u0101ls<\/li>\n<\/ul>\n","protected":false},"featured_media":14333,"template":"","meta":[],"product_brand":[],"product_cat":[843],"product_tag":[],"class_list":{"0":"post-15574","1":"product","2":"type-product","3":"status-publish","4":"has-post-thumbnail","6":"product_cat-propriomed-lv","8":"first","9":"instock","10":"taxable","11":"shipping-taxable","12":"purchasable","13":"product-type-simple"},"yoast_head":"<!-- This site is optimized with the Yoast SEO plugin v27.1.1 - https:\/\/yoast.com\/product\/yoast-seo-wordpress\/ -->\n<title>BIOSWING\u00ae rullstends - BIOSWING<\/title>\n<meta name=\"robots\" content=\"noindex, follow, max-snippet:-1, max-image-preview:large, max-video-preview:-1\" \/>\n<meta property=\"og:locale\" content=\"lv_LV\" \/>\n<meta property=\"og:type\" content=\"article\" \/>\n<meta property=\"og:title\" content=\"BIOSWING\u00ae rullstends - BIOSWING\" \/>\n<meta property=\"og:description\" content=\"Trijk\u0101ji izmanto l\u012bdz 20 BIOSWING Propriomed\u00ae vai Improve\u00ae ier\u012b\u010du optim\u0101lai piek\u0101rtai uzglab\u0101\u0161anai. P\u0101rkl\u0101tais t\u0113rauda stat\u012bvs ir mobilais un to var nofiks\u0113t ar bajoneta fiksatoru un piekaramo atsl\u0113gu (nav iek\u013cauta pieg\u0101d\u0113), lai nodro\u0161in\u0101tu n\u016bjas dro\u0161\u012bbu.  20 aizsl\u0113dzami tur\u0113t\u0101ji \/ P\u0113c izv\u0113les aizsl\u0113dzams (piekaram\u0101 atsl\u0113ga nav iek\u013cauta)  Ar sudrabu p\u0101rkl\u0101ts t\u0113rauds ar sarkanu bajoneta fiksatoru  Sudraba alum\u012bnija pamatne ar 65 mm rite\u0146iem  Iek\u013cauts mont\u0101\u017eas materi\u0101ls\" \/>\n<meta property=\"og:url\" content=\"https:\/\/staging.bioswing.ee\/lv\/toode\/bioswing-propriomed-rolling-stand\/\" \/>\n<meta property=\"og:site_name\" content=\"BIOSWING\" \/>\n<meta property=\"article:modified_time\" content=\"2024-11-28T12:32:03+00:00\" \/>\n<meta property=\"og:image\" content=\"https:\/\/bioswing.ee\/wp-content\/uploads\/2024\/11\/propriomed-stativ.jpg\" \/>\n\t<meta property=\"og:image:width\" content=\"1500\" \/>\n\t<meta property=\"og:image:height\" content=\"2000\" \/>\n\t<meta property=\"og:image:type\" content=\"image\/jpeg\" \/>\n<meta name=\"twitter:card\" content=\"summary_large_image\" \/>\n<script type=\"application\/ld+json\" class=\"yoast-schema-graph\">{\"@context\":\"https:\/\/schema.org\",\"@graph\":[{\"@type\":\"WebPage\",\"@id\":\"https:\/\/staging.bioswing.ee\/lv\/toode\/bioswing-propriomed-rolling-stand\/\",\"url\":\"https:\/\/staging.bioswing.ee\/lv\/toode\/bioswing-propriomed-rolling-stand\/\",\"name\":\"BIOSWING\u00ae rullstends - BIOSWING\",\"isPartOf\":{\"@id\":\"https:\/\/staging.bioswing.ee\/lv\/#website\"},\"primaryImageOfPage\":{\"@id\":\"https:\/\/staging.bioswing.ee\/lv\/toode\/bioswing-propriomed-rolling-stand\/#primaryimage\"},\"image\":{\"@id\":\"https:\/\/staging.bioswing.ee\/lv\/toode\/bioswing-propriomed-rolling-stand\/#primaryimage\"},\"thumbnailUrl\":\"https:\/\/staging.bioswing.ee\/wp-content\/uploads\/2024\/11\/propriomed-stativ.jpg\",\"datePublished\":\"2024-11-21T08:35:17+00:00\",\"dateModified\":\"2024-11-28T12:32:03+00:00\",\"breadcrumb\":{\"@id\":\"https:\/\/staging.bioswing.ee\/lv\/toode\/bioswing-propriomed-rolling-stand\/#breadcrumb\"},\"inLanguage\":\"lv-LV\",\"potentialAction\":[{\"@type\":\"ReadAction\",\"target\":[\"https:\/\/staging.bioswing.ee\/lv\/toode\/bioswing-propriomed-rolling-stand\/\"]}]},{\"@type\":\"ImageObject\",\"inLanguage\":\"lv-LV\",\"@id\":\"https:\/\/staging.bioswing.ee\/lv\/toode\/bioswing-propriomed-rolling-stand\/#primaryimage\",\"url\":\"https:\/\/staging.bioswing.ee\/wp-content\/uploads\/2024\/11\/propriomed-stativ.jpg\",\"contentUrl\":\"https:\/\/staging.bioswing.ee\/wp-content\/uploads\/2024\/11\/propriomed-stativ.jpg\",\"width\":1500,\"height\":2000,\"caption\":\"BIOSWING\u00ae Propriomed\u00ae Rolling Stand\"},{\"@type\":\"BreadcrumbList\",\"@id\":\"https:\/\/staging.bioswing.ee\/lv\/toode\/bioswing-propriomed-rolling-stand\/#breadcrumb\",\"itemListElement\":[{\"@type\":\"ListItem\",\"position\":1,\"name\":\"Home\",\"item\":\"https:\/\/bioswing.ee\/lv\/\"},{\"@type\":\"ListItem\",\"position\":2,\"name\":\"Shop\",\"item\":\"https:\/\/bioswing.ee\/lv\/shop-2\/\"},{\"@type\":\"ListItem\",\"position\":3,\"name\":\"BIOSWING\u00ae rullstends\"}]},{\"@type\":\"WebSite\",\"@id\":\"https:\/\/staging.bioswing.ee\/lv\/#website\",\"url\":\"https:\/\/staging.bioswing.ee\/lv\/\",\"name\":\"BIOSWING\",\"description\":\"Smart solutions for healthy sitting\",\"publisher\":{\"@id\":\"https:\/\/staging.bioswing.ee\/lv\/#organization\"},\"potentialAction\":[{\"@type\":\"SearchAction\",\"target\":{\"@type\":\"EntryPoint\",\"urlTemplate\":\"https:\/\/staging.bioswing.ee\/lv\/?s={search_term_string}\"},\"query-input\":{\"@type\":\"PropertyValueSpecification\",\"valueRequired\":true,\"valueName\":\"search_term_string\"}}],\"inLanguage\":\"lv-LV\"},{\"@type\":\"Organization\",\"@id\":\"https:\/\/staging.bioswing.ee\/lv\/#organization\",\"name\":\"BIOSWING\",\"url\":\"https:\/\/staging.bioswing.ee\/lv\/\",\"logo\":{\"@type\":\"ImageObject\",\"inLanguage\":\"lv-LV\",\"@id\":\"https:\/\/staging.bioswing.ee\/lv\/#\/schema\/logo\/image\/\",\"url\":\"https:\/\/staging.bioswing.ee\/wp-content\/uploads\/2023\/04\/logo_web.png\",\"contentUrl\":\"https:\/\/staging.bioswing.ee\/wp-content\/uploads\/2023\/04\/logo_web.png\",\"width\":140,\"height\":122,\"caption\":\"BIOSWING\"},\"image\":{\"@id\":\"https:\/\/staging.bioswing.ee\/lv\/#\/schema\/logo\/image\/\"}}]}<\/script>\n<!-- \/ Yoast SEO plugin. -->","yoast_head_json":{"title":"BIOSWING\u00ae rullstends - BIOSWING","robots":{"index":"noindex","follow":"follow","max-snippet":"max-snippet:-1","max-image-preview":"max-image-preview:large","max-video-preview":"max-video-preview:-1"},"og_locale":"lv_LV","og_type":"article","og_title":"BIOSWING\u00ae rullstends - BIOSWING","og_description":"Trijk\u0101ji izmanto l\u012bdz 20 BIOSWING Propriomed\u00ae vai Improve\u00ae ier\u012b\u010du optim\u0101lai piek\u0101rtai uzglab\u0101\u0161anai. P\u0101rkl\u0101tais t\u0113rauda stat\u012bvs ir mobilais un to var nofiks\u0113t ar bajoneta fiksatoru un piekaramo atsl\u0113gu (nav iek\u013cauta pieg\u0101d\u0113), lai nodro\u0161in\u0101tu n\u016bjas dro\u0161\u012bbu.  20 aizsl\u0113dzami tur\u0113t\u0101ji \/ P\u0113c izv\u0113les aizsl\u0113dzams (piekaram\u0101 atsl\u0113ga nav iek\u013cauta)  Ar sudrabu p\u0101rkl\u0101ts t\u0113rauds ar sarkanu bajoneta fiksatoru  Sudraba alum\u012bnija pamatne ar 65 mm rite\u0146iem  Iek\u013cauts mont\u0101\u017eas materi\u0101ls","og_url":"https:\/\/staging.bioswing.ee\/lv\/toode\/bioswing-propriomed-rolling-stand\/","og_site_name":"BIOSWING","article_modified_time":"2024-11-28T12:32:03+00:00","og_image":[{"width":1500,"height":2000,"url":"https:\/\/bioswing.ee\/wp-content\/uploads\/2024\/11\/propriomed-stativ.jpg","type":"image\/jpeg"}],"twitter_card":"summary_large_image","schema":{"@context":"https:\/\/schema.org","@graph":[{"@type":"WebPage","@id":"https:\/\/staging.bioswing.ee\/lv\/toode\/bioswing-propriomed-rolling-stand\/","url":"https:\/\/staging.bioswing.ee\/lv\/toode\/bioswing-propriomed-rolling-stand\/","name":"BIOSWING\u00ae rullstends - BIOSWING","isPartOf":{"@id":"https:\/\/staging.bioswing.ee\/lv\/#website"},"primaryImageOfPage":{"@id":"https:\/\/staging.bioswing.ee\/lv\/toode\/bioswing-propriomed-rolling-stand\/#primaryimage"},"image":{"@id":"https:\/\/staging.bioswing.ee\/lv\/toode\/bioswing-propriomed-rolling-stand\/#primaryimage"},"thumbnailUrl":"https:\/\/staging.bioswing.ee\/wp-content\/uploads\/2024\/11\/propriomed-stativ.jpg","datePublished":"2024-11-21T08:35:17+00:00","dateModified":"2024-11-28T12:32:03+00:00","breadcrumb":{"@id":"https:\/\/staging.bioswing.ee\/lv\/toode\/bioswing-propriomed-rolling-stand\/#breadcrumb"},"inLanguage":"lv-LV","potentialAction":[{"@type":"ReadAction","target":["https:\/\/staging.bioswing.ee\/lv\/toode\/bioswing-propriomed-rolling-stand\/"]}]},{"@type":"ImageObject","inLanguage":"lv-LV","@id":"https:\/\/staging.bioswing.ee\/lv\/toode\/bioswing-propriomed-rolling-stand\/#primaryimage","url":"https:\/\/staging.bioswing.ee\/wp-content\/uploads\/2024\/11\/propriomed-stativ.jpg","contentUrl":"https:\/\/staging.bioswing.ee\/wp-content\/uploads\/2024\/11\/propriomed-stativ.jpg","width":1500,"height":2000,"caption":"BIOSWING\u00ae Propriomed\u00ae Rolling Stand"},{"@type":"BreadcrumbList","@id":"https:\/\/staging.bioswing.ee\/lv\/toode\/bioswing-propriomed-rolling-stand\/#breadcrumb","itemListElement":[{"@type":"ListItem","position":1,"name":"Home","item":"https:\/\/bioswing.ee\/lv\/"},{"@type":"ListItem","position":2,"name":"Shop","item":"https:\/\/bioswing.ee\/lv\/shop-2\/"},{"@type":"ListItem","position":3,"name":"BIOSWING\u00ae rullstends"}]},{"@type":"WebSite","@id":"https:\/\/staging.bioswing.ee\/lv\/#website","url":"https:\/\/staging.bioswing.ee\/lv\/","name":"BIOSWING","description":"Smart solutions for healthy sitting","publisher":{"@id":"https:\/\/staging.bioswing.ee\/lv\/#organization"},"potentialAction":[{"@type":"SearchAction","target":{"@type":"EntryPoint","urlTemplate":"https:\/\/staging.bioswing.ee\/lv\/?s={search_term_string}"},"query-input":{"@type":"PropertyValueSpecification","valueRequired":true,"valueName":"search_term_string"}}],"inLanguage":"lv-LV"},{"@type":"Organization","@id":"https:\/\/staging.bioswing.ee\/lv\/#organization","name":"BIOSWING","url":"https:\/\/staging.bioswing.ee\/lv\/","logo":{"@type":"ImageObject","inLanguage":"lv-LV","@id":"https:\/\/staging.bioswing.ee\/lv\/#\/schema\/logo\/image\/","url":"https:\/\/staging.bioswing.ee\/wp-content\/uploads\/2023\/04\/logo_web.png","contentUrl":"https:\/\/staging.bioswing.ee\/wp-content\/uploads\/2023\/04\/logo_web.png","width":140,"height":122,"caption":"BIOSWING"},"image":{"@id":"https:\/\/staging.bioswing.ee\/lv\/#\/schema\/logo\/image\/"}}]}},"_links":{"self":[{"href":"https:\/\/staging.bioswing.ee\/lv\/wp-json\/wp\/v2\/product\/15574","targetHints":{"allow":["GET"]}}],"collection":[{"href":"https:\/\/staging.bioswing.ee\/lv\/wp-json\/wp\/v2\/product"}],"about":[{"href":"https:\/\/staging.bioswing.ee\/lv\/wp-json\/wp\/v2\/types\/product"}],"wp:featuredmedia":[{"embeddable":true,"href":"https:\/\/staging.bioswing.ee\/lv\/wp-json\/wp\/v2\/media\/14333"}],"wp:attachment":[{"href":"https:\/\/staging.bioswing.ee\/lv\/wp-json\/wp\/v2\/media?parent=15574"}],"wp:term":[{"taxonomy":"product_brand","embeddable":true,"href":"https:\/\/staging.bioswing.ee\/lv\/wp-json\/wp\/v2\/product_brand?post=15574"},{"taxonomy":"product_cat","embeddable":true,"href":"https:\/\/staging.bioswing.ee\/lv\/wp-json\/wp\/v2\/product_cat?post=15574"},{"taxonomy":"product_tag","embeddable":true,"href":"https:\/\/staging.bioswing.ee\/lv\/wp-json\/wp\/v2\/product_tag?post=15574"}],"curies":[{"name":"wp","href":"https:\/\/api.w.org\/{rel}","templated":true}]}}