{"id":15587,"date":"2024-11-21T08:27:53","date_gmt":"2024-11-21T08:27:53","guid":{"rendered":"https:\/\/staging.bioswing.ee\/toode\/bioswing-propriomed-100\/"},"modified":"2024-11-28T12:17:32","modified_gmt":"2024-11-28T12:17:32","slug":"bioswing-propriomed-100","status":"publish","type":"product","link":"https:\/\/staging.bioswing.ee\/lv\/toode\/bioswing-propriomed-100\/","title":{"rendered":"BIOSWING\u00ae Propriomed\u00ae 100"},"content":{"rendered":"","protected":false},"excerpt":{"rendered":"<p><strong>BIOSWING Propriomed<sup>\u00ae<\/sup> 100<\/strong> (pel\u0113ks) ir 100 cm gar\u0161 \u012bpa\u0161ais \u0161\u016bpo\u0161anas stienis, kas paredz\u0113ts plaukstas, elko\u0146a, pleca, kakla mugurkaula un b\u0113rnu rehabilit\u0101cijai. Viegl\u0101 stienis ir izstr\u0101d\u0101ts zemu sv\u0101rst\u012bbu amplit\u016bdu nodro\u0161in\u0101\u0161anai ar frekvences spektru no 4,8 l\u012bdz 6,0 Hz. Tam ir frekvences regulators katr\u0101 pus\u0113 un tr\u012bs sav\u012bti atsperu vadi sv\u0101rst\u012bbu amortiz\u0113\u0161anai, kas ir saudz\u012bgas loc\u012btav\u0101m. <\/p>\n<ul>\n<li>Rokturis: Melns alum\u012bnijs<\/li>\n<li>\u0160\u016bpo\u0161anas vadi: Sudrabs, vair\u0101kk\u0101rt rafin\u0113ts atsperu t\u0113rauds<\/li>\n<li>\u0160\u016bpo\u0161anas vadu garums: 100 cm<\/li>\n<li>Gala v\u0101ci\u0146i\/Frekvences regulators: Melns PU<\/li>\n<li>Pieg\u0101d\u0101ts skr\u016bv\u0113jamos aizsargv\u0101ka caurul\u0113 ar instrukciju<\/li>\n<\/ul>\n","protected":false},"featured_media":14322,"template":"","meta":[],"product_brand":[],"product_cat":[843],"product_tag":[],"class_list":{"0":"post-15587","1":"product","2":"type-product","3":"status-publish","4":"has-post-thumbnail","6":"product_cat-propriomed-lv","8":"first","9":"instock","10":"taxable","11":"shipping-taxable","12":"purchasable","13":"product-type-simple"},"yoast_head":"<!-- This site is optimized with the Yoast SEO plugin v27.1.1 - https:\/\/yoast.com\/product\/yoast-seo-wordpress\/ -->\n<title>BIOSWING\u00ae Propriomed\u00ae 100 - BIOSWING<\/title>\n<meta name=\"robots\" content=\"noindex, follow, max-snippet:-1, max-image-preview:large, max-video-preview:-1\" \/>\n<meta property=\"og:locale\" content=\"lv_LV\" \/>\n<meta property=\"og:type\" content=\"article\" \/>\n<meta property=\"og:title\" content=\"BIOSWING\u00ae Propriomed\u00ae 100 - BIOSWING\" \/>\n<meta property=\"og:description\" content=\"BIOSWING Propriomed\u00ae 100 (pel\u0113ks) ir 100 cm gar\u0161 \u012bpa\u0161ais \u0161\u016bpo\u0161anas stienis, kas paredz\u0113ts plaukstas, elko\u0146a, pleca, kakla mugurkaula un b\u0113rnu rehabilit\u0101cijai. Viegl\u0101 stienis ir izstr\u0101d\u0101ts zemu sv\u0101rst\u012bbu amplit\u016bdu nodro\u0161in\u0101\u0161anai ar frekvences spektru no 4,8 l\u012bdz 6,0 Hz. Tam ir frekvences regulators katr\u0101 pus\u0113 un tr\u012bs sav\u012bti atsperu vadi sv\u0101rst\u012bbu amortiz\u0113\u0161anai, kas ir saudz\u012bgas loc\u012btav\u0101m.   Rokturis: Melns alum\u012bnijs  \u0160\u016bpo\u0161anas vadi: Sudrabs, vair\u0101kk\u0101rt rafin\u0113ts atsperu t\u0113rauds  \u0160\u016bpo\u0161anas vadu garums: 100 cm  Gala v\u0101ci\u0146i\/Frekvences regulators: Melns PU  Pieg\u0101d\u0101ts skr\u016bv\u0113jamos aizsargv\u0101ka caurul\u0113 ar instrukciju\" \/>\n<meta property=\"og:url\" content=\"https:\/\/staging.bioswing.ee\/lv\/toode\/bioswing-propriomed-100\/\" \/>\n<meta property=\"og:site_name\" content=\"BIOSWING\" \/>\n<meta property=\"article:modified_time\" content=\"2024-11-28T12:17:32+00:00\" \/>\n<meta property=\"og:image\" content=\"https:\/\/bioswing.ee\/wp-content\/uploads\/2024\/11\/propriomed100.jpg\" \/>\n\t<meta property=\"og:image:width\" content=\"1500\" \/>\n\t<meta property=\"og:image:height\" content=\"2000\" \/>\n\t<meta property=\"og:image:type\" content=\"image\/jpeg\" \/>\n<meta name=\"twitter:card\" content=\"summary_large_image\" \/>\n<script type=\"application\/ld+json\" class=\"yoast-schema-graph\">{\"@context\":\"https:\/\/schema.org\",\"@graph\":[{\"@type\":\"WebPage\",\"@id\":\"https:\/\/staging.bioswing.ee\/lv\/toode\/bioswing-propriomed-100\/\",\"url\":\"https:\/\/staging.bioswing.ee\/lv\/toode\/bioswing-propriomed-100\/\",\"name\":\"BIOSWING\u00ae Propriomed\u00ae 100 - BIOSWING\",\"isPartOf\":{\"@id\":\"https:\/\/staging.bioswing.ee\/lv\/#website\"},\"primaryImageOfPage\":{\"@id\":\"https:\/\/staging.bioswing.ee\/lv\/toode\/bioswing-propriomed-100\/#primaryimage\"},\"image\":{\"@id\":\"https:\/\/staging.bioswing.ee\/lv\/toode\/bioswing-propriomed-100\/#primaryimage\"},\"thumbnailUrl\":\"https:\/\/staging.bioswing.ee\/wp-content\/uploads\/2024\/11\/propriomed100.jpg\",\"datePublished\":\"2024-11-21T08:27:53+00:00\",\"dateModified\":\"2024-11-28T12:17:32+00:00\",\"breadcrumb\":{\"@id\":\"https:\/\/staging.bioswing.ee\/lv\/toode\/bioswing-propriomed-100\/#breadcrumb\"},\"inLanguage\":\"lv-LV\",\"potentialAction\":[{\"@type\":\"ReadAction\",\"target\":[\"https:\/\/staging.bioswing.ee\/lv\/toode\/bioswing-propriomed-100\/\"]}]},{\"@type\":\"ImageObject\",\"inLanguage\":\"lv-LV\",\"@id\":\"https:\/\/staging.bioswing.ee\/lv\/toode\/bioswing-propriomed-100\/#primaryimage\",\"url\":\"https:\/\/staging.bioswing.ee\/wp-content\/uploads\/2024\/11\/propriomed100.jpg\",\"contentUrl\":\"https:\/\/staging.bioswing.ee\/wp-content\/uploads\/2024\/11\/propriomed100.jpg\",\"width\":1500,\"height\":2000,\"caption\":\"BIOSWING\u00ae Propriomed\u00ae 100\"},{\"@type\":\"BreadcrumbList\",\"@id\":\"https:\/\/staging.bioswing.ee\/lv\/toode\/bioswing-propriomed-100\/#breadcrumb\",\"itemListElement\":[{\"@type\":\"ListItem\",\"position\":1,\"name\":\"Home\",\"item\":\"https:\/\/bioswing.ee\/lv\/\"},{\"@type\":\"ListItem\",\"position\":2,\"name\":\"Shop\",\"item\":\"https:\/\/bioswing.ee\/lv\/shop-2\/\"},{\"@type\":\"ListItem\",\"position\":3,\"name\":\"BIOSWING\u00ae Propriomed\u00ae 100\"}]},{\"@type\":\"WebSite\",\"@id\":\"https:\/\/staging.bioswing.ee\/lv\/#website\",\"url\":\"https:\/\/staging.bioswing.ee\/lv\/\",\"name\":\"BIOSWING\",\"description\":\"Smart solutions for healthy sitting\",\"publisher\":{\"@id\":\"https:\/\/staging.bioswing.ee\/lv\/#organization\"},\"potentialAction\":[{\"@type\":\"SearchAction\",\"target\":{\"@type\":\"EntryPoint\",\"urlTemplate\":\"https:\/\/staging.bioswing.ee\/lv\/?s={search_term_string}\"},\"query-input\":{\"@type\":\"PropertyValueSpecification\",\"valueRequired\":true,\"valueName\":\"search_term_string\"}}],\"inLanguage\":\"lv-LV\"},{\"@type\":\"Organization\",\"@id\":\"https:\/\/staging.bioswing.ee\/lv\/#organization\",\"name\":\"BIOSWING\",\"url\":\"https:\/\/staging.bioswing.ee\/lv\/\",\"logo\":{\"@type\":\"ImageObject\",\"inLanguage\":\"lv-LV\",\"@id\":\"https:\/\/staging.bioswing.ee\/lv\/#\/schema\/logo\/image\/\",\"url\":\"https:\/\/staging.bioswing.ee\/wp-content\/uploads\/2023\/04\/logo_web.png\",\"contentUrl\":\"https:\/\/staging.bioswing.ee\/wp-content\/uploads\/2023\/04\/logo_web.png\",\"width\":140,\"height\":122,\"caption\":\"BIOSWING\"},\"image\":{\"@id\":\"https:\/\/staging.bioswing.ee\/lv\/#\/schema\/logo\/image\/\"}}]}<\/script>\n<!-- \/ Yoast SEO plugin. -->","yoast_head_json":{"title":"BIOSWING\u00ae Propriomed\u00ae 100 - BIOSWING","robots":{"index":"noindex","follow":"follow","max-snippet":"max-snippet:-1","max-image-preview":"max-image-preview:large","max-video-preview":"max-video-preview:-1"},"og_locale":"lv_LV","og_type":"article","og_title":"BIOSWING\u00ae Propriomed\u00ae 100 - BIOSWING","og_description":"BIOSWING Propriomed\u00ae 100 (pel\u0113ks) ir 100 cm gar\u0161 \u012bpa\u0161ais \u0161\u016bpo\u0161anas stienis, kas paredz\u0113ts plaukstas, elko\u0146a, pleca, kakla mugurkaula un b\u0113rnu rehabilit\u0101cijai. Viegl\u0101 stienis ir izstr\u0101d\u0101ts zemu sv\u0101rst\u012bbu amplit\u016bdu nodro\u0161in\u0101\u0161anai ar frekvences spektru no 4,8 l\u012bdz 6,0 Hz. Tam ir frekvences regulators katr\u0101 pus\u0113 un tr\u012bs sav\u012bti atsperu vadi sv\u0101rst\u012bbu amortiz\u0113\u0161anai, kas ir saudz\u012bgas loc\u012btav\u0101m.   Rokturis: Melns alum\u012bnijs  \u0160\u016bpo\u0161anas vadi: Sudrabs, vair\u0101kk\u0101rt rafin\u0113ts atsperu t\u0113rauds  \u0160\u016bpo\u0161anas vadu garums: 100 cm  Gala v\u0101ci\u0146i\/Frekvences regulators: Melns PU  Pieg\u0101d\u0101ts skr\u016bv\u0113jamos aizsargv\u0101ka caurul\u0113 ar instrukciju","og_url":"https:\/\/staging.bioswing.ee\/lv\/toode\/bioswing-propriomed-100\/","og_site_name":"BIOSWING","article_modified_time":"2024-11-28T12:17:32+00:00","og_image":[{"width":1500,"height":2000,"url":"https:\/\/bioswing.ee\/wp-content\/uploads\/2024\/11\/propriomed100.jpg","type":"image\/jpeg"}],"twitter_card":"summary_large_image","schema":{"@context":"https:\/\/schema.org","@graph":[{"@type":"WebPage","@id":"https:\/\/staging.bioswing.ee\/lv\/toode\/bioswing-propriomed-100\/","url":"https:\/\/staging.bioswing.ee\/lv\/toode\/bioswing-propriomed-100\/","name":"BIOSWING\u00ae Propriomed\u00ae 100 - BIOSWING","isPartOf":{"@id":"https:\/\/staging.bioswing.ee\/lv\/#website"},"primaryImageOfPage":{"@id":"https:\/\/staging.bioswing.ee\/lv\/toode\/bioswing-propriomed-100\/#primaryimage"},"image":{"@id":"https:\/\/staging.bioswing.ee\/lv\/toode\/bioswing-propriomed-100\/#primaryimage"},"thumbnailUrl":"https:\/\/staging.bioswing.ee\/wp-content\/uploads\/2024\/11\/propriomed100.jpg","datePublished":"2024-11-21T08:27:53+00:00","dateModified":"2024-11-28T12:17:32+00:00","breadcrumb":{"@id":"https:\/\/staging.bioswing.ee\/lv\/toode\/bioswing-propriomed-100\/#breadcrumb"},"inLanguage":"lv-LV","potentialAction":[{"@type":"ReadAction","target":["https:\/\/staging.bioswing.ee\/lv\/toode\/bioswing-propriomed-100\/"]}]},{"@type":"ImageObject","inLanguage":"lv-LV","@id":"https:\/\/staging.bioswing.ee\/lv\/toode\/bioswing-propriomed-100\/#primaryimage","url":"https:\/\/staging.bioswing.ee\/wp-content\/uploads\/2024\/11\/propriomed100.jpg","contentUrl":"https:\/\/staging.bioswing.ee\/wp-content\/uploads\/2024\/11\/propriomed100.jpg","width":1500,"height":2000,"caption":"BIOSWING\u00ae Propriomed\u00ae 100"},{"@type":"BreadcrumbList","@id":"https:\/\/staging.bioswing.ee\/lv\/toode\/bioswing-propriomed-100\/#breadcrumb","itemListElement":[{"@type":"ListItem","position":1,"name":"Home","item":"https:\/\/bioswing.ee\/lv\/"},{"@type":"ListItem","position":2,"name":"Shop","item":"https:\/\/bioswing.ee\/lv\/shop-2\/"},{"@type":"ListItem","position":3,"name":"BIOSWING\u00ae Propriomed\u00ae 100"}]},{"@type":"WebSite","@id":"https:\/\/staging.bioswing.ee\/lv\/#website","url":"https:\/\/staging.bioswing.ee\/lv\/","name":"BIOSWING","description":"Smart solutions for healthy sitting","publisher":{"@id":"https:\/\/staging.bioswing.ee\/lv\/#organization"},"potentialAction":[{"@type":"SearchAction","target":{"@type":"EntryPoint","urlTemplate":"https:\/\/staging.bioswing.ee\/lv\/?s={search_term_string}"},"query-input":{"@type":"PropertyValueSpecification","valueRequired":true,"valueName":"search_term_string"}}],"inLanguage":"lv-LV"},{"@type":"Organization","@id":"https:\/\/staging.bioswing.ee\/lv\/#organization","name":"BIOSWING","url":"https:\/\/staging.bioswing.ee\/lv\/","logo":{"@type":"ImageObject","inLanguage":"lv-LV","@id":"https:\/\/staging.bioswing.ee\/lv\/#\/schema\/logo\/image\/","url":"https:\/\/staging.bioswing.ee\/wp-content\/uploads\/2023\/04\/logo_web.png","contentUrl":"https:\/\/staging.bioswing.ee\/wp-content\/uploads\/2023\/04\/logo_web.png","width":140,"height":122,"caption":"BIOSWING"},"image":{"@id":"https:\/\/staging.bioswing.ee\/lv\/#\/schema\/logo\/image\/"}}]}},"_links":{"self":[{"href":"https:\/\/staging.bioswing.ee\/lv\/wp-json\/wp\/v2\/product\/15587","targetHints":{"allow":["GET"]}}],"collection":[{"href":"https:\/\/staging.bioswing.ee\/lv\/wp-json\/wp\/v2\/product"}],"about":[{"href":"https:\/\/staging.bioswing.ee\/lv\/wp-json\/wp\/v2\/types\/product"}],"wp:featuredmedia":[{"embeddable":true,"href":"https:\/\/staging.bioswing.ee\/lv\/wp-json\/wp\/v2\/media\/14322"}],"wp:attachment":[{"href":"https:\/\/staging.bioswing.ee\/lv\/wp-json\/wp\/v2\/media?parent=15587"}],"wp:term":[{"taxonomy":"product_brand","embeddable":true,"href":"https:\/\/staging.bioswing.ee\/lv\/wp-json\/wp\/v2\/product_brand?post=15587"},{"taxonomy":"product_cat","embeddable":true,"href":"https:\/\/staging.bioswing.ee\/lv\/wp-json\/wp\/v2\/product_cat?post=15587"},{"taxonomy":"product_tag","embeddable":true,"href":"https:\/\/staging.bioswing.ee\/lv\/wp-json\/wp\/v2\/product_tag?post=15587"}],"curies":[{"name":"wp","href":"https:\/\/api.w.org\/{rel}","templated":true}]}}