{"id":15600,"date":"2024-11-21T08:25:35","date_gmt":"2024-11-21T08:25:35","guid":{"rendered":"https:\/\/staging.bioswing.ee\/toode\/bioswing-propriomed-2\/"},"modified":"2024-11-28T12:02:30","modified_gmt":"2024-11-28T12:02:30","slug":"bioswing-propriomed-2","status":"publish","type":"product","link":"https:\/\/staging.bioswing.ee\/lv\/toode\/bioswing-propriomed-2\/","title":{"rendered":"BIOSWING\u00ae Propriomed\u00ae 2"},"content":{"rendered":"","protected":false},"excerpt":{"rendered":"<p><strong>BIOSWING Propriomed<sup>\u00ae <\/sup>2 <\/strong>(sarkans) ir 165 cm gar\u0161 un tam ir divi nep\u0101rtraukti regul\u0113jami frekvences regulatoru katr\u0101 pus\u0113. Terapeitiski sare\u017e\u0123\u012btais \u0161\u016bpo\u0161anas stienis aptver frekvences, kas ir b\u016btiskas pacientiem ar labu motorisko koordin\u0101ciju, ar frekven\u010du spektru no 4,0 l\u012bdz 5,2 Hz.<\/p>\n<ul>\n<li>Rokturi\/Amortiz\u0101cijas elementi: Melns\/Pel\u0113ks Desmopan\u00ae<\/li>\n<li>\u0160\u016bpo\u0161anas stieple: Sudrabs, vair\u0101kk\u0101rt rafin\u0113ts atsperu t\u0113rauds<\/li>\n<li>\u0160\u016bpo\u0161anas stieples garums: 165 cm<\/li>\n<li>Gala v\u0101ci\u0146i\/Frekvences regulators: Melns PU<\/li>\n<li>Pieg\u0101d\u0101ts skr\u016bv\u0113jamos aizsargv\u0101ka caurul\u0113 ar instrukciju<\/li>\n<\/ul>\n","protected":false},"featured_media":14313,"template":"","meta":[],"product_brand":[],"product_cat":[843],"product_tag":[],"class_list":{"0":"post-15600","1":"product","2":"type-product","3":"status-publish","4":"has-post-thumbnail","6":"product_cat-propriomed-lv","8":"first","9":"instock","10":"taxable","11":"shipping-taxable","12":"purchasable","13":"product-type-simple"},"yoast_head":"<!-- This site is optimized with the Yoast SEO plugin v27.1.1 - https:\/\/yoast.com\/product\/yoast-seo-wordpress\/ -->\n<title>BIOSWING\u00ae Propriomed\u00ae 2 - BIOSWING<\/title>\n<meta name=\"robots\" content=\"noindex, follow, max-snippet:-1, max-image-preview:large, max-video-preview:-1\" \/>\n<meta property=\"og:locale\" content=\"lv_LV\" \/>\n<meta property=\"og:type\" content=\"article\" \/>\n<meta property=\"og:title\" content=\"BIOSWING\u00ae Propriomed\u00ae 2 - BIOSWING\" \/>\n<meta property=\"og:description\" content=\"BIOSWING Propriomed\u00ae 2 (sarkans) ir 165 cm gar\u0161 un tam ir divi nep\u0101rtraukti regul\u0113jami frekvences regulatoru katr\u0101 pus\u0113. Terapeitiski sare\u017e\u0123\u012btais \u0161\u016bpo\u0161anas stienis aptver frekvences, kas ir b\u016btiskas pacientiem ar labu motorisko koordin\u0101ciju, ar frekven\u010du spektru no 4,0 l\u012bdz 5,2 Hz.  Rokturi\/Amortiz\u0101cijas elementi: Melns\/Pel\u0113ks Desmopan\u00ae  \u0160\u016bpo\u0161anas stieple: Sudrabs, vair\u0101kk\u0101rt rafin\u0113ts atsperu t\u0113rauds  \u0160\u016bpo\u0161anas stieples garums: 165 cm  Gala v\u0101ci\u0146i\/Frekvences regulators: Melns PU  Pieg\u0101d\u0101ts skr\u016bv\u0113jamos aizsargv\u0101ka caurul\u0113 ar instrukciju\" \/>\n<meta property=\"og:url\" content=\"https:\/\/staging.bioswing.ee\/lv\/toode\/bioswing-propriomed-2\/\" \/>\n<meta property=\"og:site_name\" content=\"BIOSWING\" \/>\n<meta property=\"article:modified_time\" content=\"2024-11-28T12:02:30+00:00\" \/>\n<meta property=\"og:image\" content=\"https:\/\/bioswing.ee\/wp-content\/uploads\/2024\/11\/propriomed2.jpg\" \/>\n\t<meta property=\"og:image:width\" content=\"1500\" \/>\n\t<meta property=\"og:image:height\" content=\"2000\" \/>\n\t<meta property=\"og:image:type\" content=\"image\/jpeg\" \/>\n<meta name=\"twitter:card\" content=\"summary_large_image\" \/>\n<script type=\"application\/ld+json\" class=\"yoast-schema-graph\">{\"@context\":\"https:\/\/schema.org\",\"@graph\":[{\"@type\":\"WebPage\",\"@id\":\"https:\/\/staging.bioswing.ee\/lv\/toode\/bioswing-propriomed-2\/\",\"url\":\"https:\/\/staging.bioswing.ee\/lv\/toode\/bioswing-propriomed-2\/\",\"name\":\"BIOSWING\u00ae Propriomed\u00ae 2 - BIOSWING\",\"isPartOf\":{\"@id\":\"https:\/\/staging.bioswing.ee\/lv\/#website\"},\"primaryImageOfPage\":{\"@id\":\"https:\/\/staging.bioswing.ee\/lv\/toode\/bioswing-propriomed-2\/#primaryimage\"},\"image\":{\"@id\":\"https:\/\/staging.bioswing.ee\/lv\/toode\/bioswing-propriomed-2\/#primaryimage\"},\"thumbnailUrl\":\"https:\/\/staging.bioswing.ee\/wp-content\/uploads\/2024\/11\/propriomed2.jpg\",\"datePublished\":\"2024-11-21T08:25:35+00:00\",\"dateModified\":\"2024-11-28T12:02:30+00:00\",\"breadcrumb\":{\"@id\":\"https:\/\/staging.bioswing.ee\/lv\/toode\/bioswing-propriomed-2\/#breadcrumb\"},\"inLanguage\":\"lv-LV\",\"potentialAction\":[{\"@type\":\"ReadAction\",\"target\":[\"https:\/\/staging.bioswing.ee\/lv\/toode\/bioswing-propriomed-2\/\"]}]},{\"@type\":\"ImageObject\",\"inLanguage\":\"lv-LV\",\"@id\":\"https:\/\/staging.bioswing.ee\/lv\/toode\/bioswing-propriomed-2\/#primaryimage\",\"url\":\"https:\/\/staging.bioswing.ee\/wp-content\/uploads\/2024\/11\/propriomed2.jpg\",\"contentUrl\":\"https:\/\/staging.bioswing.ee\/wp-content\/uploads\/2024\/11\/propriomed2.jpg\",\"width\":1500,\"height\":2000,\"caption\":\"BIOSWING\u00ae Propriomed\u00ae 2\"},{\"@type\":\"BreadcrumbList\",\"@id\":\"https:\/\/staging.bioswing.ee\/lv\/toode\/bioswing-propriomed-2\/#breadcrumb\",\"itemListElement\":[{\"@type\":\"ListItem\",\"position\":1,\"name\":\"Home\",\"item\":\"https:\/\/bioswing.ee\/lv\/\"},{\"@type\":\"ListItem\",\"position\":2,\"name\":\"Shop\",\"item\":\"https:\/\/bioswing.ee\/lv\/shop-2\/\"},{\"@type\":\"ListItem\",\"position\":3,\"name\":\"BIOSWING\u00ae Propriomed\u00ae 2\"}]},{\"@type\":\"WebSite\",\"@id\":\"https:\/\/staging.bioswing.ee\/lv\/#website\",\"url\":\"https:\/\/staging.bioswing.ee\/lv\/\",\"name\":\"BIOSWING\",\"description\":\"Smart solutions for healthy sitting\",\"publisher\":{\"@id\":\"https:\/\/staging.bioswing.ee\/lv\/#organization\"},\"potentialAction\":[{\"@type\":\"SearchAction\",\"target\":{\"@type\":\"EntryPoint\",\"urlTemplate\":\"https:\/\/staging.bioswing.ee\/lv\/?s={search_term_string}\"},\"query-input\":{\"@type\":\"PropertyValueSpecification\",\"valueRequired\":true,\"valueName\":\"search_term_string\"}}],\"inLanguage\":\"lv-LV\"},{\"@type\":\"Organization\",\"@id\":\"https:\/\/staging.bioswing.ee\/lv\/#organization\",\"name\":\"BIOSWING\",\"url\":\"https:\/\/staging.bioswing.ee\/lv\/\",\"logo\":{\"@type\":\"ImageObject\",\"inLanguage\":\"lv-LV\",\"@id\":\"https:\/\/staging.bioswing.ee\/lv\/#\/schema\/logo\/image\/\",\"url\":\"https:\/\/staging.bioswing.ee\/wp-content\/uploads\/2023\/04\/logo_web.png\",\"contentUrl\":\"https:\/\/staging.bioswing.ee\/wp-content\/uploads\/2023\/04\/logo_web.png\",\"width\":140,\"height\":122,\"caption\":\"BIOSWING\"},\"image\":{\"@id\":\"https:\/\/staging.bioswing.ee\/lv\/#\/schema\/logo\/image\/\"}}]}<\/script>\n<!-- \/ Yoast SEO plugin. -->","yoast_head_json":{"title":"BIOSWING\u00ae Propriomed\u00ae 2 - BIOSWING","robots":{"index":"noindex","follow":"follow","max-snippet":"max-snippet:-1","max-image-preview":"max-image-preview:large","max-video-preview":"max-video-preview:-1"},"og_locale":"lv_LV","og_type":"article","og_title":"BIOSWING\u00ae Propriomed\u00ae 2 - BIOSWING","og_description":"BIOSWING Propriomed\u00ae 2 (sarkans) ir 165 cm gar\u0161 un tam ir divi nep\u0101rtraukti regul\u0113jami frekvences regulatoru katr\u0101 pus\u0113. Terapeitiski sare\u017e\u0123\u012btais \u0161\u016bpo\u0161anas stienis aptver frekvences, kas ir b\u016btiskas pacientiem ar labu motorisko koordin\u0101ciju, ar frekven\u010du spektru no 4,0 l\u012bdz 5,2 Hz.  Rokturi\/Amortiz\u0101cijas elementi: Melns\/Pel\u0113ks Desmopan\u00ae  \u0160\u016bpo\u0161anas stieple: Sudrabs, vair\u0101kk\u0101rt rafin\u0113ts atsperu t\u0113rauds  \u0160\u016bpo\u0161anas stieples garums: 165 cm  Gala v\u0101ci\u0146i\/Frekvences regulators: Melns PU  Pieg\u0101d\u0101ts skr\u016bv\u0113jamos aizsargv\u0101ka caurul\u0113 ar instrukciju","og_url":"https:\/\/staging.bioswing.ee\/lv\/toode\/bioswing-propriomed-2\/","og_site_name":"BIOSWING","article_modified_time":"2024-11-28T12:02:30+00:00","og_image":[{"width":1500,"height":2000,"url":"https:\/\/bioswing.ee\/wp-content\/uploads\/2024\/11\/propriomed2.jpg","type":"image\/jpeg"}],"twitter_card":"summary_large_image","schema":{"@context":"https:\/\/schema.org","@graph":[{"@type":"WebPage","@id":"https:\/\/staging.bioswing.ee\/lv\/toode\/bioswing-propriomed-2\/","url":"https:\/\/staging.bioswing.ee\/lv\/toode\/bioswing-propriomed-2\/","name":"BIOSWING\u00ae Propriomed\u00ae 2 - BIOSWING","isPartOf":{"@id":"https:\/\/staging.bioswing.ee\/lv\/#website"},"primaryImageOfPage":{"@id":"https:\/\/staging.bioswing.ee\/lv\/toode\/bioswing-propriomed-2\/#primaryimage"},"image":{"@id":"https:\/\/staging.bioswing.ee\/lv\/toode\/bioswing-propriomed-2\/#primaryimage"},"thumbnailUrl":"https:\/\/staging.bioswing.ee\/wp-content\/uploads\/2024\/11\/propriomed2.jpg","datePublished":"2024-11-21T08:25:35+00:00","dateModified":"2024-11-28T12:02:30+00:00","breadcrumb":{"@id":"https:\/\/staging.bioswing.ee\/lv\/toode\/bioswing-propriomed-2\/#breadcrumb"},"inLanguage":"lv-LV","potentialAction":[{"@type":"ReadAction","target":["https:\/\/staging.bioswing.ee\/lv\/toode\/bioswing-propriomed-2\/"]}]},{"@type":"ImageObject","inLanguage":"lv-LV","@id":"https:\/\/staging.bioswing.ee\/lv\/toode\/bioswing-propriomed-2\/#primaryimage","url":"https:\/\/staging.bioswing.ee\/wp-content\/uploads\/2024\/11\/propriomed2.jpg","contentUrl":"https:\/\/staging.bioswing.ee\/wp-content\/uploads\/2024\/11\/propriomed2.jpg","width":1500,"height":2000,"caption":"BIOSWING\u00ae Propriomed\u00ae 2"},{"@type":"BreadcrumbList","@id":"https:\/\/staging.bioswing.ee\/lv\/toode\/bioswing-propriomed-2\/#breadcrumb","itemListElement":[{"@type":"ListItem","position":1,"name":"Home","item":"https:\/\/bioswing.ee\/lv\/"},{"@type":"ListItem","position":2,"name":"Shop","item":"https:\/\/bioswing.ee\/lv\/shop-2\/"},{"@type":"ListItem","position":3,"name":"BIOSWING\u00ae Propriomed\u00ae 2"}]},{"@type":"WebSite","@id":"https:\/\/staging.bioswing.ee\/lv\/#website","url":"https:\/\/staging.bioswing.ee\/lv\/","name":"BIOSWING","description":"Smart solutions for healthy sitting","publisher":{"@id":"https:\/\/staging.bioswing.ee\/lv\/#organization"},"potentialAction":[{"@type":"SearchAction","target":{"@type":"EntryPoint","urlTemplate":"https:\/\/staging.bioswing.ee\/lv\/?s={search_term_string}"},"query-input":{"@type":"PropertyValueSpecification","valueRequired":true,"valueName":"search_term_string"}}],"inLanguage":"lv-LV"},{"@type":"Organization","@id":"https:\/\/staging.bioswing.ee\/lv\/#organization","name":"BIOSWING","url":"https:\/\/staging.bioswing.ee\/lv\/","logo":{"@type":"ImageObject","inLanguage":"lv-LV","@id":"https:\/\/staging.bioswing.ee\/lv\/#\/schema\/logo\/image\/","url":"https:\/\/staging.bioswing.ee\/wp-content\/uploads\/2023\/04\/logo_web.png","contentUrl":"https:\/\/staging.bioswing.ee\/wp-content\/uploads\/2023\/04\/logo_web.png","width":140,"height":122,"caption":"BIOSWING"},"image":{"@id":"https:\/\/staging.bioswing.ee\/lv\/#\/schema\/logo\/image\/"}}]}},"_links":{"self":[{"href":"https:\/\/staging.bioswing.ee\/lv\/wp-json\/wp\/v2\/product\/15600","targetHints":{"allow":["GET"]}}],"collection":[{"href":"https:\/\/staging.bioswing.ee\/lv\/wp-json\/wp\/v2\/product"}],"about":[{"href":"https:\/\/staging.bioswing.ee\/lv\/wp-json\/wp\/v2\/types\/product"}],"wp:featuredmedia":[{"embeddable":true,"href":"https:\/\/staging.bioswing.ee\/lv\/wp-json\/wp\/v2\/media\/14313"}],"wp:attachment":[{"href":"https:\/\/staging.bioswing.ee\/lv\/wp-json\/wp\/v2\/media?parent=15600"}],"wp:term":[{"taxonomy":"product_brand","embeddable":true,"href":"https:\/\/staging.bioswing.ee\/lv\/wp-json\/wp\/v2\/product_brand?post=15600"},{"taxonomy":"product_cat","embeddable":true,"href":"https:\/\/staging.bioswing.ee\/lv\/wp-json\/wp\/v2\/product_cat?post=15600"},{"taxonomy":"product_tag","embeddable":true,"href":"https:\/\/staging.bioswing.ee\/lv\/wp-json\/wp\/v2\/product_tag?post=15600"}],"curies":[{"name":"wp","href":"https:\/\/api.w.org\/{rel}","templated":true}]}}