{"id":15668,"date":"2024-11-18T13:22:42","date_gmt":"2024-11-18T13:22:42","guid":{"rendered":"https:\/\/staging.bioswing.ee\/toode\/bioswing-sitting-module\/"},"modified":"2024-11-28T10:19:46","modified_gmt":"2024-11-28T10:19:46","slug":"bioswing-sitting-module","status":"publish","type":"product","link":"https:\/\/staging.bioswing.ee\/lv\/toode\/bioswing-sitting-module\/","title":{"rendered":"BIOSWING\u00ae s\u0113d\u0113\u0161anas modulis"},"content":{"rendered":"","protected":false},"excerpt":{"rendered":"<p>Nodro\u0161ina stabiliz\u0101ciju s\u0113\u017eot, \u012bpa\u0161i pacientiem, kuri nesp\u0113j veikt atbilsto\u0161us vingrin\u0101jumus st\u0101vus. Nep\u0101rtraukti regul\u0113jams augstums. Augstuma regul\u0113\u0161ana no 38 l\u012bdz 51 cm (DIN slodze).<\/p>\n<p>Ier\u012bces savienojums: Posturomed 202 un compact<\/p>\n<p>S\u0113dek\u013ca spilvens \u00d8 38 cm, medic\u012bnisk\u0101 m\u0101ksl\u012bg\u0101 \u0101da gai\u0161i pel\u0113ka<\/p>\n","protected":false},"featured_media":14264,"template":"","meta":[],"product_brand":[],"product_cat":[853],"product_tag":[],"class_list":{"0":"post-15668","1":"product","2":"type-product","3":"status-publish","4":"has-post-thumbnail","6":"product_cat-posturomed-lv","8":"first","9":"instock","10":"taxable","11":"shipping-taxable","12":"purchasable","13":"product-type-simple"},"yoast_head":"<!-- This site is optimized with the Yoast SEO plugin v27.1.1 - https:\/\/yoast.com\/product\/yoast-seo-wordpress\/ -->\n<title>BIOSWING\u00ae s\u0113d\u0113\u0161anas modulis - BIOSWING<\/title>\n<meta name=\"robots\" content=\"noindex, follow, max-snippet:-1, max-image-preview:large, max-video-preview:-1\" \/>\n<meta property=\"og:locale\" content=\"lv_LV\" \/>\n<meta property=\"og:type\" content=\"article\" \/>\n<meta property=\"og:title\" content=\"BIOSWING\u00ae s\u0113d\u0113\u0161anas modulis - BIOSWING\" \/>\n<meta property=\"og:description\" content=\"Nodro\u0161ina stabiliz\u0101ciju s\u0113\u017eot, \u012bpa\u0161i pacientiem, kuri nesp\u0113j veikt atbilsto\u0161us vingrin\u0101jumus st\u0101vus. Nep\u0101rtraukti regul\u0113jams augstums. Augstuma regul\u0113\u0161ana no 38 l\u012bdz 51 cm (DIN slodze). Ier\u012bces savienojums: Posturomed 202 un compact S\u0113dek\u013ca spilvens \u00d8 38 cm, medic\u012bnisk\u0101 m\u0101ksl\u012bg\u0101 \u0101da gai\u0161i pel\u0113ka\" \/>\n<meta property=\"og:url\" content=\"https:\/\/staging.bioswing.ee\/lv\/toode\/bioswing-sitting-module\/\" \/>\n<meta property=\"og:site_name\" content=\"BIOSWING\" \/>\n<meta property=\"article:modified_time\" content=\"2024-11-28T10:19:46+00:00\" \/>\n<meta property=\"og:image\" content=\"https:\/\/bioswing.ee\/wp-content\/uploads\/2024\/11\/sitzmodul.jpg\" \/>\n\t<meta property=\"og:image:width\" content=\"1500\" \/>\n\t<meta property=\"og:image:height\" content=\"2000\" \/>\n\t<meta property=\"og:image:type\" content=\"image\/jpeg\" \/>\n<meta name=\"twitter:card\" content=\"summary_large_image\" \/>\n<script type=\"application\/ld+json\" class=\"yoast-schema-graph\">{\"@context\":\"https:\/\/schema.org\",\"@graph\":[{\"@type\":\"WebPage\",\"@id\":\"https:\/\/staging.bioswing.ee\/lv\/toode\/bioswing-sitting-module\/\",\"url\":\"https:\/\/staging.bioswing.ee\/lv\/toode\/bioswing-sitting-module\/\",\"name\":\"BIOSWING\u00ae s\u0113d\u0113\u0161anas modulis - BIOSWING\",\"isPartOf\":{\"@id\":\"https:\/\/staging.bioswing.ee\/lv\/#website\"},\"primaryImageOfPage\":{\"@id\":\"https:\/\/staging.bioswing.ee\/lv\/toode\/bioswing-sitting-module\/#primaryimage\"},\"image\":{\"@id\":\"https:\/\/staging.bioswing.ee\/lv\/toode\/bioswing-sitting-module\/#primaryimage\"},\"thumbnailUrl\":\"https:\/\/staging.bioswing.ee\/wp-content\/uploads\/2024\/11\/sitzmodul.jpg\",\"datePublished\":\"2024-11-18T13:22:42+00:00\",\"dateModified\":\"2024-11-28T10:19:46+00:00\",\"breadcrumb\":{\"@id\":\"https:\/\/staging.bioswing.ee\/lv\/toode\/bioswing-sitting-module\/#breadcrumb\"},\"inLanguage\":\"lv-LV\",\"potentialAction\":[{\"@type\":\"ReadAction\",\"target\":[\"https:\/\/staging.bioswing.ee\/lv\/toode\/bioswing-sitting-module\/\"]}]},{\"@type\":\"ImageObject\",\"inLanguage\":\"lv-LV\",\"@id\":\"https:\/\/staging.bioswing.ee\/lv\/toode\/bioswing-sitting-module\/#primaryimage\",\"url\":\"https:\/\/staging.bioswing.ee\/wp-content\/uploads\/2024\/11\/sitzmodul.jpg\",\"contentUrl\":\"https:\/\/staging.bioswing.ee\/wp-content\/uploads\/2024\/11\/sitzmodul.jpg\",\"width\":1500,\"height\":2000,\"caption\":\"BIOSWING\u00ae Sitzmodul\"},{\"@type\":\"BreadcrumbList\",\"@id\":\"https:\/\/staging.bioswing.ee\/lv\/toode\/bioswing-sitting-module\/#breadcrumb\",\"itemListElement\":[{\"@type\":\"ListItem\",\"position\":1,\"name\":\"Home\",\"item\":\"https:\/\/bioswing.ee\/lv\/\"},{\"@type\":\"ListItem\",\"position\":2,\"name\":\"Shop\",\"item\":\"https:\/\/bioswing.ee\/lv\/shop-2\/\"},{\"@type\":\"ListItem\",\"position\":3,\"name\":\"BIOSWING\u00ae s\u0113d\u0113\u0161anas modulis\"}]},{\"@type\":\"WebSite\",\"@id\":\"https:\/\/staging.bioswing.ee\/lv\/#website\",\"url\":\"https:\/\/staging.bioswing.ee\/lv\/\",\"name\":\"BIOSWING\",\"description\":\"Smart solutions for healthy sitting\",\"publisher\":{\"@id\":\"https:\/\/staging.bioswing.ee\/lv\/#organization\"},\"potentialAction\":[{\"@type\":\"SearchAction\",\"target\":{\"@type\":\"EntryPoint\",\"urlTemplate\":\"https:\/\/staging.bioswing.ee\/lv\/?s={search_term_string}\"},\"query-input\":{\"@type\":\"PropertyValueSpecification\",\"valueRequired\":true,\"valueName\":\"search_term_string\"}}],\"inLanguage\":\"lv-LV\"},{\"@type\":\"Organization\",\"@id\":\"https:\/\/staging.bioswing.ee\/lv\/#organization\",\"name\":\"BIOSWING\",\"url\":\"https:\/\/staging.bioswing.ee\/lv\/\",\"logo\":{\"@type\":\"ImageObject\",\"inLanguage\":\"lv-LV\",\"@id\":\"https:\/\/staging.bioswing.ee\/lv\/#\/schema\/logo\/image\/\",\"url\":\"https:\/\/staging.bioswing.ee\/wp-content\/uploads\/2023\/04\/logo_web.png\",\"contentUrl\":\"https:\/\/staging.bioswing.ee\/wp-content\/uploads\/2023\/04\/logo_web.png\",\"width\":140,\"height\":122,\"caption\":\"BIOSWING\"},\"image\":{\"@id\":\"https:\/\/staging.bioswing.ee\/lv\/#\/schema\/logo\/image\/\"}}]}<\/script>\n<!-- \/ Yoast SEO plugin. -->","yoast_head_json":{"title":"BIOSWING\u00ae s\u0113d\u0113\u0161anas modulis - BIOSWING","robots":{"index":"noindex","follow":"follow","max-snippet":"max-snippet:-1","max-image-preview":"max-image-preview:large","max-video-preview":"max-video-preview:-1"},"og_locale":"lv_LV","og_type":"article","og_title":"BIOSWING\u00ae s\u0113d\u0113\u0161anas modulis - BIOSWING","og_description":"Nodro\u0161ina stabiliz\u0101ciju s\u0113\u017eot, \u012bpa\u0161i pacientiem, kuri nesp\u0113j veikt atbilsto\u0161us vingrin\u0101jumus st\u0101vus. Nep\u0101rtraukti regul\u0113jams augstums. Augstuma regul\u0113\u0161ana no 38 l\u012bdz 51 cm (DIN slodze). Ier\u012bces savienojums: Posturomed 202 un compact S\u0113dek\u013ca spilvens \u00d8 38 cm, medic\u012bnisk\u0101 m\u0101ksl\u012bg\u0101 \u0101da gai\u0161i pel\u0113ka","og_url":"https:\/\/staging.bioswing.ee\/lv\/toode\/bioswing-sitting-module\/","og_site_name":"BIOSWING","article_modified_time":"2024-11-28T10:19:46+00:00","og_image":[{"width":1500,"height":2000,"url":"https:\/\/bioswing.ee\/wp-content\/uploads\/2024\/11\/sitzmodul.jpg","type":"image\/jpeg"}],"twitter_card":"summary_large_image","schema":{"@context":"https:\/\/schema.org","@graph":[{"@type":"WebPage","@id":"https:\/\/staging.bioswing.ee\/lv\/toode\/bioswing-sitting-module\/","url":"https:\/\/staging.bioswing.ee\/lv\/toode\/bioswing-sitting-module\/","name":"BIOSWING\u00ae s\u0113d\u0113\u0161anas modulis - BIOSWING","isPartOf":{"@id":"https:\/\/staging.bioswing.ee\/lv\/#website"},"primaryImageOfPage":{"@id":"https:\/\/staging.bioswing.ee\/lv\/toode\/bioswing-sitting-module\/#primaryimage"},"image":{"@id":"https:\/\/staging.bioswing.ee\/lv\/toode\/bioswing-sitting-module\/#primaryimage"},"thumbnailUrl":"https:\/\/staging.bioswing.ee\/wp-content\/uploads\/2024\/11\/sitzmodul.jpg","datePublished":"2024-11-18T13:22:42+00:00","dateModified":"2024-11-28T10:19:46+00:00","breadcrumb":{"@id":"https:\/\/staging.bioswing.ee\/lv\/toode\/bioswing-sitting-module\/#breadcrumb"},"inLanguage":"lv-LV","potentialAction":[{"@type":"ReadAction","target":["https:\/\/staging.bioswing.ee\/lv\/toode\/bioswing-sitting-module\/"]}]},{"@type":"ImageObject","inLanguage":"lv-LV","@id":"https:\/\/staging.bioswing.ee\/lv\/toode\/bioswing-sitting-module\/#primaryimage","url":"https:\/\/staging.bioswing.ee\/wp-content\/uploads\/2024\/11\/sitzmodul.jpg","contentUrl":"https:\/\/staging.bioswing.ee\/wp-content\/uploads\/2024\/11\/sitzmodul.jpg","width":1500,"height":2000,"caption":"BIOSWING\u00ae Sitzmodul"},{"@type":"BreadcrumbList","@id":"https:\/\/staging.bioswing.ee\/lv\/toode\/bioswing-sitting-module\/#breadcrumb","itemListElement":[{"@type":"ListItem","position":1,"name":"Home","item":"https:\/\/bioswing.ee\/lv\/"},{"@type":"ListItem","position":2,"name":"Shop","item":"https:\/\/bioswing.ee\/lv\/shop-2\/"},{"@type":"ListItem","position":3,"name":"BIOSWING\u00ae s\u0113d\u0113\u0161anas modulis"}]},{"@type":"WebSite","@id":"https:\/\/staging.bioswing.ee\/lv\/#website","url":"https:\/\/staging.bioswing.ee\/lv\/","name":"BIOSWING","description":"Smart solutions for healthy sitting","publisher":{"@id":"https:\/\/staging.bioswing.ee\/lv\/#organization"},"potentialAction":[{"@type":"SearchAction","target":{"@type":"EntryPoint","urlTemplate":"https:\/\/staging.bioswing.ee\/lv\/?s={search_term_string}"},"query-input":{"@type":"PropertyValueSpecification","valueRequired":true,"valueName":"search_term_string"}}],"inLanguage":"lv-LV"},{"@type":"Organization","@id":"https:\/\/staging.bioswing.ee\/lv\/#organization","name":"BIOSWING","url":"https:\/\/staging.bioswing.ee\/lv\/","logo":{"@type":"ImageObject","inLanguage":"lv-LV","@id":"https:\/\/staging.bioswing.ee\/lv\/#\/schema\/logo\/image\/","url":"https:\/\/staging.bioswing.ee\/wp-content\/uploads\/2023\/04\/logo_web.png","contentUrl":"https:\/\/staging.bioswing.ee\/wp-content\/uploads\/2023\/04\/logo_web.png","width":140,"height":122,"caption":"BIOSWING"},"image":{"@id":"https:\/\/staging.bioswing.ee\/lv\/#\/schema\/logo\/image\/"}}]}},"_links":{"self":[{"href":"https:\/\/staging.bioswing.ee\/lv\/wp-json\/wp\/v2\/product\/15668","targetHints":{"allow":["GET"]}}],"collection":[{"href":"https:\/\/staging.bioswing.ee\/lv\/wp-json\/wp\/v2\/product"}],"about":[{"href":"https:\/\/staging.bioswing.ee\/lv\/wp-json\/wp\/v2\/types\/product"}],"wp:featuredmedia":[{"embeddable":true,"href":"https:\/\/staging.bioswing.ee\/lv\/wp-json\/wp\/v2\/media\/14264"}],"wp:attachment":[{"href":"https:\/\/staging.bioswing.ee\/lv\/wp-json\/wp\/v2\/media?parent=15668"}],"wp:term":[{"taxonomy":"product_brand","embeddable":true,"href":"https:\/\/staging.bioswing.ee\/lv\/wp-json\/wp\/v2\/product_brand?post=15668"},{"taxonomy":"product_cat","embeddable":true,"href":"https:\/\/staging.bioswing.ee\/lv\/wp-json\/wp\/v2\/product_cat?post=15668"},{"taxonomy":"product_tag","embeddable":true,"href":"https:\/\/staging.bioswing.ee\/lv\/wp-json\/wp\/v2\/product_tag?post=15668"}],"curies":[{"name":"wp","href":"https:\/\/api.w.org\/{rel}","templated":true}]}}