{"id":18903,"date":"2024-12-02T09:13:45","date_gmt":"2024-12-02T09:13:45","guid":{"rendered":"https:\/\/staging.bioswing.ee\/toode\/bioswing-golf-performer-3-0\/"},"modified":"2024-12-05T10:13:02","modified_gmt":"2024-12-05T10:13:02","slug":"bioswing-golf-performer-3-0","status":"publish","type":"product","link":"https:\/\/staging.bioswing.ee\/lv\/toode\/bioswing-golf-performer-3-0\/","title":{"rendered":"BIOSWING\u00ae Golf Performer 3.0"},"content":{"rendered":"<div><iframe title=\"YouTube video player\" src=\"https:\/\/www.youtube.com\/embed\/VqFnX6sJnwY?si=Bfao19Eqq8l6ZFmY\" width=\"100%\" height=\"500\" frameborder=\"0\" allowfullscreen=\"allowfullscreen\"><\/iframe><\/div>\n<p><strong>\u0160\u016bpo\u0161anas meh\u0101nisms<\/strong><br \/>\u0160is ir BIOSWING\u00ae Golf Performer galvenais elements. Meh\u0101nisms nodro\u0161ina, ka st\u0101v\u0113\u0161anas platforma ir dinamiski uzst\u0101d\u012bta un tai ir divi atsevi\u0161\u0137i iesl\u0113dzami un izsl\u0113dzami \u0161\u016bpo\u0161an\u0101s cikli, k\u0101 ar\u012b savienojo\u0161ais meh\u0101nisms. \u0160\u016bpo\u0161an\u0101s ciklus var piln\u012bb\u0101 aptur\u0113t p\u0113c vajadz\u012bbas.<\/p>\n<p><strong>St\u0101v\u0113\u0161anas platforma<\/strong><br \/>BIOSWING\u00ae Golf Performer st\u0101v\u0113\u0161anas platforma ir p\u0101rkl\u0101ta ar augstas kvalit\u0101tes golfa m\u0101ksl\u012bg\u0101 z\u0101liena pakl\u0101ju, kas izgatavots no neilona. To var izmantot ar vis\u0101m standarta golfa kurp\u0113m, kur\u0101m ir m\u012bkstie radzi\u0146i vai plastmasas tapas. Platformas sl\u012bpuma le\u0146\u0137i var regul\u0113t divos l\u012bme\u0146os vis\u0101s \u010detr\u0101s as\u012bs l\u012bdz 7,5\u00b0, nodro\u0161inot optim\u0101lu treni\u0146u sl\u012bpumos gan fiks\u0113t\u0101, gan br\u012bvi kust\u012bg\u0101 platformas re\u017e\u012bm\u0101.<\/p>\n<p><strong>T\u012b b\u0101ze<\/strong><br \/>T\u012b b\u0101ze ir apr\u012bkota ar augstas kvalit\u0101tes \u201cfairway\u201d ieliktni, kas samazina n\u016bjas vibr\u0101ciju, ja tiek veikts neprec\u012bzs sitiens (fat shot). Pakl\u0101j\u0101 ir pieci padzi\u013cin\u0101ti tur\u0113t\u0101ji skr\u016bv\u0113jamajiem t\u012b. T\u012b b\u0101zes augstumu var regul\u0113t nep\u0101rtraukti \u2013 iesp\u0113jams gan palielin\u0101t, gan samazin\u0101t augstumu. T\u0101pat ir iesp\u0113jams piel\u0101got att\u0101lumu no st\u0101v\u0113\u0161anas platformas l\u012bdz t\u012b b\u0101zei, lai gan \u012bs\u0101ki, gan gar\u0101ki sp\u0113l\u0113t\u0101ji var\u0113tu atrast sev piem\u0113rotu konfigur\u0101ciju neatkar\u012bgi no t\u0101, vai vi\u0146i izmanto \u012bs\u0101s dzelzs n\u016bjas vai garos \u201cdriver\u201d. Liela bumbu grozs ir piestiprin\u0101ts tie\u0161i pie \u201cfairway\u201d pakl\u0101ja, \u013caujot bumbu pacelt ar n\u016bju. Papildus bumbu grozam ir tur\u0113t\u0101js, kur\u0101 var uzglab\u0101t l\u012bdz \u010detr\u0101m t\u012b.<\/p>\n<p><strong>Apak\u0161strukt\u016bra<\/strong><br \/>Apak\u0161strukt\u016bra atbalsta visu BIOSWING\u00ae Golf Performer un ir apr\u012bkota ar pneimatisk\u0101m riep\u0101m. Tas \u013cauj Golf Performer viegli p\u0101rvietot uz treni\u0146laukumu, izmantojot integr\u0113to rokturi.<br \/>Pateicoties div\u0101m regul\u0113jam\u0101m k\u0101j\u0101m aiz riep\u0101m, ier\u012bci var glab\u0101t ar\u012b vertik\u0101l\u0101 st\u0101vokl\u012b pret sienu.           <\/p>\n","protected":false},"excerpt":{"rendered":"<p>BIOSWING\u00ae Golf Performer ir sensomotoriska treni\u0146u ier\u012bce, kas paredz\u0113ta golfa specifisko kust\u012bbu mode\u013cu att\u012bst\u012b\u0161anai, ieskaitot garos un \u012bsos sitienus, k\u0101 ar\u012b sp\u0113li no sl\u012bpumiem. Ier\u012bce pied\u0101v\u0101 uzlabotu sensorisko atgriezenisko saiti.<br \/>Golf Performer ir balst\u012bts uz BIOSWING\u00ae Posturomed. BIOSWING Posturomed\u00ae tika laists tirg\u016b 1995. gad\u0101 k\u0101 pirmais sensomotorais terapijas apr\u012bkojums ar sl\u0101p\u0113t\u0101m un nestabil\u0101m \u0161\u016bpo\u0161an\u0101s kust\u012bb\u0101m. T\u0101 izstr\u0101de s\u0101k\u0101s 1980. gadu beig\u0101s cie\u0161\u0101 sadarb\u012bb\u0101 starp uz\u0146\u0113muma dibin\u0101t\u0101ju Eduardu Haideru, fizioterapeitiem ar praktisko un zin\u0101tnisko pieredzi, k\u0101 ar\u012b medic\u012bnas speci\u0101listiem.   <\/p>\n","protected":false},"featured_media":18849,"template":"","meta":[],"product_brand":[],"product_cat":[930],"product_tag":[],"class_list":{"0":"post-18903","1":"product","2":"type-product","3":"status-publish","4":"has-post-thumbnail","6":"product_cat-golf-performer-lv","8":"first","9":"instock","10":"taxable","11":"shipping-taxable","12":"purchasable","13":"product-type-simple"},"yoast_head":"<!-- This site is optimized with the Yoast SEO plugin v27.1.1 - https:\/\/yoast.com\/product\/yoast-seo-wordpress\/ -->\n<title>BIOSWING\u00ae Golf Performer 3.0 - BIOSWING<\/title>\n<meta name=\"robots\" content=\"noindex, follow, max-snippet:-1, max-image-preview:large, max-video-preview:-1\" \/>\n<meta property=\"og:locale\" content=\"lv_LV\" \/>\n<meta property=\"og:type\" content=\"article\" \/>\n<meta property=\"og:title\" content=\"BIOSWING\u00ae Golf Performer 3.0 - BIOSWING\" \/>\n<meta property=\"og:description\" content=\"BIOSWING\u00ae Golf Performer ir sensomotoriska treni\u0146u ier\u012bce, kas paredz\u0113ta golfa specifisko kust\u012bbu mode\u013cu att\u012bst\u012b\u0161anai, ieskaitot garos un \u012bsos sitienus, k\u0101 ar\u012b sp\u0113li no sl\u012bpumiem. Ier\u012bce pied\u0101v\u0101 uzlabotu sensorisko atgriezenisko saiti.Golf Performer ir balst\u012bts uz BIOSWING\u00ae Posturomed. BIOSWING Posturomed\u00ae tika laists tirg\u016b 1995. gad\u0101 k\u0101 pirmais sensomotorais terapijas apr\u012bkojums ar sl\u0101p\u0113t\u0101m un nestabil\u0101m \u0161\u016bpo\u0161an\u0101s kust\u012bb\u0101m. T\u0101 izstr\u0101de s\u0101k\u0101s 1980. gadu beig\u0101s cie\u0161\u0101 sadarb\u012bb\u0101 starp uz\u0146\u0113muma dibin\u0101t\u0101ju Eduardu Haideru, fizioterapeitiem ar praktisko un zin\u0101tnisko pieredzi, k\u0101 ar\u012b medic\u012bnas speci\u0101listiem.\" \/>\n<meta property=\"og:url\" content=\"https:\/\/staging.bioswing.ee\/lv\/toode\/bioswing-golf-performer-3-0\/\" \/>\n<meta property=\"og:site_name\" content=\"BIOSWING\" \/>\n<meta property=\"article:modified_time\" content=\"2024-12-05T10:13:02+00:00\" \/>\n<meta property=\"og:image\" content=\"https:\/\/bioswing.ee\/wp-content\/uploads\/2024\/12\/jon_taylor_perfomer_bearbeitet.jpg\" \/>\n\t<meta property=\"og:image:width\" content=\"1500\" \/>\n\t<meta property=\"og:image:height\" content=\"2000\" \/>\n\t<meta property=\"og:image:type\" content=\"image\/jpeg\" \/>\n<meta name=\"twitter:card\" content=\"summary_large_image\" \/>\n<meta name=\"twitter:label1\" content=\"Est. reading time\" \/>\n\t<meta name=\"twitter:data1\" content=\"2 minutes\" \/>\n<script type=\"application\/ld+json\" class=\"yoast-schema-graph\">{\"@context\":\"https:\/\/schema.org\",\"@graph\":[{\"@type\":\"WebPage\",\"@id\":\"https:\/\/staging.bioswing.ee\/lv\/toode\/bioswing-golf-performer-3-0\/\",\"url\":\"https:\/\/staging.bioswing.ee\/lv\/toode\/bioswing-golf-performer-3-0\/\",\"name\":\"BIOSWING\u00ae Golf Performer 3.0 - BIOSWING\",\"isPartOf\":{\"@id\":\"https:\/\/staging.bioswing.ee\/lv\/#website\"},\"primaryImageOfPage\":{\"@id\":\"https:\/\/staging.bioswing.ee\/lv\/toode\/bioswing-golf-performer-3-0\/#primaryimage\"},\"image\":{\"@id\":\"https:\/\/staging.bioswing.ee\/lv\/toode\/bioswing-golf-performer-3-0\/#primaryimage\"},\"thumbnailUrl\":\"https:\/\/staging.bioswing.ee\/wp-content\/uploads\/2024\/12\/jon_taylor_perfomer_bearbeitet.jpg\",\"datePublished\":\"2024-12-02T09:13:45+00:00\",\"dateModified\":\"2024-12-05T10:13:02+00:00\",\"breadcrumb\":{\"@id\":\"https:\/\/staging.bioswing.ee\/lv\/toode\/bioswing-golf-performer-3-0\/#breadcrumb\"},\"inLanguage\":\"lv-LV\",\"potentialAction\":[{\"@type\":\"ReadAction\",\"target\":[\"https:\/\/staging.bioswing.ee\/lv\/toode\/bioswing-golf-performer-3-0\/\"]}]},{\"@type\":\"ImageObject\",\"inLanguage\":\"lv-LV\",\"@id\":\"https:\/\/staging.bioswing.ee\/lv\/toode\/bioswing-golf-performer-3-0\/#primaryimage\",\"url\":\"https:\/\/staging.bioswing.ee\/wp-content\/uploads\/2024\/12\/jon_taylor_perfomer_bearbeitet.jpg\",\"contentUrl\":\"https:\/\/staging.bioswing.ee\/wp-content\/uploads\/2024\/12\/jon_taylor_perfomer_bearbeitet.jpg\",\"width\":1500,\"height\":2000,\"caption\":\"BIOSWING\u00ae Golf Performer\"},{\"@type\":\"BreadcrumbList\",\"@id\":\"https:\/\/staging.bioswing.ee\/lv\/toode\/bioswing-golf-performer-3-0\/#breadcrumb\",\"itemListElement\":[{\"@type\":\"ListItem\",\"position\":1,\"name\":\"Home\",\"item\":\"https:\/\/bioswing.ee\/lv\/\"},{\"@type\":\"ListItem\",\"position\":2,\"name\":\"Shop\",\"item\":\"https:\/\/bioswing.ee\/lv\/shop-2\/\"},{\"@type\":\"ListItem\",\"position\":3,\"name\":\"BIOSWING\u00ae Golf Performer 3.0\"}]},{\"@type\":\"WebSite\",\"@id\":\"https:\/\/staging.bioswing.ee\/lv\/#website\",\"url\":\"https:\/\/staging.bioswing.ee\/lv\/\",\"name\":\"BIOSWING\",\"description\":\"Smart solutions for healthy sitting\",\"publisher\":{\"@id\":\"https:\/\/staging.bioswing.ee\/lv\/#organization\"},\"potentialAction\":[{\"@type\":\"SearchAction\",\"target\":{\"@type\":\"EntryPoint\",\"urlTemplate\":\"https:\/\/staging.bioswing.ee\/lv\/?s={search_term_string}\"},\"query-input\":{\"@type\":\"PropertyValueSpecification\",\"valueRequired\":true,\"valueName\":\"search_term_string\"}}],\"inLanguage\":\"lv-LV\"},{\"@type\":\"Organization\",\"@id\":\"https:\/\/staging.bioswing.ee\/lv\/#organization\",\"name\":\"BIOSWING\",\"url\":\"https:\/\/staging.bioswing.ee\/lv\/\",\"logo\":{\"@type\":\"ImageObject\",\"inLanguage\":\"lv-LV\",\"@id\":\"https:\/\/staging.bioswing.ee\/lv\/#\/schema\/logo\/image\/\",\"url\":\"https:\/\/staging.bioswing.ee\/wp-content\/uploads\/2023\/04\/logo_web.png\",\"contentUrl\":\"https:\/\/staging.bioswing.ee\/wp-content\/uploads\/2023\/04\/logo_web.png\",\"width\":140,\"height\":122,\"caption\":\"BIOSWING\"},\"image\":{\"@id\":\"https:\/\/staging.bioswing.ee\/lv\/#\/schema\/logo\/image\/\"}}]}<\/script>\n<!-- \/ Yoast SEO plugin. -->","yoast_head_json":{"title":"BIOSWING\u00ae Golf Performer 3.0 - BIOSWING","robots":{"index":"noindex","follow":"follow","max-snippet":"max-snippet:-1","max-image-preview":"max-image-preview:large","max-video-preview":"max-video-preview:-1"},"og_locale":"lv_LV","og_type":"article","og_title":"BIOSWING\u00ae Golf Performer 3.0 - BIOSWING","og_description":"BIOSWING\u00ae Golf Performer ir sensomotoriska treni\u0146u ier\u012bce, kas paredz\u0113ta golfa specifisko kust\u012bbu mode\u013cu att\u012bst\u012b\u0161anai, ieskaitot garos un \u012bsos sitienus, k\u0101 ar\u012b sp\u0113li no sl\u012bpumiem. Ier\u012bce pied\u0101v\u0101 uzlabotu sensorisko atgriezenisko saiti.Golf Performer ir balst\u012bts uz BIOSWING\u00ae Posturomed. BIOSWING Posturomed\u00ae tika laists tirg\u016b 1995. gad\u0101 k\u0101 pirmais sensomotorais terapijas apr\u012bkojums ar sl\u0101p\u0113t\u0101m un nestabil\u0101m \u0161\u016bpo\u0161an\u0101s kust\u012bb\u0101m. T\u0101 izstr\u0101de s\u0101k\u0101s 1980. gadu beig\u0101s cie\u0161\u0101 sadarb\u012bb\u0101 starp uz\u0146\u0113muma dibin\u0101t\u0101ju Eduardu Haideru, fizioterapeitiem ar praktisko un zin\u0101tnisko pieredzi, k\u0101 ar\u012b medic\u012bnas speci\u0101listiem.","og_url":"https:\/\/staging.bioswing.ee\/lv\/toode\/bioswing-golf-performer-3-0\/","og_site_name":"BIOSWING","article_modified_time":"2024-12-05T10:13:02+00:00","og_image":[{"width":1500,"height":2000,"url":"https:\/\/bioswing.ee\/wp-content\/uploads\/2024\/12\/jon_taylor_perfomer_bearbeitet.jpg","type":"image\/jpeg"}],"twitter_card":"summary_large_image","twitter_misc":{"Est. reading time":"2 minutes"},"schema":{"@context":"https:\/\/schema.org","@graph":[{"@type":"WebPage","@id":"https:\/\/staging.bioswing.ee\/lv\/toode\/bioswing-golf-performer-3-0\/","url":"https:\/\/staging.bioswing.ee\/lv\/toode\/bioswing-golf-performer-3-0\/","name":"BIOSWING\u00ae Golf Performer 3.0 - BIOSWING","isPartOf":{"@id":"https:\/\/staging.bioswing.ee\/lv\/#website"},"primaryImageOfPage":{"@id":"https:\/\/staging.bioswing.ee\/lv\/toode\/bioswing-golf-performer-3-0\/#primaryimage"},"image":{"@id":"https:\/\/staging.bioswing.ee\/lv\/toode\/bioswing-golf-performer-3-0\/#primaryimage"},"thumbnailUrl":"https:\/\/staging.bioswing.ee\/wp-content\/uploads\/2024\/12\/jon_taylor_perfomer_bearbeitet.jpg","datePublished":"2024-12-02T09:13:45+00:00","dateModified":"2024-12-05T10:13:02+00:00","breadcrumb":{"@id":"https:\/\/staging.bioswing.ee\/lv\/toode\/bioswing-golf-performer-3-0\/#breadcrumb"},"inLanguage":"lv-LV","potentialAction":[{"@type":"ReadAction","target":["https:\/\/staging.bioswing.ee\/lv\/toode\/bioswing-golf-performer-3-0\/"]}]},{"@type":"ImageObject","inLanguage":"lv-LV","@id":"https:\/\/staging.bioswing.ee\/lv\/toode\/bioswing-golf-performer-3-0\/#primaryimage","url":"https:\/\/staging.bioswing.ee\/wp-content\/uploads\/2024\/12\/jon_taylor_perfomer_bearbeitet.jpg","contentUrl":"https:\/\/staging.bioswing.ee\/wp-content\/uploads\/2024\/12\/jon_taylor_perfomer_bearbeitet.jpg","width":1500,"height":2000,"caption":"BIOSWING\u00ae Golf Performer"},{"@type":"BreadcrumbList","@id":"https:\/\/staging.bioswing.ee\/lv\/toode\/bioswing-golf-performer-3-0\/#breadcrumb","itemListElement":[{"@type":"ListItem","position":1,"name":"Home","item":"https:\/\/bioswing.ee\/lv\/"},{"@type":"ListItem","position":2,"name":"Shop","item":"https:\/\/bioswing.ee\/lv\/shop-2\/"},{"@type":"ListItem","position":3,"name":"BIOSWING\u00ae Golf Performer 3.0"}]},{"@type":"WebSite","@id":"https:\/\/staging.bioswing.ee\/lv\/#website","url":"https:\/\/staging.bioswing.ee\/lv\/","name":"BIOSWING","description":"Smart solutions for healthy sitting","publisher":{"@id":"https:\/\/staging.bioswing.ee\/lv\/#organization"},"potentialAction":[{"@type":"SearchAction","target":{"@type":"EntryPoint","urlTemplate":"https:\/\/staging.bioswing.ee\/lv\/?s={search_term_string}"},"query-input":{"@type":"PropertyValueSpecification","valueRequired":true,"valueName":"search_term_string"}}],"inLanguage":"lv-LV"},{"@type":"Organization","@id":"https:\/\/staging.bioswing.ee\/lv\/#organization","name":"BIOSWING","url":"https:\/\/staging.bioswing.ee\/lv\/","logo":{"@type":"ImageObject","inLanguage":"lv-LV","@id":"https:\/\/staging.bioswing.ee\/lv\/#\/schema\/logo\/image\/","url":"https:\/\/staging.bioswing.ee\/wp-content\/uploads\/2023\/04\/logo_web.png","contentUrl":"https:\/\/staging.bioswing.ee\/wp-content\/uploads\/2023\/04\/logo_web.png","width":140,"height":122,"caption":"BIOSWING"},"image":{"@id":"https:\/\/staging.bioswing.ee\/lv\/#\/schema\/logo\/image\/"}}]}},"_links":{"self":[{"href":"https:\/\/staging.bioswing.ee\/lv\/wp-json\/wp\/v2\/product\/18903","targetHints":{"allow":["GET"]}}],"collection":[{"href":"https:\/\/staging.bioswing.ee\/lv\/wp-json\/wp\/v2\/product"}],"about":[{"href":"https:\/\/staging.bioswing.ee\/lv\/wp-json\/wp\/v2\/types\/product"}],"wp:featuredmedia":[{"embeddable":true,"href":"https:\/\/staging.bioswing.ee\/lv\/wp-json\/wp\/v2\/media\/18849"}],"wp:attachment":[{"href":"https:\/\/staging.bioswing.ee\/lv\/wp-json\/wp\/v2\/media?parent=18903"}],"wp:term":[{"taxonomy":"product_brand","embeddable":true,"href":"https:\/\/staging.bioswing.ee\/lv\/wp-json\/wp\/v2\/product_brand?post=18903"},{"taxonomy":"product_cat","embeddable":true,"href":"https:\/\/staging.bioswing.ee\/lv\/wp-json\/wp\/v2\/product_cat?post=18903"},{"taxonomy":"product_tag","embeddable":true,"href":"https:\/\/staging.bioswing.ee\/lv\/wp-json\/wp\/v2\/product_tag?post=18903"}],"curies":[{"name":"wp","href":"https:\/\/api.w.org\/{rel}","templated":true}]}}